{"id":21904,"date":"2024-05-19T14:57:36","date_gmt":"2024-05-19T14:57:36","guid":{"rendered":"https:\/\/joyasyasmin.com\/producto\/himmlisches-wundersames-jungfraeuliches-armband\/"},"modified":"2025-09-01T07:43:49","modified_gmt":"2025-09-01T07:43:49","slug":"himmlisches-wundersames-jungfraeuliches-armband","status":"publish","type":"product","link":"https:\/\/joyasyasmin.com\/de\/producto\/himmlisches-wundersames-jungfraeuliches-armband\/","title":{"rendered":"Himmlisches wundersames jungfr\u00e4uliches Armband"},"content":{"rendered":"","protected":false},"excerpt":{"rendered":"<p>Entdecken Sie unser exquisites Celestial Miraculous Virgin Armband, ein Schmuckst\u00fcck, das Zartheit, Spiritualit\u00e4t und zeitlose Eleganz vereint, um Ihrem Stil einen himmlischen Touch zu verleihen. Dieses Armband ist so konzipiert, dass es mit sechs zarten Perlen mit einem Durchmesser von 3 mm die Kette schm\u00fcckt und ein subtiles und charmantes St\u00fcck schafft, das Ihrem Handgelenk einen Hauch von Glanz verleiht. Seine L\u00e4nge von 16 cm und eine Verl\u00e4ngerung um 3 cm garantieren eine perfekte Passform f\u00fcr jede Handgelenksgr\u00f6\u00dfe und bieten Komfort und Vielseitigkeit.  <\/p>\n<p>In der Mitte dieses Armbands gl\u00e4nzt eine 1 x 14 mm gro\u00dfe Medaille der Wunderbaren Jungfrau, umgeben von brillanten Zirkonen, die dem St\u00fcck einen himmlischen Glanz verleihen. Die Medaille der Wundert\u00e4tigen Jungfrau, ein Symbol des Glaubens und des Schutzes, verleiht diesem Armband eine besondere Bedeutung und macht es perfekt f\u00fcr diejenigen, die eine spirituelle Verbindung in ihrem t\u00e4glichen Leben suchen. <\/p>\n","protected":false},"featured_media":21911,"comment_status":"open","ping_status":"closed","template":"","meta":{"_acf_changed":false,"_joinchat":[]},"product_brand":[],"product_cat":[1787],"product_tag":[],"class_list":{"0":"post-21904","1":"product","2":"type-product","3":"status-publish","4":"has-post-thumbnail","6":"product_cat-armbander","8":"first","9":"instock","10":"shipping-taxable","11":"purchasable","12":"product-type-variable"},"acf":[],"yoast_head":"<!-- This site is optimized with the Yoast SEO plugin v27.3 - https:\/\/yoast.com\/product\/yoast-seo-wordpress\/ -->\n<title>Himmlisches wundersames jungfr\u00e4uliches Armband - Yasmin<\/title>\n<meta name=\"description\" content=\"Die Medaille der Himmlischen Wundert\u00e4tigen Jungfrau, ein Symbol des Glaubens und des Schutzes, mit einer besonderen Bedeutung f\u00fcr diejenigen, die eine spirituelle Verbindung suchen.\" \/>\n<meta name=\"robots\" content=\"index, follow, max-snippet:-1, max-image-preview:large, max-video-preview:-1\" \/>\n<link rel=\"canonical\" href=\"https:\/\/joyasyasmin.com\/de\/producto\/himmlisches-wundersames-jungfraeuliches-armband\/\" \/>\n<meta property=\"og:locale\" content=\"de_DE\" \/>\n<meta property=\"og:title\" content=\"Himmlisches wundersames jungfr\u00e4uliches Armband - Yasmin\" \/>\n<meta property=\"og:description\" content=\"Die Medaille der Himmlischen Wundert\u00e4tigen Jungfrau, ein Symbol des Glaubens und des Schutzes, mit einer besonderen Bedeutung f\u00fcr diejenigen, die eine spirituelle Verbindung suchen.\" \/>\n<meta property=\"og:url\" content=\"https:\/\/joyasyasmin.com\/de\/producto\/himmlisches-wundersames-jungfraeuliches-armband\/\" \/>\n<meta property=\"og:site_name\" content=\"Yasmin\" \/>\n<meta property=\"article:publisher\" content=\"https:\/\/www.facebook.com\/Joyas-Yasmin-217664058934169\/\" \/>\n<meta property=\"article:modified_time\" content=\"2025-09-01T07:43:49+00:00\" \/>\n<meta property=\"og:image\" content=\"https:\/\/joyasyasmin.com\/wp-content\/uploads\/2024\/05\/pulsera-virgen-milagrosa-circonita-plata.jpg\" \/>\n\t<meta property=\"og:image:width\" content=\"1000\" \/>\n\t<meta property=\"og:image:height\" content=\"1000\" \/>\n\t<meta property=\"og:image:type\" content=\"image\/jpeg\" \/>\n<meta name=\"twitter:card\" content=\"summary_large_image\" \/>\n<script type=\"application\/ld+json\" class=\"yoast-schema-graph\">{\"@context\":\"https:\\\/\\\/schema.org\",\"@graph\":[{\"@type\":[\"WebPage\",\"ItemPage\"],\"@id\":\"https:\\\/\\\/joyasyasmin.com\\\/de\\\/producto\\\/himmlisches-wundersames-jungfraeuliches-armband\\\/\",\"url\":\"https:\\\/\\\/joyasyasmin.com\\\/de\\\/producto\\\/himmlisches-wundersames-jungfraeuliches-armband\\\/\",\"name\":\"Himmlisches wundersames jungfr\u00e4uliches Armband - Yasmin\",\"isPartOf\":{\"@id\":\"https:\\\/\\\/joyasyasmin.com\\\/de\\\/#website\"},\"primaryImageOfPage\":{\"@id\":\"https:\\\/\\\/joyasyasmin.com\\\/de\\\/producto\\\/himmlisches-wundersames-jungfraeuliches-armband\\\/#primaryimage\"},\"image\":{\"@id\":\"https:\\\/\\\/joyasyasmin.com\\\/de\\\/producto\\\/himmlisches-wundersames-jungfraeuliches-armband\\\/#primaryimage\"},\"thumbnailUrl\":\"https:\\\/\\\/joyasyasmin.com\\\/wp-content\\\/uploads\\\/2024\\\/05\\\/pulsera-virgen-milagrosa-circonita-plata.jpg\",\"datePublished\":\"2024-05-19T14:57:36+00:00\",\"dateModified\":\"2025-09-01T07:43:49+00:00\",\"description\":\"Die Medaille der Himmlischen Wundert\u00e4tigen Jungfrau, ein Symbol des Glaubens und des Schutzes, mit einer besonderen Bedeutung f\u00fcr diejenigen, die eine spirituelle Verbindung suchen.\",\"breadcrumb\":{\"@id\":\"https:\\\/\\\/joyasyasmin.com\\\/de\\\/producto\\\/himmlisches-wundersames-jungfraeuliches-armband\\\/#breadcrumb\"},\"inLanguage\":\"de\",\"potentialAction\":[{\"@type\":\"ReadAction\",\"target\":[\"https:\\\/\\\/joyasyasmin.com\\\/de\\\/producto\\\/himmlisches-wundersames-jungfraeuliches-armband\\\/\"]}]},{\"@type\":\"ImageObject\",\"inLanguage\":\"de\",\"@id\":\"https:\\\/\\\/joyasyasmin.com\\\/de\\\/producto\\\/himmlisches-wundersames-jungfraeuliches-armband\\\/#primaryimage\",\"url\":\"https:\\\/\\\/joyasyasmin.com\\\/wp-content\\\/uploads\\\/2024\\\/05\\\/pulsera-virgen-milagrosa-circonita-plata.jpg\",\"contentUrl\":\"https:\\\/\\\/joyasyasmin.com\\\/wp-content\\\/uploads\\\/2024\\\/05\\\/pulsera-virgen-milagrosa-circonita-plata.jpg\",\"width\":1000,\"height\":1000,\"caption\":\"Verkauf von Miraculous Virgin Armband mit 925 Sterling Silber Zirkonia\"},{\"@type\":\"BreadcrumbList\",\"@id\":\"https:\\\/\\\/joyasyasmin.com\\\/de\\\/producto\\\/himmlisches-wundersames-jungfraeuliches-armband\\\/#breadcrumb\",\"itemListElement\":[{\"@type\":\"ListItem\",\"position\":1,\"name\":\"Portada\",\"item\":\"https:\\\/\\\/joyasyasmin.com\\\/de\\\/heim\\\/\"},{\"@type\":\"ListItem\",\"position\":2,\"name\":\"Shop\",\"item\":\"https:\\\/\\\/joyasyasmin.com\\\/de\\\/shop\\\/\"},{\"@type\":\"ListItem\",\"position\":3,\"name\":\"Himmlisches wundersames jungfr\u00e4uliches Armband\"}]},{\"@type\":\"WebSite\",\"@id\":\"https:\\\/\\\/joyasyasmin.com\\\/de\\\/#website\",\"url\":\"https:\\\/\\\/joyasyasmin.com\\\/de\\\/\",\"name\":\"Yasmin\",\"description\":\"Joyer\u00eda de Plata 925 - Pendientes, pulseras, anillos, colgantes y m\u00e1s!\",\"publisher\":{\"@id\":\"https:\\\/\\\/joyasyasmin.com\\\/de\\\/#organization\"},\"potentialAction\":[{\"@type\":\"SearchAction\",\"target\":{\"@type\":\"EntryPoint\",\"urlTemplate\":\"https:\\\/\\\/joyasyasmin.com\\\/de\\\/?s={search_term_string}\"},\"query-input\":{\"@type\":\"PropertyValueSpecification\",\"valueRequired\":true,\"valueName\":\"search_term_string\"}}],\"inLanguage\":\"de\"},{\"@type\":\"Organization\",\"@id\":\"https:\\\/\\\/joyasyasmin.com\\\/de\\\/#organization\",\"name\":\"joyas yasmin\",\"url\":\"https:\\\/\\\/joyasyasmin.com\\\/de\\\/\",\"logo\":{\"@type\":\"ImageObject\",\"inLanguage\":\"de\",\"@id\":\"https:\\\/\\\/joyasyasmin.com\\\/de\\\/#\\\/schema\\\/logo\\\/image\\\/\",\"url\":\"https:\\\/\\\/joyasyasmin.com\\\/wp-content\\\/uploads\\\/2017\\\/06\\\/IMG-20200429-WA0051.jpg\",\"contentUrl\":\"https:\\\/\\\/joyasyasmin.com\\\/wp-content\\\/uploads\\\/2017\\\/06\\\/IMG-20200429-WA0051.jpg\",\"width\":1080,\"height\":545,\"caption\":\"joyas yasmin\"},\"image\":{\"@id\":\"https:\\\/\\\/joyasyasmin.com\\\/de\\\/#\\\/schema\\\/logo\\\/image\\\/\"},\"sameAs\":[\"https:\\\/\\\/www.facebook.com\\\/Joyas-Yasmin-217664058934169\\\/\",\"https:\\\/\\\/www.instagram.com\\\/invites\\\/contact\\\/\"]}]}<\/script>\n<!-- \/ Yoast SEO plugin. -->","yoast_head_json":{"title":"Himmlisches wundersames jungfr\u00e4uliches Armband - Yasmin","description":"Die Medaille der Himmlischen Wundert\u00e4tigen Jungfrau, ein Symbol des Glaubens und des Schutzes, mit einer besonderen Bedeutung f\u00fcr diejenigen, die eine spirituelle Verbindung suchen.","robots":{"index":"index","follow":"follow","max-snippet":"max-snippet:-1","max-image-preview":"max-image-preview:large","max-video-preview":"max-video-preview:-1"},"canonical":"https:\/\/joyasyasmin.com\/de\/producto\/himmlisches-wundersames-jungfraeuliches-armband\/","og_locale":"de_DE","og_title":"Himmlisches wundersames jungfr\u00e4uliches Armband - Yasmin","og_description":"Die Medaille der Himmlischen Wundert\u00e4tigen Jungfrau, ein Symbol des Glaubens und des Schutzes, mit einer besonderen Bedeutung f\u00fcr diejenigen, die eine spirituelle Verbindung suchen.","og_url":"https:\/\/joyasyasmin.com\/de\/producto\/himmlisches-wundersames-jungfraeuliches-armband\/","og_site_name":"Yasmin","article_publisher":"https:\/\/www.facebook.com\/Joyas-Yasmin-217664058934169\/","article_modified_time":"2025-09-01T07:43:49+00:00","og_image":[{"width":1000,"height":1000,"url":"https:\/\/joyasyasmin.com\/wp-content\/uploads\/2024\/05\/pulsera-virgen-milagrosa-circonita-plata.jpg","type":"image\/jpeg"}],"twitter_card":"summary_large_image","schema":{"@context":"https:\/\/schema.org","@graph":[{"@type":["WebPage","ItemPage"],"@id":"https:\/\/joyasyasmin.com\/de\/producto\/himmlisches-wundersames-jungfraeuliches-armband\/","url":"https:\/\/joyasyasmin.com\/de\/producto\/himmlisches-wundersames-jungfraeuliches-armband\/","name":"Himmlisches wundersames jungfr\u00e4uliches Armband - Yasmin","isPartOf":{"@id":"https:\/\/joyasyasmin.com\/de\/#website"},"primaryImageOfPage":{"@id":"https:\/\/joyasyasmin.com\/de\/producto\/himmlisches-wundersames-jungfraeuliches-armband\/#primaryimage"},"image":{"@id":"https:\/\/joyasyasmin.com\/de\/producto\/himmlisches-wundersames-jungfraeuliches-armband\/#primaryimage"},"thumbnailUrl":"https:\/\/joyasyasmin.com\/wp-content\/uploads\/2024\/05\/pulsera-virgen-milagrosa-circonita-plata.jpg","datePublished":"2024-05-19T14:57:36+00:00","dateModified":"2025-09-01T07:43:49+00:00","description":"Die Medaille der Himmlischen Wundert\u00e4tigen Jungfrau, ein Symbol des Glaubens und des Schutzes, mit einer besonderen Bedeutung f\u00fcr diejenigen, die eine spirituelle Verbindung suchen.","breadcrumb":{"@id":"https:\/\/joyasyasmin.com\/de\/producto\/himmlisches-wundersames-jungfraeuliches-armband\/#breadcrumb"},"inLanguage":"de","potentialAction":[{"@type":"ReadAction","target":["https:\/\/joyasyasmin.com\/de\/producto\/himmlisches-wundersames-jungfraeuliches-armband\/"]}]},{"@type":"ImageObject","inLanguage":"de","@id":"https:\/\/joyasyasmin.com\/de\/producto\/himmlisches-wundersames-jungfraeuliches-armband\/#primaryimage","url":"https:\/\/joyasyasmin.com\/wp-content\/uploads\/2024\/05\/pulsera-virgen-milagrosa-circonita-plata.jpg","contentUrl":"https:\/\/joyasyasmin.com\/wp-content\/uploads\/2024\/05\/pulsera-virgen-milagrosa-circonita-plata.jpg","width":1000,"height":1000,"caption":"Verkauf von Miraculous Virgin Armband mit 925 Sterling Silber Zirkonia"},{"@type":"BreadcrumbList","@id":"https:\/\/joyasyasmin.com\/de\/producto\/himmlisches-wundersames-jungfraeuliches-armband\/#breadcrumb","itemListElement":[{"@type":"ListItem","position":1,"name":"Portada","item":"https:\/\/joyasyasmin.com\/de\/heim\/"},{"@type":"ListItem","position":2,"name":"Shop","item":"https:\/\/joyasyasmin.com\/de\/shop\/"},{"@type":"ListItem","position":3,"name":"Himmlisches wundersames jungfr\u00e4uliches Armband"}]},{"@type":"WebSite","@id":"https:\/\/joyasyasmin.com\/de\/#website","url":"https:\/\/joyasyasmin.com\/de\/","name":"Yasmin","description":"Joyer\u00eda de Plata 925 - Pendientes, pulseras, anillos, colgantes y m\u00e1s!","publisher":{"@id":"https:\/\/joyasyasmin.com\/de\/#organization"},"potentialAction":[{"@type":"SearchAction","target":{"@type":"EntryPoint","urlTemplate":"https:\/\/joyasyasmin.com\/de\/?s={search_term_string}"},"query-input":{"@type":"PropertyValueSpecification","valueRequired":true,"valueName":"search_term_string"}}],"inLanguage":"de"},{"@type":"Organization","@id":"https:\/\/joyasyasmin.com\/de\/#organization","name":"joyas yasmin","url":"https:\/\/joyasyasmin.com\/de\/","logo":{"@type":"ImageObject","inLanguage":"de","@id":"https:\/\/joyasyasmin.com\/de\/#\/schema\/logo\/image\/","url":"https:\/\/joyasyasmin.com\/wp-content\/uploads\/2017\/06\/IMG-20200429-WA0051.jpg","contentUrl":"https:\/\/joyasyasmin.com\/wp-content\/uploads\/2017\/06\/IMG-20200429-WA0051.jpg","width":1080,"height":545,"caption":"joyas yasmin"},"image":{"@id":"https:\/\/joyasyasmin.com\/de\/#\/schema\/logo\/image\/"},"sameAs":["https:\/\/www.facebook.com\/Joyas-Yasmin-217664058934169\/","https:\/\/www.instagram.com\/invites\/contact\/"]}]}},"_links":{"self":[{"href":"https:\/\/joyasyasmin.com\/de\/wp-json\/wp\/v2\/product\/21904","targetHints":{"allow":["GET"]}}],"collection":[{"href":"https:\/\/joyasyasmin.com\/de\/wp-json\/wp\/v2\/product"}],"about":[{"href":"https:\/\/joyasyasmin.com\/de\/wp-json\/wp\/v2\/types\/product"}],"replies":[{"embeddable":true,"href":"https:\/\/joyasyasmin.com\/de\/wp-json\/wp\/v2\/comments?post=21904"}],"version-history":[{"count":1,"href":"https:\/\/joyasyasmin.com\/de\/wp-json\/wp\/v2\/product\/21904\/revisions"}],"predecessor-version":[{"id":34551,"href":"https:\/\/joyasyasmin.com\/de\/wp-json\/wp\/v2\/product\/21904\/revisions\/34551"}],"wp:featuredmedia":[{"embeddable":true,"href":"https:\/\/joyasyasmin.com\/de\/wp-json\/wp\/v2\/media\/21911"}],"wp:attachment":[{"href":"https:\/\/joyasyasmin.com\/de\/wp-json\/wp\/v2\/media?parent=21904"}],"wp:term":[{"taxonomy":"product_brand","embeddable":true,"href":"https:\/\/joyasyasmin.com\/de\/wp-json\/wp\/v2\/product_brand?post=21904"},{"taxonomy":"product_cat","embeddable":true,"href":"https:\/\/joyasyasmin.com\/de\/wp-json\/wp\/v2\/product_cat?post=21904"},{"taxonomy":"product_tag","embeddable":true,"href":"https:\/\/joyasyasmin.com\/de\/wp-json\/wp\/v2\/product_tag?post=21904"}],"curies":[{"name":"wp","href":"https:\/\/api.w.org\/{rel}","templated":true}]}}