{"id":21942,"date":"2024-05-19T20:16:10","date_gmt":"2024-05-19T20:16:10","guid":{"rendered":"https:\/\/joyasyasmin.com\/producto\/hexenknoten-halsband\/"},"modified":"2025-11-10T11:31:09","modified_gmt":"2025-11-10T11:31:09","slug":"hexenknoten-halsband","status":"publish","type":"product","link":"https:\/\/joyasyasmin.com\/de\/producto\/hexenknoten-halsband\/","title":{"rendered":"Hexenknoten-Halsband"},"content":{"rendered":"","protected":false},"excerpt":{"rendered":"<p>Entdecken Sie unser bezauberndes Witch&#8217;s Knot Choker, ein St\u00fcck, das Raffinesse und tiefe Bedeutung kombiniert, um Ihren Stil mit einem Hauch von Magie zu veredeln. Dieses Halsband ist sorgf\u00e4ltig mit einer zarten Kette versehen, die mit kleinen Kugeln von 2,5 mm Durchmesser verziert ist, die Ihrem Hals einen subtilen Glanz verleihen. Mit einer L\u00e4nge von 40 cm plus einer Verl\u00e4ngerung von 3 cm passt sich dieses Schmuckst\u00fcck perfekt an jedes Dekollet\u00e9 an und bietet unvergleichlichen Komfort und Vielseitigkeit in der Anwendung.  <\/p>\n<p>In der Mitte dieses exquisiten Halsbandes gl\u00e4nzt ein 15 mm gro\u00dfer Hexenknoten aus 925er Sterlingsilber, ein Symbol f\u00fcr Schutz und Macht. Der Hexenknoten, auch Hexenknoten genannt, hat seine Wurzeln in alten Traditionen und wird f\u00fcr seine F\u00e4higkeit gesch\u00e4tzt, vor negativen Energien zu sch\u00fctzen und gute Schwingungen anzuziehen. Es wird angenommen, dass dieses Amulett die Geheimnisse und Weisheiten der Vorfahren birgt und zu einem m\u00e4chtigen und bedeutungsvollen Gegenstand wird, der den Tr\u00e4ger nicht nur schm\u00fcckt, sondern auch sch\u00fctzt.  <\/p>\n","protected":false},"featured_media":21950,"comment_status":"open","ping_status":"closed","template":"","meta":{"_acf_changed":false,"_joinchat":[]},"product_brand":[],"product_cat":[1869],"product_tag":[],"class_list":{"0":"post-21942","1":"product","2":"type-product","3":"status-publish","4":"has-post-thumbnail","6":"product_cat-halsketten-de","8":"first","9":"instock","10":"shipping-taxable","11":"purchasable","12":"product-type-simple"},"acf":[],"yoast_head":"<!-- This site is optimized with the Yoast SEO plugin v27.2 - https:\/\/yoast.com\/product\/yoast-seo-wordpress\/ -->\n<title>Hexenknoten-Halsband - Yasmin<\/title>\n<meta name=\"description\" content=\"Das Hexenknoten-Halsband ist ein Symbol f\u00fcr Schutz und Macht. Sch\u00fctzen Sie sich vor negativen Energien und ziehen Sie gute Schwingungen an. 925er Silber.\" \/>\n<meta name=\"robots\" content=\"index, follow, max-snippet:-1, max-image-preview:large, max-video-preview:-1\" \/>\n<link rel=\"canonical\" href=\"https:\/\/joyasyasmin.com\/de\/producto\/hexenknoten-halsband\/\" \/>\n<meta property=\"og:locale\" content=\"de_DE\" \/>\n<meta property=\"og:title\" content=\"Hexenknoten-Halsband - Yasmin\" \/>\n<meta property=\"og:description\" content=\"Das Hexenknoten-Halsband ist ein Symbol f\u00fcr Schutz und Macht. Sch\u00fctzen Sie sich vor negativen Energien und ziehen Sie gute Schwingungen an. 925er Silber.\" \/>\n<meta property=\"og:url\" content=\"https:\/\/joyasyasmin.com\/de\/producto\/hexenknoten-halsband\/\" \/>\n<meta property=\"og:site_name\" content=\"Yasmin\" \/>\n<meta property=\"article:publisher\" content=\"https:\/\/www.facebook.com\/Joyas-Yasmin-217664058934169\/\" \/>\n<meta property=\"article:modified_time\" content=\"2025-11-10T11:31:09+00:00\" \/>\n<meta property=\"og:image\" content=\"https:\/\/joyasyasmin.com\/wp-content\/uploads\/2024\/05\/gargantilla-nudo-de-bruja.jpg\" \/>\n\t<meta property=\"og:image:width\" content=\"1000\" \/>\n\t<meta property=\"og:image:height\" content=\"1000\" \/>\n\t<meta property=\"og:image:type\" content=\"image\/jpeg\" \/>\n<meta name=\"twitter:card\" content=\"summary_large_image\" \/>\n<script type=\"application\/ld+json\" class=\"yoast-schema-graph\">{\"@context\":\"https:\/\/schema.org\",\"@graph\":[{\"@type\":[\"WebPage\",\"ItemPage\"],\"@id\":\"https:\/\/joyasyasmin.com\/de\/producto\/hexenknoten-halsband\/\",\"url\":\"https:\/\/joyasyasmin.com\/de\/producto\/hexenknoten-halsband\/\",\"name\":\"Hexenknoten-Halsband - Yasmin\",\"isPartOf\":{\"@id\":\"https:\/\/joyasyasmin.com\/de\/#website\"},\"primaryImageOfPage\":{\"@id\":\"https:\/\/joyasyasmin.com\/de\/producto\/hexenknoten-halsband\/#primaryimage\"},\"image\":{\"@id\":\"https:\/\/joyasyasmin.com\/de\/producto\/hexenknoten-halsband\/#primaryimage\"},\"thumbnailUrl\":\"https:\/\/joyasyasmin.com\/wp-content\/uploads\/2024\/05\/gargantilla-nudo-de-bruja.jpg\",\"datePublished\":\"2024-05-19T20:16:10+00:00\",\"dateModified\":\"2025-11-10T11:31:09+00:00\",\"description\":\"Das Hexenknoten-Halsband ist ein Symbol f\u00fcr Schutz und Macht. Sch\u00fctzen Sie sich vor negativen Energien und ziehen Sie gute Schwingungen an. 925er Silber.\",\"breadcrumb\":{\"@id\":\"https:\/\/joyasyasmin.com\/de\/producto\/hexenknoten-halsband\/#breadcrumb\"},\"inLanguage\":\"de\",\"potentialAction\":[{\"@type\":\"ReadAction\",\"target\":[\"https:\/\/joyasyasmin.com\/de\/producto\/hexenknoten-halsband\/\"]}]},{\"@type\":\"ImageObject\",\"inLanguage\":\"de\",\"@id\":\"https:\/\/joyasyasmin.com\/de\/producto\/hexenknoten-halsband\/#primaryimage\",\"url\":\"https:\/\/joyasyasmin.com\/wp-content\/uploads\/2024\/05\/gargantilla-nudo-de-bruja.jpg\",\"contentUrl\":\"https:\/\/joyasyasmin.com\/wp-content\/uploads\/2024\/05\/gargantilla-nudo-de-bruja.jpg\",\"width\":1000,\"height\":1000,\"caption\":\"925 Sterling Silber Hexenknoten Gagantilla Verkauf\"},{\"@type\":\"BreadcrumbList\",\"@id\":\"https:\/\/joyasyasmin.com\/de\/producto\/hexenknoten-halsband\/#breadcrumb\",\"itemListElement\":[{\"@type\":\"ListItem\",\"position\":1,\"name\":\"Portada\",\"item\":\"https:\/\/joyasyasmin.com\/de\/heim\/\"},{\"@type\":\"ListItem\",\"position\":2,\"name\":\"Shop\",\"item\":\"https:\/\/joyasyasmin.com\/de\/shop\/\"},{\"@type\":\"ListItem\",\"position\":3,\"name\":\"Hexenknoten-Halsband\"}]},{\"@type\":\"WebSite\",\"@id\":\"https:\/\/joyasyasmin.com\/de\/#website\",\"url\":\"https:\/\/joyasyasmin.com\/de\/\",\"name\":\"Yasmin\",\"description\":\"Joyer\u00eda de Plata 925 - Pendientes, pulseras, anillos, colgantes y m\u00e1s!\",\"publisher\":{\"@id\":\"https:\/\/joyasyasmin.com\/de\/#organization\"},\"potentialAction\":[{\"@type\":\"SearchAction\",\"target\":{\"@type\":\"EntryPoint\",\"urlTemplate\":\"https:\/\/joyasyasmin.com\/de\/?s={search_term_string}\"},\"query-input\":{\"@type\":\"PropertyValueSpecification\",\"valueRequired\":true,\"valueName\":\"search_term_string\"}}],\"inLanguage\":\"de\"},{\"@type\":\"Organization\",\"@id\":\"https:\/\/joyasyasmin.com\/de\/#organization\",\"name\":\"joyas yasmin\",\"url\":\"https:\/\/joyasyasmin.com\/de\/\",\"logo\":{\"@type\":\"ImageObject\",\"inLanguage\":\"de\",\"@id\":\"https:\/\/joyasyasmin.com\/de\/#\/schema\/logo\/image\/\",\"url\":\"https:\/\/joyasyasmin.com\/wp-content\/uploads\/2017\/06\/IMG-20200429-WA0051.jpg\",\"contentUrl\":\"https:\/\/joyasyasmin.com\/wp-content\/uploads\/2017\/06\/IMG-20200429-WA0051.jpg\",\"width\":1080,\"height\":545,\"caption\":\"joyas yasmin\"},\"image\":{\"@id\":\"https:\/\/joyasyasmin.com\/de\/#\/schema\/logo\/image\/\"},\"sameAs\":[\"https:\/\/www.facebook.com\/Joyas-Yasmin-217664058934169\/\",\"https:\/\/www.instagram.com\/invites\/contact\/\"]}]}<\/script>\n<!-- \/ Yoast SEO plugin. -->","yoast_head_json":{"title":"Hexenknoten-Halsband - Yasmin","description":"Das Hexenknoten-Halsband ist ein Symbol f\u00fcr Schutz und Macht. Sch\u00fctzen Sie sich vor negativen Energien und ziehen Sie gute Schwingungen an. 925er Silber.","robots":{"index":"index","follow":"follow","max-snippet":"max-snippet:-1","max-image-preview":"max-image-preview:large","max-video-preview":"max-video-preview:-1"},"canonical":"https:\/\/joyasyasmin.com\/de\/producto\/hexenknoten-halsband\/","og_locale":"de_DE","og_title":"Hexenknoten-Halsband - Yasmin","og_description":"Das Hexenknoten-Halsband ist ein Symbol f\u00fcr Schutz und Macht. Sch\u00fctzen Sie sich vor negativen Energien und ziehen Sie gute Schwingungen an. 925er Silber.","og_url":"https:\/\/joyasyasmin.com\/de\/producto\/hexenknoten-halsband\/","og_site_name":"Yasmin","article_publisher":"https:\/\/www.facebook.com\/Joyas-Yasmin-217664058934169\/","article_modified_time":"2025-11-10T11:31:09+00:00","og_image":[{"width":1000,"height":1000,"url":"https:\/\/joyasyasmin.com\/wp-content\/uploads\/2024\/05\/gargantilla-nudo-de-bruja.jpg","type":"image\/jpeg"}],"twitter_card":"summary_large_image","schema":{"@context":"https:\/\/schema.org","@graph":[{"@type":["WebPage","ItemPage"],"@id":"https:\/\/joyasyasmin.com\/de\/producto\/hexenknoten-halsband\/","url":"https:\/\/joyasyasmin.com\/de\/producto\/hexenknoten-halsband\/","name":"Hexenknoten-Halsband - Yasmin","isPartOf":{"@id":"https:\/\/joyasyasmin.com\/de\/#website"},"primaryImageOfPage":{"@id":"https:\/\/joyasyasmin.com\/de\/producto\/hexenknoten-halsband\/#primaryimage"},"image":{"@id":"https:\/\/joyasyasmin.com\/de\/producto\/hexenknoten-halsband\/#primaryimage"},"thumbnailUrl":"https:\/\/joyasyasmin.com\/wp-content\/uploads\/2024\/05\/gargantilla-nudo-de-bruja.jpg","datePublished":"2024-05-19T20:16:10+00:00","dateModified":"2025-11-10T11:31:09+00:00","description":"Das Hexenknoten-Halsband ist ein Symbol f\u00fcr Schutz und Macht. Sch\u00fctzen Sie sich vor negativen Energien und ziehen Sie gute Schwingungen an. 925er Silber.","breadcrumb":{"@id":"https:\/\/joyasyasmin.com\/de\/producto\/hexenknoten-halsband\/#breadcrumb"},"inLanguage":"de","potentialAction":[{"@type":"ReadAction","target":["https:\/\/joyasyasmin.com\/de\/producto\/hexenknoten-halsband\/"]}]},{"@type":"ImageObject","inLanguage":"de","@id":"https:\/\/joyasyasmin.com\/de\/producto\/hexenknoten-halsband\/#primaryimage","url":"https:\/\/joyasyasmin.com\/wp-content\/uploads\/2024\/05\/gargantilla-nudo-de-bruja.jpg","contentUrl":"https:\/\/joyasyasmin.com\/wp-content\/uploads\/2024\/05\/gargantilla-nudo-de-bruja.jpg","width":1000,"height":1000,"caption":"925 Sterling Silber Hexenknoten Gagantilla Verkauf"},{"@type":"BreadcrumbList","@id":"https:\/\/joyasyasmin.com\/de\/producto\/hexenknoten-halsband\/#breadcrumb","itemListElement":[{"@type":"ListItem","position":1,"name":"Portada","item":"https:\/\/joyasyasmin.com\/de\/heim\/"},{"@type":"ListItem","position":2,"name":"Shop","item":"https:\/\/joyasyasmin.com\/de\/shop\/"},{"@type":"ListItem","position":3,"name":"Hexenknoten-Halsband"}]},{"@type":"WebSite","@id":"https:\/\/joyasyasmin.com\/de\/#website","url":"https:\/\/joyasyasmin.com\/de\/","name":"Yasmin","description":"Joyer\u00eda de Plata 925 - Pendientes, pulseras, anillos, colgantes y m\u00e1s!","publisher":{"@id":"https:\/\/joyasyasmin.com\/de\/#organization"},"potentialAction":[{"@type":"SearchAction","target":{"@type":"EntryPoint","urlTemplate":"https:\/\/joyasyasmin.com\/de\/?s={search_term_string}"},"query-input":{"@type":"PropertyValueSpecification","valueRequired":true,"valueName":"search_term_string"}}],"inLanguage":"de"},{"@type":"Organization","@id":"https:\/\/joyasyasmin.com\/de\/#organization","name":"joyas yasmin","url":"https:\/\/joyasyasmin.com\/de\/","logo":{"@type":"ImageObject","inLanguage":"de","@id":"https:\/\/joyasyasmin.com\/de\/#\/schema\/logo\/image\/","url":"https:\/\/joyasyasmin.com\/wp-content\/uploads\/2017\/06\/IMG-20200429-WA0051.jpg","contentUrl":"https:\/\/joyasyasmin.com\/wp-content\/uploads\/2017\/06\/IMG-20200429-WA0051.jpg","width":1080,"height":545,"caption":"joyas yasmin"},"image":{"@id":"https:\/\/joyasyasmin.com\/de\/#\/schema\/logo\/image\/"},"sameAs":["https:\/\/www.facebook.com\/Joyas-Yasmin-217664058934169\/","https:\/\/www.instagram.com\/invites\/contact\/"]}]}},"_links":{"self":[{"href":"https:\/\/joyasyasmin.com\/de\/wp-json\/wp\/v2\/product\/21942","targetHints":{"allow":["GET"]}}],"collection":[{"href":"https:\/\/joyasyasmin.com\/de\/wp-json\/wp\/v2\/product"}],"about":[{"href":"https:\/\/joyasyasmin.com\/de\/wp-json\/wp\/v2\/types\/product"}],"replies":[{"embeddable":true,"href":"https:\/\/joyasyasmin.com\/de\/wp-json\/wp\/v2\/comments?post=21942"}],"version-history":[{"count":2,"href":"https:\/\/joyasyasmin.com\/de\/wp-json\/wp\/v2\/product\/21942\/revisions"}],"predecessor-version":[{"id":32455,"href":"https:\/\/joyasyasmin.com\/de\/wp-json\/wp\/v2\/product\/21942\/revisions\/32455"}],"wp:featuredmedia":[{"embeddable":true,"href":"https:\/\/joyasyasmin.com\/de\/wp-json\/wp\/v2\/media\/21950"}],"wp:attachment":[{"href":"https:\/\/joyasyasmin.com\/de\/wp-json\/wp\/v2\/media?parent=21942"}],"wp:term":[{"taxonomy":"product_brand","embeddable":true,"href":"https:\/\/joyasyasmin.com\/de\/wp-json\/wp\/v2\/product_brand?post=21942"},{"taxonomy":"product_cat","embeddable":true,"href":"https:\/\/joyasyasmin.com\/de\/wp-json\/wp\/v2\/product_cat?post=21942"},{"taxonomy":"product_tag","embeddable":true,"href":"https:\/\/joyasyasmin.com\/de\/wp-json\/wp\/v2\/product_tag?post=21942"}],"curies":[{"name":"wp","href":"https:\/\/api.w.org\/{rel}","templated":true}]}}