{"id":21956,"date":"2024-05-21T14:23:09","date_gmt":"2024-05-21T14:23:09","guid":{"rendered":"https:\/\/joyasyasmin.com\/producto\/vertraeumtes-solitaer\/"},"modified":"2024-05-21T14:23:09","modified_gmt":"2024-05-21T14:23:09","slug":"vertraeumtes-solitaer","status":"publish","type":"product","link":"https:\/\/joyasyasmin.com\/de\/producto\/vertraeumtes-solitaer\/","title":{"rendered":"Vertr\u00e4umtes Solit\u00e4r"},"content":{"rendered":"","protected":false},"excerpt":{"rendered":"<p>Entdecken Sie Eleganz und Raffinesse in jedem Detail mit diesem exquisiten Dreamer Solit\u00e4r aus 925er Sterlingsilber, verziert mit Zirkonias. Dieser Ring wurde entwickelt, um Sch\u00f6nheit und Glanz bei jeder Gelegenheit hervorzuheben und ist das perfekte St\u00fcck, um Ihren pers\u00f6nlichen Stil zu erg\u00e4nzen oder einen geliebten Menschen mit einem unvergesslichen Geschenk zu \u00fcberraschen. Der Ring ist sorgf\u00e4ltig aus 925er Sterlingsilber gefertigt, einer Legierung, die f\u00fcr ihre Haltbarkeit und ihren Glanz bekannt ist und ein St\u00fcck garantiert, das den Test der Zeit bestehen wird. Zirkonias, Steine, die f\u00fcr ihre beeindruckende \u00c4hnlichkeit mit Diamanten bekannt sind, verleihen ihnen einen Hauch von Glamour und Raffinesse. Jedes Zirkonoxid wurde sorgf\u00e4ltig ausgew\u00e4hlt und pr\u00e4zise platziert, um seine Helligkeit und Lichtreflexion zu maximieren. Die Anordnung der Zirkone auf dem Ring folgt einem eleganten Muster, das bei jeder Bewegung der Hand ein sch\u00f6nes Funkeln hinzuf\u00fcgt. <\/p>\n","protected":false},"featured_media":21963,"comment_status":"open","ping_status":"closed","template":"","meta":{"_acf_changed":false,"_joinchat":[]},"product_brand":[],"product_cat":[1850],"product_tag":[],"class_list":{"0":"post-21956","1":"product","2":"type-product","3":"status-publish","4":"has-post-thumbnail","6":"product_cat-ringe-ringe","8":"first","9":"instock","10":"shipping-taxable","11":"purchasable","12":"product-type-variable"},"acf":[],"yoast_head":"<!-- This site is optimized with the Yoast SEO plugin v27.3 - https:\/\/yoast.com\/product\/yoast-seo-wordpress\/ -->\n<title>Vertr\u00e4umtes Solit\u00e4r - Yasmin<\/title>\n<meta name=\"description\" content=\"Dreamer Solit\u00e4r ist ein Schmuckst\u00fcck aus 925er Sterlingsilber. Mit einem runden Zirkon und Zirkonen um den Ring, ideal f\u00fcr die Verlobung.\" \/>\n<meta name=\"robots\" content=\"index, follow, max-snippet:-1, max-image-preview:large, max-video-preview:-1\" \/>\n<link rel=\"canonical\" href=\"https:\/\/joyasyasmin.com\/de\/producto\/vertraeumtes-solitaer\/\" \/>\n<meta property=\"og:locale\" content=\"de_DE\" \/>\n<meta property=\"og:title\" content=\"Vertr\u00e4umtes Solit\u00e4r - Yasmin\" \/>\n<meta property=\"og:description\" content=\"Dreamer Solit\u00e4r ist ein Schmuckst\u00fcck aus 925er Sterlingsilber. Mit einem runden Zirkon und Zirkonen um den Ring, ideal f\u00fcr die Verlobung.\" \/>\n<meta property=\"og:url\" content=\"https:\/\/joyasyasmin.com\/de\/producto\/vertraeumtes-solitaer\/\" \/>\n<meta property=\"og:site_name\" content=\"Yasmin\" \/>\n<meta property=\"article:publisher\" content=\"https:\/\/www.facebook.com\/Joyas-Yasmin-217664058934169\/\" \/>\n<meta property=\"og:image\" content=\"https:\/\/joyasyasmin.com\/wp-content\/uploads\/2024\/05\/solitario-con-circonitas.jpg\" \/>\n\t<meta property=\"og:image:width\" content=\"1000\" \/>\n\t<meta property=\"og:image:height\" content=\"1000\" \/>\n\t<meta property=\"og:image:type\" content=\"image\/jpeg\" \/>\n<meta name=\"twitter:card\" content=\"summary_large_image\" \/>\n<script type=\"application\/ld+json\" class=\"yoast-schema-graph\">{\"@context\":\"https:\\\/\\\/schema.org\",\"@graph\":[{\"@type\":[\"WebPage\",\"ItemPage\"],\"@id\":\"https:\\\/\\\/joyasyasmin.com\\\/de\\\/producto\\\/vertraeumtes-solitaer\\\/\",\"url\":\"https:\\\/\\\/joyasyasmin.com\\\/de\\\/producto\\\/vertraeumtes-solitaer\\\/\",\"name\":\"Vertr\u00e4umtes Solit\u00e4r - Yasmin\",\"isPartOf\":{\"@id\":\"https:\\\/\\\/joyasyasmin.com\\\/de\\\/#website\"},\"primaryImageOfPage\":{\"@id\":\"https:\\\/\\\/joyasyasmin.com\\\/de\\\/producto\\\/vertraeumtes-solitaer\\\/#primaryimage\"},\"image\":{\"@id\":\"https:\\\/\\\/joyasyasmin.com\\\/de\\\/producto\\\/vertraeumtes-solitaer\\\/#primaryimage\"},\"thumbnailUrl\":\"https:\\\/\\\/joyasyasmin.com\\\/wp-content\\\/uploads\\\/2024\\\/05\\\/solitario-con-circonitas.jpg\",\"datePublished\":\"2024-05-21T14:23:09+00:00\",\"description\":\"Dreamer Solit\u00e4r ist ein Schmuckst\u00fcck aus 925er Sterlingsilber. Mit einem runden Zirkon und Zirkonen um den Ring, ideal f\u00fcr die Verlobung.\",\"breadcrumb\":{\"@id\":\"https:\\\/\\\/joyasyasmin.com\\\/de\\\/producto\\\/vertraeumtes-solitaer\\\/#breadcrumb\"},\"inLanguage\":\"de\",\"potentialAction\":[{\"@type\":\"ReadAction\",\"target\":[\"https:\\\/\\\/joyasyasmin.com\\\/de\\\/producto\\\/vertraeumtes-solitaer\\\/\"]}]},{\"@type\":\"ImageObject\",\"inLanguage\":\"de\",\"@id\":\"https:\\\/\\\/joyasyasmin.com\\\/de\\\/producto\\\/vertraeumtes-solitaer\\\/#primaryimage\",\"url\":\"https:\\\/\\\/joyasyasmin.com\\\/wp-content\\\/uploads\\\/2024\\\/05\\\/solitario-con-circonitas.jpg\",\"contentUrl\":\"https:\\\/\\\/joyasyasmin.com\\\/wp-content\\\/uploads\\\/2024\\\/05\\\/solitario-con-circonitas.jpg\",\"width\":1000,\"height\":1000},{\"@type\":\"BreadcrumbList\",\"@id\":\"https:\\\/\\\/joyasyasmin.com\\\/de\\\/producto\\\/vertraeumtes-solitaer\\\/#breadcrumb\",\"itemListElement\":[{\"@type\":\"ListItem\",\"position\":1,\"name\":\"Portada\",\"item\":\"https:\\\/\\\/joyasyasmin.com\\\/de\\\/heim\\\/\"},{\"@type\":\"ListItem\",\"position\":2,\"name\":\"Shop\",\"item\":\"https:\\\/\\\/joyasyasmin.com\\\/de\\\/shop\\\/\"},{\"@type\":\"ListItem\",\"position\":3,\"name\":\"Vertr\u00e4umtes Solit\u00e4r\"}]},{\"@type\":\"WebSite\",\"@id\":\"https:\\\/\\\/joyasyasmin.com\\\/de\\\/#website\",\"url\":\"https:\\\/\\\/joyasyasmin.com\\\/de\\\/\",\"name\":\"Yasmin\",\"description\":\"Joyer\u00eda de Plata 925 - Pendientes, pulseras, anillos, colgantes y m\u00e1s!\",\"publisher\":{\"@id\":\"https:\\\/\\\/joyasyasmin.com\\\/de\\\/#organization\"},\"potentialAction\":[{\"@type\":\"SearchAction\",\"target\":{\"@type\":\"EntryPoint\",\"urlTemplate\":\"https:\\\/\\\/joyasyasmin.com\\\/de\\\/?s={search_term_string}\"},\"query-input\":{\"@type\":\"PropertyValueSpecification\",\"valueRequired\":true,\"valueName\":\"search_term_string\"}}],\"inLanguage\":\"de\"},{\"@type\":\"Organization\",\"@id\":\"https:\\\/\\\/joyasyasmin.com\\\/de\\\/#organization\",\"name\":\"joyas yasmin\",\"url\":\"https:\\\/\\\/joyasyasmin.com\\\/de\\\/\",\"logo\":{\"@type\":\"ImageObject\",\"inLanguage\":\"de\",\"@id\":\"https:\\\/\\\/joyasyasmin.com\\\/de\\\/#\\\/schema\\\/logo\\\/image\\\/\",\"url\":\"https:\\\/\\\/joyasyasmin.com\\\/wp-content\\\/uploads\\\/2017\\\/06\\\/IMG-20200429-WA0051.jpg\",\"contentUrl\":\"https:\\\/\\\/joyasyasmin.com\\\/wp-content\\\/uploads\\\/2017\\\/06\\\/IMG-20200429-WA0051.jpg\",\"width\":1080,\"height\":545,\"caption\":\"joyas yasmin\"},\"image\":{\"@id\":\"https:\\\/\\\/joyasyasmin.com\\\/de\\\/#\\\/schema\\\/logo\\\/image\\\/\"},\"sameAs\":[\"https:\\\/\\\/www.facebook.com\\\/Joyas-Yasmin-217664058934169\\\/\",\"https:\\\/\\\/www.instagram.com\\\/invites\\\/contact\\\/\"]}]}<\/script>\n<!-- \/ Yoast SEO plugin. -->","yoast_head_json":{"title":"Vertr\u00e4umtes Solit\u00e4r - Yasmin","description":"Dreamer Solit\u00e4r ist ein Schmuckst\u00fcck aus 925er Sterlingsilber. Mit einem runden Zirkon und Zirkonen um den Ring, ideal f\u00fcr die Verlobung.","robots":{"index":"index","follow":"follow","max-snippet":"max-snippet:-1","max-image-preview":"max-image-preview:large","max-video-preview":"max-video-preview:-1"},"canonical":"https:\/\/joyasyasmin.com\/de\/producto\/vertraeumtes-solitaer\/","og_locale":"de_DE","og_title":"Vertr\u00e4umtes Solit\u00e4r - Yasmin","og_description":"Dreamer Solit\u00e4r ist ein Schmuckst\u00fcck aus 925er Sterlingsilber. Mit einem runden Zirkon und Zirkonen um den Ring, ideal f\u00fcr die Verlobung.","og_url":"https:\/\/joyasyasmin.com\/de\/producto\/vertraeumtes-solitaer\/","og_site_name":"Yasmin","article_publisher":"https:\/\/www.facebook.com\/Joyas-Yasmin-217664058934169\/","og_image":[{"width":1000,"height":1000,"url":"https:\/\/joyasyasmin.com\/wp-content\/uploads\/2024\/05\/solitario-con-circonitas.jpg","type":"image\/jpeg"}],"twitter_card":"summary_large_image","schema":{"@context":"https:\/\/schema.org","@graph":[{"@type":["WebPage","ItemPage"],"@id":"https:\/\/joyasyasmin.com\/de\/producto\/vertraeumtes-solitaer\/","url":"https:\/\/joyasyasmin.com\/de\/producto\/vertraeumtes-solitaer\/","name":"Vertr\u00e4umtes Solit\u00e4r - Yasmin","isPartOf":{"@id":"https:\/\/joyasyasmin.com\/de\/#website"},"primaryImageOfPage":{"@id":"https:\/\/joyasyasmin.com\/de\/producto\/vertraeumtes-solitaer\/#primaryimage"},"image":{"@id":"https:\/\/joyasyasmin.com\/de\/producto\/vertraeumtes-solitaer\/#primaryimage"},"thumbnailUrl":"https:\/\/joyasyasmin.com\/wp-content\/uploads\/2024\/05\/solitario-con-circonitas.jpg","datePublished":"2024-05-21T14:23:09+00:00","description":"Dreamer Solit\u00e4r ist ein Schmuckst\u00fcck aus 925er Sterlingsilber. Mit einem runden Zirkon und Zirkonen um den Ring, ideal f\u00fcr die Verlobung.","breadcrumb":{"@id":"https:\/\/joyasyasmin.com\/de\/producto\/vertraeumtes-solitaer\/#breadcrumb"},"inLanguage":"de","potentialAction":[{"@type":"ReadAction","target":["https:\/\/joyasyasmin.com\/de\/producto\/vertraeumtes-solitaer\/"]}]},{"@type":"ImageObject","inLanguage":"de","@id":"https:\/\/joyasyasmin.com\/de\/producto\/vertraeumtes-solitaer\/#primaryimage","url":"https:\/\/joyasyasmin.com\/wp-content\/uploads\/2024\/05\/solitario-con-circonitas.jpg","contentUrl":"https:\/\/joyasyasmin.com\/wp-content\/uploads\/2024\/05\/solitario-con-circonitas.jpg","width":1000,"height":1000},{"@type":"BreadcrumbList","@id":"https:\/\/joyasyasmin.com\/de\/producto\/vertraeumtes-solitaer\/#breadcrumb","itemListElement":[{"@type":"ListItem","position":1,"name":"Portada","item":"https:\/\/joyasyasmin.com\/de\/heim\/"},{"@type":"ListItem","position":2,"name":"Shop","item":"https:\/\/joyasyasmin.com\/de\/shop\/"},{"@type":"ListItem","position":3,"name":"Vertr\u00e4umtes Solit\u00e4r"}]},{"@type":"WebSite","@id":"https:\/\/joyasyasmin.com\/de\/#website","url":"https:\/\/joyasyasmin.com\/de\/","name":"Yasmin","description":"Joyer\u00eda de Plata 925 - Pendientes, pulseras, anillos, colgantes y m\u00e1s!","publisher":{"@id":"https:\/\/joyasyasmin.com\/de\/#organization"},"potentialAction":[{"@type":"SearchAction","target":{"@type":"EntryPoint","urlTemplate":"https:\/\/joyasyasmin.com\/de\/?s={search_term_string}"},"query-input":{"@type":"PropertyValueSpecification","valueRequired":true,"valueName":"search_term_string"}}],"inLanguage":"de"},{"@type":"Organization","@id":"https:\/\/joyasyasmin.com\/de\/#organization","name":"joyas yasmin","url":"https:\/\/joyasyasmin.com\/de\/","logo":{"@type":"ImageObject","inLanguage":"de","@id":"https:\/\/joyasyasmin.com\/de\/#\/schema\/logo\/image\/","url":"https:\/\/joyasyasmin.com\/wp-content\/uploads\/2017\/06\/IMG-20200429-WA0051.jpg","contentUrl":"https:\/\/joyasyasmin.com\/wp-content\/uploads\/2017\/06\/IMG-20200429-WA0051.jpg","width":1080,"height":545,"caption":"joyas yasmin"},"image":{"@id":"https:\/\/joyasyasmin.com\/de\/#\/schema\/logo\/image\/"},"sameAs":["https:\/\/www.facebook.com\/Joyas-Yasmin-217664058934169\/","https:\/\/www.instagram.com\/invites\/contact\/"]}]}},"_links":{"self":[{"href":"https:\/\/joyasyasmin.com\/de\/wp-json\/wp\/v2\/product\/21956","targetHints":{"allow":["GET"]}}],"collection":[{"href":"https:\/\/joyasyasmin.com\/de\/wp-json\/wp\/v2\/product"}],"about":[{"href":"https:\/\/joyasyasmin.com\/de\/wp-json\/wp\/v2\/types\/product"}],"replies":[{"embeddable":true,"href":"https:\/\/joyasyasmin.com\/de\/wp-json\/wp\/v2\/comments?post=21956"}],"version-history":[{"count":0,"href":"https:\/\/joyasyasmin.com\/de\/wp-json\/wp\/v2\/product\/21956\/revisions"}],"wp:featuredmedia":[{"embeddable":true,"href":"https:\/\/joyasyasmin.com\/de\/wp-json\/wp\/v2\/media\/21963"}],"wp:attachment":[{"href":"https:\/\/joyasyasmin.com\/de\/wp-json\/wp\/v2\/media?parent=21956"}],"wp:term":[{"taxonomy":"product_brand","embeddable":true,"href":"https:\/\/joyasyasmin.com\/de\/wp-json\/wp\/v2\/product_brand?post=21956"},{"taxonomy":"product_cat","embeddable":true,"href":"https:\/\/joyasyasmin.com\/de\/wp-json\/wp\/v2\/product_cat?post=21956"},{"taxonomy":"product_tag","embeddable":true,"href":"https:\/\/joyasyasmin.com\/de\/wp-json\/wp\/v2\/product_tag?post=21956"}],"curies":[{"name":"wp","href":"https:\/\/api.w.org\/{rel}","templated":true}]}}