{"id":22048,"date":"2023-08-10T16:13:31","date_gmt":"2023-08-10T16:13:31","guid":{"rendered":"https:\/\/joyasyasmin.com\/producto\/stein-fusskettchen-mit-walschwanz\/"},"modified":"2025-11-10T11:47:18","modified_gmt":"2025-11-10T11:47:18","slug":"stein-fusskettchen-mit-walschwanz","status":"publish","type":"product","link":"https:\/\/joyasyasmin.com\/de\/producto\/stein-fusskettchen-mit-walschwanz\/","title":{"rendered":"Stein-Fu\u00dfkettchen mit Walschwanz"},"content":{"rendered":"","protected":false},"excerpt":{"rendered":"<p>Whale Tail Stone Fu\u00dfkettchen, verleihen Sie Ihren sonnigen Tagen einen Hauch von Eleganz und Farbe mit unserem handgefertigten mehrfarbigen Steinfu\u00dfkettchen. Jeder Stein wird sorgf\u00e4ltig ausgew\u00e4hlt, um eine harmonische Kombination von T\u00f6nen zu erzielen, und die 2 mm starken Perlen aus Sterlingsilber verleihen dem St\u00fcck ein subtiles Funkeln. Ein charmantes Detail des Walschwanzes h\u00e4ngt zart und verleiht diesem raffinierten Accessoire eine verspielte Note.  <\/p>\n","protected":false},"featured_media":22054,"comment_status":"open","ping_status":"closed","template":"","meta":{"_acf_changed":false,"_joinchat":[]},"product_brand":[],"product_cat":[1906],"product_tag":[2277,2279,2278,2170],"class_list":{"0":"post-22048","1":"product","2":"type-product","3":"status-publish","4":"has-post-thumbnail","6":"product_cat-fusketten","7":"product_tag-925-sterling-silber-fuskettchen","8":"product_tag-fuskettchen-mit-farbigen-steinen","9":"product_tag-steinernes-fuskettchen-mit-walschwanz","10":"product_tag-was-ist-neu-in-2023","12":"first","13":"instock","14":"shipping-taxable","15":"purchasable","16":"product-type-simple"},"acf":[],"yoast_head":"<!-- This site is optimized with the Yoast SEO plugin v27.3 - https:\/\/yoast.com\/product\/yoast-seo-wordpress\/ -->\n<title>Stein-Fu\u00dfkettchen mit Walschwanz - Yasmin<\/title>\n<meta name=\"description\" content=\"Stein-Fu\u00dfkettchen mit Walschwanz aus 925er Sterlingsilber, verleiht Ihrem Look an diesen sonnigen Tagen Farbe, die L\u00e4nge betr\u00e4gt 23 + 3 cm. Sie werden es lieben!\" \/>\n<meta name=\"robots\" content=\"index, follow, max-snippet:-1, max-image-preview:large, max-video-preview:-1\" \/>\n<link rel=\"canonical\" href=\"https:\/\/joyasyasmin.com\/de\/producto\/stein-fusskettchen-mit-walschwanz\/\" \/>\n<meta property=\"og:locale\" content=\"de_DE\" \/>\n<meta property=\"og:title\" content=\"Stein-Fu\u00dfkettchen mit Walschwanz - Yasmin\" \/>\n<meta property=\"og:description\" content=\"Stein-Fu\u00dfkettchen mit Walschwanz aus 925er Sterlingsilber, verleiht Ihrem Look an diesen sonnigen Tagen Farbe, die L\u00e4nge betr\u00e4gt 23 + 3 cm. Sie werden es lieben!\" \/>\n<meta property=\"og:url\" content=\"https:\/\/joyasyasmin.com\/de\/producto\/stein-fusskettchen-mit-walschwanz\/\" \/>\n<meta property=\"og:site_name\" content=\"Yasmin\" \/>\n<meta property=\"article:publisher\" content=\"https:\/\/www.facebook.com\/Joyas-Yasmin-217664058934169\/\" \/>\n<meta property=\"article:modified_time\" content=\"2025-11-10T11:47:18+00:00\" \/>\n<meta property=\"og:image\" content=\"https:\/\/joyasyasmin.com\/wp-content\/uploads\/2023\/08\/tobillera-cola-de-ballena.jpg\" \/>\n\t<meta property=\"og:image:width\" content=\"1000\" \/>\n\t<meta property=\"og:image:height\" content=\"1000\" \/>\n\t<meta property=\"og:image:type\" content=\"image\/jpeg\" \/>\n<meta name=\"twitter:card\" content=\"summary_large_image\" \/>\n<script type=\"application\/ld+json\" class=\"yoast-schema-graph\">{\"@context\":\"https:\\\/\\\/schema.org\",\"@graph\":[{\"@type\":[\"WebPage\",\"ItemPage\"],\"@id\":\"https:\\\/\\\/joyasyasmin.com\\\/de\\\/producto\\\/stein-fusskettchen-mit-walschwanz\\\/\",\"url\":\"https:\\\/\\\/joyasyasmin.com\\\/de\\\/producto\\\/stein-fusskettchen-mit-walschwanz\\\/\",\"name\":\"Stein-Fu\u00dfkettchen mit Walschwanz - Yasmin\",\"isPartOf\":{\"@id\":\"https:\\\/\\\/joyasyasmin.com\\\/de\\\/#website\"},\"primaryImageOfPage\":{\"@id\":\"https:\\\/\\\/joyasyasmin.com\\\/de\\\/producto\\\/stein-fusskettchen-mit-walschwanz\\\/#primaryimage\"},\"image\":{\"@id\":\"https:\\\/\\\/joyasyasmin.com\\\/de\\\/producto\\\/stein-fusskettchen-mit-walschwanz\\\/#primaryimage\"},\"thumbnailUrl\":\"https:\\\/\\\/joyasyasmin.com\\\/wp-content\\\/uploads\\\/2023\\\/08\\\/tobillera-cola-de-ballena.jpg\",\"datePublished\":\"2023-08-10T16:13:31+00:00\",\"dateModified\":\"2025-11-10T11:47:18+00:00\",\"description\":\"Stein-Fu\u00dfkettchen mit Walschwanz aus 925er Sterlingsilber, verleiht Ihrem Look an diesen sonnigen Tagen Farbe, die L\u00e4nge betr\u00e4gt 23 + 3 cm. Sie werden es lieben!\",\"breadcrumb\":{\"@id\":\"https:\\\/\\\/joyasyasmin.com\\\/de\\\/producto\\\/stein-fusskettchen-mit-walschwanz\\\/#breadcrumb\"},\"inLanguage\":\"de\",\"potentialAction\":[{\"@type\":\"ReadAction\",\"target\":[\"https:\\\/\\\/joyasyasmin.com\\\/de\\\/producto\\\/stein-fusskettchen-mit-walschwanz\\\/\"]}]},{\"@type\":\"ImageObject\",\"inLanguage\":\"de\",\"@id\":\"https:\\\/\\\/joyasyasmin.com\\\/de\\\/producto\\\/stein-fusskettchen-mit-walschwanz\\\/#primaryimage\",\"url\":\"https:\\\/\\\/joyasyasmin.com\\\/wp-content\\\/uploads\\\/2023\\\/08\\\/tobillera-cola-de-ballena.jpg\",\"contentUrl\":\"https:\\\/\\\/joyasyasmin.com\\\/wp-content\\\/uploads\\\/2023\\\/08\\\/tobillera-cola-de-ballena.jpg\",\"width\":1000,\"height\":1000,\"caption\":\"925 Sterling Silber Wal Schwanz Fu\u00dfkettchen zu verkaufen\"},{\"@type\":\"BreadcrumbList\",\"@id\":\"https:\\\/\\\/joyasyasmin.com\\\/de\\\/producto\\\/stein-fusskettchen-mit-walschwanz\\\/#breadcrumb\",\"itemListElement\":[{\"@type\":\"ListItem\",\"position\":1,\"name\":\"Portada\",\"item\":\"https:\\\/\\\/joyasyasmin.com\\\/de\\\/heim\\\/\"},{\"@type\":\"ListItem\",\"position\":2,\"name\":\"Shop\",\"item\":\"https:\\\/\\\/joyasyasmin.com\\\/de\\\/shop\\\/\"},{\"@type\":\"ListItem\",\"position\":3,\"name\":\"Stein-Fu\u00dfkettchen mit Walschwanz\"}]},{\"@type\":\"WebSite\",\"@id\":\"https:\\\/\\\/joyasyasmin.com\\\/de\\\/#website\",\"url\":\"https:\\\/\\\/joyasyasmin.com\\\/de\\\/\",\"name\":\"Yasmin\",\"description\":\"Joyer\u00eda de Plata 925 - Pendientes, pulseras, anillos, colgantes y m\u00e1s!\",\"publisher\":{\"@id\":\"https:\\\/\\\/joyasyasmin.com\\\/de\\\/#organization\"},\"potentialAction\":[{\"@type\":\"SearchAction\",\"target\":{\"@type\":\"EntryPoint\",\"urlTemplate\":\"https:\\\/\\\/joyasyasmin.com\\\/de\\\/?s={search_term_string}\"},\"query-input\":{\"@type\":\"PropertyValueSpecification\",\"valueRequired\":true,\"valueName\":\"search_term_string\"}}],\"inLanguage\":\"de\"},{\"@type\":\"Organization\",\"@id\":\"https:\\\/\\\/joyasyasmin.com\\\/de\\\/#organization\",\"name\":\"joyas yasmin\",\"url\":\"https:\\\/\\\/joyasyasmin.com\\\/de\\\/\",\"logo\":{\"@type\":\"ImageObject\",\"inLanguage\":\"de\",\"@id\":\"https:\\\/\\\/joyasyasmin.com\\\/de\\\/#\\\/schema\\\/logo\\\/image\\\/\",\"url\":\"https:\\\/\\\/joyasyasmin.com\\\/wp-content\\\/uploads\\\/2017\\\/06\\\/IMG-20200429-WA0051.jpg\",\"contentUrl\":\"https:\\\/\\\/joyasyasmin.com\\\/wp-content\\\/uploads\\\/2017\\\/06\\\/IMG-20200429-WA0051.jpg\",\"width\":1080,\"height\":545,\"caption\":\"joyas yasmin\"},\"image\":{\"@id\":\"https:\\\/\\\/joyasyasmin.com\\\/de\\\/#\\\/schema\\\/logo\\\/image\\\/\"},\"sameAs\":[\"https:\\\/\\\/www.facebook.com\\\/Joyas-Yasmin-217664058934169\\\/\",\"https:\\\/\\\/www.instagram.com\\\/invites\\\/contact\\\/\"]}]}<\/script>\n<!-- \/ Yoast SEO plugin. -->","yoast_head_json":{"title":"Stein-Fu\u00dfkettchen mit Walschwanz - Yasmin","description":"Stein-Fu\u00dfkettchen mit Walschwanz aus 925er Sterlingsilber, verleiht Ihrem Look an diesen sonnigen Tagen Farbe, die L\u00e4nge betr\u00e4gt 23 + 3 cm. Sie werden es lieben!","robots":{"index":"index","follow":"follow","max-snippet":"max-snippet:-1","max-image-preview":"max-image-preview:large","max-video-preview":"max-video-preview:-1"},"canonical":"https:\/\/joyasyasmin.com\/de\/producto\/stein-fusskettchen-mit-walschwanz\/","og_locale":"de_DE","og_title":"Stein-Fu\u00dfkettchen mit Walschwanz - Yasmin","og_description":"Stein-Fu\u00dfkettchen mit Walschwanz aus 925er Sterlingsilber, verleiht Ihrem Look an diesen sonnigen Tagen Farbe, die L\u00e4nge betr\u00e4gt 23 + 3 cm. Sie werden es lieben!","og_url":"https:\/\/joyasyasmin.com\/de\/producto\/stein-fusskettchen-mit-walschwanz\/","og_site_name":"Yasmin","article_publisher":"https:\/\/www.facebook.com\/Joyas-Yasmin-217664058934169\/","article_modified_time":"2025-11-10T11:47:18+00:00","og_image":[{"width":1000,"height":1000,"url":"https:\/\/joyasyasmin.com\/wp-content\/uploads\/2023\/08\/tobillera-cola-de-ballena.jpg","type":"image\/jpeg"}],"twitter_card":"summary_large_image","schema":{"@context":"https:\/\/schema.org","@graph":[{"@type":["WebPage","ItemPage"],"@id":"https:\/\/joyasyasmin.com\/de\/producto\/stein-fusskettchen-mit-walschwanz\/","url":"https:\/\/joyasyasmin.com\/de\/producto\/stein-fusskettchen-mit-walschwanz\/","name":"Stein-Fu\u00dfkettchen mit Walschwanz - Yasmin","isPartOf":{"@id":"https:\/\/joyasyasmin.com\/de\/#website"},"primaryImageOfPage":{"@id":"https:\/\/joyasyasmin.com\/de\/producto\/stein-fusskettchen-mit-walschwanz\/#primaryimage"},"image":{"@id":"https:\/\/joyasyasmin.com\/de\/producto\/stein-fusskettchen-mit-walschwanz\/#primaryimage"},"thumbnailUrl":"https:\/\/joyasyasmin.com\/wp-content\/uploads\/2023\/08\/tobillera-cola-de-ballena.jpg","datePublished":"2023-08-10T16:13:31+00:00","dateModified":"2025-11-10T11:47:18+00:00","description":"Stein-Fu\u00dfkettchen mit Walschwanz aus 925er Sterlingsilber, verleiht Ihrem Look an diesen sonnigen Tagen Farbe, die L\u00e4nge betr\u00e4gt 23 + 3 cm. Sie werden es lieben!","breadcrumb":{"@id":"https:\/\/joyasyasmin.com\/de\/producto\/stein-fusskettchen-mit-walschwanz\/#breadcrumb"},"inLanguage":"de","potentialAction":[{"@type":"ReadAction","target":["https:\/\/joyasyasmin.com\/de\/producto\/stein-fusskettchen-mit-walschwanz\/"]}]},{"@type":"ImageObject","inLanguage":"de","@id":"https:\/\/joyasyasmin.com\/de\/producto\/stein-fusskettchen-mit-walschwanz\/#primaryimage","url":"https:\/\/joyasyasmin.com\/wp-content\/uploads\/2023\/08\/tobillera-cola-de-ballena.jpg","contentUrl":"https:\/\/joyasyasmin.com\/wp-content\/uploads\/2023\/08\/tobillera-cola-de-ballena.jpg","width":1000,"height":1000,"caption":"925 Sterling Silber Wal Schwanz Fu\u00dfkettchen zu verkaufen"},{"@type":"BreadcrumbList","@id":"https:\/\/joyasyasmin.com\/de\/producto\/stein-fusskettchen-mit-walschwanz\/#breadcrumb","itemListElement":[{"@type":"ListItem","position":1,"name":"Portada","item":"https:\/\/joyasyasmin.com\/de\/heim\/"},{"@type":"ListItem","position":2,"name":"Shop","item":"https:\/\/joyasyasmin.com\/de\/shop\/"},{"@type":"ListItem","position":3,"name":"Stein-Fu\u00dfkettchen mit Walschwanz"}]},{"@type":"WebSite","@id":"https:\/\/joyasyasmin.com\/de\/#website","url":"https:\/\/joyasyasmin.com\/de\/","name":"Yasmin","description":"Joyer\u00eda de Plata 925 - Pendientes, pulseras, anillos, colgantes y m\u00e1s!","publisher":{"@id":"https:\/\/joyasyasmin.com\/de\/#organization"},"potentialAction":[{"@type":"SearchAction","target":{"@type":"EntryPoint","urlTemplate":"https:\/\/joyasyasmin.com\/de\/?s={search_term_string}"},"query-input":{"@type":"PropertyValueSpecification","valueRequired":true,"valueName":"search_term_string"}}],"inLanguage":"de"},{"@type":"Organization","@id":"https:\/\/joyasyasmin.com\/de\/#organization","name":"joyas yasmin","url":"https:\/\/joyasyasmin.com\/de\/","logo":{"@type":"ImageObject","inLanguage":"de","@id":"https:\/\/joyasyasmin.com\/de\/#\/schema\/logo\/image\/","url":"https:\/\/joyasyasmin.com\/wp-content\/uploads\/2017\/06\/IMG-20200429-WA0051.jpg","contentUrl":"https:\/\/joyasyasmin.com\/wp-content\/uploads\/2017\/06\/IMG-20200429-WA0051.jpg","width":1080,"height":545,"caption":"joyas yasmin"},"image":{"@id":"https:\/\/joyasyasmin.com\/de\/#\/schema\/logo\/image\/"},"sameAs":["https:\/\/www.facebook.com\/Joyas-Yasmin-217664058934169\/","https:\/\/www.instagram.com\/invites\/contact\/"]}]}},"_links":{"self":[{"href":"https:\/\/joyasyasmin.com\/de\/wp-json\/wp\/v2\/product\/22048","targetHints":{"allow":["GET"]}}],"collection":[{"href":"https:\/\/joyasyasmin.com\/de\/wp-json\/wp\/v2\/product"}],"about":[{"href":"https:\/\/joyasyasmin.com\/de\/wp-json\/wp\/v2\/types\/product"}],"replies":[{"embeddable":true,"href":"https:\/\/joyasyasmin.com\/de\/wp-json\/wp\/v2\/comments?post=22048"}],"version-history":[{"count":1,"href":"https:\/\/joyasyasmin.com\/de\/wp-json\/wp\/v2\/product\/22048\/revisions"}],"predecessor-version":[{"id":36014,"href":"https:\/\/joyasyasmin.com\/de\/wp-json\/wp\/v2\/product\/22048\/revisions\/36014"}],"wp:featuredmedia":[{"embeddable":true,"href":"https:\/\/joyasyasmin.com\/de\/wp-json\/wp\/v2\/media\/22054"}],"wp:attachment":[{"href":"https:\/\/joyasyasmin.com\/de\/wp-json\/wp\/v2\/media?parent=22048"}],"wp:term":[{"taxonomy":"product_brand","embeddable":true,"href":"https:\/\/joyasyasmin.com\/de\/wp-json\/wp\/v2\/product_brand?post=22048"},{"taxonomy":"product_cat","embeddable":true,"href":"https:\/\/joyasyasmin.com\/de\/wp-json\/wp\/v2\/product_cat?post=22048"},{"taxonomy":"product_tag","embeddable":true,"href":"https:\/\/joyasyasmin.com\/de\/wp-json\/wp\/v2\/product_tag?post=22048"}],"curies":[{"name":"wp","href":"https:\/\/api.w.org\/{rel}","templated":true}]}}