{"id":22084,"date":"2023-08-10T16:44:20","date_gmt":"2023-08-10T16:44:20","guid":{"rendered":"https:\/\/joyasyasmin.com\/producto\/knoechelbandage-aus-weissem-stein\/"},"modified":"2025-11-10T11:47:18","modified_gmt":"2025-11-10T11:47:18","slug":"knoechelbandage-aus-weissem-stein","status":"publish","type":"product","link":"https:\/\/joyasyasmin.com\/de\/producto\/knoechelbandage-aus-weissem-stein\/","title":{"rendered":"Kn\u00f6chelbandage aus wei\u00dfem Stein"},"content":{"rendered":"","protected":false},"excerpt":{"rendered":"<p>Wei\u00dfes Stein-Fu\u00dfkettchen Verleihen Sie Ihrem Look einen Hauch von Eleganz und Stil mit unserem exquisiten handgefertigten Fu\u00dfkettchen! Jedes Detail dieses sch\u00f6nen St\u00fccks wurde sorgf\u00e4ltig gefertigt, um Ihnen ein einzigartiges und charmantes Accessoire zu bieten. Sie k\u00f6nnen das wei\u00dfe Stein-Fu\u00dfkettchen alleine tragen oder es mit anderen Armbanddesigns aus unserer Kollektion kombinieren, Sie werden es lieben.  <\/p>\n","protected":false},"featured_media":22086,"comment_status":"open","ping_status":"closed","template":"","meta":{"_acf_changed":false,"_joinchat":[]},"product_brand":[],"product_cat":[1906],"product_tag":[2300,2301,2170],"class_list":{"0":"post-22084","1":"product","2":"type-product","3":"status-publish","4":"has-post-thumbnail","6":"product_cat-fusketten","7":"product_tag-fuskettchen-aus-weisem-stein","8":"product_tag-fuskettchen-handgefertigt-mit-steinen","9":"product_tag-was-ist-neu-in-2023","11":"first","12":"instock","13":"shipping-taxable","14":"purchasable","15":"product-type-simple"},"acf":[],"yoast_head":"<!-- This site is optimized with the Yoast SEO plugin v27.3 - https:\/\/yoast.com\/product\/yoast-seo-wordpress\/ -->\n<title>Kn\u00f6chelbandage aus wei\u00dfem Stein - Yasmin<\/title>\n<meta name=\"description\" content=\"Das Fu\u00dfkettchen aus wei\u00dfem Stein ist ein wundersch\u00f6nes Schmuckst\u00fcck, um Ihrem Look Farbe zu verleihen, die Kombination aus wei\u00dfer Farbe und farbigen Steinen wird sich auf Ihrer Haut abheben.\" \/>\n<meta name=\"robots\" content=\"index, follow, max-snippet:-1, max-image-preview:large, max-video-preview:-1\" \/>\n<link rel=\"canonical\" href=\"https:\/\/joyasyasmin.com\/de\/producto\/knoechelbandage-aus-weissem-stein\/\" \/>\n<meta property=\"og:locale\" content=\"de_DE\" \/>\n<meta property=\"og:title\" content=\"Kn\u00f6chelbandage aus wei\u00dfem Stein - Yasmin\" \/>\n<meta property=\"og:description\" content=\"Das Fu\u00dfkettchen aus wei\u00dfem Stein ist ein wundersch\u00f6nes Schmuckst\u00fcck, um Ihrem Look Farbe zu verleihen, die Kombination aus wei\u00dfer Farbe und farbigen Steinen wird sich auf Ihrer Haut abheben.\" \/>\n<meta property=\"og:url\" content=\"https:\/\/joyasyasmin.com\/de\/producto\/knoechelbandage-aus-weissem-stein\/\" \/>\n<meta property=\"og:site_name\" content=\"Yasmin\" \/>\n<meta property=\"article:publisher\" content=\"https:\/\/www.facebook.com\/Joyas-Yasmin-217664058934169\/\" \/>\n<meta property=\"article:modified_time\" content=\"2025-11-10T11:47:18+00:00\" \/>\n<meta property=\"og:image\" content=\"https:\/\/joyasyasmin.com\/wp-content\/uploads\/2023\/08\/tobillera-piedra-blanca-de-plata.jpg\" \/>\n\t<meta property=\"og:image:width\" content=\"1000\" \/>\n\t<meta property=\"og:image:height\" content=\"1000\" \/>\n\t<meta property=\"og:image:type\" content=\"image\/jpeg\" \/>\n<meta name=\"twitter:card\" content=\"summary_large_image\" \/>\n<script type=\"application\/ld+json\" class=\"yoast-schema-graph\">{\"@context\":\"https:\\\/\\\/schema.org\",\"@graph\":[{\"@type\":[\"WebPage\",\"ItemPage\"],\"@id\":\"https:\\\/\\\/joyasyasmin.com\\\/de\\\/producto\\\/knoechelbandage-aus-weissem-stein\\\/\",\"url\":\"https:\\\/\\\/joyasyasmin.com\\\/de\\\/producto\\\/knoechelbandage-aus-weissem-stein\\\/\",\"name\":\"Kn\u00f6chelbandage aus wei\u00dfem Stein - Yasmin\",\"isPartOf\":{\"@id\":\"https:\\\/\\\/joyasyasmin.com\\\/de\\\/#website\"},\"primaryImageOfPage\":{\"@id\":\"https:\\\/\\\/joyasyasmin.com\\\/de\\\/producto\\\/knoechelbandage-aus-weissem-stein\\\/#primaryimage\"},\"image\":{\"@id\":\"https:\\\/\\\/joyasyasmin.com\\\/de\\\/producto\\\/knoechelbandage-aus-weissem-stein\\\/#primaryimage\"},\"thumbnailUrl\":\"https:\\\/\\\/joyasyasmin.com\\\/wp-content\\\/uploads\\\/2023\\\/08\\\/tobillera-piedra-blanca-de-plata.jpg\",\"datePublished\":\"2023-08-10T16:44:20+00:00\",\"dateModified\":\"2025-11-10T11:47:18+00:00\",\"description\":\"Das Fu\u00dfkettchen aus wei\u00dfem Stein ist ein wundersch\u00f6nes Schmuckst\u00fcck, um Ihrem Look Farbe zu verleihen, die Kombination aus wei\u00dfer Farbe und farbigen Steinen wird sich auf Ihrer Haut abheben.\",\"breadcrumb\":{\"@id\":\"https:\\\/\\\/joyasyasmin.com\\\/de\\\/producto\\\/knoechelbandage-aus-weissem-stein\\\/#breadcrumb\"},\"inLanguage\":\"de\",\"potentialAction\":[{\"@type\":\"ReadAction\",\"target\":[\"https:\\\/\\\/joyasyasmin.com\\\/de\\\/producto\\\/knoechelbandage-aus-weissem-stein\\\/\"]}]},{\"@type\":\"ImageObject\",\"inLanguage\":\"de\",\"@id\":\"https:\\\/\\\/joyasyasmin.com\\\/de\\\/producto\\\/knoechelbandage-aus-weissem-stein\\\/#primaryimage\",\"url\":\"https:\\\/\\\/joyasyasmin.com\\\/wp-content\\\/uploads\\\/2023\\\/08\\\/tobillera-piedra-blanca-de-plata.jpg\",\"contentUrl\":\"https:\\\/\\\/joyasyasmin.com\\\/wp-content\\\/uploads\\\/2023\\\/08\\\/tobillera-piedra-blanca-de-plata.jpg\",\"width\":1000,\"height\":1000,\"caption\":\"925 Sterling Silber wei\u00dfer Stein Fu\u00dfkettchen, es ist handgefertigt mit einer L\u00e4nge von 23 + 3 cm.\"},{\"@type\":\"BreadcrumbList\",\"@id\":\"https:\\\/\\\/joyasyasmin.com\\\/de\\\/producto\\\/knoechelbandage-aus-weissem-stein\\\/#breadcrumb\",\"itemListElement\":[{\"@type\":\"ListItem\",\"position\":1,\"name\":\"Portada\",\"item\":\"https:\\\/\\\/joyasyasmin.com\\\/de\\\/heim\\\/\"},{\"@type\":\"ListItem\",\"position\":2,\"name\":\"Shop\",\"item\":\"https:\\\/\\\/joyasyasmin.com\\\/de\\\/shop\\\/\"},{\"@type\":\"ListItem\",\"position\":3,\"name\":\"Kn\u00f6chelbandage aus wei\u00dfem Stein\"}]},{\"@type\":\"WebSite\",\"@id\":\"https:\\\/\\\/joyasyasmin.com\\\/de\\\/#website\",\"url\":\"https:\\\/\\\/joyasyasmin.com\\\/de\\\/\",\"name\":\"Yasmin\",\"description\":\"Joyer\u00eda de Plata 925 - Pendientes, pulseras, anillos, colgantes y m\u00e1s!\",\"publisher\":{\"@id\":\"https:\\\/\\\/joyasyasmin.com\\\/de\\\/#organization\"},\"potentialAction\":[{\"@type\":\"SearchAction\",\"target\":{\"@type\":\"EntryPoint\",\"urlTemplate\":\"https:\\\/\\\/joyasyasmin.com\\\/de\\\/?s={search_term_string}\"},\"query-input\":{\"@type\":\"PropertyValueSpecification\",\"valueRequired\":true,\"valueName\":\"search_term_string\"}}],\"inLanguage\":\"de\"},{\"@type\":\"Organization\",\"@id\":\"https:\\\/\\\/joyasyasmin.com\\\/de\\\/#organization\",\"name\":\"joyas yasmin\",\"url\":\"https:\\\/\\\/joyasyasmin.com\\\/de\\\/\",\"logo\":{\"@type\":\"ImageObject\",\"inLanguage\":\"de\",\"@id\":\"https:\\\/\\\/joyasyasmin.com\\\/de\\\/#\\\/schema\\\/logo\\\/image\\\/\",\"url\":\"https:\\\/\\\/joyasyasmin.com\\\/wp-content\\\/uploads\\\/2017\\\/06\\\/IMG-20200429-WA0051.jpg\",\"contentUrl\":\"https:\\\/\\\/joyasyasmin.com\\\/wp-content\\\/uploads\\\/2017\\\/06\\\/IMG-20200429-WA0051.jpg\",\"width\":1080,\"height\":545,\"caption\":\"joyas yasmin\"},\"image\":{\"@id\":\"https:\\\/\\\/joyasyasmin.com\\\/de\\\/#\\\/schema\\\/logo\\\/image\\\/\"},\"sameAs\":[\"https:\\\/\\\/www.facebook.com\\\/Joyas-Yasmin-217664058934169\\\/\",\"https:\\\/\\\/www.instagram.com\\\/invites\\\/contact\\\/\"]}]}<\/script>\n<!-- \/ Yoast SEO plugin. -->","yoast_head_json":{"title":"Kn\u00f6chelbandage aus wei\u00dfem Stein - Yasmin","description":"Das Fu\u00dfkettchen aus wei\u00dfem Stein ist ein wundersch\u00f6nes Schmuckst\u00fcck, um Ihrem Look Farbe zu verleihen, die Kombination aus wei\u00dfer Farbe und farbigen Steinen wird sich auf Ihrer Haut abheben.","robots":{"index":"index","follow":"follow","max-snippet":"max-snippet:-1","max-image-preview":"max-image-preview:large","max-video-preview":"max-video-preview:-1"},"canonical":"https:\/\/joyasyasmin.com\/de\/producto\/knoechelbandage-aus-weissem-stein\/","og_locale":"de_DE","og_title":"Kn\u00f6chelbandage aus wei\u00dfem Stein - Yasmin","og_description":"Das Fu\u00dfkettchen aus wei\u00dfem Stein ist ein wundersch\u00f6nes Schmuckst\u00fcck, um Ihrem Look Farbe zu verleihen, die Kombination aus wei\u00dfer Farbe und farbigen Steinen wird sich auf Ihrer Haut abheben.","og_url":"https:\/\/joyasyasmin.com\/de\/producto\/knoechelbandage-aus-weissem-stein\/","og_site_name":"Yasmin","article_publisher":"https:\/\/www.facebook.com\/Joyas-Yasmin-217664058934169\/","article_modified_time":"2025-11-10T11:47:18+00:00","og_image":[{"width":1000,"height":1000,"url":"https:\/\/joyasyasmin.com\/wp-content\/uploads\/2023\/08\/tobillera-piedra-blanca-de-plata.jpg","type":"image\/jpeg"}],"twitter_card":"summary_large_image","schema":{"@context":"https:\/\/schema.org","@graph":[{"@type":["WebPage","ItemPage"],"@id":"https:\/\/joyasyasmin.com\/de\/producto\/knoechelbandage-aus-weissem-stein\/","url":"https:\/\/joyasyasmin.com\/de\/producto\/knoechelbandage-aus-weissem-stein\/","name":"Kn\u00f6chelbandage aus wei\u00dfem Stein - Yasmin","isPartOf":{"@id":"https:\/\/joyasyasmin.com\/de\/#website"},"primaryImageOfPage":{"@id":"https:\/\/joyasyasmin.com\/de\/producto\/knoechelbandage-aus-weissem-stein\/#primaryimage"},"image":{"@id":"https:\/\/joyasyasmin.com\/de\/producto\/knoechelbandage-aus-weissem-stein\/#primaryimage"},"thumbnailUrl":"https:\/\/joyasyasmin.com\/wp-content\/uploads\/2023\/08\/tobillera-piedra-blanca-de-plata.jpg","datePublished":"2023-08-10T16:44:20+00:00","dateModified":"2025-11-10T11:47:18+00:00","description":"Das Fu\u00dfkettchen aus wei\u00dfem Stein ist ein wundersch\u00f6nes Schmuckst\u00fcck, um Ihrem Look Farbe zu verleihen, die Kombination aus wei\u00dfer Farbe und farbigen Steinen wird sich auf Ihrer Haut abheben.","breadcrumb":{"@id":"https:\/\/joyasyasmin.com\/de\/producto\/knoechelbandage-aus-weissem-stein\/#breadcrumb"},"inLanguage":"de","potentialAction":[{"@type":"ReadAction","target":["https:\/\/joyasyasmin.com\/de\/producto\/knoechelbandage-aus-weissem-stein\/"]}]},{"@type":"ImageObject","inLanguage":"de","@id":"https:\/\/joyasyasmin.com\/de\/producto\/knoechelbandage-aus-weissem-stein\/#primaryimage","url":"https:\/\/joyasyasmin.com\/wp-content\/uploads\/2023\/08\/tobillera-piedra-blanca-de-plata.jpg","contentUrl":"https:\/\/joyasyasmin.com\/wp-content\/uploads\/2023\/08\/tobillera-piedra-blanca-de-plata.jpg","width":1000,"height":1000,"caption":"925 Sterling Silber wei\u00dfer Stein Fu\u00dfkettchen, es ist handgefertigt mit einer L\u00e4nge von 23 + 3 cm."},{"@type":"BreadcrumbList","@id":"https:\/\/joyasyasmin.com\/de\/producto\/knoechelbandage-aus-weissem-stein\/#breadcrumb","itemListElement":[{"@type":"ListItem","position":1,"name":"Portada","item":"https:\/\/joyasyasmin.com\/de\/heim\/"},{"@type":"ListItem","position":2,"name":"Shop","item":"https:\/\/joyasyasmin.com\/de\/shop\/"},{"@type":"ListItem","position":3,"name":"Kn\u00f6chelbandage aus wei\u00dfem Stein"}]},{"@type":"WebSite","@id":"https:\/\/joyasyasmin.com\/de\/#website","url":"https:\/\/joyasyasmin.com\/de\/","name":"Yasmin","description":"Joyer\u00eda de Plata 925 - Pendientes, pulseras, anillos, colgantes y m\u00e1s!","publisher":{"@id":"https:\/\/joyasyasmin.com\/de\/#organization"},"potentialAction":[{"@type":"SearchAction","target":{"@type":"EntryPoint","urlTemplate":"https:\/\/joyasyasmin.com\/de\/?s={search_term_string}"},"query-input":{"@type":"PropertyValueSpecification","valueRequired":true,"valueName":"search_term_string"}}],"inLanguage":"de"},{"@type":"Organization","@id":"https:\/\/joyasyasmin.com\/de\/#organization","name":"joyas yasmin","url":"https:\/\/joyasyasmin.com\/de\/","logo":{"@type":"ImageObject","inLanguage":"de","@id":"https:\/\/joyasyasmin.com\/de\/#\/schema\/logo\/image\/","url":"https:\/\/joyasyasmin.com\/wp-content\/uploads\/2017\/06\/IMG-20200429-WA0051.jpg","contentUrl":"https:\/\/joyasyasmin.com\/wp-content\/uploads\/2017\/06\/IMG-20200429-WA0051.jpg","width":1080,"height":545,"caption":"joyas yasmin"},"image":{"@id":"https:\/\/joyasyasmin.com\/de\/#\/schema\/logo\/image\/"},"sameAs":["https:\/\/www.facebook.com\/Joyas-Yasmin-217664058934169\/","https:\/\/www.instagram.com\/invites\/contact\/"]}]}},"_links":{"self":[{"href":"https:\/\/joyasyasmin.com\/de\/wp-json\/wp\/v2\/product\/22084","targetHints":{"allow":["GET"]}}],"collection":[{"href":"https:\/\/joyasyasmin.com\/de\/wp-json\/wp\/v2\/product"}],"about":[{"href":"https:\/\/joyasyasmin.com\/de\/wp-json\/wp\/v2\/types\/product"}],"replies":[{"embeddable":true,"href":"https:\/\/joyasyasmin.com\/de\/wp-json\/wp\/v2\/comments?post=22084"}],"version-history":[{"count":1,"href":"https:\/\/joyasyasmin.com\/de\/wp-json\/wp\/v2\/product\/22084\/revisions"}],"predecessor-version":[{"id":36013,"href":"https:\/\/joyasyasmin.com\/de\/wp-json\/wp\/v2\/product\/22084\/revisions\/36013"}],"wp:featuredmedia":[{"embeddable":true,"href":"https:\/\/joyasyasmin.com\/de\/wp-json\/wp\/v2\/media\/22086"}],"wp:attachment":[{"href":"https:\/\/joyasyasmin.com\/de\/wp-json\/wp\/v2\/media?parent=22084"}],"wp:term":[{"taxonomy":"product_brand","embeddable":true,"href":"https:\/\/joyasyasmin.com\/de\/wp-json\/wp\/v2\/product_brand?post=22084"},{"taxonomy":"product_cat","embeddable":true,"href":"https:\/\/joyasyasmin.com\/de\/wp-json\/wp\/v2\/product_cat?post=22084"},{"taxonomy":"product_tag","embeddable":true,"href":"https:\/\/joyasyasmin.com\/de\/wp-json\/wp\/v2\/product_tag?post=22084"}],"curies":[{"name":"wp","href":"https:\/\/api.w.org\/{rel}","templated":true}]}}