{"id":22085,"date":"2023-08-10T21:56:24","date_gmt":"2023-08-10T21:56:24","guid":{"rendered":"https:\/\/joyasyasmin.com\/producto\/stern-armband-farbe-charm\/"},"modified":"2025-11-10T11:47:32","modified_gmt":"2025-11-10T11:47:32","slug":"stern-armband-farbe-charm","status":"publish","type":"product","link":"https:\/\/joyasyasmin.com\/de\/producto\/stern-armband-farbe-charm\/","title":{"rendered":"Stern Armband Farbe Charm"},"content":{"rendered":"","protected":false},"excerpt":{"rendered":"<p>Das Star Color Charm Bracelet ist ideal f\u00fcr Sie, um Ihrem Stil mit unserem Schmuckst\u00fcck aus 925er Sterlingsilber eine himmlische Note zu verleihen, die sorgf\u00e4ltig von Hand gefertigt wurde, um Ihnen ein einzigartiges St\u00fcck zu bieten, das sich von der Masse abhebt. Das Sternstein-Bettelarmband ist ideal, um es alleine zu tragen oder mit einer anderen Serie von Armb\u00e4ndern zu kombinieren, die sich hervorragend kombinieren lassen. Sie werden es lieben!  <\/p>\n","protected":false},"featured_media":22089,"comment_status":"open","ping_status":"closed","template":"","meta":{"_acf_changed":false,"_joinchat":[]},"product_brand":[],"product_cat":[1787],"product_tag":[2303,2302,2170],"class_list":{"0":"post-22085","1":"product","2":"type-product","3":"status-publish","4":"has-post-thumbnail","6":"product_cat-armbander","7":"product_tag-handgefertigte-silberarmbander","8":"product_tag-stern-armband-stein-farbe-charm","9":"product_tag-was-ist-neu-in-2023","11":"first","12":"instock","13":"shipping-taxable","14":"purchasable","15":"product-type-simple"},"acf":[],"yoast_head":"<!-- This site is optimized with the Yoast SEO plugin v27.2 - https:\/\/yoast.com\/product\/yoast-seo-wordpress\/ -->\n<title>Stern Armband Farbe Charm - Yasmin<\/title>\n<meta name=\"description\" content=\"Das Star Color Charm Bracelet ist ideal f\u00fcr Sie, um Ihrem Stil mit unserem handgefertigten Schmuckst\u00fcck aus 925er Sterlingsilber eine himmlische Note zu verleihen. Kostenloser Versand.\" \/>\n<meta name=\"robots\" content=\"index, follow, max-snippet:-1, max-image-preview:large, max-video-preview:-1\" \/>\n<link rel=\"canonical\" href=\"https:\/\/joyasyasmin.com\/de\/producto\/stern-armband-farbe-charm\/\" \/>\n<meta property=\"og:locale\" content=\"de_DE\" \/>\n<meta property=\"og:title\" content=\"Stern Armband Farbe Charm - Yasmin\" \/>\n<meta property=\"og:description\" content=\"Das Star Color Charm Bracelet ist ideal f\u00fcr Sie, um Ihrem Stil mit unserem handgefertigten Schmuckst\u00fcck aus 925er Sterlingsilber eine himmlische Note zu verleihen. Kostenloser Versand.\" \/>\n<meta property=\"og:url\" content=\"https:\/\/joyasyasmin.com\/de\/producto\/stern-armband-farbe-charm\/\" \/>\n<meta property=\"og:site_name\" content=\"Yasmin\" \/>\n<meta property=\"article:publisher\" content=\"https:\/\/www.facebook.com\/Joyas-Yasmin-217664058934169\/\" \/>\n<meta property=\"article:modified_time\" content=\"2025-11-10T11:47:32+00:00\" \/>\n<meta property=\"og:image\" content=\"https:\/\/joyasyasmin.com\/wp-content\/uploads\/2023\/08\/pulsera-estrella-piedra-color.jpg\" \/>\n\t<meta property=\"og:image:width\" content=\"1000\" \/>\n\t<meta property=\"og:image:height\" content=\"1000\" \/>\n\t<meta property=\"og:image:type\" content=\"image\/jpeg\" \/>\n<meta name=\"twitter:card\" content=\"summary_large_image\" \/>\n<script type=\"application\/ld+json\" class=\"yoast-schema-graph\">{\"@context\":\"https:\/\/schema.org\",\"@graph\":[{\"@type\":[\"WebPage\",\"ItemPage\"],\"@id\":\"https:\/\/joyasyasmin.com\/de\/producto\/stern-armband-farbe-charm\/\",\"url\":\"https:\/\/joyasyasmin.com\/de\/producto\/stern-armband-farbe-charm\/\",\"name\":\"Stern Armband Farbe Charm - Yasmin\",\"isPartOf\":{\"@id\":\"https:\/\/joyasyasmin.com\/de\/#website\"},\"primaryImageOfPage\":{\"@id\":\"https:\/\/joyasyasmin.com\/de\/producto\/stern-armband-farbe-charm\/#primaryimage\"},\"image\":{\"@id\":\"https:\/\/joyasyasmin.com\/de\/producto\/stern-armband-farbe-charm\/#primaryimage\"},\"thumbnailUrl\":\"https:\/\/joyasyasmin.com\/wp-content\/uploads\/2023\/08\/pulsera-estrella-piedra-color.jpg\",\"datePublished\":\"2023-08-10T21:56:24+00:00\",\"dateModified\":\"2025-11-10T11:47:32+00:00\",\"description\":\"Das Star Color Charm Bracelet ist ideal f\u00fcr Sie, um Ihrem Stil mit unserem handgefertigten Schmuckst\u00fcck aus 925er Sterlingsilber eine himmlische Note zu verleihen. Kostenloser Versand.\",\"breadcrumb\":{\"@id\":\"https:\/\/joyasyasmin.com\/de\/producto\/stern-armband-farbe-charm\/#breadcrumb\"},\"inLanguage\":\"de\",\"potentialAction\":[{\"@type\":\"ReadAction\",\"target\":[\"https:\/\/joyasyasmin.com\/de\/producto\/stern-armband-farbe-charm\/\"]}]},{\"@type\":\"ImageObject\",\"inLanguage\":\"de\",\"@id\":\"https:\/\/joyasyasmin.com\/de\/producto\/stern-armband-farbe-charm\/#primaryimage\",\"url\":\"https:\/\/joyasyasmin.com\/wp-content\/uploads\/2023\/08\/pulsera-estrella-piedra-color.jpg\",\"contentUrl\":\"https:\/\/joyasyasmin.com\/wp-content\/uploads\/2023\/08\/pulsera-estrella-piedra-color.jpg\",\"width\":1000,\"height\":1000,\"caption\":\"Sale 925 Sterling Silber Farbe Stein Stern Armband, Handarbeit.\"},{\"@type\":\"BreadcrumbList\",\"@id\":\"https:\/\/joyasyasmin.com\/de\/producto\/stern-armband-farbe-charm\/#breadcrumb\",\"itemListElement\":[{\"@type\":\"ListItem\",\"position\":1,\"name\":\"Portada\",\"item\":\"https:\/\/joyasyasmin.com\/de\/heim\/\"},{\"@type\":\"ListItem\",\"position\":2,\"name\":\"Shop\",\"item\":\"https:\/\/joyasyasmin.com\/de\/shop\/\"},{\"@type\":\"ListItem\",\"position\":3,\"name\":\"Stern Armband Farbe Charm\"}]},{\"@type\":\"WebSite\",\"@id\":\"https:\/\/joyasyasmin.com\/de\/#website\",\"url\":\"https:\/\/joyasyasmin.com\/de\/\",\"name\":\"Yasmin\",\"description\":\"Joyer\u00eda de Plata 925 - Pendientes, pulseras, anillos, colgantes y m\u00e1s!\",\"publisher\":{\"@id\":\"https:\/\/joyasyasmin.com\/de\/#organization\"},\"potentialAction\":[{\"@type\":\"SearchAction\",\"target\":{\"@type\":\"EntryPoint\",\"urlTemplate\":\"https:\/\/joyasyasmin.com\/de\/?s={search_term_string}\"},\"query-input\":{\"@type\":\"PropertyValueSpecification\",\"valueRequired\":true,\"valueName\":\"search_term_string\"}}],\"inLanguage\":\"de\"},{\"@type\":\"Organization\",\"@id\":\"https:\/\/joyasyasmin.com\/de\/#organization\",\"name\":\"joyas yasmin\",\"url\":\"https:\/\/joyasyasmin.com\/de\/\",\"logo\":{\"@type\":\"ImageObject\",\"inLanguage\":\"de\",\"@id\":\"https:\/\/joyasyasmin.com\/de\/#\/schema\/logo\/image\/\",\"url\":\"https:\/\/joyasyasmin.com\/wp-content\/uploads\/2017\/06\/IMG-20200429-WA0051.jpg\",\"contentUrl\":\"https:\/\/joyasyasmin.com\/wp-content\/uploads\/2017\/06\/IMG-20200429-WA0051.jpg\",\"width\":1080,\"height\":545,\"caption\":\"joyas yasmin\"},\"image\":{\"@id\":\"https:\/\/joyasyasmin.com\/de\/#\/schema\/logo\/image\/\"},\"sameAs\":[\"https:\/\/www.facebook.com\/Joyas-Yasmin-217664058934169\/\",\"https:\/\/www.instagram.com\/invites\/contact\/\"]}]}<\/script>\n<!-- \/ Yoast SEO plugin. -->","yoast_head_json":{"title":"Stern Armband Farbe Charm - Yasmin","description":"Das Star Color Charm Bracelet ist ideal f\u00fcr Sie, um Ihrem Stil mit unserem handgefertigten Schmuckst\u00fcck aus 925er Sterlingsilber eine himmlische Note zu verleihen. Kostenloser Versand.","robots":{"index":"index","follow":"follow","max-snippet":"max-snippet:-1","max-image-preview":"max-image-preview:large","max-video-preview":"max-video-preview:-1"},"canonical":"https:\/\/joyasyasmin.com\/de\/producto\/stern-armband-farbe-charm\/","og_locale":"de_DE","og_title":"Stern Armband Farbe Charm - Yasmin","og_description":"Das Star Color Charm Bracelet ist ideal f\u00fcr Sie, um Ihrem Stil mit unserem handgefertigten Schmuckst\u00fcck aus 925er Sterlingsilber eine himmlische Note zu verleihen. Kostenloser Versand.","og_url":"https:\/\/joyasyasmin.com\/de\/producto\/stern-armband-farbe-charm\/","og_site_name":"Yasmin","article_publisher":"https:\/\/www.facebook.com\/Joyas-Yasmin-217664058934169\/","article_modified_time":"2025-11-10T11:47:32+00:00","og_image":[{"width":1000,"height":1000,"url":"https:\/\/joyasyasmin.com\/wp-content\/uploads\/2023\/08\/pulsera-estrella-piedra-color.jpg","type":"image\/jpeg"}],"twitter_card":"summary_large_image","schema":{"@context":"https:\/\/schema.org","@graph":[{"@type":["WebPage","ItemPage"],"@id":"https:\/\/joyasyasmin.com\/de\/producto\/stern-armband-farbe-charm\/","url":"https:\/\/joyasyasmin.com\/de\/producto\/stern-armband-farbe-charm\/","name":"Stern Armband Farbe Charm - Yasmin","isPartOf":{"@id":"https:\/\/joyasyasmin.com\/de\/#website"},"primaryImageOfPage":{"@id":"https:\/\/joyasyasmin.com\/de\/producto\/stern-armband-farbe-charm\/#primaryimage"},"image":{"@id":"https:\/\/joyasyasmin.com\/de\/producto\/stern-armband-farbe-charm\/#primaryimage"},"thumbnailUrl":"https:\/\/joyasyasmin.com\/wp-content\/uploads\/2023\/08\/pulsera-estrella-piedra-color.jpg","datePublished":"2023-08-10T21:56:24+00:00","dateModified":"2025-11-10T11:47:32+00:00","description":"Das Star Color Charm Bracelet ist ideal f\u00fcr Sie, um Ihrem Stil mit unserem handgefertigten Schmuckst\u00fcck aus 925er Sterlingsilber eine himmlische Note zu verleihen. Kostenloser Versand.","breadcrumb":{"@id":"https:\/\/joyasyasmin.com\/de\/producto\/stern-armband-farbe-charm\/#breadcrumb"},"inLanguage":"de","potentialAction":[{"@type":"ReadAction","target":["https:\/\/joyasyasmin.com\/de\/producto\/stern-armband-farbe-charm\/"]}]},{"@type":"ImageObject","inLanguage":"de","@id":"https:\/\/joyasyasmin.com\/de\/producto\/stern-armband-farbe-charm\/#primaryimage","url":"https:\/\/joyasyasmin.com\/wp-content\/uploads\/2023\/08\/pulsera-estrella-piedra-color.jpg","contentUrl":"https:\/\/joyasyasmin.com\/wp-content\/uploads\/2023\/08\/pulsera-estrella-piedra-color.jpg","width":1000,"height":1000,"caption":"Sale 925 Sterling Silber Farbe Stein Stern Armband, Handarbeit."},{"@type":"BreadcrumbList","@id":"https:\/\/joyasyasmin.com\/de\/producto\/stern-armband-farbe-charm\/#breadcrumb","itemListElement":[{"@type":"ListItem","position":1,"name":"Portada","item":"https:\/\/joyasyasmin.com\/de\/heim\/"},{"@type":"ListItem","position":2,"name":"Shop","item":"https:\/\/joyasyasmin.com\/de\/shop\/"},{"@type":"ListItem","position":3,"name":"Stern Armband Farbe Charm"}]},{"@type":"WebSite","@id":"https:\/\/joyasyasmin.com\/de\/#website","url":"https:\/\/joyasyasmin.com\/de\/","name":"Yasmin","description":"Joyer\u00eda de Plata 925 - Pendientes, pulseras, anillos, colgantes y m\u00e1s!","publisher":{"@id":"https:\/\/joyasyasmin.com\/de\/#organization"},"potentialAction":[{"@type":"SearchAction","target":{"@type":"EntryPoint","urlTemplate":"https:\/\/joyasyasmin.com\/de\/?s={search_term_string}"},"query-input":{"@type":"PropertyValueSpecification","valueRequired":true,"valueName":"search_term_string"}}],"inLanguage":"de"},{"@type":"Organization","@id":"https:\/\/joyasyasmin.com\/de\/#organization","name":"joyas yasmin","url":"https:\/\/joyasyasmin.com\/de\/","logo":{"@type":"ImageObject","inLanguage":"de","@id":"https:\/\/joyasyasmin.com\/de\/#\/schema\/logo\/image\/","url":"https:\/\/joyasyasmin.com\/wp-content\/uploads\/2017\/06\/IMG-20200429-WA0051.jpg","contentUrl":"https:\/\/joyasyasmin.com\/wp-content\/uploads\/2017\/06\/IMG-20200429-WA0051.jpg","width":1080,"height":545,"caption":"joyas yasmin"},"image":{"@id":"https:\/\/joyasyasmin.com\/de\/#\/schema\/logo\/image\/"},"sameAs":["https:\/\/www.facebook.com\/Joyas-Yasmin-217664058934169\/","https:\/\/www.instagram.com\/invites\/contact\/"]}]}},"_links":{"self":[{"href":"https:\/\/joyasyasmin.com\/de\/wp-json\/wp\/v2\/product\/22085","targetHints":{"allow":["GET"]}}],"collection":[{"href":"https:\/\/joyasyasmin.com\/de\/wp-json\/wp\/v2\/product"}],"about":[{"href":"https:\/\/joyasyasmin.com\/de\/wp-json\/wp\/v2\/types\/product"}],"replies":[{"embeddable":true,"href":"https:\/\/joyasyasmin.com\/de\/wp-json\/wp\/v2\/comments?post=22085"}],"version-history":[{"count":1,"href":"https:\/\/joyasyasmin.com\/de\/wp-json\/wp\/v2\/product\/22085\/revisions"}],"predecessor-version":[{"id":36021,"href":"https:\/\/joyasyasmin.com\/de\/wp-json\/wp\/v2\/product\/22085\/revisions\/36021"}],"wp:featuredmedia":[{"embeddable":true,"href":"https:\/\/joyasyasmin.com\/de\/wp-json\/wp\/v2\/media\/22089"}],"wp:attachment":[{"href":"https:\/\/joyasyasmin.com\/de\/wp-json\/wp\/v2\/media?parent=22085"}],"wp:term":[{"taxonomy":"product_brand","embeddable":true,"href":"https:\/\/joyasyasmin.com\/de\/wp-json\/wp\/v2\/product_brand?post=22085"},{"taxonomy":"product_cat","embeddable":true,"href":"https:\/\/joyasyasmin.com\/de\/wp-json\/wp\/v2\/product_cat?post=22085"},{"taxonomy":"product_tag","embeddable":true,"href":"https:\/\/joyasyasmin.com\/de\/wp-json\/wp\/v2\/product_tag?post=22085"}],"curies":[{"name":"wp","href":"https:\/\/api.w.org\/{rel}","templated":true}]}}