{"id":22235,"date":"2023-09-02T15:58:40","date_gmt":"2023-09-02T15:58:40","guid":{"rendered":"https:\/\/joyasyasmin.com\/producto\/sonnenohrring-mit-schlichten-knoepfen\/"},"modified":"2023-09-02T15:58:40","modified_gmt":"2023-09-02T15:58:40","slug":"sonnenohrring-mit-schlichten-knoepfen","status":"publish","type":"product","link":"https:\/\/joyasyasmin.com\/de\/producto\/sonnenohrring-mit-schlichten-knoepfen\/","title":{"rendered":"Sonnenohrring mit schlichten Kn\u00f6pfen"},"content":{"rendered":"","protected":false},"excerpt":{"rendered":"<p>Entdecken Sie die strahlende Sch\u00f6nheit unseres Ohrrings aus 925er Sterlingsilber mit Sonnendesign. Dieser elegante Sonnenohrring mit schlichten Kn\u00f6pfen verf\u00fcgt \u00fcber einen dunkelsilbernen Mittelkreis mit einem Durchmesser von 11 mm, der von kleinen schlichten Kn\u00f6pfen umgeben ist, die die Illusion einer hellen Sonne erzeugen. Er \u00e4hnelt auch dem Charro-Knopf von Salamanca.  <\/p>\n","protected":false},"featured_media":22240,"comment_status":"open","ping_status":"closed","template":"","meta":{"_acf_changed":false,"_joinchat":[]},"product_brand":[],"product_cat":[1770],"product_tag":[2364,2363,2362],"class_list":{"0":"post-22235","1":"product","2":"type-product","3":"status-publish","4":"has-post-thumbnail","6":"product_cat-ohrringe-und-ohrringe","7":"product_tag-salamanca-charro-de","8":"product_tag-schlichter-ohrring-aus-silber","9":"product_tag-sonnenohrring-mit-schlichten-knopfen","11":"first","12":"instock","13":"shipping-taxable","14":"purchasable","15":"product-type-simple"},"acf":[],"yoast_head":"<!-- This site is optimized with the Yoast SEO plugin v27.3 - https:\/\/yoast.com\/product\/yoast-seo-wordpress\/ -->\n<title>Sonnenohrring mit schlichten Kn\u00f6pfen - Yasmin<\/title>\n<meta name=\"description\" content=\"Der Sonnenohrring mit schlichten Kn\u00f6pfen ist ein Schmuckst\u00fcck aus 925er Sterlingsilber, sein Design, das aussieht, als w\u00fcrde es eine Sonne bilden, ist originell und sehr sch\u00f6n f\u00fcr Ihren Alltag.\" \/>\n<meta name=\"robots\" content=\"index, follow, max-snippet:-1, max-image-preview:large, max-video-preview:-1\" \/>\n<link rel=\"canonical\" href=\"https:\/\/joyasyasmin.com\/de\/producto\/sonnenohrring-mit-schlichten-knoepfen\/\" \/>\n<meta property=\"og:locale\" content=\"de_DE\" \/>\n<meta property=\"og:title\" content=\"Sonnenohrring mit schlichten Kn\u00f6pfen - Yasmin\" \/>\n<meta property=\"og:description\" content=\"Der Sonnenohrring mit schlichten Kn\u00f6pfen ist ein Schmuckst\u00fcck aus 925er Sterlingsilber, sein Design, das aussieht, als w\u00fcrde es eine Sonne bilden, ist originell und sehr sch\u00f6n f\u00fcr Ihren Alltag.\" \/>\n<meta property=\"og:url\" content=\"https:\/\/joyasyasmin.com\/de\/producto\/sonnenohrring-mit-schlichten-knoepfen\/\" \/>\n<meta property=\"og:site_name\" content=\"Yasmin\" \/>\n<meta property=\"article:publisher\" content=\"https:\/\/www.facebook.com\/Joyas-Yasmin-217664058934169\/\" \/>\n<meta property=\"og:image\" content=\"https:\/\/joyasyasmin.com\/wp-content\/uploads\/2023\/09\/pendiente-boton-charro-salamanca.jpg\" \/>\n\t<meta property=\"og:image:width\" content=\"1000\" \/>\n\t<meta property=\"og:image:height\" content=\"1000\" \/>\n\t<meta property=\"og:image:type\" content=\"image\/jpeg\" \/>\n<meta name=\"twitter:card\" content=\"summary_large_image\" \/>\n<script type=\"application\/ld+json\" class=\"yoast-schema-graph\">{\"@context\":\"https:\\\/\\\/schema.org\",\"@graph\":[{\"@type\":[\"WebPage\",\"ItemPage\"],\"@id\":\"https:\\\/\\\/joyasyasmin.com\\\/de\\\/producto\\\/sonnenohrring-mit-schlichten-knoepfen\\\/\",\"url\":\"https:\\\/\\\/joyasyasmin.com\\\/de\\\/producto\\\/sonnenohrring-mit-schlichten-knoepfen\\\/\",\"name\":\"Sonnenohrring mit schlichten Kn\u00f6pfen - Yasmin\",\"isPartOf\":{\"@id\":\"https:\\\/\\\/joyasyasmin.com\\\/de\\\/#website\"},\"primaryImageOfPage\":{\"@id\":\"https:\\\/\\\/joyasyasmin.com\\\/de\\\/producto\\\/sonnenohrring-mit-schlichten-knoepfen\\\/#primaryimage\"},\"image\":{\"@id\":\"https:\\\/\\\/joyasyasmin.com\\\/de\\\/producto\\\/sonnenohrring-mit-schlichten-knoepfen\\\/#primaryimage\"},\"thumbnailUrl\":\"https:\\\/\\\/joyasyasmin.com\\\/wp-content\\\/uploads\\\/2023\\\/09\\\/pendiente-boton-charro-salamanca.jpg\",\"datePublished\":\"2023-09-02T15:58:40+00:00\",\"description\":\"Der Sonnenohrring mit schlichten Kn\u00f6pfen ist ein Schmuckst\u00fcck aus 925er Sterlingsilber, sein Design, das aussieht, als w\u00fcrde es eine Sonne bilden, ist originell und sehr sch\u00f6n f\u00fcr Ihren Alltag.\",\"breadcrumb\":{\"@id\":\"https:\\\/\\\/joyasyasmin.com\\\/de\\\/producto\\\/sonnenohrring-mit-schlichten-knoepfen\\\/#breadcrumb\"},\"inLanguage\":\"de\",\"potentialAction\":[{\"@type\":\"ReadAction\",\"target\":[\"https:\\\/\\\/joyasyasmin.com\\\/de\\\/producto\\\/sonnenohrring-mit-schlichten-knoepfen\\\/\"]}]},{\"@type\":\"ImageObject\",\"inLanguage\":\"de\",\"@id\":\"https:\\\/\\\/joyasyasmin.com\\\/de\\\/producto\\\/sonnenohrring-mit-schlichten-knoepfen\\\/#primaryimage\",\"url\":\"https:\\\/\\\/joyasyasmin.com\\\/wp-content\\\/uploads\\\/2023\\\/09\\\/pendiente-boton-charro-salamanca.jpg\",\"contentUrl\":\"https:\\\/\\\/joyasyasmin.com\\\/wp-content\\\/uploads\\\/2023\\\/09\\\/pendiente-boton-charro-salamanca.jpg\",\"width\":1000,\"height\":1000},{\"@type\":\"BreadcrumbList\",\"@id\":\"https:\\\/\\\/joyasyasmin.com\\\/de\\\/producto\\\/sonnenohrring-mit-schlichten-knoepfen\\\/#breadcrumb\",\"itemListElement\":[{\"@type\":\"ListItem\",\"position\":1,\"name\":\"Portada\",\"item\":\"https:\\\/\\\/joyasyasmin.com\\\/de\\\/heim\\\/\"},{\"@type\":\"ListItem\",\"position\":2,\"name\":\"Shop\",\"item\":\"https:\\\/\\\/joyasyasmin.com\\\/de\\\/shop\\\/\"},{\"@type\":\"ListItem\",\"position\":3,\"name\":\"Sonnenohrring mit schlichten Kn\u00f6pfen\"}]},{\"@type\":\"WebSite\",\"@id\":\"https:\\\/\\\/joyasyasmin.com\\\/de\\\/#website\",\"url\":\"https:\\\/\\\/joyasyasmin.com\\\/de\\\/\",\"name\":\"Yasmin\",\"description\":\"Joyer\u00eda de Plata 925 - Pendientes, pulseras, anillos, colgantes y m\u00e1s!\",\"publisher\":{\"@id\":\"https:\\\/\\\/joyasyasmin.com\\\/de\\\/#organization\"},\"potentialAction\":[{\"@type\":\"SearchAction\",\"target\":{\"@type\":\"EntryPoint\",\"urlTemplate\":\"https:\\\/\\\/joyasyasmin.com\\\/de\\\/?s={search_term_string}\"},\"query-input\":{\"@type\":\"PropertyValueSpecification\",\"valueRequired\":true,\"valueName\":\"search_term_string\"}}],\"inLanguage\":\"de\"},{\"@type\":\"Organization\",\"@id\":\"https:\\\/\\\/joyasyasmin.com\\\/de\\\/#organization\",\"name\":\"joyas yasmin\",\"url\":\"https:\\\/\\\/joyasyasmin.com\\\/de\\\/\",\"logo\":{\"@type\":\"ImageObject\",\"inLanguage\":\"de\",\"@id\":\"https:\\\/\\\/joyasyasmin.com\\\/de\\\/#\\\/schema\\\/logo\\\/image\\\/\",\"url\":\"https:\\\/\\\/joyasyasmin.com\\\/wp-content\\\/uploads\\\/2017\\\/06\\\/IMG-20200429-WA0051.jpg\",\"contentUrl\":\"https:\\\/\\\/joyasyasmin.com\\\/wp-content\\\/uploads\\\/2017\\\/06\\\/IMG-20200429-WA0051.jpg\",\"width\":1080,\"height\":545,\"caption\":\"joyas yasmin\"},\"image\":{\"@id\":\"https:\\\/\\\/joyasyasmin.com\\\/de\\\/#\\\/schema\\\/logo\\\/image\\\/\"},\"sameAs\":[\"https:\\\/\\\/www.facebook.com\\\/Joyas-Yasmin-217664058934169\\\/\",\"https:\\\/\\\/www.instagram.com\\\/invites\\\/contact\\\/\"]}]}<\/script>\n<!-- \/ Yoast SEO plugin. -->","yoast_head_json":{"title":"Sonnenohrring mit schlichten Kn\u00f6pfen - Yasmin","description":"Der Sonnenohrring mit schlichten Kn\u00f6pfen ist ein Schmuckst\u00fcck aus 925er Sterlingsilber, sein Design, das aussieht, als w\u00fcrde es eine Sonne bilden, ist originell und sehr sch\u00f6n f\u00fcr Ihren Alltag.","robots":{"index":"index","follow":"follow","max-snippet":"max-snippet:-1","max-image-preview":"max-image-preview:large","max-video-preview":"max-video-preview:-1"},"canonical":"https:\/\/joyasyasmin.com\/de\/producto\/sonnenohrring-mit-schlichten-knoepfen\/","og_locale":"de_DE","og_title":"Sonnenohrring mit schlichten Kn\u00f6pfen - Yasmin","og_description":"Der Sonnenohrring mit schlichten Kn\u00f6pfen ist ein Schmuckst\u00fcck aus 925er Sterlingsilber, sein Design, das aussieht, als w\u00fcrde es eine Sonne bilden, ist originell und sehr sch\u00f6n f\u00fcr Ihren Alltag.","og_url":"https:\/\/joyasyasmin.com\/de\/producto\/sonnenohrring-mit-schlichten-knoepfen\/","og_site_name":"Yasmin","article_publisher":"https:\/\/www.facebook.com\/Joyas-Yasmin-217664058934169\/","og_image":[{"width":1000,"height":1000,"url":"https:\/\/joyasyasmin.com\/wp-content\/uploads\/2023\/09\/pendiente-boton-charro-salamanca.jpg","type":"image\/jpeg"}],"twitter_card":"summary_large_image","schema":{"@context":"https:\/\/schema.org","@graph":[{"@type":["WebPage","ItemPage"],"@id":"https:\/\/joyasyasmin.com\/de\/producto\/sonnenohrring-mit-schlichten-knoepfen\/","url":"https:\/\/joyasyasmin.com\/de\/producto\/sonnenohrring-mit-schlichten-knoepfen\/","name":"Sonnenohrring mit schlichten Kn\u00f6pfen - Yasmin","isPartOf":{"@id":"https:\/\/joyasyasmin.com\/de\/#website"},"primaryImageOfPage":{"@id":"https:\/\/joyasyasmin.com\/de\/producto\/sonnenohrring-mit-schlichten-knoepfen\/#primaryimage"},"image":{"@id":"https:\/\/joyasyasmin.com\/de\/producto\/sonnenohrring-mit-schlichten-knoepfen\/#primaryimage"},"thumbnailUrl":"https:\/\/joyasyasmin.com\/wp-content\/uploads\/2023\/09\/pendiente-boton-charro-salamanca.jpg","datePublished":"2023-09-02T15:58:40+00:00","description":"Der Sonnenohrring mit schlichten Kn\u00f6pfen ist ein Schmuckst\u00fcck aus 925er Sterlingsilber, sein Design, das aussieht, als w\u00fcrde es eine Sonne bilden, ist originell und sehr sch\u00f6n f\u00fcr Ihren Alltag.","breadcrumb":{"@id":"https:\/\/joyasyasmin.com\/de\/producto\/sonnenohrring-mit-schlichten-knoepfen\/#breadcrumb"},"inLanguage":"de","potentialAction":[{"@type":"ReadAction","target":["https:\/\/joyasyasmin.com\/de\/producto\/sonnenohrring-mit-schlichten-knoepfen\/"]}]},{"@type":"ImageObject","inLanguage":"de","@id":"https:\/\/joyasyasmin.com\/de\/producto\/sonnenohrring-mit-schlichten-knoepfen\/#primaryimage","url":"https:\/\/joyasyasmin.com\/wp-content\/uploads\/2023\/09\/pendiente-boton-charro-salamanca.jpg","contentUrl":"https:\/\/joyasyasmin.com\/wp-content\/uploads\/2023\/09\/pendiente-boton-charro-salamanca.jpg","width":1000,"height":1000},{"@type":"BreadcrumbList","@id":"https:\/\/joyasyasmin.com\/de\/producto\/sonnenohrring-mit-schlichten-knoepfen\/#breadcrumb","itemListElement":[{"@type":"ListItem","position":1,"name":"Portada","item":"https:\/\/joyasyasmin.com\/de\/heim\/"},{"@type":"ListItem","position":2,"name":"Shop","item":"https:\/\/joyasyasmin.com\/de\/shop\/"},{"@type":"ListItem","position":3,"name":"Sonnenohrring mit schlichten Kn\u00f6pfen"}]},{"@type":"WebSite","@id":"https:\/\/joyasyasmin.com\/de\/#website","url":"https:\/\/joyasyasmin.com\/de\/","name":"Yasmin","description":"Joyer\u00eda de Plata 925 - Pendientes, pulseras, anillos, colgantes y m\u00e1s!","publisher":{"@id":"https:\/\/joyasyasmin.com\/de\/#organization"},"potentialAction":[{"@type":"SearchAction","target":{"@type":"EntryPoint","urlTemplate":"https:\/\/joyasyasmin.com\/de\/?s={search_term_string}"},"query-input":{"@type":"PropertyValueSpecification","valueRequired":true,"valueName":"search_term_string"}}],"inLanguage":"de"},{"@type":"Organization","@id":"https:\/\/joyasyasmin.com\/de\/#organization","name":"joyas yasmin","url":"https:\/\/joyasyasmin.com\/de\/","logo":{"@type":"ImageObject","inLanguage":"de","@id":"https:\/\/joyasyasmin.com\/de\/#\/schema\/logo\/image\/","url":"https:\/\/joyasyasmin.com\/wp-content\/uploads\/2017\/06\/IMG-20200429-WA0051.jpg","contentUrl":"https:\/\/joyasyasmin.com\/wp-content\/uploads\/2017\/06\/IMG-20200429-WA0051.jpg","width":1080,"height":545,"caption":"joyas yasmin"},"image":{"@id":"https:\/\/joyasyasmin.com\/de\/#\/schema\/logo\/image\/"},"sameAs":["https:\/\/www.facebook.com\/Joyas-Yasmin-217664058934169\/","https:\/\/www.instagram.com\/invites\/contact\/"]}]}},"_links":{"self":[{"href":"https:\/\/joyasyasmin.com\/de\/wp-json\/wp\/v2\/product\/22235","targetHints":{"allow":["GET"]}}],"collection":[{"href":"https:\/\/joyasyasmin.com\/de\/wp-json\/wp\/v2\/product"}],"about":[{"href":"https:\/\/joyasyasmin.com\/de\/wp-json\/wp\/v2\/types\/product"}],"replies":[{"embeddable":true,"href":"https:\/\/joyasyasmin.com\/de\/wp-json\/wp\/v2\/comments?post=22235"}],"version-history":[{"count":0,"href":"https:\/\/joyasyasmin.com\/de\/wp-json\/wp\/v2\/product\/22235\/revisions"}],"wp:featuredmedia":[{"embeddable":true,"href":"https:\/\/joyasyasmin.com\/de\/wp-json\/wp\/v2\/media\/22240"}],"wp:attachment":[{"href":"https:\/\/joyasyasmin.com\/de\/wp-json\/wp\/v2\/media?parent=22235"}],"wp:term":[{"taxonomy":"product_brand","embeddable":true,"href":"https:\/\/joyasyasmin.com\/de\/wp-json\/wp\/v2\/product_brand?post=22235"},{"taxonomy":"product_cat","embeddable":true,"href":"https:\/\/joyasyasmin.com\/de\/wp-json\/wp\/v2\/product_cat?post=22235"},{"taxonomy":"product_tag","embeddable":true,"href":"https:\/\/joyasyasmin.com\/de\/wp-json\/wp\/v2\/product_tag?post=22235"}],"curies":[{"name":"wp","href":"https:\/\/api.w.org\/{rel}","templated":true}]}}