{"id":22289,"date":"2023-09-03T11:35:42","date_gmt":"2023-09-03T11:35:42","guid":{"rendered":"https:\/\/joyasyasmin.com\/producto\/kreuz-anhaenger-aus-sterlingsilber\/"},"modified":"2025-11-10T11:47:46","modified_gmt":"2025-11-10T11:47:46","slug":"kreuz-anhaenger-aus-sterlingsilber","status":"publish","type":"product","link":"https:\/\/joyasyasmin.com\/de\/producto\/kreuz-anhaenger-aus-sterlingsilber\/","title":{"rendered":"Kreuz-Anh\u00e4nger aus Sterlingsilber"},"content":{"rendered":"","protected":false},"excerpt":{"rendered":"<p>Werten Sie Ihren Stil mit diesem wundersch\u00f6nen Kreuzanh\u00e4nger aus 925er Sterlingsilber auf, einem zeitlosen Symbol des Glaubens und der Eleganz. Dieser einzigartige Anh\u00e4nger zeichnet sich durch ein exquisites Design mit einem zentralen Kreis aus, der mit einem schillernden Perlmuttstein verziert ist, umgeben von funkelnden Zirkonias in verschiedenen Farben, die einen Hauch von Leuchtkraft und Verspieltheit verleihen. <\/p>\n","protected":false},"featured_media":22298,"comment_status":"open","ping_status":"closed","template":"","meta":{"_acf_changed":false,"_joinchat":[]},"product_brand":[],"product_cat":[1874],"product_tag":[2385,2386,2170],"class_list":{"0":"post-22289","1":"product","2":"type-product","3":"status-publish","4":"has-post-thumbnail","6":"product_cat-anhanger","7":"product_tag-kreuz-mit-silberfarbenem-stein","8":"product_tag-kreuz-anhanger-aus-sterlingsilber","9":"product_tag-was-ist-neu-in-2023","11":"first","12":"instock","13":"shipping-taxable","14":"purchasable","15":"product-type-variable"},"acf":[],"yoast_head":"<!-- This site is optimized with the Yoast SEO plugin v27.2 - https:\/\/yoast.com\/product\/yoast-seo-wordpress\/ -->\n<title>Kreuz-Anh\u00e4nger aus Sterlingsilber - Yasmin<\/title>\n<meta name=\"description\" content=\"Der Kreuzanh\u00e4nger aus Sterlingsilber ist die perfekte Wahl f\u00fcr diejenigen, die ein einzigartiges und bedeutungsvolles Schmuckst\u00fcck suchen, es ist elegant und einzigartig.\" \/>\n<meta name=\"robots\" content=\"index, follow, max-snippet:-1, max-image-preview:large, max-video-preview:-1\" \/>\n<link rel=\"canonical\" href=\"https:\/\/joyasyasmin.com\/de\/producto\/kreuz-anhaenger-aus-sterlingsilber\/\" \/>\n<meta property=\"og:locale\" content=\"de_DE\" \/>\n<meta property=\"og:title\" content=\"Kreuz-Anh\u00e4nger aus Sterlingsilber - Yasmin\" \/>\n<meta property=\"og:description\" content=\"Der Kreuzanh\u00e4nger aus Sterlingsilber ist die perfekte Wahl f\u00fcr diejenigen, die ein einzigartiges und bedeutungsvolles Schmuckst\u00fcck suchen, es ist elegant und einzigartig.\" \/>\n<meta property=\"og:url\" content=\"https:\/\/joyasyasmin.com\/de\/producto\/kreuz-anhaenger-aus-sterlingsilber\/\" \/>\n<meta property=\"og:site_name\" content=\"Yasmin\" \/>\n<meta property=\"article:publisher\" content=\"https:\/\/www.facebook.com\/Joyas-Yasmin-217664058934169\/\" \/>\n<meta property=\"article:modified_time\" content=\"2025-11-10T11:47:46+00:00\" \/>\n<meta property=\"og:image\" content=\"https:\/\/joyasyasmin.com\/wp-content\/uploads\/2023\/09\/colgante-cruz-de-piedra-plata.jpg\" \/>\n\t<meta property=\"og:image:width\" content=\"1000\" \/>\n\t<meta property=\"og:image:height\" content=\"1000\" \/>\n\t<meta property=\"og:image:type\" content=\"image\/jpeg\" \/>\n<meta name=\"twitter:card\" content=\"summary_large_image\" \/>\n<script type=\"application\/ld+json\" class=\"yoast-schema-graph\">{\"@context\":\"https:\/\/schema.org\",\"@graph\":[{\"@type\":[\"WebPage\",\"ItemPage\"],\"@id\":\"https:\/\/joyasyasmin.com\/de\/producto\/kreuz-anhaenger-aus-sterlingsilber\/\",\"url\":\"https:\/\/joyasyasmin.com\/de\/producto\/kreuz-anhaenger-aus-sterlingsilber\/\",\"name\":\"Kreuz-Anh\u00e4nger aus Sterlingsilber - Yasmin\",\"isPartOf\":{\"@id\":\"https:\/\/joyasyasmin.com\/de\/#website\"},\"primaryImageOfPage\":{\"@id\":\"https:\/\/joyasyasmin.com\/de\/producto\/kreuz-anhaenger-aus-sterlingsilber\/#primaryimage\"},\"image\":{\"@id\":\"https:\/\/joyasyasmin.com\/de\/producto\/kreuz-anhaenger-aus-sterlingsilber\/#primaryimage\"},\"thumbnailUrl\":\"https:\/\/joyasyasmin.com\/wp-content\/uploads\/2023\/09\/colgante-cruz-de-piedra-plata.jpg\",\"datePublished\":\"2023-09-03T11:35:42+00:00\",\"dateModified\":\"2025-11-10T11:47:46+00:00\",\"description\":\"Der Kreuzanh\u00e4nger aus Sterlingsilber ist die perfekte Wahl f\u00fcr diejenigen, die ein einzigartiges und bedeutungsvolles Schmuckst\u00fcck suchen, es ist elegant und einzigartig.\",\"breadcrumb\":{\"@id\":\"https:\/\/joyasyasmin.com\/de\/producto\/kreuz-anhaenger-aus-sterlingsilber\/#breadcrumb\"},\"inLanguage\":\"de\",\"potentialAction\":[{\"@type\":\"ReadAction\",\"target\":[\"https:\/\/joyasyasmin.com\/de\/producto\/kreuz-anhaenger-aus-sterlingsilber\/\"]}]},{\"@type\":\"ImageObject\",\"inLanguage\":\"de\",\"@id\":\"https:\/\/joyasyasmin.com\/de\/producto\/kreuz-anhaenger-aus-sterlingsilber\/#primaryimage\",\"url\":\"https:\/\/joyasyasmin.com\/wp-content\/uploads\/2023\/09\/colgante-cruz-de-piedra-plata.jpg\",\"contentUrl\":\"https:\/\/joyasyasmin.com\/wp-content\/uploads\/2023\/09\/colgante-cruz-de-piedra-plata.jpg\",\"width\":1000,\"height\":1000,\"caption\":\"Farbiger Steinkreuz Anh\u00e4nger zum Verkauf und 925 Sterling Silber\"},{\"@type\":\"BreadcrumbList\",\"@id\":\"https:\/\/joyasyasmin.com\/de\/producto\/kreuz-anhaenger-aus-sterlingsilber\/#breadcrumb\",\"itemListElement\":[{\"@type\":\"ListItem\",\"position\":1,\"name\":\"Portada\",\"item\":\"https:\/\/joyasyasmin.com\/de\/heim\/\"},{\"@type\":\"ListItem\",\"position\":2,\"name\":\"Shop\",\"item\":\"https:\/\/joyasyasmin.com\/de\/shop\/\"},{\"@type\":\"ListItem\",\"position\":3,\"name\":\"Kreuz-Anh\u00e4nger aus Sterlingsilber\"}]},{\"@type\":\"WebSite\",\"@id\":\"https:\/\/joyasyasmin.com\/de\/#website\",\"url\":\"https:\/\/joyasyasmin.com\/de\/\",\"name\":\"Yasmin\",\"description\":\"Joyer\u00eda de Plata 925 - Pendientes, pulseras, anillos, colgantes y m\u00e1s!\",\"publisher\":{\"@id\":\"https:\/\/joyasyasmin.com\/de\/#organization\"},\"potentialAction\":[{\"@type\":\"SearchAction\",\"target\":{\"@type\":\"EntryPoint\",\"urlTemplate\":\"https:\/\/joyasyasmin.com\/de\/?s={search_term_string}\"},\"query-input\":{\"@type\":\"PropertyValueSpecification\",\"valueRequired\":true,\"valueName\":\"search_term_string\"}}],\"inLanguage\":\"de\"},{\"@type\":\"Organization\",\"@id\":\"https:\/\/joyasyasmin.com\/de\/#organization\",\"name\":\"joyas yasmin\",\"url\":\"https:\/\/joyasyasmin.com\/de\/\",\"logo\":{\"@type\":\"ImageObject\",\"inLanguage\":\"de\",\"@id\":\"https:\/\/joyasyasmin.com\/de\/#\/schema\/logo\/image\/\",\"url\":\"https:\/\/joyasyasmin.com\/wp-content\/uploads\/2017\/06\/IMG-20200429-WA0051.jpg\",\"contentUrl\":\"https:\/\/joyasyasmin.com\/wp-content\/uploads\/2017\/06\/IMG-20200429-WA0051.jpg\",\"width\":1080,\"height\":545,\"caption\":\"joyas yasmin\"},\"image\":{\"@id\":\"https:\/\/joyasyasmin.com\/de\/#\/schema\/logo\/image\/\"},\"sameAs\":[\"https:\/\/www.facebook.com\/Joyas-Yasmin-217664058934169\/\",\"https:\/\/www.instagram.com\/invites\/contact\/\"]}]}<\/script>\n<!-- \/ Yoast SEO plugin. -->","yoast_head_json":{"title":"Kreuz-Anh\u00e4nger aus Sterlingsilber - Yasmin","description":"Der Kreuzanh\u00e4nger aus Sterlingsilber ist die perfekte Wahl f\u00fcr diejenigen, die ein einzigartiges und bedeutungsvolles Schmuckst\u00fcck suchen, es ist elegant und einzigartig.","robots":{"index":"index","follow":"follow","max-snippet":"max-snippet:-1","max-image-preview":"max-image-preview:large","max-video-preview":"max-video-preview:-1"},"canonical":"https:\/\/joyasyasmin.com\/de\/producto\/kreuz-anhaenger-aus-sterlingsilber\/","og_locale":"de_DE","og_title":"Kreuz-Anh\u00e4nger aus Sterlingsilber - Yasmin","og_description":"Der Kreuzanh\u00e4nger aus Sterlingsilber ist die perfekte Wahl f\u00fcr diejenigen, die ein einzigartiges und bedeutungsvolles Schmuckst\u00fcck suchen, es ist elegant und einzigartig.","og_url":"https:\/\/joyasyasmin.com\/de\/producto\/kreuz-anhaenger-aus-sterlingsilber\/","og_site_name":"Yasmin","article_publisher":"https:\/\/www.facebook.com\/Joyas-Yasmin-217664058934169\/","article_modified_time":"2025-11-10T11:47:46+00:00","og_image":[{"width":1000,"height":1000,"url":"https:\/\/joyasyasmin.com\/wp-content\/uploads\/2023\/09\/colgante-cruz-de-piedra-plata.jpg","type":"image\/jpeg"}],"twitter_card":"summary_large_image","schema":{"@context":"https:\/\/schema.org","@graph":[{"@type":["WebPage","ItemPage"],"@id":"https:\/\/joyasyasmin.com\/de\/producto\/kreuz-anhaenger-aus-sterlingsilber\/","url":"https:\/\/joyasyasmin.com\/de\/producto\/kreuz-anhaenger-aus-sterlingsilber\/","name":"Kreuz-Anh\u00e4nger aus Sterlingsilber - Yasmin","isPartOf":{"@id":"https:\/\/joyasyasmin.com\/de\/#website"},"primaryImageOfPage":{"@id":"https:\/\/joyasyasmin.com\/de\/producto\/kreuz-anhaenger-aus-sterlingsilber\/#primaryimage"},"image":{"@id":"https:\/\/joyasyasmin.com\/de\/producto\/kreuz-anhaenger-aus-sterlingsilber\/#primaryimage"},"thumbnailUrl":"https:\/\/joyasyasmin.com\/wp-content\/uploads\/2023\/09\/colgante-cruz-de-piedra-plata.jpg","datePublished":"2023-09-03T11:35:42+00:00","dateModified":"2025-11-10T11:47:46+00:00","description":"Der Kreuzanh\u00e4nger aus Sterlingsilber ist die perfekte Wahl f\u00fcr diejenigen, die ein einzigartiges und bedeutungsvolles Schmuckst\u00fcck suchen, es ist elegant und einzigartig.","breadcrumb":{"@id":"https:\/\/joyasyasmin.com\/de\/producto\/kreuz-anhaenger-aus-sterlingsilber\/#breadcrumb"},"inLanguage":"de","potentialAction":[{"@type":"ReadAction","target":["https:\/\/joyasyasmin.com\/de\/producto\/kreuz-anhaenger-aus-sterlingsilber\/"]}]},{"@type":"ImageObject","inLanguage":"de","@id":"https:\/\/joyasyasmin.com\/de\/producto\/kreuz-anhaenger-aus-sterlingsilber\/#primaryimage","url":"https:\/\/joyasyasmin.com\/wp-content\/uploads\/2023\/09\/colgante-cruz-de-piedra-plata.jpg","contentUrl":"https:\/\/joyasyasmin.com\/wp-content\/uploads\/2023\/09\/colgante-cruz-de-piedra-plata.jpg","width":1000,"height":1000,"caption":"Farbiger Steinkreuz Anh\u00e4nger zum Verkauf und 925 Sterling Silber"},{"@type":"BreadcrumbList","@id":"https:\/\/joyasyasmin.com\/de\/producto\/kreuz-anhaenger-aus-sterlingsilber\/#breadcrumb","itemListElement":[{"@type":"ListItem","position":1,"name":"Portada","item":"https:\/\/joyasyasmin.com\/de\/heim\/"},{"@type":"ListItem","position":2,"name":"Shop","item":"https:\/\/joyasyasmin.com\/de\/shop\/"},{"@type":"ListItem","position":3,"name":"Kreuz-Anh\u00e4nger aus Sterlingsilber"}]},{"@type":"WebSite","@id":"https:\/\/joyasyasmin.com\/de\/#website","url":"https:\/\/joyasyasmin.com\/de\/","name":"Yasmin","description":"Joyer\u00eda de Plata 925 - Pendientes, pulseras, anillos, colgantes y m\u00e1s!","publisher":{"@id":"https:\/\/joyasyasmin.com\/de\/#organization"},"potentialAction":[{"@type":"SearchAction","target":{"@type":"EntryPoint","urlTemplate":"https:\/\/joyasyasmin.com\/de\/?s={search_term_string}"},"query-input":{"@type":"PropertyValueSpecification","valueRequired":true,"valueName":"search_term_string"}}],"inLanguage":"de"},{"@type":"Organization","@id":"https:\/\/joyasyasmin.com\/de\/#organization","name":"joyas yasmin","url":"https:\/\/joyasyasmin.com\/de\/","logo":{"@type":"ImageObject","inLanguage":"de","@id":"https:\/\/joyasyasmin.com\/de\/#\/schema\/logo\/image\/","url":"https:\/\/joyasyasmin.com\/wp-content\/uploads\/2017\/06\/IMG-20200429-WA0051.jpg","contentUrl":"https:\/\/joyasyasmin.com\/wp-content\/uploads\/2017\/06\/IMG-20200429-WA0051.jpg","width":1080,"height":545,"caption":"joyas yasmin"},"image":{"@id":"https:\/\/joyasyasmin.com\/de\/#\/schema\/logo\/image\/"},"sameAs":["https:\/\/www.facebook.com\/Joyas-Yasmin-217664058934169\/","https:\/\/www.instagram.com\/invites\/contact\/"]}]}},"_links":{"self":[{"href":"https:\/\/joyasyasmin.com\/de\/wp-json\/wp\/v2\/product\/22289","targetHints":{"allow":["GET"]}}],"collection":[{"href":"https:\/\/joyasyasmin.com\/de\/wp-json\/wp\/v2\/product"}],"about":[{"href":"https:\/\/joyasyasmin.com\/de\/wp-json\/wp\/v2\/types\/product"}],"replies":[{"embeddable":true,"href":"https:\/\/joyasyasmin.com\/de\/wp-json\/wp\/v2\/comments?post=22289"}],"version-history":[{"count":1,"href":"https:\/\/joyasyasmin.com\/de\/wp-json\/wp\/v2\/product\/22289\/revisions"}],"predecessor-version":[{"id":29528,"href":"https:\/\/joyasyasmin.com\/de\/wp-json\/wp\/v2\/product\/22289\/revisions\/29528"}],"wp:featuredmedia":[{"embeddable":true,"href":"https:\/\/joyasyasmin.com\/de\/wp-json\/wp\/v2\/media\/22298"}],"wp:attachment":[{"href":"https:\/\/joyasyasmin.com\/de\/wp-json\/wp\/v2\/media?parent=22289"}],"wp:term":[{"taxonomy":"product_brand","embeddable":true,"href":"https:\/\/joyasyasmin.com\/de\/wp-json\/wp\/v2\/product_brand?post=22289"},{"taxonomy":"product_cat","embeddable":true,"href":"https:\/\/joyasyasmin.com\/de\/wp-json\/wp\/v2\/product_cat?post=22289"},{"taxonomy":"product_tag","embeddable":true,"href":"https:\/\/joyasyasmin.com\/de\/wp-json\/wp\/v2\/product_tag?post=22289"}],"curies":[{"name":"wp","href":"https:\/\/api.w.org\/{rel}","templated":true}]}}