{"id":22428,"date":"2023-09-11T20:29:13","date_gmt":"2023-09-11T20:29:13","guid":{"rendered":"https:\/\/joyasyasmin.com\/producto\/hippi-blatt-stick-ohrring\/"},"modified":"2025-11-10T11:34:49","modified_gmt":"2025-11-10T11:34:49","slug":"hippi-blatt-stick-ohrring","status":"publish","type":"product","link":"https:\/\/joyasyasmin.com\/de\/producto\/hippi-blatt-stick-ohrring\/","title":{"rendered":"Hippi Blatt Stick Ohrring"},"content":{"rendered":"","protected":false},"excerpt":{"rendered":"<p>Dieser elegante Hippi Stick Ohrring aus 925 Sterling Blattsilber mit einem 4,5 cm langen Hippi Stick Ohrring. Seine Schlichtheit und Sch\u00f6nheit vereinen sich zu einem zeitlosen St\u00fcck, das jedes Outfit erg\u00e4nzt.<\/p>\n<p><strong>Bedeutung des Blattes:<\/strong> Das Blatt symbolisiert Natur, Wachstum und Erneuerung. Es steht f\u00fcr die Verbundenheit mit der Erde und die Suche nach Harmonie. Dieses Blatt mit dir zu tragen bedeutet, eine Erinnerung an die Sch\u00f6nheit und die st\u00e4ndige Entwicklung des Lebens mit dir zu tragen.<\/p>\n","protected":false},"featured_media":22434,"comment_status":"open","ping_status":"closed","template":"","meta":{"_acf_changed":false,"_joinchat":[]},"product_brand":[],"product_cat":[1770],"product_tag":[2445,2150],"class_list":{"0":"post-22428","1":"product","2":"type-product","3":"status-publish","4":"has-post-thumbnail","6":"product_cat-ohrringe-und-ohrringe","7":"product_tag-hippi-blatt-ohrring-mit-stab","8":"product_tag-lange-ohrringe-aus-silber","10":"first","11":"instock","12":"shipping-taxable","13":"purchasable","14":"product-type-simple"},"acf":[],"yoast_head":"<!-- This site is optimized with the Yoast SEO plugin v27.2 - https:\/\/yoast.com\/product\/yoast-seo-wordpress\/ -->\n<title>Hippi Blatt Stick Ohrring - Yasmin<\/title>\n<meta name=\"description\" content=\"Der Hippi-Blatt-Ohrstecker ist ein elegantes Schmuckst\u00fcck, das Sie t\u00e4glich oder zu besonderen Anl\u00e4ssen tragen k\u00f6nnen, da es aus 925er Sterlingsilber besteht.\" \/>\n<meta name=\"robots\" content=\"index, follow, max-snippet:-1, max-image-preview:large, max-video-preview:-1\" \/>\n<link rel=\"canonical\" href=\"https:\/\/joyasyasmin.com\/de\/producto\/hippi-blatt-stick-ohrring\/\" \/>\n<meta property=\"og:locale\" content=\"de_DE\" \/>\n<meta property=\"og:title\" content=\"Hippi Blatt Stick Ohrring - Yasmin\" \/>\n<meta property=\"og:description\" content=\"Der Hippi-Blatt-Ohrstecker ist ein elegantes Schmuckst\u00fcck, das Sie t\u00e4glich oder zu besonderen Anl\u00e4ssen tragen k\u00f6nnen, da es aus 925er Sterlingsilber besteht.\" \/>\n<meta property=\"og:url\" content=\"https:\/\/joyasyasmin.com\/de\/producto\/hippi-blatt-stick-ohrring\/\" \/>\n<meta property=\"og:site_name\" content=\"Yasmin\" \/>\n<meta property=\"article:publisher\" content=\"https:\/\/www.facebook.com\/Joyas-Yasmin-217664058934169\/\" \/>\n<meta property=\"article:modified_time\" content=\"2025-11-10T11:34:49+00:00\" \/>\n<meta property=\"og:image\" content=\"https:\/\/joyasyasmin.com\/wp-content\/uploads\/2023\/09\/pendiente-hoja-de-plata-.jpg\" \/>\n\t<meta property=\"og:image:width\" content=\"1000\" \/>\n\t<meta property=\"og:image:height\" content=\"1000\" \/>\n\t<meta property=\"og:image:type\" content=\"image\/jpeg\" \/>\n<meta name=\"twitter:card\" content=\"summary_large_image\" \/>\n<script type=\"application\/ld+json\" class=\"yoast-schema-graph\">{\"@context\":\"https:\/\/schema.org\",\"@graph\":[{\"@type\":[\"WebPage\",\"ItemPage\"],\"@id\":\"https:\/\/joyasyasmin.com\/de\/producto\/hippi-blatt-stick-ohrring\/\",\"url\":\"https:\/\/joyasyasmin.com\/de\/producto\/hippi-blatt-stick-ohrring\/\",\"name\":\"Hippi Blatt Stick Ohrring - Yasmin\",\"isPartOf\":{\"@id\":\"https:\/\/joyasyasmin.com\/de\/#website\"},\"primaryImageOfPage\":{\"@id\":\"https:\/\/joyasyasmin.com\/de\/producto\/hippi-blatt-stick-ohrring\/#primaryimage\"},\"image\":{\"@id\":\"https:\/\/joyasyasmin.com\/de\/producto\/hippi-blatt-stick-ohrring\/#primaryimage\"},\"thumbnailUrl\":\"https:\/\/joyasyasmin.com\/wp-content\/uploads\/2023\/09\/pendiente-hoja-de-plata-.jpg\",\"datePublished\":\"2023-09-11T20:29:13+00:00\",\"dateModified\":\"2025-11-10T11:34:49+00:00\",\"description\":\"Der Hippi-Blatt-Ohrstecker ist ein elegantes Schmuckst\u00fcck, das Sie t\u00e4glich oder zu besonderen Anl\u00e4ssen tragen k\u00f6nnen, da es aus 925er Sterlingsilber besteht.\",\"breadcrumb\":{\"@id\":\"https:\/\/joyasyasmin.com\/de\/producto\/hippi-blatt-stick-ohrring\/#breadcrumb\"},\"inLanguage\":\"de\",\"potentialAction\":[{\"@type\":\"ReadAction\",\"target\":[\"https:\/\/joyasyasmin.com\/de\/producto\/hippi-blatt-stick-ohrring\/\"]}]},{\"@type\":\"ImageObject\",\"inLanguage\":\"de\",\"@id\":\"https:\/\/joyasyasmin.com\/de\/producto\/hippi-blatt-stick-ohrring\/#primaryimage\",\"url\":\"https:\/\/joyasyasmin.com\/wp-content\/uploads\/2023\/09\/pendiente-hoja-de-plata-.jpg\",\"contentUrl\":\"https:\/\/joyasyasmin.com\/wp-content\/uploads\/2023\/09\/pendiente-hoja-de-plata-.jpg\",\"width\":1000,\"height\":1000,\"caption\":\"Silberblatt Hippi Stick Ohrring zum Verkauf\"},{\"@type\":\"BreadcrumbList\",\"@id\":\"https:\/\/joyasyasmin.com\/de\/producto\/hippi-blatt-stick-ohrring\/#breadcrumb\",\"itemListElement\":[{\"@type\":\"ListItem\",\"position\":1,\"name\":\"Portada\",\"item\":\"https:\/\/joyasyasmin.com\/de\/heim\/\"},{\"@type\":\"ListItem\",\"position\":2,\"name\":\"Shop\",\"item\":\"https:\/\/joyasyasmin.com\/de\/shop\/\"},{\"@type\":\"ListItem\",\"position\":3,\"name\":\"Hippi Blatt Stick Ohrring\"}]},{\"@type\":\"WebSite\",\"@id\":\"https:\/\/joyasyasmin.com\/de\/#website\",\"url\":\"https:\/\/joyasyasmin.com\/de\/\",\"name\":\"Yasmin\",\"description\":\"Joyer\u00eda de Plata 925 - Pendientes, pulseras, anillos, colgantes y m\u00e1s!\",\"publisher\":{\"@id\":\"https:\/\/joyasyasmin.com\/de\/#organization\"},\"potentialAction\":[{\"@type\":\"SearchAction\",\"target\":{\"@type\":\"EntryPoint\",\"urlTemplate\":\"https:\/\/joyasyasmin.com\/de\/?s={search_term_string}\"},\"query-input\":{\"@type\":\"PropertyValueSpecification\",\"valueRequired\":true,\"valueName\":\"search_term_string\"}}],\"inLanguage\":\"de\"},{\"@type\":\"Organization\",\"@id\":\"https:\/\/joyasyasmin.com\/de\/#organization\",\"name\":\"joyas yasmin\",\"url\":\"https:\/\/joyasyasmin.com\/de\/\",\"logo\":{\"@type\":\"ImageObject\",\"inLanguage\":\"de\",\"@id\":\"https:\/\/joyasyasmin.com\/de\/#\/schema\/logo\/image\/\",\"url\":\"https:\/\/joyasyasmin.com\/wp-content\/uploads\/2017\/06\/IMG-20200429-WA0051.jpg\",\"contentUrl\":\"https:\/\/joyasyasmin.com\/wp-content\/uploads\/2017\/06\/IMG-20200429-WA0051.jpg\",\"width\":1080,\"height\":545,\"caption\":\"joyas yasmin\"},\"image\":{\"@id\":\"https:\/\/joyasyasmin.com\/de\/#\/schema\/logo\/image\/\"},\"sameAs\":[\"https:\/\/www.facebook.com\/Joyas-Yasmin-217664058934169\/\",\"https:\/\/www.instagram.com\/invites\/contact\/\"]}]}<\/script>\n<!-- \/ Yoast SEO plugin. -->","yoast_head_json":{"title":"Hippi Blatt Stick Ohrring - Yasmin","description":"Der Hippi-Blatt-Ohrstecker ist ein elegantes Schmuckst\u00fcck, das Sie t\u00e4glich oder zu besonderen Anl\u00e4ssen tragen k\u00f6nnen, da es aus 925er Sterlingsilber besteht.","robots":{"index":"index","follow":"follow","max-snippet":"max-snippet:-1","max-image-preview":"max-image-preview:large","max-video-preview":"max-video-preview:-1"},"canonical":"https:\/\/joyasyasmin.com\/de\/producto\/hippi-blatt-stick-ohrring\/","og_locale":"de_DE","og_title":"Hippi Blatt Stick Ohrring - Yasmin","og_description":"Der Hippi-Blatt-Ohrstecker ist ein elegantes Schmuckst\u00fcck, das Sie t\u00e4glich oder zu besonderen Anl\u00e4ssen tragen k\u00f6nnen, da es aus 925er Sterlingsilber besteht.","og_url":"https:\/\/joyasyasmin.com\/de\/producto\/hippi-blatt-stick-ohrring\/","og_site_name":"Yasmin","article_publisher":"https:\/\/www.facebook.com\/Joyas-Yasmin-217664058934169\/","article_modified_time":"2025-11-10T11:34:49+00:00","og_image":[{"width":1000,"height":1000,"url":"https:\/\/joyasyasmin.com\/wp-content\/uploads\/2023\/09\/pendiente-hoja-de-plata-.jpg","type":"image\/jpeg"}],"twitter_card":"summary_large_image","schema":{"@context":"https:\/\/schema.org","@graph":[{"@type":["WebPage","ItemPage"],"@id":"https:\/\/joyasyasmin.com\/de\/producto\/hippi-blatt-stick-ohrring\/","url":"https:\/\/joyasyasmin.com\/de\/producto\/hippi-blatt-stick-ohrring\/","name":"Hippi Blatt Stick Ohrring - Yasmin","isPartOf":{"@id":"https:\/\/joyasyasmin.com\/de\/#website"},"primaryImageOfPage":{"@id":"https:\/\/joyasyasmin.com\/de\/producto\/hippi-blatt-stick-ohrring\/#primaryimage"},"image":{"@id":"https:\/\/joyasyasmin.com\/de\/producto\/hippi-blatt-stick-ohrring\/#primaryimage"},"thumbnailUrl":"https:\/\/joyasyasmin.com\/wp-content\/uploads\/2023\/09\/pendiente-hoja-de-plata-.jpg","datePublished":"2023-09-11T20:29:13+00:00","dateModified":"2025-11-10T11:34:49+00:00","description":"Der Hippi-Blatt-Ohrstecker ist ein elegantes Schmuckst\u00fcck, das Sie t\u00e4glich oder zu besonderen Anl\u00e4ssen tragen k\u00f6nnen, da es aus 925er Sterlingsilber besteht.","breadcrumb":{"@id":"https:\/\/joyasyasmin.com\/de\/producto\/hippi-blatt-stick-ohrring\/#breadcrumb"},"inLanguage":"de","potentialAction":[{"@type":"ReadAction","target":["https:\/\/joyasyasmin.com\/de\/producto\/hippi-blatt-stick-ohrring\/"]}]},{"@type":"ImageObject","inLanguage":"de","@id":"https:\/\/joyasyasmin.com\/de\/producto\/hippi-blatt-stick-ohrring\/#primaryimage","url":"https:\/\/joyasyasmin.com\/wp-content\/uploads\/2023\/09\/pendiente-hoja-de-plata-.jpg","contentUrl":"https:\/\/joyasyasmin.com\/wp-content\/uploads\/2023\/09\/pendiente-hoja-de-plata-.jpg","width":1000,"height":1000,"caption":"Silberblatt Hippi Stick Ohrring zum Verkauf"},{"@type":"BreadcrumbList","@id":"https:\/\/joyasyasmin.com\/de\/producto\/hippi-blatt-stick-ohrring\/#breadcrumb","itemListElement":[{"@type":"ListItem","position":1,"name":"Portada","item":"https:\/\/joyasyasmin.com\/de\/heim\/"},{"@type":"ListItem","position":2,"name":"Shop","item":"https:\/\/joyasyasmin.com\/de\/shop\/"},{"@type":"ListItem","position":3,"name":"Hippi Blatt Stick Ohrring"}]},{"@type":"WebSite","@id":"https:\/\/joyasyasmin.com\/de\/#website","url":"https:\/\/joyasyasmin.com\/de\/","name":"Yasmin","description":"Joyer\u00eda de Plata 925 - Pendientes, pulseras, anillos, colgantes y m\u00e1s!","publisher":{"@id":"https:\/\/joyasyasmin.com\/de\/#organization"},"potentialAction":[{"@type":"SearchAction","target":{"@type":"EntryPoint","urlTemplate":"https:\/\/joyasyasmin.com\/de\/?s={search_term_string}"},"query-input":{"@type":"PropertyValueSpecification","valueRequired":true,"valueName":"search_term_string"}}],"inLanguage":"de"},{"@type":"Organization","@id":"https:\/\/joyasyasmin.com\/de\/#organization","name":"joyas yasmin","url":"https:\/\/joyasyasmin.com\/de\/","logo":{"@type":"ImageObject","inLanguage":"de","@id":"https:\/\/joyasyasmin.com\/de\/#\/schema\/logo\/image\/","url":"https:\/\/joyasyasmin.com\/wp-content\/uploads\/2017\/06\/IMG-20200429-WA0051.jpg","contentUrl":"https:\/\/joyasyasmin.com\/wp-content\/uploads\/2017\/06\/IMG-20200429-WA0051.jpg","width":1080,"height":545,"caption":"joyas yasmin"},"image":{"@id":"https:\/\/joyasyasmin.com\/de\/#\/schema\/logo\/image\/"},"sameAs":["https:\/\/www.facebook.com\/Joyas-Yasmin-217664058934169\/","https:\/\/www.instagram.com\/invites\/contact\/"]}]}},"_links":{"self":[{"href":"https:\/\/joyasyasmin.com\/de\/wp-json\/wp\/v2\/product\/22428","targetHints":{"allow":["GET"]}}],"collection":[{"href":"https:\/\/joyasyasmin.com\/de\/wp-json\/wp\/v2\/product"}],"about":[{"href":"https:\/\/joyasyasmin.com\/de\/wp-json\/wp\/v2\/types\/product"}],"replies":[{"embeddable":true,"href":"https:\/\/joyasyasmin.com\/de\/wp-json\/wp\/v2\/comments?post=22428"}],"version-history":[{"count":1,"href":"https:\/\/joyasyasmin.com\/de\/wp-json\/wp\/v2\/product\/22428\/revisions"}],"predecessor-version":[{"id":35832,"href":"https:\/\/joyasyasmin.com\/de\/wp-json\/wp\/v2\/product\/22428\/revisions\/35832"}],"wp:featuredmedia":[{"embeddable":true,"href":"https:\/\/joyasyasmin.com\/de\/wp-json\/wp\/v2\/media\/22434"}],"wp:attachment":[{"href":"https:\/\/joyasyasmin.com\/de\/wp-json\/wp\/v2\/media?parent=22428"}],"wp:term":[{"taxonomy":"product_brand","embeddable":true,"href":"https:\/\/joyasyasmin.com\/de\/wp-json\/wp\/v2\/product_brand?post=22428"},{"taxonomy":"product_cat","embeddable":true,"href":"https:\/\/joyasyasmin.com\/de\/wp-json\/wp\/v2\/product_cat?post=22428"},{"taxonomy":"product_tag","embeddable":true,"href":"https:\/\/joyasyasmin.com\/de\/wp-json\/wp\/v2\/product_tag?post=22428"}],"curies":[{"name":"wp","href":"https:\/\/api.w.org\/{rel}","templated":true}]}}