{"id":22528,"date":"2023-09-24T10:39:39","date_gmt":"2023-09-24T10:39:39","guid":{"rendered":"https:\/\/joyasyasmin.com\/producto\/achatstein-ring-in-der-spitze\/"},"modified":"2023-09-24T10:39:39","modified_gmt":"2023-09-24T10:39:39","slug":"achatstein-ring-in-der-spitze","status":"publish","type":"product","link":"https:\/\/joyasyasmin.com\/de\/producto\/achatstein-ring-in-der-spitze\/","title":{"rendered":"Achatstein-Ring in der Spitze"},"content":{"rendered":"","protected":false},"excerpt":{"rendered":"<p>Entdecken Sie die zeitlose Sch\u00f6nheit unseres 925 Sterling Silber Achat Stein Rings in Peak. Dieser Ring kombiniert die Eleganz von 925er Sterlingsilber mit der komplizierten Sch\u00f6nheit von Achatsteinen in einer Kreation, die Ihnen den Atem rauben wird. <strong>Vielseitiges Design:<\/strong> Unser Ring ist in einer Vielzahl von atemberaubenden Achatsteinfarben erh\u00e4ltlich, von sanften, nat\u00fcrlichen Farbt\u00f6nen bis hin zu lebendigen und kr\u00e4ftigen Farben. Dar\u00fcber hinaus k\u00f6nnen Sie zwischen zwei aufregenden Designs w\u00e4hlen: eines mit zwei spitzenf\u00f6rmigen Farben an den Seiten f\u00fcr einen unverwechselbaren Touch oder ein dezenteres Design in einer einzigen Farbe f\u00fcr einen klassischen Look. <\/p>\n","protected":false},"featured_media":22550,"comment_status":"open","ping_status":"closed","template":"","meta":{"_acf_changed":false,"_joinchat":[]},"product_brand":[],"product_cat":[1850],"product_tag":[2457,2456],"class_list":{"0":"post-22528","1":"product","2":"type-product","3":"status-publish","4":"has-post-thumbnail","6":"product_cat-ringe-ringe","7":"product_tag-achatstein-ring-in-der-spitze","8":"product_tag-silberne-ringe","10":"first","11":"instock","12":"shipping-taxable","13":"purchasable","14":"product-type-variable"},"acf":[],"yoast_head":"<!-- This site is optimized with the Yoast SEO plugin v27.2 - https:\/\/yoast.com\/product\/yoast-seo-wordpress\/ -->\n<title>Achatstein-Ring in der Spitze - Yasmin<\/title>\n<meta name=\"description\" content=\"Der Achat-Steinring in Peak ist ein Schmuckst\u00fcck, das Eleganz und Stil bringt, sein beeindruckendes Design wird Sie dazu bringen, sich in die Feinheit der Farben zu verlieben.\" \/>\n<meta name=\"robots\" content=\"index, follow, max-snippet:-1, max-image-preview:large, max-video-preview:-1\" \/>\n<link rel=\"canonical\" href=\"https:\/\/joyasyasmin.com\/de\/producto\/achatstein-ring-in-der-spitze\/\" \/>\n<meta property=\"og:locale\" content=\"de_DE\" \/>\n<meta property=\"og:title\" content=\"Achatstein-Ring in der Spitze - Yasmin\" \/>\n<meta property=\"og:description\" content=\"Der Achat-Steinring in Peak ist ein Schmuckst\u00fcck, das Eleganz und Stil bringt, sein beeindruckendes Design wird Sie dazu bringen, sich in die Feinheit der Farben zu verlieben.\" \/>\n<meta property=\"og:url\" content=\"https:\/\/joyasyasmin.com\/de\/producto\/achatstein-ring-in-der-spitze\/\" \/>\n<meta property=\"og:site_name\" content=\"Yasmin\" \/>\n<meta property=\"article:publisher\" content=\"https:\/\/www.facebook.com\/Joyas-Yasmin-217664058934169\/\" \/>\n<meta property=\"og:image\" content=\"https:\/\/joyasyasmin.com\/wp-content\/uploads\/2023\/09\/anillo-piedra-agata-en-pico.jpg\" \/>\n\t<meta property=\"og:image:width\" content=\"1000\" \/>\n\t<meta property=\"og:image:height\" content=\"1000\" \/>\n\t<meta property=\"og:image:type\" content=\"image\/jpeg\" \/>\n<meta name=\"twitter:card\" content=\"summary_large_image\" \/>\n<script type=\"application\/ld+json\" class=\"yoast-schema-graph\">{\"@context\":\"https:\/\/schema.org\",\"@graph\":[{\"@type\":[\"WebPage\",\"ItemPage\"],\"@id\":\"https:\/\/joyasyasmin.com\/de\/producto\/achatstein-ring-in-der-spitze\/\",\"url\":\"https:\/\/joyasyasmin.com\/de\/producto\/achatstein-ring-in-der-spitze\/\",\"name\":\"Achatstein-Ring in der Spitze - Yasmin\",\"isPartOf\":{\"@id\":\"https:\/\/joyasyasmin.com\/de\/#website\"},\"primaryImageOfPage\":{\"@id\":\"https:\/\/joyasyasmin.com\/de\/producto\/achatstein-ring-in-der-spitze\/#primaryimage\"},\"image\":{\"@id\":\"https:\/\/joyasyasmin.com\/de\/producto\/achatstein-ring-in-der-spitze\/#primaryimage\"},\"thumbnailUrl\":\"https:\/\/joyasyasmin.com\/wp-content\/uploads\/2023\/09\/anillo-piedra-agata-en-pico.jpg\",\"datePublished\":\"2023-09-24T10:39:39+00:00\",\"description\":\"Der Achat-Steinring in Peak ist ein Schmuckst\u00fcck, das Eleganz und Stil bringt, sein beeindruckendes Design wird Sie dazu bringen, sich in die Feinheit der Farben zu verlieben.\",\"breadcrumb\":{\"@id\":\"https:\/\/joyasyasmin.com\/de\/producto\/achatstein-ring-in-der-spitze\/#breadcrumb\"},\"inLanguage\":\"de\",\"potentialAction\":[{\"@type\":\"ReadAction\",\"target\":[\"https:\/\/joyasyasmin.com\/de\/producto\/achatstein-ring-in-der-spitze\/\"]}]},{\"@type\":\"ImageObject\",\"inLanguage\":\"de\",\"@id\":\"https:\/\/joyasyasmin.com\/de\/producto\/achatstein-ring-in-der-spitze\/#primaryimage\",\"url\":\"https:\/\/joyasyasmin.com\/wp-content\/uploads\/2023\/09\/anillo-piedra-agata-en-pico.jpg\",\"contentUrl\":\"https:\/\/joyasyasmin.com\/wp-content\/uploads\/2023\/09\/anillo-piedra-agata-en-pico.jpg\",\"width\":1000,\"height\":1000},{\"@type\":\"BreadcrumbList\",\"@id\":\"https:\/\/joyasyasmin.com\/de\/producto\/achatstein-ring-in-der-spitze\/#breadcrumb\",\"itemListElement\":[{\"@type\":\"ListItem\",\"position\":1,\"name\":\"Portada\",\"item\":\"https:\/\/joyasyasmin.com\/de\/heim\/\"},{\"@type\":\"ListItem\",\"position\":2,\"name\":\"Shop\",\"item\":\"https:\/\/joyasyasmin.com\/de\/shop\/\"},{\"@type\":\"ListItem\",\"position\":3,\"name\":\"Achatstein-Ring in der Spitze\"}]},{\"@type\":\"WebSite\",\"@id\":\"https:\/\/joyasyasmin.com\/de\/#website\",\"url\":\"https:\/\/joyasyasmin.com\/de\/\",\"name\":\"Yasmin\",\"description\":\"Joyer\u00eda de Plata 925 - Pendientes, pulseras, anillos, colgantes y m\u00e1s!\",\"publisher\":{\"@id\":\"https:\/\/joyasyasmin.com\/de\/#organization\"},\"potentialAction\":[{\"@type\":\"SearchAction\",\"target\":{\"@type\":\"EntryPoint\",\"urlTemplate\":\"https:\/\/joyasyasmin.com\/de\/?s={search_term_string}\"},\"query-input\":{\"@type\":\"PropertyValueSpecification\",\"valueRequired\":true,\"valueName\":\"search_term_string\"}}],\"inLanguage\":\"de\"},{\"@type\":\"Organization\",\"@id\":\"https:\/\/joyasyasmin.com\/de\/#organization\",\"name\":\"joyas yasmin\",\"url\":\"https:\/\/joyasyasmin.com\/de\/\",\"logo\":{\"@type\":\"ImageObject\",\"inLanguage\":\"de\",\"@id\":\"https:\/\/joyasyasmin.com\/de\/#\/schema\/logo\/image\/\",\"url\":\"https:\/\/joyasyasmin.com\/wp-content\/uploads\/2017\/06\/IMG-20200429-WA0051.jpg\",\"contentUrl\":\"https:\/\/joyasyasmin.com\/wp-content\/uploads\/2017\/06\/IMG-20200429-WA0051.jpg\",\"width\":1080,\"height\":545,\"caption\":\"joyas yasmin\"},\"image\":{\"@id\":\"https:\/\/joyasyasmin.com\/de\/#\/schema\/logo\/image\/\"},\"sameAs\":[\"https:\/\/www.facebook.com\/Joyas-Yasmin-217664058934169\/\",\"https:\/\/www.instagram.com\/invites\/contact\/\"]}]}<\/script>\n<!-- \/ Yoast SEO plugin. -->","yoast_head_json":{"title":"Achatstein-Ring in der Spitze - Yasmin","description":"Der Achat-Steinring in Peak ist ein Schmuckst\u00fcck, das Eleganz und Stil bringt, sein beeindruckendes Design wird Sie dazu bringen, sich in die Feinheit der Farben zu verlieben.","robots":{"index":"index","follow":"follow","max-snippet":"max-snippet:-1","max-image-preview":"max-image-preview:large","max-video-preview":"max-video-preview:-1"},"canonical":"https:\/\/joyasyasmin.com\/de\/producto\/achatstein-ring-in-der-spitze\/","og_locale":"de_DE","og_title":"Achatstein-Ring in der Spitze - Yasmin","og_description":"Der Achat-Steinring in Peak ist ein Schmuckst\u00fcck, das Eleganz und Stil bringt, sein beeindruckendes Design wird Sie dazu bringen, sich in die Feinheit der Farben zu verlieben.","og_url":"https:\/\/joyasyasmin.com\/de\/producto\/achatstein-ring-in-der-spitze\/","og_site_name":"Yasmin","article_publisher":"https:\/\/www.facebook.com\/Joyas-Yasmin-217664058934169\/","og_image":[{"width":1000,"height":1000,"url":"https:\/\/joyasyasmin.com\/wp-content\/uploads\/2023\/09\/anillo-piedra-agata-en-pico.jpg","type":"image\/jpeg"}],"twitter_card":"summary_large_image","schema":{"@context":"https:\/\/schema.org","@graph":[{"@type":["WebPage","ItemPage"],"@id":"https:\/\/joyasyasmin.com\/de\/producto\/achatstein-ring-in-der-spitze\/","url":"https:\/\/joyasyasmin.com\/de\/producto\/achatstein-ring-in-der-spitze\/","name":"Achatstein-Ring in der Spitze - Yasmin","isPartOf":{"@id":"https:\/\/joyasyasmin.com\/de\/#website"},"primaryImageOfPage":{"@id":"https:\/\/joyasyasmin.com\/de\/producto\/achatstein-ring-in-der-spitze\/#primaryimage"},"image":{"@id":"https:\/\/joyasyasmin.com\/de\/producto\/achatstein-ring-in-der-spitze\/#primaryimage"},"thumbnailUrl":"https:\/\/joyasyasmin.com\/wp-content\/uploads\/2023\/09\/anillo-piedra-agata-en-pico.jpg","datePublished":"2023-09-24T10:39:39+00:00","description":"Der Achat-Steinring in Peak ist ein Schmuckst\u00fcck, das Eleganz und Stil bringt, sein beeindruckendes Design wird Sie dazu bringen, sich in die Feinheit der Farben zu verlieben.","breadcrumb":{"@id":"https:\/\/joyasyasmin.com\/de\/producto\/achatstein-ring-in-der-spitze\/#breadcrumb"},"inLanguage":"de","potentialAction":[{"@type":"ReadAction","target":["https:\/\/joyasyasmin.com\/de\/producto\/achatstein-ring-in-der-spitze\/"]}]},{"@type":"ImageObject","inLanguage":"de","@id":"https:\/\/joyasyasmin.com\/de\/producto\/achatstein-ring-in-der-spitze\/#primaryimage","url":"https:\/\/joyasyasmin.com\/wp-content\/uploads\/2023\/09\/anillo-piedra-agata-en-pico.jpg","contentUrl":"https:\/\/joyasyasmin.com\/wp-content\/uploads\/2023\/09\/anillo-piedra-agata-en-pico.jpg","width":1000,"height":1000},{"@type":"BreadcrumbList","@id":"https:\/\/joyasyasmin.com\/de\/producto\/achatstein-ring-in-der-spitze\/#breadcrumb","itemListElement":[{"@type":"ListItem","position":1,"name":"Portada","item":"https:\/\/joyasyasmin.com\/de\/heim\/"},{"@type":"ListItem","position":2,"name":"Shop","item":"https:\/\/joyasyasmin.com\/de\/shop\/"},{"@type":"ListItem","position":3,"name":"Achatstein-Ring in der Spitze"}]},{"@type":"WebSite","@id":"https:\/\/joyasyasmin.com\/de\/#website","url":"https:\/\/joyasyasmin.com\/de\/","name":"Yasmin","description":"Joyer\u00eda de Plata 925 - Pendientes, pulseras, anillos, colgantes y m\u00e1s!","publisher":{"@id":"https:\/\/joyasyasmin.com\/de\/#organization"},"potentialAction":[{"@type":"SearchAction","target":{"@type":"EntryPoint","urlTemplate":"https:\/\/joyasyasmin.com\/de\/?s={search_term_string}"},"query-input":{"@type":"PropertyValueSpecification","valueRequired":true,"valueName":"search_term_string"}}],"inLanguage":"de"},{"@type":"Organization","@id":"https:\/\/joyasyasmin.com\/de\/#organization","name":"joyas yasmin","url":"https:\/\/joyasyasmin.com\/de\/","logo":{"@type":"ImageObject","inLanguage":"de","@id":"https:\/\/joyasyasmin.com\/de\/#\/schema\/logo\/image\/","url":"https:\/\/joyasyasmin.com\/wp-content\/uploads\/2017\/06\/IMG-20200429-WA0051.jpg","contentUrl":"https:\/\/joyasyasmin.com\/wp-content\/uploads\/2017\/06\/IMG-20200429-WA0051.jpg","width":1080,"height":545,"caption":"joyas yasmin"},"image":{"@id":"https:\/\/joyasyasmin.com\/de\/#\/schema\/logo\/image\/"},"sameAs":["https:\/\/www.facebook.com\/Joyas-Yasmin-217664058934169\/","https:\/\/www.instagram.com\/invites\/contact\/"]}]}},"_links":{"self":[{"href":"https:\/\/joyasyasmin.com\/de\/wp-json\/wp\/v2\/product\/22528","targetHints":{"allow":["GET"]}}],"collection":[{"href":"https:\/\/joyasyasmin.com\/de\/wp-json\/wp\/v2\/product"}],"about":[{"href":"https:\/\/joyasyasmin.com\/de\/wp-json\/wp\/v2\/types\/product"}],"replies":[{"embeddable":true,"href":"https:\/\/joyasyasmin.com\/de\/wp-json\/wp\/v2\/comments?post=22528"}],"version-history":[{"count":0,"href":"https:\/\/joyasyasmin.com\/de\/wp-json\/wp\/v2\/product\/22528\/revisions"}],"wp:featuredmedia":[{"embeddable":true,"href":"https:\/\/joyasyasmin.com\/de\/wp-json\/wp\/v2\/media\/22550"}],"wp:attachment":[{"href":"https:\/\/joyasyasmin.com\/de\/wp-json\/wp\/v2\/media?parent=22528"}],"wp:term":[{"taxonomy":"product_brand","embeddable":true,"href":"https:\/\/joyasyasmin.com\/de\/wp-json\/wp\/v2\/product_brand?post=22528"},{"taxonomy":"product_cat","embeddable":true,"href":"https:\/\/joyasyasmin.com\/de\/wp-json\/wp\/v2\/product_cat?post=22528"},{"taxonomy":"product_tag","embeddable":true,"href":"https:\/\/joyasyasmin.com\/de\/wp-json\/wp\/v2\/product_tag?post=22528"}],"curies":[{"name":"wp","href":"https:\/\/api.w.org\/{rel}","templated":true}]}}