{"id":22613,"date":"2023-09-30T14:09:01","date_gmt":"2023-09-30T14:09:01","guid":{"rendered":"https:\/\/joyasyasmin.com\/producto\/calabrot-armband-aus-sterlingsilber\/"},"modified":"2025-11-10T11:35:04","modified_gmt":"2025-11-10T11:35:04","slug":"calabrot-armband-aus-sterlingsilber","status":"publish","type":"product","link":"https:\/\/joyasyasmin.com\/de\/producto\/calabrot-armband-aus-sterlingsilber\/","title":{"rendered":"Calabrot Armband aus Sterlingsilber"},"content":{"rendered":"","protected":false},"excerpt":{"rendered":"<p>Betreten Sie die Welt des nachhaltigen Luxus mit unserem 925 Calabrote Sterling Silber Armband, einem Meisterwerk, das au\u00dfergew\u00f6hnliche Handwerkskunst mit modernem, umweltbewusstem Design verbindet. Jedes Glied dieses Armbands ist sorgf\u00e4ltig mit 8 mm breiten und 19 cm langen Totenk\u00f6pfen gefertigt, die die innere Sch\u00f6nheit von 925er Sterlingsilber hervorheben und Ihrem Stil einen Hauch von zeitloser Eleganz verleihen. <\/p>\n","protected":false},"featured_media":22615,"comment_status":"open","ping_status":"closed","template":"","meta":{"_acf_changed":false,"_joinchat":[]},"product_brand":[],"product_cat":[1787],"product_tag":[2483],"class_list":{"0":"post-22613","1":"product","2":"type-product","3":"status-publish","4":"has-post-thumbnail","6":"product_cat-armbander","7":"product_tag-calabrot-armband-aus-sterlingsilber","9":"first","10":"instock","11":"shipping-taxable","12":"purchasable","13":"product-type-simple"},"acf":[],"yoast_head":"<!-- This site is optimized with the Yoast SEO plugin v27.2 - https:\/\/yoast.com\/product\/yoast-seo-wordpress\/ -->\n<title>Calabrot Armband aus Sterlingsilber - Yasmin<\/title>\n<meta name=\"description\" content=\"Calabrote Armband aus Sterlingsilber 8 mm breit und 19 cm lang, betreten Sie die Welt der schlichten Armb\u00e4nder und verleihen Sie Ihren Looks eine moderne und stilvolle Note.\" \/>\n<meta name=\"robots\" content=\"index, follow, max-snippet:-1, max-image-preview:large, max-video-preview:-1\" \/>\n<link rel=\"canonical\" href=\"https:\/\/joyasyasmin.com\/de\/producto\/calabrot-armband-aus-sterlingsilber\/\" \/>\n<meta property=\"og:locale\" content=\"de_DE\" \/>\n<meta property=\"og:title\" content=\"Calabrot Armband aus Sterlingsilber - Yasmin\" \/>\n<meta property=\"og:description\" content=\"Calabrote Armband aus Sterlingsilber 8 mm breit und 19 cm lang, betreten Sie die Welt der schlichten Armb\u00e4nder und verleihen Sie Ihren Looks eine moderne und stilvolle Note.\" \/>\n<meta property=\"og:url\" content=\"https:\/\/joyasyasmin.com\/de\/producto\/calabrot-armband-aus-sterlingsilber\/\" \/>\n<meta property=\"og:site_name\" content=\"Yasmin\" \/>\n<meta property=\"article:publisher\" content=\"https:\/\/www.facebook.com\/Joyas-Yasmin-217664058934169\/\" \/>\n<meta property=\"article:modified_time\" content=\"2025-11-10T11:35:04+00:00\" \/>\n<meta property=\"og:image\" content=\"https:\/\/joyasyasmin.com\/wp-content\/uploads\/2023\/09\/pulsera-eslabon-liso-de-plata.jpg\" \/>\n\t<meta property=\"og:image:width\" content=\"1000\" \/>\n\t<meta property=\"og:image:height\" content=\"1000\" \/>\n\t<meta property=\"og:image:type\" content=\"image\/jpeg\" \/>\n<meta name=\"twitter:card\" content=\"summary_large_image\" \/>\n<script type=\"application\/ld+json\" class=\"yoast-schema-graph\">{\"@context\":\"https:\/\/schema.org\",\"@graph\":[{\"@type\":[\"WebPage\",\"ItemPage\"],\"@id\":\"https:\/\/joyasyasmin.com\/de\/producto\/calabrot-armband-aus-sterlingsilber\/\",\"url\":\"https:\/\/joyasyasmin.com\/de\/producto\/calabrot-armband-aus-sterlingsilber\/\",\"name\":\"Calabrot Armband aus Sterlingsilber - Yasmin\",\"isPartOf\":{\"@id\":\"https:\/\/joyasyasmin.com\/de\/#website\"},\"primaryImageOfPage\":{\"@id\":\"https:\/\/joyasyasmin.com\/de\/producto\/calabrot-armband-aus-sterlingsilber\/#primaryimage\"},\"image\":{\"@id\":\"https:\/\/joyasyasmin.com\/de\/producto\/calabrot-armband-aus-sterlingsilber\/#primaryimage\"},\"thumbnailUrl\":\"https:\/\/joyasyasmin.com\/wp-content\/uploads\/2023\/09\/pulsera-eslabon-liso-de-plata.jpg\",\"datePublished\":\"2023-09-30T14:09:01+00:00\",\"dateModified\":\"2025-11-10T11:35:04+00:00\",\"description\":\"Calabrote Armband aus Sterlingsilber 8 mm breit und 19 cm lang, betreten Sie die Welt der schlichten Armb\u00e4nder und verleihen Sie Ihren Looks eine moderne und stilvolle Note.\",\"breadcrumb\":{\"@id\":\"https:\/\/joyasyasmin.com\/de\/producto\/calabrot-armband-aus-sterlingsilber\/#breadcrumb\"},\"inLanguage\":\"de\",\"potentialAction\":[{\"@type\":\"ReadAction\",\"target\":[\"https:\/\/joyasyasmin.com\/de\/producto\/calabrot-armband-aus-sterlingsilber\/\"]}]},{\"@type\":\"ImageObject\",\"inLanguage\":\"de\",\"@id\":\"https:\/\/joyasyasmin.com\/de\/producto\/calabrot-armband-aus-sterlingsilber\/#primaryimage\",\"url\":\"https:\/\/joyasyasmin.com\/wp-content\/uploads\/2023\/09\/pulsera-eslabon-liso-de-plata.jpg\",\"contentUrl\":\"https:\/\/joyasyasmin.com\/wp-content\/uploads\/2023\/09\/pulsera-eslabon-liso-de-plata.jpg\",\"width\":1000,\"height\":1000,\"caption\":\"Verkauf von 925 Sterling Silber Plain Link Armband Design Calabrot\"},{\"@type\":\"BreadcrumbList\",\"@id\":\"https:\/\/joyasyasmin.com\/de\/producto\/calabrot-armband-aus-sterlingsilber\/#breadcrumb\",\"itemListElement\":[{\"@type\":\"ListItem\",\"position\":1,\"name\":\"Portada\",\"item\":\"https:\/\/joyasyasmin.com\/de\/heim\/\"},{\"@type\":\"ListItem\",\"position\":2,\"name\":\"Shop\",\"item\":\"https:\/\/joyasyasmin.com\/de\/shop\/\"},{\"@type\":\"ListItem\",\"position\":3,\"name\":\"Calabrot Armband aus Sterlingsilber\"}]},{\"@type\":\"WebSite\",\"@id\":\"https:\/\/joyasyasmin.com\/de\/#website\",\"url\":\"https:\/\/joyasyasmin.com\/de\/\",\"name\":\"Yasmin\",\"description\":\"Joyer\u00eda de Plata 925 - Pendientes, pulseras, anillos, colgantes y m\u00e1s!\",\"publisher\":{\"@id\":\"https:\/\/joyasyasmin.com\/de\/#organization\"},\"potentialAction\":[{\"@type\":\"SearchAction\",\"target\":{\"@type\":\"EntryPoint\",\"urlTemplate\":\"https:\/\/joyasyasmin.com\/de\/?s={search_term_string}\"},\"query-input\":{\"@type\":\"PropertyValueSpecification\",\"valueRequired\":true,\"valueName\":\"search_term_string\"}}],\"inLanguage\":\"de\"},{\"@type\":\"Organization\",\"@id\":\"https:\/\/joyasyasmin.com\/de\/#organization\",\"name\":\"joyas yasmin\",\"url\":\"https:\/\/joyasyasmin.com\/de\/\",\"logo\":{\"@type\":\"ImageObject\",\"inLanguage\":\"de\",\"@id\":\"https:\/\/joyasyasmin.com\/de\/#\/schema\/logo\/image\/\",\"url\":\"https:\/\/joyasyasmin.com\/wp-content\/uploads\/2017\/06\/IMG-20200429-WA0051.jpg\",\"contentUrl\":\"https:\/\/joyasyasmin.com\/wp-content\/uploads\/2017\/06\/IMG-20200429-WA0051.jpg\",\"width\":1080,\"height\":545,\"caption\":\"joyas yasmin\"},\"image\":{\"@id\":\"https:\/\/joyasyasmin.com\/de\/#\/schema\/logo\/image\/\"},\"sameAs\":[\"https:\/\/www.facebook.com\/Joyas-Yasmin-217664058934169\/\",\"https:\/\/www.instagram.com\/invites\/contact\/\"]}]}<\/script>\n<!-- \/ Yoast SEO plugin. -->","yoast_head_json":{"title":"Calabrot Armband aus Sterlingsilber - Yasmin","description":"Calabrote Armband aus Sterlingsilber 8 mm breit und 19 cm lang, betreten Sie die Welt der schlichten Armb\u00e4nder und verleihen Sie Ihren Looks eine moderne und stilvolle Note.","robots":{"index":"index","follow":"follow","max-snippet":"max-snippet:-1","max-image-preview":"max-image-preview:large","max-video-preview":"max-video-preview:-1"},"canonical":"https:\/\/joyasyasmin.com\/de\/producto\/calabrot-armband-aus-sterlingsilber\/","og_locale":"de_DE","og_title":"Calabrot Armband aus Sterlingsilber - Yasmin","og_description":"Calabrote Armband aus Sterlingsilber 8 mm breit und 19 cm lang, betreten Sie die Welt der schlichten Armb\u00e4nder und verleihen Sie Ihren Looks eine moderne und stilvolle Note.","og_url":"https:\/\/joyasyasmin.com\/de\/producto\/calabrot-armband-aus-sterlingsilber\/","og_site_name":"Yasmin","article_publisher":"https:\/\/www.facebook.com\/Joyas-Yasmin-217664058934169\/","article_modified_time":"2025-11-10T11:35:04+00:00","og_image":[{"width":1000,"height":1000,"url":"https:\/\/joyasyasmin.com\/wp-content\/uploads\/2023\/09\/pulsera-eslabon-liso-de-plata.jpg","type":"image\/jpeg"}],"twitter_card":"summary_large_image","schema":{"@context":"https:\/\/schema.org","@graph":[{"@type":["WebPage","ItemPage"],"@id":"https:\/\/joyasyasmin.com\/de\/producto\/calabrot-armband-aus-sterlingsilber\/","url":"https:\/\/joyasyasmin.com\/de\/producto\/calabrot-armband-aus-sterlingsilber\/","name":"Calabrot Armband aus Sterlingsilber - Yasmin","isPartOf":{"@id":"https:\/\/joyasyasmin.com\/de\/#website"},"primaryImageOfPage":{"@id":"https:\/\/joyasyasmin.com\/de\/producto\/calabrot-armband-aus-sterlingsilber\/#primaryimage"},"image":{"@id":"https:\/\/joyasyasmin.com\/de\/producto\/calabrot-armband-aus-sterlingsilber\/#primaryimage"},"thumbnailUrl":"https:\/\/joyasyasmin.com\/wp-content\/uploads\/2023\/09\/pulsera-eslabon-liso-de-plata.jpg","datePublished":"2023-09-30T14:09:01+00:00","dateModified":"2025-11-10T11:35:04+00:00","description":"Calabrote Armband aus Sterlingsilber 8 mm breit und 19 cm lang, betreten Sie die Welt der schlichten Armb\u00e4nder und verleihen Sie Ihren Looks eine moderne und stilvolle Note.","breadcrumb":{"@id":"https:\/\/joyasyasmin.com\/de\/producto\/calabrot-armband-aus-sterlingsilber\/#breadcrumb"},"inLanguage":"de","potentialAction":[{"@type":"ReadAction","target":["https:\/\/joyasyasmin.com\/de\/producto\/calabrot-armband-aus-sterlingsilber\/"]}]},{"@type":"ImageObject","inLanguage":"de","@id":"https:\/\/joyasyasmin.com\/de\/producto\/calabrot-armband-aus-sterlingsilber\/#primaryimage","url":"https:\/\/joyasyasmin.com\/wp-content\/uploads\/2023\/09\/pulsera-eslabon-liso-de-plata.jpg","contentUrl":"https:\/\/joyasyasmin.com\/wp-content\/uploads\/2023\/09\/pulsera-eslabon-liso-de-plata.jpg","width":1000,"height":1000,"caption":"Verkauf von 925 Sterling Silber Plain Link Armband Design Calabrot"},{"@type":"BreadcrumbList","@id":"https:\/\/joyasyasmin.com\/de\/producto\/calabrot-armband-aus-sterlingsilber\/#breadcrumb","itemListElement":[{"@type":"ListItem","position":1,"name":"Portada","item":"https:\/\/joyasyasmin.com\/de\/heim\/"},{"@type":"ListItem","position":2,"name":"Shop","item":"https:\/\/joyasyasmin.com\/de\/shop\/"},{"@type":"ListItem","position":3,"name":"Calabrot Armband aus Sterlingsilber"}]},{"@type":"WebSite","@id":"https:\/\/joyasyasmin.com\/de\/#website","url":"https:\/\/joyasyasmin.com\/de\/","name":"Yasmin","description":"Joyer\u00eda de Plata 925 - Pendientes, pulseras, anillos, colgantes y m\u00e1s!","publisher":{"@id":"https:\/\/joyasyasmin.com\/de\/#organization"},"potentialAction":[{"@type":"SearchAction","target":{"@type":"EntryPoint","urlTemplate":"https:\/\/joyasyasmin.com\/de\/?s={search_term_string}"},"query-input":{"@type":"PropertyValueSpecification","valueRequired":true,"valueName":"search_term_string"}}],"inLanguage":"de"},{"@type":"Organization","@id":"https:\/\/joyasyasmin.com\/de\/#organization","name":"joyas yasmin","url":"https:\/\/joyasyasmin.com\/de\/","logo":{"@type":"ImageObject","inLanguage":"de","@id":"https:\/\/joyasyasmin.com\/de\/#\/schema\/logo\/image\/","url":"https:\/\/joyasyasmin.com\/wp-content\/uploads\/2017\/06\/IMG-20200429-WA0051.jpg","contentUrl":"https:\/\/joyasyasmin.com\/wp-content\/uploads\/2017\/06\/IMG-20200429-WA0051.jpg","width":1080,"height":545,"caption":"joyas yasmin"},"image":{"@id":"https:\/\/joyasyasmin.com\/de\/#\/schema\/logo\/image\/"},"sameAs":["https:\/\/www.facebook.com\/Joyas-Yasmin-217664058934169\/","https:\/\/www.instagram.com\/invites\/contact\/"]}]}},"_links":{"self":[{"href":"https:\/\/joyasyasmin.com\/de\/wp-json\/wp\/v2\/product\/22613","targetHints":{"allow":["GET"]}}],"collection":[{"href":"https:\/\/joyasyasmin.com\/de\/wp-json\/wp\/v2\/product"}],"about":[{"href":"https:\/\/joyasyasmin.com\/de\/wp-json\/wp\/v2\/types\/product"}],"replies":[{"embeddable":true,"href":"https:\/\/joyasyasmin.com\/de\/wp-json\/wp\/v2\/comments?post=22613"}],"version-history":[{"count":1,"href":"https:\/\/joyasyasmin.com\/de\/wp-json\/wp\/v2\/product\/22613\/revisions"}],"predecessor-version":[{"id":35842,"href":"https:\/\/joyasyasmin.com\/de\/wp-json\/wp\/v2\/product\/22613\/revisions\/35842"}],"wp:featuredmedia":[{"embeddable":true,"href":"https:\/\/joyasyasmin.com\/de\/wp-json\/wp\/v2\/media\/22615"}],"wp:attachment":[{"href":"https:\/\/joyasyasmin.com\/de\/wp-json\/wp\/v2\/media?parent=22613"}],"wp:term":[{"taxonomy":"product_brand","embeddable":true,"href":"https:\/\/joyasyasmin.com\/de\/wp-json\/wp\/v2\/product_brand?post=22613"},{"taxonomy":"product_cat","embeddable":true,"href":"https:\/\/joyasyasmin.com\/de\/wp-json\/wp\/v2\/product_cat?post=22613"},{"taxonomy":"product_tag","embeddable":true,"href":"https:\/\/joyasyasmin.com\/de\/wp-json\/wp\/v2\/product_tag?post=22613"}],"curies":[{"name":"wp","href":"https:\/\/api.w.org\/{rel}","templated":true}]}}