{"id":22701,"date":"2023-10-03T09:22:18","date_gmt":"2023-10-03T09:22:18","guid":{"rendered":"https:\/\/joyasyasmin.com\/producto\/silber-sparkles-armband\/"},"modified":"2025-11-10T11:35:16","modified_gmt":"2025-11-10T11:35:16","slug":"silber-sparkles-armband","status":"publish","type":"product","link":"https:\/\/joyasyasmin.com\/de\/producto\/silber-sparkles-armband\/","title":{"rendered":"Silber Sparkles Armband"},"content":{"rendered":"","protected":false},"excerpt":{"rendered":"<p>Entdecken Sie unser neues handgefertigtes Armband, das Silver Sparkles Armband! Dieses exquisite Schmuckst\u00fcck ist sorgf\u00e4ltig mit Perlen aus 925er Sterlingsilber gestaltet, die die Essenz zeitloser Eleganz einfangen. Das Armband beginnt mit zarten 2,5 mm Silberkugeln, die Ihrem Handgelenk einen Hauch von Subtilit\u00e4t und Raffinesse verleihen.  <\/p>\n","protected":false},"featured_media":22703,"comment_status":"open","ping_status":"closed","template":"","meta":{"_acf_changed":false,"_joinchat":[]},"product_brand":[],"product_cat":[1787],"product_tag":[2522,2523],"class_list":{"0":"post-22701","1":"product","2":"type-product","3":"status-publish","4":"has-post-thumbnail","6":"product_cat-armbander","7":"product_tag-silber-sparkles-armband","8":"product_tag-silberne-kugel-armbander","10":"first","11":"instock","12":"shipping-taxable","13":"purchasable","14":"product-type-simple"},"acf":[],"yoast_head":"<!-- This site is optimized with the Yoast SEO plugin v27.2 - https:\/\/yoast.com\/product\/yoast-seo-wordpress\/ -->\n<title>Silber Sparkles Armband - Yasmin<\/title>\n<meta name=\"description\" content=\"Das Silver Sparkles Armband ist ein handgefertigtes Schmuckst\u00fcck, das zwei Gr\u00f6\u00dfen von Kugeln kombiniert, seine L\u00e4nge von 17 + 3 cm ist ein Symbol f\u00fcr Handwerkskunst und Eleganz.\" \/>\n<meta name=\"robots\" content=\"index, follow, max-snippet:-1, max-image-preview:large, max-video-preview:-1\" \/>\n<link rel=\"canonical\" href=\"https:\/\/joyasyasmin.com\/de\/producto\/silber-sparkles-armband\/\" \/>\n<meta property=\"og:locale\" content=\"de_DE\" \/>\n<meta property=\"og:title\" content=\"Silber Sparkles Armband - Yasmin\" \/>\n<meta property=\"og:description\" content=\"Das Silver Sparkles Armband ist ein handgefertigtes Schmuckst\u00fcck, das zwei Gr\u00f6\u00dfen von Kugeln kombiniert, seine L\u00e4nge von 17 + 3 cm ist ein Symbol f\u00fcr Handwerkskunst und Eleganz.\" \/>\n<meta property=\"og:url\" content=\"https:\/\/joyasyasmin.com\/de\/producto\/silber-sparkles-armband\/\" \/>\n<meta property=\"og:site_name\" content=\"Yasmin\" \/>\n<meta property=\"article:publisher\" content=\"https:\/\/www.facebook.com\/Joyas-Yasmin-217664058934169\/\" \/>\n<meta property=\"article:modified_time\" content=\"2025-11-10T11:35:16+00:00\" \/>\n<meta property=\"og:image\" content=\"https:\/\/joyasyasmin.com\/wp-content\/uploads\/2023\/10\/pulsera-chispa-plateada.jpg\" \/>\n\t<meta property=\"og:image:width\" content=\"1000\" \/>\n\t<meta property=\"og:image:height\" content=\"1000\" \/>\n\t<meta property=\"og:image:type\" content=\"image\/jpeg\" \/>\n<meta name=\"twitter:card\" content=\"summary_large_image\" \/>\n<script type=\"application\/ld+json\" class=\"yoast-schema-graph\">{\"@context\":\"https:\/\/schema.org\",\"@graph\":[{\"@type\":[\"WebPage\",\"ItemPage\"],\"@id\":\"https:\/\/joyasyasmin.com\/de\/producto\/silber-sparkles-armband\/\",\"url\":\"https:\/\/joyasyasmin.com\/de\/producto\/silber-sparkles-armband\/\",\"name\":\"Silber Sparkles Armband - Yasmin\",\"isPartOf\":{\"@id\":\"https:\/\/joyasyasmin.com\/de\/#website\"},\"primaryImageOfPage\":{\"@id\":\"https:\/\/joyasyasmin.com\/de\/producto\/silber-sparkles-armband\/#primaryimage\"},\"image\":{\"@id\":\"https:\/\/joyasyasmin.com\/de\/producto\/silber-sparkles-armband\/#primaryimage\"},\"thumbnailUrl\":\"https:\/\/joyasyasmin.com\/wp-content\/uploads\/2023\/10\/pulsera-chispa-plateada.jpg\",\"datePublished\":\"2023-10-03T09:22:18+00:00\",\"dateModified\":\"2025-11-10T11:35:16+00:00\",\"description\":\"Das Silver Sparkles Armband ist ein handgefertigtes Schmuckst\u00fcck, das zwei Gr\u00f6\u00dfen von Kugeln kombiniert, seine L\u00e4nge von 17 + 3 cm ist ein Symbol f\u00fcr Handwerkskunst und Eleganz.\",\"breadcrumb\":{\"@id\":\"https:\/\/joyasyasmin.com\/de\/producto\/silber-sparkles-armband\/#breadcrumb\"},\"inLanguage\":\"de\",\"potentialAction\":[{\"@type\":\"ReadAction\",\"target\":[\"https:\/\/joyasyasmin.com\/de\/producto\/silber-sparkles-armband\/\"]}]},{\"@type\":\"ImageObject\",\"inLanguage\":\"de\",\"@id\":\"https:\/\/joyasyasmin.com\/de\/producto\/silber-sparkles-armband\/#primaryimage\",\"url\":\"https:\/\/joyasyasmin.com\/wp-content\/uploads\/2023\/10\/pulsera-chispa-plateada.jpg\",\"contentUrl\":\"https:\/\/joyasyasmin.com\/wp-content\/uploads\/2023\/10\/pulsera-chispa-plateada.jpg\",\"width\":1000,\"height\":1000,\"caption\":\"Verkauf von Silber Glitzer Armband Sein Material ist Sterlingsilber und seine L\u00e4nge betr\u00e4gt 19 cm\"},{\"@type\":\"BreadcrumbList\",\"@id\":\"https:\/\/joyasyasmin.com\/de\/producto\/silber-sparkles-armband\/#breadcrumb\",\"itemListElement\":[{\"@type\":\"ListItem\",\"position\":1,\"name\":\"Portada\",\"item\":\"https:\/\/joyasyasmin.com\/de\/heim\/\"},{\"@type\":\"ListItem\",\"position\":2,\"name\":\"Shop\",\"item\":\"https:\/\/joyasyasmin.com\/de\/shop\/\"},{\"@type\":\"ListItem\",\"position\":3,\"name\":\"Silber Sparkles Armband\"}]},{\"@type\":\"WebSite\",\"@id\":\"https:\/\/joyasyasmin.com\/de\/#website\",\"url\":\"https:\/\/joyasyasmin.com\/de\/\",\"name\":\"Yasmin\",\"description\":\"Joyer\u00eda de Plata 925 - Pendientes, pulseras, anillos, colgantes y m\u00e1s!\",\"publisher\":{\"@id\":\"https:\/\/joyasyasmin.com\/de\/#organization\"},\"potentialAction\":[{\"@type\":\"SearchAction\",\"target\":{\"@type\":\"EntryPoint\",\"urlTemplate\":\"https:\/\/joyasyasmin.com\/de\/?s={search_term_string}\"},\"query-input\":{\"@type\":\"PropertyValueSpecification\",\"valueRequired\":true,\"valueName\":\"search_term_string\"}}],\"inLanguage\":\"de\"},{\"@type\":\"Organization\",\"@id\":\"https:\/\/joyasyasmin.com\/de\/#organization\",\"name\":\"joyas yasmin\",\"url\":\"https:\/\/joyasyasmin.com\/de\/\",\"logo\":{\"@type\":\"ImageObject\",\"inLanguage\":\"de\",\"@id\":\"https:\/\/joyasyasmin.com\/de\/#\/schema\/logo\/image\/\",\"url\":\"https:\/\/joyasyasmin.com\/wp-content\/uploads\/2017\/06\/IMG-20200429-WA0051.jpg\",\"contentUrl\":\"https:\/\/joyasyasmin.com\/wp-content\/uploads\/2017\/06\/IMG-20200429-WA0051.jpg\",\"width\":1080,\"height\":545,\"caption\":\"joyas yasmin\"},\"image\":{\"@id\":\"https:\/\/joyasyasmin.com\/de\/#\/schema\/logo\/image\/\"},\"sameAs\":[\"https:\/\/www.facebook.com\/Joyas-Yasmin-217664058934169\/\",\"https:\/\/www.instagram.com\/invites\/contact\/\"]}]}<\/script>\n<!-- \/ Yoast SEO plugin. -->","yoast_head_json":{"title":"Silber Sparkles Armband - Yasmin","description":"Das Silver Sparkles Armband ist ein handgefertigtes Schmuckst\u00fcck, das zwei Gr\u00f6\u00dfen von Kugeln kombiniert, seine L\u00e4nge von 17 + 3 cm ist ein Symbol f\u00fcr Handwerkskunst und Eleganz.","robots":{"index":"index","follow":"follow","max-snippet":"max-snippet:-1","max-image-preview":"max-image-preview:large","max-video-preview":"max-video-preview:-1"},"canonical":"https:\/\/joyasyasmin.com\/de\/producto\/silber-sparkles-armband\/","og_locale":"de_DE","og_title":"Silber Sparkles Armband - Yasmin","og_description":"Das Silver Sparkles Armband ist ein handgefertigtes Schmuckst\u00fcck, das zwei Gr\u00f6\u00dfen von Kugeln kombiniert, seine L\u00e4nge von 17 + 3 cm ist ein Symbol f\u00fcr Handwerkskunst und Eleganz.","og_url":"https:\/\/joyasyasmin.com\/de\/producto\/silber-sparkles-armband\/","og_site_name":"Yasmin","article_publisher":"https:\/\/www.facebook.com\/Joyas-Yasmin-217664058934169\/","article_modified_time":"2025-11-10T11:35:16+00:00","og_image":[{"width":1000,"height":1000,"url":"https:\/\/joyasyasmin.com\/wp-content\/uploads\/2023\/10\/pulsera-chispa-plateada.jpg","type":"image\/jpeg"}],"twitter_card":"summary_large_image","schema":{"@context":"https:\/\/schema.org","@graph":[{"@type":["WebPage","ItemPage"],"@id":"https:\/\/joyasyasmin.com\/de\/producto\/silber-sparkles-armband\/","url":"https:\/\/joyasyasmin.com\/de\/producto\/silber-sparkles-armband\/","name":"Silber Sparkles Armband - Yasmin","isPartOf":{"@id":"https:\/\/joyasyasmin.com\/de\/#website"},"primaryImageOfPage":{"@id":"https:\/\/joyasyasmin.com\/de\/producto\/silber-sparkles-armband\/#primaryimage"},"image":{"@id":"https:\/\/joyasyasmin.com\/de\/producto\/silber-sparkles-armband\/#primaryimage"},"thumbnailUrl":"https:\/\/joyasyasmin.com\/wp-content\/uploads\/2023\/10\/pulsera-chispa-plateada.jpg","datePublished":"2023-10-03T09:22:18+00:00","dateModified":"2025-11-10T11:35:16+00:00","description":"Das Silver Sparkles Armband ist ein handgefertigtes Schmuckst\u00fcck, das zwei Gr\u00f6\u00dfen von Kugeln kombiniert, seine L\u00e4nge von 17 + 3 cm ist ein Symbol f\u00fcr Handwerkskunst und Eleganz.","breadcrumb":{"@id":"https:\/\/joyasyasmin.com\/de\/producto\/silber-sparkles-armband\/#breadcrumb"},"inLanguage":"de","potentialAction":[{"@type":"ReadAction","target":["https:\/\/joyasyasmin.com\/de\/producto\/silber-sparkles-armband\/"]}]},{"@type":"ImageObject","inLanguage":"de","@id":"https:\/\/joyasyasmin.com\/de\/producto\/silber-sparkles-armband\/#primaryimage","url":"https:\/\/joyasyasmin.com\/wp-content\/uploads\/2023\/10\/pulsera-chispa-plateada.jpg","contentUrl":"https:\/\/joyasyasmin.com\/wp-content\/uploads\/2023\/10\/pulsera-chispa-plateada.jpg","width":1000,"height":1000,"caption":"Verkauf von Silber Glitzer Armband Sein Material ist Sterlingsilber und seine L\u00e4nge betr\u00e4gt 19 cm"},{"@type":"BreadcrumbList","@id":"https:\/\/joyasyasmin.com\/de\/producto\/silber-sparkles-armband\/#breadcrumb","itemListElement":[{"@type":"ListItem","position":1,"name":"Portada","item":"https:\/\/joyasyasmin.com\/de\/heim\/"},{"@type":"ListItem","position":2,"name":"Shop","item":"https:\/\/joyasyasmin.com\/de\/shop\/"},{"@type":"ListItem","position":3,"name":"Silber Sparkles Armband"}]},{"@type":"WebSite","@id":"https:\/\/joyasyasmin.com\/de\/#website","url":"https:\/\/joyasyasmin.com\/de\/","name":"Yasmin","description":"Joyer\u00eda de Plata 925 - Pendientes, pulseras, anillos, colgantes y m\u00e1s!","publisher":{"@id":"https:\/\/joyasyasmin.com\/de\/#organization"},"potentialAction":[{"@type":"SearchAction","target":{"@type":"EntryPoint","urlTemplate":"https:\/\/joyasyasmin.com\/de\/?s={search_term_string}"},"query-input":{"@type":"PropertyValueSpecification","valueRequired":true,"valueName":"search_term_string"}}],"inLanguage":"de"},{"@type":"Organization","@id":"https:\/\/joyasyasmin.com\/de\/#organization","name":"joyas yasmin","url":"https:\/\/joyasyasmin.com\/de\/","logo":{"@type":"ImageObject","inLanguage":"de","@id":"https:\/\/joyasyasmin.com\/de\/#\/schema\/logo\/image\/","url":"https:\/\/joyasyasmin.com\/wp-content\/uploads\/2017\/06\/IMG-20200429-WA0051.jpg","contentUrl":"https:\/\/joyasyasmin.com\/wp-content\/uploads\/2017\/06\/IMG-20200429-WA0051.jpg","width":1080,"height":545,"caption":"joyas yasmin"},"image":{"@id":"https:\/\/joyasyasmin.com\/de\/#\/schema\/logo\/image\/"},"sameAs":["https:\/\/www.facebook.com\/Joyas-Yasmin-217664058934169\/","https:\/\/www.instagram.com\/invites\/contact\/"]}]}},"_links":{"self":[{"href":"https:\/\/joyasyasmin.com\/de\/wp-json\/wp\/v2\/product\/22701","targetHints":{"allow":["GET"]}}],"collection":[{"href":"https:\/\/joyasyasmin.com\/de\/wp-json\/wp\/v2\/product"}],"about":[{"href":"https:\/\/joyasyasmin.com\/de\/wp-json\/wp\/v2\/types\/product"}],"replies":[{"embeddable":true,"href":"https:\/\/joyasyasmin.com\/de\/wp-json\/wp\/v2\/comments?post=22701"}],"version-history":[{"count":1,"href":"https:\/\/joyasyasmin.com\/de\/wp-json\/wp\/v2\/product\/22701\/revisions"}],"predecessor-version":[{"id":32436,"href":"https:\/\/joyasyasmin.com\/de\/wp-json\/wp\/v2\/product\/22701\/revisions\/32436"}],"wp:featuredmedia":[{"embeddable":true,"href":"https:\/\/joyasyasmin.com\/de\/wp-json\/wp\/v2\/media\/22703"}],"wp:attachment":[{"href":"https:\/\/joyasyasmin.com\/de\/wp-json\/wp\/v2\/media?parent=22701"}],"wp:term":[{"taxonomy":"product_brand","embeddable":true,"href":"https:\/\/joyasyasmin.com\/de\/wp-json\/wp\/v2\/product_brand?post=22701"},{"taxonomy":"product_cat","embeddable":true,"href":"https:\/\/joyasyasmin.com\/de\/wp-json\/wp\/v2\/product_cat?post=22701"},{"taxonomy":"product_tag","embeddable":true,"href":"https:\/\/joyasyasmin.com\/de\/wp-json\/wp\/v2\/product_tag?post=22701"}],"curies":[{"name":"wp","href":"https:\/\/api.w.org\/{rel}","templated":true}]}}