{"id":22727,"date":"2023-10-05T19:39:50","date_gmt":"2023-10-05T19:39:50","guid":{"rendered":"https:\/\/joyasyasmin.com\/producto\/silhouette-armband-virgen-del-rocio\/"},"modified":"2025-05-13T11:07:31","modified_gmt":"2025-05-13T11:07:31","slug":"silhouette-armband-virgen-del-rocio","status":"publish","type":"product","link":"https:\/\/joyasyasmin.com\/de\/producto\/silhouette-armband-virgen-del-rocio\/","title":{"rendered":"Silhouette Armband Virgen del Roc\u00edo"},"content":{"rendered":"","protected":false},"excerpt":{"rendered":"<p>Das Armband ist aus einer feinen 2mm Kugelkette aus 925er Sterlingsilber gefertigt, die in einem himmlischen Glanz erstrahlt. Seine L\u00e4nge von 17 cm plus eine Verl\u00e4ngerung um 3 cm erm\u00f6glicht eine bequeme Passform f\u00fcr verschiedene Handgelenkgr\u00f6\u00dfen. Jedes Glied in der Kette wird fachm\u00e4nnisch zusammengen\u00e4ht, um ein langlebiges und sch\u00f6nes Design zu schaffen, das perfekt zu jedem Anlass passt.  <\/p>\n","protected":false},"featured_media":22731,"comment_status":"open","ping_status":"closed","template":"","meta":{"_acf_changed":false,"_joinchat":[]},"product_brand":[],"product_cat":[1787],"product_tag":[2541,1949,2540],"class_list":{"0":"post-22727","1":"product","2":"type-product","3":"status-publish","4":"has-post-thumbnail","6":"product_cat-armbander","7":"product_tag-armband-der-jungfrau-von-el-rocio","8":"product_tag-silberne-armbander","9":"product_tag-silhouette-armband-virgen-del-rocio","11":"first","12":"instock","13":"shipping-taxable","14":"purchasable","15":"product-type-simple"},"acf":[],"yoast_head":"<!-- This site is optimized with the Yoast SEO plugin v27.2 - https:\/\/yoast.com\/product\/yoast-seo-wordpress\/ -->\n<title>Silhouette Armband Virgen del Roc\u00edo - Yasmin<\/title>\n<meta name=\"description\" content=\"Das Silhouette Armband Virgen del Roc\u00edo ist ein wundersch\u00f6nes Schmuckst\u00fcck, das einen Ausdruck von Glauben und Stil darstellt und Hingabe und Eleganz in einem einzigartigen St\u00fcck vereint.\" \/>\n<meta name=\"robots\" content=\"index, follow, max-snippet:-1, max-image-preview:large, max-video-preview:-1\" \/>\n<link rel=\"canonical\" href=\"https:\/\/joyasyasmin.com\/de\/producto\/silhouette-armband-virgen-del-rocio\/\" \/>\n<meta property=\"og:locale\" content=\"de_DE\" \/>\n<meta property=\"og:title\" content=\"Silhouette Armband Virgen del Roc\u00edo - Yasmin\" \/>\n<meta property=\"og:description\" content=\"Das Silhouette Armband Virgen del Roc\u00edo ist ein wundersch\u00f6nes Schmuckst\u00fcck, das einen Ausdruck von Glauben und Stil darstellt und Hingabe und Eleganz in einem einzigartigen St\u00fcck vereint.\" \/>\n<meta property=\"og:url\" content=\"https:\/\/joyasyasmin.com\/de\/producto\/silhouette-armband-virgen-del-rocio\/\" \/>\n<meta property=\"og:site_name\" content=\"Yasmin\" \/>\n<meta property=\"article:publisher\" content=\"https:\/\/www.facebook.com\/Joyas-Yasmin-217664058934169\/\" \/>\n<meta property=\"article:modified_time\" content=\"2025-05-13T11:07:31+00:00\" \/>\n<meta property=\"og:image\" content=\"https:\/\/joyasyasmin.com\/wp-content\/uploads\/2023\/10\/pulsera-virgen-del-rosio-con-bolitas.jpg\" \/>\n\t<meta property=\"og:image:width\" content=\"1000\" \/>\n\t<meta property=\"og:image:height\" content=\"1000\" \/>\n\t<meta property=\"og:image:type\" content=\"image\/jpeg\" \/>\n<meta name=\"twitter:card\" content=\"summary_large_image\" \/>\n<script type=\"application\/ld+json\" class=\"yoast-schema-graph\">{\"@context\":\"https:\/\/schema.org\",\"@graph\":[{\"@type\":[\"WebPage\",\"ItemPage\"],\"@id\":\"https:\/\/joyasyasmin.com\/de\/producto\/silhouette-armband-virgen-del-rocio\/\",\"url\":\"https:\/\/joyasyasmin.com\/de\/producto\/silhouette-armband-virgen-del-rocio\/\",\"name\":\"Silhouette Armband Virgen del Roc\u00edo - Yasmin\",\"isPartOf\":{\"@id\":\"https:\/\/joyasyasmin.com\/de\/#website\"},\"primaryImageOfPage\":{\"@id\":\"https:\/\/joyasyasmin.com\/de\/producto\/silhouette-armband-virgen-del-rocio\/#primaryimage\"},\"image\":{\"@id\":\"https:\/\/joyasyasmin.com\/de\/producto\/silhouette-armband-virgen-del-rocio\/#primaryimage\"},\"thumbnailUrl\":\"https:\/\/joyasyasmin.com\/wp-content\/uploads\/2023\/10\/pulsera-virgen-del-rosio-con-bolitas.jpg\",\"datePublished\":\"2023-10-05T19:39:50+00:00\",\"dateModified\":\"2025-05-13T11:07:31+00:00\",\"description\":\"Das Silhouette Armband Virgen del Roc\u00edo ist ein wundersch\u00f6nes Schmuckst\u00fcck, das einen Ausdruck von Glauben und Stil darstellt und Hingabe und Eleganz in einem einzigartigen St\u00fcck vereint.\",\"breadcrumb\":{\"@id\":\"https:\/\/joyasyasmin.com\/de\/producto\/silhouette-armband-virgen-del-rocio\/#breadcrumb\"},\"inLanguage\":\"de\",\"potentialAction\":[{\"@type\":\"ReadAction\",\"target\":[\"https:\/\/joyasyasmin.com\/de\/producto\/silhouette-armband-virgen-del-rocio\/\"]}]},{\"@type\":\"ImageObject\",\"inLanguage\":\"de\",\"@id\":\"https:\/\/joyasyasmin.com\/de\/producto\/silhouette-armband-virgen-del-rocio\/#primaryimage\",\"url\":\"https:\/\/joyasyasmin.com\/wp-content\/uploads\/2023\/10\/pulsera-virgen-del-rosio-con-bolitas.jpg\",\"contentUrl\":\"https:\/\/joyasyasmin.com\/wp-content\/uploads\/2023\/10\/pulsera-virgen-del-rosio-con-bolitas.jpg\",\"width\":1000,\"height\":1000,\"caption\":\"Verkauf von Virgen del Rocio Silhouettenarmband mit Kugeln aus 925er Sterlingsilber\"},{\"@type\":\"BreadcrumbList\",\"@id\":\"https:\/\/joyasyasmin.com\/de\/producto\/silhouette-armband-virgen-del-rocio\/#breadcrumb\",\"itemListElement\":[{\"@type\":\"ListItem\",\"position\":1,\"name\":\"Portada\",\"item\":\"https:\/\/joyasyasmin.com\/de\/heim\/\"},{\"@type\":\"ListItem\",\"position\":2,\"name\":\"Shop\",\"item\":\"https:\/\/joyasyasmin.com\/de\/shop\/\"},{\"@type\":\"ListItem\",\"position\":3,\"name\":\"Silhouette Armband Virgen del Roc\u00edo\"}]},{\"@type\":\"WebSite\",\"@id\":\"https:\/\/joyasyasmin.com\/de\/#website\",\"url\":\"https:\/\/joyasyasmin.com\/de\/\",\"name\":\"Yasmin\",\"description\":\"Joyer\u00eda de Plata 925 - Pendientes, pulseras, anillos, colgantes y m\u00e1s!\",\"publisher\":{\"@id\":\"https:\/\/joyasyasmin.com\/de\/#organization\"},\"potentialAction\":[{\"@type\":\"SearchAction\",\"target\":{\"@type\":\"EntryPoint\",\"urlTemplate\":\"https:\/\/joyasyasmin.com\/de\/?s={search_term_string}\"},\"query-input\":{\"@type\":\"PropertyValueSpecification\",\"valueRequired\":true,\"valueName\":\"search_term_string\"}}],\"inLanguage\":\"de\"},{\"@type\":\"Organization\",\"@id\":\"https:\/\/joyasyasmin.com\/de\/#organization\",\"name\":\"joyas yasmin\",\"url\":\"https:\/\/joyasyasmin.com\/de\/\",\"logo\":{\"@type\":\"ImageObject\",\"inLanguage\":\"de\",\"@id\":\"https:\/\/joyasyasmin.com\/de\/#\/schema\/logo\/image\/\",\"url\":\"https:\/\/joyasyasmin.com\/wp-content\/uploads\/2017\/06\/IMG-20200429-WA0051.jpg\",\"contentUrl\":\"https:\/\/joyasyasmin.com\/wp-content\/uploads\/2017\/06\/IMG-20200429-WA0051.jpg\",\"width\":1080,\"height\":545,\"caption\":\"joyas yasmin\"},\"image\":{\"@id\":\"https:\/\/joyasyasmin.com\/de\/#\/schema\/logo\/image\/\"},\"sameAs\":[\"https:\/\/www.facebook.com\/Joyas-Yasmin-217664058934169\/\",\"https:\/\/www.instagram.com\/invites\/contact\/\"]}]}<\/script>\n<!-- \/ Yoast SEO plugin. -->","yoast_head_json":{"title":"Silhouette Armband Virgen del Roc\u00edo - Yasmin","description":"Das Silhouette Armband Virgen del Roc\u00edo ist ein wundersch\u00f6nes Schmuckst\u00fcck, das einen Ausdruck von Glauben und Stil darstellt und Hingabe und Eleganz in einem einzigartigen St\u00fcck vereint.","robots":{"index":"index","follow":"follow","max-snippet":"max-snippet:-1","max-image-preview":"max-image-preview:large","max-video-preview":"max-video-preview:-1"},"canonical":"https:\/\/joyasyasmin.com\/de\/producto\/silhouette-armband-virgen-del-rocio\/","og_locale":"de_DE","og_title":"Silhouette Armband Virgen del Roc\u00edo - Yasmin","og_description":"Das Silhouette Armband Virgen del Roc\u00edo ist ein wundersch\u00f6nes Schmuckst\u00fcck, das einen Ausdruck von Glauben und Stil darstellt und Hingabe und Eleganz in einem einzigartigen St\u00fcck vereint.","og_url":"https:\/\/joyasyasmin.com\/de\/producto\/silhouette-armband-virgen-del-rocio\/","og_site_name":"Yasmin","article_publisher":"https:\/\/www.facebook.com\/Joyas-Yasmin-217664058934169\/","article_modified_time":"2025-05-13T11:07:31+00:00","og_image":[{"width":1000,"height":1000,"url":"https:\/\/joyasyasmin.com\/wp-content\/uploads\/2023\/10\/pulsera-virgen-del-rosio-con-bolitas.jpg","type":"image\/jpeg"}],"twitter_card":"summary_large_image","schema":{"@context":"https:\/\/schema.org","@graph":[{"@type":["WebPage","ItemPage"],"@id":"https:\/\/joyasyasmin.com\/de\/producto\/silhouette-armband-virgen-del-rocio\/","url":"https:\/\/joyasyasmin.com\/de\/producto\/silhouette-armband-virgen-del-rocio\/","name":"Silhouette Armband Virgen del Roc\u00edo - Yasmin","isPartOf":{"@id":"https:\/\/joyasyasmin.com\/de\/#website"},"primaryImageOfPage":{"@id":"https:\/\/joyasyasmin.com\/de\/producto\/silhouette-armband-virgen-del-rocio\/#primaryimage"},"image":{"@id":"https:\/\/joyasyasmin.com\/de\/producto\/silhouette-armband-virgen-del-rocio\/#primaryimage"},"thumbnailUrl":"https:\/\/joyasyasmin.com\/wp-content\/uploads\/2023\/10\/pulsera-virgen-del-rosio-con-bolitas.jpg","datePublished":"2023-10-05T19:39:50+00:00","dateModified":"2025-05-13T11:07:31+00:00","description":"Das Silhouette Armband Virgen del Roc\u00edo ist ein wundersch\u00f6nes Schmuckst\u00fcck, das einen Ausdruck von Glauben und Stil darstellt und Hingabe und Eleganz in einem einzigartigen St\u00fcck vereint.","breadcrumb":{"@id":"https:\/\/joyasyasmin.com\/de\/producto\/silhouette-armband-virgen-del-rocio\/#breadcrumb"},"inLanguage":"de","potentialAction":[{"@type":"ReadAction","target":["https:\/\/joyasyasmin.com\/de\/producto\/silhouette-armband-virgen-del-rocio\/"]}]},{"@type":"ImageObject","inLanguage":"de","@id":"https:\/\/joyasyasmin.com\/de\/producto\/silhouette-armband-virgen-del-rocio\/#primaryimage","url":"https:\/\/joyasyasmin.com\/wp-content\/uploads\/2023\/10\/pulsera-virgen-del-rosio-con-bolitas.jpg","contentUrl":"https:\/\/joyasyasmin.com\/wp-content\/uploads\/2023\/10\/pulsera-virgen-del-rosio-con-bolitas.jpg","width":1000,"height":1000,"caption":"Verkauf von Virgen del Rocio Silhouettenarmband mit Kugeln aus 925er Sterlingsilber"},{"@type":"BreadcrumbList","@id":"https:\/\/joyasyasmin.com\/de\/producto\/silhouette-armband-virgen-del-rocio\/#breadcrumb","itemListElement":[{"@type":"ListItem","position":1,"name":"Portada","item":"https:\/\/joyasyasmin.com\/de\/heim\/"},{"@type":"ListItem","position":2,"name":"Shop","item":"https:\/\/joyasyasmin.com\/de\/shop\/"},{"@type":"ListItem","position":3,"name":"Silhouette Armband Virgen del Roc\u00edo"}]},{"@type":"WebSite","@id":"https:\/\/joyasyasmin.com\/de\/#website","url":"https:\/\/joyasyasmin.com\/de\/","name":"Yasmin","description":"Joyer\u00eda de Plata 925 - Pendientes, pulseras, anillos, colgantes y m\u00e1s!","publisher":{"@id":"https:\/\/joyasyasmin.com\/de\/#organization"},"potentialAction":[{"@type":"SearchAction","target":{"@type":"EntryPoint","urlTemplate":"https:\/\/joyasyasmin.com\/de\/?s={search_term_string}"},"query-input":{"@type":"PropertyValueSpecification","valueRequired":true,"valueName":"search_term_string"}}],"inLanguage":"de"},{"@type":"Organization","@id":"https:\/\/joyasyasmin.com\/de\/#organization","name":"joyas yasmin","url":"https:\/\/joyasyasmin.com\/de\/","logo":{"@type":"ImageObject","inLanguage":"de","@id":"https:\/\/joyasyasmin.com\/de\/#\/schema\/logo\/image\/","url":"https:\/\/joyasyasmin.com\/wp-content\/uploads\/2017\/06\/IMG-20200429-WA0051.jpg","contentUrl":"https:\/\/joyasyasmin.com\/wp-content\/uploads\/2017\/06\/IMG-20200429-WA0051.jpg","width":1080,"height":545,"caption":"joyas yasmin"},"image":{"@id":"https:\/\/joyasyasmin.com\/de\/#\/schema\/logo\/image\/"},"sameAs":["https:\/\/www.facebook.com\/Joyas-Yasmin-217664058934169\/","https:\/\/www.instagram.com\/invites\/contact\/"]}]}},"_links":{"self":[{"href":"https:\/\/joyasyasmin.com\/de\/wp-json\/wp\/v2\/product\/22727","targetHints":{"allow":["GET"]}}],"collection":[{"href":"https:\/\/joyasyasmin.com\/de\/wp-json\/wp\/v2\/product"}],"about":[{"href":"https:\/\/joyasyasmin.com\/de\/wp-json\/wp\/v2\/types\/product"}],"replies":[{"embeddable":true,"href":"https:\/\/joyasyasmin.com\/de\/wp-json\/wp\/v2\/comments?post=22727"}],"version-history":[{"count":1,"href":"https:\/\/joyasyasmin.com\/de\/wp-json\/wp\/v2\/product\/22727\/revisions"}],"predecessor-version":[{"id":29538,"href":"https:\/\/joyasyasmin.com\/de\/wp-json\/wp\/v2\/product\/22727\/revisions\/29538"}],"wp:featuredmedia":[{"embeddable":true,"href":"https:\/\/joyasyasmin.com\/de\/wp-json\/wp\/v2\/media\/22731"}],"wp:attachment":[{"href":"https:\/\/joyasyasmin.com\/de\/wp-json\/wp\/v2\/media?parent=22727"}],"wp:term":[{"taxonomy":"product_brand","embeddable":true,"href":"https:\/\/joyasyasmin.com\/de\/wp-json\/wp\/v2\/product_brand?post=22727"},{"taxonomy":"product_cat","embeddable":true,"href":"https:\/\/joyasyasmin.com\/de\/wp-json\/wp\/v2\/product_cat?post=22727"},{"taxonomy":"product_tag","embeddable":true,"href":"https:\/\/joyasyasmin.com\/de\/wp-json\/wp\/v2\/product_tag?post=22727"}],"curies":[{"name":"wp","href":"https:\/\/api.w.org\/{rel}","templated":true}]}}