{"id":22728,"date":"2023-10-05T20:13:17","date_gmt":"2023-10-05T20:13:17","guid":{"rendered":"https:\/\/joyasyasmin.com\/producto\/herz-des-meeres-ohrring\/"},"modified":"2025-11-10T11:35:31","modified_gmt":"2025-11-10T11:35:31","slug":"herz-des-meeres-ohrring","status":"publish","type":"product","link":"https:\/\/joyasyasmin.com\/de\/producto\/herz-des-meeres-ohrring\/","title":{"rendered":"Herz des Meeres Ohrring"},"content":{"rendered":"","protected":false},"excerpt":{"rendered":"<p>Entdecken Sie die Essenz der Eleganz mit unseren Ohrringen aus 925er Sterlingsilber f\u00fcr das Herz des Meeres. Dieses charmante runde Design verf\u00fcgt \u00fcber ein zart geformtes Herz an der Spitze, das Liebe und Verbundenheit symbolisiert. Am unteren Rand des Kreises sorgt ein schillernder 5-mm-Muschelstein f\u00fcr einen Hauch von Glanz und Raffinesse  <\/p>\n","protected":false},"featured_media":22734,"comment_status":"open","ping_status":"closed","template":"","meta":{"_acf_changed":false,"_joinchat":[]},"product_brand":[],"product_cat":[1770],"product_tag":[2543,2542],"class_list":{"0":"post-22728","1":"product","2":"type-product","3":"status-publish","4":"has-post-thumbnail","6":"product_cat-ohrringe-und-ohrringe","7":"product_tag-herz-des-meeres-ohrring","8":"product_tag-perlen-ohrringe","10":"first","11":"instock","12":"shipping-taxable","13":"purchasable","14":"product-type-variable"},"acf":[],"yoast_head":"<!-- This site is optimized with the Yoast SEO plugin v27.3 - https:\/\/yoast.com\/product\/yoast-seo-wordpress\/ -->\n<title>Herz des Meeres Ohrring - Yasmin<\/title>\n<meta name=\"description\" content=\"Herz des Meeres Ohrring aus 925 Sterling Silber. Dieses Design verf\u00fcgt \u00fcber ein geformtes Herz an der Spitze, das Liebe und Verbundenheit symbolisiert.\" \/>\n<meta name=\"robots\" content=\"index, follow, max-snippet:-1, max-image-preview:large, max-video-preview:-1\" \/>\n<link rel=\"canonical\" href=\"https:\/\/joyasyasmin.com\/de\/producto\/herz-des-meeres-ohrring\/\" \/>\n<meta property=\"og:locale\" content=\"de_DE\" \/>\n<meta property=\"og:title\" content=\"Herz des Meeres Ohrring - Yasmin\" \/>\n<meta property=\"og:description\" content=\"Herz des Meeres Ohrring aus 925 Sterling Silber. Dieses Design verf\u00fcgt \u00fcber ein geformtes Herz an der Spitze, das Liebe und Verbundenheit symbolisiert.\" \/>\n<meta property=\"og:url\" content=\"https:\/\/joyasyasmin.com\/de\/producto\/herz-des-meeres-ohrring\/\" \/>\n<meta property=\"og:site_name\" content=\"Yasmin\" \/>\n<meta property=\"article:publisher\" content=\"https:\/\/www.facebook.com\/Joyas-Yasmin-217664058934169\/\" \/>\n<meta property=\"article:modified_time\" content=\"2025-11-10T11:35:31+00:00\" \/>\n<meta property=\"og:image\" content=\"https:\/\/joyasyasmin.com\/wp-content\/uploads\/2023\/10\/pendiente-nudo-con-perla.jpg\" \/>\n\t<meta property=\"og:image:width\" content=\"1000\" \/>\n\t<meta property=\"og:image:height\" content=\"1000\" \/>\n\t<meta property=\"og:image:type\" content=\"image\/jpeg\" \/>\n<meta name=\"twitter:card\" content=\"summary_large_image\" \/>\n<script type=\"application\/ld+json\" class=\"yoast-schema-graph\">{\"@context\":\"https:\\\/\\\/schema.org\",\"@graph\":[{\"@type\":[\"WebPage\",\"ItemPage\"],\"@id\":\"https:\\\/\\\/joyasyasmin.com\\\/de\\\/producto\\\/herz-des-meeres-ohrring\\\/\",\"url\":\"https:\\\/\\\/joyasyasmin.com\\\/de\\\/producto\\\/herz-des-meeres-ohrring\\\/\",\"name\":\"Herz des Meeres Ohrring - Yasmin\",\"isPartOf\":{\"@id\":\"https:\\\/\\\/joyasyasmin.com\\\/de\\\/#website\"},\"primaryImageOfPage\":{\"@id\":\"https:\\\/\\\/joyasyasmin.com\\\/de\\\/producto\\\/herz-des-meeres-ohrring\\\/#primaryimage\"},\"image\":{\"@id\":\"https:\\\/\\\/joyasyasmin.com\\\/de\\\/producto\\\/herz-des-meeres-ohrring\\\/#primaryimage\"},\"thumbnailUrl\":\"https:\\\/\\\/joyasyasmin.com\\\/wp-content\\\/uploads\\\/2023\\\/10\\\/pendiente-nudo-con-perla.jpg\",\"datePublished\":\"2023-10-05T20:13:17+00:00\",\"dateModified\":\"2025-11-10T11:35:31+00:00\",\"description\":\"Herz des Meeres Ohrring aus 925 Sterling Silber. Dieses Design verf\u00fcgt \u00fcber ein geformtes Herz an der Spitze, das Liebe und Verbundenheit symbolisiert.\",\"breadcrumb\":{\"@id\":\"https:\\\/\\\/joyasyasmin.com\\\/de\\\/producto\\\/herz-des-meeres-ohrring\\\/#breadcrumb\"},\"inLanguage\":\"de\",\"potentialAction\":[{\"@type\":\"ReadAction\",\"target\":[\"https:\\\/\\\/joyasyasmin.com\\\/de\\\/producto\\\/herz-des-meeres-ohrring\\\/\"]}]},{\"@type\":\"ImageObject\",\"inLanguage\":\"de\",\"@id\":\"https:\\\/\\\/joyasyasmin.com\\\/de\\\/producto\\\/herz-des-meeres-ohrring\\\/#primaryimage\",\"url\":\"https:\\\/\\\/joyasyasmin.com\\\/wp-content\\\/uploads\\\/2023\\\/10\\\/pendiente-nudo-con-perla.jpg\",\"contentUrl\":\"https:\\\/\\\/joyasyasmin.com\\\/wp-content\\\/uploads\\\/2023\\\/10\\\/pendiente-nudo-con-perla.jpg\",\"width\":1000,\"height\":1000,\"caption\":\"Sale 925 Sterling Silber Herz des Meeres Ohrring, mit einem Knoten und einer Muschelperle\"},{\"@type\":\"BreadcrumbList\",\"@id\":\"https:\\\/\\\/joyasyasmin.com\\\/de\\\/producto\\\/herz-des-meeres-ohrring\\\/#breadcrumb\",\"itemListElement\":[{\"@type\":\"ListItem\",\"position\":1,\"name\":\"Portada\",\"item\":\"https:\\\/\\\/joyasyasmin.com\\\/de\\\/heim\\\/\"},{\"@type\":\"ListItem\",\"position\":2,\"name\":\"Shop\",\"item\":\"https:\\\/\\\/joyasyasmin.com\\\/de\\\/shop\\\/\"},{\"@type\":\"ListItem\",\"position\":3,\"name\":\"Herz des Meeres Ohrring\"}]},{\"@type\":\"WebSite\",\"@id\":\"https:\\\/\\\/joyasyasmin.com\\\/de\\\/#website\",\"url\":\"https:\\\/\\\/joyasyasmin.com\\\/de\\\/\",\"name\":\"Yasmin\",\"description\":\"Joyer\u00eda de Plata 925 - Pendientes, pulseras, anillos, colgantes y m\u00e1s!\",\"publisher\":{\"@id\":\"https:\\\/\\\/joyasyasmin.com\\\/de\\\/#organization\"},\"potentialAction\":[{\"@type\":\"SearchAction\",\"target\":{\"@type\":\"EntryPoint\",\"urlTemplate\":\"https:\\\/\\\/joyasyasmin.com\\\/de\\\/?s={search_term_string}\"},\"query-input\":{\"@type\":\"PropertyValueSpecification\",\"valueRequired\":true,\"valueName\":\"search_term_string\"}}],\"inLanguage\":\"de\"},{\"@type\":\"Organization\",\"@id\":\"https:\\\/\\\/joyasyasmin.com\\\/de\\\/#organization\",\"name\":\"joyas yasmin\",\"url\":\"https:\\\/\\\/joyasyasmin.com\\\/de\\\/\",\"logo\":{\"@type\":\"ImageObject\",\"inLanguage\":\"de\",\"@id\":\"https:\\\/\\\/joyasyasmin.com\\\/de\\\/#\\\/schema\\\/logo\\\/image\\\/\",\"url\":\"https:\\\/\\\/joyasyasmin.com\\\/wp-content\\\/uploads\\\/2017\\\/06\\\/IMG-20200429-WA0051.jpg\",\"contentUrl\":\"https:\\\/\\\/joyasyasmin.com\\\/wp-content\\\/uploads\\\/2017\\\/06\\\/IMG-20200429-WA0051.jpg\",\"width\":1080,\"height\":545,\"caption\":\"joyas yasmin\"},\"image\":{\"@id\":\"https:\\\/\\\/joyasyasmin.com\\\/de\\\/#\\\/schema\\\/logo\\\/image\\\/\"},\"sameAs\":[\"https:\\\/\\\/www.facebook.com\\\/Joyas-Yasmin-217664058934169\\\/\",\"https:\\\/\\\/www.instagram.com\\\/invites\\\/contact\\\/\"]}]}<\/script>\n<!-- \/ Yoast SEO plugin. -->","yoast_head_json":{"title":"Herz des Meeres Ohrring - Yasmin","description":"Herz des Meeres Ohrring aus 925 Sterling Silber. Dieses Design verf\u00fcgt \u00fcber ein geformtes Herz an der Spitze, das Liebe und Verbundenheit symbolisiert.","robots":{"index":"index","follow":"follow","max-snippet":"max-snippet:-1","max-image-preview":"max-image-preview:large","max-video-preview":"max-video-preview:-1"},"canonical":"https:\/\/joyasyasmin.com\/de\/producto\/herz-des-meeres-ohrring\/","og_locale":"de_DE","og_title":"Herz des Meeres Ohrring - Yasmin","og_description":"Herz des Meeres Ohrring aus 925 Sterling Silber. Dieses Design verf\u00fcgt \u00fcber ein geformtes Herz an der Spitze, das Liebe und Verbundenheit symbolisiert.","og_url":"https:\/\/joyasyasmin.com\/de\/producto\/herz-des-meeres-ohrring\/","og_site_name":"Yasmin","article_publisher":"https:\/\/www.facebook.com\/Joyas-Yasmin-217664058934169\/","article_modified_time":"2025-11-10T11:35:31+00:00","og_image":[{"width":1000,"height":1000,"url":"https:\/\/joyasyasmin.com\/wp-content\/uploads\/2023\/10\/pendiente-nudo-con-perla.jpg","type":"image\/jpeg"}],"twitter_card":"summary_large_image","schema":{"@context":"https:\/\/schema.org","@graph":[{"@type":["WebPage","ItemPage"],"@id":"https:\/\/joyasyasmin.com\/de\/producto\/herz-des-meeres-ohrring\/","url":"https:\/\/joyasyasmin.com\/de\/producto\/herz-des-meeres-ohrring\/","name":"Herz des Meeres Ohrring - Yasmin","isPartOf":{"@id":"https:\/\/joyasyasmin.com\/de\/#website"},"primaryImageOfPage":{"@id":"https:\/\/joyasyasmin.com\/de\/producto\/herz-des-meeres-ohrring\/#primaryimage"},"image":{"@id":"https:\/\/joyasyasmin.com\/de\/producto\/herz-des-meeres-ohrring\/#primaryimage"},"thumbnailUrl":"https:\/\/joyasyasmin.com\/wp-content\/uploads\/2023\/10\/pendiente-nudo-con-perla.jpg","datePublished":"2023-10-05T20:13:17+00:00","dateModified":"2025-11-10T11:35:31+00:00","description":"Herz des Meeres Ohrring aus 925 Sterling Silber. Dieses Design verf\u00fcgt \u00fcber ein geformtes Herz an der Spitze, das Liebe und Verbundenheit symbolisiert.","breadcrumb":{"@id":"https:\/\/joyasyasmin.com\/de\/producto\/herz-des-meeres-ohrring\/#breadcrumb"},"inLanguage":"de","potentialAction":[{"@type":"ReadAction","target":["https:\/\/joyasyasmin.com\/de\/producto\/herz-des-meeres-ohrring\/"]}]},{"@type":"ImageObject","inLanguage":"de","@id":"https:\/\/joyasyasmin.com\/de\/producto\/herz-des-meeres-ohrring\/#primaryimage","url":"https:\/\/joyasyasmin.com\/wp-content\/uploads\/2023\/10\/pendiente-nudo-con-perla.jpg","contentUrl":"https:\/\/joyasyasmin.com\/wp-content\/uploads\/2023\/10\/pendiente-nudo-con-perla.jpg","width":1000,"height":1000,"caption":"Sale 925 Sterling Silber Herz des Meeres Ohrring, mit einem Knoten und einer Muschelperle"},{"@type":"BreadcrumbList","@id":"https:\/\/joyasyasmin.com\/de\/producto\/herz-des-meeres-ohrring\/#breadcrumb","itemListElement":[{"@type":"ListItem","position":1,"name":"Portada","item":"https:\/\/joyasyasmin.com\/de\/heim\/"},{"@type":"ListItem","position":2,"name":"Shop","item":"https:\/\/joyasyasmin.com\/de\/shop\/"},{"@type":"ListItem","position":3,"name":"Herz des Meeres Ohrring"}]},{"@type":"WebSite","@id":"https:\/\/joyasyasmin.com\/de\/#website","url":"https:\/\/joyasyasmin.com\/de\/","name":"Yasmin","description":"Joyer\u00eda de Plata 925 - Pendientes, pulseras, anillos, colgantes y m\u00e1s!","publisher":{"@id":"https:\/\/joyasyasmin.com\/de\/#organization"},"potentialAction":[{"@type":"SearchAction","target":{"@type":"EntryPoint","urlTemplate":"https:\/\/joyasyasmin.com\/de\/?s={search_term_string}"},"query-input":{"@type":"PropertyValueSpecification","valueRequired":true,"valueName":"search_term_string"}}],"inLanguage":"de"},{"@type":"Organization","@id":"https:\/\/joyasyasmin.com\/de\/#organization","name":"joyas yasmin","url":"https:\/\/joyasyasmin.com\/de\/","logo":{"@type":"ImageObject","inLanguage":"de","@id":"https:\/\/joyasyasmin.com\/de\/#\/schema\/logo\/image\/","url":"https:\/\/joyasyasmin.com\/wp-content\/uploads\/2017\/06\/IMG-20200429-WA0051.jpg","contentUrl":"https:\/\/joyasyasmin.com\/wp-content\/uploads\/2017\/06\/IMG-20200429-WA0051.jpg","width":1080,"height":545,"caption":"joyas yasmin"},"image":{"@id":"https:\/\/joyasyasmin.com\/de\/#\/schema\/logo\/image\/"},"sameAs":["https:\/\/www.facebook.com\/Joyas-Yasmin-217664058934169\/","https:\/\/www.instagram.com\/invites\/contact\/"]}]}},"_links":{"self":[{"href":"https:\/\/joyasyasmin.com\/de\/wp-json\/wp\/v2\/product\/22728","targetHints":{"allow":["GET"]}}],"collection":[{"href":"https:\/\/joyasyasmin.com\/de\/wp-json\/wp\/v2\/product"}],"about":[{"href":"https:\/\/joyasyasmin.com\/de\/wp-json\/wp\/v2\/types\/product"}],"replies":[{"embeddable":true,"href":"https:\/\/joyasyasmin.com\/de\/wp-json\/wp\/v2\/comments?post=22728"}],"version-history":[{"count":1,"href":"https:\/\/joyasyasmin.com\/de\/wp-json\/wp\/v2\/product\/22728\/revisions"}],"predecessor-version":[{"id":35858,"href":"https:\/\/joyasyasmin.com\/de\/wp-json\/wp\/v2\/product\/22728\/revisions\/35858"}],"wp:featuredmedia":[{"embeddable":true,"href":"https:\/\/joyasyasmin.com\/de\/wp-json\/wp\/v2\/media\/22734"}],"wp:attachment":[{"href":"https:\/\/joyasyasmin.com\/de\/wp-json\/wp\/v2\/media?parent=22728"}],"wp:term":[{"taxonomy":"product_brand","embeddable":true,"href":"https:\/\/joyasyasmin.com\/de\/wp-json\/wp\/v2\/product_brand?post=22728"},{"taxonomy":"product_cat","embeddable":true,"href":"https:\/\/joyasyasmin.com\/de\/wp-json\/wp\/v2\/product_cat?post=22728"},{"taxonomy":"product_tag","embeddable":true,"href":"https:\/\/joyasyasmin.com\/de\/wp-json\/wp\/v2\/product_tag?post=22728"}],"curies":[{"name":"wp","href":"https:\/\/api.w.org\/{rel}","templated":true}]}}