{"id":22760,"date":"2023-11-05T12:49:45","date_gmt":"2023-11-05T12:49:45","guid":{"rendered":"https:\/\/joyasyasmin.com\/producto\/armband-mit-hexenknoten\/"},"modified":"2025-11-10T11:35:44","modified_gmt":"2025-11-10T11:35:44","slug":"armband-mit-hexenknoten","status":"publish","type":"product","link":"https:\/\/joyasyasmin.com\/de\/producto\/armband-mit-hexenknoten\/","title":{"rendered":"Armband mit Hexenknoten"},"content":{"rendered":"","protected":false},"excerpt":{"rendered":"<p>Entdecken Sie unser exquisites Hexenknotenarmband, ein charmantes Accessoire, das Stil und Bedeutung in einem einzigartigen Design vereint. Dieses Armband ist sorgf\u00e4ltig mit einem komplizierten Hexenknoten von 15 mm gefertigt, der Ihrem Handgelenk einen Hauch von Eleganz verleiht.<\/p>\n<p>Der Hexenknoten, sorgf\u00e4ltig gewebt mit hochwertigem 925er Sterlingsilberfaden mit einer St\u00e4rke von 2 mm, garantiert Langlebigkeit und Widerstandsf\u00e4higkeit. Das koreanische Armband hat eine L\u00e4nge von 17 cm und eine Verl\u00e4ngerung von 3 cm, um sich bequem an verschiedene Handgelenkgr\u00f6\u00dfen anzupassen und dem Tr\u00e4ger Vielseitigkeit und Komfort zu bieten.<\/p>\n","protected":false},"featured_media":22764,"comment_status":"open","ping_status":"closed","template":"","meta":{"_acf_changed":false,"_joinchat":[]},"product_brand":[],"product_cat":[1787],"product_tag":[2562,2563],"class_list":{"0":"post-22760","1":"product","2":"type-product","3":"status-publish","4":"has-post-thumbnail","6":"product_cat-armbander","7":"product_tag-hexenknoten-armband-de","8":"product_tag-silbernes-hexenknoten-armband","10":"first","11":"instock","12":"shipping-taxable","13":"purchasable","14":"product-type-simple"},"acf":[],"yoast_head":"<!-- This site is optimized with the Yoast SEO plugin v27.2 - https:\/\/yoast.com\/product\/yoast-seo-wordpress\/ -->\n<title>Armband mit Hexenknoten - Yasmin<\/title>\n<meta name=\"description\" content=\"Das Hexenknoten-Armband ist ein Juwel aus 925er Sterlingsilber, mit diesem Symbol tragen Sie Schutz und Spiritualit\u00e4t, seine L\u00e4nge betr\u00e4gt 17 + 3 cm.\" \/>\n<meta name=\"robots\" content=\"index, follow, max-snippet:-1, max-image-preview:large, max-video-preview:-1\" \/>\n<link rel=\"canonical\" href=\"https:\/\/joyasyasmin.com\/de\/producto\/armband-mit-hexenknoten\/\" \/>\n<meta property=\"og:locale\" content=\"de_DE\" \/>\n<meta property=\"og:title\" content=\"Armband mit Hexenknoten - Yasmin\" \/>\n<meta property=\"og:description\" content=\"Das Hexenknoten-Armband ist ein Juwel aus 925er Sterlingsilber, mit diesem Symbol tragen Sie Schutz und Spiritualit\u00e4t, seine L\u00e4nge betr\u00e4gt 17 + 3 cm.\" \/>\n<meta property=\"og:url\" content=\"https:\/\/joyasyasmin.com\/de\/producto\/armband-mit-hexenknoten\/\" \/>\n<meta property=\"og:site_name\" content=\"Yasmin\" \/>\n<meta property=\"article:publisher\" content=\"https:\/\/www.facebook.com\/Joyas-Yasmin-217664058934169\/\" \/>\n<meta property=\"article:modified_time\" content=\"2025-11-10T11:35:44+00:00\" \/>\n<meta property=\"og:image\" content=\"https:\/\/joyasyasmin.com\/wp-content\/uploads\/2023\/11\/pulsera-nudo-de-bruja-de-plata-925.jpg\" \/>\n\t<meta property=\"og:image:width\" content=\"1000\" \/>\n\t<meta property=\"og:image:height\" content=\"1000\" \/>\n\t<meta property=\"og:image:type\" content=\"image\/jpeg\" \/>\n<meta name=\"twitter:card\" content=\"summary_large_image\" \/>\n<script type=\"application\/ld+json\" class=\"yoast-schema-graph\">{\"@context\":\"https:\/\/schema.org\",\"@graph\":[{\"@type\":[\"WebPage\",\"ItemPage\"],\"@id\":\"https:\/\/joyasyasmin.com\/de\/producto\/armband-mit-hexenknoten\/\",\"url\":\"https:\/\/joyasyasmin.com\/de\/producto\/armband-mit-hexenknoten\/\",\"name\":\"Armband mit Hexenknoten - Yasmin\",\"isPartOf\":{\"@id\":\"https:\/\/joyasyasmin.com\/de\/#website\"},\"primaryImageOfPage\":{\"@id\":\"https:\/\/joyasyasmin.com\/de\/producto\/armband-mit-hexenknoten\/#primaryimage\"},\"image\":{\"@id\":\"https:\/\/joyasyasmin.com\/de\/producto\/armband-mit-hexenknoten\/#primaryimage\"},\"thumbnailUrl\":\"https:\/\/joyasyasmin.com\/wp-content\/uploads\/2023\/11\/pulsera-nudo-de-bruja-de-plata-925.jpg\",\"datePublished\":\"2023-11-05T12:49:45+00:00\",\"dateModified\":\"2025-11-10T11:35:44+00:00\",\"description\":\"Das Hexenknoten-Armband ist ein Juwel aus 925er Sterlingsilber, mit diesem Symbol tragen Sie Schutz und Spiritualit\u00e4t, seine L\u00e4nge betr\u00e4gt 17 + 3 cm.\",\"breadcrumb\":{\"@id\":\"https:\/\/joyasyasmin.com\/de\/producto\/armband-mit-hexenknoten\/#breadcrumb\"},\"inLanguage\":\"de\",\"potentialAction\":[{\"@type\":\"ReadAction\",\"target\":[\"https:\/\/joyasyasmin.com\/de\/producto\/armband-mit-hexenknoten\/\"]}]},{\"@type\":\"ImageObject\",\"inLanguage\":\"de\",\"@id\":\"https:\/\/joyasyasmin.com\/de\/producto\/armband-mit-hexenknoten\/#primaryimage\",\"url\":\"https:\/\/joyasyasmin.com\/wp-content\/uploads\/2023\/11\/pulsera-nudo-de-bruja-de-plata-925.jpg\",\"contentUrl\":\"https:\/\/joyasyasmin.com\/wp-content\/uploads\/2023\/11\/pulsera-nudo-de-bruja-de-plata-925.jpg\",\"width\":1000,\"height\":1000,\"caption\":\"925 Silber Hexenknoten Armband zum Verkauf, seine L\u00e4nge 17+3cm\"},{\"@type\":\"BreadcrumbList\",\"@id\":\"https:\/\/joyasyasmin.com\/de\/producto\/armband-mit-hexenknoten\/#breadcrumb\",\"itemListElement\":[{\"@type\":\"ListItem\",\"position\":1,\"name\":\"Portada\",\"item\":\"https:\/\/joyasyasmin.com\/de\/heim\/\"},{\"@type\":\"ListItem\",\"position\":2,\"name\":\"Shop\",\"item\":\"https:\/\/joyasyasmin.com\/de\/shop\/\"},{\"@type\":\"ListItem\",\"position\":3,\"name\":\"Armband mit Hexenknoten\"}]},{\"@type\":\"WebSite\",\"@id\":\"https:\/\/joyasyasmin.com\/de\/#website\",\"url\":\"https:\/\/joyasyasmin.com\/de\/\",\"name\":\"Yasmin\",\"description\":\"Joyer\u00eda de Plata 925 - Pendientes, pulseras, anillos, colgantes y m\u00e1s!\",\"publisher\":{\"@id\":\"https:\/\/joyasyasmin.com\/de\/#organization\"},\"potentialAction\":[{\"@type\":\"SearchAction\",\"target\":{\"@type\":\"EntryPoint\",\"urlTemplate\":\"https:\/\/joyasyasmin.com\/de\/?s={search_term_string}\"},\"query-input\":{\"@type\":\"PropertyValueSpecification\",\"valueRequired\":true,\"valueName\":\"search_term_string\"}}],\"inLanguage\":\"de\"},{\"@type\":\"Organization\",\"@id\":\"https:\/\/joyasyasmin.com\/de\/#organization\",\"name\":\"joyas yasmin\",\"url\":\"https:\/\/joyasyasmin.com\/de\/\",\"logo\":{\"@type\":\"ImageObject\",\"inLanguage\":\"de\",\"@id\":\"https:\/\/joyasyasmin.com\/de\/#\/schema\/logo\/image\/\",\"url\":\"https:\/\/joyasyasmin.com\/wp-content\/uploads\/2017\/06\/IMG-20200429-WA0051.jpg\",\"contentUrl\":\"https:\/\/joyasyasmin.com\/wp-content\/uploads\/2017\/06\/IMG-20200429-WA0051.jpg\",\"width\":1080,\"height\":545,\"caption\":\"joyas yasmin\"},\"image\":{\"@id\":\"https:\/\/joyasyasmin.com\/de\/#\/schema\/logo\/image\/\"},\"sameAs\":[\"https:\/\/www.facebook.com\/Joyas-Yasmin-217664058934169\/\",\"https:\/\/www.instagram.com\/invites\/contact\/\"]}]}<\/script>\n<!-- \/ Yoast SEO plugin. -->","yoast_head_json":{"title":"Armband mit Hexenknoten - Yasmin","description":"Das Hexenknoten-Armband ist ein Juwel aus 925er Sterlingsilber, mit diesem Symbol tragen Sie Schutz und Spiritualit\u00e4t, seine L\u00e4nge betr\u00e4gt 17 + 3 cm.","robots":{"index":"index","follow":"follow","max-snippet":"max-snippet:-1","max-image-preview":"max-image-preview:large","max-video-preview":"max-video-preview:-1"},"canonical":"https:\/\/joyasyasmin.com\/de\/producto\/armband-mit-hexenknoten\/","og_locale":"de_DE","og_title":"Armband mit Hexenknoten - Yasmin","og_description":"Das Hexenknoten-Armband ist ein Juwel aus 925er Sterlingsilber, mit diesem Symbol tragen Sie Schutz und Spiritualit\u00e4t, seine L\u00e4nge betr\u00e4gt 17 + 3 cm.","og_url":"https:\/\/joyasyasmin.com\/de\/producto\/armband-mit-hexenknoten\/","og_site_name":"Yasmin","article_publisher":"https:\/\/www.facebook.com\/Joyas-Yasmin-217664058934169\/","article_modified_time":"2025-11-10T11:35:44+00:00","og_image":[{"width":1000,"height":1000,"url":"https:\/\/joyasyasmin.com\/wp-content\/uploads\/2023\/11\/pulsera-nudo-de-bruja-de-plata-925.jpg","type":"image\/jpeg"}],"twitter_card":"summary_large_image","schema":{"@context":"https:\/\/schema.org","@graph":[{"@type":["WebPage","ItemPage"],"@id":"https:\/\/joyasyasmin.com\/de\/producto\/armband-mit-hexenknoten\/","url":"https:\/\/joyasyasmin.com\/de\/producto\/armband-mit-hexenknoten\/","name":"Armband mit Hexenknoten - Yasmin","isPartOf":{"@id":"https:\/\/joyasyasmin.com\/de\/#website"},"primaryImageOfPage":{"@id":"https:\/\/joyasyasmin.com\/de\/producto\/armband-mit-hexenknoten\/#primaryimage"},"image":{"@id":"https:\/\/joyasyasmin.com\/de\/producto\/armband-mit-hexenknoten\/#primaryimage"},"thumbnailUrl":"https:\/\/joyasyasmin.com\/wp-content\/uploads\/2023\/11\/pulsera-nudo-de-bruja-de-plata-925.jpg","datePublished":"2023-11-05T12:49:45+00:00","dateModified":"2025-11-10T11:35:44+00:00","description":"Das Hexenknoten-Armband ist ein Juwel aus 925er Sterlingsilber, mit diesem Symbol tragen Sie Schutz und Spiritualit\u00e4t, seine L\u00e4nge betr\u00e4gt 17 + 3 cm.","breadcrumb":{"@id":"https:\/\/joyasyasmin.com\/de\/producto\/armband-mit-hexenknoten\/#breadcrumb"},"inLanguage":"de","potentialAction":[{"@type":"ReadAction","target":["https:\/\/joyasyasmin.com\/de\/producto\/armband-mit-hexenknoten\/"]}]},{"@type":"ImageObject","inLanguage":"de","@id":"https:\/\/joyasyasmin.com\/de\/producto\/armband-mit-hexenknoten\/#primaryimage","url":"https:\/\/joyasyasmin.com\/wp-content\/uploads\/2023\/11\/pulsera-nudo-de-bruja-de-plata-925.jpg","contentUrl":"https:\/\/joyasyasmin.com\/wp-content\/uploads\/2023\/11\/pulsera-nudo-de-bruja-de-plata-925.jpg","width":1000,"height":1000,"caption":"925 Silber Hexenknoten Armband zum Verkauf, seine L\u00e4nge 17+3cm"},{"@type":"BreadcrumbList","@id":"https:\/\/joyasyasmin.com\/de\/producto\/armband-mit-hexenknoten\/#breadcrumb","itemListElement":[{"@type":"ListItem","position":1,"name":"Portada","item":"https:\/\/joyasyasmin.com\/de\/heim\/"},{"@type":"ListItem","position":2,"name":"Shop","item":"https:\/\/joyasyasmin.com\/de\/shop\/"},{"@type":"ListItem","position":3,"name":"Armband mit Hexenknoten"}]},{"@type":"WebSite","@id":"https:\/\/joyasyasmin.com\/de\/#website","url":"https:\/\/joyasyasmin.com\/de\/","name":"Yasmin","description":"Joyer\u00eda de Plata 925 - Pendientes, pulseras, anillos, colgantes y m\u00e1s!","publisher":{"@id":"https:\/\/joyasyasmin.com\/de\/#organization"},"potentialAction":[{"@type":"SearchAction","target":{"@type":"EntryPoint","urlTemplate":"https:\/\/joyasyasmin.com\/de\/?s={search_term_string}"},"query-input":{"@type":"PropertyValueSpecification","valueRequired":true,"valueName":"search_term_string"}}],"inLanguage":"de"},{"@type":"Organization","@id":"https:\/\/joyasyasmin.com\/de\/#organization","name":"joyas yasmin","url":"https:\/\/joyasyasmin.com\/de\/","logo":{"@type":"ImageObject","inLanguage":"de","@id":"https:\/\/joyasyasmin.com\/de\/#\/schema\/logo\/image\/","url":"https:\/\/joyasyasmin.com\/wp-content\/uploads\/2017\/06\/IMG-20200429-WA0051.jpg","contentUrl":"https:\/\/joyasyasmin.com\/wp-content\/uploads\/2017\/06\/IMG-20200429-WA0051.jpg","width":1080,"height":545,"caption":"joyas yasmin"},"image":{"@id":"https:\/\/joyasyasmin.com\/de\/#\/schema\/logo\/image\/"},"sameAs":["https:\/\/www.facebook.com\/Joyas-Yasmin-217664058934169\/","https:\/\/www.instagram.com\/invites\/contact\/"]}]}},"_links":{"self":[{"href":"https:\/\/joyasyasmin.com\/de\/wp-json\/wp\/v2\/product\/22760","targetHints":{"allow":["GET"]}}],"collection":[{"href":"https:\/\/joyasyasmin.com\/de\/wp-json\/wp\/v2\/product"}],"about":[{"href":"https:\/\/joyasyasmin.com\/de\/wp-json\/wp\/v2\/types\/product"}],"replies":[{"embeddable":true,"href":"https:\/\/joyasyasmin.com\/de\/wp-json\/wp\/v2\/comments?post=22760"}],"version-history":[{"count":2,"href":"https:\/\/joyasyasmin.com\/de\/wp-json\/wp\/v2\/product\/22760\/revisions"}],"predecessor-version":[{"id":35867,"href":"https:\/\/joyasyasmin.com\/de\/wp-json\/wp\/v2\/product\/22760\/revisions\/35867"}],"wp:featuredmedia":[{"embeddable":true,"href":"https:\/\/joyasyasmin.com\/de\/wp-json\/wp\/v2\/media\/22764"}],"wp:attachment":[{"href":"https:\/\/joyasyasmin.com\/de\/wp-json\/wp\/v2\/media?parent=22760"}],"wp:term":[{"taxonomy":"product_brand","embeddable":true,"href":"https:\/\/joyasyasmin.com\/de\/wp-json\/wp\/v2\/product_brand?post=22760"},{"taxonomy":"product_cat","embeddable":true,"href":"https:\/\/joyasyasmin.com\/de\/wp-json\/wp\/v2\/product_cat?post=22760"},{"taxonomy":"product_tag","embeddable":true,"href":"https:\/\/joyasyasmin.com\/de\/wp-json\/wp\/v2\/product_tag?post=22760"}],"curies":[{"name":"wp","href":"https:\/\/api.w.org\/{rel}","templated":true}]}}