{"id":22783,"date":"2023-11-08T16:31:15","date_gmt":"2023-11-08T16:31:15","guid":{"rendered":"https:\/\/joyasyasmin.com\/producto\/ewige-liebe-herzen-armband\/"},"modified":"2025-05-13T11:07:41","modified_gmt":"2025-05-13T11:07:41","slug":"ewige-liebe-herzen-armband","status":"publish","type":"product","link":"https:\/\/joyasyasmin.com\/de\/producto\/ewige-liebe-herzen-armband\/","title":{"rendered":"Ewige Liebe Herzen Armband"},"content":{"rendered":"","protected":false},"excerpt":{"rendered":"<p style=\"padding-left: 40px;\">Entdecken Sie unser Armband Eternal Love Hearts, ein Schmuckst\u00fcck, das mit seinem bezaubernden Design und seiner tiefen Bedeutung Herzen in seinen Bann zieht. Dieses exquisite Armband ist sorgf\u00e4ltig aus echtem 925er Sterlingsilber gefertigt, um Qualit\u00e4t und Langlebigkeit zu gew\u00e4hrleisten. Die Glieder sind sorgf\u00e4ltig in die Form von 4 mm starken Herzen geformt, wodurch ein zartes, romantisches Muster entsteht, das die Essenz der wahren Liebe einf\u00e4ngt.  <\/p>\n","protected":false},"featured_media":22786,"comment_status":"open","ping_status":"closed","template":"","meta":{"_acf_changed":false,"_joinchat":[]},"product_brand":[],"product_cat":[1787],"product_tag":[2582,2583],"class_list":{"0":"post-22783","1":"product","2":"type-product","3":"status-publish","4":"has-post-thumbnail","6":"product_cat-armbander","7":"product_tag-herzen-armband-ewige-liebe","8":"product_tag-silbernes-herzformiges-armband","10":"first","11":"instock","12":"shipping-taxable","13":"purchasable","14":"product-type-simple"},"acf":[],"yoast_head":"<!-- This site is optimized with the Yoast SEO plugin v27.2 - https:\/\/yoast.com\/product\/yoast-seo-wordpress\/ -->\n<title>Ewige Liebe Herzen Armband - Yasmin<\/title>\n<meta name=\"description\" content=\"Eternal Love Heart Bracelet ist ein Juwel aus 925er Sterlingsilber, die Breite des Herzens betr\u00e4gt 5 mm und seine L\u00e4nge 17 + 3 cm, charmantes Design, lassen Sie sich verlieben.\" \/>\n<meta name=\"robots\" content=\"index, follow, max-snippet:-1, max-image-preview:large, max-video-preview:-1\" \/>\n<link rel=\"canonical\" href=\"https:\/\/joyasyasmin.com\/de\/producto\/ewige-liebe-herzen-armband\/\" \/>\n<meta property=\"og:locale\" content=\"de_DE\" \/>\n<meta property=\"og:title\" content=\"Ewige Liebe Herzen Armband - Yasmin\" \/>\n<meta property=\"og:description\" content=\"Eternal Love Heart Bracelet ist ein Juwel aus 925er Sterlingsilber, die Breite des Herzens betr\u00e4gt 5 mm und seine L\u00e4nge 17 + 3 cm, charmantes Design, lassen Sie sich verlieben.\" \/>\n<meta property=\"og:url\" content=\"https:\/\/joyasyasmin.com\/de\/producto\/ewige-liebe-herzen-armband\/\" \/>\n<meta property=\"og:site_name\" content=\"Yasmin\" \/>\n<meta property=\"article:publisher\" content=\"https:\/\/www.facebook.com\/Joyas-Yasmin-217664058934169\/\" \/>\n<meta property=\"article:modified_time\" content=\"2025-05-13T11:07:41+00:00\" \/>\n<meta property=\"og:image\" content=\"https:\/\/joyasyasmin.com\/wp-content\/uploads\/2023\/11\/pulsera-de-corazones-lisos.jpg\" \/>\n\t<meta property=\"og:image:width\" content=\"1000\" \/>\n\t<meta property=\"og:image:height\" content=\"1000\" \/>\n\t<meta property=\"og:image:type\" content=\"image\/jpeg\" \/>\n<meta name=\"twitter:card\" content=\"summary_large_image\" \/>\n<script type=\"application\/ld+json\" class=\"yoast-schema-graph\">{\"@context\":\"https:\/\/schema.org\",\"@graph\":[{\"@type\":[\"WebPage\",\"ItemPage\"],\"@id\":\"https:\/\/joyasyasmin.com\/de\/producto\/ewige-liebe-herzen-armband\/\",\"url\":\"https:\/\/joyasyasmin.com\/de\/producto\/ewige-liebe-herzen-armband\/\",\"name\":\"Ewige Liebe Herzen Armband - Yasmin\",\"isPartOf\":{\"@id\":\"https:\/\/joyasyasmin.com\/de\/#website\"},\"primaryImageOfPage\":{\"@id\":\"https:\/\/joyasyasmin.com\/de\/producto\/ewige-liebe-herzen-armband\/#primaryimage\"},\"image\":{\"@id\":\"https:\/\/joyasyasmin.com\/de\/producto\/ewige-liebe-herzen-armband\/#primaryimage\"},\"thumbnailUrl\":\"https:\/\/joyasyasmin.com\/wp-content\/uploads\/2023\/11\/pulsera-de-corazones-lisos.jpg\",\"datePublished\":\"2023-11-08T16:31:15+00:00\",\"dateModified\":\"2025-05-13T11:07:41+00:00\",\"description\":\"Eternal Love Heart Bracelet ist ein Juwel aus 925er Sterlingsilber, die Breite des Herzens betr\u00e4gt 5 mm und seine L\u00e4nge 17 + 3 cm, charmantes Design, lassen Sie sich verlieben.\",\"breadcrumb\":{\"@id\":\"https:\/\/joyasyasmin.com\/de\/producto\/ewige-liebe-herzen-armband\/#breadcrumb\"},\"inLanguage\":\"de\",\"potentialAction\":[{\"@type\":\"ReadAction\",\"target\":[\"https:\/\/joyasyasmin.com\/de\/producto\/ewige-liebe-herzen-armband\/\"]}]},{\"@type\":\"ImageObject\",\"inLanguage\":\"de\",\"@id\":\"https:\/\/joyasyasmin.com\/de\/producto\/ewige-liebe-herzen-armband\/#primaryimage\",\"url\":\"https:\/\/joyasyasmin.com\/wp-content\/uploads\/2023\/11\/pulsera-de-corazones-lisos.jpg\",\"contentUrl\":\"https:\/\/joyasyasmin.com\/wp-content\/uploads\/2023\/11\/pulsera-de-corazones-lisos.jpg\",\"width\":1000,\"height\":1000,\"caption\":\"925 Sterling Silber Eternal Love Herz Armband zum Verkauf\"},{\"@type\":\"BreadcrumbList\",\"@id\":\"https:\/\/joyasyasmin.com\/de\/producto\/ewige-liebe-herzen-armband\/#breadcrumb\",\"itemListElement\":[{\"@type\":\"ListItem\",\"position\":1,\"name\":\"Portada\",\"item\":\"https:\/\/joyasyasmin.com\/de\/heim\/\"},{\"@type\":\"ListItem\",\"position\":2,\"name\":\"Shop\",\"item\":\"https:\/\/joyasyasmin.com\/de\/shop\/\"},{\"@type\":\"ListItem\",\"position\":3,\"name\":\"Ewige Liebe Herzen Armband\"}]},{\"@type\":\"WebSite\",\"@id\":\"https:\/\/joyasyasmin.com\/de\/#website\",\"url\":\"https:\/\/joyasyasmin.com\/de\/\",\"name\":\"Yasmin\",\"description\":\"Joyer\u00eda de Plata 925 - Pendientes, pulseras, anillos, colgantes y m\u00e1s!\",\"publisher\":{\"@id\":\"https:\/\/joyasyasmin.com\/de\/#organization\"},\"potentialAction\":[{\"@type\":\"SearchAction\",\"target\":{\"@type\":\"EntryPoint\",\"urlTemplate\":\"https:\/\/joyasyasmin.com\/de\/?s={search_term_string}\"},\"query-input\":{\"@type\":\"PropertyValueSpecification\",\"valueRequired\":true,\"valueName\":\"search_term_string\"}}],\"inLanguage\":\"de\"},{\"@type\":\"Organization\",\"@id\":\"https:\/\/joyasyasmin.com\/de\/#organization\",\"name\":\"joyas yasmin\",\"url\":\"https:\/\/joyasyasmin.com\/de\/\",\"logo\":{\"@type\":\"ImageObject\",\"inLanguage\":\"de\",\"@id\":\"https:\/\/joyasyasmin.com\/de\/#\/schema\/logo\/image\/\",\"url\":\"https:\/\/joyasyasmin.com\/wp-content\/uploads\/2017\/06\/IMG-20200429-WA0051.jpg\",\"contentUrl\":\"https:\/\/joyasyasmin.com\/wp-content\/uploads\/2017\/06\/IMG-20200429-WA0051.jpg\",\"width\":1080,\"height\":545,\"caption\":\"joyas yasmin\"},\"image\":{\"@id\":\"https:\/\/joyasyasmin.com\/de\/#\/schema\/logo\/image\/\"},\"sameAs\":[\"https:\/\/www.facebook.com\/Joyas-Yasmin-217664058934169\/\",\"https:\/\/www.instagram.com\/invites\/contact\/\"]}]}<\/script>\n<!-- \/ Yoast SEO plugin. -->","yoast_head_json":{"title":"Ewige Liebe Herzen Armband - Yasmin","description":"Eternal Love Heart Bracelet ist ein Juwel aus 925er Sterlingsilber, die Breite des Herzens betr\u00e4gt 5 mm und seine L\u00e4nge 17 + 3 cm, charmantes Design, lassen Sie sich verlieben.","robots":{"index":"index","follow":"follow","max-snippet":"max-snippet:-1","max-image-preview":"max-image-preview:large","max-video-preview":"max-video-preview:-1"},"canonical":"https:\/\/joyasyasmin.com\/de\/producto\/ewige-liebe-herzen-armband\/","og_locale":"de_DE","og_title":"Ewige Liebe Herzen Armband - Yasmin","og_description":"Eternal Love Heart Bracelet ist ein Juwel aus 925er Sterlingsilber, die Breite des Herzens betr\u00e4gt 5 mm und seine L\u00e4nge 17 + 3 cm, charmantes Design, lassen Sie sich verlieben.","og_url":"https:\/\/joyasyasmin.com\/de\/producto\/ewige-liebe-herzen-armband\/","og_site_name":"Yasmin","article_publisher":"https:\/\/www.facebook.com\/Joyas-Yasmin-217664058934169\/","article_modified_time":"2025-05-13T11:07:41+00:00","og_image":[{"width":1000,"height":1000,"url":"https:\/\/joyasyasmin.com\/wp-content\/uploads\/2023\/11\/pulsera-de-corazones-lisos.jpg","type":"image\/jpeg"}],"twitter_card":"summary_large_image","schema":{"@context":"https:\/\/schema.org","@graph":[{"@type":["WebPage","ItemPage"],"@id":"https:\/\/joyasyasmin.com\/de\/producto\/ewige-liebe-herzen-armband\/","url":"https:\/\/joyasyasmin.com\/de\/producto\/ewige-liebe-herzen-armband\/","name":"Ewige Liebe Herzen Armband - Yasmin","isPartOf":{"@id":"https:\/\/joyasyasmin.com\/de\/#website"},"primaryImageOfPage":{"@id":"https:\/\/joyasyasmin.com\/de\/producto\/ewige-liebe-herzen-armband\/#primaryimage"},"image":{"@id":"https:\/\/joyasyasmin.com\/de\/producto\/ewige-liebe-herzen-armband\/#primaryimage"},"thumbnailUrl":"https:\/\/joyasyasmin.com\/wp-content\/uploads\/2023\/11\/pulsera-de-corazones-lisos.jpg","datePublished":"2023-11-08T16:31:15+00:00","dateModified":"2025-05-13T11:07:41+00:00","description":"Eternal Love Heart Bracelet ist ein Juwel aus 925er Sterlingsilber, die Breite des Herzens betr\u00e4gt 5 mm und seine L\u00e4nge 17 + 3 cm, charmantes Design, lassen Sie sich verlieben.","breadcrumb":{"@id":"https:\/\/joyasyasmin.com\/de\/producto\/ewige-liebe-herzen-armband\/#breadcrumb"},"inLanguage":"de","potentialAction":[{"@type":"ReadAction","target":["https:\/\/joyasyasmin.com\/de\/producto\/ewige-liebe-herzen-armband\/"]}]},{"@type":"ImageObject","inLanguage":"de","@id":"https:\/\/joyasyasmin.com\/de\/producto\/ewige-liebe-herzen-armband\/#primaryimage","url":"https:\/\/joyasyasmin.com\/wp-content\/uploads\/2023\/11\/pulsera-de-corazones-lisos.jpg","contentUrl":"https:\/\/joyasyasmin.com\/wp-content\/uploads\/2023\/11\/pulsera-de-corazones-lisos.jpg","width":1000,"height":1000,"caption":"925 Sterling Silber Eternal Love Herz Armband zum Verkauf"},{"@type":"BreadcrumbList","@id":"https:\/\/joyasyasmin.com\/de\/producto\/ewige-liebe-herzen-armband\/#breadcrumb","itemListElement":[{"@type":"ListItem","position":1,"name":"Portada","item":"https:\/\/joyasyasmin.com\/de\/heim\/"},{"@type":"ListItem","position":2,"name":"Shop","item":"https:\/\/joyasyasmin.com\/de\/shop\/"},{"@type":"ListItem","position":3,"name":"Ewige Liebe Herzen Armband"}]},{"@type":"WebSite","@id":"https:\/\/joyasyasmin.com\/de\/#website","url":"https:\/\/joyasyasmin.com\/de\/","name":"Yasmin","description":"Joyer\u00eda de Plata 925 - Pendientes, pulseras, anillos, colgantes y m\u00e1s!","publisher":{"@id":"https:\/\/joyasyasmin.com\/de\/#organization"},"potentialAction":[{"@type":"SearchAction","target":{"@type":"EntryPoint","urlTemplate":"https:\/\/joyasyasmin.com\/de\/?s={search_term_string}"},"query-input":{"@type":"PropertyValueSpecification","valueRequired":true,"valueName":"search_term_string"}}],"inLanguage":"de"},{"@type":"Organization","@id":"https:\/\/joyasyasmin.com\/de\/#organization","name":"joyas yasmin","url":"https:\/\/joyasyasmin.com\/de\/","logo":{"@type":"ImageObject","inLanguage":"de","@id":"https:\/\/joyasyasmin.com\/de\/#\/schema\/logo\/image\/","url":"https:\/\/joyasyasmin.com\/wp-content\/uploads\/2017\/06\/IMG-20200429-WA0051.jpg","contentUrl":"https:\/\/joyasyasmin.com\/wp-content\/uploads\/2017\/06\/IMG-20200429-WA0051.jpg","width":1080,"height":545,"caption":"joyas yasmin"},"image":{"@id":"https:\/\/joyasyasmin.com\/de\/#\/schema\/logo\/image\/"},"sameAs":["https:\/\/www.facebook.com\/Joyas-Yasmin-217664058934169\/","https:\/\/www.instagram.com\/invites\/contact\/"]}]}},"_links":{"self":[{"href":"https:\/\/joyasyasmin.com\/de\/wp-json\/wp\/v2\/product\/22783","targetHints":{"allow":["GET"]}}],"collection":[{"href":"https:\/\/joyasyasmin.com\/de\/wp-json\/wp\/v2\/product"}],"about":[{"href":"https:\/\/joyasyasmin.com\/de\/wp-json\/wp\/v2\/types\/product"}],"replies":[{"embeddable":true,"href":"https:\/\/joyasyasmin.com\/de\/wp-json\/wp\/v2\/comments?post=22783"}],"version-history":[{"count":1,"href":"https:\/\/joyasyasmin.com\/de\/wp-json\/wp\/v2\/product\/22783\/revisions"}],"predecessor-version":[{"id":32442,"href":"https:\/\/joyasyasmin.com\/de\/wp-json\/wp\/v2\/product\/22783\/revisions\/32442"}],"wp:featuredmedia":[{"embeddable":true,"href":"https:\/\/joyasyasmin.com\/de\/wp-json\/wp\/v2\/media\/22786"}],"wp:attachment":[{"href":"https:\/\/joyasyasmin.com\/de\/wp-json\/wp\/v2\/media?parent=22783"}],"wp:term":[{"taxonomy":"product_brand","embeddable":true,"href":"https:\/\/joyasyasmin.com\/de\/wp-json\/wp\/v2\/product_brand?post=22783"},{"taxonomy":"product_cat","embeddable":true,"href":"https:\/\/joyasyasmin.com\/de\/wp-json\/wp\/v2\/product_cat?post=22783"},{"taxonomy":"product_tag","embeddable":true,"href":"https:\/\/joyasyasmin.com\/de\/wp-json\/wp\/v2\/product_tag?post=22783"}],"curies":[{"name":"wp","href":"https:\/\/api.w.org\/{rel}","templated":true}]}}