{"id":22952,"date":"2024-01-10T16:24:14","date_gmt":"2024-01-10T16:24:14","guid":{"rendered":"https:\/\/joyasyasmin.com\/producto\/ritter-der-eleganz-siegel\/"},"modified":"2025-05-13T11:09:06","modified_gmt":"2025-05-13T11:09:06","slug":"ritter-der-eleganz-siegel","status":"publish","type":"product","link":"https:\/\/joyasyasmin.com\/de\/producto\/ritter-der-eleganz-siegel\/","title":{"rendered":"Ritter der Eleganz Siegel"},"content":{"rendered":"","protected":false},"excerpt":{"rendered":"<p>Wir stellen Ihnen unser exquisites Herrensiegel der Eleganz aus 925er Sterlingsilber mit quadratischem Stempel vor, ein zeitloses St\u00fcck, das sowohl f\u00fcr Herren als auch f\u00fcr Frauen entworfen wurde, die Raffinesse zu sch\u00e4tzen wissen. Dieser Ring ist aus feinstem Sterlingsilber gefertigt und verf\u00fcgt \u00fcber ein quadratisches Siegeldesign mit komplizierten Schnitzereien auf jeder Seite, die einen Hauch von Einzigartigkeit und Eleganz verleihen. <\/p>\n<p>Die Breite an der Oberseite misst 1 cm und setzt damit ein mutiges und dennoch raffiniertes Statement. Dieses vielseitige St\u00fcck ist ideal f\u00fcr verschiedene Anl\u00e4sse und erg\u00e4nzt sowohl formelle als auch informelle Stile und wird zu einem unverzichtbaren Accessoire in jeder Schmuckkollektion. <\/p>\n","protected":false},"featured_media":22974,"comment_status":"open","ping_status":"closed","template":"","meta":{"_acf_changed":false,"_joinchat":[]},"product_brand":[],"product_cat":[1895],"product_tag":[2664,2662,2663],"class_list":{"0":"post-22952","1":"product","2":"type-product","3":"status-publish","4":"has-post-thumbnail","6":"product_cat-herrenkollektion","7":"product_tag-briefmarken-fur-manner","8":"product_tag-ritter-der-eleganz-siegel","9":"product_tag-silberringe-fur-manner","11":"first","12":"instock","13":"shipping-taxable","14":"purchasable","15":"product-type-variable"},"acf":[],"yoast_head":"<!-- This site is optimized with the Yoast SEO plugin v27.3 - https:\/\/yoast.com\/product\/yoast-seo-wordpress\/ -->\n<title>Ritter der Eleganz Siegel - Yasmin<\/title>\n<meta name=\"description\" content=\"Caballero de la Elegancia Stamp ist ein Schmuckst\u00fcck aus 925er Sterlingsilber, sein Design ist aufgrund seiner Gr\u00f6\u00dfe ideal f\u00fcr M\u00e4nner und Frauen, Sie k\u00f6nnen es auch personalisieren.\" \/>\n<meta name=\"robots\" content=\"index, follow, max-snippet:-1, max-image-preview:large, max-video-preview:-1\" \/>\n<link rel=\"canonical\" href=\"https:\/\/joyasyasmin.com\/de\/producto\/ritter-der-eleganz-siegel\/\" \/>\n<meta property=\"og:locale\" content=\"de_DE\" \/>\n<meta property=\"og:title\" content=\"Ritter der Eleganz Siegel - Yasmin\" \/>\n<meta property=\"og:description\" content=\"Caballero de la Elegancia Stamp ist ein Schmuckst\u00fcck aus 925er Sterlingsilber, sein Design ist aufgrund seiner Gr\u00f6\u00dfe ideal f\u00fcr M\u00e4nner und Frauen, Sie k\u00f6nnen es auch personalisieren.\" \/>\n<meta property=\"og:url\" content=\"https:\/\/joyasyasmin.com\/de\/producto\/ritter-der-eleganz-siegel\/\" \/>\n<meta property=\"og:site_name\" content=\"Yasmin\" \/>\n<meta property=\"article:publisher\" content=\"https:\/\/www.facebook.com\/Joyas-Yasmin-217664058934169\/\" \/>\n<meta property=\"article:modified_time\" content=\"2025-05-13T11:09:06+00:00\" \/>\n<meta property=\"og:image\" content=\"https:\/\/joyasyasmin.com\/wp-content\/uploads\/2024\/01\/sello-de-plata-diseno-incrustado.jpg\" \/>\n\t<meta property=\"og:image:width\" content=\"1000\" \/>\n\t<meta property=\"og:image:height\" content=\"1000\" \/>\n\t<meta property=\"og:image:type\" content=\"image\/jpeg\" \/>\n<meta name=\"twitter:card\" content=\"summary_large_image\" \/>\n<script type=\"application\/ld+json\" class=\"yoast-schema-graph\">{\"@context\":\"https:\\\/\\\/schema.org\",\"@graph\":[{\"@type\":[\"WebPage\",\"ItemPage\"],\"@id\":\"https:\\\/\\\/joyasyasmin.com\\\/de\\\/producto\\\/ritter-der-eleganz-siegel\\\/\",\"url\":\"https:\\\/\\\/joyasyasmin.com\\\/de\\\/producto\\\/ritter-der-eleganz-siegel\\\/\",\"name\":\"Ritter der Eleganz Siegel - Yasmin\",\"isPartOf\":{\"@id\":\"https:\\\/\\\/joyasyasmin.com\\\/de\\\/#website\"},\"primaryImageOfPage\":{\"@id\":\"https:\\\/\\\/joyasyasmin.com\\\/de\\\/producto\\\/ritter-der-eleganz-siegel\\\/#primaryimage\"},\"image\":{\"@id\":\"https:\\\/\\\/joyasyasmin.com\\\/de\\\/producto\\\/ritter-der-eleganz-siegel\\\/#primaryimage\"},\"thumbnailUrl\":\"https:\\\/\\\/joyasyasmin.com\\\/wp-content\\\/uploads\\\/2024\\\/01\\\/sello-de-plata-diseno-incrustado.jpg\",\"datePublished\":\"2024-01-10T16:24:14+00:00\",\"dateModified\":\"2025-05-13T11:09:06+00:00\",\"description\":\"Caballero de la Elegancia Stamp ist ein Schmuckst\u00fcck aus 925er Sterlingsilber, sein Design ist aufgrund seiner Gr\u00f6\u00dfe ideal f\u00fcr M\u00e4nner und Frauen, Sie k\u00f6nnen es auch personalisieren.\",\"breadcrumb\":{\"@id\":\"https:\\\/\\\/joyasyasmin.com\\\/de\\\/producto\\\/ritter-der-eleganz-siegel\\\/#breadcrumb\"},\"inLanguage\":\"de\",\"potentialAction\":[{\"@type\":\"ReadAction\",\"target\":[\"https:\\\/\\\/joyasyasmin.com\\\/de\\\/producto\\\/ritter-der-eleganz-siegel\\\/\"]}]},{\"@type\":\"ImageObject\",\"inLanguage\":\"de\",\"@id\":\"https:\\\/\\\/joyasyasmin.com\\\/de\\\/producto\\\/ritter-der-eleganz-siegel\\\/#primaryimage\",\"url\":\"https:\\\/\\\/joyasyasmin.com\\\/wp-content\\\/uploads\\\/2024\\\/01\\\/sello-de-plata-diseno-incrustado.jpg\",\"contentUrl\":\"https:\\\/\\\/joyasyasmin.com\\\/wp-content\\\/uploads\\\/2024\\\/01\\\/sello-de-plata-diseno-incrustado.jpg\",\"width\":1000,\"height\":1000},{\"@type\":\"BreadcrumbList\",\"@id\":\"https:\\\/\\\/joyasyasmin.com\\\/de\\\/producto\\\/ritter-der-eleganz-siegel\\\/#breadcrumb\",\"itemListElement\":[{\"@type\":\"ListItem\",\"position\":1,\"name\":\"Portada\",\"item\":\"https:\\\/\\\/joyasyasmin.com\\\/de\\\/heim\\\/\"},{\"@type\":\"ListItem\",\"position\":2,\"name\":\"Shop\",\"item\":\"https:\\\/\\\/joyasyasmin.com\\\/de\\\/shop\\\/\"},{\"@type\":\"ListItem\",\"position\":3,\"name\":\"Ritter der Eleganz Siegel\"}]},{\"@type\":\"WebSite\",\"@id\":\"https:\\\/\\\/joyasyasmin.com\\\/de\\\/#website\",\"url\":\"https:\\\/\\\/joyasyasmin.com\\\/de\\\/\",\"name\":\"Yasmin\",\"description\":\"Joyer\u00eda de Plata 925 - Pendientes, pulseras, anillos, colgantes y m\u00e1s!\",\"publisher\":{\"@id\":\"https:\\\/\\\/joyasyasmin.com\\\/de\\\/#organization\"},\"potentialAction\":[{\"@type\":\"SearchAction\",\"target\":{\"@type\":\"EntryPoint\",\"urlTemplate\":\"https:\\\/\\\/joyasyasmin.com\\\/de\\\/?s={search_term_string}\"},\"query-input\":{\"@type\":\"PropertyValueSpecification\",\"valueRequired\":true,\"valueName\":\"search_term_string\"}}],\"inLanguage\":\"de\"},{\"@type\":\"Organization\",\"@id\":\"https:\\\/\\\/joyasyasmin.com\\\/de\\\/#organization\",\"name\":\"joyas yasmin\",\"url\":\"https:\\\/\\\/joyasyasmin.com\\\/de\\\/\",\"logo\":{\"@type\":\"ImageObject\",\"inLanguage\":\"de\",\"@id\":\"https:\\\/\\\/joyasyasmin.com\\\/de\\\/#\\\/schema\\\/logo\\\/image\\\/\",\"url\":\"https:\\\/\\\/joyasyasmin.com\\\/wp-content\\\/uploads\\\/2017\\\/06\\\/IMG-20200429-WA0051.jpg\",\"contentUrl\":\"https:\\\/\\\/joyasyasmin.com\\\/wp-content\\\/uploads\\\/2017\\\/06\\\/IMG-20200429-WA0051.jpg\",\"width\":1080,\"height\":545,\"caption\":\"joyas yasmin\"},\"image\":{\"@id\":\"https:\\\/\\\/joyasyasmin.com\\\/de\\\/#\\\/schema\\\/logo\\\/image\\\/\"},\"sameAs\":[\"https:\\\/\\\/www.facebook.com\\\/Joyas-Yasmin-217664058934169\\\/\",\"https:\\\/\\\/www.instagram.com\\\/invites\\\/contact\\\/\"]}]}<\/script>\n<!-- \/ Yoast SEO plugin. -->","yoast_head_json":{"title":"Ritter der Eleganz Siegel - Yasmin","description":"Caballero de la Elegancia Stamp ist ein Schmuckst\u00fcck aus 925er Sterlingsilber, sein Design ist aufgrund seiner Gr\u00f6\u00dfe ideal f\u00fcr M\u00e4nner und Frauen, Sie k\u00f6nnen es auch personalisieren.","robots":{"index":"index","follow":"follow","max-snippet":"max-snippet:-1","max-image-preview":"max-image-preview:large","max-video-preview":"max-video-preview:-1"},"canonical":"https:\/\/joyasyasmin.com\/de\/producto\/ritter-der-eleganz-siegel\/","og_locale":"de_DE","og_title":"Ritter der Eleganz Siegel - Yasmin","og_description":"Caballero de la Elegancia Stamp ist ein Schmuckst\u00fcck aus 925er Sterlingsilber, sein Design ist aufgrund seiner Gr\u00f6\u00dfe ideal f\u00fcr M\u00e4nner und Frauen, Sie k\u00f6nnen es auch personalisieren.","og_url":"https:\/\/joyasyasmin.com\/de\/producto\/ritter-der-eleganz-siegel\/","og_site_name":"Yasmin","article_publisher":"https:\/\/www.facebook.com\/Joyas-Yasmin-217664058934169\/","article_modified_time":"2025-05-13T11:09:06+00:00","og_image":[{"width":1000,"height":1000,"url":"https:\/\/joyasyasmin.com\/wp-content\/uploads\/2024\/01\/sello-de-plata-diseno-incrustado.jpg","type":"image\/jpeg"}],"twitter_card":"summary_large_image","schema":{"@context":"https:\/\/schema.org","@graph":[{"@type":["WebPage","ItemPage"],"@id":"https:\/\/joyasyasmin.com\/de\/producto\/ritter-der-eleganz-siegel\/","url":"https:\/\/joyasyasmin.com\/de\/producto\/ritter-der-eleganz-siegel\/","name":"Ritter der Eleganz Siegel - Yasmin","isPartOf":{"@id":"https:\/\/joyasyasmin.com\/de\/#website"},"primaryImageOfPage":{"@id":"https:\/\/joyasyasmin.com\/de\/producto\/ritter-der-eleganz-siegel\/#primaryimage"},"image":{"@id":"https:\/\/joyasyasmin.com\/de\/producto\/ritter-der-eleganz-siegel\/#primaryimage"},"thumbnailUrl":"https:\/\/joyasyasmin.com\/wp-content\/uploads\/2024\/01\/sello-de-plata-diseno-incrustado.jpg","datePublished":"2024-01-10T16:24:14+00:00","dateModified":"2025-05-13T11:09:06+00:00","description":"Caballero de la Elegancia Stamp ist ein Schmuckst\u00fcck aus 925er Sterlingsilber, sein Design ist aufgrund seiner Gr\u00f6\u00dfe ideal f\u00fcr M\u00e4nner und Frauen, Sie k\u00f6nnen es auch personalisieren.","breadcrumb":{"@id":"https:\/\/joyasyasmin.com\/de\/producto\/ritter-der-eleganz-siegel\/#breadcrumb"},"inLanguage":"de","potentialAction":[{"@type":"ReadAction","target":["https:\/\/joyasyasmin.com\/de\/producto\/ritter-der-eleganz-siegel\/"]}]},{"@type":"ImageObject","inLanguage":"de","@id":"https:\/\/joyasyasmin.com\/de\/producto\/ritter-der-eleganz-siegel\/#primaryimage","url":"https:\/\/joyasyasmin.com\/wp-content\/uploads\/2024\/01\/sello-de-plata-diseno-incrustado.jpg","contentUrl":"https:\/\/joyasyasmin.com\/wp-content\/uploads\/2024\/01\/sello-de-plata-diseno-incrustado.jpg","width":1000,"height":1000},{"@type":"BreadcrumbList","@id":"https:\/\/joyasyasmin.com\/de\/producto\/ritter-der-eleganz-siegel\/#breadcrumb","itemListElement":[{"@type":"ListItem","position":1,"name":"Portada","item":"https:\/\/joyasyasmin.com\/de\/heim\/"},{"@type":"ListItem","position":2,"name":"Shop","item":"https:\/\/joyasyasmin.com\/de\/shop\/"},{"@type":"ListItem","position":3,"name":"Ritter der Eleganz Siegel"}]},{"@type":"WebSite","@id":"https:\/\/joyasyasmin.com\/de\/#website","url":"https:\/\/joyasyasmin.com\/de\/","name":"Yasmin","description":"Joyer\u00eda de Plata 925 - Pendientes, pulseras, anillos, colgantes y m\u00e1s!","publisher":{"@id":"https:\/\/joyasyasmin.com\/de\/#organization"},"potentialAction":[{"@type":"SearchAction","target":{"@type":"EntryPoint","urlTemplate":"https:\/\/joyasyasmin.com\/de\/?s={search_term_string}"},"query-input":{"@type":"PropertyValueSpecification","valueRequired":true,"valueName":"search_term_string"}}],"inLanguage":"de"},{"@type":"Organization","@id":"https:\/\/joyasyasmin.com\/de\/#organization","name":"joyas yasmin","url":"https:\/\/joyasyasmin.com\/de\/","logo":{"@type":"ImageObject","inLanguage":"de","@id":"https:\/\/joyasyasmin.com\/de\/#\/schema\/logo\/image\/","url":"https:\/\/joyasyasmin.com\/wp-content\/uploads\/2017\/06\/IMG-20200429-WA0051.jpg","contentUrl":"https:\/\/joyasyasmin.com\/wp-content\/uploads\/2017\/06\/IMG-20200429-WA0051.jpg","width":1080,"height":545,"caption":"joyas yasmin"},"image":{"@id":"https:\/\/joyasyasmin.com\/de\/#\/schema\/logo\/image\/"},"sameAs":["https:\/\/www.facebook.com\/Joyas-Yasmin-217664058934169\/","https:\/\/www.instagram.com\/invites\/contact\/"]}]}},"_links":{"self":[{"href":"https:\/\/joyasyasmin.com\/de\/wp-json\/wp\/v2\/product\/22952","targetHints":{"allow":["GET"]}}],"collection":[{"href":"https:\/\/joyasyasmin.com\/de\/wp-json\/wp\/v2\/product"}],"about":[{"href":"https:\/\/joyasyasmin.com\/de\/wp-json\/wp\/v2\/types\/product"}],"replies":[{"embeddable":true,"href":"https:\/\/joyasyasmin.com\/de\/wp-json\/wp\/v2\/comments?post=22952"}],"version-history":[{"count":1,"href":"https:\/\/joyasyasmin.com\/de\/wp-json\/wp\/v2\/product\/22952\/revisions"}],"predecessor-version":[{"id":32497,"href":"https:\/\/joyasyasmin.com\/de\/wp-json\/wp\/v2\/product\/22952\/revisions\/32497"}],"wp:featuredmedia":[{"embeddable":true,"href":"https:\/\/joyasyasmin.com\/de\/wp-json\/wp\/v2\/media\/22974"}],"wp:attachment":[{"href":"https:\/\/joyasyasmin.com\/de\/wp-json\/wp\/v2\/media?parent=22952"}],"wp:term":[{"taxonomy":"product_brand","embeddable":true,"href":"https:\/\/joyasyasmin.com\/de\/wp-json\/wp\/v2\/product_brand?post=22952"},{"taxonomy":"product_cat","embeddable":true,"href":"https:\/\/joyasyasmin.com\/de\/wp-json\/wp\/v2\/product_cat?post=22952"},{"taxonomy":"product_tag","embeddable":true,"href":"https:\/\/joyasyasmin.com\/de\/wp-json\/wp\/v2\/product_tag?post=22952"}],"curies":[{"name":"wp","href":"https:\/\/api.w.org\/{rel}","templated":true}]}}