{"id":23138,"date":"2023-01-20T17:24:51","date_gmt":"2023-01-20T17:24:51","guid":{"rendered":"https:\/\/joyasyasmin.com\/producto\/zirkonia-kreuz-anhaenger\/"},"modified":"2023-01-20T17:24:51","modified_gmt":"2023-01-20T17:24:51","slug":"zirkonia-kreuz-anhaenger","status":"publish","type":"product","link":"https:\/\/joyasyasmin.com\/de\/producto\/zirkonia-kreuz-anhaenger\/","title":{"rendered":"Zirkonia Kreuz Anh\u00e4nger"},"content":{"rendered":"","protected":false},"excerpt":{"rendered":"<p>Zirkonia Kreuz Anh\u00e4nger ist ein Juwel aus 925er Sterlingsilber, sein Design ist super sch\u00f6n; Wir haben es in Silber und auch in versilbert mit 3 Mikron 18 Karat Gold, diese Designs haben wir mit wei\u00dfem, gr\u00fcnem und rosa Zirkonia, einer L\u00e4nge von 2 cm und einer Breite von 1,5 cm. Das Kreuz ist super d\u00fcnn und sehr sch\u00f6n, man kann es alleine tragen oder mit anderen Halsketten kombinieren. Sie k\u00f6nnen auch eine Nachricht senden, wenn Sie es mit einer Kette haben m\u00f6chten, und nach dem Preis fragen.  <\/p>\n","protected":false},"featured_media":23144,"comment_status":"open","ping_status":"closed","template":"","meta":{"_acf_changed":false,"_joinchat":[]},"product_brand":[],"product_cat":[1874],"product_tag":[2736,2735],"class_list":{"0":"post-23138","1":"product","2":"type-product","3":"status-publish","4":"has-post-thumbnail","6":"product_cat-anhanger","7":"product_tag-kreuz-anhanger","8":"product_tag-zirkonia-kreuz-anhanger","10":"first","11":"instock","12":"shipping-taxable","13":"purchasable","14":"product-type-variable"},"acf":[],"yoast_head":"<!-- This site is optimized with the Yoast SEO plugin v27.2 - https:\/\/yoast.com\/product\/yoast-seo-wordpress\/ -->\n<title>Zirkonia Kreuz Anh\u00e4nger - Yasmin<\/title>\n<meta name=\"description\" content=\"Zirkonia Kreuz Anh\u00e4nger ist ein Schmuckst\u00fcck aus 925er Sterlingsilber, wir haben dieses Design in verschiedenen Farben, wir k\u00f6nnen es alleine oder in Begleitung anderer Ketten machen.\" \/>\n<meta name=\"robots\" content=\"index, follow, max-snippet:-1, max-image-preview:large, max-video-preview:-1\" \/>\n<link rel=\"canonical\" href=\"https:\/\/joyasyasmin.com\/de\/producto\/zirkonia-kreuz-anhaenger\/\" \/>\n<meta property=\"og:locale\" content=\"de_DE\" \/>\n<meta property=\"og:title\" content=\"Zirkonia Kreuz Anh\u00e4nger - Yasmin\" \/>\n<meta property=\"og:description\" content=\"Zirkonia Kreuz Anh\u00e4nger ist ein Schmuckst\u00fcck aus 925er Sterlingsilber, wir haben dieses Design in verschiedenen Farben, wir k\u00f6nnen es alleine oder in Begleitung anderer Ketten machen.\" \/>\n<meta property=\"og:url\" content=\"https:\/\/joyasyasmin.com\/de\/producto\/zirkonia-kreuz-anhaenger\/\" \/>\n<meta property=\"og:site_name\" content=\"Yasmin\" \/>\n<meta property=\"article:publisher\" content=\"https:\/\/www.facebook.com\/Joyas-Yasmin-217664058934169\/\" \/>\n<meta property=\"og:image\" content=\"https:\/\/joyasyasmin.com\/wp-content\/uploads\/2022\/06\/colgante-cruz-verde-plata-e1674234326282.jpg\" \/>\n\t<meta property=\"og:image:width\" content=\"1000\" \/>\n\t<meta property=\"og:image:height\" content=\"1000\" \/>\n\t<meta property=\"og:image:type\" content=\"image\/jpeg\" \/>\n<meta name=\"twitter:card\" content=\"summary_large_image\" \/>\n<script type=\"application\/ld+json\" class=\"yoast-schema-graph\">{\"@context\":\"https:\/\/schema.org\",\"@graph\":[{\"@type\":[\"WebPage\",\"ItemPage\"],\"@id\":\"https:\/\/joyasyasmin.com\/de\/producto\/zirkonia-kreuz-anhaenger\/\",\"url\":\"https:\/\/joyasyasmin.com\/de\/producto\/zirkonia-kreuz-anhaenger\/\",\"name\":\"Zirkonia Kreuz Anh\u00e4nger - Yasmin\",\"isPartOf\":{\"@id\":\"https:\/\/joyasyasmin.com\/de\/#website\"},\"primaryImageOfPage\":{\"@id\":\"https:\/\/joyasyasmin.com\/de\/producto\/zirkonia-kreuz-anhaenger\/#primaryimage\"},\"image\":{\"@id\":\"https:\/\/joyasyasmin.com\/de\/producto\/zirkonia-kreuz-anhaenger\/#primaryimage\"},\"thumbnailUrl\":\"https:\/\/joyasyasmin.com\/wp-content\/uploads\/2022\/06\/colgante-cruz-verde-plata-e1674234326282.jpg\",\"datePublished\":\"2023-01-20T17:24:51+00:00\",\"description\":\"Zirkonia Kreuz Anh\u00e4nger ist ein Schmuckst\u00fcck aus 925er Sterlingsilber, wir haben dieses Design in verschiedenen Farben, wir k\u00f6nnen es alleine oder in Begleitung anderer Ketten machen.\",\"breadcrumb\":{\"@id\":\"https:\/\/joyasyasmin.com\/de\/producto\/zirkonia-kreuz-anhaenger\/#breadcrumb\"},\"inLanguage\":\"de\",\"potentialAction\":[{\"@type\":\"ReadAction\",\"target\":[\"https:\/\/joyasyasmin.com\/de\/producto\/zirkonia-kreuz-anhaenger\/\"]}]},{\"@type\":\"ImageObject\",\"inLanguage\":\"de\",\"@id\":\"https:\/\/joyasyasmin.com\/de\/producto\/zirkonia-kreuz-anhaenger\/#primaryimage\",\"url\":\"https:\/\/joyasyasmin.com\/wp-content\/uploads\/2022\/06\/colgante-cruz-verde-plata-e1674234326282.jpg\",\"contentUrl\":\"https:\/\/joyasyasmin.com\/wp-content\/uploads\/2022\/06\/colgante-cruz-verde-plata-e1674234326282.jpg\",\"width\":1000,\"height\":1000},{\"@type\":\"BreadcrumbList\",\"@id\":\"https:\/\/joyasyasmin.com\/de\/producto\/zirkonia-kreuz-anhaenger\/#breadcrumb\",\"itemListElement\":[{\"@type\":\"ListItem\",\"position\":1,\"name\":\"Portada\",\"item\":\"https:\/\/joyasyasmin.com\/de\/heim\/\"},{\"@type\":\"ListItem\",\"position\":2,\"name\":\"Shop\",\"item\":\"https:\/\/joyasyasmin.com\/de\/shop\/\"},{\"@type\":\"ListItem\",\"position\":3,\"name\":\"Zirkonia Kreuz Anh\u00e4nger\"}]},{\"@type\":\"WebSite\",\"@id\":\"https:\/\/joyasyasmin.com\/de\/#website\",\"url\":\"https:\/\/joyasyasmin.com\/de\/\",\"name\":\"Yasmin\",\"description\":\"Joyer\u00eda de Plata 925 - Pendientes, pulseras, anillos, colgantes y m\u00e1s!\",\"publisher\":{\"@id\":\"https:\/\/joyasyasmin.com\/de\/#organization\"},\"potentialAction\":[{\"@type\":\"SearchAction\",\"target\":{\"@type\":\"EntryPoint\",\"urlTemplate\":\"https:\/\/joyasyasmin.com\/de\/?s={search_term_string}\"},\"query-input\":{\"@type\":\"PropertyValueSpecification\",\"valueRequired\":true,\"valueName\":\"search_term_string\"}}],\"inLanguage\":\"de\"},{\"@type\":\"Organization\",\"@id\":\"https:\/\/joyasyasmin.com\/de\/#organization\",\"name\":\"joyas yasmin\",\"url\":\"https:\/\/joyasyasmin.com\/de\/\",\"logo\":{\"@type\":\"ImageObject\",\"inLanguage\":\"de\",\"@id\":\"https:\/\/joyasyasmin.com\/de\/#\/schema\/logo\/image\/\",\"url\":\"https:\/\/joyasyasmin.com\/wp-content\/uploads\/2017\/06\/IMG-20200429-WA0051.jpg\",\"contentUrl\":\"https:\/\/joyasyasmin.com\/wp-content\/uploads\/2017\/06\/IMG-20200429-WA0051.jpg\",\"width\":1080,\"height\":545,\"caption\":\"joyas yasmin\"},\"image\":{\"@id\":\"https:\/\/joyasyasmin.com\/de\/#\/schema\/logo\/image\/\"},\"sameAs\":[\"https:\/\/www.facebook.com\/Joyas-Yasmin-217664058934169\/\",\"https:\/\/www.instagram.com\/invites\/contact\/\"]}]}<\/script>\n<!-- \/ Yoast SEO plugin. -->","yoast_head_json":{"title":"Zirkonia Kreuz Anh\u00e4nger - Yasmin","description":"Zirkonia Kreuz Anh\u00e4nger ist ein Schmuckst\u00fcck aus 925er Sterlingsilber, wir haben dieses Design in verschiedenen Farben, wir k\u00f6nnen es alleine oder in Begleitung anderer Ketten machen.","robots":{"index":"index","follow":"follow","max-snippet":"max-snippet:-1","max-image-preview":"max-image-preview:large","max-video-preview":"max-video-preview:-1"},"canonical":"https:\/\/joyasyasmin.com\/de\/producto\/zirkonia-kreuz-anhaenger\/","og_locale":"de_DE","og_title":"Zirkonia Kreuz Anh\u00e4nger - Yasmin","og_description":"Zirkonia Kreuz Anh\u00e4nger ist ein Schmuckst\u00fcck aus 925er Sterlingsilber, wir haben dieses Design in verschiedenen Farben, wir k\u00f6nnen es alleine oder in Begleitung anderer Ketten machen.","og_url":"https:\/\/joyasyasmin.com\/de\/producto\/zirkonia-kreuz-anhaenger\/","og_site_name":"Yasmin","article_publisher":"https:\/\/www.facebook.com\/Joyas-Yasmin-217664058934169\/","og_image":[{"width":1000,"height":1000,"url":"https:\/\/joyasyasmin.com\/wp-content\/uploads\/2022\/06\/colgante-cruz-verde-plata-e1674234326282.jpg","type":"image\/jpeg"}],"twitter_card":"summary_large_image","schema":{"@context":"https:\/\/schema.org","@graph":[{"@type":["WebPage","ItemPage"],"@id":"https:\/\/joyasyasmin.com\/de\/producto\/zirkonia-kreuz-anhaenger\/","url":"https:\/\/joyasyasmin.com\/de\/producto\/zirkonia-kreuz-anhaenger\/","name":"Zirkonia Kreuz Anh\u00e4nger - Yasmin","isPartOf":{"@id":"https:\/\/joyasyasmin.com\/de\/#website"},"primaryImageOfPage":{"@id":"https:\/\/joyasyasmin.com\/de\/producto\/zirkonia-kreuz-anhaenger\/#primaryimage"},"image":{"@id":"https:\/\/joyasyasmin.com\/de\/producto\/zirkonia-kreuz-anhaenger\/#primaryimage"},"thumbnailUrl":"https:\/\/joyasyasmin.com\/wp-content\/uploads\/2022\/06\/colgante-cruz-verde-plata-e1674234326282.jpg","datePublished":"2023-01-20T17:24:51+00:00","description":"Zirkonia Kreuz Anh\u00e4nger ist ein Schmuckst\u00fcck aus 925er Sterlingsilber, wir haben dieses Design in verschiedenen Farben, wir k\u00f6nnen es alleine oder in Begleitung anderer Ketten machen.","breadcrumb":{"@id":"https:\/\/joyasyasmin.com\/de\/producto\/zirkonia-kreuz-anhaenger\/#breadcrumb"},"inLanguage":"de","potentialAction":[{"@type":"ReadAction","target":["https:\/\/joyasyasmin.com\/de\/producto\/zirkonia-kreuz-anhaenger\/"]}]},{"@type":"ImageObject","inLanguage":"de","@id":"https:\/\/joyasyasmin.com\/de\/producto\/zirkonia-kreuz-anhaenger\/#primaryimage","url":"https:\/\/joyasyasmin.com\/wp-content\/uploads\/2022\/06\/colgante-cruz-verde-plata-e1674234326282.jpg","contentUrl":"https:\/\/joyasyasmin.com\/wp-content\/uploads\/2022\/06\/colgante-cruz-verde-plata-e1674234326282.jpg","width":1000,"height":1000},{"@type":"BreadcrumbList","@id":"https:\/\/joyasyasmin.com\/de\/producto\/zirkonia-kreuz-anhaenger\/#breadcrumb","itemListElement":[{"@type":"ListItem","position":1,"name":"Portada","item":"https:\/\/joyasyasmin.com\/de\/heim\/"},{"@type":"ListItem","position":2,"name":"Shop","item":"https:\/\/joyasyasmin.com\/de\/shop\/"},{"@type":"ListItem","position":3,"name":"Zirkonia Kreuz Anh\u00e4nger"}]},{"@type":"WebSite","@id":"https:\/\/joyasyasmin.com\/de\/#website","url":"https:\/\/joyasyasmin.com\/de\/","name":"Yasmin","description":"Joyer\u00eda de Plata 925 - Pendientes, pulseras, anillos, colgantes y m\u00e1s!","publisher":{"@id":"https:\/\/joyasyasmin.com\/de\/#organization"},"potentialAction":[{"@type":"SearchAction","target":{"@type":"EntryPoint","urlTemplate":"https:\/\/joyasyasmin.com\/de\/?s={search_term_string}"},"query-input":{"@type":"PropertyValueSpecification","valueRequired":true,"valueName":"search_term_string"}}],"inLanguage":"de"},{"@type":"Organization","@id":"https:\/\/joyasyasmin.com\/de\/#organization","name":"joyas yasmin","url":"https:\/\/joyasyasmin.com\/de\/","logo":{"@type":"ImageObject","inLanguage":"de","@id":"https:\/\/joyasyasmin.com\/de\/#\/schema\/logo\/image\/","url":"https:\/\/joyasyasmin.com\/wp-content\/uploads\/2017\/06\/IMG-20200429-WA0051.jpg","contentUrl":"https:\/\/joyasyasmin.com\/wp-content\/uploads\/2017\/06\/IMG-20200429-WA0051.jpg","width":1080,"height":545,"caption":"joyas yasmin"},"image":{"@id":"https:\/\/joyasyasmin.com\/de\/#\/schema\/logo\/image\/"},"sameAs":["https:\/\/www.facebook.com\/Joyas-Yasmin-217664058934169\/","https:\/\/www.instagram.com\/invites\/contact\/"]}]}},"_links":{"self":[{"href":"https:\/\/joyasyasmin.com\/de\/wp-json\/wp\/v2\/product\/23138","targetHints":{"allow":["GET"]}}],"collection":[{"href":"https:\/\/joyasyasmin.com\/de\/wp-json\/wp\/v2\/product"}],"about":[{"href":"https:\/\/joyasyasmin.com\/de\/wp-json\/wp\/v2\/types\/product"}],"replies":[{"embeddable":true,"href":"https:\/\/joyasyasmin.com\/de\/wp-json\/wp\/v2\/comments?post=23138"}],"version-history":[{"count":0,"href":"https:\/\/joyasyasmin.com\/de\/wp-json\/wp\/v2\/product\/23138\/revisions"}],"wp:featuredmedia":[{"embeddable":true,"href":"https:\/\/joyasyasmin.com\/de\/wp-json\/wp\/v2\/media\/23144"}],"wp:attachment":[{"href":"https:\/\/joyasyasmin.com\/de\/wp-json\/wp\/v2\/media?parent=23138"}],"wp:term":[{"taxonomy":"product_brand","embeddable":true,"href":"https:\/\/joyasyasmin.com\/de\/wp-json\/wp\/v2\/product_brand?post=23138"},{"taxonomy":"product_cat","embeddable":true,"href":"https:\/\/joyasyasmin.com\/de\/wp-json\/wp\/v2\/product_cat?post=23138"},{"taxonomy":"product_tag","embeddable":true,"href":"https:\/\/joyasyasmin.com\/de\/wp-json\/wp\/v2\/product_tag?post=23138"}],"curies":[{"name":"wp","href":"https:\/\/api.w.org\/{rel}","templated":true}]}}