{"id":23513,"date":"2023-03-06T18:08:50","date_gmt":"2023-03-06T18:08:50","guid":{"rendered":"https:\/\/joyasyasmin.com\/producto\/kalabrot-gliederring-mit-stein\/"},"modified":"2023-03-06T18:08:50","modified_gmt":"2023-03-06T18:08:50","slug":"kalabrot-gliederring-mit-stein","status":"publish","type":"product","link":"https:\/\/joyasyasmin.com\/de\/producto\/kalabrot-gliederring-mit-stein\/","title":{"rendered":"Kalabrot-Gliederring mit Stein"},"content":{"rendered":"","protected":false},"excerpt":{"rendered":"<p>Der Calabrot\u00f3n Gliederring mit Stein ist ein Schmuckst\u00fcck aus 925er Sterlingsilber, dessen Design aus einem 7 mm breiten Glied und Zirkonen um ihn herum besteht. Wir haben es in den Gr\u00f6\u00dfen 12, 14, 16 und 18. Wenn Sie auf der Suche nach einem stilvollen Schmuckst\u00fcck sind, ist dies ein einzigartiges Design, in das Sie sich verlieben werden.  <\/p>\n","protected":false},"featured_media":23519,"comment_status":"open","ping_status":"closed","template":"","meta":{"_acf_changed":false,"_joinchat":[]},"product_brand":[],"product_cat":[1850],"product_tag":[2890,2456,2891],"class_list":{"0":"post-23513","1":"product","2":"type-product","3":"status-publish","4":"has-post-thumbnail","6":"product_cat-ringe-ringe","7":"product_tag-gliederring","8":"product_tag-silberne-ringe","9":"product_tag-totenkopf-gliederring-mit-stein","11":"first","12":"instock","13":"shipping-taxable","14":"purchasable","15":"product-type-variable"},"acf":[],"yoast_head":"<!-- This site is optimized with the Yoast SEO plugin v27.2 - https:\/\/yoast.com\/product\/yoast-seo-wordpress\/ -->\n<title>Kalabrot-Gliederring mit Stein - Yasmin<\/title>\n<meta name=\"description\" content=\"Calabrot Link Ring mit Stein ist ein Schmuckst\u00fcck aus 925er Sterlingsilber, wenn Sie auf der Suche nach einem stilvollen Schmuckst\u00fcck sind, ist dies ein einzigartiges Design, in das Sie sich verlieben werden.\" \/>\n<meta name=\"robots\" content=\"index, follow, max-snippet:-1, max-image-preview:large, max-video-preview:-1\" \/>\n<link rel=\"canonical\" href=\"https:\/\/joyasyasmin.com\/de\/producto\/kalabrot-gliederring-mit-stein\/\" \/>\n<meta property=\"og:locale\" content=\"de_DE\" \/>\n<meta property=\"og:title\" content=\"Kalabrot-Gliederring mit Stein - Yasmin\" \/>\n<meta property=\"og:description\" content=\"Calabrot Link Ring mit Stein ist ein Schmuckst\u00fcck aus 925er Sterlingsilber, wenn Sie auf der Suche nach einem stilvollen Schmuckst\u00fcck sind, ist dies ein einzigartiges Design, in das Sie sich verlieben werden.\" \/>\n<meta property=\"og:url\" content=\"https:\/\/joyasyasmin.com\/de\/producto\/kalabrot-gliederring-mit-stein\/\" \/>\n<meta property=\"og:site_name\" content=\"Yasmin\" \/>\n<meta property=\"article:publisher\" content=\"https:\/\/www.facebook.com\/Joyas-Yasmin-217664058934169\/\" \/>\n<meta property=\"og:image\" content=\"https:\/\/joyasyasmin.com\/wp-content\/uploads\/2023\/03\/sortija-eslabon-con-piedra.jpg\" \/>\n\t<meta property=\"og:image:width\" content=\"1000\" \/>\n\t<meta property=\"og:image:height\" content=\"1000\" \/>\n\t<meta property=\"og:image:type\" content=\"image\/jpeg\" \/>\n<meta name=\"twitter:card\" content=\"summary_large_image\" \/>\n<script type=\"application\/ld+json\" class=\"yoast-schema-graph\">{\"@context\":\"https:\/\/schema.org\",\"@graph\":[{\"@type\":[\"WebPage\",\"ItemPage\"],\"@id\":\"https:\/\/joyasyasmin.com\/de\/producto\/kalabrot-gliederring-mit-stein\/\",\"url\":\"https:\/\/joyasyasmin.com\/de\/producto\/kalabrot-gliederring-mit-stein\/\",\"name\":\"Kalabrot-Gliederring mit Stein - Yasmin\",\"isPartOf\":{\"@id\":\"https:\/\/joyasyasmin.com\/de\/#website\"},\"primaryImageOfPage\":{\"@id\":\"https:\/\/joyasyasmin.com\/de\/producto\/kalabrot-gliederring-mit-stein\/#primaryimage\"},\"image\":{\"@id\":\"https:\/\/joyasyasmin.com\/de\/producto\/kalabrot-gliederring-mit-stein\/#primaryimage\"},\"thumbnailUrl\":\"https:\/\/joyasyasmin.com\/wp-content\/uploads\/2023\/03\/sortija-eslabon-con-piedra.jpg\",\"datePublished\":\"2023-03-06T18:08:50+00:00\",\"description\":\"Calabrot Link Ring mit Stein ist ein Schmuckst\u00fcck aus 925er Sterlingsilber, wenn Sie auf der Suche nach einem stilvollen Schmuckst\u00fcck sind, ist dies ein einzigartiges Design, in das Sie sich verlieben werden.\",\"breadcrumb\":{\"@id\":\"https:\/\/joyasyasmin.com\/de\/producto\/kalabrot-gliederring-mit-stein\/#breadcrumb\"},\"inLanguage\":\"de\",\"potentialAction\":[{\"@type\":\"ReadAction\",\"target\":[\"https:\/\/joyasyasmin.com\/de\/producto\/kalabrot-gliederring-mit-stein\/\"]}]},{\"@type\":\"ImageObject\",\"inLanguage\":\"de\",\"@id\":\"https:\/\/joyasyasmin.com\/de\/producto\/kalabrot-gliederring-mit-stein\/#primaryimage\",\"url\":\"https:\/\/joyasyasmin.com\/wp-content\/uploads\/2023\/03\/sortija-eslabon-con-piedra.jpg\",\"contentUrl\":\"https:\/\/joyasyasmin.com\/wp-content\/uploads\/2023\/03\/sortija-eslabon-con-piedra.jpg\",\"width\":1000,\"height\":1000},{\"@type\":\"BreadcrumbList\",\"@id\":\"https:\/\/joyasyasmin.com\/de\/producto\/kalabrot-gliederring-mit-stein\/#breadcrumb\",\"itemListElement\":[{\"@type\":\"ListItem\",\"position\":1,\"name\":\"Portada\",\"item\":\"https:\/\/joyasyasmin.com\/de\/heim\/\"},{\"@type\":\"ListItem\",\"position\":2,\"name\":\"Shop\",\"item\":\"https:\/\/joyasyasmin.com\/de\/shop\/\"},{\"@type\":\"ListItem\",\"position\":3,\"name\":\"Kalabrot-Gliederring mit Stein\"}]},{\"@type\":\"WebSite\",\"@id\":\"https:\/\/joyasyasmin.com\/de\/#website\",\"url\":\"https:\/\/joyasyasmin.com\/de\/\",\"name\":\"Yasmin\",\"description\":\"Joyer\u00eda de Plata 925 - Pendientes, pulseras, anillos, colgantes y m\u00e1s!\",\"publisher\":{\"@id\":\"https:\/\/joyasyasmin.com\/de\/#organization\"},\"potentialAction\":[{\"@type\":\"SearchAction\",\"target\":{\"@type\":\"EntryPoint\",\"urlTemplate\":\"https:\/\/joyasyasmin.com\/de\/?s={search_term_string}\"},\"query-input\":{\"@type\":\"PropertyValueSpecification\",\"valueRequired\":true,\"valueName\":\"search_term_string\"}}],\"inLanguage\":\"de\"},{\"@type\":\"Organization\",\"@id\":\"https:\/\/joyasyasmin.com\/de\/#organization\",\"name\":\"joyas yasmin\",\"url\":\"https:\/\/joyasyasmin.com\/de\/\",\"logo\":{\"@type\":\"ImageObject\",\"inLanguage\":\"de\",\"@id\":\"https:\/\/joyasyasmin.com\/de\/#\/schema\/logo\/image\/\",\"url\":\"https:\/\/joyasyasmin.com\/wp-content\/uploads\/2017\/06\/IMG-20200429-WA0051.jpg\",\"contentUrl\":\"https:\/\/joyasyasmin.com\/wp-content\/uploads\/2017\/06\/IMG-20200429-WA0051.jpg\",\"width\":1080,\"height\":545,\"caption\":\"joyas yasmin\"},\"image\":{\"@id\":\"https:\/\/joyasyasmin.com\/de\/#\/schema\/logo\/image\/\"},\"sameAs\":[\"https:\/\/www.facebook.com\/Joyas-Yasmin-217664058934169\/\",\"https:\/\/www.instagram.com\/invites\/contact\/\"]}]}<\/script>\n<!-- \/ Yoast SEO plugin. -->","yoast_head_json":{"title":"Kalabrot-Gliederring mit Stein - Yasmin","description":"Calabrot Link Ring mit Stein ist ein Schmuckst\u00fcck aus 925er Sterlingsilber, wenn Sie auf der Suche nach einem stilvollen Schmuckst\u00fcck sind, ist dies ein einzigartiges Design, in das Sie sich verlieben werden.","robots":{"index":"index","follow":"follow","max-snippet":"max-snippet:-1","max-image-preview":"max-image-preview:large","max-video-preview":"max-video-preview:-1"},"canonical":"https:\/\/joyasyasmin.com\/de\/producto\/kalabrot-gliederring-mit-stein\/","og_locale":"de_DE","og_title":"Kalabrot-Gliederring mit Stein - Yasmin","og_description":"Calabrot Link Ring mit Stein ist ein Schmuckst\u00fcck aus 925er Sterlingsilber, wenn Sie auf der Suche nach einem stilvollen Schmuckst\u00fcck sind, ist dies ein einzigartiges Design, in das Sie sich verlieben werden.","og_url":"https:\/\/joyasyasmin.com\/de\/producto\/kalabrot-gliederring-mit-stein\/","og_site_name":"Yasmin","article_publisher":"https:\/\/www.facebook.com\/Joyas-Yasmin-217664058934169\/","og_image":[{"width":1000,"height":1000,"url":"https:\/\/joyasyasmin.com\/wp-content\/uploads\/2023\/03\/sortija-eslabon-con-piedra.jpg","type":"image\/jpeg"}],"twitter_card":"summary_large_image","schema":{"@context":"https:\/\/schema.org","@graph":[{"@type":["WebPage","ItemPage"],"@id":"https:\/\/joyasyasmin.com\/de\/producto\/kalabrot-gliederring-mit-stein\/","url":"https:\/\/joyasyasmin.com\/de\/producto\/kalabrot-gliederring-mit-stein\/","name":"Kalabrot-Gliederring mit Stein - Yasmin","isPartOf":{"@id":"https:\/\/joyasyasmin.com\/de\/#website"},"primaryImageOfPage":{"@id":"https:\/\/joyasyasmin.com\/de\/producto\/kalabrot-gliederring-mit-stein\/#primaryimage"},"image":{"@id":"https:\/\/joyasyasmin.com\/de\/producto\/kalabrot-gliederring-mit-stein\/#primaryimage"},"thumbnailUrl":"https:\/\/joyasyasmin.com\/wp-content\/uploads\/2023\/03\/sortija-eslabon-con-piedra.jpg","datePublished":"2023-03-06T18:08:50+00:00","description":"Calabrot Link Ring mit Stein ist ein Schmuckst\u00fcck aus 925er Sterlingsilber, wenn Sie auf der Suche nach einem stilvollen Schmuckst\u00fcck sind, ist dies ein einzigartiges Design, in das Sie sich verlieben werden.","breadcrumb":{"@id":"https:\/\/joyasyasmin.com\/de\/producto\/kalabrot-gliederring-mit-stein\/#breadcrumb"},"inLanguage":"de","potentialAction":[{"@type":"ReadAction","target":["https:\/\/joyasyasmin.com\/de\/producto\/kalabrot-gliederring-mit-stein\/"]}]},{"@type":"ImageObject","inLanguage":"de","@id":"https:\/\/joyasyasmin.com\/de\/producto\/kalabrot-gliederring-mit-stein\/#primaryimage","url":"https:\/\/joyasyasmin.com\/wp-content\/uploads\/2023\/03\/sortija-eslabon-con-piedra.jpg","contentUrl":"https:\/\/joyasyasmin.com\/wp-content\/uploads\/2023\/03\/sortija-eslabon-con-piedra.jpg","width":1000,"height":1000},{"@type":"BreadcrumbList","@id":"https:\/\/joyasyasmin.com\/de\/producto\/kalabrot-gliederring-mit-stein\/#breadcrumb","itemListElement":[{"@type":"ListItem","position":1,"name":"Portada","item":"https:\/\/joyasyasmin.com\/de\/heim\/"},{"@type":"ListItem","position":2,"name":"Shop","item":"https:\/\/joyasyasmin.com\/de\/shop\/"},{"@type":"ListItem","position":3,"name":"Kalabrot-Gliederring mit Stein"}]},{"@type":"WebSite","@id":"https:\/\/joyasyasmin.com\/de\/#website","url":"https:\/\/joyasyasmin.com\/de\/","name":"Yasmin","description":"Joyer\u00eda de Plata 925 - Pendientes, pulseras, anillos, colgantes y m\u00e1s!","publisher":{"@id":"https:\/\/joyasyasmin.com\/de\/#organization"},"potentialAction":[{"@type":"SearchAction","target":{"@type":"EntryPoint","urlTemplate":"https:\/\/joyasyasmin.com\/de\/?s={search_term_string}"},"query-input":{"@type":"PropertyValueSpecification","valueRequired":true,"valueName":"search_term_string"}}],"inLanguage":"de"},{"@type":"Organization","@id":"https:\/\/joyasyasmin.com\/de\/#organization","name":"joyas yasmin","url":"https:\/\/joyasyasmin.com\/de\/","logo":{"@type":"ImageObject","inLanguage":"de","@id":"https:\/\/joyasyasmin.com\/de\/#\/schema\/logo\/image\/","url":"https:\/\/joyasyasmin.com\/wp-content\/uploads\/2017\/06\/IMG-20200429-WA0051.jpg","contentUrl":"https:\/\/joyasyasmin.com\/wp-content\/uploads\/2017\/06\/IMG-20200429-WA0051.jpg","width":1080,"height":545,"caption":"joyas yasmin"},"image":{"@id":"https:\/\/joyasyasmin.com\/de\/#\/schema\/logo\/image\/"},"sameAs":["https:\/\/www.facebook.com\/Joyas-Yasmin-217664058934169\/","https:\/\/www.instagram.com\/invites\/contact\/"]}]}},"_links":{"self":[{"href":"https:\/\/joyasyasmin.com\/de\/wp-json\/wp\/v2\/product\/23513","targetHints":{"allow":["GET"]}}],"collection":[{"href":"https:\/\/joyasyasmin.com\/de\/wp-json\/wp\/v2\/product"}],"about":[{"href":"https:\/\/joyasyasmin.com\/de\/wp-json\/wp\/v2\/types\/product"}],"replies":[{"embeddable":true,"href":"https:\/\/joyasyasmin.com\/de\/wp-json\/wp\/v2\/comments?post=23513"}],"version-history":[{"count":0,"href":"https:\/\/joyasyasmin.com\/de\/wp-json\/wp\/v2\/product\/23513\/revisions"}],"wp:featuredmedia":[{"embeddable":true,"href":"https:\/\/joyasyasmin.com\/de\/wp-json\/wp\/v2\/media\/23519"}],"wp:attachment":[{"href":"https:\/\/joyasyasmin.com\/de\/wp-json\/wp\/v2\/media?parent=23513"}],"wp:term":[{"taxonomy":"product_brand","embeddable":true,"href":"https:\/\/joyasyasmin.com\/de\/wp-json\/wp\/v2\/product_brand?post=23513"},{"taxonomy":"product_cat","embeddable":true,"href":"https:\/\/joyasyasmin.com\/de\/wp-json\/wp\/v2\/product_cat?post=23513"},{"taxonomy":"product_tag","embeddable":true,"href":"https:\/\/joyasyasmin.com\/de\/wp-json\/wp\/v2\/product_tag?post=23513"}],"curies":[{"name":"wp","href":"https:\/\/api.w.org\/{rel}","templated":true}]}}