{"id":23595,"date":"2023-03-23T12:34:56","date_gmt":"2023-03-23T12:34:56","guid":{"rendered":"https:\/\/joyasyasmin.com\/producto\/rosenkraenze-mit-stein\/"},"modified":"2025-05-13T11:07:02","modified_gmt":"2025-05-13T11:07:02","slug":"rosenkraenze-mit-stein","status":"publish","type":"product","link":"https:\/\/joyasyasmin.com\/de\/producto\/rosenkraenze-mit-stein\/","title":{"rendered":"Rosenkr\u00e4nze mit Stein"},"content":{"rendered":"","protected":false},"excerpt":{"rendered":"<p>Rosenkr\u00e4nze mit Stein, entworfen mit 3mm Stein und seiner L\u00e4nge von 50 cm + 8cm von der Medaille bis zum Kreuz, dieses Accessoire ist aus 925er Sterlingsilber gefertigt, es hat einen Verschluss in der Mitte, wir haben dieses Design mit Steinen in verschiedenen Farben und auch nur in Schwarz, Sie k\u00f6nnen es alleine tragen oder mit anderen Halsketten kombinieren,  In der Box, die kommt, bestehen unsere Produkte aus recyceltem Material.<\/p>\n","protected":false},"featured_media":23601,"comment_status":"open","ping_status":"closed","template":"","meta":{"_acf_changed":false,"_joinchat":[]},"product_brand":[],"product_cat":[1818],"product_tag":[2930,2931,2170],"class_list":{"0":"post-23595","1":"product","2":"type-product","3":"status-publish","4":"has-post-thumbnail","6":"product_cat-halsketten","7":"product_tag-rosenkranze-mit-stein","8":"product_tag-silberner-rosenkranz","9":"product_tag-was-ist-neu-in-2023","11":"first","12":"instock","13":"shipping-taxable","14":"purchasable","15":"product-type-variable"},"acf":[],"yoast_head":"<!-- This site is optimized with the Yoast SEO plugin v27.2 - https:\/\/yoast.com\/product\/yoast-seo-wordpress\/ -->\n<title>Rosenkr\u00e4nze mit Stein - Yasmin<\/title>\n<meta name=\"description\" content=\"Rosenkr\u00e4nze mit Stein ist ein Accessoire mit Steinen und seinem 925er Sterlingsilber, Sie k\u00f6nnen es mit farbigen Steinen oder nur mit schwarzen Steinen finden.\" \/>\n<meta name=\"robots\" content=\"index, follow, max-snippet:-1, max-image-preview:large, max-video-preview:-1\" \/>\n<link rel=\"canonical\" href=\"https:\/\/joyasyasmin.com\/de\/producto\/rosenkraenze-mit-stein\/\" \/>\n<meta property=\"og:locale\" content=\"de_DE\" \/>\n<meta property=\"og:title\" content=\"Rosenkr\u00e4nze mit Stein - Yasmin\" \/>\n<meta property=\"og:description\" content=\"Rosenkr\u00e4nze mit Stein ist ein Accessoire mit Steinen und seinem 925er Sterlingsilber, Sie k\u00f6nnen es mit farbigen Steinen oder nur mit schwarzen Steinen finden.\" \/>\n<meta property=\"og:url\" content=\"https:\/\/joyasyasmin.com\/de\/producto\/rosenkraenze-mit-stein\/\" \/>\n<meta property=\"og:site_name\" content=\"Yasmin\" \/>\n<meta property=\"article:publisher\" content=\"https:\/\/www.facebook.com\/Joyas-Yasmin-217664058934169\/\" \/>\n<meta property=\"article:modified_time\" content=\"2025-05-13T11:07:02+00:00\" \/>\n<meta property=\"og:image\" content=\"https:\/\/joyasyasmin.com\/wp-content\/uploads\/2023\/03\/rosario-piedra-color-plata.jpg\" \/>\n\t<meta property=\"og:image:width\" content=\"1000\" \/>\n\t<meta property=\"og:image:height\" content=\"1000\" \/>\n\t<meta property=\"og:image:type\" content=\"image\/jpeg\" \/>\n<meta name=\"twitter:card\" content=\"summary_large_image\" \/>\n<script type=\"application\/ld+json\" class=\"yoast-schema-graph\">{\"@context\":\"https:\/\/schema.org\",\"@graph\":[{\"@type\":[\"WebPage\",\"ItemPage\"],\"@id\":\"https:\/\/joyasyasmin.com\/de\/producto\/rosenkraenze-mit-stein\/\",\"url\":\"https:\/\/joyasyasmin.com\/de\/producto\/rosenkraenze-mit-stein\/\",\"name\":\"Rosenkr\u00e4nze mit Stein - Yasmin\",\"isPartOf\":{\"@id\":\"https:\/\/joyasyasmin.com\/de\/#website\"},\"primaryImageOfPage\":{\"@id\":\"https:\/\/joyasyasmin.com\/de\/producto\/rosenkraenze-mit-stein\/#primaryimage\"},\"image\":{\"@id\":\"https:\/\/joyasyasmin.com\/de\/producto\/rosenkraenze-mit-stein\/#primaryimage\"},\"thumbnailUrl\":\"https:\/\/joyasyasmin.com\/wp-content\/uploads\/2023\/03\/rosario-piedra-color-plata.jpg\",\"datePublished\":\"2023-03-23T12:34:56+00:00\",\"dateModified\":\"2025-05-13T11:07:02+00:00\",\"description\":\"Rosenkr\u00e4nze mit Stein ist ein Accessoire mit Steinen und seinem 925er Sterlingsilber, Sie k\u00f6nnen es mit farbigen Steinen oder nur mit schwarzen Steinen finden.\",\"breadcrumb\":{\"@id\":\"https:\/\/joyasyasmin.com\/de\/producto\/rosenkraenze-mit-stein\/#breadcrumb\"},\"inLanguage\":\"de\",\"potentialAction\":[{\"@type\":\"ReadAction\",\"target\":[\"https:\/\/joyasyasmin.com\/de\/producto\/rosenkraenze-mit-stein\/\"]}]},{\"@type\":\"ImageObject\",\"inLanguage\":\"de\",\"@id\":\"https:\/\/joyasyasmin.com\/de\/producto\/rosenkraenze-mit-stein\/#primaryimage\",\"url\":\"https:\/\/joyasyasmin.com\/wp-content\/uploads\/2023\/03\/rosario-piedra-color-plata.jpg\",\"contentUrl\":\"https:\/\/joyasyasmin.com\/wp-content\/uploads\/2023\/03\/rosario-piedra-color-plata.jpg\",\"width\":1000,\"height\":1000,\"caption\":\"Verkauf eines Rosenkranzes mit Stein aus 925er Sterlingsilber\"},{\"@type\":\"BreadcrumbList\",\"@id\":\"https:\/\/joyasyasmin.com\/de\/producto\/rosenkraenze-mit-stein\/#breadcrumb\",\"itemListElement\":[{\"@type\":\"ListItem\",\"position\":1,\"name\":\"Portada\",\"item\":\"https:\/\/joyasyasmin.com\/de\/heim\/\"},{\"@type\":\"ListItem\",\"position\":2,\"name\":\"Shop\",\"item\":\"https:\/\/joyasyasmin.com\/de\/shop\/\"},{\"@type\":\"ListItem\",\"position\":3,\"name\":\"Rosenkr\u00e4nze mit Stein\"}]},{\"@type\":\"WebSite\",\"@id\":\"https:\/\/joyasyasmin.com\/de\/#website\",\"url\":\"https:\/\/joyasyasmin.com\/de\/\",\"name\":\"Yasmin\",\"description\":\"Joyer\u00eda de Plata 925 - Pendientes, pulseras, anillos, colgantes y m\u00e1s!\",\"publisher\":{\"@id\":\"https:\/\/joyasyasmin.com\/de\/#organization\"},\"potentialAction\":[{\"@type\":\"SearchAction\",\"target\":{\"@type\":\"EntryPoint\",\"urlTemplate\":\"https:\/\/joyasyasmin.com\/de\/?s={search_term_string}\"},\"query-input\":{\"@type\":\"PropertyValueSpecification\",\"valueRequired\":true,\"valueName\":\"search_term_string\"}}],\"inLanguage\":\"de\"},{\"@type\":\"Organization\",\"@id\":\"https:\/\/joyasyasmin.com\/de\/#organization\",\"name\":\"joyas yasmin\",\"url\":\"https:\/\/joyasyasmin.com\/de\/\",\"logo\":{\"@type\":\"ImageObject\",\"inLanguage\":\"de\",\"@id\":\"https:\/\/joyasyasmin.com\/de\/#\/schema\/logo\/image\/\",\"url\":\"https:\/\/joyasyasmin.com\/wp-content\/uploads\/2017\/06\/IMG-20200429-WA0051.jpg\",\"contentUrl\":\"https:\/\/joyasyasmin.com\/wp-content\/uploads\/2017\/06\/IMG-20200429-WA0051.jpg\",\"width\":1080,\"height\":545,\"caption\":\"joyas yasmin\"},\"image\":{\"@id\":\"https:\/\/joyasyasmin.com\/de\/#\/schema\/logo\/image\/\"},\"sameAs\":[\"https:\/\/www.facebook.com\/Joyas-Yasmin-217664058934169\/\",\"https:\/\/www.instagram.com\/invites\/contact\/\"]}]}<\/script>\n<!-- \/ Yoast SEO plugin. -->","yoast_head_json":{"title":"Rosenkr\u00e4nze mit Stein - Yasmin","description":"Rosenkr\u00e4nze mit Stein ist ein Accessoire mit Steinen und seinem 925er Sterlingsilber, Sie k\u00f6nnen es mit farbigen Steinen oder nur mit schwarzen Steinen finden.","robots":{"index":"index","follow":"follow","max-snippet":"max-snippet:-1","max-image-preview":"max-image-preview:large","max-video-preview":"max-video-preview:-1"},"canonical":"https:\/\/joyasyasmin.com\/de\/producto\/rosenkraenze-mit-stein\/","og_locale":"de_DE","og_title":"Rosenkr\u00e4nze mit Stein - Yasmin","og_description":"Rosenkr\u00e4nze mit Stein ist ein Accessoire mit Steinen und seinem 925er Sterlingsilber, Sie k\u00f6nnen es mit farbigen Steinen oder nur mit schwarzen Steinen finden.","og_url":"https:\/\/joyasyasmin.com\/de\/producto\/rosenkraenze-mit-stein\/","og_site_name":"Yasmin","article_publisher":"https:\/\/www.facebook.com\/Joyas-Yasmin-217664058934169\/","article_modified_time":"2025-05-13T11:07:02+00:00","og_image":[{"width":1000,"height":1000,"url":"https:\/\/joyasyasmin.com\/wp-content\/uploads\/2023\/03\/rosario-piedra-color-plata.jpg","type":"image\/jpeg"}],"twitter_card":"summary_large_image","schema":{"@context":"https:\/\/schema.org","@graph":[{"@type":["WebPage","ItemPage"],"@id":"https:\/\/joyasyasmin.com\/de\/producto\/rosenkraenze-mit-stein\/","url":"https:\/\/joyasyasmin.com\/de\/producto\/rosenkraenze-mit-stein\/","name":"Rosenkr\u00e4nze mit Stein - Yasmin","isPartOf":{"@id":"https:\/\/joyasyasmin.com\/de\/#website"},"primaryImageOfPage":{"@id":"https:\/\/joyasyasmin.com\/de\/producto\/rosenkraenze-mit-stein\/#primaryimage"},"image":{"@id":"https:\/\/joyasyasmin.com\/de\/producto\/rosenkraenze-mit-stein\/#primaryimage"},"thumbnailUrl":"https:\/\/joyasyasmin.com\/wp-content\/uploads\/2023\/03\/rosario-piedra-color-plata.jpg","datePublished":"2023-03-23T12:34:56+00:00","dateModified":"2025-05-13T11:07:02+00:00","description":"Rosenkr\u00e4nze mit Stein ist ein Accessoire mit Steinen und seinem 925er Sterlingsilber, Sie k\u00f6nnen es mit farbigen Steinen oder nur mit schwarzen Steinen finden.","breadcrumb":{"@id":"https:\/\/joyasyasmin.com\/de\/producto\/rosenkraenze-mit-stein\/#breadcrumb"},"inLanguage":"de","potentialAction":[{"@type":"ReadAction","target":["https:\/\/joyasyasmin.com\/de\/producto\/rosenkraenze-mit-stein\/"]}]},{"@type":"ImageObject","inLanguage":"de","@id":"https:\/\/joyasyasmin.com\/de\/producto\/rosenkraenze-mit-stein\/#primaryimage","url":"https:\/\/joyasyasmin.com\/wp-content\/uploads\/2023\/03\/rosario-piedra-color-plata.jpg","contentUrl":"https:\/\/joyasyasmin.com\/wp-content\/uploads\/2023\/03\/rosario-piedra-color-plata.jpg","width":1000,"height":1000,"caption":"Verkauf eines Rosenkranzes mit Stein aus 925er Sterlingsilber"},{"@type":"BreadcrumbList","@id":"https:\/\/joyasyasmin.com\/de\/producto\/rosenkraenze-mit-stein\/#breadcrumb","itemListElement":[{"@type":"ListItem","position":1,"name":"Portada","item":"https:\/\/joyasyasmin.com\/de\/heim\/"},{"@type":"ListItem","position":2,"name":"Shop","item":"https:\/\/joyasyasmin.com\/de\/shop\/"},{"@type":"ListItem","position":3,"name":"Rosenkr\u00e4nze mit Stein"}]},{"@type":"WebSite","@id":"https:\/\/joyasyasmin.com\/de\/#website","url":"https:\/\/joyasyasmin.com\/de\/","name":"Yasmin","description":"Joyer\u00eda de Plata 925 - Pendientes, pulseras, anillos, colgantes y m\u00e1s!","publisher":{"@id":"https:\/\/joyasyasmin.com\/de\/#organization"},"potentialAction":[{"@type":"SearchAction","target":{"@type":"EntryPoint","urlTemplate":"https:\/\/joyasyasmin.com\/de\/?s={search_term_string}"},"query-input":{"@type":"PropertyValueSpecification","valueRequired":true,"valueName":"search_term_string"}}],"inLanguage":"de"},{"@type":"Organization","@id":"https:\/\/joyasyasmin.com\/de\/#organization","name":"joyas yasmin","url":"https:\/\/joyasyasmin.com\/de\/","logo":{"@type":"ImageObject","inLanguage":"de","@id":"https:\/\/joyasyasmin.com\/de\/#\/schema\/logo\/image\/","url":"https:\/\/joyasyasmin.com\/wp-content\/uploads\/2017\/06\/IMG-20200429-WA0051.jpg","contentUrl":"https:\/\/joyasyasmin.com\/wp-content\/uploads\/2017\/06\/IMG-20200429-WA0051.jpg","width":1080,"height":545,"caption":"joyas yasmin"},"image":{"@id":"https:\/\/joyasyasmin.com\/de\/#\/schema\/logo\/image\/"},"sameAs":["https:\/\/www.facebook.com\/Joyas-Yasmin-217664058934169\/","https:\/\/www.instagram.com\/invites\/contact\/"]}]}},"_links":{"self":[{"href":"https:\/\/joyasyasmin.com\/de\/wp-json\/wp\/v2\/product\/23595","targetHints":{"allow":["GET"]}}],"collection":[{"href":"https:\/\/joyasyasmin.com\/de\/wp-json\/wp\/v2\/product"}],"about":[{"href":"https:\/\/joyasyasmin.com\/de\/wp-json\/wp\/v2\/types\/product"}],"replies":[{"embeddable":true,"href":"https:\/\/joyasyasmin.com\/de\/wp-json\/wp\/v2\/comments?post=23595"}],"version-history":[{"count":1,"href":"https:\/\/joyasyasmin.com\/de\/wp-json\/wp\/v2\/product\/23595\/revisions"}],"predecessor-version":[{"id":32417,"href":"https:\/\/joyasyasmin.com\/de\/wp-json\/wp\/v2\/product\/23595\/revisions\/32417"}],"wp:featuredmedia":[{"embeddable":true,"href":"https:\/\/joyasyasmin.com\/de\/wp-json\/wp\/v2\/media\/23601"}],"wp:attachment":[{"href":"https:\/\/joyasyasmin.com\/de\/wp-json\/wp\/v2\/media?parent=23595"}],"wp:term":[{"taxonomy":"product_brand","embeddable":true,"href":"https:\/\/joyasyasmin.com\/de\/wp-json\/wp\/v2\/product_brand?post=23595"},{"taxonomy":"product_cat","embeddable":true,"href":"https:\/\/joyasyasmin.com\/de\/wp-json\/wp\/v2\/product_cat?post=23595"},{"taxonomy":"product_tag","embeddable":true,"href":"https:\/\/joyasyasmin.com\/de\/wp-json\/wp\/v2\/product_tag?post=23595"}],"curies":[{"name":"wp","href":"https:\/\/api.w.org\/{rel}","templated":true}]}}