{"id":23596,"date":"2023-03-16T15:11:56","date_gmt":"2023-03-16T15:11:56","guid":{"rendered":"https:\/\/joyasyasmin.com\/producto\/mini-vivaldi-ohrring\/"},"modified":"2026-02-04T09:26:44","modified_gmt":"2026-02-04T09:26:44","slug":"mini-vivaldi-ohrring","status":"publish","type":"product","link":"https:\/\/joyasyasmin.com\/de\/producto\/mini-vivaldi-ohrring\/","title":{"rendered":"Mini Vivaldi Ohrring"},"content":{"rendered":"","protected":false},"excerpt":{"rendered":"<p>Mini Vivaldi Ohrring ist ein Schmuckst\u00fcck aus 925er Sterlingsilber, sein formales ovales Design (1 cm x 6 mm) mit Zirkonen und einem glatten Rohr in der Mitte macht es zu einem modernen Ohrring, sein Schnappmutterverschluss ist super bequem, er ist aufgrund seiner Gr\u00f6\u00dfe ideal f\u00fcr das zweite Loch, kann aber auch im ersten Loch verwendet werden,  Das gleiche Design haben wir Gold mit drei Mikrometern 18 Karat Gold.<\/p>\n","protected":false},"featured_media":23604,"comment_status":"open","ping_status":"closed","template":"","meta":{"_acf_changed":false,"_joinchat":[]},"product_brand":[],"product_cat":[1770],"product_tag":[2933,2932,2170],"class_list":{"0":"post-23596","1":"product","2":"type-product","3":"status-publish","4":"has-post-thumbnail","6":"product_cat-ohrringe-und-ohrringe","7":"product_tag-silberne-zirkonia-ohrringe","8":"product_tag-vivaldi-mini-ohrring","9":"product_tag-was-ist-neu-in-2023","11":"first","12":"instock","13":"shipping-taxable","14":"purchasable","15":"product-type-variable"},"acf":[],"yoast_head":"<!-- This site is optimized with the Yoast SEO plugin v27.2 - https:\/\/yoast.com\/product\/yoast-seo-wordpress\/ -->\n<title>Mini Vivaldi Ohrring - Yasmin<\/title>\n<meta name=\"description\" content=\"Mini Vivaldi Ohrring ist ein kleines Schmuckst\u00fcck aus 925er Sterlingsilber mit Zirkonen, dieses Design ist auch in Gold erh\u00e4ltlich. Schmuck mit Stil und Design.\" \/>\n<meta name=\"robots\" content=\"index, follow, max-snippet:-1, max-image-preview:large, max-video-preview:-1\" \/>\n<link rel=\"canonical\" href=\"https:\/\/joyasyasmin.com\/de\/producto\/mini-vivaldi-ohrring\/\" \/>\n<meta property=\"og:locale\" content=\"de_DE\" \/>\n<meta property=\"og:title\" content=\"Mini Vivaldi Ohrring - Yasmin\" \/>\n<meta property=\"og:description\" content=\"Mini Vivaldi Ohrring ist ein kleines Schmuckst\u00fcck aus 925er Sterlingsilber mit Zirkonen, dieses Design ist auch in Gold erh\u00e4ltlich. Schmuck mit Stil und Design.\" \/>\n<meta property=\"og:url\" content=\"https:\/\/joyasyasmin.com\/de\/producto\/mini-vivaldi-ohrring\/\" \/>\n<meta property=\"og:site_name\" content=\"Yasmin\" \/>\n<meta property=\"article:publisher\" content=\"https:\/\/www.facebook.com\/Joyas-Yasmin-217664058934169\/\" \/>\n<meta property=\"article:modified_time\" content=\"2026-02-04T09:26:44+00:00\" \/>\n<meta property=\"og:image\" content=\"https:\/\/joyasyasmin.com\/wp-content\/uploads\/2023\/03\/pendiente-ovalado-tropea.jpg\" \/>\n\t<meta property=\"og:image:width\" content=\"1000\" \/>\n\t<meta property=\"og:image:height\" content=\"1000\" \/>\n\t<meta property=\"og:image:type\" content=\"image\/jpeg\" \/>\n<meta name=\"twitter:card\" content=\"summary_large_image\" \/>\n<script type=\"application\/ld+json\" class=\"yoast-schema-graph\">{\"@context\":\"https:\/\/schema.org\",\"@graph\":[{\"@type\":[\"WebPage\",\"ItemPage\"],\"@id\":\"https:\/\/joyasyasmin.com\/de\/producto\/mini-vivaldi-ohrring\/\",\"url\":\"https:\/\/joyasyasmin.com\/de\/producto\/mini-vivaldi-ohrring\/\",\"name\":\"Mini Vivaldi Ohrring - Yasmin\",\"isPartOf\":{\"@id\":\"https:\/\/joyasyasmin.com\/de\/#website\"},\"primaryImageOfPage\":{\"@id\":\"https:\/\/joyasyasmin.com\/de\/producto\/mini-vivaldi-ohrring\/#primaryimage\"},\"image\":{\"@id\":\"https:\/\/joyasyasmin.com\/de\/producto\/mini-vivaldi-ohrring\/#primaryimage\"},\"thumbnailUrl\":\"https:\/\/joyasyasmin.com\/wp-content\/uploads\/2023\/03\/pendiente-ovalado-tropea.jpg\",\"datePublished\":\"2023-03-16T15:11:56+00:00\",\"dateModified\":\"2026-02-04T09:26:44+00:00\",\"description\":\"Mini Vivaldi Ohrring ist ein kleines Schmuckst\u00fcck aus 925er Sterlingsilber mit Zirkonen, dieses Design ist auch in Gold erh\u00e4ltlich. Schmuck mit Stil und Design.\",\"breadcrumb\":{\"@id\":\"https:\/\/joyasyasmin.com\/de\/producto\/mini-vivaldi-ohrring\/#breadcrumb\"},\"inLanguage\":\"de\",\"potentialAction\":[{\"@type\":\"ReadAction\",\"target\":[\"https:\/\/joyasyasmin.com\/de\/producto\/mini-vivaldi-ohrring\/\"]}]},{\"@type\":\"ImageObject\",\"inLanguage\":\"de\",\"@id\":\"https:\/\/joyasyasmin.com\/de\/producto\/mini-vivaldi-ohrring\/#primaryimage\",\"url\":\"https:\/\/joyasyasmin.com\/wp-content\/uploads\/2023\/03\/pendiente-ovalado-tropea.jpg\",\"contentUrl\":\"https:\/\/joyasyasmin.com\/wp-content\/uploads\/2023\/03\/pendiente-ovalado-tropea.jpg\",\"width\":1000,\"height\":1000,\"caption\":\"Vivaldi Tropea 925 Sterling Silber Ovaler Ohrring zum Verkauf\"},{\"@type\":\"BreadcrumbList\",\"@id\":\"https:\/\/joyasyasmin.com\/de\/producto\/mini-vivaldi-ohrring\/#breadcrumb\",\"itemListElement\":[{\"@type\":\"ListItem\",\"position\":1,\"name\":\"Portada\",\"item\":\"https:\/\/joyasyasmin.com\/de\/heim\/\"},{\"@type\":\"ListItem\",\"position\":2,\"name\":\"Shop\",\"item\":\"https:\/\/joyasyasmin.com\/de\/shop\/\"},{\"@type\":\"ListItem\",\"position\":3,\"name\":\"Mini Vivaldi Ohrring\"}]},{\"@type\":\"WebSite\",\"@id\":\"https:\/\/joyasyasmin.com\/de\/#website\",\"url\":\"https:\/\/joyasyasmin.com\/de\/\",\"name\":\"Yasmin\",\"description\":\"Joyer\u00eda de Plata 925 - Pendientes, pulseras, anillos, colgantes y m\u00e1s!\",\"publisher\":{\"@id\":\"https:\/\/joyasyasmin.com\/de\/#organization\"},\"potentialAction\":[{\"@type\":\"SearchAction\",\"target\":{\"@type\":\"EntryPoint\",\"urlTemplate\":\"https:\/\/joyasyasmin.com\/de\/?s={search_term_string}\"},\"query-input\":{\"@type\":\"PropertyValueSpecification\",\"valueRequired\":true,\"valueName\":\"search_term_string\"}}],\"inLanguage\":\"de\"},{\"@type\":\"Organization\",\"@id\":\"https:\/\/joyasyasmin.com\/de\/#organization\",\"name\":\"joyas yasmin\",\"url\":\"https:\/\/joyasyasmin.com\/de\/\",\"logo\":{\"@type\":\"ImageObject\",\"inLanguage\":\"de\",\"@id\":\"https:\/\/joyasyasmin.com\/de\/#\/schema\/logo\/image\/\",\"url\":\"https:\/\/joyasyasmin.com\/wp-content\/uploads\/2017\/06\/IMG-20200429-WA0051.jpg\",\"contentUrl\":\"https:\/\/joyasyasmin.com\/wp-content\/uploads\/2017\/06\/IMG-20200429-WA0051.jpg\",\"width\":1080,\"height\":545,\"caption\":\"joyas yasmin\"},\"image\":{\"@id\":\"https:\/\/joyasyasmin.com\/de\/#\/schema\/logo\/image\/\"},\"sameAs\":[\"https:\/\/www.facebook.com\/Joyas-Yasmin-217664058934169\/\",\"https:\/\/www.instagram.com\/invites\/contact\/\"]}]}<\/script>\n<!-- \/ Yoast SEO plugin. -->","yoast_head_json":{"title":"Mini Vivaldi Ohrring - Yasmin","description":"Mini Vivaldi Ohrring ist ein kleines Schmuckst\u00fcck aus 925er Sterlingsilber mit Zirkonen, dieses Design ist auch in Gold erh\u00e4ltlich. Schmuck mit Stil und Design.","robots":{"index":"index","follow":"follow","max-snippet":"max-snippet:-1","max-image-preview":"max-image-preview:large","max-video-preview":"max-video-preview:-1"},"canonical":"https:\/\/joyasyasmin.com\/de\/producto\/mini-vivaldi-ohrring\/","og_locale":"de_DE","og_title":"Mini Vivaldi Ohrring - Yasmin","og_description":"Mini Vivaldi Ohrring ist ein kleines Schmuckst\u00fcck aus 925er Sterlingsilber mit Zirkonen, dieses Design ist auch in Gold erh\u00e4ltlich. Schmuck mit Stil und Design.","og_url":"https:\/\/joyasyasmin.com\/de\/producto\/mini-vivaldi-ohrring\/","og_site_name":"Yasmin","article_publisher":"https:\/\/www.facebook.com\/Joyas-Yasmin-217664058934169\/","article_modified_time":"2026-02-04T09:26:44+00:00","og_image":[{"width":1000,"height":1000,"url":"https:\/\/joyasyasmin.com\/wp-content\/uploads\/2023\/03\/pendiente-ovalado-tropea.jpg","type":"image\/jpeg"}],"twitter_card":"summary_large_image","schema":{"@context":"https:\/\/schema.org","@graph":[{"@type":["WebPage","ItemPage"],"@id":"https:\/\/joyasyasmin.com\/de\/producto\/mini-vivaldi-ohrring\/","url":"https:\/\/joyasyasmin.com\/de\/producto\/mini-vivaldi-ohrring\/","name":"Mini Vivaldi Ohrring - Yasmin","isPartOf":{"@id":"https:\/\/joyasyasmin.com\/de\/#website"},"primaryImageOfPage":{"@id":"https:\/\/joyasyasmin.com\/de\/producto\/mini-vivaldi-ohrring\/#primaryimage"},"image":{"@id":"https:\/\/joyasyasmin.com\/de\/producto\/mini-vivaldi-ohrring\/#primaryimage"},"thumbnailUrl":"https:\/\/joyasyasmin.com\/wp-content\/uploads\/2023\/03\/pendiente-ovalado-tropea.jpg","datePublished":"2023-03-16T15:11:56+00:00","dateModified":"2026-02-04T09:26:44+00:00","description":"Mini Vivaldi Ohrring ist ein kleines Schmuckst\u00fcck aus 925er Sterlingsilber mit Zirkonen, dieses Design ist auch in Gold erh\u00e4ltlich. Schmuck mit Stil und Design.","breadcrumb":{"@id":"https:\/\/joyasyasmin.com\/de\/producto\/mini-vivaldi-ohrring\/#breadcrumb"},"inLanguage":"de","potentialAction":[{"@type":"ReadAction","target":["https:\/\/joyasyasmin.com\/de\/producto\/mini-vivaldi-ohrring\/"]}]},{"@type":"ImageObject","inLanguage":"de","@id":"https:\/\/joyasyasmin.com\/de\/producto\/mini-vivaldi-ohrring\/#primaryimage","url":"https:\/\/joyasyasmin.com\/wp-content\/uploads\/2023\/03\/pendiente-ovalado-tropea.jpg","contentUrl":"https:\/\/joyasyasmin.com\/wp-content\/uploads\/2023\/03\/pendiente-ovalado-tropea.jpg","width":1000,"height":1000,"caption":"Vivaldi Tropea 925 Sterling Silber Ovaler Ohrring zum Verkauf"},{"@type":"BreadcrumbList","@id":"https:\/\/joyasyasmin.com\/de\/producto\/mini-vivaldi-ohrring\/#breadcrumb","itemListElement":[{"@type":"ListItem","position":1,"name":"Portada","item":"https:\/\/joyasyasmin.com\/de\/heim\/"},{"@type":"ListItem","position":2,"name":"Shop","item":"https:\/\/joyasyasmin.com\/de\/shop\/"},{"@type":"ListItem","position":3,"name":"Mini Vivaldi Ohrring"}]},{"@type":"WebSite","@id":"https:\/\/joyasyasmin.com\/de\/#website","url":"https:\/\/joyasyasmin.com\/de\/","name":"Yasmin","description":"Joyer\u00eda de Plata 925 - Pendientes, pulseras, anillos, colgantes y m\u00e1s!","publisher":{"@id":"https:\/\/joyasyasmin.com\/de\/#organization"},"potentialAction":[{"@type":"SearchAction","target":{"@type":"EntryPoint","urlTemplate":"https:\/\/joyasyasmin.com\/de\/?s={search_term_string}"},"query-input":{"@type":"PropertyValueSpecification","valueRequired":true,"valueName":"search_term_string"}}],"inLanguage":"de"},{"@type":"Organization","@id":"https:\/\/joyasyasmin.com\/de\/#organization","name":"joyas yasmin","url":"https:\/\/joyasyasmin.com\/de\/","logo":{"@type":"ImageObject","inLanguage":"de","@id":"https:\/\/joyasyasmin.com\/de\/#\/schema\/logo\/image\/","url":"https:\/\/joyasyasmin.com\/wp-content\/uploads\/2017\/06\/IMG-20200429-WA0051.jpg","contentUrl":"https:\/\/joyasyasmin.com\/wp-content\/uploads\/2017\/06\/IMG-20200429-WA0051.jpg","width":1080,"height":545,"caption":"joyas yasmin"},"image":{"@id":"https:\/\/joyasyasmin.com\/de\/#\/schema\/logo\/image\/"},"sameAs":["https:\/\/www.facebook.com\/Joyas-Yasmin-217664058934169\/","https:\/\/www.instagram.com\/invites\/contact\/"]}]}},"_links":{"self":[{"href":"https:\/\/joyasyasmin.com\/de\/wp-json\/wp\/v2\/product\/23596","targetHints":{"allow":["GET"]}}],"collection":[{"href":"https:\/\/joyasyasmin.com\/de\/wp-json\/wp\/v2\/product"}],"about":[{"href":"https:\/\/joyasyasmin.com\/de\/wp-json\/wp\/v2\/types\/product"}],"replies":[{"embeddable":true,"href":"https:\/\/joyasyasmin.com\/de\/wp-json\/wp\/v2\/comments?post=23596"}],"version-history":[{"count":1,"href":"https:\/\/joyasyasmin.com\/de\/wp-json\/wp\/v2\/product\/23596\/revisions"}],"predecessor-version":[{"id":37913,"href":"https:\/\/joyasyasmin.com\/de\/wp-json\/wp\/v2\/product\/23596\/revisions\/37913"}],"wp:featuredmedia":[{"embeddable":true,"href":"https:\/\/joyasyasmin.com\/de\/wp-json\/wp\/v2\/media\/23604"}],"wp:attachment":[{"href":"https:\/\/joyasyasmin.com\/de\/wp-json\/wp\/v2\/media?parent=23596"}],"wp:term":[{"taxonomy":"product_brand","embeddable":true,"href":"https:\/\/joyasyasmin.com\/de\/wp-json\/wp\/v2\/product_brand?post=23596"},{"taxonomy":"product_cat","embeddable":true,"href":"https:\/\/joyasyasmin.com\/de\/wp-json\/wp\/v2\/product_cat?post=23596"},{"taxonomy":"product_tag","embeddable":true,"href":"https:\/\/joyasyasmin.com\/de\/wp-json\/wp\/v2\/product_tag?post=23596"}],"curies":[{"name":"wp","href":"https:\/\/api.w.org\/{rel}","templated":true}]}}