{"id":23651,"date":"2023-03-24T22:31:19","date_gmt":"2023-03-24T22:31:19","guid":{"rendered":"https:\/\/joyasyasmin.com\/producto\/skapulier-medaille\/"},"modified":"2025-11-10T11:45:21","modified_gmt":"2025-11-10T11:45:21","slug":"skapulier-medaille","status":"publish","type":"product","link":"https:\/\/joyasyasmin.com\/de\/producto\/skapulier-medaille\/","title":{"rendered":"Skapulier-Medaille"},"content":{"rendered":"","protected":false},"excerpt":{"rendered":"<p>Die Skapuliermedaille ist ein Anh\u00e4nger aus 925er Sterlingsilber, der auf der einen Seite doppelseitig ist und das Bild der Jungfrau von Carmen und auf der anderen Seite das Herz Jesu zeigt, seine Gr\u00f6\u00dfe von 20 mm ist ideal, da es sich nicht um eine gro\u00dfe oder kleine Medaille handelt, Sie k\u00f6nnen ihn allein oder mit einer 45 cm langen Rolo-Design-Kette w\u00e4hlen.<\/p>\n","protected":false},"featured_media":23654,"comment_status":"open","ping_status":"closed","template":"","meta":{"_acf_changed":false,"_joinchat":[]},"product_brand":[],"product_cat":[1874],"product_tag":[2958,2957,2956],"class_list":{"0":"post-23651","1":"product","2":"type-product","3":"status-publish","4":"has-post-thumbnail","6":"product_cat-anhanger","7":"product_tag-herz-jesu-anhanger","8":"product_tag-medaille-der-virgen-del-carmen","9":"product_tag-skapulier-medaille","11":"first","12":"instock","13":"shipping-taxable","14":"purchasable","15":"product-type-variable"},"acf":[],"yoast_head":"<!-- This site is optimized with the Yoast SEO plugin v27.2 - https:\/\/yoast.com\/product\/yoast-seo-wordpress\/ -->\n<title>Skapulier-Medaille - Yasmin<\/title>\n<meta name=\"description\" content=\"Die Skapuliermedaille ist ein doppelseitiger Anh\u00e4nger, der auf der einen Seite die Jungfrau von Carmen und auf der anderen Seite das Herz Jesu aus Sterlingsilber tr\u00e4gt.\" \/>\n<meta name=\"robots\" content=\"index, follow, max-snippet:-1, max-image-preview:large, max-video-preview:-1\" \/>\n<link rel=\"canonical\" href=\"https:\/\/joyasyasmin.com\/de\/producto\/skapulier-medaille\/\" \/>\n<meta property=\"og:locale\" content=\"de_DE\" \/>\n<meta property=\"og:title\" content=\"Skapulier-Medaille - Yasmin\" \/>\n<meta property=\"og:description\" content=\"Die Skapuliermedaille ist ein doppelseitiger Anh\u00e4nger, der auf der einen Seite die Jungfrau von Carmen und auf der anderen Seite das Herz Jesu aus Sterlingsilber tr\u00e4gt.\" \/>\n<meta property=\"og:url\" content=\"https:\/\/joyasyasmin.com\/de\/producto\/skapulier-medaille\/\" \/>\n<meta property=\"og:site_name\" content=\"Yasmin\" \/>\n<meta property=\"article:publisher\" content=\"https:\/\/www.facebook.com\/Joyas-Yasmin-217664058934169\/\" \/>\n<meta property=\"article:modified_time\" content=\"2025-11-10T11:45:21+00:00\" \/>\n<meta property=\"og:image\" content=\"https:\/\/joyasyasmin.com\/wp-content\/uploads\/2023\/03\/escapulario-plata.jpg\" \/>\n\t<meta property=\"og:image:width\" content=\"977\" \/>\n\t<meta property=\"og:image:height\" content=\"977\" \/>\n\t<meta property=\"og:image:type\" content=\"image\/jpeg\" \/>\n<meta name=\"twitter:card\" content=\"summary_large_image\" \/>\n<script type=\"application\/ld+json\" class=\"yoast-schema-graph\">{\"@context\":\"https:\/\/schema.org\",\"@graph\":[{\"@type\":[\"WebPage\",\"ItemPage\"],\"@id\":\"https:\/\/joyasyasmin.com\/de\/producto\/skapulier-medaille\/\",\"url\":\"https:\/\/joyasyasmin.com\/de\/producto\/skapulier-medaille\/\",\"name\":\"Skapulier-Medaille - Yasmin\",\"isPartOf\":{\"@id\":\"https:\/\/joyasyasmin.com\/de\/#website\"},\"primaryImageOfPage\":{\"@id\":\"https:\/\/joyasyasmin.com\/de\/producto\/skapulier-medaille\/#primaryimage\"},\"image\":{\"@id\":\"https:\/\/joyasyasmin.com\/de\/producto\/skapulier-medaille\/#primaryimage\"},\"thumbnailUrl\":\"https:\/\/joyasyasmin.com\/wp-content\/uploads\/2023\/03\/escapulario-plata.jpg\",\"datePublished\":\"2023-03-24T22:31:19+00:00\",\"dateModified\":\"2025-11-10T11:45:21+00:00\",\"description\":\"Die Skapuliermedaille ist ein doppelseitiger Anh\u00e4nger, der auf der einen Seite die Jungfrau von Carmen und auf der anderen Seite das Herz Jesu aus Sterlingsilber tr\u00e4gt.\",\"breadcrumb\":{\"@id\":\"https:\/\/joyasyasmin.com\/de\/producto\/skapulier-medaille\/#breadcrumb\"},\"inLanguage\":\"de\",\"potentialAction\":[{\"@type\":\"ReadAction\",\"target\":[\"https:\/\/joyasyasmin.com\/de\/producto\/skapulier-medaille\/\"]}]},{\"@type\":\"ImageObject\",\"inLanguage\":\"de\",\"@id\":\"https:\/\/joyasyasmin.com\/de\/producto\/skapulier-medaille\/#primaryimage\",\"url\":\"https:\/\/joyasyasmin.com\/wp-content\/uploads\/2023\/03\/escapulario-plata.jpg\",\"contentUrl\":\"https:\/\/joyasyasmin.com\/wp-content\/uploads\/2023\/03\/escapulario-plata.jpg\",\"width\":977,\"height\":977,\"caption\":\"925 Sterling Silber Skapulier zu verkaufen, seine Gr\u00f6\u00dfe 2cm\"},{\"@type\":\"BreadcrumbList\",\"@id\":\"https:\/\/joyasyasmin.com\/de\/producto\/skapulier-medaille\/#breadcrumb\",\"itemListElement\":[{\"@type\":\"ListItem\",\"position\":1,\"name\":\"Portada\",\"item\":\"https:\/\/joyasyasmin.com\/de\/heim\/\"},{\"@type\":\"ListItem\",\"position\":2,\"name\":\"Shop\",\"item\":\"https:\/\/joyasyasmin.com\/de\/shop\/\"},{\"@type\":\"ListItem\",\"position\":3,\"name\":\"Skapulier-Medaille\"}]},{\"@type\":\"WebSite\",\"@id\":\"https:\/\/joyasyasmin.com\/de\/#website\",\"url\":\"https:\/\/joyasyasmin.com\/de\/\",\"name\":\"Yasmin\",\"description\":\"Joyer\u00eda de Plata 925 - Pendientes, pulseras, anillos, colgantes y m\u00e1s!\",\"publisher\":{\"@id\":\"https:\/\/joyasyasmin.com\/de\/#organization\"},\"potentialAction\":[{\"@type\":\"SearchAction\",\"target\":{\"@type\":\"EntryPoint\",\"urlTemplate\":\"https:\/\/joyasyasmin.com\/de\/?s={search_term_string}\"},\"query-input\":{\"@type\":\"PropertyValueSpecification\",\"valueRequired\":true,\"valueName\":\"search_term_string\"}}],\"inLanguage\":\"de\"},{\"@type\":\"Organization\",\"@id\":\"https:\/\/joyasyasmin.com\/de\/#organization\",\"name\":\"joyas yasmin\",\"url\":\"https:\/\/joyasyasmin.com\/de\/\",\"logo\":{\"@type\":\"ImageObject\",\"inLanguage\":\"de\",\"@id\":\"https:\/\/joyasyasmin.com\/de\/#\/schema\/logo\/image\/\",\"url\":\"https:\/\/joyasyasmin.com\/wp-content\/uploads\/2017\/06\/IMG-20200429-WA0051.jpg\",\"contentUrl\":\"https:\/\/joyasyasmin.com\/wp-content\/uploads\/2017\/06\/IMG-20200429-WA0051.jpg\",\"width\":1080,\"height\":545,\"caption\":\"joyas yasmin\"},\"image\":{\"@id\":\"https:\/\/joyasyasmin.com\/de\/#\/schema\/logo\/image\/\"},\"sameAs\":[\"https:\/\/www.facebook.com\/Joyas-Yasmin-217664058934169\/\",\"https:\/\/www.instagram.com\/invites\/contact\/\"]}]}<\/script>\n<!-- \/ Yoast SEO plugin. -->","yoast_head_json":{"title":"Skapulier-Medaille - Yasmin","description":"Die Skapuliermedaille ist ein doppelseitiger Anh\u00e4nger, der auf der einen Seite die Jungfrau von Carmen und auf der anderen Seite das Herz Jesu aus Sterlingsilber tr\u00e4gt.","robots":{"index":"index","follow":"follow","max-snippet":"max-snippet:-1","max-image-preview":"max-image-preview:large","max-video-preview":"max-video-preview:-1"},"canonical":"https:\/\/joyasyasmin.com\/de\/producto\/skapulier-medaille\/","og_locale":"de_DE","og_title":"Skapulier-Medaille - Yasmin","og_description":"Die Skapuliermedaille ist ein doppelseitiger Anh\u00e4nger, der auf der einen Seite die Jungfrau von Carmen und auf der anderen Seite das Herz Jesu aus Sterlingsilber tr\u00e4gt.","og_url":"https:\/\/joyasyasmin.com\/de\/producto\/skapulier-medaille\/","og_site_name":"Yasmin","article_publisher":"https:\/\/www.facebook.com\/Joyas-Yasmin-217664058934169\/","article_modified_time":"2025-11-10T11:45:21+00:00","og_image":[{"width":977,"height":977,"url":"https:\/\/joyasyasmin.com\/wp-content\/uploads\/2023\/03\/escapulario-plata.jpg","type":"image\/jpeg"}],"twitter_card":"summary_large_image","schema":{"@context":"https:\/\/schema.org","@graph":[{"@type":["WebPage","ItemPage"],"@id":"https:\/\/joyasyasmin.com\/de\/producto\/skapulier-medaille\/","url":"https:\/\/joyasyasmin.com\/de\/producto\/skapulier-medaille\/","name":"Skapulier-Medaille - Yasmin","isPartOf":{"@id":"https:\/\/joyasyasmin.com\/de\/#website"},"primaryImageOfPage":{"@id":"https:\/\/joyasyasmin.com\/de\/producto\/skapulier-medaille\/#primaryimage"},"image":{"@id":"https:\/\/joyasyasmin.com\/de\/producto\/skapulier-medaille\/#primaryimage"},"thumbnailUrl":"https:\/\/joyasyasmin.com\/wp-content\/uploads\/2023\/03\/escapulario-plata.jpg","datePublished":"2023-03-24T22:31:19+00:00","dateModified":"2025-11-10T11:45:21+00:00","description":"Die Skapuliermedaille ist ein doppelseitiger Anh\u00e4nger, der auf der einen Seite die Jungfrau von Carmen und auf der anderen Seite das Herz Jesu aus Sterlingsilber tr\u00e4gt.","breadcrumb":{"@id":"https:\/\/joyasyasmin.com\/de\/producto\/skapulier-medaille\/#breadcrumb"},"inLanguage":"de","potentialAction":[{"@type":"ReadAction","target":["https:\/\/joyasyasmin.com\/de\/producto\/skapulier-medaille\/"]}]},{"@type":"ImageObject","inLanguage":"de","@id":"https:\/\/joyasyasmin.com\/de\/producto\/skapulier-medaille\/#primaryimage","url":"https:\/\/joyasyasmin.com\/wp-content\/uploads\/2023\/03\/escapulario-plata.jpg","contentUrl":"https:\/\/joyasyasmin.com\/wp-content\/uploads\/2023\/03\/escapulario-plata.jpg","width":977,"height":977,"caption":"925 Sterling Silber Skapulier zu verkaufen, seine Gr\u00f6\u00dfe 2cm"},{"@type":"BreadcrumbList","@id":"https:\/\/joyasyasmin.com\/de\/producto\/skapulier-medaille\/#breadcrumb","itemListElement":[{"@type":"ListItem","position":1,"name":"Portada","item":"https:\/\/joyasyasmin.com\/de\/heim\/"},{"@type":"ListItem","position":2,"name":"Shop","item":"https:\/\/joyasyasmin.com\/de\/shop\/"},{"@type":"ListItem","position":3,"name":"Skapulier-Medaille"}]},{"@type":"WebSite","@id":"https:\/\/joyasyasmin.com\/de\/#website","url":"https:\/\/joyasyasmin.com\/de\/","name":"Yasmin","description":"Joyer\u00eda de Plata 925 - Pendientes, pulseras, anillos, colgantes y m\u00e1s!","publisher":{"@id":"https:\/\/joyasyasmin.com\/de\/#organization"},"potentialAction":[{"@type":"SearchAction","target":{"@type":"EntryPoint","urlTemplate":"https:\/\/joyasyasmin.com\/de\/?s={search_term_string}"},"query-input":{"@type":"PropertyValueSpecification","valueRequired":true,"valueName":"search_term_string"}}],"inLanguage":"de"},{"@type":"Organization","@id":"https:\/\/joyasyasmin.com\/de\/#organization","name":"joyas yasmin","url":"https:\/\/joyasyasmin.com\/de\/","logo":{"@type":"ImageObject","inLanguage":"de","@id":"https:\/\/joyasyasmin.com\/de\/#\/schema\/logo\/image\/","url":"https:\/\/joyasyasmin.com\/wp-content\/uploads\/2017\/06\/IMG-20200429-WA0051.jpg","contentUrl":"https:\/\/joyasyasmin.com\/wp-content\/uploads\/2017\/06\/IMG-20200429-WA0051.jpg","width":1080,"height":545,"caption":"joyas yasmin"},"image":{"@id":"https:\/\/joyasyasmin.com\/de\/#\/schema\/logo\/image\/"},"sameAs":["https:\/\/www.facebook.com\/Joyas-Yasmin-217664058934169\/","https:\/\/www.instagram.com\/invites\/contact\/"]}]}},"_links":{"self":[{"href":"https:\/\/joyasyasmin.com\/de\/wp-json\/wp\/v2\/product\/23651","targetHints":{"allow":["GET"]}}],"collection":[{"href":"https:\/\/joyasyasmin.com\/de\/wp-json\/wp\/v2\/product"}],"about":[{"href":"https:\/\/joyasyasmin.com\/de\/wp-json\/wp\/v2\/types\/product"}],"replies":[{"embeddable":true,"href":"https:\/\/joyasyasmin.com\/de\/wp-json\/wp\/v2\/comments?post=23651"}],"version-history":[{"count":1,"href":"https:\/\/joyasyasmin.com\/de\/wp-json\/wp\/v2\/product\/23651\/revisions"}],"predecessor-version":[{"id":35958,"href":"https:\/\/joyasyasmin.com\/de\/wp-json\/wp\/v2\/product\/23651\/revisions\/35958"}],"wp:featuredmedia":[{"embeddable":true,"href":"https:\/\/joyasyasmin.com\/de\/wp-json\/wp\/v2\/media\/23654"}],"wp:attachment":[{"href":"https:\/\/joyasyasmin.com\/de\/wp-json\/wp\/v2\/media?parent=23651"}],"wp:term":[{"taxonomy":"product_brand","embeddable":true,"href":"https:\/\/joyasyasmin.com\/de\/wp-json\/wp\/v2\/product_brand?post=23651"},{"taxonomy":"product_cat","embeddable":true,"href":"https:\/\/joyasyasmin.com\/de\/wp-json\/wp\/v2\/product_cat?post=23651"},{"taxonomy":"product_tag","embeddable":true,"href":"https:\/\/joyasyasmin.com\/de\/wp-json\/wp\/v2\/product_tag?post=23651"}],"curies":[{"name":"wp","href":"https:\/\/api.w.org\/{rel}","templated":true}]}}