{"id":23703,"date":"2023-03-31T14:16:08","date_gmt":"2023-03-31T14:16:08","guid":{"rendered":"https:\/\/joyasyasmin.com\/producto\/ozean-armband\/"},"modified":"2023-03-31T14:16:08","modified_gmt":"2023-03-31T14:16:08","slug":"ozean-armband","status":"publish","type":"product","link":"https:\/\/joyasyasmin.com\/de\/producto\/ozean-armband\/","title":{"rendered":"Ozean Armband"},"content":{"rendered":"","protected":false},"excerpt":{"rendered":"<p>Oceanic Bracelet ist ein Schmuckst\u00fcck aus 925er Sterlingsilber, dessen Design in seiner dunklen Farbe von balinesischem Schmuck inspiriert ist und t\u00fcrkisfarbene Steine kombiniert, mit Silberkugeln in verschiedenen Gr\u00f6\u00dfen und in der Mitte eine silberne Schale, seine L\u00e4nge von 16 + 3 cm, damit Sie es in die gew\u00fcnschte Gr\u00f6\u00dfe stecken k\u00f6nnen, dies ist handgefertigt und gibt keine Allergien,  In der Box, in der unsere Produkte landen, bestehen sie aus recyceltem Material.<\/p>\n","protected":false},"featured_media":23706,"comment_status":"open","ping_status":"closed","template":"","meta":{"_acf_changed":false,"_joinchat":[]},"product_brand":[],"product_cat":[1787],"product_tag":[2988,2987,2170],"class_list":{"0":"post-23703","1":"product","2":"type-product","3":"status-publish","4":"has-post-thumbnail","6":"product_cat-armbander","7":"product_tag-armband-mit-silbernen-steinen-und-muscheln","8":"product_tag-ozean-armband","9":"product_tag-was-ist-neu-in-2023","11":"first","12":"instock","13":"shipping-taxable","14":"purchasable","15":"product-type-simple"},"acf":[],"yoast_head":"<!-- This site is optimized with the Yoast SEO plugin v27.2 - https:\/\/yoast.com\/product\/yoast-seo-wordpress\/ -->\n<title>Ozean Armband - Yasmin<\/title>\n<meta name=\"description\" content=\"Oceanic Bracelet ist ein handgefertigtes Schmuckst\u00fcck aus 925er Sterlingsilber mit T\u00fcrkissteinen, das Silberkugeln in verschiedenen Gr\u00f6\u00dfen kombiniert. Sie werden es lieben!\" \/>\n<meta name=\"robots\" content=\"index, follow, max-snippet:-1, max-image-preview:large, max-video-preview:-1\" \/>\n<link rel=\"canonical\" href=\"https:\/\/joyasyasmin.com\/de\/producto\/ozean-armband\/\" \/>\n<meta property=\"og:locale\" content=\"de_DE\" \/>\n<meta property=\"og:title\" content=\"Ozean Armband - Yasmin\" \/>\n<meta property=\"og:description\" content=\"Oceanic Bracelet ist ein handgefertigtes Schmuckst\u00fcck aus 925er Sterlingsilber mit T\u00fcrkissteinen, das Silberkugeln in verschiedenen Gr\u00f6\u00dfen kombiniert. Sie werden es lieben!\" \/>\n<meta property=\"og:url\" content=\"https:\/\/joyasyasmin.com\/de\/producto\/ozean-armband\/\" \/>\n<meta property=\"og:site_name\" content=\"Yasmin\" \/>\n<meta property=\"article:publisher\" content=\"https:\/\/www.facebook.com\/Joyas-Yasmin-217664058934169\/\" \/>\n<meta property=\"og:image\" content=\"https:\/\/joyasyasmin.com\/wp-content\/uploads\/2023\/03\/turquesa-y-concha.jpg\" \/>\n\t<meta property=\"og:image:width\" content=\"1000\" \/>\n\t<meta property=\"og:image:height\" content=\"1000\" \/>\n\t<meta property=\"og:image:type\" content=\"image\/jpeg\" \/>\n<meta name=\"twitter:card\" content=\"summary_large_image\" \/>\n<script type=\"application\/ld+json\" class=\"yoast-schema-graph\">{\"@context\":\"https:\/\/schema.org\",\"@graph\":[{\"@type\":[\"WebPage\",\"ItemPage\"],\"@id\":\"https:\/\/joyasyasmin.com\/de\/producto\/ozean-armband\/\",\"url\":\"https:\/\/joyasyasmin.com\/de\/producto\/ozean-armband\/\",\"name\":\"Ozean Armband - Yasmin\",\"isPartOf\":{\"@id\":\"https:\/\/joyasyasmin.com\/de\/#website\"},\"primaryImageOfPage\":{\"@id\":\"https:\/\/joyasyasmin.com\/de\/producto\/ozean-armband\/#primaryimage\"},\"image\":{\"@id\":\"https:\/\/joyasyasmin.com\/de\/producto\/ozean-armband\/#primaryimage\"},\"thumbnailUrl\":\"https:\/\/joyasyasmin.com\/wp-content\/uploads\/2023\/03\/turquesa-y-concha.jpg\",\"datePublished\":\"2023-03-31T14:16:08+00:00\",\"description\":\"Oceanic Bracelet ist ein handgefertigtes Schmuckst\u00fcck aus 925er Sterlingsilber mit T\u00fcrkissteinen, das Silberkugeln in verschiedenen Gr\u00f6\u00dfen kombiniert. Sie werden es lieben!\",\"breadcrumb\":{\"@id\":\"https:\/\/joyasyasmin.com\/de\/producto\/ozean-armband\/#breadcrumb\"},\"inLanguage\":\"de\",\"potentialAction\":[{\"@type\":\"ReadAction\",\"target\":[\"https:\/\/joyasyasmin.com\/de\/producto\/ozean-armband\/\"]}]},{\"@type\":\"ImageObject\",\"inLanguage\":\"de\",\"@id\":\"https:\/\/joyasyasmin.com\/de\/producto\/ozean-armband\/#primaryimage\",\"url\":\"https:\/\/joyasyasmin.com\/wp-content\/uploads\/2023\/03\/turquesa-y-concha.jpg\",\"contentUrl\":\"https:\/\/joyasyasmin.com\/wp-content\/uploads\/2023\/03\/turquesa-y-concha.jpg\",\"width\":1000,\"height\":1000},{\"@type\":\"BreadcrumbList\",\"@id\":\"https:\/\/joyasyasmin.com\/de\/producto\/ozean-armband\/#breadcrumb\",\"itemListElement\":[{\"@type\":\"ListItem\",\"position\":1,\"name\":\"Portada\",\"item\":\"https:\/\/joyasyasmin.com\/de\/heim\/\"},{\"@type\":\"ListItem\",\"position\":2,\"name\":\"Shop\",\"item\":\"https:\/\/joyasyasmin.com\/de\/shop\/\"},{\"@type\":\"ListItem\",\"position\":3,\"name\":\"Ozean Armband\"}]},{\"@type\":\"WebSite\",\"@id\":\"https:\/\/joyasyasmin.com\/de\/#website\",\"url\":\"https:\/\/joyasyasmin.com\/de\/\",\"name\":\"Yasmin\",\"description\":\"Joyer\u00eda de Plata 925 - Pendientes, pulseras, anillos, colgantes y m\u00e1s!\",\"publisher\":{\"@id\":\"https:\/\/joyasyasmin.com\/de\/#organization\"},\"potentialAction\":[{\"@type\":\"SearchAction\",\"target\":{\"@type\":\"EntryPoint\",\"urlTemplate\":\"https:\/\/joyasyasmin.com\/de\/?s={search_term_string}\"},\"query-input\":{\"@type\":\"PropertyValueSpecification\",\"valueRequired\":true,\"valueName\":\"search_term_string\"}}],\"inLanguage\":\"de\"},{\"@type\":\"Organization\",\"@id\":\"https:\/\/joyasyasmin.com\/de\/#organization\",\"name\":\"joyas yasmin\",\"url\":\"https:\/\/joyasyasmin.com\/de\/\",\"logo\":{\"@type\":\"ImageObject\",\"inLanguage\":\"de\",\"@id\":\"https:\/\/joyasyasmin.com\/de\/#\/schema\/logo\/image\/\",\"url\":\"https:\/\/joyasyasmin.com\/wp-content\/uploads\/2017\/06\/IMG-20200429-WA0051.jpg\",\"contentUrl\":\"https:\/\/joyasyasmin.com\/wp-content\/uploads\/2017\/06\/IMG-20200429-WA0051.jpg\",\"width\":1080,\"height\":545,\"caption\":\"joyas yasmin\"},\"image\":{\"@id\":\"https:\/\/joyasyasmin.com\/de\/#\/schema\/logo\/image\/\"},\"sameAs\":[\"https:\/\/www.facebook.com\/Joyas-Yasmin-217664058934169\/\",\"https:\/\/www.instagram.com\/invites\/contact\/\"]}]}<\/script>\n<!-- \/ Yoast SEO plugin. -->","yoast_head_json":{"title":"Ozean Armband - Yasmin","description":"Oceanic Bracelet ist ein handgefertigtes Schmuckst\u00fcck aus 925er Sterlingsilber mit T\u00fcrkissteinen, das Silberkugeln in verschiedenen Gr\u00f6\u00dfen kombiniert. Sie werden es lieben!","robots":{"index":"index","follow":"follow","max-snippet":"max-snippet:-1","max-image-preview":"max-image-preview:large","max-video-preview":"max-video-preview:-1"},"canonical":"https:\/\/joyasyasmin.com\/de\/producto\/ozean-armband\/","og_locale":"de_DE","og_title":"Ozean Armband - Yasmin","og_description":"Oceanic Bracelet ist ein handgefertigtes Schmuckst\u00fcck aus 925er Sterlingsilber mit T\u00fcrkissteinen, das Silberkugeln in verschiedenen Gr\u00f6\u00dfen kombiniert. Sie werden es lieben!","og_url":"https:\/\/joyasyasmin.com\/de\/producto\/ozean-armband\/","og_site_name":"Yasmin","article_publisher":"https:\/\/www.facebook.com\/Joyas-Yasmin-217664058934169\/","og_image":[{"width":1000,"height":1000,"url":"https:\/\/joyasyasmin.com\/wp-content\/uploads\/2023\/03\/turquesa-y-concha.jpg","type":"image\/jpeg"}],"twitter_card":"summary_large_image","schema":{"@context":"https:\/\/schema.org","@graph":[{"@type":["WebPage","ItemPage"],"@id":"https:\/\/joyasyasmin.com\/de\/producto\/ozean-armband\/","url":"https:\/\/joyasyasmin.com\/de\/producto\/ozean-armband\/","name":"Ozean Armband - Yasmin","isPartOf":{"@id":"https:\/\/joyasyasmin.com\/de\/#website"},"primaryImageOfPage":{"@id":"https:\/\/joyasyasmin.com\/de\/producto\/ozean-armband\/#primaryimage"},"image":{"@id":"https:\/\/joyasyasmin.com\/de\/producto\/ozean-armband\/#primaryimage"},"thumbnailUrl":"https:\/\/joyasyasmin.com\/wp-content\/uploads\/2023\/03\/turquesa-y-concha.jpg","datePublished":"2023-03-31T14:16:08+00:00","description":"Oceanic Bracelet ist ein handgefertigtes Schmuckst\u00fcck aus 925er Sterlingsilber mit T\u00fcrkissteinen, das Silberkugeln in verschiedenen Gr\u00f6\u00dfen kombiniert. Sie werden es lieben!","breadcrumb":{"@id":"https:\/\/joyasyasmin.com\/de\/producto\/ozean-armband\/#breadcrumb"},"inLanguage":"de","potentialAction":[{"@type":"ReadAction","target":["https:\/\/joyasyasmin.com\/de\/producto\/ozean-armband\/"]}]},{"@type":"ImageObject","inLanguage":"de","@id":"https:\/\/joyasyasmin.com\/de\/producto\/ozean-armband\/#primaryimage","url":"https:\/\/joyasyasmin.com\/wp-content\/uploads\/2023\/03\/turquesa-y-concha.jpg","contentUrl":"https:\/\/joyasyasmin.com\/wp-content\/uploads\/2023\/03\/turquesa-y-concha.jpg","width":1000,"height":1000},{"@type":"BreadcrumbList","@id":"https:\/\/joyasyasmin.com\/de\/producto\/ozean-armband\/#breadcrumb","itemListElement":[{"@type":"ListItem","position":1,"name":"Portada","item":"https:\/\/joyasyasmin.com\/de\/heim\/"},{"@type":"ListItem","position":2,"name":"Shop","item":"https:\/\/joyasyasmin.com\/de\/shop\/"},{"@type":"ListItem","position":3,"name":"Ozean Armband"}]},{"@type":"WebSite","@id":"https:\/\/joyasyasmin.com\/de\/#website","url":"https:\/\/joyasyasmin.com\/de\/","name":"Yasmin","description":"Joyer\u00eda de Plata 925 - Pendientes, pulseras, anillos, colgantes y m\u00e1s!","publisher":{"@id":"https:\/\/joyasyasmin.com\/de\/#organization"},"potentialAction":[{"@type":"SearchAction","target":{"@type":"EntryPoint","urlTemplate":"https:\/\/joyasyasmin.com\/de\/?s={search_term_string}"},"query-input":{"@type":"PropertyValueSpecification","valueRequired":true,"valueName":"search_term_string"}}],"inLanguage":"de"},{"@type":"Organization","@id":"https:\/\/joyasyasmin.com\/de\/#organization","name":"joyas yasmin","url":"https:\/\/joyasyasmin.com\/de\/","logo":{"@type":"ImageObject","inLanguage":"de","@id":"https:\/\/joyasyasmin.com\/de\/#\/schema\/logo\/image\/","url":"https:\/\/joyasyasmin.com\/wp-content\/uploads\/2017\/06\/IMG-20200429-WA0051.jpg","contentUrl":"https:\/\/joyasyasmin.com\/wp-content\/uploads\/2017\/06\/IMG-20200429-WA0051.jpg","width":1080,"height":545,"caption":"joyas yasmin"},"image":{"@id":"https:\/\/joyasyasmin.com\/de\/#\/schema\/logo\/image\/"},"sameAs":["https:\/\/www.facebook.com\/Joyas-Yasmin-217664058934169\/","https:\/\/www.instagram.com\/invites\/contact\/"]}]}},"_links":{"self":[{"href":"https:\/\/joyasyasmin.com\/de\/wp-json\/wp\/v2\/product\/23703","targetHints":{"allow":["GET"]}}],"collection":[{"href":"https:\/\/joyasyasmin.com\/de\/wp-json\/wp\/v2\/product"}],"about":[{"href":"https:\/\/joyasyasmin.com\/de\/wp-json\/wp\/v2\/types\/product"}],"replies":[{"embeddable":true,"href":"https:\/\/joyasyasmin.com\/de\/wp-json\/wp\/v2\/comments?post=23703"}],"version-history":[{"count":0,"href":"https:\/\/joyasyasmin.com\/de\/wp-json\/wp\/v2\/product\/23703\/revisions"}],"wp:featuredmedia":[{"embeddable":true,"href":"https:\/\/joyasyasmin.com\/de\/wp-json\/wp\/v2\/media\/23706"}],"wp:attachment":[{"href":"https:\/\/joyasyasmin.com\/de\/wp-json\/wp\/v2\/media?parent=23703"}],"wp:term":[{"taxonomy":"product_brand","embeddable":true,"href":"https:\/\/joyasyasmin.com\/de\/wp-json\/wp\/v2\/product_brand?post=23703"},{"taxonomy":"product_cat","embeddable":true,"href":"https:\/\/joyasyasmin.com\/de\/wp-json\/wp\/v2\/product_cat?post=23703"},{"taxonomy":"product_tag","embeddable":true,"href":"https:\/\/joyasyasmin.com\/de\/wp-json\/wp\/v2\/product_tag?post=23703"}],"curies":[{"name":"wp","href":"https:\/\/api.w.org\/{rel}","templated":true}]}}