{"id":23894,"date":"2023-04-06T20:55:43","date_gmt":"2023-04-06T20:55:43","guid":{"rendered":"https:\/\/joyasyasmin.com\/producto\/haiti-long-slope\/"},"modified":"2025-11-10T11:46:02","modified_gmt":"2025-11-10T11:46:02","slug":"haiti-long-slope","status":"publish","type":"product","link":"https:\/\/joyasyasmin.com\/de\/producto\/haiti-long-slope\/","title":{"rendered":"Haiti Long Slope"},"content":{"rendered":"","protected":false},"excerpt":{"rendered":"<p>Der lange Ohrring Haiti ist ein Schmuckst\u00fcck aus 925er Sterlingsilber, sein Design, das l\u00e4ngliche und glatte runde Glieder kombiniert, die in der Mitte mit Zirkonia-Gliedern verbunden sind, sein Schnappmutterverschluss und seine L\u00e4nge von 3,5 cm, dieses Accessoire mit so sorgf\u00e4ltigen Details ist ideal f\u00fcr diesen ganz besonderen Moment oder f\u00fcr Ihren Alltag,  Unser Schmuck l\u00f6st keine Allergien aus und die Schachtel, in der unser Schmuck aufbewahrt wird, besteht aus recyceltem Material.<\/p>\n","protected":false},"featured_media":23898,"comment_status":"open","ping_status":"closed","template":"","meta":{"_acf_changed":false,"_joinchat":[]},"product_brand":[],"product_cat":[1770],"product_tag":[2889,3093,2152,2170],"class_list":{"0":"post-23894","1":"product","2":"type-product","3":"status-publish","4":"has-post-thumbnail","6":"product_cat-ohrringe-und-ohrringe","7":"product_tag-braut-ohrring","8":"product_tag-haiti-long-slope","9":"product_tag-langer-silberner-ohrring","10":"product_tag-was-ist-neu-in-2023","12":"first","13":"instock","14":"shipping-taxable","15":"purchasable","16":"product-type-simple"},"acf":[],"yoast_head":"<!-- This site is optimized with the Yoast SEO plugin v27.3 - https:\/\/yoast.com\/product\/yoast-seo-wordpress\/ -->\n<title>Haiti Long Slope - Yasmin<\/title>\n<meta name=\"description\" content=\"Der lange Haiti-Ohrring ist ein Schmuckst\u00fcck aus 925er Sterlingsilber, das glattes Silber mit Zirkonen kombiniert, die Ihren Looks Eleganz und Stil verleihen. Kostenloser Versand.\" \/>\n<meta name=\"robots\" content=\"index, follow, max-snippet:-1, max-image-preview:large, max-video-preview:-1\" \/>\n<link rel=\"canonical\" href=\"https:\/\/joyasyasmin.com\/de\/producto\/haiti-long-slope\/\" \/>\n<meta property=\"og:locale\" content=\"de_DE\" \/>\n<meta property=\"og:title\" content=\"Haiti Long Slope - Yasmin\" \/>\n<meta property=\"og:description\" content=\"Der lange Haiti-Ohrring ist ein Schmuckst\u00fcck aus 925er Sterlingsilber, das glattes Silber mit Zirkonen kombiniert, die Ihren Looks Eleganz und Stil verleihen. Kostenloser Versand.\" \/>\n<meta property=\"og:url\" content=\"https:\/\/joyasyasmin.com\/de\/producto\/haiti-long-slope\/\" \/>\n<meta property=\"og:site_name\" content=\"Yasmin\" \/>\n<meta property=\"article:publisher\" content=\"https:\/\/www.facebook.com\/Joyas-Yasmin-217664058934169\/\" \/>\n<meta property=\"article:modified_time\" content=\"2025-11-10T11:46:02+00:00\" \/>\n<meta property=\"og:image\" content=\"https:\/\/joyasyasmin.com\/wp-content\/uploads\/2023\/04\/pendiente-ahiti-largo.jpg\" \/>\n\t<meta property=\"og:image:width\" content=\"1000\" \/>\n\t<meta property=\"og:image:height\" content=\"1000\" \/>\n\t<meta property=\"og:image:type\" content=\"image\/jpeg\" \/>\n<meta name=\"twitter:card\" content=\"summary_large_image\" \/>\n<script type=\"application\/ld+json\" class=\"yoast-schema-graph\">{\"@context\":\"https:\\\/\\\/schema.org\",\"@graph\":[{\"@type\":[\"WebPage\",\"ItemPage\"],\"@id\":\"https:\\\/\\\/joyasyasmin.com\\\/de\\\/producto\\\/haiti-long-slope\\\/\",\"url\":\"https:\\\/\\\/joyasyasmin.com\\\/de\\\/producto\\\/haiti-long-slope\\\/\",\"name\":\"Haiti Long Slope - Yasmin\",\"isPartOf\":{\"@id\":\"https:\\\/\\\/joyasyasmin.com\\\/de\\\/#website\"},\"primaryImageOfPage\":{\"@id\":\"https:\\\/\\\/joyasyasmin.com\\\/de\\\/producto\\\/haiti-long-slope\\\/#primaryimage\"},\"image\":{\"@id\":\"https:\\\/\\\/joyasyasmin.com\\\/de\\\/producto\\\/haiti-long-slope\\\/#primaryimage\"},\"thumbnailUrl\":\"https:\\\/\\\/joyasyasmin.com\\\/wp-content\\\/uploads\\\/2023\\\/04\\\/pendiente-ahiti-largo.jpg\",\"datePublished\":\"2023-04-06T20:55:43+00:00\",\"dateModified\":\"2025-11-10T11:46:02+00:00\",\"description\":\"Der lange Haiti-Ohrring ist ein Schmuckst\u00fcck aus 925er Sterlingsilber, das glattes Silber mit Zirkonen kombiniert, die Ihren Looks Eleganz und Stil verleihen. Kostenloser Versand.\",\"breadcrumb\":{\"@id\":\"https:\\\/\\\/joyasyasmin.com\\\/de\\\/producto\\\/haiti-long-slope\\\/#breadcrumb\"},\"inLanguage\":\"de\",\"potentialAction\":[{\"@type\":\"ReadAction\",\"target\":[\"https:\\\/\\\/joyasyasmin.com\\\/de\\\/producto\\\/haiti-long-slope\\\/\"]}]},{\"@type\":\"ImageObject\",\"inLanguage\":\"de\",\"@id\":\"https:\\\/\\\/joyasyasmin.com\\\/de\\\/producto\\\/haiti-long-slope\\\/#primaryimage\",\"url\":\"https:\\\/\\\/joyasyasmin.com\\\/wp-content\\\/uploads\\\/2023\\\/04\\\/pendiente-ahiti-largo.jpg\",\"contentUrl\":\"https:\\\/\\\/joyasyasmin.com\\\/wp-content\\\/uploads\\\/2023\\\/04\\\/pendiente-ahiti-largo.jpg\",\"width\":1000,\"height\":1000,\"caption\":\"Haiti Langer Ohrring aus 925er Sterlingsilber zum Verkauf\"},{\"@type\":\"BreadcrumbList\",\"@id\":\"https:\\\/\\\/joyasyasmin.com\\\/de\\\/producto\\\/haiti-long-slope\\\/#breadcrumb\",\"itemListElement\":[{\"@type\":\"ListItem\",\"position\":1,\"name\":\"Portada\",\"item\":\"https:\\\/\\\/joyasyasmin.com\\\/de\\\/heim\\\/\"},{\"@type\":\"ListItem\",\"position\":2,\"name\":\"Shop\",\"item\":\"https:\\\/\\\/joyasyasmin.com\\\/de\\\/shop\\\/\"},{\"@type\":\"ListItem\",\"position\":3,\"name\":\"Haiti Long Slope\"}]},{\"@type\":\"WebSite\",\"@id\":\"https:\\\/\\\/joyasyasmin.com\\\/de\\\/#website\",\"url\":\"https:\\\/\\\/joyasyasmin.com\\\/de\\\/\",\"name\":\"Yasmin\",\"description\":\"Joyer\u00eda de Plata 925 - Pendientes, pulseras, anillos, colgantes y m\u00e1s!\",\"publisher\":{\"@id\":\"https:\\\/\\\/joyasyasmin.com\\\/de\\\/#organization\"},\"potentialAction\":[{\"@type\":\"SearchAction\",\"target\":{\"@type\":\"EntryPoint\",\"urlTemplate\":\"https:\\\/\\\/joyasyasmin.com\\\/de\\\/?s={search_term_string}\"},\"query-input\":{\"@type\":\"PropertyValueSpecification\",\"valueRequired\":true,\"valueName\":\"search_term_string\"}}],\"inLanguage\":\"de\"},{\"@type\":\"Organization\",\"@id\":\"https:\\\/\\\/joyasyasmin.com\\\/de\\\/#organization\",\"name\":\"joyas yasmin\",\"url\":\"https:\\\/\\\/joyasyasmin.com\\\/de\\\/\",\"logo\":{\"@type\":\"ImageObject\",\"inLanguage\":\"de\",\"@id\":\"https:\\\/\\\/joyasyasmin.com\\\/de\\\/#\\\/schema\\\/logo\\\/image\\\/\",\"url\":\"https:\\\/\\\/joyasyasmin.com\\\/wp-content\\\/uploads\\\/2017\\\/06\\\/IMG-20200429-WA0051.jpg\",\"contentUrl\":\"https:\\\/\\\/joyasyasmin.com\\\/wp-content\\\/uploads\\\/2017\\\/06\\\/IMG-20200429-WA0051.jpg\",\"width\":1080,\"height\":545,\"caption\":\"joyas yasmin\"},\"image\":{\"@id\":\"https:\\\/\\\/joyasyasmin.com\\\/de\\\/#\\\/schema\\\/logo\\\/image\\\/\"},\"sameAs\":[\"https:\\\/\\\/www.facebook.com\\\/Joyas-Yasmin-217664058934169\\\/\",\"https:\\\/\\\/www.instagram.com\\\/invites\\\/contact\\\/\"]}]}<\/script>\n<!-- \/ Yoast SEO plugin. -->","yoast_head_json":{"title":"Haiti Long Slope - Yasmin","description":"Der lange Haiti-Ohrring ist ein Schmuckst\u00fcck aus 925er Sterlingsilber, das glattes Silber mit Zirkonen kombiniert, die Ihren Looks Eleganz und Stil verleihen. Kostenloser Versand.","robots":{"index":"index","follow":"follow","max-snippet":"max-snippet:-1","max-image-preview":"max-image-preview:large","max-video-preview":"max-video-preview:-1"},"canonical":"https:\/\/joyasyasmin.com\/de\/producto\/haiti-long-slope\/","og_locale":"de_DE","og_title":"Haiti Long Slope - Yasmin","og_description":"Der lange Haiti-Ohrring ist ein Schmuckst\u00fcck aus 925er Sterlingsilber, das glattes Silber mit Zirkonen kombiniert, die Ihren Looks Eleganz und Stil verleihen. Kostenloser Versand.","og_url":"https:\/\/joyasyasmin.com\/de\/producto\/haiti-long-slope\/","og_site_name":"Yasmin","article_publisher":"https:\/\/www.facebook.com\/Joyas-Yasmin-217664058934169\/","article_modified_time":"2025-11-10T11:46:02+00:00","og_image":[{"width":1000,"height":1000,"url":"https:\/\/joyasyasmin.com\/wp-content\/uploads\/2023\/04\/pendiente-ahiti-largo.jpg","type":"image\/jpeg"}],"twitter_card":"summary_large_image","schema":{"@context":"https:\/\/schema.org","@graph":[{"@type":["WebPage","ItemPage"],"@id":"https:\/\/joyasyasmin.com\/de\/producto\/haiti-long-slope\/","url":"https:\/\/joyasyasmin.com\/de\/producto\/haiti-long-slope\/","name":"Haiti Long Slope - Yasmin","isPartOf":{"@id":"https:\/\/joyasyasmin.com\/de\/#website"},"primaryImageOfPage":{"@id":"https:\/\/joyasyasmin.com\/de\/producto\/haiti-long-slope\/#primaryimage"},"image":{"@id":"https:\/\/joyasyasmin.com\/de\/producto\/haiti-long-slope\/#primaryimage"},"thumbnailUrl":"https:\/\/joyasyasmin.com\/wp-content\/uploads\/2023\/04\/pendiente-ahiti-largo.jpg","datePublished":"2023-04-06T20:55:43+00:00","dateModified":"2025-11-10T11:46:02+00:00","description":"Der lange Haiti-Ohrring ist ein Schmuckst\u00fcck aus 925er Sterlingsilber, das glattes Silber mit Zirkonen kombiniert, die Ihren Looks Eleganz und Stil verleihen. Kostenloser Versand.","breadcrumb":{"@id":"https:\/\/joyasyasmin.com\/de\/producto\/haiti-long-slope\/#breadcrumb"},"inLanguage":"de","potentialAction":[{"@type":"ReadAction","target":["https:\/\/joyasyasmin.com\/de\/producto\/haiti-long-slope\/"]}]},{"@type":"ImageObject","inLanguage":"de","@id":"https:\/\/joyasyasmin.com\/de\/producto\/haiti-long-slope\/#primaryimage","url":"https:\/\/joyasyasmin.com\/wp-content\/uploads\/2023\/04\/pendiente-ahiti-largo.jpg","contentUrl":"https:\/\/joyasyasmin.com\/wp-content\/uploads\/2023\/04\/pendiente-ahiti-largo.jpg","width":1000,"height":1000,"caption":"Haiti Langer Ohrring aus 925er Sterlingsilber zum Verkauf"},{"@type":"BreadcrumbList","@id":"https:\/\/joyasyasmin.com\/de\/producto\/haiti-long-slope\/#breadcrumb","itemListElement":[{"@type":"ListItem","position":1,"name":"Portada","item":"https:\/\/joyasyasmin.com\/de\/heim\/"},{"@type":"ListItem","position":2,"name":"Shop","item":"https:\/\/joyasyasmin.com\/de\/shop\/"},{"@type":"ListItem","position":3,"name":"Haiti Long Slope"}]},{"@type":"WebSite","@id":"https:\/\/joyasyasmin.com\/de\/#website","url":"https:\/\/joyasyasmin.com\/de\/","name":"Yasmin","description":"Joyer\u00eda de Plata 925 - Pendientes, pulseras, anillos, colgantes y m\u00e1s!","publisher":{"@id":"https:\/\/joyasyasmin.com\/de\/#organization"},"potentialAction":[{"@type":"SearchAction","target":{"@type":"EntryPoint","urlTemplate":"https:\/\/joyasyasmin.com\/de\/?s={search_term_string}"},"query-input":{"@type":"PropertyValueSpecification","valueRequired":true,"valueName":"search_term_string"}}],"inLanguage":"de"},{"@type":"Organization","@id":"https:\/\/joyasyasmin.com\/de\/#organization","name":"joyas yasmin","url":"https:\/\/joyasyasmin.com\/de\/","logo":{"@type":"ImageObject","inLanguage":"de","@id":"https:\/\/joyasyasmin.com\/de\/#\/schema\/logo\/image\/","url":"https:\/\/joyasyasmin.com\/wp-content\/uploads\/2017\/06\/IMG-20200429-WA0051.jpg","contentUrl":"https:\/\/joyasyasmin.com\/wp-content\/uploads\/2017\/06\/IMG-20200429-WA0051.jpg","width":1080,"height":545,"caption":"joyas yasmin"},"image":{"@id":"https:\/\/joyasyasmin.com\/de\/#\/schema\/logo\/image\/"},"sameAs":["https:\/\/www.facebook.com\/Joyas-Yasmin-217664058934169\/","https:\/\/www.instagram.com\/invites\/contact\/"]}]}},"_links":{"self":[{"href":"https:\/\/joyasyasmin.com\/de\/wp-json\/wp\/v2\/product\/23894","targetHints":{"allow":["GET"]}}],"collection":[{"href":"https:\/\/joyasyasmin.com\/de\/wp-json\/wp\/v2\/product"}],"about":[{"href":"https:\/\/joyasyasmin.com\/de\/wp-json\/wp\/v2\/types\/product"}],"replies":[{"embeddable":true,"href":"https:\/\/joyasyasmin.com\/de\/wp-json\/wp\/v2\/comments?post=23894"}],"version-history":[{"count":1,"href":"https:\/\/joyasyasmin.com\/de\/wp-json\/wp\/v2\/product\/23894\/revisions"}],"predecessor-version":[{"id":35979,"href":"https:\/\/joyasyasmin.com\/de\/wp-json\/wp\/v2\/product\/23894\/revisions\/35979"}],"wp:featuredmedia":[{"embeddable":true,"href":"https:\/\/joyasyasmin.com\/de\/wp-json\/wp\/v2\/media\/23898"}],"wp:attachment":[{"href":"https:\/\/joyasyasmin.com\/de\/wp-json\/wp\/v2\/media?parent=23894"}],"wp:term":[{"taxonomy":"product_brand","embeddable":true,"href":"https:\/\/joyasyasmin.com\/de\/wp-json\/wp\/v2\/product_brand?post=23894"},{"taxonomy":"product_cat","embeddable":true,"href":"https:\/\/joyasyasmin.com\/de\/wp-json\/wp\/v2\/product_cat?post=23894"},{"taxonomy":"product_tag","embeddable":true,"href":"https:\/\/joyasyasmin.com\/de\/wp-json\/wp\/v2\/product_tag?post=23894"}],"curies":[{"name":"wp","href":"https:\/\/api.w.org\/{rel}","templated":true}]}}