{"id":24018,"date":"2023-04-12T21:49:21","date_gmt":"2023-04-12T21:49:21","guid":{"rendered":"https:\/\/joyasyasmin.com\/producto\/infinity-armband-kette-design\/"},"modified":"2026-01-02T13:39:16","modified_gmt":"2026-01-02T13:39:16","slug":"infinity-armband-kette-design","status":"publish","type":"product","link":"https:\/\/joyasyasmin.com\/de\/producto\/infinity-armband-kette-design\/","title":{"rendered":"Infinity Armband Kette Design"},"content":{"rendered":"","protected":false},"excerpt":{"rendered":"<p>Infinity Bracelet Design Chains ist ein Accessoire aus 925er Sterlingsilber, es ist handgefertigt, sein Design einer Unendlichkeit (16 mm) in der Mitte und auf jeder Seite geht ein Armbanddesign in Kugeln verschiedener Gr\u00f6\u00dfen und auf der anderen Seite ein 2,5 mm Gliederarmband, die L\u00e4nge betr\u00e4gt 16 + 3 cm,  Dieses Schmuckst\u00fcck kann allein oder in Kombination mit mehreren Armb\u00e4ndern getragen werden und ist Ihr Favorit f\u00fcr Ihren Alltag. Die Schachtel, in der unsere Schmuckst\u00fccke aufbewahrt werden, besteht aus recyceltem Material. <\/p>\n","protected":false},"featured_media":24020,"comment_status":"open","ping_status":"closed","template":"","meta":{"_acf_changed":false,"_joinchat":[]},"product_brand":[],"product_cat":[1787],"product_tag":[3164,3163],"class_list":{"0":"post-24018","1":"product","2":"type-product","3":"status-publish","4":"has-post-thumbnail","6":"product_cat-armbander","7":"product_tag-infinity-armband-kette-design","8":"product_tag-silbernes-infinity-armband","10":"first","11":"instock","12":"shipping-taxable","13":"purchasable","14":"product-type-simple"},"acf":[],"yoast_head":"<!-- This site is optimized with the Yoast SEO plugin v27.2 - https:\/\/yoast.com\/product\/yoast-seo-wordpress\/ -->\n<title>Infinity Armband Kette Design - Yasmin<\/title>\n<meta name=\"description\" content=\"Infinity Armband Design Ketten ist ein Schmuckst\u00fcck aus 925er Sterlingsilber, das eine Unendlichkeit mit zwei Ketten unterschiedlichen Designs in der L\u00e4nge 16 + 3 cm kombiniert.\" \/>\n<meta name=\"robots\" content=\"index, follow, max-snippet:-1, max-image-preview:large, max-video-preview:-1\" \/>\n<link rel=\"canonical\" href=\"https:\/\/joyasyasmin.com\/de\/producto\/infinity-armband-kette-design\/\" \/>\n<meta property=\"og:locale\" content=\"de_DE\" \/>\n<meta property=\"og:title\" content=\"Infinity Armband Kette Design - Yasmin\" \/>\n<meta property=\"og:description\" content=\"Infinity Armband Design Ketten ist ein Schmuckst\u00fcck aus 925er Sterlingsilber, das eine Unendlichkeit mit zwei Ketten unterschiedlichen Designs in der L\u00e4nge 16 + 3 cm kombiniert.\" \/>\n<meta property=\"og:url\" content=\"https:\/\/joyasyasmin.com\/de\/producto\/infinity-armband-kette-design\/\" \/>\n<meta property=\"og:site_name\" content=\"Yasmin\" \/>\n<meta property=\"article:publisher\" content=\"https:\/\/www.facebook.com\/Joyas-Yasmin-217664058934169\/\" \/>\n<meta property=\"article:modified_time\" content=\"2026-01-02T13:39:16+00:00\" \/>\n<meta property=\"og:image\" content=\"https:\/\/joyasyasmin.com\/wp-content\/uploads\/2023\/04\/pulsera-infinito-dos-cadenas-plata.jpg\" \/>\n\t<meta property=\"og:image:width\" content=\"1000\" \/>\n\t<meta property=\"og:image:height\" content=\"1000\" \/>\n\t<meta property=\"og:image:type\" content=\"image\/jpeg\" \/>\n<meta name=\"twitter:card\" content=\"summary_large_image\" \/>\n<script type=\"application\/ld+json\" class=\"yoast-schema-graph\">{\"@context\":\"https:\/\/schema.org\",\"@graph\":[{\"@type\":[\"WebPage\",\"ItemPage\"],\"@id\":\"https:\/\/joyasyasmin.com\/de\/producto\/infinity-armband-kette-design\/\",\"url\":\"https:\/\/joyasyasmin.com\/de\/producto\/infinity-armband-kette-design\/\",\"name\":\"Infinity Armband Kette Design - Yasmin\",\"isPartOf\":{\"@id\":\"https:\/\/joyasyasmin.com\/de\/#website\"},\"primaryImageOfPage\":{\"@id\":\"https:\/\/joyasyasmin.com\/de\/producto\/infinity-armband-kette-design\/#primaryimage\"},\"image\":{\"@id\":\"https:\/\/joyasyasmin.com\/de\/producto\/infinity-armband-kette-design\/#primaryimage\"},\"thumbnailUrl\":\"https:\/\/joyasyasmin.com\/wp-content\/uploads\/2023\/04\/pulsera-infinito-dos-cadenas-plata.jpg\",\"datePublished\":\"2023-04-12T21:49:21+00:00\",\"dateModified\":\"2026-01-02T13:39:16+00:00\",\"description\":\"Infinity Armband Design Ketten ist ein Schmuckst\u00fcck aus 925er Sterlingsilber, das eine Unendlichkeit mit zwei Ketten unterschiedlichen Designs in der L\u00e4nge 16 + 3 cm kombiniert.\",\"breadcrumb\":{\"@id\":\"https:\/\/joyasyasmin.com\/de\/producto\/infinity-armband-kette-design\/#breadcrumb\"},\"inLanguage\":\"de\",\"potentialAction\":[{\"@type\":\"ReadAction\",\"target\":[\"https:\/\/joyasyasmin.com\/de\/producto\/infinity-armband-kette-design\/\"]}]},{\"@type\":\"ImageObject\",\"inLanguage\":\"de\",\"@id\":\"https:\/\/joyasyasmin.com\/de\/producto\/infinity-armband-kette-design\/#primaryimage\",\"url\":\"https:\/\/joyasyasmin.com\/wp-content\/uploads\/2023\/04\/pulsera-infinito-dos-cadenas-plata.jpg\",\"contentUrl\":\"https:\/\/joyasyasmin.com\/wp-content\/uploads\/2023\/04\/pulsera-infinito-dos-cadenas-plata.jpg\",\"width\":1000,\"height\":1000,\"caption\":\"Verkauf von Infinity Armband zwei 925 Sterling Silber Ketten\"},{\"@type\":\"BreadcrumbList\",\"@id\":\"https:\/\/joyasyasmin.com\/de\/producto\/infinity-armband-kette-design\/#breadcrumb\",\"itemListElement\":[{\"@type\":\"ListItem\",\"position\":1,\"name\":\"Portada\",\"item\":\"https:\/\/joyasyasmin.com\/de\/heim\/\"},{\"@type\":\"ListItem\",\"position\":2,\"name\":\"Shop\",\"item\":\"https:\/\/joyasyasmin.com\/de\/shop\/\"},{\"@type\":\"ListItem\",\"position\":3,\"name\":\"Infinity Armband Kette Design\"}]},{\"@type\":\"WebSite\",\"@id\":\"https:\/\/joyasyasmin.com\/de\/#website\",\"url\":\"https:\/\/joyasyasmin.com\/de\/\",\"name\":\"Yasmin\",\"description\":\"Joyer\u00eda de Plata 925 - Pendientes, pulseras, anillos, colgantes y m\u00e1s!\",\"publisher\":{\"@id\":\"https:\/\/joyasyasmin.com\/de\/#organization\"},\"potentialAction\":[{\"@type\":\"SearchAction\",\"target\":{\"@type\":\"EntryPoint\",\"urlTemplate\":\"https:\/\/joyasyasmin.com\/de\/?s={search_term_string}\"},\"query-input\":{\"@type\":\"PropertyValueSpecification\",\"valueRequired\":true,\"valueName\":\"search_term_string\"}}],\"inLanguage\":\"de\"},{\"@type\":\"Organization\",\"@id\":\"https:\/\/joyasyasmin.com\/de\/#organization\",\"name\":\"joyas yasmin\",\"url\":\"https:\/\/joyasyasmin.com\/de\/\",\"logo\":{\"@type\":\"ImageObject\",\"inLanguage\":\"de\",\"@id\":\"https:\/\/joyasyasmin.com\/de\/#\/schema\/logo\/image\/\",\"url\":\"https:\/\/joyasyasmin.com\/wp-content\/uploads\/2017\/06\/IMG-20200429-WA0051.jpg\",\"contentUrl\":\"https:\/\/joyasyasmin.com\/wp-content\/uploads\/2017\/06\/IMG-20200429-WA0051.jpg\",\"width\":1080,\"height\":545,\"caption\":\"joyas yasmin\"},\"image\":{\"@id\":\"https:\/\/joyasyasmin.com\/de\/#\/schema\/logo\/image\/\"},\"sameAs\":[\"https:\/\/www.facebook.com\/Joyas-Yasmin-217664058934169\/\",\"https:\/\/www.instagram.com\/invites\/contact\/\"]}]}<\/script>\n<!-- \/ Yoast SEO plugin. -->","yoast_head_json":{"title":"Infinity Armband Kette Design - Yasmin","description":"Infinity Armband Design Ketten ist ein Schmuckst\u00fcck aus 925er Sterlingsilber, das eine Unendlichkeit mit zwei Ketten unterschiedlichen Designs in der L\u00e4nge 16 + 3 cm kombiniert.","robots":{"index":"index","follow":"follow","max-snippet":"max-snippet:-1","max-image-preview":"max-image-preview:large","max-video-preview":"max-video-preview:-1"},"canonical":"https:\/\/joyasyasmin.com\/de\/producto\/infinity-armband-kette-design\/","og_locale":"de_DE","og_title":"Infinity Armband Kette Design - Yasmin","og_description":"Infinity Armband Design Ketten ist ein Schmuckst\u00fcck aus 925er Sterlingsilber, das eine Unendlichkeit mit zwei Ketten unterschiedlichen Designs in der L\u00e4nge 16 + 3 cm kombiniert.","og_url":"https:\/\/joyasyasmin.com\/de\/producto\/infinity-armband-kette-design\/","og_site_name":"Yasmin","article_publisher":"https:\/\/www.facebook.com\/Joyas-Yasmin-217664058934169\/","article_modified_time":"2026-01-02T13:39:16+00:00","og_image":[{"width":1000,"height":1000,"url":"https:\/\/joyasyasmin.com\/wp-content\/uploads\/2023\/04\/pulsera-infinito-dos-cadenas-plata.jpg","type":"image\/jpeg"}],"twitter_card":"summary_large_image","schema":{"@context":"https:\/\/schema.org","@graph":[{"@type":["WebPage","ItemPage"],"@id":"https:\/\/joyasyasmin.com\/de\/producto\/infinity-armband-kette-design\/","url":"https:\/\/joyasyasmin.com\/de\/producto\/infinity-armband-kette-design\/","name":"Infinity Armband Kette Design - Yasmin","isPartOf":{"@id":"https:\/\/joyasyasmin.com\/de\/#website"},"primaryImageOfPage":{"@id":"https:\/\/joyasyasmin.com\/de\/producto\/infinity-armband-kette-design\/#primaryimage"},"image":{"@id":"https:\/\/joyasyasmin.com\/de\/producto\/infinity-armband-kette-design\/#primaryimage"},"thumbnailUrl":"https:\/\/joyasyasmin.com\/wp-content\/uploads\/2023\/04\/pulsera-infinito-dos-cadenas-plata.jpg","datePublished":"2023-04-12T21:49:21+00:00","dateModified":"2026-01-02T13:39:16+00:00","description":"Infinity Armband Design Ketten ist ein Schmuckst\u00fcck aus 925er Sterlingsilber, das eine Unendlichkeit mit zwei Ketten unterschiedlichen Designs in der L\u00e4nge 16 + 3 cm kombiniert.","breadcrumb":{"@id":"https:\/\/joyasyasmin.com\/de\/producto\/infinity-armband-kette-design\/#breadcrumb"},"inLanguage":"de","potentialAction":[{"@type":"ReadAction","target":["https:\/\/joyasyasmin.com\/de\/producto\/infinity-armband-kette-design\/"]}]},{"@type":"ImageObject","inLanguage":"de","@id":"https:\/\/joyasyasmin.com\/de\/producto\/infinity-armband-kette-design\/#primaryimage","url":"https:\/\/joyasyasmin.com\/wp-content\/uploads\/2023\/04\/pulsera-infinito-dos-cadenas-plata.jpg","contentUrl":"https:\/\/joyasyasmin.com\/wp-content\/uploads\/2023\/04\/pulsera-infinito-dos-cadenas-plata.jpg","width":1000,"height":1000,"caption":"Verkauf von Infinity Armband zwei 925 Sterling Silber Ketten"},{"@type":"BreadcrumbList","@id":"https:\/\/joyasyasmin.com\/de\/producto\/infinity-armband-kette-design\/#breadcrumb","itemListElement":[{"@type":"ListItem","position":1,"name":"Portada","item":"https:\/\/joyasyasmin.com\/de\/heim\/"},{"@type":"ListItem","position":2,"name":"Shop","item":"https:\/\/joyasyasmin.com\/de\/shop\/"},{"@type":"ListItem","position":3,"name":"Infinity Armband Kette Design"}]},{"@type":"WebSite","@id":"https:\/\/joyasyasmin.com\/de\/#website","url":"https:\/\/joyasyasmin.com\/de\/","name":"Yasmin","description":"Joyer\u00eda de Plata 925 - Pendientes, pulseras, anillos, colgantes y m\u00e1s!","publisher":{"@id":"https:\/\/joyasyasmin.com\/de\/#organization"},"potentialAction":[{"@type":"SearchAction","target":{"@type":"EntryPoint","urlTemplate":"https:\/\/joyasyasmin.com\/de\/?s={search_term_string}"},"query-input":{"@type":"PropertyValueSpecification","valueRequired":true,"valueName":"search_term_string"}}],"inLanguage":"de"},{"@type":"Organization","@id":"https:\/\/joyasyasmin.com\/de\/#organization","name":"joyas yasmin","url":"https:\/\/joyasyasmin.com\/de\/","logo":{"@type":"ImageObject","inLanguage":"de","@id":"https:\/\/joyasyasmin.com\/de\/#\/schema\/logo\/image\/","url":"https:\/\/joyasyasmin.com\/wp-content\/uploads\/2017\/06\/IMG-20200429-WA0051.jpg","contentUrl":"https:\/\/joyasyasmin.com\/wp-content\/uploads\/2017\/06\/IMG-20200429-WA0051.jpg","width":1080,"height":545,"caption":"joyas yasmin"},"image":{"@id":"https:\/\/joyasyasmin.com\/de\/#\/schema\/logo\/image\/"},"sameAs":["https:\/\/www.facebook.com\/Joyas-Yasmin-217664058934169\/","https:\/\/www.instagram.com\/invites\/contact\/"]}]}},"_links":{"self":[{"href":"https:\/\/joyasyasmin.com\/de\/wp-json\/wp\/v2\/product\/24018","targetHints":{"allow":["GET"]}}],"collection":[{"href":"https:\/\/joyasyasmin.com\/de\/wp-json\/wp\/v2\/product"}],"about":[{"href":"https:\/\/joyasyasmin.com\/de\/wp-json\/wp\/v2\/types\/product"}],"replies":[{"embeddable":true,"href":"https:\/\/joyasyasmin.com\/de\/wp-json\/wp\/v2\/comments?post=24018"}],"version-history":[{"count":1,"href":"https:\/\/joyasyasmin.com\/de\/wp-json\/wp\/v2\/product\/24018\/revisions"}],"predecessor-version":[{"id":29507,"href":"https:\/\/joyasyasmin.com\/de\/wp-json\/wp\/v2\/product\/24018\/revisions\/29507"}],"wp:featuredmedia":[{"embeddable":true,"href":"https:\/\/joyasyasmin.com\/de\/wp-json\/wp\/v2\/media\/24020"}],"wp:attachment":[{"href":"https:\/\/joyasyasmin.com\/de\/wp-json\/wp\/v2\/media?parent=24018"}],"wp:term":[{"taxonomy":"product_brand","embeddable":true,"href":"https:\/\/joyasyasmin.com\/de\/wp-json\/wp\/v2\/product_brand?post=24018"},{"taxonomy":"product_cat","embeddable":true,"href":"https:\/\/joyasyasmin.com\/de\/wp-json\/wp\/v2\/product_cat?post=24018"},{"taxonomy":"product_tag","embeddable":true,"href":"https:\/\/joyasyasmin.com\/de\/wp-json\/wp\/v2\/product_tag?post=24018"}],"curies":[{"name":"wp","href":"https:\/\/api.w.org\/{rel}","templated":true}]}}