{"id":24053,"date":"2023-04-16T19:18:28","date_gmt":"2023-04-16T19:18:28","guid":{"rendered":"https:\/\/joyasyasmin.com\/producto\/elefantenruessel-anhaenger-nach-oben\/"},"modified":"2026-01-26T07:19:30","modified_gmt":"2026-01-26T07:19:30","slug":"elefantenruessel-anhaenger-nach-oben","status":"publish","type":"product","link":"https:\/\/joyasyasmin.com\/de\/producto\/elefantenruessel-anhaenger-nach-oben\/","title":{"rendered":"Elefantenr\u00fcssel Anh\u00e4nger nach oben"},"content":{"rendered":"","protected":false},"excerpt":{"rendered":"<p>Elephant Pendant Trunk Up enth\u00fcllt die Sch\u00f6nheit und den Charme des Elefanten mit Zirkonen mit dem R\u00fcssel nach oben, zwei Zentimeter hoch. Dieses fesselnde Schmuckst\u00fcck ist mit seinem komplizierten Design und den sorgf\u00e4ltigen Details ein wahres Kunstwerk. Die gl\u00e4nzenden Zirkone, die diesen Elefanten schm\u00fccken, verleihen ihm einen Hauch von Eleganz und Raffinesse und machen ihn zu einem perfekten Accessoire f\u00fcr jeden Anlass. Mit seinem hoch erhobenen R\u00fcssel symbolisiert der Elefant Gl\u00fcck und Wohlstand und ist damit ein bedeutungsvolles Geschenk f\u00fcr alle, die Gl\u00fcck anziehen m\u00f6chten. Hergestellt aus hochwertigen Materialien aus 925er Sterlingsilber und in sorgf\u00e4ltiger Handarbeit, ist dieser Elefant mit Zirkonen ein einzigartiges St\u00fcck, das mit Sicherheit alle Blicke auf sich ziehen wird.    <\/p>\n","protected":false},"featured_media":24057,"comment_status":"open","ping_status":"closed","template":"","meta":{"_acf_changed":false,"_joinchat":[]},"product_brand":[],"product_cat":[1874],"product_tag":[3188,3187,2170],"class_list":{"0":"post-24053","1":"product","2":"type-product","3":"status-publish","4":"has-post-thumbnail","6":"product_cat-anhanger","7":"product_tag-elefant-anhanger-mit-zirkonia","8":"product_tag-elefantenrussel-anhanger-nach-oben","9":"product_tag-was-ist-neu-in-2023","11":"first","12":"instock","13":"shipping-taxable","14":"purchasable","15":"product-type-variable"},"acf":[],"yoast_head":"<!-- This site is optimized with the Yoast SEO plugin v27.5 - https:\/\/yoast.com\/product\/yoast-seo-wordpress\/ -->\n<title>Elefantenr\u00fcssel Anh\u00e4nger nach oben - Yasmin<\/title>\n<meta name=\"description\" content=\"Der Elephant Trunk Up Anh\u00e4nger ist aus 925er Sterlingsilber gefertigt, das Gl\u00fcck und Wohlstand symbolisiert, seine Gr\u00f6\u00dfe 2 cm und sein Design mit Zirkonen.\" \/>\n<meta name=\"robots\" content=\"index, follow, max-snippet:-1, max-image-preview:large, max-video-preview:-1\" \/>\n<link rel=\"canonical\" href=\"https:\/\/joyasyasmin.com\/de\/producto\/elefantenruessel-anhaenger-nach-oben\/\" \/>\n<meta property=\"og:locale\" content=\"de_DE\" \/>\n<meta property=\"og:title\" content=\"Elefantenr\u00fcssel Anh\u00e4nger nach oben - Yasmin\" \/>\n<meta property=\"og:description\" content=\"Der Elephant Trunk Up Anh\u00e4nger ist aus 925er Sterlingsilber gefertigt, das Gl\u00fcck und Wohlstand symbolisiert, seine Gr\u00f6\u00dfe 2 cm und sein Design mit Zirkonen.\" \/>\n<meta property=\"og:url\" content=\"https:\/\/joyasyasmin.com\/de\/producto\/elefantenruessel-anhaenger-nach-oben\/\" \/>\n<meta property=\"og:site_name\" content=\"Yasmin\" \/>\n<meta property=\"article:publisher\" content=\"https:\/\/www.facebook.com\/Joyas-Yasmin-217664058934169\/\" \/>\n<meta property=\"article:modified_time\" content=\"2026-01-26T07:19:30+00:00\" \/>\n<meta property=\"og:image\" content=\"https:\/\/joyasyasmin.com\/wp-content\/uploads\/2023\/04\/colgante-elefante.jpg\" \/>\n\t<meta property=\"og:image:width\" content=\"1000\" \/>\n\t<meta property=\"og:image:height\" content=\"1000\" \/>\n\t<meta property=\"og:image:type\" content=\"image\/jpeg\" \/>\n<meta name=\"twitter:card\" content=\"summary_large_image\" \/>\n<script type=\"application\/ld+json\" class=\"yoast-schema-graph\">{\"@context\":\"https:\\\/\\\/schema.org\",\"@graph\":[{\"@type\":[\"WebPage\",\"ItemPage\"],\"@id\":\"https:\\\/\\\/joyasyasmin.com\\\/de\\\/producto\\\/elefantenruessel-anhaenger-nach-oben\\\/\",\"url\":\"https:\\\/\\\/joyasyasmin.com\\\/de\\\/producto\\\/elefantenruessel-anhaenger-nach-oben\\\/\",\"name\":\"Elefantenr\u00fcssel Anh\u00e4nger nach oben - Yasmin\",\"isPartOf\":{\"@id\":\"https:\\\/\\\/joyasyasmin.com\\\/de\\\/#website\"},\"primaryImageOfPage\":{\"@id\":\"https:\\\/\\\/joyasyasmin.com\\\/de\\\/producto\\\/elefantenruessel-anhaenger-nach-oben\\\/#primaryimage\"},\"image\":{\"@id\":\"https:\\\/\\\/joyasyasmin.com\\\/de\\\/producto\\\/elefantenruessel-anhaenger-nach-oben\\\/#primaryimage\"},\"thumbnailUrl\":\"https:\\\/\\\/joyasyasmin.com\\\/wp-content\\\/uploads\\\/2023\\\/04\\\/colgante-elefante.jpg\",\"datePublished\":\"2023-04-16T19:18:28+00:00\",\"dateModified\":\"2026-01-26T07:19:30+00:00\",\"description\":\"Der Elephant Trunk Up Anh\u00e4nger ist aus 925er Sterlingsilber gefertigt, das Gl\u00fcck und Wohlstand symbolisiert, seine Gr\u00f6\u00dfe 2 cm und sein Design mit Zirkonen.\",\"breadcrumb\":{\"@id\":\"https:\\\/\\\/joyasyasmin.com\\\/de\\\/producto\\\/elefantenruessel-anhaenger-nach-oben\\\/#breadcrumb\"},\"inLanguage\":\"de\",\"potentialAction\":[{\"@type\":\"ReadAction\",\"target\":[\"https:\\\/\\\/joyasyasmin.com\\\/de\\\/producto\\\/elefantenruessel-anhaenger-nach-oben\\\/\"]}]},{\"@type\":\"ImageObject\",\"inLanguage\":\"de\",\"@id\":\"https:\\\/\\\/joyasyasmin.com\\\/de\\\/producto\\\/elefantenruessel-anhaenger-nach-oben\\\/#primaryimage\",\"url\":\"https:\\\/\\\/joyasyasmin.com\\\/wp-content\\\/uploads\\\/2023\\\/04\\\/colgante-elefante.jpg\",\"contentUrl\":\"https:\\\/\\\/joyasyasmin.com\\\/wp-content\\\/uploads\\\/2023\\\/04\\\/colgante-elefante.jpg\",\"width\":1000,\"height\":1000,\"caption\":\"Elefant Anh\u00e4nger mit 925 Sterling Silber Zirkonia zu verkaufen\"},{\"@type\":\"BreadcrumbList\",\"@id\":\"https:\\\/\\\/joyasyasmin.com\\\/de\\\/producto\\\/elefantenruessel-anhaenger-nach-oben\\\/#breadcrumb\",\"itemListElement\":[{\"@type\":\"ListItem\",\"position\":1,\"name\":\"Portada\",\"item\":\"https:\\\/\\\/joyasyasmin.com\\\/de\\\/heim\\\/\"},{\"@type\":\"ListItem\",\"position\":2,\"name\":\"Shop\",\"item\":\"https:\\\/\\\/joyasyasmin.com\\\/de\\\/shop\\\/\"},{\"@type\":\"ListItem\",\"position\":3,\"name\":\"Elefantenr\u00fcssel Anh\u00e4nger nach oben\"}]},{\"@type\":\"WebSite\",\"@id\":\"https:\\\/\\\/joyasyasmin.com\\\/de\\\/#website\",\"url\":\"https:\\\/\\\/joyasyasmin.com\\\/de\\\/\",\"name\":\"Yasmin\",\"description\":\"Joyer\u00eda de Plata 925 - Pendientes, pulseras, anillos, colgantes y m\u00e1s!\",\"publisher\":{\"@id\":\"https:\\\/\\\/joyasyasmin.com\\\/de\\\/#organization\"},\"potentialAction\":[{\"@type\":\"SearchAction\",\"target\":{\"@type\":\"EntryPoint\",\"urlTemplate\":\"https:\\\/\\\/joyasyasmin.com\\\/de\\\/?s={search_term_string}\"},\"query-input\":{\"@type\":\"PropertyValueSpecification\",\"valueRequired\":true,\"valueName\":\"search_term_string\"}}],\"inLanguage\":\"de\"},{\"@type\":\"Organization\",\"@id\":\"https:\\\/\\\/joyasyasmin.com\\\/de\\\/#organization\",\"name\":\"joyas yasmin\",\"url\":\"https:\\\/\\\/joyasyasmin.com\\\/de\\\/\",\"logo\":{\"@type\":\"ImageObject\",\"inLanguage\":\"de\",\"@id\":\"https:\\\/\\\/joyasyasmin.com\\\/de\\\/#\\\/schema\\\/logo\\\/image\\\/\",\"url\":\"https:\\\/\\\/joyasyasmin.com\\\/wp-content\\\/uploads\\\/2017\\\/06\\\/IMG-20200429-WA0051.jpg\",\"contentUrl\":\"https:\\\/\\\/joyasyasmin.com\\\/wp-content\\\/uploads\\\/2017\\\/06\\\/IMG-20200429-WA0051.jpg\",\"width\":1080,\"height\":545,\"caption\":\"joyas yasmin\"},\"image\":{\"@id\":\"https:\\\/\\\/joyasyasmin.com\\\/de\\\/#\\\/schema\\\/logo\\\/image\\\/\"},\"sameAs\":[\"https:\\\/\\\/www.facebook.com\\\/Joyas-Yasmin-217664058934169\\\/\",\"https:\\\/\\\/www.instagram.com\\\/invites\\\/contact\\\/\"]}]}<\/script>\n<!-- \/ Yoast SEO plugin. -->","yoast_head_json":{"title":"Elefantenr\u00fcssel Anh\u00e4nger nach oben - Yasmin","description":"Der Elephant Trunk Up Anh\u00e4nger ist aus 925er Sterlingsilber gefertigt, das Gl\u00fcck und Wohlstand symbolisiert, seine Gr\u00f6\u00dfe 2 cm und sein Design mit Zirkonen.","robots":{"index":"index","follow":"follow","max-snippet":"max-snippet:-1","max-image-preview":"max-image-preview:large","max-video-preview":"max-video-preview:-1"},"canonical":"https:\/\/joyasyasmin.com\/de\/producto\/elefantenruessel-anhaenger-nach-oben\/","og_locale":"de_DE","og_title":"Elefantenr\u00fcssel Anh\u00e4nger nach oben - Yasmin","og_description":"Der Elephant Trunk Up Anh\u00e4nger ist aus 925er Sterlingsilber gefertigt, das Gl\u00fcck und Wohlstand symbolisiert, seine Gr\u00f6\u00dfe 2 cm und sein Design mit Zirkonen.","og_url":"https:\/\/joyasyasmin.com\/de\/producto\/elefantenruessel-anhaenger-nach-oben\/","og_site_name":"Yasmin","article_publisher":"https:\/\/www.facebook.com\/Joyas-Yasmin-217664058934169\/","article_modified_time":"2026-01-26T07:19:30+00:00","og_image":[{"width":1000,"height":1000,"url":"https:\/\/joyasyasmin.com\/wp-content\/uploads\/2023\/04\/colgante-elefante.jpg","type":"image\/jpeg"}],"twitter_card":"summary_large_image","schema":{"@context":"https:\/\/schema.org","@graph":[{"@type":["WebPage","ItemPage"],"@id":"https:\/\/joyasyasmin.com\/de\/producto\/elefantenruessel-anhaenger-nach-oben\/","url":"https:\/\/joyasyasmin.com\/de\/producto\/elefantenruessel-anhaenger-nach-oben\/","name":"Elefantenr\u00fcssel Anh\u00e4nger nach oben - Yasmin","isPartOf":{"@id":"https:\/\/joyasyasmin.com\/de\/#website"},"primaryImageOfPage":{"@id":"https:\/\/joyasyasmin.com\/de\/producto\/elefantenruessel-anhaenger-nach-oben\/#primaryimage"},"image":{"@id":"https:\/\/joyasyasmin.com\/de\/producto\/elefantenruessel-anhaenger-nach-oben\/#primaryimage"},"thumbnailUrl":"https:\/\/joyasyasmin.com\/wp-content\/uploads\/2023\/04\/colgante-elefante.jpg","datePublished":"2023-04-16T19:18:28+00:00","dateModified":"2026-01-26T07:19:30+00:00","description":"Der Elephant Trunk Up Anh\u00e4nger ist aus 925er Sterlingsilber gefertigt, das Gl\u00fcck und Wohlstand symbolisiert, seine Gr\u00f6\u00dfe 2 cm und sein Design mit Zirkonen.","breadcrumb":{"@id":"https:\/\/joyasyasmin.com\/de\/producto\/elefantenruessel-anhaenger-nach-oben\/#breadcrumb"},"inLanguage":"de","potentialAction":[{"@type":"ReadAction","target":["https:\/\/joyasyasmin.com\/de\/producto\/elefantenruessel-anhaenger-nach-oben\/"]}]},{"@type":"ImageObject","inLanguage":"de","@id":"https:\/\/joyasyasmin.com\/de\/producto\/elefantenruessel-anhaenger-nach-oben\/#primaryimage","url":"https:\/\/joyasyasmin.com\/wp-content\/uploads\/2023\/04\/colgante-elefante.jpg","contentUrl":"https:\/\/joyasyasmin.com\/wp-content\/uploads\/2023\/04\/colgante-elefante.jpg","width":1000,"height":1000,"caption":"Elefant Anh\u00e4nger mit 925 Sterling Silber Zirkonia zu verkaufen"},{"@type":"BreadcrumbList","@id":"https:\/\/joyasyasmin.com\/de\/producto\/elefantenruessel-anhaenger-nach-oben\/#breadcrumb","itemListElement":[{"@type":"ListItem","position":1,"name":"Portada","item":"https:\/\/joyasyasmin.com\/de\/heim\/"},{"@type":"ListItem","position":2,"name":"Shop","item":"https:\/\/joyasyasmin.com\/de\/shop\/"},{"@type":"ListItem","position":3,"name":"Elefantenr\u00fcssel Anh\u00e4nger nach oben"}]},{"@type":"WebSite","@id":"https:\/\/joyasyasmin.com\/de\/#website","url":"https:\/\/joyasyasmin.com\/de\/","name":"Yasmin","description":"Joyer\u00eda de Plata 925 - Pendientes, pulseras, anillos, colgantes y m\u00e1s!","publisher":{"@id":"https:\/\/joyasyasmin.com\/de\/#organization"},"potentialAction":[{"@type":"SearchAction","target":{"@type":"EntryPoint","urlTemplate":"https:\/\/joyasyasmin.com\/de\/?s={search_term_string}"},"query-input":{"@type":"PropertyValueSpecification","valueRequired":true,"valueName":"search_term_string"}}],"inLanguage":"de"},{"@type":"Organization","@id":"https:\/\/joyasyasmin.com\/de\/#organization","name":"joyas yasmin","url":"https:\/\/joyasyasmin.com\/de\/","logo":{"@type":"ImageObject","inLanguage":"de","@id":"https:\/\/joyasyasmin.com\/de\/#\/schema\/logo\/image\/","url":"https:\/\/joyasyasmin.com\/wp-content\/uploads\/2017\/06\/IMG-20200429-WA0051.jpg","contentUrl":"https:\/\/joyasyasmin.com\/wp-content\/uploads\/2017\/06\/IMG-20200429-WA0051.jpg","width":1080,"height":545,"caption":"joyas yasmin"},"image":{"@id":"https:\/\/joyasyasmin.com\/de\/#\/schema\/logo\/image\/"},"sameAs":["https:\/\/www.facebook.com\/Joyas-Yasmin-217664058934169\/","https:\/\/www.instagram.com\/invites\/contact\/"]}]}},"_links":{"self":[{"href":"https:\/\/joyasyasmin.com\/de\/wp-json\/wp\/v2\/product\/24053","targetHints":{"allow":["GET"]}}],"collection":[{"href":"https:\/\/joyasyasmin.com\/de\/wp-json\/wp\/v2\/product"}],"about":[{"href":"https:\/\/joyasyasmin.com\/de\/wp-json\/wp\/v2\/types\/product"}],"replies":[{"embeddable":true,"href":"https:\/\/joyasyasmin.com\/de\/wp-json\/wp\/v2\/comments?post=24053"}],"version-history":[{"count":1,"href":"https:\/\/joyasyasmin.com\/de\/wp-json\/wp\/v2\/product\/24053\/revisions"}],"predecessor-version":[{"id":37455,"href":"https:\/\/joyasyasmin.com\/de\/wp-json\/wp\/v2\/product\/24053\/revisions\/37455"}],"wp:featuredmedia":[{"embeddable":true,"href":"https:\/\/joyasyasmin.com\/de\/wp-json\/wp\/v2\/media\/24057"}],"wp:attachment":[{"href":"https:\/\/joyasyasmin.com\/de\/wp-json\/wp\/v2\/media?parent=24053"}],"wp:term":[{"taxonomy":"product_brand","embeddable":true,"href":"https:\/\/joyasyasmin.com\/de\/wp-json\/wp\/v2\/product_brand?post=24053"},{"taxonomy":"product_cat","embeddable":true,"href":"https:\/\/joyasyasmin.com\/de\/wp-json\/wp\/v2\/product_cat?post=24053"},{"taxonomy":"product_tag","embeddable":true,"href":"https:\/\/joyasyasmin.com\/de\/wp-json\/wp\/v2\/product_tag?post=24053"}],"curies":[{"name":"wp","href":"https:\/\/api.w.org\/{rel}","templated":true}]}}