{"id":24101,"date":"2023-04-17T13:36:51","date_gmt":"2023-04-17T13:36:51","guid":{"rendered":"https:\/\/joyasyasmin.com\/producto\/quadratischer-ohrring-mit-zirkonia\/"},"modified":"2023-04-17T13:36:51","modified_gmt":"2023-04-17T13:36:51","slug":"quadratischer-ohrring-mit-zirkonia","status":"publish","type":"product","link":"https:\/\/joyasyasmin.com\/de\/producto\/quadratischer-ohrring-mit-zirkonia\/","title":{"rendered":"Quadratischer Ohrring mit Zirkonia"},"content":{"rendered":"","protected":false},"excerpt":{"rendered":"<p>Entdecken Sie die Sch\u00f6nheit im Detail mit unserem quadratischen Zirkonia-Ohrring aus 925er Sterlingsilber! Dieses exquisite Accessoire verf\u00fcgt \u00fcber ein 8-mm-Design mit einem schillernden farbigen runden Zirkonia in der Mitte, das Ihrem Look einen Hauch von Raffinesse und Glanz verleiht. Der quadratische Ohrring mit Zirkonia ist hochwertig, langlebig und verschlei\u00dffest, perfekt f\u00fcr den t\u00e4glichen Gebrauch oder f\u00fcr besondere Anl\u00e4sse. Der Verschluss der Schnappmutter sorgt f\u00fcr einen sicheren und bequemen Halt und ist damit die ideale Wahl f\u00fcr den t\u00e4glichen Gebrauch. <\/p>\n","protected":false},"featured_media":24112,"comment_status":"open","ping_status":"closed","template":"","meta":{"_acf_changed":false,"_joinchat":[]},"product_brand":[],"product_cat":[1770],"product_tag":[3215,3217,2170],"class_list":{"0":"post-24101","1":"product","2":"type-product","3":"status-publish","4":"has-post-thumbnail","6":"product_cat-ohrringe-und-ohrringe","7":"product_tag-quadratischer-ohrring-mit-zirkonia","8":"product_tag-silberner-ohrring-mit-zirkonia","9":"product_tag-was-ist-neu-in-2023","11":"first","12":"instock","13":"shipping-taxable","14":"purchasable","15":"product-type-variable"},"acf":[],"yoast_head":"<!-- This site is optimized with the Yoast SEO plugin v27.2 - https:\/\/yoast.com\/product\/yoast-seo-wordpress\/ -->\n<title>Quadratischer Ohrring mit Zirkonia - Yasmin<\/title>\n<meta name=\"description\" content=\"Der quadratische Ohrring mit Zirkonia ist ein Schmuckst\u00fcck aus 925er Sterlingsilber, perfekt f\u00fcr ein besonderes Datum oder f\u00fcr den t\u00e4glichen Gebrauch, misst 8 mm und hat einen Schnappmutterverschluss.\" \/>\n<meta name=\"robots\" content=\"index, follow, max-snippet:-1, max-image-preview:large, max-video-preview:-1\" \/>\n<link rel=\"canonical\" href=\"https:\/\/joyasyasmin.com\/de\/producto\/quadratischer-ohrring-mit-zirkonia\/\" \/>\n<meta property=\"og:locale\" content=\"de_DE\" \/>\n<meta property=\"og:title\" content=\"Quadratischer Ohrring mit Zirkonia - Yasmin\" \/>\n<meta property=\"og:description\" content=\"Der quadratische Ohrring mit Zirkonia ist ein Schmuckst\u00fcck aus 925er Sterlingsilber, perfekt f\u00fcr ein besonderes Datum oder f\u00fcr den t\u00e4glichen Gebrauch, misst 8 mm und hat einen Schnappmutterverschluss.\" \/>\n<meta property=\"og:url\" content=\"https:\/\/joyasyasmin.com\/de\/producto\/quadratischer-ohrring-mit-zirkonia\/\" \/>\n<meta property=\"og:site_name\" content=\"Yasmin\" \/>\n<meta property=\"article:publisher\" content=\"https:\/\/www.facebook.com\/Joyas-Yasmin-217664058934169\/\" \/>\n<meta property=\"og:image\" content=\"https:\/\/joyasyasmin.com\/wp-content\/uploads\/2023\/04\/pendiente-cuadrado-leira-azul.jpg\" \/>\n\t<meta property=\"og:image:width\" content=\"1000\" \/>\n\t<meta property=\"og:image:height\" content=\"1000\" \/>\n\t<meta property=\"og:image:type\" content=\"image\/jpeg\" \/>\n<meta name=\"twitter:card\" content=\"summary_large_image\" \/>\n<script type=\"application\/ld+json\" class=\"yoast-schema-graph\">{\"@context\":\"https:\/\/schema.org\",\"@graph\":[{\"@type\":[\"WebPage\",\"ItemPage\"],\"@id\":\"https:\/\/joyasyasmin.com\/de\/producto\/quadratischer-ohrring-mit-zirkonia\/\",\"url\":\"https:\/\/joyasyasmin.com\/de\/producto\/quadratischer-ohrring-mit-zirkonia\/\",\"name\":\"Quadratischer Ohrring mit Zirkonia - Yasmin\",\"isPartOf\":{\"@id\":\"https:\/\/joyasyasmin.com\/de\/#website\"},\"primaryImageOfPage\":{\"@id\":\"https:\/\/joyasyasmin.com\/de\/producto\/quadratischer-ohrring-mit-zirkonia\/#primaryimage\"},\"image\":{\"@id\":\"https:\/\/joyasyasmin.com\/de\/producto\/quadratischer-ohrring-mit-zirkonia\/#primaryimage\"},\"thumbnailUrl\":\"https:\/\/joyasyasmin.com\/wp-content\/uploads\/2023\/04\/pendiente-cuadrado-leira-azul.jpg\",\"datePublished\":\"2023-04-17T13:36:51+00:00\",\"description\":\"Der quadratische Ohrring mit Zirkonia ist ein Schmuckst\u00fcck aus 925er Sterlingsilber, perfekt f\u00fcr ein besonderes Datum oder f\u00fcr den t\u00e4glichen Gebrauch, misst 8 mm und hat einen Schnappmutterverschluss.\",\"breadcrumb\":{\"@id\":\"https:\/\/joyasyasmin.com\/de\/producto\/quadratischer-ohrring-mit-zirkonia\/#breadcrumb\"},\"inLanguage\":\"de\",\"potentialAction\":[{\"@type\":\"ReadAction\",\"target\":[\"https:\/\/joyasyasmin.com\/de\/producto\/quadratischer-ohrring-mit-zirkonia\/\"]}]},{\"@type\":\"ImageObject\",\"inLanguage\":\"de\",\"@id\":\"https:\/\/joyasyasmin.com\/de\/producto\/quadratischer-ohrring-mit-zirkonia\/#primaryimage\",\"url\":\"https:\/\/joyasyasmin.com\/wp-content\/uploads\/2023\/04\/pendiente-cuadrado-leira-azul.jpg\",\"contentUrl\":\"https:\/\/joyasyasmin.com\/wp-content\/uploads\/2023\/04\/pendiente-cuadrado-leira-azul.jpg\",\"width\":1000,\"height\":1000},{\"@type\":\"BreadcrumbList\",\"@id\":\"https:\/\/joyasyasmin.com\/de\/producto\/quadratischer-ohrring-mit-zirkonia\/#breadcrumb\",\"itemListElement\":[{\"@type\":\"ListItem\",\"position\":1,\"name\":\"Portada\",\"item\":\"https:\/\/joyasyasmin.com\/de\/heim\/\"},{\"@type\":\"ListItem\",\"position\":2,\"name\":\"Shop\",\"item\":\"https:\/\/joyasyasmin.com\/de\/shop\/\"},{\"@type\":\"ListItem\",\"position\":3,\"name\":\"Quadratischer Ohrring mit Zirkonia\"}]},{\"@type\":\"WebSite\",\"@id\":\"https:\/\/joyasyasmin.com\/de\/#website\",\"url\":\"https:\/\/joyasyasmin.com\/de\/\",\"name\":\"Yasmin\",\"description\":\"Joyer\u00eda de Plata 925 - Pendientes, pulseras, anillos, colgantes y m\u00e1s!\",\"publisher\":{\"@id\":\"https:\/\/joyasyasmin.com\/de\/#organization\"},\"potentialAction\":[{\"@type\":\"SearchAction\",\"target\":{\"@type\":\"EntryPoint\",\"urlTemplate\":\"https:\/\/joyasyasmin.com\/de\/?s={search_term_string}\"},\"query-input\":{\"@type\":\"PropertyValueSpecification\",\"valueRequired\":true,\"valueName\":\"search_term_string\"}}],\"inLanguage\":\"de\"},{\"@type\":\"Organization\",\"@id\":\"https:\/\/joyasyasmin.com\/de\/#organization\",\"name\":\"joyas yasmin\",\"url\":\"https:\/\/joyasyasmin.com\/de\/\",\"logo\":{\"@type\":\"ImageObject\",\"inLanguage\":\"de\",\"@id\":\"https:\/\/joyasyasmin.com\/de\/#\/schema\/logo\/image\/\",\"url\":\"https:\/\/joyasyasmin.com\/wp-content\/uploads\/2017\/06\/IMG-20200429-WA0051.jpg\",\"contentUrl\":\"https:\/\/joyasyasmin.com\/wp-content\/uploads\/2017\/06\/IMG-20200429-WA0051.jpg\",\"width\":1080,\"height\":545,\"caption\":\"joyas yasmin\"},\"image\":{\"@id\":\"https:\/\/joyasyasmin.com\/de\/#\/schema\/logo\/image\/\"},\"sameAs\":[\"https:\/\/www.facebook.com\/Joyas-Yasmin-217664058934169\/\",\"https:\/\/www.instagram.com\/invites\/contact\/\"]}]}<\/script>\n<!-- \/ Yoast SEO plugin. -->","yoast_head_json":{"title":"Quadratischer Ohrring mit Zirkonia - Yasmin","description":"Der quadratische Ohrring mit Zirkonia ist ein Schmuckst\u00fcck aus 925er Sterlingsilber, perfekt f\u00fcr ein besonderes Datum oder f\u00fcr den t\u00e4glichen Gebrauch, misst 8 mm und hat einen Schnappmutterverschluss.","robots":{"index":"index","follow":"follow","max-snippet":"max-snippet:-1","max-image-preview":"max-image-preview:large","max-video-preview":"max-video-preview:-1"},"canonical":"https:\/\/joyasyasmin.com\/de\/producto\/quadratischer-ohrring-mit-zirkonia\/","og_locale":"de_DE","og_title":"Quadratischer Ohrring mit Zirkonia - Yasmin","og_description":"Der quadratische Ohrring mit Zirkonia ist ein Schmuckst\u00fcck aus 925er Sterlingsilber, perfekt f\u00fcr ein besonderes Datum oder f\u00fcr den t\u00e4glichen Gebrauch, misst 8 mm und hat einen Schnappmutterverschluss.","og_url":"https:\/\/joyasyasmin.com\/de\/producto\/quadratischer-ohrring-mit-zirkonia\/","og_site_name":"Yasmin","article_publisher":"https:\/\/www.facebook.com\/Joyas-Yasmin-217664058934169\/","og_image":[{"width":1000,"height":1000,"url":"https:\/\/joyasyasmin.com\/wp-content\/uploads\/2023\/04\/pendiente-cuadrado-leira-azul.jpg","type":"image\/jpeg"}],"twitter_card":"summary_large_image","schema":{"@context":"https:\/\/schema.org","@graph":[{"@type":["WebPage","ItemPage"],"@id":"https:\/\/joyasyasmin.com\/de\/producto\/quadratischer-ohrring-mit-zirkonia\/","url":"https:\/\/joyasyasmin.com\/de\/producto\/quadratischer-ohrring-mit-zirkonia\/","name":"Quadratischer Ohrring mit Zirkonia - Yasmin","isPartOf":{"@id":"https:\/\/joyasyasmin.com\/de\/#website"},"primaryImageOfPage":{"@id":"https:\/\/joyasyasmin.com\/de\/producto\/quadratischer-ohrring-mit-zirkonia\/#primaryimage"},"image":{"@id":"https:\/\/joyasyasmin.com\/de\/producto\/quadratischer-ohrring-mit-zirkonia\/#primaryimage"},"thumbnailUrl":"https:\/\/joyasyasmin.com\/wp-content\/uploads\/2023\/04\/pendiente-cuadrado-leira-azul.jpg","datePublished":"2023-04-17T13:36:51+00:00","description":"Der quadratische Ohrring mit Zirkonia ist ein Schmuckst\u00fcck aus 925er Sterlingsilber, perfekt f\u00fcr ein besonderes Datum oder f\u00fcr den t\u00e4glichen Gebrauch, misst 8 mm und hat einen Schnappmutterverschluss.","breadcrumb":{"@id":"https:\/\/joyasyasmin.com\/de\/producto\/quadratischer-ohrring-mit-zirkonia\/#breadcrumb"},"inLanguage":"de","potentialAction":[{"@type":"ReadAction","target":["https:\/\/joyasyasmin.com\/de\/producto\/quadratischer-ohrring-mit-zirkonia\/"]}]},{"@type":"ImageObject","inLanguage":"de","@id":"https:\/\/joyasyasmin.com\/de\/producto\/quadratischer-ohrring-mit-zirkonia\/#primaryimage","url":"https:\/\/joyasyasmin.com\/wp-content\/uploads\/2023\/04\/pendiente-cuadrado-leira-azul.jpg","contentUrl":"https:\/\/joyasyasmin.com\/wp-content\/uploads\/2023\/04\/pendiente-cuadrado-leira-azul.jpg","width":1000,"height":1000},{"@type":"BreadcrumbList","@id":"https:\/\/joyasyasmin.com\/de\/producto\/quadratischer-ohrring-mit-zirkonia\/#breadcrumb","itemListElement":[{"@type":"ListItem","position":1,"name":"Portada","item":"https:\/\/joyasyasmin.com\/de\/heim\/"},{"@type":"ListItem","position":2,"name":"Shop","item":"https:\/\/joyasyasmin.com\/de\/shop\/"},{"@type":"ListItem","position":3,"name":"Quadratischer Ohrring mit Zirkonia"}]},{"@type":"WebSite","@id":"https:\/\/joyasyasmin.com\/de\/#website","url":"https:\/\/joyasyasmin.com\/de\/","name":"Yasmin","description":"Joyer\u00eda de Plata 925 - Pendientes, pulseras, anillos, colgantes y m\u00e1s!","publisher":{"@id":"https:\/\/joyasyasmin.com\/de\/#organization"},"potentialAction":[{"@type":"SearchAction","target":{"@type":"EntryPoint","urlTemplate":"https:\/\/joyasyasmin.com\/de\/?s={search_term_string}"},"query-input":{"@type":"PropertyValueSpecification","valueRequired":true,"valueName":"search_term_string"}}],"inLanguage":"de"},{"@type":"Organization","@id":"https:\/\/joyasyasmin.com\/de\/#organization","name":"joyas yasmin","url":"https:\/\/joyasyasmin.com\/de\/","logo":{"@type":"ImageObject","inLanguage":"de","@id":"https:\/\/joyasyasmin.com\/de\/#\/schema\/logo\/image\/","url":"https:\/\/joyasyasmin.com\/wp-content\/uploads\/2017\/06\/IMG-20200429-WA0051.jpg","contentUrl":"https:\/\/joyasyasmin.com\/wp-content\/uploads\/2017\/06\/IMG-20200429-WA0051.jpg","width":1080,"height":545,"caption":"joyas yasmin"},"image":{"@id":"https:\/\/joyasyasmin.com\/de\/#\/schema\/logo\/image\/"},"sameAs":["https:\/\/www.facebook.com\/Joyas-Yasmin-217664058934169\/","https:\/\/www.instagram.com\/invites\/contact\/"]}]}},"_links":{"self":[{"href":"https:\/\/joyasyasmin.com\/de\/wp-json\/wp\/v2\/product\/24101","targetHints":{"allow":["GET"]}}],"collection":[{"href":"https:\/\/joyasyasmin.com\/de\/wp-json\/wp\/v2\/product"}],"about":[{"href":"https:\/\/joyasyasmin.com\/de\/wp-json\/wp\/v2\/types\/product"}],"replies":[{"embeddable":true,"href":"https:\/\/joyasyasmin.com\/de\/wp-json\/wp\/v2\/comments?post=24101"}],"version-history":[{"count":0,"href":"https:\/\/joyasyasmin.com\/de\/wp-json\/wp\/v2\/product\/24101\/revisions"}],"wp:featuredmedia":[{"embeddable":true,"href":"https:\/\/joyasyasmin.com\/de\/wp-json\/wp\/v2\/media\/24112"}],"wp:attachment":[{"href":"https:\/\/joyasyasmin.com\/de\/wp-json\/wp\/v2\/media?parent=24101"}],"wp:term":[{"taxonomy":"product_brand","embeddable":true,"href":"https:\/\/joyasyasmin.com\/de\/wp-json\/wp\/v2\/product_brand?post=24101"},{"taxonomy":"product_cat","embeddable":true,"href":"https:\/\/joyasyasmin.com\/de\/wp-json\/wp\/v2\/product_cat?post=24101"},{"taxonomy":"product_tag","embeddable":true,"href":"https:\/\/joyasyasmin.com\/de\/wp-json\/wp\/v2\/product_tag?post=24101"}],"curies":[{"name":"wp","href":"https:\/\/api.w.org\/{rel}","templated":true}]}}