{"id":24137,"date":"2023-04-17T13:55:47","date_gmt":"2023-04-17T13:55:47","guid":{"rendered":"https:\/\/joyasyasmin.com\/producto\/baumleben-und-verbindungsarmband\/"},"modified":"2026-02-26T09:00:29","modified_gmt":"2026-02-26T09:00:29","slug":"baumleben-und-verbindungsarmband","status":"publish","type":"product","link":"https:\/\/joyasyasmin.com\/de\/producto\/baumleben-und-verbindungsarmband\/","title":{"rendered":"Baumleben und Verbindungsarmband"},"content":{"rendered":"","protected":false},"excerpt":{"rendered":"<p>Baumleben und Verbindungsarmband Entdecken Sie die tiefe Bedeutung des Baumes des Lebens mit unserem Accessoire aus 925er Sterlingsilber, es hat einen Baum mit einem Durchmesser von 1 cm, verziert mit kleinen 3 mm Kugeln, die ihm einen Hauch von Eleganz und Raffinesse verleihen, es hat eine L\u00e4nge von 16 cm, mit einer zus\u00e4tzlichen Verl\u00e4ngerung von 3 cm,  Dadurch ist es verstellbar und f\u00fcr die meisten Handgelenkgr\u00f6\u00dfen geeignet.<\/p>\n","protected":false},"featured_media":24139,"comment_status":"open","ping_status":"closed","template":"","meta":{"_acf_changed":false,"_joinchat":[]},"product_brand":[],"product_cat":[1787],"product_tag":[3237,3236],"class_list":{"0":"post-24137","1":"product","2":"type-product","3":"status-publish","4":"has-post-thumbnail","6":"product_cat-armbander","7":"product_tag-baum-des-lebens-armband-in-silber","8":"product_tag-baumleben-und-verbindungsarmband","10":"first","11":"instock","12":"shipping-taxable","13":"purchasable","14":"product-type-simple"},"acf":[],"yoast_head":"<!-- This site is optimized with the Yoast SEO plugin v27.2 - https:\/\/yoast.com\/product\/yoast-seo-wordpress\/ -->\n<title>Baumleben und Verbindungsarmband - Yasmin<\/title>\n<meta name=\"description\" content=\"Life and Connection Tree Bracelet ist ein Accessoire aus 925er Sterlingsilber, seine L\u00e4nge von 16 + 3 cm steht f\u00fcr Weisheit, St\u00e4rke und Verbundenheit. Sie werden es lieben!\" \/>\n<meta name=\"robots\" content=\"index, follow, max-snippet:-1, max-image-preview:large, max-video-preview:-1\" \/>\n<link rel=\"canonical\" href=\"https:\/\/joyasyasmin.com\/de\/producto\/baumleben-und-verbindungsarmband\/\" \/>\n<meta property=\"og:locale\" content=\"de_DE\" \/>\n<meta property=\"og:title\" content=\"Baumleben und Verbindungsarmband - Yasmin\" \/>\n<meta property=\"og:description\" content=\"Life and Connection Tree Bracelet ist ein Accessoire aus 925er Sterlingsilber, seine L\u00e4nge von 16 + 3 cm steht f\u00fcr Weisheit, St\u00e4rke und Verbundenheit. Sie werden es lieben!\" \/>\n<meta property=\"og:url\" content=\"https:\/\/joyasyasmin.com\/de\/producto\/baumleben-und-verbindungsarmband\/\" \/>\n<meta property=\"og:site_name\" content=\"Yasmin\" \/>\n<meta property=\"article:publisher\" content=\"https:\/\/www.facebook.com\/Joyas-Yasmin-217664058934169\/\" \/>\n<meta property=\"article:modified_time\" content=\"2026-02-26T09:00:29+00:00\" \/>\n<meta property=\"og:image\" content=\"https:\/\/joyasyasmin.com\/wp-content\/uploads\/2023\/04\/pulsera-arbol-vida-tubos.jpg\" \/>\n\t<meta property=\"og:image:width\" content=\"1000\" \/>\n\t<meta property=\"og:image:height\" content=\"1000\" \/>\n\t<meta property=\"og:image:type\" content=\"image\/jpeg\" \/>\n<meta name=\"twitter:card\" content=\"summary_large_image\" \/>\n<script type=\"application\/ld+json\" class=\"yoast-schema-graph\">{\"@context\":\"https:\/\/schema.org\",\"@graph\":[{\"@type\":[\"WebPage\",\"ItemPage\"],\"@id\":\"https:\/\/joyasyasmin.com\/de\/producto\/baumleben-und-verbindungsarmband\/\",\"url\":\"https:\/\/joyasyasmin.com\/de\/producto\/baumleben-und-verbindungsarmband\/\",\"name\":\"Baumleben und Verbindungsarmband - Yasmin\",\"isPartOf\":{\"@id\":\"https:\/\/joyasyasmin.com\/de\/#website\"},\"primaryImageOfPage\":{\"@id\":\"https:\/\/joyasyasmin.com\/de\/producto\/baumleben-und-verbindungsarmband\/#primaryimage\"},\"image\":{\"@id\":\"https:\/\/joyasyasmin.com\/de\/producto\/baumleben-und-verbindungsarmband\/#primaryimage\"},\"thumbnailUrl\":\"https:\/\/joyasyasmin.com\/wp-content\/uploads\/2023\/04\/pulsera-arbol-vida-tubos.jpg\",\"datePublished\":\"2023-04-17T13:55:47+00:00\",\"dateModified\":\"2026-02-26T09:00:29+00:00\",\"description\":\"Life and Connection Tree Bracelet ist ein Accessoire aus 925er Sterlingsilber, seine L\u00e4nge von 16 + 3 cm steht f\u00fcr Weisheit, St\u00e4rke und Verbundenheit. Sie werden es lieben!\",\"breadcrumb\":{\"@id\":\"https:\/\/joyasyasmin.com\/de\/producto\/baumleben-und-verbindungsarmband\/#breadcrumb\"},\"inLanguage\":\"de\",\"potentialAction\":[{\"@type\":\"ReadAction\",\"target\":[\"https:\/\/joyasyasmin.com\/de\/producto\/baumleben-und-verbindungsarmband\/\"]}]},{\"@type\":\"ImageObject\",\"inLanguage\":\"de\",\"@id\":\"https:\/\/joyasyasmin.com\/de\/producto\/baumleben-und-verbindungsarmband\/#primaryimage\",\"url\":\"https:\/\/joyasyasmin.com\/wp-content\/uploads\/2023\/04\/pulsera-arbol-vida-tubos.jpg\",\"contentUrl\":\"https:\/\/joyasyasmin.com\/wp-content\/uploads\/2023\/04\/pulsera-arbol-vida-tubos.jpg\",\"width\":1000,\"height\":1000,\"caption\":\"Tree Life Armband zum Verkauf 925 Sterling Silber R\u00f6hren\"},{\"@type\":\"BreadcrumbList\",\"@id\":\"https:\/\/joyasyasmin.com\/de\/producto\/baumleben-und-verbindungsarmband\/#breadcrumb\",\"itemListElement\":[{\"@type\":\"ListItem\",\"position\":1,\"name\":\"Portada\",\"item\":\"https:\/\/joyasyasmin.com\/de\/heim\/\"},{\"@type\":\"ListItem\",\"position\":2,\"name\":\"Shop\",\"item\":\"https:\/\/joyasyasmin.com\/de\/shop\/\"},{\"@type\":\"ListItem\",\"position\":3,\"name\":\"Baumleben und Verbindungsarmband\"}]},{\"@type\":\"WebSite\",\"@id\":\"https:\/\/joyasyasmin.com\/de\/#website\",\"url\":\"https:\/\/joyasyasmin.com\/de\/\",\"name\":\"Yasmin\",\"description\":\"Joyer\u00eda de Plata 925 - Pendientes, pulseras, anillos, colgantes y m\u00e1s!\",\"publisher\":{\"@id\":\"https:\/\/joyasyasmin.com\/de\/#organization\"},\"potentialAction\":[{\"@type\":\"SearchAction\",\"target\":{\"@type\":\"EntryPoint\",\"urlTemplate\":\"https:\/\/joyasyasmin.com\/de\/?s={search_term_string}\"},\"query-input\":{\"@type\":\"PropertyValueSpecification\",\"valueRequired\":true,\"valueName\":\"search_term_string\"}}],\"inLanguage\":\"de\"},{\"@type\":\"Organization\",\"@id\":\"https:\/\/joyasyasmin.com\/de\/#organization\",\"name\":\"joyas yasmin\",\"url\":\"https:\/\/joyasyasmin.com\/de\/\",\"logo\":{\"@type\":\"ImageObject\",\"inLanguage\":\"de\",\"@id\":\"https:\/\/joyasyasmin.com\/de\/#\/schema\/logo\/image\/\",\"url\":\"https:\/\/joyasyasmin.com\/wp-content\/uploads\/2017\/06\/IMG-20200429-WA0051.jpg\",\"contentUrl\":\"https:\/\/joyasyasmin.com\/wp-content\/uploads\/2017\/06\/IMG-20200429-WA0051.jpg\",\"width\":1080,\"height\":545,\"caption\":\"joyas yasmin\"},\"image\":{\"@id\":\"https:\/\/joyasyasmin.com\/de\/#\/schema\/logo\/image\/\"},\"sameAs\":[\"https:\/\/www.facebook.com\/Joyas-Yasmin-217664058934169\/\",\"https:\/\/www.instagram.com\/invites\/contact\/\"]}]}<\/script>\n<!-- \/ Yoast SEO plugin. -->","yoast_head_json":{"title":"Baumleben und Verbindungsarmband - Yasmin","description":"Life and Connection Tree Bracelet ist ein Accessoire aus 925er Sterlingsilber, seine L\u00e4nge von 16 + 3 cm steht f\u00fcr Weisheit, St\u00e4rke und Verbundenheit. Sie werden es lieben!","robots":{"index":"index","follow":"follow","max-snippet":"max-snippet:-1","max-image-preview":"max-image-preview:large","max-video-preview":"max-video-preview:-1"},"canonical":"https:\/\/joyasyasmin.com\/de\/producto\/baumleben-und-verbindungsarmband\/","og_locale":"de_DE","og_title":"Baumleben und Verbindungsarmband - Yasmin","og_description":"Life and Connection Tree Bracelet ist ein Accessoire aus 925er Sterlingsilber, seine L\u00e4nge von 16 + 3 cm steht f\u00fcr Weisheit, St\u00e4rke und Verbundenheit. Sie werden es lieben!","og_url":"https:\/\/joyasyasmin.com\/de\/producto\/baumleben-und-verbindungsarmband\/","og_site_name":"Yasmin","article_publisher":"https:\/\/www.facebook.com\/Joyas-Yasmin-217664058934169\/","article_modified_time":"2026-02-26T09:00:29+00:00","og_image":[{"width":1000,"height":1000,"url":"https:\/\/joyasyasmin.com\/wp-content\/uploads\/2023\/04\/pulsera-arbol-vida-tubos.jpg","type":"image\/jpeg"}],"twitter_card":"summary_large_image","schema":{"@context":"https:\/\/schema.org","@graph":[{"@type":["WebPage","ItemPage"],"@id":"https:\/\/joyasyasmin.com\/de\/producto\/baumleben-und-verbindungsarmband\/","url":"https:\/\/joyasyasmin.com\/de\/producto\/baumleben-und-verbindungsarmband\/","name":"Baumleben und Verbindungsarmband - Yasmin","isPartOf":{"@id":"https:\/\/joyasyasmin.com\/de\/#website"},"primaryImageOfPage":{"@id":"https:\/\/joyasyasmin.com\/de\/producto\/baumleben-und-verbindungsarmband\/#primaryimage"},"image":{"@id":"https:\/\/joyasyasmin.com\/de\/producto\/baumleben-und-verbindungsarmband\/#primaryimage"},"thumbnailUrl":"https:\/\/joyasyasmin.com\/wp-content\/uploads\/2023\/04\/pulsera-arbol-vida-tubos.jpg","datePublished":"2023-04-17T13:55:47+00:00","dateModified":"2026-02-26T09:00:29+00:00","description":"Life and Connection Tree Bracelet ist ein Accessoire aus 925er Sterlingsilber, seine L\u00e4nge von 16 + 3 cm steht f\u00fcr Weisheit, St\u00e4rke und Verbundenheit. Sie werden es lieben!","breadcrumb":{"@id":"https:\/\/joyasyasmin.com\/de\/producto\/baumleben-und-verbindungsarmband\/#breadcrumb"},"inLanguage":"de","potentialAction":[{"@type":"ReadAction","target":["https:\/\/joyasyasmin.com\/de\/producto\/baumleben-und-verbindungsarmband\/"]}]},{"@type":"ImageObject","inLanguage":"de","@id":"https:\/\/joyasyasmin.com\/de\/producto\/baumleben-und-verbindungsarmband\/#primaryimage","url":"https:\/\/joyasyasmin.com\/wp-content\/uploads\/2023\/04\/pulsera-arbol-vida-tubos.jpg","contentUrl":"https:\/\/joyasyasmin.com\/wp-content\/uploads\/2023\/04\/pulsera-arbol-vida-tubos.jpg","width":1000,"height":1000,"caption":"Tree Life Armband zum Verkauf 925 Sterling Silber R\u00f6hren"},{"@type":"BreadcrumbList","@id":"https:\/\/joyasyasmin.com\/de\/producto\/baumleben-und-verbindungsarmband\/#breadcrumb","itemListElement":[{"@type":"ListItem","position":1,"name":"Portada","item":"https:\/\/joyasyasmin.com\/de\/heim\/"},{"@type":"ListItem","position":2,"name":"Shop","item":"https:\/\/joyasyasmin.com\/de\/shop\/"},{"@type":"ListItem","position":3,"name":"Baumleben und Verbindungsarmband"}]},{"@type":"WebSite","@id":"https:\/\/joyasyasmin.com\/de\/#website","url":"https:\/\/joyasyasmin.com\/de\/","name":"Yasmin","description":"Joyer\u00eda de Plata 925 - Pendientes, pulseras, anillos, colgantes y m\u00e1s!","publisher":{"@id":"https:\/\/joyasyasmin.com\/de\/#organization"},"potentialAction":[{"@type":"SearchAction","target":{"@type":"EntryPoint","urlTemplate":"https:\/\/joyasyasmin.com\/de\/?s={search_term_string}"},"query-input":{"@type":"PropertyValueSpecification","valueRequired":true,"valueName":"search_term_string"}}],"inLanguage":"de"},{"@type":"Organization","@id":"https:\/\/joyasyasmin.com\/de\/#organization","name":"joyas yasmin","url":"https:\/\/joyasyasmin.com\/de\/","logo":{"@type":"ImageObject","inLanguage":"de","@id":"https:\/\/joyasyasmin.com\/de\/#\/schema\/logo\/image\/","url":"https:\/\/joyasyasmin.com\/wp-content\/uploads\/2017\/06\/IMG-20200429-WA0051.jpg","contentUrl":"https:\/\/joyasyasmin.com\/wp-content\/uploads\/2017\/06\/IMG-20200429-WA0051.jpg","width":1080,"height":545,"caption":"joyas yasmin"},"image":{"@id":"https:\/\/joyasyasmin.com\/de\/#\/schema\/logo\/image\/"},"sameAs":["https:\/\/www.facebook.com\/Joyas-Yasmin-217664058934169\/","https:\/\/www.instagram.com\/invites\/contact\/"]}]}},"_links":{"self":[{"href":"https:\/\/joyasyasmin.com\/de\/wp-json\/wp\/v2\/product\/24137","targetHints":{"allow":["GET"]}}],"collection":[{"href":"https:\/\/joyasyasmin.com\/de\/wp-json\/wp\/v2\/product"}],"about":[{"href":"https:\/\/joyasyasmin.com\/de\/wp-json\/wp\/v2\/types\/product"}],"replies":[{"embeddable":true,"href":"https:\/\/joyasyasmin.com\/de\/wp-json\/wp\/v2\/comments?post=24137"}],"version-history":[{"count":1,"href":"https:\/\/joyasyasmin.com\/de\/wp-json\/wp\/v2\/product\/24137\/revisions"}],"predecessor-version":[{"id":29508,"href":"https:\/\/joyasyasmin.com\/de\/wp-json\/wp\/v2\/product\/24137\/revisions\/29508"}],"wp:featuredmedia":[{"embeddable":true,"href":"https:\/\/joyasyasmin.com\/de\/wp-json\/wp\/v2\/media\/24139"}],"wp:attachment":[{"href":"https:\/\/joyasyasmin.com\/de\/wp-json\/wp\/v2\/media?parent=24137"}],"wp:term":[{"taxonomy":"product_brand","embeddable":true,"href":"https:\/\/joyasyasmin.com\/de\/wp-json\/wp\/v2\/product_brand?post=24137"},{"taxonomy":"product_cat","embeddable":true,"href":"https:\/\/joyasyasmin.com\/de\/wp-json\/wp\/v2\/product_cat?post=24137"},{"taxonomy":"product_tag","embeddable":true,"href":"https:\/\/joyasyasmin.com\/de\/wp-json\/wp\/v2\/product_tag?post=24137"}],"curies":[{"name":"wp","href":"https:\/\/api.w.org\/{rel}","templated":true}]}}