{"id":24163,"date":"2023-04-21T15:17:20","date_gmt":"2023-04-21T15:17:20","guid":{"rendered":"https:\/\/joyasyasmin.com\/producto\/halskette-mit-steinen\/"},"modified":"2023-04-21T15:17:20","modified_gmt":"2023-04-21T15:17:20","slug":"halskette-mit-steinen","status":"publish","type":"product","link":"https:\/\/joyasyasmin.com\/de\/producto\/halskette-mit-steinen\/","title":{"rendered":"Halskette mit Steinen"},"content":{"rendered":"","protected":false},"excerpt":{"rendered":"<p>Die Halskette mit Steinen ist ein wundersch\u00f6nes Schmuckst\u00fcck, das aus 925er Sterlingsilber gefertigt ist und eine Kombination aus farbigen Edelsteinen aufweist. Die vorherrschenden Farbt\u00f6ne sind ein sch\u00f6nes helles Lila, das durch leuchtend bunte Steine erg\u00e4nzt wird, um einen Hauch von Kontrast und Eleganz zu verleihen. Die Steinkette ist 40 cm lang und verf\u00fcgt \u00fcber eine Verl\u00e4ngerung von 3 cm f\u00fcr Komfort und Passform. Sie k\u00f6nnen diese Halskette allein tragen, um Ihrem Outfit einen Hauch von Raffinesse zu verleihen, oder Sie k\u00f6nnen einen Anh\u00e4nger hinzuf\u00fcgen, den Sie m\u00f6gen, um Ihrem Stil eine pers\u00f6nliche Note zu verleihen. <\/p>\n","protected":false},"featured_media":24165,"comment_status":"open","ping_status":"closed","template":"","meta":{"_acf_changed":false,"_joinchat":[]},"product_brand":[],"product_cat":[1869],"product_tag":[3257,3256],"class_list":{"0":"post-24163","1":"product","2":"type-product","3":"status-publish","4":"has-post-thumbnail","6":"product_cat-halsketten-de","7":"product_tag-925-sterling-silber-mode-halskette-mit-steinen","8":"product_tag-halskette-mit-steinen","10":"first","11":"instock","12":"shipping-taxable","13":"purchasable","14":"product-type-simple"},"acf":[],"yoast_head":"<!-- This site is optimized with the Yoast SEO plugin v27.3 - https:\/\/yoast.com\/product\/yoast-seo-wordpress\/ -->\n<title>Halskette mit Steinen - Yasmin<\/title>\n<meta name=\"description\" content=\"Die Halskette mit Steinen ist ein Accessoire aus 925er Sterlingsilber, das farbige Steine mit einigen silbernen Steinen kombiniert, Sie k\u00f6nnen es alleine tragen oder mit einem Anh\u00e4nger kombinieren.\" \/>\n<meta name=\"robots\" content=\"index, follow, max-snippet:-1, max-image-preview:large, max-video-preview:-1\" \/>\n<link rel=\"canonical\" href=\"https:\/\/joyasyasmin.com\/de\/producto\/halskette-mit-steinen\/\" \/>\n<meta property=\"og:locale\" content=\"de_DE\" \/>\n<meta property=\"og:title\" content=\"Halskette mit Steinen - Yasmin\" \/>\n<meta property=\"og:description\" content=\"Die Halskette mit Steinen ist ein Accessoire aus 925er Sterlingsilber, das farbige Steine mit einigen silbernen Steinen kombiniert, Sie k\u00f6nnen es alleine tragen oder mit einem Anh\u00e4nger kombinieren.\" \/>\n<meta property=\"og:url\" content=\"https:\/\/joyasyasmin.com\/de\/producto\/halskette-mit-steinen\/\" \/>\n<meta property=\"og:site_name\" content=\"Yasmin\" \/>\n<meta property=\"article:publisher\" content=\"https:\/\/www.facebook.com\/Joyas-Yasmin-217664058934169\/\" \/>\n<meta property=\"og:image\" content=\"https:\/\/joyasyasmin.com\/wp-content\/uploads\/2023\/04\/collar-con-piedras-de-plata-.jpg\" \/>\n\t<meta property=\"og:image:width\" content=\"920\" \/>\n\t<meta property=\"og:image:height\" content=\"944\" \/>\n\t<meta property=\"og:image:type\" content=\"image\/jpeg\" \/>\n<meta name=\"twitter:card\" content=\"summary_large_image\" \/>\n<script type=\"application\/ld+json\" class=\"yoast-schema-graph\">{\"@context\":\"https:\\\/\\\/schema.org\",\"@graph\":[{\"@type\":[\"WebPage\",\"ItemPage\"],\"@id\":\"https:\\\/\\\/joyasyasmin.com\\\/de\\\/producto\\\/halskette-mit-steinen\\\/\",\"url\":\"https:\\\/\\\/joyasyasmin.com\\\/de\\\/producto\\\/halskette-mit-steinen\\\/\",\"name\":\"Halskette mit Steinen - Yasmin\",\"isPartOf\":{\"@id\":\"https:\\\/\\\/joyasyasmin.com\\\/de\\\/#website\"},\"primaryImageOfPage\":{\"@id\":\"https:\\\/\\\/joyasyasmin.com\\\/de\\\/producto\\\/halskette-mit-steinen\\\/#primaryimage\"},\"image\":{\"@id\":\"https:\\\/\\\/joyasyasmin.com\\\/de\\\/producto\\\/halskette-mit-steinen\\\/#primaryimage\"},\"thumbnailUrl\":\"https:\\\/\\\/joyasyasmin.com\\\/wp-content\\\/uploads\\\/2023\\\/04\\\/collar-con-piedras-de-plata-.jpg\",\"datePublished\":\"2023-04-21T15:17:20+00:00\",\"description\":\"Die Halskette mit Steinen ist ein Accessoire aus 925er Sterlingsilber, das farbige Steine mit einigen silbernen Steinen kombiniert, Sie k\u00f6nnen es alleine tragen oder mit einem Anh\u00e4nger kombinieren.\",\"breadcrumb\":{\"@id\":\"https:\\\/\\\/joyasyasmin.com\\\/de\\\/producto\\\/halskette-mit-steinen\\\/#breadcrumb\"},\"inLanguage\":\"de\",\"potentialAction\":[{\"@type\":\"ReadAction\",\"target\":[\"https:\\\/\\\/joyasyasmin.com\\\/de\\\/producto\\\/halskette-mit-steinen\\\/\"]}]},{\"@type\":\"ImageObject\",\"inLanguage\":\"de\",\"@id\":\"https:\\\/\\\/joyasyasmin.com\\\/de\\\/producto\\\/halskette-mit-steinen\\\/#primaryimage\",\"url\":\"https:\\\/\\\/joyasyasmin.com\\\/wp-content\\\/uploads\\\/2023\\\/04\\\/collar-con-piedras-de-plata-.jpg\",\"contentUrl\":\"https:\\\/\\\/joyasyasmin.com\\\/wp-content\\\/uploads\\\/2023\\\/04\\\/collar-con-piedras-de-plata-.jpg\",\"width\":920,\"height\":944},{\"@type\":\"BreadcrumbList\",\"@id\":\"https:\\\/\\\/joyasyasmin.com\\\/de\\\/producto\\\/halskette-mit-steinen\\\/#breadcrumb\",\"itemListElement\":[{\"@type\":\"ListItem\",\"position\":1,\"name\":\"Portada\",\"item\":\"https:\\\/\\\/joyasyasmin.com\\\/de\\\/heim\\\/\"},{\"@type\":\"ListItem\",\"position\":2,\"name\":\"Shop\",\"item\":\"https:\\\/\\\/joyasyasmin.com\\\/de\\\/shop\\\/\"},{\"@type\":\"ListItem\",\"position\":3,\"name\":\"Halskette mit Steinen\"}]},{\"@type\":\"WebSite\",\"@id\":\"https:\\\/\\\/joyasyasmin.com\\\/de\\\/#website\",\"url\":\"https:\\\/\\\/joyasyasmin.com\\\/de\\\/\",\"name\":\"Yasmin\",\"description\":\"Joyer\u00eda de Plata 925 - Pendientes, pulseras, anillos, colgantes y m\u00e1s!\",\"publisher\":{\"@id\":\"https:\\\/\\\/joyasyasmin.com\\\/de\\\/#organization\"},\"potentialAction\":[{\"@type\":\"SearchAction\",\"target\":{\"@type\":\"EntryPoint\",\"urlTemplate\":\"https:\\\/\\\/joyasyasmin.com\\\/de\\\/?s={search_term_string}\"},\"query-input\":{\"@type\":\"PropertyValueSpecification\",\"valueRequired\":true,\"valueName\":\"search_term_string\"}}],\"inLanguage\":\"de\"},{\"@type\":\"Organization\",\"@id\":\"https:\\\/\\\/joyasyasmin.com\\\/de\\\/#organization\",\"name\":\"joyas yasmin\",\"url\":\"https:\\\/\\\/joyasyasmin.com\\\/de\\\/\",\"logo\":{\"@type\":\"ImageObject\",\"inLanguage\":\"de\",\"@id\":\"https:\\\/\\\/joyasyasmin.com\\\/de\\\/#\\\/schema\\\/logo\\\/image\\\/\",\"url\":\"https:\\\/\\\/joyasyasmin.com\\\/wp-content\\\/uploads\\\/2017\\\/06\\\/IMG-20200429-WA0051.jpg\",\"contentUrl\":\"https:\\\/\\\/joyasyasmin.com\\\/wp-content\\\/uploads\\\/2017\\\/06\\\/IMG-20200429-WA0051.jpg\",\"width\":1080,\"height\":545,\"caption\":\"joyas yasmin\"},\"image\":{\"@id\":\"https:\\\/\\\/joyasyasmin.com\\\/de\\\/#\\\/schema\\\/logo\\\/image\\\/\"},\"sameAs\":[\"https:\\\/\\\/www.facebook.com\\\/Joyas-Yasmin-217664058934169\\\/\",\"https:\\\/\\\/www.instagram.com\\\/invites\\\/contact\\\/\"]}]}<\/script>\n<!-- \/ Yoast SEO plugin. -->","yoast_head_json":{"title":"Halskette mit Steinen - Yasmin","description":"Die Halskette mit Steinen ist ein Accessoire aus 925er Sterlingsilber, das farbige Steine mit einigen silbernen Steinen kombiniert, Sie k\u00f6nnen es alleine tragen oder mit einem Anh\u00e4nger kombinieren.","robots":{"index":"index","follow":"follow","max-snippet":"max-snippet:-1","max-image-preview":"max-image-preview:large","max-video-preview":"max-video-preview:-1"},"canonical":"https:\/\/joyasyasmin.com\/de\/producto\/halskette-mit-steinen\/","og_locale":"de_DE","og_title":"Halskette mit Steinen - Yasmin","og_description":"Die Halskette mit Steinen ist ein Accessoire aus 925er Sterlingsilber, das farbige Steine mit einigen silbernen Steinen kombiniert, Sie k\u00f6nnen es alleine tragen oder mit einem Anh\u00e4nger kombinieren.","og_url":"https:\/\/joyasyasmin.com\/de\/producto\/halskette-mit-steinen\/","og_site_name":"Yasmin","article_publisher":"https:\/\/www.facebook.com\/Joyas-Yasmin-217664058934169\/","og_image":[{"width":920,"height":944,"url":"https:\/\/joyasyasmin.com\/wp-content\/uploads\/2023\/04\/collar-con-piedras-de-plata-.jpg","type":"image\/jpeg"}],"twitter_card":"summary_large_image","schema":{"@context":"https:\/\/schema.org","@graph":[{"@type":["WebPage","ItemPage"],"@id":"https:\/\/joyasyasmin.com\/de\/producto\/halskette-mit-steinen\/","url":"https:\/\/joyasyasmin.com\/de\/producto\/halskette-mit-steinen\/","name":"Halskette mit Steinen - Yasmin","isPartOf":{"@id":"https:\/\/joyasyasmin.com\/de\/#website"},"primaryImageOfPage":{"@id":"https:\/\/joyasyasmin.com\/de\/producto\/halskette-mit-steinen\/#primaryimage"},"image":{"@id":"https:\/\/joyasyasmin.com\/de\/producto\/halskette-mit-steinen\/#primaryimage"},"thumbnailUrl":"https:\/\/joyasyasmin.com\/wp-content\/uploads\/2023\/04\/collar-con-piedras-de-plata-.jpg","datePublished":"2023-04-21T15:17:20+00:00","description":"Die Halskette mit Steinen ist ein Accessoire aus 925er Sterlingsilber, das farbige Steine mit einigen silbernen Steinen kombiniert, Sie k\u00f6nnen es alleine tragen oder mit einem Anh\u00e4nger kombinieren.","breadcrumb":{"@id":"https:\/\/joyasyasmin.com\/de\/producto\/halskette-mit-steinen\/#breadcrumb"},"inLanguage":"de","potentialAction":[{"@type":"ReadAction","target":["https:\/\/joyasyasmin.com\/de\/producto\/halskette-mit-steinen\/"]}]},{"@type":"ImageObject","inLanguage":"de","@id":"https:\/\/joyasyasmin.com\/de\/producto\/halskette-mit-steinen\/#primaryimage","url":"https:\/\/joyasyasmin.com\/wp-content\/uploads\/2023\/04\/collar-con-piedras-de-plata-.jpg","contentUrl":"https:\/\/joyasyasmin.com\/wp-content\/uploads\/2023\/04\/collar-con-piedras-de-plata-.jpg","width":920,"height":944},{"@type":"BreadcrumbList","@id":"https:\/\/joyasyasmin.com\/de\/producto\/halskette-mit-steinen\/#breadcrumb","itemListElement":[{"@type":"ListItem","position":1,"name":"Portada","item":"https:\/\/joyasyasmin.com\/de\/heim\/"},{"@type":"ListItem","position":2,"name":"Shop","item":"https:\/\/joyasyasmin.com\/de\/shop\/"},{"@type":"ListItem","position":3,"name":"Halskette mit Steinen"}]},{"@type":"WebSite","@id":"https:\/\/joyasyasmin.com\/de\/#website","url":"https:\/\/joyasyasmin.com\/de\/","name":"Yasmin","description":"Joyer\u00eda de Plata 925 - Pendientes, pulseras, anillos, colgantes y m\u00e1s!","publisher":{"@id":"https:\/\/joyasyasmin.com\/de\/#organization"},"potentialAction":[{"@type":"SearchAction","target":{"@type":"EntryPoint","urlTemplate":"https:\/\/joyasyasmin.com\/de\/?s={search_term_string}"},"query-input":{"@type":"PropertyValueSpecification","valueRequired":true,"valueName":"search_term_string"}}],"inLanguage":"de"},{"@type":"Organization","@id":"https:\/\/joyasyasmin.com\/de\/#organization","name":"joyas yasmin","url":"https:\/\/joyasyasmin.com\/de\/","logo":{"@type":"ImageObject","inLanguage":"de","@id":"https:\/\/joyasyasmin.com\/de\/#\/schema\/logo\/image\/","url":"https:\/\/joyasyasmin.com\/wp-content\/uploads\/2017\/06\/IMG-20200429-WA0051.jpg","contentUrl":"https:\/\/joyasyasmin.com\/wp-content\/uploads\/2017\/06\/IMG-20200429-WA0051.jpg","width":1080,"height":545,"caption":"joyas yasmin"},"image":{"@id":"https:\/\/joyasyasmin.com\/de\/#\/schema\/logo\/image\/"},"sameAs":["https:\/\/www.facebook.com\/Joyas-Yasmin-217664058934169\/","https:\/\/www.instagram.com\/invites\/contact\/"]}]}},"_links":{"self":[{"href":"https:\/\/joyasyasmin.com\/de\/wp-json\/wp\/v2\/product\/24163","targetHints":{"allow":["GET"]}}],"collection":[{"href":"https:\/\/joyasyasmin.com\/de\/wp-json\/wp\/v2\/product"}],"about":[{"href":"https:\/\/joyasyasmin.com\/de\/wp-json\/wp\/v2\/types\/product"}],"replies":[{"embeddable":true,"href":"https:\/\/joyasyasmin.com\/de\/wp-json\/wp\/v2\/comments?post=24163"}],"version-history":[{"count":0,"href":"https:\/\/joyasyasmin.com\/de\/wp-json\/wp\/v2\/product\/24163\/revisions"}],"wp:featuredmedia":[{"embeddable":true,"href":"https:\/\/joyasyasmin.com\/de\/wp-json\/wp\/v2\/media\/24165"}],"wp:attachment":[{"href":"https:\/\/joyasyasmin.com\/de\/wp-json\/wp\/v2\/media?parent=24163"}],"wp:term":[{"taxonomy":"product_brand","embeddable":true,"href":"https:\/\/joyasyasmin.com\/de\/wp-json\/wp\/v2\/product_brand?post=24163"},{"taxonomy":"product_cat","embeddable":true,"href":"https:\/\/joyasyasmin.com\/de\/wp-json\/wp\/v2\/product_cat?post=24163"},{"taxonomy":"product_tag","embeddable":true,"href":"https:\/\/joyasyasmin.com\/de\/wp-json\/wp\/v2\/product_tag?post=24163"}],"curies":[{"name":"wp","href":"https:\/\/api.w.org\/{rel}","templated":true}]}}