{"id":24164,"date":"2023-04-21T14:28:44","date_gmt":"2023-04-21T14:28:44","guid":{"rendered":"https:\/\/joyasyasmin.com\/producto\/vater-unser-ring\/"},"modified":"2025-11-10T11:47:04","modified_gmt":"2025-11-10T11:47:04","slug":"vater-unser-ring","status":"publish","type":"product","link":"https:\/\/joyasyasmin.com\/de\/producto\/vater-unser-ring\/","title":{"rendered":"Vater unser-Ring"},"content":{"rendered":"","protected":false},"excerpt":{"rendered":"<p>Der Vater Unser Ring ist ein einzigartiges und elegantes religi\u00f6ses Schmuckst\u00fcck, das Sie gerne tragen werden. Hergestellt aus 925er Sterlingsilber, ist es ein langlebiges und verschlei\u00dffestes Accessoire, das seinen Glanz f\u00fcr lange Zeit beh\u00e4lt. Mit einer Breite von 13 mm ist dieser Ring verstellbar und passt sich perfekt an jede Fingergr\u00f6\u00dfe an. Dar\u00fcber hinaus hat es die vollst\u00e4ndige Inschrift des Vaterunsers in spanischer Sprache, die diesem sch\u00f6nen Schmuckst\u00fcck eine tiefe und pers\u00f6nliche Bedeutung verleiht.   <\/p>\n","protected":false},"featured_media":24169,"comment_status":"open","ping_status":"closed","template":"","meta":{"_acf_changed":false,"_joinchat":[]},"product_brand":[],"product_cat":[1850],"product_tag":[3259,2456,3258],"class_list":{"0":"post-24164","1":"product","2":"type-product","3":"status-publish","4":"has-post-thumbnail","6":"product_cat-ringe-ringe","7":"product_tag-religioser-schmuck","8":"product_tag-silberne-ringe","9":"product_tag-vater-unser-ring","11":"first","12":"instock","13":"shipping-taxable","14":"purchasable","15":"product-type-simple"},"acf":[],"yoast_head":"<!-- This site is optimized with the Yoast SEO plugin v27.2 - https:\/\/yoast.com\/product\/yoast-seo-wordpress\/ -->\n<title>Vater unser-Ring - Yasmin<\/title>\n<meta name=\"description\" content=\"Unser Vater Ring ist ein Schmuckst\u00fcck aus 925er Sterlingsilber, misst 13 mm breit und ist offen, damit Sie es an die Gr\u00f6\u00dfe Ihres Fingers anpassen k\u00f6nnen.\" \/>\n<meta name=\"robots\" content=\"index, follow, max-snippet:-1, max-image-preview:large, max-video-preview:-1\" \/>\n<link rel=\"canonical\" href=\"https:\/\/joyasyasmin.com\/de\/producto\/vater-unser-ring\/\" \/>\n<meta property=\"og:locale\" content=\"de_DE\" \/>\n<meta property=\"og:title\" content=\"Vater unser-Ring - Yasmin\" \/>\n<meta property=\"og:description\" content=\"Unser Vater Ring ist ein Schmuckst\u00fcck aus 925er Sterlingsilber, misst 13 mm breit und ist offen, damit Sie es an die Gr\u00f6\u00dfe Ihres Fingers anpassen k\u00f6nnen.\" \/>\n<meta property=\"og:url\" content=\"https:\/\/joyasyasmin.com\/de\/producto\/vater-unser-ring\/\" \/>\n<meta property=\"og:site_name\" content=\"Yasmin\" \/>\n<meta property=\"article:publisher\" content=\"https:\/\/www.facebook.com\/Joyas-Yasmin-217664058934169\/\" \/>\n<meta property=\"article:modified_time\" content=\"2025-11-10T11:47:04+00:00\" \/>\n<meta property=\"og:image\" content=\"https:\/\/joyasyasmin.com\/wp-content\/uploads\/2023\/04\/sortija-padre-nuestro-plata.jpg\" \/>\n\t<meta property=\"og:image:width\" content=\"981\" \/>\n\t<meta property=\"og:image:height\" content=\"981\" \/>\n\t<meta property=\"og:image:type\" content=\"image\/jpeg\" \/>\n<meta name=\"twitter:card\" content=\"summary_large_image\" \/>\n<script type=\"application\/ld+json\" class=\"yoast-schema-graph\">{\"@context\":\"https:\/\/schema.org\",\"@graph\":[{\"@type\":[\"WebPage\",\"ItemPage\"],\"@id\":\"https:\/\/joyasyasmin.com\/de\/producto\/vater-unser-ring\/\",\"url\":\"https:\/\/joyasyasmin.com\/de\/producto\/vater-unser-ring\/\",\"name\":\"Vater unser-Ring - Yasmin\",\"isPartOf\":{\"@id\":\"https:\/\/joyasyasmin.com\/de\/#website\"},\"primaryImageOfPage\":{\"@id\":\"https:\/\/joyasyasmin.com\/de\/producto\/vater-unser-ring\/#primaryimage\"},\"image\":{\"@id\":\"https:\/\/joyasyasmin.com\/de\/producto\/vater-unser-ring\/#primaryimage\"},\"thumbnailUrl\":\"https:\/\/joyasyasmin.com\/wp-content\/uploads\/2023\/04\/sortija-padre-nuestro-plata.jpg\",\"datePublished\":\"2023-04-21T14:28:44+00:00\",\"dateModified\":\"2025-11-10T11:47:04+00:00\",\"description\":\"Unser Vater Ring ist ein Schmuckst\u00fcck aus 925er Sterlingsilber, misst 13 mm breit und ist offen, damit Sie es an die Gr\u00f6\u00dfe Ihres Fingers anpassen k\u00f6nnen.\",\"breadcrumb\":{\"@id\":\"https:\/\/joyasyasmin.com\/de\/producto\/vater-unser-ring\/#breadcrumb\"},\"inLanguage\":\"de\",\"potentialAction\":[{\"@type\":\"ReadAction\",\"target\":[\"https:\/\/joyasyasmin.com\/de\/producto\/vater-unser-ring\/\"]}]},{\"@type\":\"ImageObject\",\"inLanguage\":\"de\",\"@id\":\"https:\/\/joyasyasmin.com\/de\/producto\/vater-unser-ring\/#primaryimage\",\"url\":\"https:\/\/joyasyasmin.com\/wp-content\/uploads\/2023\/04\/sortija-padre-nuestro-plata.jpg\",\"contentUrl\":\"https:\/\/joyasyasmin.com\/wp-content\/uploads\/2023\/04\/sortija-padre-nuestro-plata.jpg\",\"width\":981,\"height\":981,\"caption\":\"Verkauf von Vater unser Ring 925 Sterling Silber\"},{\"@type\":\"BreadcrumbList\",\"@id\":\"https:\/\/joyasyasmin.com\/de\/producto\/vater-unser-ring\/#breadcrumb\",\"itemListElement\":[{\"@type\":\"ListItem\",\"position\":1,\"name\":\"Portada\",\"item\":\"https:\/\/joyasyasmin.com\/de\/heim\/\"},{\"@type\":\"ListItem\",\"position\":2,\"name\":\"Shop\",\"item\":\"https:\/\/joyasyasmin.com\/de\/shop\/\"},{\"@type\":\"ListItem\",\"position\":3,\"name\":\"Vater unser-Ring\"}]},{\"@type\":\"WebSite\",\"@id\":\"https:\/\/joyasyasmin.com\/de\/#website\",\"url\":\"https:\/\/joyasyasmin.com\/de\/\",\"name\":\"Yasmin\",\"description\":\"Joyer\u00eda de Plata 925 - Pendientes, pulseras, anillos, colgantes y m\u00e1s!\",\"publisher\":{\"@id\":\"https:\/\/joyasyasmin.com\/de\/#organization\"},\"potentialAction\":[{\"@type\":\"SearchAction\",\"target\":{\"@type\":\"EntryPoint\",\"urlTemplate\":\"https:\/\/joyasyasmin.com\/de\/?s={search_term_string}\"},\"query-input\":{\"@type\":\"PropertyValueSpecification\",\"valueRequired\":true,\"valueName\":\"search_term_string\"}}],\"inLanguage\":\"de\"},{\"@type\":\"Organization\",\"@id\":\"https:\/\/joyasyasmin.com\/de\/#organization\",\"name\":\"joyas yasmin\",\"url\":\"https:\/\/joyasyasmin.com\/de\/\",\"logo\":{\"@type\":\"ImageObject\",\"inLanguage\":\"de\",\"@id\":\"https:\/\/joyasyasmin.com\/de\/#\/schema\/logo\/image\/\",\"url\":\"https:\/\/joyasyasmin.com\/wp-content\/uploads\/2017\/06\/IMG-20200429-WA0051.jpg\",\"contentUrl\":\"https:\/\/joyasyasmin.com\/wp-content\/uploads\/2017\/06\/IMG-20200429-WA0051.jpg\",\"width\":1080,\"height\":545,\"caption\":\"joyas yasmin\"},\"image\":{\"@id\":\"https:\/\/joyasyasmin.com\/de\/#\/schema\/logo\/image\/\"},\"sameAs\":[\"https:\/\/www.facebook.com\/Joyas-Yasmin-217664058934169\/\",\"https:\/\/www.instagram.com\/invites\/contact\/\"]}]}<\/script>\n<!-- \/ Yoast SEO plugin. -->","yoast_head_json":{"title":"Vater unser-Ring - Yasmin","description":"Unser Vater Ring ist ein Schmuckst\u00fcck aus 925er Sterlingsilber, misst 13 mm breit und ist offen, damit Sie es an die Gr\u00f6\u00dfe Ihres Fingers anpassen k\u00f6nnen.","robots":{"index":"index","follow":"follow","max-snippet":"max-snippet:-1","max-image-preview":"max-image-preview:large","max-video-preview":"max-video-preview:-1"},"canonical":"https:\/\/joyasyasmin.com\/de\/producto\/vater-unser-ring\/","og_locale":"de_DE","og_title":"Vater unser-Ring - Yasmin","og_description":"Unser Vater Ring ist ein Schmuckst\u00fcck aus 925er Sterlingsilber, misst 13 mm breit und ist offen, damit Sie es an die Gr\u00f6\u00dfe Ihres Fingers anpassen k\u00f6nnen.","og_url":"https:\/\/joyasyasmin.com\/de\/producto\/vater-unser-ring\/","og_site_name":"Yasmin","article_publisher":"https:\/\/www.facebook.com\/Joyas-Yasmin-217664058934169\/","article_modified_time":"2025-11-10T11:47:04+00:00","og_image":[{"width":981,"height":981,"url":"https:\/\/joyasyasmin.com\/wp-content\/uploads\/2023\/04\/sortija-padre-nuestro-plata.jpg","type":"image\/jpeg"}],"twitter_card":"summary_large_image","schema":{"@context":"https:\/\/schema.org","@graph":[{"@type":["WebPage","ItemPage"],"@id":"https:\/\/joyasyasmin.com\/de\/producto\/vater-unser-ring\/","url":"https:\/\/joyasyasmin.com\/de\/producto\/vater-unser-ring\/","name":"Vater unser-Ring - Yasmin","isPartOf":{"@id":"https:\/\/joyasyasmin.com\/de\/#website"},"primaryImageOfPage":{"@id":"https:\/\/joyasyasmin.com\/de\/producto\/vater-unser-ring\/#primaryimage"},"image":{"@id":"https:\/\/joyasyasmin.com\/de\/producto\/vater-unser-ring\/#primaryimage"},"thumbnailUrl":"https:\/\/joyasyasmin.com\/wp-content\/uploads\/2023\/04\/sortija-padre-nuestro-plata.jpg","datePublished":"2023-04-21T14:28:44+00:00","dateModified":"2025-11-10T11:47:04+00:00","description":"Unser Vater Ring ist ein Schmuckst\u00fcck aus 925er Sterlingsilber, misst 13 mm breit und ist offen, damit Sie es an die Gr\u00f6\u00dfe Ihres Fingers anpassen k\u00f6nnen.","breadcrumb":{"@id":"https:\/\/joyasyasmin.com\/de\/producto\/vater-unser-ring\/#breadcrumb"},"inLanguage":"de","potentialAction":[{"@type":"ReadAction","target":["https:\/\/joyasyasmin.com\/de\/producto\/vater-unser-ring\/"]}]},{"@type":"ImageObject","inLanguage":"de","@id":"https:\/\/joyasyasmin.com\/de\/producto\/vater-unser-ring\/#primaryimage","url":"https:\/\/joyasyasmin.com\/wp-content\/uploads\/2023\/04\/sortija-padre-nuestro-plata.jpg","contentUrl":"https:\/\/joyasyasmin.com\/wp-content\/uploads\/2023\/04\/sortija-padre-nuestro-plata.jpg","width":981,"height":981,"caption":"Verkauf von Vater unser Ring 925 Sterling Silber"},{"@type":"BreadcrumbList","@id":"https:\/\/joyasyasmin.com\/de\/producto\/vater-unser-ring\/#breadcrumb","itemListElement":[{"@type":"ListItem","position":1,"name":"Portada","item":"https:\/\/joyasyasmin.com\/de\/heim\/"},{"@type":"ListItem","position":2,"name":"Shop","item":"https:\/\/joyasyasmin.com\/de\/shop\/"},{"@type":"ListItem","position":3,"name":"Vater unser-Ring"}]},{"@type":"WebSite","@id":"https:\/\/joyasyasmin.com\/de\/#website","url":"https:\/\/joyasyasmin.com\/de\/","name":"Yasmin","description":"Joyer\u00eda de Plata 925 - Pendientes, pulseras, anillos, colgantes y m\u00e1s!","publisher":{"@id":"https:\/\/joyasyasmin.com\/de\/#organization"},"potentialAction":[{"@type":"SearchAction","target":{"@type":"EntryPoint","urlTemplate":"https:\/\/joyasyasmin.com\/de\/?s={search_term_string}"},"query-input":{"@type":"PropertyValueSpecification","valueRequired":true,"valueName":"search_term_string"}}],"inLanguage":"de"},{"@type":"Organization","@id":"https:\/\/joyasyasmin.com\/de\/#organization","name":"joyas yasmin","url":"https:\/\/joyasyasmin.com\/de\/","logo":{"@type":"ImageObject","inLanguage":"de","@id":"https:\/\/joyasyasmin.com\/de\/#\/schema\/logo\/image\/","url":"https:\/\/joyasyasmin.com\/wp-content\/uploads\/2017\/06\/IMG-20200429-WA0051.jpg","contentUrl":"https:\/\/joyasyasmin.com\/wp-content\/uploads\/2017\/06\/IMG-20200429-WA0051.jpg","width":1080,"height":545,"caption":"joyas yasmin"},"image":{"@id":"https:\/\/joyasyasmin.com\/de\/#\/schema\/logo\/image\/"},"sameAs":["https:\/\/www.facebook.com\/Joyas-Yasmin-217664058934169\/","https:\/\/www.instagram.com\/invites\/contact\/"]}]}},"_links":{"self":[{"href":"https:\/\/joyasyasmin.com\/de\/wp-json\/wp\/v2\/product\/24164","targetHints":{"allow":["GET"]}}],"collection":[{"href":"https:\/\/joyasyasmin.com\/de\/wp-json\/wp\/v2\/product"}],"about":[{"href":"https:\/\/joyasyasmin.com\/de\/wp-json\/wp\/v2\/types\/product"}],"replies":[{"embeddable":true,"href":"https:\/\/joyasyasmin.com\/de\/wp-json\/wp\/v2\/comments?post=24164"}],"version-history":[{"count":1,"href":"https:\/\/joyasyasmin.com\/de\/wp-json\/wp\/v2\/product\/24164\/revisions"}],"predecessor-version":[{"id":36006,"href":"https:\/\/joyasyasmin.com\/de\/wp-json\/wp\/v2\/product\/24164\/revisions\/36006"}],"wp:featuredmedia":[{"embeddable":true,"href":"https:\/\/joyasyasmin.com\/de\/wp-json\/wp\/v2\/media\/24169"}],"wp:attachment":[{"href":"https:\/\/joyasyasmin.com\/de\/wp-json\/wp\/v2\/media?parent=24164"}],"wp:term":[{"taxonomy":"product_brand","embeddable":true,"href":"https:\/\/joyasyasmin.com\/de\/wp-json\/wp\/v2\/product_brand?post=24164"},{"taxonomy":"product_cat","embeddable":true,"href":"https:\/\/joyasyasmin.com\/de\/wp-json\/wp\/v2\/product_cat?post=24164"},{"taxonomy":"product_tag","embeddable":true,"href":"https:\/\/joyasyasmin.com\/de\/wp-json\/wp\/v2\/product_tag?post=24164"}],"curies":[{"name":"wp","href":"https:\/\/api.w.org\/{rel}","templated":true}]}}