{"id":24248,"date":"2023-04-29T21:17:50","date_gmt":"2023-04-29T21:17:50","guid":{"rendered":"https:\/\/joyasyasmin.com\/producto\/siegelring-aus-silber\/"},"modified":"2026-02-26T09:00:32","modified_gmt":"2026-02-26T09:00:32","slug":"siegelring-aus-silber","status":"publish","type":"product","link":"https:\/\/joyasyasmin.com\/de\/producto\/siegelring-aus-silber\/","title":{"rendered":"Siegelring aus Silber"},"content":{"rendered":"","protected":false},"excerpt":{"rendered":"<p>Siegelring aus 925er Sterlingsilber mit Onyx, mit einer Breite von 14 mm, ist ideal f\u00fcr M\u00e4nner und Frauen, die ein elegantes und raffiniertes Accessoire suchen. Das klassische Design des Stempels verleiht ihm einen Hauch von Klasse, w\u00e4hrend der Onyx f\u00fcr ein raffiniertes und k\u00fchnes Finish sorgt. Das hochwertige 925er Sterlingsilber garantiert die Langlebigkeit und Widerstandsf\u00e4higkeit dieses Rings, und bietet einen unvergleichlichen Glanz. Egal, ob Sie ihn bei der Arbeit oder zu einem besonderen Anlass tragen, dieser Siegelring ist die perfekte Wahl, um Ihren Stil zu unterstreichen. Die Schachtel, in der unser Schmuck verpackt ist, besteht aus recyceltem Material und leistet einen Beitrag zum Umweltschutz.    <\/p>\n","protected":false},"featured_media":24261,"comment_status":"open","ping_status":"closed","template":"","meta":{"_acf_changed":false,"_joinchat":[]},"product_brand":[],"product_cat":[1850],"product_tag":[3309,3308,3310,2170],"class_list":{"0":"post-24248","1":"product","2":"type-product","3":"status-publish","4":"has-post-thumbnail","6":"product_cat-ringe-ringe","7":"product_tag-ringe-fur-herren-de","8":"product_tag-siegelring-aus-silber","9":"product_tag-silberne-siegel","10":"product_tag-was-ist-neu-in-2023","12":"first","13":"instock","14":"shipping-taxable","15":"purchasable","16":"product-type-variable"},"acf":[],"yoast_head":"<!-- This site is optimized with the Yoast SEO plugin v27.2 - https:\/\/yoast.com\/product\/yoast-seo-wordpress\/ -->\n<title>Siegelring aus Silber - Yasmin<\/title>\n<meta name=\"description\" content=\"Silberner Siegelring ist ein elegantes und raffiniertes Accessoire, unser Schmuck aus 925er Sterlingsilber ist langlebig und robust, ideal f\u00fcr M\u00e4nner und Frauen.\" \/>\n<meta name=\"robots\" content=\"index, follow, max-snippet:-1, max-image-preview:large, max-video-preview:-1\" \/>\n<link rel=\"canonical\" href=\"https:\/\/joyasyasmin.com\/de\/producto\/siegelring-aus-silber\/\" \/>\n<meta property=\"og:locale\" content=\"de_DE\" \/>\n<meta property=\"og:title\" content=\"Siegelring aus Silber - Yasmin\" \/>\n<meta property=\"og:description\" content=\"Silberner Siegelring ist ein elegantes und raffiniertes Accessoire, unser Schmuck aus 925er Sterlingsilber ist langlebig und robust, ideal f\u00fcr M\u00e4nner und Frauen.\" \/>\n<meta property=\"og:url\" content=\"https:\/\/joyasyasmin.com\/de\/producto\/siegelring-aus-silber\/\" \/>\n<meta property=\"og:site_name\" content=\"Yasmin\" \/>\n<meta property=\"article:publisher\" content=\"https:\/\/www.facebook.com\/Joyas-Yasmin-217664058934169\/\" \/>\n<meta property=\"article:modified_time\" content=\"2026-02-26T09:00:32+00:00\" \/>\n<meta property=\"og:image\" content=\"https:\/\/joyasyasmin.com\/wp-content\/uploads\/2023\/04\/anillo-sello-negro-plata.jpg\" \/>\n\t<meta property=\"og:image:width\" content=\"1000\" \/>\n\t<meta property=\"og:image:height\" content=\"1000\" \/>\n\t<meta property=\"og:image:type\" content=\"image\/jpeg\" \/>\n<meta name=\"twitter:card\" content=\"summary_large_image\" \/>\n<script type=\"application\/ld+json\" class=\"yoast-schema-graph\">{\"@context\":\"https:\/\/schema.org\",\"@graph\":[{\"@type\":[\"WebPage\",\"ItemPage\"],\"@id\":\"https:\/\/joyasyasmin.com\/de\/producto\/siegelring-aus-silber\/\",\"url\":\"https:\/\/joyasyasmin.com\/de\/producto\/siegelring-aus-silber\/\",\"name\":\"Siegelring aus Silber - Yasmin\",\"isPartOf\":{\"@id\":\"https:\/\/joyasyasmin.com\/de\/#website\"},\"primaryImageOfPage\":{\"@id\":\"https:\/\/joyasyasmin.com\/de\/producto\/siegelring-aus-silber\/#primaryimage\"},\"image\":{\"@id\":\"https:\/\/joyasyasmin.com\/de\/producto\/siegelring-aus-silber\/#primaryimage\"},\"thumbnailUrl\":\"https:\/\/joyasyasmin.com\/wp-content\/uploads\/2023\/04\/anillo-sello-negro-plata.jpg\",\"datePublished\":\"2023-04-29T21:17:50+00:00\",\"dateModified\":\"2026-02-26T09:00:32+00:00\",\"description\":\"Silberner Siegelring ist ein elegantes und raffiniertes Accessoire, unser Schmuck aus 925er Sterlingsilber ist langlebig und robust, ideal f\u00fcr M\u00e4nner und Frauen.\",\"breadcrumb\":{\"@id\":\"https:\/\/joyasyasmin.com\/de\/producto\/siegelring-aus-silber\/#breadcrumb\"},\"inLanguage\":\"de\",\"potentialAction\":[{\"@type\":\"ReadAction\",\"target\":[\"https:\/\/joyasyasmin.com\/de\/producto\/siegelring-aus-silber\/\"]}]},{\"@type\":\"ImageObject\",\"inLanguage\":\"de\",\"@id\":\"https:\/\/joyasyasmin.com\/de\/producto\/siegelring-aus-silber\/#primaryimage\",\"url\":\"https:\/\/joyasyasmin.com\/wp-content\/uploads\/2023\/04\/anillo-sello-negro-plata.jpg\",\"contentUrl\":\"https:\/\/joyasyasmin.com\/wp-content\/uploads\/2023\/04\/anillo-sello-negro-plata.jpg\",\"width\":1000,\"height\":1000,\"caption\":\"Sale Schwarzer Siegelring 925 Sterling Silber\"},{\"@type\":\"BreadcrumbList\",\"@id\":\"https:\/\/joyasyasmin.com\/de\/producto\/siegelring-aus-silber\/#breadcrumb\",\"itemListElement\":[{\"@type\":\"ListItem\",\"position\":1,\"name\":\"Portada\",\"item\":\"https:\/\/joyasyasmin.com\/de\/heim\/\"},{\"@type\":\"ListItem\",\"position\":2,\"name\":\"Shop\",\"item\":\"https:\/\/joyasyasmin.com\/de\/shop\/\"},{\"@type\":\"ListItem\",\"position\":3,\"name\":\"Siegelring aus Silber\"}]},{\"@type\":\"WebSite\",\"@id\":\"https:\/\/joyasyasmin.com\/de\/#website\",\"url\":\"https:\/\/joyasyasmin.com\/de\/\",\"name\":\"Yasmin\",\"description\":\"Joyer\u00eda de Plata 925 - Pendientes, pulseras, anillos, colgantes y m\u00e1s!\",\"publisher\":{\"@id\":\"https:\/\/joyasyasmin.com\/de\/#organization\"},\"potentialAction\":[{\"@type\":\"SearchAction\",\"target\":{\"@type\":\"EntryPoint\",\"urlTemplate\":\"https:\/\/joyasyasmin.com\/de\/?s={search_term_string}\"},\"query-input\":{\"@type\":\"PropertyValueSpecification\",\"valueRequired\":true,\"valueName\":\"search_term_string\"}}],\"inLanguage\":\"de\"},{\"@type\":\"Organization\",\"@id\":\"https:\/\/joyasyasmin.com\/de\/#organization\",\"name\":\"joyas yasmin\",\"url\":\"https:\/\/joyasyasmin.com\/de\/\",\"logo\":{\"@type\":\"ImageObject\",\"inLanguage\":\"de\",\"@id\":\"https:\/\/joyasyasmin.com\/de\/#\/schema\/logo\/image\/\",\"url\":\"https:\/\/joyasyasmin.com\/wp-content\/uploads\/2017\/06\/IMG-20200429-WA0051.jpg\",\"contentUrl\":\"https:\/\/joyasyasmin.com\/wp-content\/uploads\/2017\/06\/IMG-20200429-WA0051.jpg\",\"width\":1080,\"height\":545,\"caption\":\"joyas yasmin\"},\"image\":{\"@id\":\"https:\/\/joyasyasmin.com\/de\/#\/schema\/logo\/image\/\"},\"sameAs\":[\"https:\/\/www.facebook.com\/Joyas-Yasmin-217664058934169\/\",\"https:\/\/www.instagram.com\/invites\/contact\/\"]}]}<\/script>\n<!-- \/ Yoast SEO plugin. -->","yoast_head_json":{"title":"Siegelring aus Silber - Yasmin","description":"Silberner Siegelring ist ein elegantes und raffiniertes Accessoire, unser Schmuck aus 925er Sterlingsilber ist langlebig und robust, ideal f\u00fcr M\u00e4nner und Frauen.","robots":{"index":"index","follow":"follow","max-snippet":"max-snippet:-1","max-image-preview":"max-image-preview:large","max-video-preview":"max-video-preview:-1"},"canonical":"https:\/\/joyasyasmin.com\/de\/producto\/siegelring-aus-silber\/","og_locale":"de_DE","og_title":"Siegelring aus Silber - Yasmin","og_description":"Silberner Siegelring ist ein elegantes und raffiniertes Accessoire, unser Schmuck aus 925er Sterlingsilber ist langlebig und robust, ideal f\u00fcr M\u00e4nner und Frauen.","og_url":"https:\/\/joyasyasmin.com\/de\/producto\/siegelring-aus-silber\/","og_site_name":"Yasmin","article_publisher":"https:\/\/www.facebook.com\/Joyas-Yasmin-217664058934169\/","article_modified_time":"2026-02-26T09:00:32+00:00","og_image":[{"width":1000,"height":1000,"url":"https:\/\/joyasyasmin.com\/wp-content\/uploads\/2023\/04\/anillo-sello-negro-plata.jpg","type":"image\/jpeg"}],"twitter_card":"summary_large_image","schema":{"@context":"https:\/\/schema.org","@graph":[{"@type":["WebPage","ItemPage"],"@id":"https:\/\/joyasyasmin.com\/de\/producto\/siegelring-aus-silber\/","url":"https:\/\/joyasyasmin.com\/de\/producto\/siegelring-aus-silber\/","name":"Siegelring aus Silber - Yasmin","isPartOf":{"@id":"https:\/\/joyasyasmin.com\/de\/#website"},"primaryImageOfPage":{"@id":"https:\/\/joyasyasmin.com\/de\/producto\/siegelring-aus-silber\/#primaryimage"},"image":{"@id":"https:\/\/joyasyasmin.com\/de\/producto\/siegelring-aus-silber\/#primaryimage"},"thumbnailUrl":"https:\/\/joyasyasmin.com\/wp-content\/uploads\/2023\/04\/anillo-sello-negro-plata.jpg","datePublished":"2023-04-29T21:17:50+00:00","dateModified":"2026-02-26T09:00:32+00:00","description":"Silberner Siegelring ist ein elegantes und raffiniertes Accessoire, unser Schmuck aus 925er Sterlingsilber ist langlebig und robust, ideal f\u00fcr M\u00e4nner und Frauen.","breadcrumb":{"@id":"https:\/\/joyasyasmin.com\/de\/producto\/siegelring-aus-silber\/#breadcrumb"},"inLanguage":"de","potentialAction":[{"@type":"ReadAction","target":["https:\/\/joyasyasmin.com\/de\/producto\/siegelring-aus-silber\/"]}]},{"@type":"ImageObject","inLanguage":"de","@id":"https:\/\/joyasyasmin.com\/de\/producto\/siegelring-aus-silber\/#primaryimage","url":"https:\/\/joyasyasmin.com\/wp-content\/uploads\/2023\/04\/anillo-sello-negro-plata.jpg","contentUrl":"https:\/\/joyasyasmin.com\/wp-content\/uploads\/2023\/04\/anillo-sello-negro-plata.jpg","width":1000,"height":1000,"caption":"Sale Schwarzer Siegelring 925 Sterling Silber"},{"@type":"BreadcrumbList","@id":"https:\/\/joyasyasmin.com\/de\/producto\/siegelring-aus-silber\/#breadcrumb","itemListElement":[{"@type":"ListItem","position":1,"name":"Portada","item":"https:\/\/joyasyasmin.com\/de\/heim\/"},{"@type":"ListItem","position":2,"name":"Shop","item":"https:\/\/joyasyasmin.com\/de\/shop\/"},{"@type":"ListItem","position":3,"name":"Siegelring aus Silber"}]},{"@type":"WebSite","@id":"https:\/\/joyasyasmin.com\/de\/#website","url":"https:\/\/joyasyasmin.com\/de\/","name":"Yasmin","description":"Joyer\u00eda de Plata 925 - Pendientes, pulseras, anillos, colgantes y m\u00e1s!","publisher":{"@id":"https:\/\/joyasyasmin.com\/de\/#organization"},"potentialAction":[{"@type":"SearchAction","target":{"@type":"EntryPoint","urlTemplate":"https:\/\/joyasyasmin.com\/de\/?s={search_term_string}"},"query-input":{"@type":"PropertyValueSpecification","valueRequired":true,"valueName":"search_term_string"}}],"inLanguage":"de"},{"@type":"Organization","@id":"https:\/\/joyasyasmin.com\/de\/#organization","name":"joyas yasmin","url":"https:\/\/joyasyasmin.com\/de\/","logo":{"@type":"ImageObject","inLanguage":"de","@id":"https:\/\/joyasyasmin.com\/de\/#\/schema\/logo\/image\/","url":"https:\/\/joyasyasmin.com\/wp-content\/uploads\/2017\/06\/IMG-20200429-WA0051.jpg","contentUrl":"https:\/\/joyasyasmin.com\/wp-content\/uploads\/2017\/06\/IMG-20200429-WA0051.jpg","width":1080,"height":545,"caption":"joyas yasmin"},"image":{"@id":"https:\/\/joyasyasmin.com\/de\/#\/schema\/logo\/image\/"},"sameAs":["https:\/\/www.facebook.com\/Joyas-Yasmin-217664058934169\/","https:\/\/www.instagram.com\/invites\/contact\/"]}]}},"_links":{"self":[{"href":"https:\/\/joyasyasmin.com\/de\/wp-json\/wp\/v2\/product\/24248","targetHints":{"allow":["GET"]}}],"collection":[{"href":"https:\/\/joyasyasmin.com\/de\/wp-json\/wp\/v2\/product"}],"about":[{"href":"https:\/\/joyasyasmin.com\/de\/wp-json\/wp\/v2\/types\/product"}],"replies":[{"embeddable":true,"href":"https:\/\/joyasyasmin.com\/de\/wp-json\/wp\/v2\/comments?post=24248"}],"version-history":[{"count":1,"href":"https:\/\/joyasyasmin.com\/de\/wp-json\/wp\/v2\/product\/24248\/revisions"}],"predecessor-version":[{"id":38345,"href":"https:\/\/joyasyasmin.com\/de\/wp-json\/wp\/v2\/product\/24248\/revisions\/38345"}],"wp:featuredmedia":[{"embeddable":true,"href":"https:\/\/joyasyasmin.com\/de\/wp-json\/wp\/v2\/media\/24261"}],"wp:attachment":[{"href":"https:\/\/joyasyasmin.com\/de\/wp-json\/wp\/v2\/media?parent=24248"}],"wp:term":[{"taxonomy":"product_brand","embeddable":true,"href":"https:\/\/joyasyasmin.com\/de\/wp-json\/wp\/v2\/product_brand?post=24248"},{"taxonomy":"product_cat","embeddable":true,"href":"https:\/\/joyasyasmin.com\/de\/wp-json\/wp\/v2\/product_cat?post=24248"},{"taxonomy":"product_tag","embeddable":true,"href":"https:\/\/joyasyasmin.com\/de\/wp-json\/wp\/v2\/product_tag?post=24248"}],"curies":[{"name":"wp","href":"https:\/\/api.w.org\/{rel}","templated":true}]}}