{"id":24304,"date":"2023-05-08T17:05:12","date_gmt":"2023-05-08T17:05:12","guid":{"rendered":"https:\/\/joyasyasmin.com\/producto\/riviere-zirkonia-armband\/"},"modified":"2023-05-08T17:05:12","modified_gmt":"2023-05-08T17:05:12","slug":"riviere-zirkonia-armband","status":"publish","type":"product","link":"https:\/\/joyasyasmin.com\/de\/producto\/riviere-zirkonia-armband\/","title":{"rendered":"Riviere Zirkonia Armband"},"content":{"rendered":"","protected":false},"excerpt":{"rendered":"<p>Dieses Rivi\u00e8re-Zirkonia-Armband aus Sterlingsilber ist ein elegantes und zeitloses St\u00fcck, das sich jedem Stil anpasst. Mit einer Breite von 2,5 mm ist das Armband mit wundersch\u00f6nen quadratischen Zirkonen verziert, die in jedem Licht gl\u00e4nzen. Das Material aus 925er Sterlingsilber sorgt daf\u00fcr, dass das Armband langlebig und robust ist, und der Sicherheitsverschluss sorgt daf\u00fcr, dass es sicher am Handgelenk bleibt. Wir haben mehrere L\u00e4ngen, damit Sie Ihre Gr\u00f6\u00dfe w\u00e4hlen k\u00f6nnen, was es Ihnen leicht macht, die perfekte Gr\u00f6\u00dfe f\u00fcr Ihr Handgelenk zu finden.   <\/p>\n","protected":false},"featured_media":24312,"comment_status":"open","ping_status":"closed","template":"","meta":{"_acf_changed":false,"_joinchat":[]},"product_brand":[],"product_cat":[1787],"product_tag":[3339,3337],"class_list":{"0":"post-24304","1":"product","2":"type-product","3":"status-publish","4":"has-post-thumbnail","6":"product_cat-armbander","7":"product_tag-armband-mit-quadratischem-zirkonia","8":"product_tag-riviera-zirkonia-armband","10":"first","11":"instock","12":"shipping-taxable","13":"purchasable","14":"product-type-variable"},"acf":[],"yoast_head":"<!-- This site is optimized with the Yoast SEO plugin v27.2 - https:\/\/yoast.com\/product\/yoast-seo-wordpress\/ -->\n<title>Riviere Zirkonia Armband - Yasmin<\/title>\n<meta name=\"description\" content=\"Riviere Zirkonia Armband ist ein Accessoire aus 925er Sterlingsilber, dessen Design aus quadratischem Zirkonia in einer Reihe eine Linie bildet. Sie werden es lieben!\" \/>\n<meta name=\"robots\" content=\"index, follow, max-snippet:-1, max-image-preview:large, max-video-preview:-1\" \/>\n<link rel=\"canonical\" href=\"https:\/\/joyasyasmin.com\/de\/producto\/riviere-zirkonia-armband\/\" \/>\n<meta property=\"og:locale\" content=\"de_DE\" \/>\n<meta property=\"og:title\" content=\"Riviere Zirkonia Armband - Yasmin\" \/>\n<meta property=\"og:description\" content=\"Riviere Zirkonia Armband ist ein Accessoire aus 925er Sterlingsilber, dessen Design aus quadratischem Zirkonia in einer Reihe eine Linie bildet. Sie werden es lieben!\" \/>\n<meta property=\"og:url\" content=\"https:\/\/joyasyasmin.com\/de\/producto\/riviere-zirkonia-armband\/\" \/>\n<meta property=\"og:site_name\" content=\"Yasmin\" \/>\n<meta property=\"article:publisher\" content=\"https:\/\/www.facebook.com\/Joyas-Yasmin-217664058934169\/\" \/>\n<meta property=\"og:image\" content=\"https:\/\/joyasyasmin.com\/wp-content\/uploads\/2023\/05\/puslera-rivier-circonita-blanca.jpg\" \/>\n\t<meta property=\"og:image:width\" content=\"1000\" \/>\n\t<meta property=\"og:image:height\" content=\"1000\" \/>\n\t<meta property=\"og:image:type\" content=\"image\/jpeg\" \/>\n<meta name=\"twitter:card\" content=\"summary_large_image\" \/>\n<script type=\"application\/ld+json\" class=\"yoast-schema-graph\">{\"@context\":\"https:\/\/schema.org\",\"@graph\":[{\"@type\":[\"WebPage\",\"ItemPage\"],\"@id\":\"https:\/\/joyasyasmin.com\/de\/producto\/riviere-zirkonia-armband\/\",\"url\":\"https:\/\/joyasyasmin.com\/de\/producto\/riviere-zirkonia-armband\/\",\"name\":\"Riviere Zirkonia Armband - Yasmin\",\"isPartOf\":{\"@id\":\"https:\/\/joyasyasmin.com\/de\/#website\"},\"primaryImageOfPage\":{\"@id\":\"https:\/\/joyasyasmin.com\/de\/producto\/riviere-zirkonia-armband\/#primaryimage\"},\"image\":{\"@id\":\"https:\/\/joyasyasmin.com\/de\/producto\/riviere-zirkonia-armband\/#primaryimage\"},\"thumbnailUrl\":\"https:\/\/joyasyasmin.com\/wp-content\/uploads\/2023\/05\/puslera-rivier-circonita-blanca.jpg\",\"datePublished\":\"2023-05-08T17:05:12+00:00\",\"description\":\"Riviere Zirkonia Armband ist ein Accessoire aus 925er Sterlingsilber, dessen Design aus quadratischem Zirkonia in einer Reihe eine Linie bildet. Sie werden es lieben!\",\"breadcrumb\":{\"@id\":\"https:\/\/joyasyasmin.com\/de\/producto\/riviere-zirkonia-armband\/#breadcrumb\"},\"inLanguage\":\"de\",\"potentialAction\":[{\"@type\":\"ReadAction\",\"target\":[\"https:\/\/joyasyasmin.com\/de\/producto\/riviere-zirkonia-armband\/\"]}]},{\"@type\":\"ImageObject\",\"inLanguage\":\"de\",\"@id\":\"https:\/\/joyasyasmin.com\/de\/producto\/riviere-zirkonia-armband\/#primaryimage\",\"url\":\"https:\/\/joyasyasmin.com\/wp-content\/uploads\/2023\/05\/puslera-rivier-circonita-blanca.jpg\",\"contentUrl\":\"https:\/\/joyasyasmin.com\/wp-content\/uploads\/2023\/05\/puslera-rivier-circonita-blanca.jpg\",\"width\":1000,\"height\":1000},{\"@type\":\"BreadcrumbList\",\"@id\":\"https:\/\/joyasyasmin.com\/de\/producto\/riviere-zirkonia-armband\/#breadcrumb\",\"itemListElement\":[{\"@type\":\"ListItem\",\"position\":1,\"name\":\"Portada\",\"item\":\"https:\/\/joyasyasmin.com\/de\/heim\/\"},{\"@type\":\"ListItem\",\"position\":2,\"name\":\"Shop\",\"item\":\"https:\/\/joyasyasmin.com\/de\/shop\/\"},{\"@type\":\"ListItem\",\"position\":3,\"name\":\"Riviere Zirkonia Armband\"}]},{\"@type\":\"WebSite\",\"@id\":\"https:\/\/joyasyasmin.com\/de\/#website\",\"url\":\"https:\/\/joyasyasmin.com\/de\/\",\"name\":\"Yasmin\",\"description\":\"Joyer\u00eda de Plata 925 - Pendientes, pulseras, anillos, colgantes y m\u00e1s!\",\"publisher\":{\"@id\":\"https:\/\/joyasyasmin.com\/de\/#organization\"},\"potentialAction\":[{\"@type\":\"SearchAction\",\"target\":{\"@type\":\"EntryPoint\",\"urlTemplate\":\"https:\/\/joyasyasmin.com\/de\/?s={search_term_string}\"},\"query-input\":{\"@type\":\"PropertyValueSpecification\",\"valueRequired\":true,\"valueName\":\"search_term_string\"}}],\"inLanguage\":\"de\"},{\"@type\":\"Organization\",\"@id\":\"https:\/\/joyasyasmin.com\/de\/#organization\",\"name\":\"joyas yasmin\",\"url\":\"https:\/\/joyasyasmin.com\/de\/\",\"logo\":{\"@type\":\"ImageObject\",\"inLanguage\":\"de\",\"@id\":\"https:\/\/joyasyasmin.com\/de\/#\/schema\/logo\/image\/\",\"url\":\"https:\/\/joyasyasmin.com\/wp-content\/uploads\/2017\/06\/IMG-20200429-WA0051.jpg\",\"contentUrl\":\"https:\/\/joyasyasmin.com\/wp-content\/uploads\/2017\/06\/IMG-20200429-WA0051.jpg\",\"width\":1080,\"height\":545,\"caption\":\"joyas yasmin\"},\"image\":{\"@id\":\"https:\/\/joyasyasmin.com\/de\/#\/schema\/logo\/image\/\"},\"sameAs\":[\"https:\/\/www.facebook.com\/Joyas-Yasmin-217664058934169\/\",\"https:\/\/www.instagram.com\/invites\/contact\/\"]}]}<\/script>\n<!-- \/ Yoast SEO plugin. -->","yoast_head_json":{"title":"Riviere Zirkonia Armband - Yasmin","description":"Riviere Zirkonia Armband ist ein Accessoire aus 925er Sterlingsilber, dessen Design aus quadratischem Zirkonia in einer Reihe eine Linie bildet. Sie werden es lieben!","robots":{"index":"index","follow":"follow","max-snippet":"max-snippet:-1","max-image-preview":"max-image-preview:large","max-video-preview":"max-video-preview:-1"},"canonical":"https:\/\/joyasyasmin.com\/de\/producto\/riviere-zirkonia-armband\/","og_locale":"de_DE","og_title":"Riviere Zirkonia Armband - Yasmin","og_description":"Riviere Zirkonia Armband ist ein Accessoire aus 925er Sterlingsilber, dessen Design aus quadratischem Zirkonia in einer Reihe eine Linie bildet. Sie werden es lieben!","og_url":"https:\/\/joyasyasmin.com\/de\/producto\/riviere-zirkonia-armband\/","og_site_name":"Yasmin","article_publisher":"https:\/\/www.facebook.com\/Joyas-Yasmin-217664058934169\/","og_image":[{"width":1000,"height":1000,"url":"https:\/\/joyasyasmin.com\/wp-content\/uploads\/2023\/05\/puslera-rivier-circonita-blanca.jpg","type":"image\/jpeg"}],"twitter_card":"summary_large_image","schema":{"@context":"https:\/\/schema.org","@graph":[{"@type":["WebPage","ItemPage"],"@id":"https:\/\/joyasyasmin.com\/de\/producto\/riviere-zirkonia-armband\/","url":"https:\/\/joyasyasmin.com\/de\/producto\/riviere-zirkonia-armband\/","name":"Riviere Zirkonia Armband - Yasmin","isPartOf":{"@id":"https:\/\/joyasyasmin.com\/de\/#website"},"primaryImageOfPage":{"@id":"https:\/\/joyasyasmin.com\/de\/producto\/riviere-zirkonia-armband\/#primaryimage"},"image":{"@id":"https:\/\/joyasyasmin.com\/de\/producto\/riviere-zirkonia-armband\/#primaryimage"},"thumbnailUrl":"https:\/\/joyasyasmin.com\/wp-content\/uploads\/2023\/05\/puslera-rivier-circonita-blanca.jpg","datePublished":"2023-05-08T17:05:12+00:00","description":"Riviere Zirkonia Armband ist ein Accessoire aus 925er Sterlingsilber, dessen Design aus quadratischem Zirkonia in einer Reihe eine Linie bildet. Sie werden es lieben!","breadcrumb":{"@id":"https:\/\/joyasyasmin.com\/de\/producto\/riviere-zirkonia-armband\/#breadcrumb"},"inLanguage":"de","potentialAction":[{"@type":"ReadAction","target":["https:\/\/joyasyasmin.com\/de\/producto\/riviere-zirkonia-armband\/"]}]},{"@type":"ImageObject","inLanguage":"de","@id":"https:\/\/joyasyasmin.com\/de\/producto\/riviere-zirkonia-armband\/#primaryimage","url":"https:\/\/joyasyasmin.com\/wp-content\/uploads\/2023\/05\/puslera-rivier-circonita-blanca.jpg","contentUrl":"https:\/\/joyasyasmin.com\/wp-content\/uploads\/2023\/05\/puslera-rivier-circonita-blanca.jpg","width":1000,"height":1000},{"@type":"BreadcrumbList","@id":"https:\/\/joyasyasmin.com\/de\/producto\/riviere-zirkonia-armband\/#breadcrumb","itemListElement":[{"@type":"ListItem","position":1,"name":"Portada","item":"https:\/\/joyasyasmin.com\/de\/heim\/"},{"@type":"ListItem","position":2,"name":"Shop","item":"https:\/\/joyasyasmin.com\/de\/shop\/"},{"@type":"ListItem","position":3,"name":"Riviere Zirkonia Armband"}]},{"@type":"WebSite","@id":"https:\/\/joyasyasmin.com\/de\/#website","url":"https:\/\/joyasyasmin.com\/de\/","name":"Yasmin","description":"Joyer\u00eda de Plata 925 - Pendientes, pulseras, anillos, colgantes y m\u00e1s!","publisher":{"@id":"https:\/\/joyasyasmin.com\/de\/#organization"},"potentialAction":[{"@type":"SearchAction","target":{"@type":"EntryPoint","urlTemplate":"https:\/\/joyasyasmin.com\/de\/?s={search_term_string}"},"query-input":{"@type":"PropertyValueSpecification","valueRequired":true,"valueName":"search_term_string"}}],"inLanguage":"de"},{"@type":"Organization","@id":"https:\/\/joyasyasmin.com\/de\/#organization","name":"joyas yasmin","url":"https:\/\/joyasyasmin.com\/de\/","logo":{"@type":"ImageObject","inLanguage":"de","@id":"https:\/\/joyasyasmin.com\/de\/#\/schema\/logo\/image\/","url":"https:\/\/joyasyasmin.com\/wp-content\/uploads\/2017\/06\/IMG-20200429-WA0051.jpg","contentUrl":"https:\/\/joyasyasmin.com\/wp-content\/uploads\/2017\/06\/IMG-20200429-WA0051.jpg","width":1080,"height":545,"caption":"joyas yasmin"},"image":{"@id":"https:\/\/joyasyasmin.com\/de\/#\/schema\/logo\/image\/"},"sameAs":["https:\/\/www.facebook.com\/Joyas-Yasmin-217664058934169\/","https:\/\/www.instagram.com\/invites\/contact\/"]}]}},"_links":{"self":[{"href":"https:\/\/joyasyasmin.com\/de\/wp-json\/wp\/v2\/product\/24304","targetHints":{"allow":["GET"]}}],"collection":[{"href":"https:\/\/joyasyasmin.com\/de\/wp-json\/wp\/v2\/product"}],"about":[{"href":"https:\/\/joyasyasmin.com\/de\/wp-json\/wp\/v2\/types\/product"}],"replies":[{"embeddable":true,"href":"https:\/\/joyasyasmin.com\/de\/wp-json\/wp\/v2\/comments?post=24304"}],"version-history":[{"count":0,"href":"https:\/\/joyasyasmin.com\/de\/wp-json\/wp\/v2\/product\/24304\/revisions"}],"wp:featuredmedia":[{"embeddable":true,"href":"https:\/\/joyasyasmin.com\/de\/wp-json\/wp\/v2\/media\/24312"}],"wp:attachment":[{"href":"https:\/\/joyasyasmin.com\/de\/wp-json\/wp\/v2\/media?parent=24304"}],"wp:term":[{"taxonomy":"product_brand","embeddable":true,"href":"https:\/\/joyasyasmin.com\/de\/wp-json\/wp\/v2\/product_brand?post=24304"},{"taxonomy":"product_cat","embeddable":true,"href":"https:\/\/joyasyasmin.com\/de\/wp-json\/wp\/v2\/product_cat?post=24304"},{"taxonomy":"product_tag","embeddable":true,"href":"https:\/\/joyasyasmin.com\/de\/wp-json\/wp\/v2\/product_tag?post=24304"}],"curies":[{"name":"wp","href":"https:\/\/api.w.org\/{rel}","templated":true}]}}