{"id":24350,"date":"2023-05-21T19:02:22","date_gmt":"2023-05-21T19:02:22","guid":{"rendered":"https:\/\/joyasyasmin.com\/producto\/baum-des-lebens-anhaenger\/"},"modified":"2026-01-26T07:19:29","modified_gmt":"2026-01-26T07:19:29","slug":"baum-des-lebens-anhaenger","status":"publish","type":"product","link":"https:\/\/joyasyasmin.com\/de\/producto\/baum-des-lebens-anhaenger\/","title":{"rendered":"Baum des Lebens Anh\u00e4nger"},"content":{"rendered":"","protected":false},"excerpt":{"rendered":"<p>Nehmen Sie das Symbol des Lebens und der Verbindung zur Natur mit unserem wundersch\u00f6nen Tree of Life-Anh\u00e4nger mit! Gefertigt aus hochwertigem 925 Sterlingsilber, zeichnet sich dieser Anh\u00e4nger durch ein elegantes und detailreiches Design aus, das die Sch\u00f6nheit und Essenz des Baumes des Lebens einf\u00e4ngt.<\/p>\n<p>Der Anh\u00e4nger hat einen Durchmesser von 25 mm, die perfekte Gr\u00f6\u00dfe, um dein Design hervorzuheben, ohne zu auff\u00e4llig zu wirken. Man kann ihn einzeln oder mit einer 45 cm langen Kette im Rolo-Design kaufen, was perfekt zum Anh\u00e4nger passt und es erm\u00f6glicht, ihn sofort zu tragen.<\/p>\n","protected":false},"featured_media":24357,"comment_status":"open","ping_status":"closed","template":"","meta":{"_acf_changed":false,"_joinchat":[]},"product_brand":[],"product_cat":[1874],"product_tag":[3360,3359,2170],"class_list":{"0":"post-24350","1":"product","2":"type-product","3":"status-publish","4":"has-post-thumbnail","6":"product_cat-anhanger","7":"product_tag-baum-des-lebens-anhanger","8":"product_tag-silberner-baum-des-lebens-anhanger","9":"product_tag-was-ist-neu-in-2023","11":"first","12":"instock","13":"shipping-taxable","14":"purchasable","15":"product-type-variable"},"acf":[],"yoast_head":"<!-- This site is optimized with the Yoast SEO plugin v27.2 - https:\/\/yoast.com\/product\/yoast-seo-wordpress\/ -->\n<title>Baum des Lebens Anh\u00e4nger - Yasmin<\/title>\n<meta name=\"description\" content=\"Nehmen Sie das Symbol des Lebens und der Verbundenheit mit der Natur mit unserem wundersch\u00f6nen Baum des Lebens Anh\u00e4nger mit! Hergestellt aus 925er Sterlingsilber.\" \/>\n<meta name=\"robots\" content=\"index, follow, max-snippet:-1, max-image-preview:large, max-video-preview:-1\" \/>\n<link rel=\"canonical\" href=\"https:\/\/joyasyasmin.com\/de\/producto\/baum-des-lebens-anhaenger\/\" \/>\n<meta property=\"og:locale\" content=\"de_DE\" \/>\n<meta property=\"og:title\" content=\"Baum des Lebens Anh\u00e4nger - Yasmin\" \/>\n<meta property=\"og:description\" content=\"Nehmen Sie das Symbol des Lebens und der Verbundenheit mit der Natur mit unserem wundersch\u00f6nen Baum des Lebens Anh\u00e4nger mit! Hergestellt aus 925er Sterlingsilber.\" \/>\n<meta property=\"og:url\" content=\"https:\/\/joyasyasmin.com\/de\/producto\/baum-des-lebens-anhaenger\/\" \/>\n<meta property=\"og:site_name\" content=\"Yasmin\" \/>\n<meta property=\"article:publisher\" content=\"https:\/\/www.facebook.com\/Joyas-Yasmin-217664058934169\/\" \/>\n<meta property=\"article:modified_time\" content=\"2026-01-26T07:19:29+00:00\" \/>\n<meta property=\"og:image\" content=\"https:\/\/joyasyasmin.com\/wp-content\/uploads\/2023\/05\/coglante-arbol-de-la-vida-plata-liso.jpg\" \/>\n\t<meta property=\"og:image:width\" content=\"1000\" \/>\n\t<meta property=\"og:image:height\" content=\"1000\" \/>\n\t<meta property=\"og:image:type\" content=\"image\/jpeg\" \/>\n<meta name=\"twitter:card\" content=\"summary_large_image\" \/>\n<script type=\"application\/ld+json\" class=\"yoast-schema-graph\">{\"@context\":\"https:\/\/schema.org\",\"@graph\":[{\"@type\":[\"WebPage\",\"ItemPage\"],\"@id\":\"https:\/\/joyasyasmin.com\/de\/producto\/baum-des-lebens-anhaenger\/\",\"url\":\"https:\/\/joyasyasmin.com\/de\/producto\/baum-des-lebens-anhaenger\/\",\"name\":\"Baum des Lebens Anh\u00e4nger - Yasmin\",\"isPartOf\":{\"@id\":\"https:\/\/joyasyasmin.com\/de\/#website\"},\"primaryImageOfPage\":{\"@id\":\"https:\/\/joyasyasmin.com\/de\/producto\/baum-des-lebens-anhaenger\/#primaryimage\"},\"image\":{\"@id\":\"https:\/\/joyasyasmin.com\/de\/producto\/baum-des-lebens-anhaenger\/#primaryimage\"},\"thumbnailUrl\":\"https:\/\/joyasyasmin.com\/wp-content\/uploads\/2023\/05\/coglante-arbol-de-la-vida-plata-liso.jpg\",\"datePublished\":\"2023-05-21T19:02:22+00:00\",\"dateModified\":\"2026-01-26T07:19:29+00:00\",\"description\":\"Nehmen Sie das Symbol des Lebens und der Verbundenheit mit der Natur mit unserem wundersch\u00f6nen Baum des Lebens Anh\u00e4nger mit! Hergestellt aus 925er Sterlingsilber.\",\"breadcrumb\":{\"@id\":\"https:\/\/joyasyasmin.com\/de\/producto\/baum-des-lebens-anhaenger\/#breadcrumb\"},\"inLanguage\":\"de\",\"potentialAction\":[{\"@type\":\"ReadAction\",\"target\":[\"https:\/\/joyasyasmin.com\/de\/producto\/baum-des-lebens-anhaenger\/\"]}]},{\"@type\":\"ImageObject\",\"inLanguage\":\"de\",\"@id\":\"https:\/\/joyasyasmin.com\/de\/producto\/baum-des-lebens-anhaenger\/#primaryimage\",\"url\":\"https:\/\/joyasyasmin.com\/wp-content\/uploads\/2023\/05\/coglante-arbol-de-la-vida-plata-liso.jpg\",\"contentUrl\":\"https:\/\/joyasyasmin.com\/wp-content\/uploads\/2023\/05\/coglante-arbol-de-la-vida-plata-liso.jpg\",\"width\":1000,\"height\":1000,\"caption\":\"Verkauf von 925 schlichter Silber Baum des Lebens Anh\u00e4nger, seine Gr\u00f6\u00dfe 25mm\"},{\"@type\":\"BreadcrumbList\",\"@id\":\"https:\/\/joyasyasmin.com\/de\/producto\/baum-des-lebens-anhaenger\/#breadcrumb\",\"itemListElement\":[{\"@type\":\"ListItem\",\"position\":1,\"name\":\"Portada\",\"item\":\"https:\/\/joyasyasmin.com\/de\/heim\/\"},{\"@type\":\"ListItem\",\"position\":2,\"name\":\"Shop\",\"item\":\"https:\/\/joyasyasmin.com\/de\/shop\/\"},{\"@type\":\"ListItem\",\"position\":3,\"name\":\"Baum des Lebens Anh\u00e4nger\"}]},{\"@type\":\"WebSite\",\"@id\":\"https:\/\/joyasyasmin.com\/de\/#website\",\"url\":\"https:\/\/joyasyasmin.com\/de\/\",\"name\":\"Yasmin\",\"description\":\"Joyer\u00eda de Plata 925 - Pendientes, pulseras, anillos, colgantes y m\u00e1s!\",\"publisher\":{\"@id\":\"https:\/\/joyasyasmin.com\/de\/#organization\"},\"potentialAction\":[{\"@type\":\"SearchAction\",\"target\":{\"@type\":\"EntryPoint\",\"urlTemplate\":\"https:\/\/joyasyasmin.com\/de\/?s={search_term_string}\"},\"query-input\":{\"@type\":\"PropertyValueSpecification\",\"valueRequired\":true,\"valueName\":\"search_term_string\"}}],\"inLanguage\":\"de\"},{\"@type\":\"Organization\",\"@id\":\"https:\/\/joyasyasmin.com\/de\/#organization\",\"name\":\"joyas yasmin\",\"url\":\"https:\/\/joyasyasmin.com\/de\/\",\"logo\":{\"@type\":\"ImageObject\",\"inLanguage\":\"de\",\"@id\":\"https:\/\/joyasyasmin.com\/de\/#\/schema\/logo\/image\/\",\"url\":\"https:\/\/joyasyasmin.com\/wp-content\/uploads\/2017\/06\/IMG-20200429-WA0051.jpg\",\"contentUrl\":\"https:\/\/joyasyasmin.com\/wp-content\/uploads\/2017\/06\/IMG-20200429-WA0051.jpg\",\"width\":1080,\"height\":545,\"caption\":\"joyas yasmin\"},\"image\":{\"@id\":\"https:\/\/joyasyasmin.com\/de\/#\/schema\/logo\/image\/\"},\"sameAs\":[\"https:\/\/www.facebook.com\/Joyas-Yasmin-217664058934169\/\",\"https:\/\/www.instagram.com\/invites\/contact\/\"]}]}<\/script>\n<!-- \/ Yoast SEO plugin. -->","yoast_head_json":{"title":"Baum des Lebens Anh\u00e4nger - Yasmin","description":"Nehmen Sie das Symbol des Lebens und der Verbundenheit mit der Natur mit unserem wundersch\u00f6nen Baum des Lebens Anh\u00e4nger mit! Hergestellt aus 925er Sterlingsilber.","robots":{"index":"index","follow":"follow","max-snippet":"max-snippet:-1","max-image-preview":"max-image-preview:large","max-video-preview":"max-video-preview:-1"},"canonical":"https:\/\/joyasyasmin.com\/de\/producto\/baum-des-lebens-anhaenger\/","og_locale":"de_DE","og_title":"Baum des Lebens Anh\u00e4nger - Yasmin","og_description":"Nehmen Sie das Symbol des Lebens und der Verbundenheit mit der Natur mit unserem wundersch\u00f6nen Baum des Lebens Anh\u00e4nger mit! Hergestellt aus 925er Sterlingsilber.","og_url":"https:\/\/joyasyasmin.com\/de\/producto\/baum-des-lebens-anhaenger\/","og_site_name":"Yasmin","article_publisher":"https:\/\/www.facebook.com\/Joyas-Yasmin-217664058934169\/","article_modified_time":"2026-01-26T07:19:29+00:00","og_image":[{"width":1000,"height":1000,"url":"https:\/\/joyasyasmin.com\/wp-content\/uploads\/2023\/05\/coglante-arbol-de-la-vida-plata-liso.jpg","type":"image\/jpeg"}],"twitter_card":"summary_large_image","schema":{"@context":"https:\/\/schema.org","@graph":[{"@type":["WebPage","ItemPage"],"@id":"https:\/\/joyasyasmin.com\/de\/producto\/baum-des-lebens-anhaenger\/","url":"https:\/\/joyasyasmin.com\/de\/producto\/baum-des-lebens-anhaenger\/","name":"Baum des Lebens Anh\u00e4nger - Yasmin","isPartOf":{"@id":"https:\/\/joyasyasmin.com\/de\/#website"},"primaryImageOfPage":{"@id":"https:\/\/joyasyasmin.com\/de\/producto\/baum-des-lebens-anhaenger\/#primaryimage"},"image":{"@id":"https:\/\/joyasyasmin.com\/de\/producto\/baum-des-lebens-anhaenger\/#primaryimage"},"thumbnailUrl":"https:\/\/joyasyasmin.com\/wp-content\/uploads\/2023\/05\/coglante-arbol-de-la-vida-plata-liso.jpg","datePublished":"2023-05-21T19:02:22+00:00","dateModified":"2026-01-26T07:19:29+00:00","description":"Nehmen Sie das Symbol des Lebens und der Verbundenheit mit der Natur mit unserem wundersch\u00f6nen Baum des Lebens Anh\u00e4nger mit! Hergestellt aus 925er Sterlingsilber.","breadcrumb":{"@id":"https:\/\/joyasyasmin.com\/de\/producto\/baum-des-lebens-anhaenger\/#breadcrumb"},"inLanguage":"de","potentialAction":[{"@type":"ReadAction","target":["https:\/\/joyasyasmin.com\/de\/producto\/baum-des-lebens-anhaenger\/"]}]},{"@type":"ImageObject","inLanguage":"de","@id":"https:\/\/joyasyasmin.com\/de\/producto\/baum-des-lebens-anhaenger\/#primaryimage","url":"https:\/\/joyasyasmin.com\/wp-content\/uploads\/2023\/05\/coglante-arbol-de-la-vida-plata-liso.jpg","contentUrl":"https:\/\/joyasyasmin.com\/wp-content\/uploads\/2023\/05\/coglante-arbol-de-la-vida-plata-liso.jpg","width":1000,"height":1000,"caption":"Verkauf von 925 schlichter Silber Baum des Lebens Anh\u00e4nger, seine Gr\u00f6\u00dfe 25mm"},{"@type":"BreadcrumbList","@id":"https:\/\/joyasyasmin.com\/de\/producto\/baum-des-lebens-anhaenger\/#breadcrumb","itemListElement":[{"@type":"ListItem","position":1,"name":"Portada","item":"https:\/\/joyasyasmin.com\/de\/heim\/"},{"@type":"ListItem","position":2,"name":"Shop","item":"https:\/\/joyasyasmin.com\/de\/shop\/"},{"@type":"ListItem","position":3,"name":"Baum des Lebens Anh\u00e4nger"}]},{"@type":"WebSite","@id":"https:\/\/joyasyasmin.com\/de\/#website","url":"https:\/\/joyasyasmin.com\/de\/","name":"Yasmin","description":"Joyer\u00eda de Plata 925 - Pendientes, pulseras, anillos, colgantes y m\u00e1s!","publisher":{"@id":"https:\/\/joyasyasmin.com\/de\/#organization"},"potentialAction":[{"@type":"SearchAction","target":{"@type":"EntryPoint","urlTemplate":"https:\/\/joyasyasmin.com\/de\/?s={search_term_string}"},"query-input":{"@type":"PropertyValueSpecification","valueRequired":true,"valueName":"search_term_string"}}],"inLanguage":"de"},{"@type":"Organization","@id":"https:\/\/joyasyasmin.com\/de\/#organization","name":"joyas yasmin","url":"https:\/\/joyasyasmin.com\/de\/","logo":{"@type":"ImageObject","inLanguage":"de","@id":"https:\/\/joyasyasmin.com\/de\/#\/schema\/logo\/image\/","url":"https:\/\/joyasyasmin.com\/wp-content\/uploads\/2017\/06\/IMG-20200429-WA0051.jpg","contentUrl":"https:\/\/joyasyasmin.com\/wp-content\/uploads\/2017\/06\/IMG-20200429-WA0051.jpg","width":1080,"height":545,"caption":"joyas yasmin"},"image":{"@id":"https:\/\/joyasyasmin.com\/de\/#\/schema\/logo\/image\/"},"sameAs":["https:\/\/www.facebook.com\/Joyas-Yasmin-217664058934169\/","https:\/\/www.instagram.com\/invites\/contact\/"]}]}},"_links":{"self":[{"href":"https:\/\/joyasyasmin.com\/de\/wp-json\/wp\/v2\/product\/24350","targetHints":{"allow":["GET"]}}],"collection":[{"href":"https:\/\/joyasyasmin.com\/de\/wp-json\/wp\/v2\/product"}],"about":[{"href":"https:\/\/joyasyasmin.com\/de\/wp-json\/wp\/v2\/types\/product"}],"replies":[{"embeddable":true,"href":"https:\/\/joyasyasmin.com\/de\/wp-json\/wp\/v2\/comments?post=24350"}],"version-history":[{"count":1,"href":"https:\/\/joyasyasmin.com\/de\/wp-json\/wp\/v2\/product\/24350\/revisions"}],"predecessor-version":[{"id":37454,"href":"https:\/\/joyasyasmin.com\/de\/wp-json\/wp\/v2\/product\/24350\/revisions\/37454"}],"wp:featuredmedia":[{"embeddable":true,"href":"https:\/\/joyasyasmin.com\/de\/wp-json\/wp\/v2\/media\/24357"}],"wp:attachment":[{"href":"https:\/\/joyasyasmin.com\/de\/wp-json\/wp\/v2\/media?parent=24350"}],"wp:term":[{"taxonomy":"product_brand","embeddable":true,"href":"https:\/\/joyasyasmin.com\/de\/wp-json\/wp\/v2\/product_brand?post=24350"},{"taxonomy":"product_cat","embeddable":true,"href":"https:\/\/joyasyasmin.com\/de\/wp-json\/wp\/v2\/product_cat?post=24350"},{"taxonomy":"product_tag","embeddable":true,"href":"https:\/\/joyasyasmin.com\/de\/wp-json\/wp\/v2\/product_tag?post=24350"}],"curies":[{"name":"wp","href":"https:\/\/api.w.org\/{rel}","templated":true}]}}