{"id":24353,"date":"2023-05-21T19:27:51","date_gmt":"2023-05-21T19:27:51","guid":{"rendered":"https:\/\/joyasyasmin.com\/producto\/buegel-in-der-mitte-der-wade\/"},"modified":"2023-05-21T19:27:51","modified_gmt":"2023-05-21T19:27:51","slug":"buegel-in-der-mitte-der-wade","status":"publish","type":"product","link":"https:\/\/joyasyasmin.com\/de\/producto\/buegel-in-der-mitte-der-wade\/","title":{"rendered":"B\u00fcgel in der Mitte der Wade"},"content":{"rendered":"","protected":false},"excerpt":{"rendered":"<p>Mit einer Breite von 5mm zeichnen sich diese Creolen durch ihr modernes und auff\u00e4lliges Design aus. Sie sind in verschiedenen Durchmessern erh\u00e4ltlich, so dass Sie die perfekte Gr\u00f6\u00dfe f\u00fcr Ihren pers\u00f6nlichen Stil finden k\u00f6nnen. Der typische B\u00fcgelverschluss sorgt f\u00fcr einen sicheren Halt, der sich leicht an- und ausziehen l\u00e4sst. Unsere Creolen sind aus 925er Sterlingsilber gefertigt, was ihre Qualit\u00e4t und lange Haltbarkeit gew\u00e4hrleistet. Sterlingsilber ist bekannt f\u00fcr seinen Glanz und seine zeitlose Sch\u00f6nheit, was diese Creolen zu einer perfekten Erg\u00e4nzung f\u00fcr jeden Anlass macht, ob l\u00e4ssig oder formell  <\/p>\n","protected":false},"featured_media":24360,"comment_status":"open","ping_status":"closed","template":"","meta":{"_acf_changed":false,"_joinchat":[]},"product_brand":[],"product_cat":[1770],"product_tag":[3361,3306],"class_list":{"0":"post-24353","1":"product","2":"type-product","3":"status-publish","4":"has-post-thumbnail","6":"product_cat-ohrringe-und-ohrringe","7":"product_tag-bugel-in-der-mitte-der-wade","8":"product_tag-creolen-aus-925er-sterlingsilber","10":"first","11":"instock","12":"shipping-taxable","13":"purchasable","14":"product-type-variable"},"acf":[],"yoast_head":"<!-- This site is optimized with the Yoast SEO plugin v27.2 - https:\/\/yoast.com\/product\/yoast-seo-wordpress\/ -->\n<title>B\u00fcgel in der Mitte der Wade - Yasmin<\/title>\n<meta name=\"description\" content=\"Unsere mittelhohen Creolen sind aus 925er Sterlingsilber gefertigt, was ihre Qualit\u00e4t und lange Haltbarkeit gew\u00e4hrleistet, wir haben mehrere Gr\u00f6\u00dfen.\" \/>\n<meta name=\"robots\" content=\"index, follow, max-snippet:-1, max-image-preview:large, max-video-preview:-1\" \/>\n<link rel=\"canonical\" href=\"https:\/\/joyasyasmin.com\/de\/producto\/buegel-in-der-mitte-der-wade\/\" \/>\n<meta property=\"og:locale\" content=\"de_DE\" \/>\n<meta property=\"og:title\" content=\"B\u00fcgel in der Mitte der Wade - Yasmin\" \/>\n<meta property=\"og:description\" content=\"Unsere mittelhohen Creolen sind aus 925er Sterlingsilber gefertigt, was ihre Qualit\u00e4t und lange Haltbarkeit gew\u00e4hrleistet, wir haben mehrere Gr\u00f6\u00dfen.\" \/>\n<meta property=\"og:url\" content=\"https:\/\/joyasyasmin.com\/de\/producto\/buegel-in-der-mitte-der-wade\/\" \/>\n<meta property=\"og:site_name\" content=\"Yasmin\" \/>\n<meta property=\"article:publisher\" content=\"https:\/\/www.facebook.com\/Joyas-Yasmin-217664058934169\/\" \/>\n<meta property=\"og:image\" content=\"https:\/\/joyasyasmin.com\/wp-content\/uploads\/2023\/05\/aro-media-cana.jpg\" \/>\n\t<meta property=\"og:image:width\" content=\"1000\" \/>\n\t<meta property=\"og:image:height\" content=\"1000\" \/>\n\t<meta property=\"og:image:type\" content=\"image\/jpeg\" \/>\n<meta name=\"twitter:card\" content=\"summary_large_image\" \/>\n<script type=\"application\/ld+json\" class=\"yoast-schema-graph\">{\"@context\":\"https:\/\/schema.org\",\"@graph\":[{\"@type\":[\"WebPage\",\"ItemPage\"],\"@id\":\"https:\/\/joyasyasmin.com\/de\/producto\/buegel-in-der-mitte-der-wade\/\",\"url\":\"https:\/\/joyasyasmin.com\/de\/producto\/buegel-in-der-mitte-der-wade\/\",\"name\":\"B\u00fcgel in der Mitte der Wade - Yasmin\",\"isPartOf\":{\"@id\":\"https:\/\/joyasyasmin.com\/de\/#website\"},\"primaryImageOfPage\":{\"@id\":\"https:\/\/joyasyasmin.com\/de\/producto\/buegel-in-der-mitte-der-wade\/#primaryimage\"},\"image\":{\"@id\":\"https:\/\/joyasyasmin.com\/de\/producto\/buegel-in-der-mitte-der-wade\/#primaryimage\"},\"thumbnailUrl\":\"https:\/\/joyasyasmin.com\/wp-content\/uploads\/2023\/05\/aro-media-cana.jpg\",\"datePublished\":\"2023-05-21T19:27:51+00:00\",\"description\":\"Unsere mittelhohen Creolen sind aus 925er Sterlingsilber gefertigt, was ihre Qualit\u00e4t und lange Haltbarkeit gew\u00e4hrleistet, wir haben mehrere Gr\u00f6\u00dfen.\",\"breadcrumb\":{\"@id\":\"https:\/\/joyasyasmin.com\/de\/producto\/buegel-in-der-mitte-der-wade\/#breadcrumb\"},\"inLanguage\":\"de\",\"potentialAction\":[{\"@type\":\"ReadAction\",\"target\":[\"https:\/\/joyasyasmin.com\/de\/producto\/buegel-in-der-mitte-der-wade\/\"]}]},{\"@type\":\"ImageObject\",\"inLanguage\":\"de\",\"@id\":\"https:\/\/joyasyasmin.com\/de\/producto\/buegel-in-der-mitte-der-wade\/#primaryimage\",\"url\":\"https:\/\/joyasyasmin.com\/wp-content\/uploads\/2023\/05\/aro-media-cana.jpg\",\"contentUrl\":\"https:\/\/joyasyasmin.com\/wp-content\/uploads\/2023\/05\/aro-media-cana.jpg\",\"width\":1000,\"height\":1000},{\"@type\":\"BreadcrumbList\",\"@id\":\"https:\/\/joyasyasmin.com\/de\/producto\/buegel-in-der-mitte-der-wade\/#breadcrumb\",\"itemListElement\":[{\"@type\":\"ListItem\",\"position\":1,\"name\":\"Portada\",\"item\":\"https:\/\/joyasyasmin.com\/de\/heim\/\"},{\"@type\":\"ListItem\",\"position\":2,\"name\":\"Shop\",\"item\":\"https:\/\/joyasyasmin.com\/de\/shop\/\"},{\"@type\":\"ListItem\",\"position\":3,\"name\":\"B\u00fcgel in der Mitte der Wade\"}]},{\"@type\":\"WebSite\",\"@id\":\"https:\/\/joyasyasmin.com\/de\/#website\",\"url\":\"https:\/\/joyasyasmin.com\/de\/\",\"name\":\"Yasmin\",\"description\":\"Joyer\u00eda de Plata 925 - Pendientes, pulseras, anillos, colgantes y m\u00e1s!\",\"publisher\":{\"@id\":\"https:\/\/joyasyasmin.com\/de\/#organization\"},\"potentialAction\":[{\"@type\":\"SearchAction\",\"target\":{\"@type\":\"EntryPoint\",\"urlTemplate\":\"https:\/\/joyasyasmin.com\/de\/?s={search_term_string}\"},\"query-input\":{\"@type\":\"PropertyValueSpecification\",\"valueRequired\":true,\"valueName\":\"search_term_string\"}}],\"inLanguage\":\"de\"},{\"@type\":\"Organization\",\"@id\":\"https:\/\/joyasyasmin.com\/de\/#organization\",\"name\":\"joyas yasmin\",\"url\":\"https:\/\/joyasyasmin.com\/de\/\",\"logo\":{\"@type\":\"ImageObject\",\"inLanguage\":\"de\",\"@id\":\"https:\/\/joyasyasmin.com\/de\/#\/schema\/logo\/image\/\",\"url\":\"https:\/\/joyasyasmin.com\/wp-content\/uploads\/2017\/06\/IMG-20200429-WA0051.jpg\",\"contentUrl\":\"https:\/\/joyasyasmin.com\/wp-content\/uploads\/2017\/06\/IMG-20200429-WA0051.jpg\",\"width\":1080,\"height\":545,\"caption\":\"joyas yasmin\"},\"image\":{\"@id\":\"https:\/\/joyasyasmin.com\/de\/#\/schema\/logo\/image\/\"},\"sameAs\":[\"https:\/\/www.facebook.com\/Joyas-Yasmin-217664058934169\/\",\"https:\/\/www.instagram.com\/invites\/contact\/\"]}]}<\/script>\n<!-- \/ Yoast SEO plugin. -->","yoast_head_json":{"title":"B\u00fcgel in der Mitte der Wade - Yasmin","description":"Unsere mittelhohen Creolen sind aus 925er Sterlingsilber gefertigt, was ihre Qualit\u00e4t und lange Haltbarkeit gew\u00e4hrleistet, wir haben mehrere Gr\u00f6\u00dfen.","robots":{"index":"index","follow":"follow","max-snippet":"max-snippet:-1","max-image-preview":"max-image-preview:large","max-video-preview":"max-video-preview:-1"},"canonical":"https:\/\/joyasyasmin.com\/de\/producto\/buegel-in-der-mitte-der-wade\/","og_locale":"de_DE","og_title":"B\u00fcgel in der Mitte der Wade - Yasmin","og_description":"Unsere mittelhohen Creolen sind aus 925er Sterlingsilber gefertigt, was ihre Qualit\u00e4t und lange Haltbarkeit gew\u00e4hrleistet, wir haben mehrere Gr\u00f6\u00dfen.","og_url":"https:\/\/joyasyasmin.com\/de\/producto\/buegel-in-der-mitte-der-wade\/","og_site_name":"Yasmin","article_publisher":"https:\/\/www.facebook.com\/Joyas-Yasmin-217664058934169\/","og_image":[{"width":1000,"height":1000,"url":"https:\/\/joyasyasmin.com\/wp-content\/uploads\/2023\/05\/aro-media-cana.jpg","type":"image\/jpeg"}],"twitter_card":"summary_large_image","schema":{"@context":"https:\/\/schema.org","@graph":[{"@type":["WebPage","ItemPage"],"@id":"https:\/\/joyasyasmin.com\/de\/producto\/buegel-in-der-mitte-der-wade\/","url":"https:\/\/joyasyasmin.com\/de\/producto\/buegel-in-der-mitte-der-wade\/","name":"B\u00fcgel in der Mitte der Wade - Yasmin","isPartOf":{"@id":"https:\/\/joyasyasmin.com\/de\/#website"},"primaryImageOfPage":{"@id":"https:\/\/joyasyasmin.com\/de\/producto\/buegel-in-der-mitte-der-wade\/#primaryimage"},"image":{"@id":"https:\/\/joyasyasmin.com\/de\/producto\/buegel-in-der-mitte-der-wade\/#primaryimage"},"thumbnailUrl":"https:\/\/joyasyasmin.com\/wp-content\/uploads\/2023\/05\/aro-media-cana.jpg","datePublished":"2023-05-21T19:27:51+00:00","description":"Unsere mittelhohen Creolen sind aus 925er Sterlingsilber gefertigt, was ihre Qualit\u00e4t und lange Haltbarkeit gew\u00e4hrleistet, wir haben mehrere Gr\u00f6\u00dfen.","breadcrumb":{"@id":"https:\/\/joyasyasmin.com\/de\/producto\/buegel-in-der-mitte-der-wade\/#breadcrumb"},"inLanguage":"de","potentialAction":[{"@type":"ReadAction","target":["https:\/\/joyasyasmin.com\/de\/producto\/buegel-in-der-mitte-der-wade\/"]}]},{"@type":"ImageObject","inLanguage":"de","@id":"https:\/\/joyasyasmin.com\/de\/producto\/buegel-in-der-mitte-der-wade\/#primaryimage","url":"https:\/\/joyasyasmin.com\/wp-content\/uploads\/2023\/05\/aro-media-cana.jpg","contentUrl":"https:\/\/joyasyasmin.com\/wp-content\/uploads\/2023\/05\/aro-media-cana.jpg","width":1000,"height":1000},{"@type":"BreadcrumbList","@id":"https:\/\/joyasyasmin.com\/de\/producto\/buegel-in-der-mitte-der-wade\/#breadcrumb","itemListElement":[{"@type":"ListItem","position":1,"name":"Portada","item":"https:\/\/joyasyasmin.com\/de\/heim\/"},{"@type":"ListItem","position":2,"name":"Shop","item":"https:\/\/joyasyasmin.com\/de\/shop\/"},{"@type":"ListItem","position":3,"name":"B\u00fcgel in der Mitte der Wade"}]},{"@type":"WebSite","@id":"https:\/\/joyasyasmin.com\/de\/#website","url":"https:\/\/joyasyasmin.com\/de\/","name":"Yasmin","description":"Joyer\u00eda de Plata 925 - Pendientes, pulseras, anillos, colgantes y m\u00e1s!","publisher":{"@id":"https:\/\/joyasyasmin.com\/de\/#organization"},"potentialAction":[{"@type":"SearchAction","target":{"@type":"EntryPoint","urlTemplate":"https:\/\/joyasyasmin.com\/de\/?s={search_term_string}"},"query-input":{"@type":"PropertyValueSpecification","valueRequired":true,"valueName":"search_term_string"}}],"inLanguage":"de"},{"@type":"Organization","@id":"https:\/\/joyasyasmin.com\/de\/#organization","name":"joyas yasmin","url":"https:\/\/joyasyasmin.com\/de\/","logo":{"@type":"ImageObject","inLanguage":"de","@id":"https:\/\/joyasyasmin.com\/de\/#\/schema\/logo\/image\/","url":"https:\/\/joyasyasmin.com\/wp-content\/uploads\/2017\/06\/IMG-20200429-WA0051.jpg","contentUrl":"https:\/\/joyasyasmin.com\/wp-content\/uploads\/2017\/06\/IMG-20200429-WA0051.jpg","width":1080,"height":545,"caption":"joyas yasmin"},"image":{"@id":"https:\/\/joyasyasmin.com\/de\/#\/schema\/logo\/image\/"},"sameAs":["https:\/\/www.facebook.com\/Joyas-Yasmin-217664058934169\/","https:\/\/www.instagram.com\/invites\/contact\/"]}]}},"_links":{"self":[{"href":"https:\/\/joyasyasmin.com\/de\/wp-json\/wp\/v2\/product\/24353","targetHints":{"allow":["GET"]}}],"collection":[{"href":"https:\/\/joyasyasmin.com\/de\/wp-json\/wp\/v2\/product"}],"about":[{"href":"https:\/\/joyasyasmin.com\/de\/wp-json\/wp\/v2\/types\/product"}],"replies":[{"embeddable":true,"href":"https:\/\/joyasyasmin.com\/de\/wp-json\/wp\/v2\/comments?post=24353"}],"version-history":[{"count":0,"href":"https:\/\/joyasyasmin.com\/de\/wp-json\/wp\/v2\/product\/24353\/revisions"}],"wp:featuredmedia":[{"embeddable":true,"href":"https:\/\/joyasyasmin.com\/de\/wp-json\/wp\/v2\/media\/24360"}],"wp:attachment":[{"href":"https:\/\/joyasyasmin.com\/de\/wp-json\/wp\/v2\/media?parent=24353"}],"wp:term":[{"taxonomy":"product_brand","embeddable":true,"href":"https:\/\/joyasyasmin.com\/de\/wp-json\/wp\/v2\/product_brand?post=24353"},{"taxonomy":"product_cat","embeddable":true,"href":"https:\/\/joyasyasmin.com\/de\/wp-json\/wp\/v2\/product_cat?post=24353"},{"taxonomy":"product_tag","embeddable":true,"href":"https:\/\/joyasyasmin.com\/de\/wp-json\/wp\/v2\/product_tag?post=24353"}],"curies":[{"name":"wp","href":"https:\/\/api.w.org\/{rel}","templated":true}]}}