{"id":24837,"date":"2023-04-09T14:08:26","date_gmt":"2023-04-09T14:08:26","guid":{"rendered":"https:\/\/joyasyasmin.com\/producto\/veronica-long-color-stein-ohrring\/"},"modified":"2025-11-10T11:46:24","modified_gmt":"2025-11-10T11:46:24","slug":"veronica-long-color-stein-ohrring","status":"publish","type":"product","link":"https:\/\/joyasyasmin.com\/de\/producto\/veronica-long-color-stein-ohrring\/","title":{"rendered":"Veronica Long Color Stein Ohrring"},"content":{"rendered":"","protected":false},"excerpt":{"rendered":"<p>Der Veronica Long Color Stone Ohrring ist ein Juwel aus 925er Sterlingsilber, dessen Design aus einem runden Zirkon (5 mm) besteht, an dem eine Stange (4 cm lang) mit rundem Zirkonia in f\u00fcnf verschiedenen Farben h\u00e4ngt, sein Snap-Nut-Verschluss ist einfach anzubringen, dieses Design ist ideal, um es mit hochgestecktem oder offenem Haar zu tragen; Die Schachtel, in der unsere Schmuckst\u00fccke verstaut werden, besteht aus recyceltem Karton und leistet damit einen Beitrag zum Umweltschutz.<\/p>\n","protected":false},"featured_media":24838,"comment_status":"open","ping_status":"closed","template":"","meta":{"_acf_changed":false,"_joinchat":[]},"product_brand":[],"product_cat":[1770],"product_tag":[2150,3553,2170],"class_list":{"0":"post-24837","1":"product","2":"type-product","3":"status-publish","4":"has-post-thumbnail","6":"product_cat-ohrringe-und-ohrringe","7":"product_tag-lange-ohrringe-aus-silber","8":"product_tag-veronica-long-color-stein-ohrring","9":"product_tag-was-ist-neu-in-2023","11":"first","12":"instock","13":"shipping-taxable","14":"purchasable","15":"product-type-simple"},"acf":[],"yoast_head":"<!-- This site is optimized with the Yoast SEO plugin v27.2 - https:\/\/yoast.com\/product\/yoast-seo-wordpress\/ -->\n<title>Veronica Long Color Stein Ohrring - Yasmin<\/title>\n<meta name=\"description\" content=\"Der Veronica Long Color Stone Ohrring ist aus 925er Sterlingsilber gefertigt, hat eine L\u00e4nge von 4 cm und seine Steine in verschiedenen Farben sind Ihr perfekter Verb\u00fcndeter f\u00fcr Ihre Looks.\" \/>\n<meta name=\"robots\" content=\"index, follow, max-snippet:-1, max-image-preview:large, max-video-preview:-1\" \/>\n<link rel=\"canonical\" href=\"https:\/\/joyasyasmin.com\/de\/producto\/veronica-long-color-stein-ohrring\/\" \/>\n<meta property=\"og:locale\" content=\"de_DE\" \/>\n<meta property=\"og:title\" content=\"Veronica Long Color Stein Ohrring - Yasmin\" \/>\n<meta property=\"og:description\" content=\"Der Veronica Long Color Stone Ohrring ist aus 925er Sterlingsilber gefertigt, hat eine L\u00e4nge von 4 cm und seine Steine in verschiedenen Farben sind Ihr perfekter Verb\u00fcndeter f\u00fcr Ihre Looks.\" \/>\n<meta property=\"og:url\" content=\"https:\/\/joyasyasmin.com\/de\/producto\/veronica-long-color-stein-ohrring\/\" \/>\n<meta property=\"og:site_name\" content=\"Yasmin\" \/>\n<meta property=\"article:publisher\" content=\"https:\/\/www.facebook.com\/Joyas-Yasmin-217664058934169\/\" \/>\n<meta property=\"article:modified_time\" content=\"2025-11-10T11:46:24+00:00\" \/>\n<meta property=\"og:image\" content=\"https:\/\/joyasyasmin.com\/wp-content\/uploads\/2023\/04\/pendiente-veronica-color.jpg\" \/>\n\t<meta property=\"og:image:width\" content=\"1000\" \/>\n\t<meta property=\"og:image:height\" content=\"1000\" \/>\n\t<meta property=\"og:image:type\" content=\"image\/jpeg\" \/>\n<meta name=\"twitter:card\" content=\"summary_large_image\" \/>\n<script type=\"application\/ld+json\" class=\"yoast-schema-graph\">{\"@context\":\"https:\/\/schema.org\",\"@graph\":[{\"@type\":[\"WebPage\",\"ItemPage\"],\"@id\":\"https:\/\/joyasyasmin.com\/de\/producto\/veronica-long-color-stein-ohrring\/\",\"url\":\"https:\/\/joyasyasmin.com\/de\/producto\/veronica-long-color-stein-ohrring\/\",\"name\":\"Veronica Long Color Stein Ohrring - Yasmin\",\"isPartOf\":{\"@id\":\"https:\/\/joyasyasmin.com\/de\/#website\"},\"primaryImageOfPage\":{\"@id\":\"https:\/\/joyasyasmin.com\/de\/producto\/veronica-long-color-stein-ohrring\/#primaryimage\"},\"image\":{\"@id\":\"https:\/\/joyasyasmin.com\/de\/producto\/veronica-long-color-stein-ohrring\/#primaryimage\"},\"thumbnailUrl\":\"https:\/\/joyasyasmin.com\/wp-content\/uploads\/2023\/04\/pendiente-veronica-color.jpg\",\"datePublished\":\"2023-04-09T14:08:26+00:00\",\"dateModified\":\"2025-11-10T11:46:24+00:00\",\"description\":\"Der Veronica Long Color Stone Ohrring ist aus 925er Sterlingsilber gefertigt, hat eine L\u00e4nge von 4 cm und seine Steine in verschiedenen Farben sind Ihr perfekter Verb\u00fcndeter f\u00fcr Ihre Looks.\",\"breadcrumb\":{\"@id\":\"https:\/\/joyasyasmin.com\/de\/producto\/veronica-long-color-stein-ohrring\/#breadcrumb\"},\"inLanguage\":\"de\",\"potentialAction\":[{\"@type\":\"ReadAction\",\"target\":[\"https:\/\/joyasyasmin.com\/de\/producto\/veronica-long-color-stein-ohrring\/\"]}]},{\"@type\":\"ImageObject\",\"inLanguage\":\"de\",\"@id\":\"https:\/\/joyasyasmin.com\/de\/producto\/veronica-long-color-stein-ohrring\/#primaryimage\",\"url\":\"https:\/\/joyasyasmin.com\/wp-content\/uploads\/2023\/04\/pendiente-veronica-color.jpg\",\"contentUrl\":\"https:\/\/joyasyasmin.com\/wp-content\/uploads\/2023\/04\/pendiente-veronica-color.jpg\",\"width\":1000,\"height\":1000,\"caption\":\"Verkauf von Veronica Ohrring Farbe aus 925 Sterling Silber, seine L\u00e4nge von 4cm\"},{\"@type\":\"BreadcrumbList\",\"@id\":\"https:\/\/joyasyasmin.com\/de\/producto\/veronica-long-color-stein-ohrring\/#breadcrumb\",\"itemListElement\":[{\"@type\":\"ListItem\",\"position\":1,\"name\":\"Portada\",\"item\":\"https:\/\/joyasyasmin.com\/de\/heim\/\"},{\"@type\":\"ListItem\",\"position\":2,\"name\":\"Shop\",\"item\":\"https:\/\/joyasyasmin.com\/de\/shop\/\"},{\"@type\":\"ListItem\",\"position\":3,\"name\":\"Veronica Long Color Stein Ohrring\"}]},{\"@type\":\"WebSite\",\"@id\":\"https:\/\/joyasyasmin.com\/de\/#website\",\"url\":\"https:\/\/joyasyasmin.com\/de\/\",\"name\":\"Yasmin\",\"description\":\"Joyer\u00eda de Plata 925 - Pendientes, pulseras, anillos, colgantes y m\u00e1s!\",\"publisher\":{\"@id\":\"https:\/\/joyasyasmin.com\/de\/#organization\"},\"potentialAction\":[{\"@type\":\"SearchAction\",\"target\":{\"@type\":\"EntryPoint\",\"urlTemplate\":\"https:\/\/joyasyasmin.com\/de\/?s={search_term_string}\"},\"query-input\":{\"@type\":\"PropertyValueSpecification\",\"valueRequired\":true,\"valueName\":\"search_term_string\"}}],\"inLanguage\":\"de\"},{\"@type\":\"Organization\",\"@id\":\"https:\/\/joyasyasmin.com\/de\/#organization\",\"name\":\"joyas yasmin\",\"url\":\"https:\/\/joyasyasmin.com\/de\/\",\"logo\":{\"@type\":\"ImageObject\",\"inLanguage\":\"de\",\"@id\":\"https:\/\/joyasyasmin.com\/de\/#\/schema\/logo\/image\/\",\"url\":\"https:\/\/joyasyasmin.com\/wp-content\/uploads\/2017\/06\/IMG-20200429-WA0051.jpg\",\"contentUrl\":\"https:\/\/joyasyasmin.com\/wp-content\/uploads\/2017\/06\/IMG-20200429-WA0051.jpg\",\"width\":1080,\"height\":545,\"caption\":\"joyas yasmin\"},\"image\":{\"@id\":\"https:\/\/joyasyasmin.com\/de\/#\/schema\/logo\/image\/\"},\"sameAs\":[\"https:\/\/www.facebook.com\/Joyas-Yasmin-217664058934169\/\",\"https:\/\/www.instagram.com\/invites\/contact\/\"]}]}<\/script>\n<!-- \/ Yoast SEO plugin. -->","yoast_head_json":{"title":"Veronica Long Color Stein Ohrring - Yasmin","description":"Der Veronica Long Color Stone Ohrring ist aus 925er Sterlingsilber gefertigt, hat eine L\u00e4nge von 4 cm und seine Steine in verschiedenen Farben sind Ihr perfekter Verb\u00fcndeter f\u00fcr Ihre Looks.","robots":{"index":"index","follow":"follow","max-snippet":"max-snippet:-1","max-image-preview":"max-image-preview:large","max-video-preview":"max-video-preview:-1"},"canonical":"https:\/\/joyasyasmin.com\/de\/producto\/veronica-long-color-stein-ohrring\/","og_locale":"de_DE","og_title":"Veronica Long Color Stein Ohrring - Yasmin","og_description":"Der Veronica Long Color Stone Ohrring ist aus 925er Sterlingsilber gefertigt, hat eine L\u00e4nge von 4 cm und seine Steine in verschiedenen Farben sind Ihr perfekter Verb\u00fcndeter f\u00fcr Ihre Looks.","og_url":"https:\/\/joyasyasmin.com\/de\/producto\/veronica-long-color-stein-ohrring\/","og_site_name":"Yasmin","article_publisher":"https:\/\/www.facebook.com\/Joyas-Yasmin-217664058934169\/","article_modified_time":"2025-11-10T11:46:24+00:00","og_image":[{"width":1000,"height":1000,"url":"https:\/\/joyasyasmin.com\/wp-content\/uploads\/2023\/04\/pendiente-veronica-color.jpg","type":"image\/jpeg"}],"twitter_card":"summary_large_image","schema":{"@context":"https:\/\/schema.org","@graph":[{"@type":["WebPage","ItemPage"],"@id":"https:\/\/joyasyasmin.com\/de\/producto\/veronica-long-color-stein-ohrring\/","url":"https:\/\/joyasyasmin.com\/de\/producto\/veronica-long-color-stein-ohrring\/","name":"Veronica Long Color Stein Ohrring - Yasmin","isPartOf":{"@id":"https:\/\/joyasyasmin.com\/de\/#website"},"primaryImageOfPage":{"@id":"https:\/\/joyasyasmin.com\/de\/producto\/veronica-long-color-stein-ohrring\/#primaryimage"},"image":{"@id":"https:\/\/joyasyasmin.com\/de\/producto\/veronica-long-color-stein-ohrring\/#primaryimage"},"thumbnailUrl":"https:\/\/joyasyasmin.com\/wp-content\/uploads\/2023\/04\/pendiente-veronica-color.jpg","datePublished":"2023-04-09T14:08:26+00:00","dateModified":"2025-11-10T11:46:24+00:00","description":"Der Veronica Long Color Stone Ohrring ist aus 925er Sterlingsilber gefertigt, hat eine L\u00e4nge von 4 cm und seine Steine in verschiedenen Farben sind Ihr perfekter Verb\u00fcndeter f\u00fcr Ihre Looks.","breadcrumb":{"@id":"https:\/\/joyasyasmin.com\/de\/producto\/veronica-long-color-stein-ohrring\/#breadcrumb"},"inLanguage":"de","potentialAction":[{"@type":"ReadAction","target":["https:\/\/joyasyasmin.com\/de\/producto\/veronica-long-color-stein-ohrring\/"]}]},{"@type":"ImageObject","inLanguage":"de","@id":"https:\/\/joyasyasmin.com\/de\/producto\/veronica-long-color-stein-ohrring\/#primaryimage","url":"https:\/\/joyasyasmin.com\/wp-content\/uploads\/2023\/04\/pendiente-veronica-color.jpg","contentUrl":"https:\/\/joyasyasmin.com\/wp-content\/uploads\/2023\/04\/pendiente-veronica-color.jpg","width":1000,"height":1000,"caption":"Verkauf von Veronica Ohrring Farbe aus 925 Sterling Silber, seine L\u00e4nge von 4cm"},{"@type":"BreadcrumbList","@id":"https:\/\/joyasyasmin.com\/de\/producto\/veronica-long-color-stein-ohrring\/#breadcrumb","itemListElement":[{"@type":"ListItem","position":1,"name":"Portada","item":"https:\/\/joyasyasmin.com\/de\/heim\/"},{"@type":"ListItem","position":2,"name":"Shop","item":"https:\/\/joyasyasmin.com\/de\/shop\/"},{"@type":"ListItem","position":3,"name":"Veronica Long Color Stein Ohrring"}]},{"@type":"WebSite","@id":"https:\/\/joyasyasmin.com\/de\/#website","url":"https:\/\/joyasyasmin.com\/de\/","name":"Yasmin","description":"Joyer\u00eda de Plata 925 - Pendientes, pulseras, anillos, colgantes y m\u00e1s!","publisher":{"@id":"https:\/\/joyasyasmin.com\/de\/#organization"},"potentialAction":[{"@type":"SearchAction","target":{"@type":"EntryPoint","urlTemplate":"https:\/\/joyasyasmin.com\/de\/?s={search_term_string}"},"query-input":{"@type":"PropertyValueSpecification","valueRequired":true,"valueName":"search_term_string"}}],"inLanguage":"de"},{"@type":"Organization","@id":"https:\/\/joyasyasmin.com\/de\/#organization","name":"joyas yasmin","url":"https:\/\/joyasyasmin.com\/de\/","logo":{"@type":"ImageObject","inLanguage":"de","@id":"https:\/\/joyasyasmin.com\/de\/#\/schema\/logo\/image\/","url":"https:\/\/joyasyasmin.com\/wp-content\/uploads\/2017\/06\/IMG-20200429-WA0051.jpg","contentUrl":"https:\/\/joyasyasmin.com\/wp-content\/uploads\/2017\/06\/IMG-20200429-WA0051.jpg","width":1080,"height":545,"caption":"joyas yasmin"},"image":{"@id":"https:\/\/joyasyasmin.com\/de\/#\/schema\/logo\/image\/"},"sameAs":["https:\/\/www.facebook.com\/Joyas-Yasmin-217664058934169\/","https:\/\/www.instagram.com\/invites\/contact\/"]}]}},"_links":{"self":[{"href":"https:\/\/joyasyasmin.com\/de\/wp-json\/wp\/v2\/product\/24837","targetHints":{"allow":["GET"]}}],"collection":[{"href":"https:\/\/joyasyasmin.com\/de\/wp-json\/wp\/v2\/product"}],"about":[{"href":"https:\/\/joyasyasmin.com\/de\/wp-json\/wp\/v2\/types\/product"}],"replies":[{"embeddable":true,"href":"https:\/\/joyasyasmin.com\/de\/wp-json\/wp\/v2\/comments?post=24837"}],"version-history":[{"count":1,"href":"https:\/\/joyasyasmin.com\/de\/wp-json\/wp\/v2\/product\/24837\/revisions"}],"predecessor-version":[{"id":35988,"href":"https:\/\/joyasyasmin.com\/de\/wp-json\/wp\/v2\/product\/24837\/revisions\/35988"}],"wp:featuredmedia":[{"embeddable":true,"href":"https:\/\/joyasyasmin.com\/de\/wp-json\/wp\/v2\/media\/24838"}],"wp:attachment":[{"href":"https:\/\/joyasyasmin.com\/de\/wp-json\/wp\/v2\/media?parent=24837"}],"wp:term":[{"taxonomy":"product_brand","embeddable":true,"href":"https:\/\/joyasyasmin.com\/de\/wp-json\/wp\/v2\/product_brand?post=24837"},{"taxonomy":"product_cat","embeddable":true,"href":"https:\/\/joyasyasmin.com\/de\/wp-json\/wp\/v2\/product_cat?post=24837"},{"taxonomy":"product_tag","embeddable":true,"href":"https:\/\/joyasyasmin.com\/de\/wp-json\/wp\/v2\/product_tag?post=24837"}],"curies":[{"name":"wp","href":"https:\/\/api.w.org\/{rel}","templated":true}]}}