{"id":24944,"date":"2022-09-13T12:21:48","date_gmt":"2022-09-13T12:21:48","guid":{"rendered":"https:\/\/joyasyasmin.com\/producto\/langer-zirkonia-ohrring\/"},"modified":"2022-09-13T12:21:48","modified_gmt":"2022-09-13T12:21:48","slug":"langer-zirkonia-ohrring","status":"publish","type":"product","link":"https:\/\/joyasyasmin.com\/de\/producto\/langer-zirkonia-ohrring\/","title":{"rendered":"Langer Zirkonia Ohrring"},"content":{"rendered":"","protected":false},"excerpt":{"rendered":"<p>Der lange Zirkonia-Ohrring ist ein Schmuckst\u00fcck aus 925er Sterlingsilber, seine Kombination aus rechteckigem und rundem Zirkonia macht ihn mit seinem Druckknopfverschluss und seiner L\u00e4nge von 3,5 cm und seiner Breite von 2 mm zu einem anderen Schmuckst\u00fcck.<\/p>\n","protected":false},"featured_media":24949,"comment_status":"open","ping_status":"closed","template":"","meta":{"_acf_changed":false,"_joinchat":[]},"product_brand":[],"product_cat":[1770],"product_tag":[3628,3629,3627,3165],"class_list":{"0":"post-24944","1":"product","2":"type-product","3":"status-publish","4":"has-post-thumbnail","6":"product_cat-ohrringe-und-ohrringe","7":"product_tag-braut-ohrring-de","8":"product_tag-lange-ohrringe","9":"product_tag-langer-ohrring-aus-zirkonia","10":"product_tag-was-ist-neu-in-2022","12":"first","13":"instock","14":"shipping-taxable","15":"purchasable","16":"product-type-simple"},"acf":[],"yoast_head":"<!-- This site is optimized with the Yoast SEO plugin v27.2 - https:\/\/yoast.com\/product\/yoast-seo-wordpress\/ -->\n<title>Langer Zirkonia Ohrring - Yasmin<\/title>\n<meta name=\"description\" content=\"Der lange Zirkonia-Ohrring ist ein Schmuckst\u00fcck mit Stil und Eleganz aus 925er Sterlingsilber, dessen L\u00e4nge 3,5 cm und Breite 2 mm betr\u00e4gt. Ideal f\u00fcr einen besonderen Tag. Kostenloser Versand.\" \/>\n<meta name=\"robots\" content=\"index, follow, max-snippet:-1, max-image-preview:large, max-video-preview:-1\" \/>\n<link rel=\"canonical\" href=\"https:\/\/joyasyasmin.com\/de\/producto\/langer-zirkonia-ohrring\/\" \/>\n<meta property=\"og:locale\" content=\"de_DE\" \/>\n<meta property=\"og:title\" content=\"Langer Zirkonia Ohrring - Yasmin\" \/>\n<meta property=\"og:description\" content=\"Der lange Zirkonia-Ohrring ist ein Schmuckst\u00fcck mit Stil und Eleganz aus 925er Sterlingsilber, dessen L\u00e4nge 3,5 cm und Breite 2 mm betr\u00e4gt. Ideal f\u00fcr einen besonderen Tag. Kostenloser Versand.\" \/>\n<meta property=\"og:url\" content=\"https:\/\/joyasyasmin.com\/de\/producto\/langer-zirkonia-ohrring\/\" \/>\n<meta property=\"og:site_name\" content=\"Yasmin\" \/>\n<meta property=\"article:publisher\" content=\"https:\/\/www.facebook.com\/Joyas-Yasmin-217664058934169\/\" \/>\n<meta property=\"og:image\" content=\"https:\/\/joyasyasmin.com\/wp-content\/uploads\/2022\/09\/pendiente-largo-circonita-salome.jpg\" \/>\n\t<meta property=\"og:image:width\" content=\"2328\" \/>\n\t<meta property=\"og:image:height\" content=\"2328\" \/>\n\t<meta property=\"og:image:type\" content=\"image\/jpeg\" \/>\n<meta name=\"twitter:card\" content=\"summary_large_image\" \/>\n<script type=\"application\/ld+json\" class=\"yoast-schema-graph\">{\"@context\":\"https:\/\/schema.org\",\"@graph\":[{\"@type\":[\"WebPage\",\"ItemPage\"],\"@id\":\"https:\/\/joyasyasmin.com\/de\/producto\/langer-zirkonia-ohrring\/\",\"url\":\"https:\/\/joyasyasmin.com\/de\/producto\/langer-zirkonia-ohrring\/\",\"name\":\"Langer Zirkonia Ohrring - Yasmin\",\"isPartOf\":{\"@id\":\"https:\/\/joyasyasmin.com\/de\/#website\"},\"primaryImageOfPage\":{\"@id\":\"https:\/\/joyasyasmin.com\/de\/producto\/langer-zirkonia-ohrring\/#primaryimage\"},\"image\":{\"@id\":\"https:\/\/joyasyasmin.com\/de\/producto\/langer-zirkonia-ohrring\/#primaryimage\"},\"thumbnailUrl\":\"https:\/\/joyasyasmin.com\/wp-content\/uploads\/2022\/09\/pendiente-largo-circonita-salome.jpg\",\"datePublished\":\"2022-09-13T12:21:48+00:00\",\"description\":\"Der lange Zirkonia-Ohrring ist ein Schmuckst\u00fcck mit Stil und Eleganz aus 925er Sterlingsilber, dessen L\u00e4nge 3,5 cm und Breite 2 mm betr\u00e4gt. Ideal f\u00fcr einen besonderen Tag. Kostenloser Versand.\",\"breadcrumb\":{\"@id\":\"https:\/\/joyasyasmin.com\/de\/producto\/langer-zirkonia-ohrring\/#breadcrumb\"},\"inLanguage\":\"de\",\"potentialAction\":[{\"@type\":\"ReadAction\",\"target\":[\"https:\/\/joyasyasmin.com\/de\/producto\/langer-zirkonia-ohrring\/\"]}]},{\"@type\":\"ImageObject\",\"inLanguage\":\"de\",\"@id\":\"https:\/\/joyasyasmin.com\/de\/producto\/langer-zirkonia-ohrring\/#primaryimage\",\"url\":\"https:\/\/joyasyasmin.com\/wp-content\/uploads\/2022\/09\/pendiente-largo-circonita-salome.jpg\",\"contentUrl\":\"https:\/\/joyasyasmin.com\/wp-content\/uploads\/2022\/09\/pendiente-largo-circonita-salome.jpg\",\"width\":2328,\"height\":2328},{\"@type\":\"BreadcrumbList\",\"@id\":\"https:\/\/joyasyasmin.com\/de\/producto\/langer-zirkonia-ohrring\/#breadcrumb\",\"itemListElement\":[{\"@type\":\"ListItem\",\"position\":1,\"name\":\"Portada\",\"item\":\"https:\/\/joyasyasmin.com\/de\/heim\/\"},{\"@type\":\"ListItem\",\"position\":2,\"name\":\"Shop\",\"item\":\"https:\/\/joyasyasmin.com\/de\/shop\/\"},{\"@type\":\"ListItem\",\"position\":3,\"name\":\"Langer Zirkonia Ohrring\"}]},{\"@type\":\"WebSite\",\"@id\":\"https:\/\/joyasyasmin.com\/de\/#website\",\"url\":\"https:\/\/joyasyasmin.com\/de\/\",\"name\":\"Yasmin\",\"description\":\"Joyer\u00eda de Plata 925 - Pendientes, pulseras, anillos, colgantes y m\u00e1s!\",\"publisher\":{\"@id\":\"https:\/\/joyasyasmin.com\/de\/#organization\"},\"potentialAction\":[{\"@type\":\"SearchAction\",\"target\":{\"@type\":\"EntryPoint\",\"urlTemplate\":\"https:\/\/joyasyasmin.com\/de\/?s={search_term_string}\"},\"query-input\":{\"@type\":\"PropertyValueSpecification\",\"valueRequired\":true,\"valueName\":\"search_term_string\"}}],\"inLanguage\":\"de\"},{\"@type\":\"Organization\",\"@id\":\"https:\/\/joyasyasmin.com\/de\/#organization\",\"name\":\"joyas yasmin\",\"url\":\"https:\/\/joyasyasmin.com\/de\/\",\"logo\":{\"@type\":\"ImageObject\",\"inLanguage\":\"de\",\"@id\":\"https:\/\/joyasyasmin.com\/de\/#\/schema\/logo\/image\/\",\"url\":\"https:\/\/joyasyasmin.com\/wp-content\/uploads\/2017\/06\/IMG-20200429-WA0051.jpg\",\"contentUrl\":\"https:\/\/joyasyasmin.com\/wp-content\/uploads\/2017\/06\/IMG-20200429-WA0051.jpg\",\"width\":1080,\"height\":545,\"caption\":\"joyas yasmin\"},\"image\":{\"@id\":\"https:\/\/joyasyasmin.com\/de\/#\/schema\/logo\/image\/\"},\"sameAs\":[\"https:\/\/www.facebook.com\/Joyas-Yasmin-217664058934169\/\",\"https:\/\/www.instagram.com\/invites\/contact\/\"]}]}<\/script>\n<!-- \/ Yoast SEO plugin. -->","yoast_head_json":{"title":"Langer Zirkonia Ohrring - Yasmin","description":"Der lange Zirkonia-Ohrring ist ein Schmuckst\u00fcck mit Stil und Eleganz aus 925er Sterlingsilber, dessen L\u00e4nge 3,5 cm und Breite 2 mm betr\u00e4gt. Ideal f\u00fcr einen besonderen Tag. Kostenloser Versand.","robots":{"index":"index","follow":"follow","max-snippet":"max-snippet:-1","max-image-preview":"max-image-preview:large","max-video-preview":"max-video-preview:-1"},"canonical":"https:\/\/joyasyasmin.com\/de\/producto\/langer-zirkonia-ohrring\/","og_locale":"de_DE","og_title":"Langer Zirkonia Ohrring - Yasmin","og_description":"Der lange Zirkonia-Ohrring ist ein Schmuckst\u00fcck mit Stil und Eleganz aus 925er Sterlingsilber, dessen L\u00e4nge 3,5 cm und Breite 2 mm betr\u00e4gt. Ideal f\u00fcr einen besonderen Tag. Kostenloser Versand.","og_url":"https:\/\/joyasyasmin.com\/de\/producto\/langer-zirkonia-ohrring\/","og_site_name":"Yasmin","article_publisher":"https:\/\/www.facebook.com\/Joyas-Yasmin-217664058934169\/","og_image":[{"width":2328,"height":2328,"url":"https:\/\/joyasyasmin.com\/wp-content\/uploads\/2022\/09\/pendiente-largo-circonita-salome.jpg","type":"image\/jpeg"}],"twitter_card":"summary_large_image","schema":{"@context":"https:\/\/schema.org","@graph":[{"@type":["WebPage","ItemPage"],"@id":"https:\/\/joyasyasmin.com\/de\/producto\/langer-zirkonia-ohrring\/","url":"https:\/\/joyasyasmin.com\/de\/producto\/langer-zirkonia-ohrring\/","name":"Langer Zirkonia Ohrring - Yasmin","isPartOf":{"@id":"https:\/\/joyasyasmin.com\/de\/#website"},"primaryImageOfPage":{"@id":"https:\/\/joyasyasmin.com\/de\/producto\/langer-zirkonia-ohrring\/#primaryimage"},"image":{"@id":"https:\/\/joyasyasmin.com\/de\/producto\/langer-zirkonia-ohrring\/#primaryimage"},"thumbnailUrl":"https:\/\/joyasyasmin.com\/wp-content\/uploads\/2022\/09\/pendiente-largo-circonita-salome.jpg","datePublished":"2022-09-13T12:21:48+00:00","description":"Der lange Zirkonia-Ohrring ist ein Schmuckst\u00fcck mit Stil und Eleganz aus 925er Sterlingsilber, dessen L\u00e4nge 3,5 cm und Breite 2 mm betr\u00e4gt. Ideal f\u00fcr einen besonderen Tag. Kostenloser Versand.","breadcrumb":{"@id":"https:\/\/joyasyasmin.com\/de\/producto\/langer-zirkonia-ohrring\/#breadcrumb"},"inLanguage":"de","potentialAction":[{"@type":"ReadAction","target":["https:\/\/joyasyasmin.com\/de\/producto\/langer-zirkonia-ohrring\/"]}]},{"@type":"ImageObject","inLanguage":"de","@id":"https:\/\/joyasyasmin.com\/de\/producto\/langer-zirkonia-ohrring\/#primaryimage","url":"https:\/\/joyasyasmin.com\/wp-content\/uploads\/2022\/09\/pendiente-largo-circonita-salome.jpg","contentUrl":"https:\/\/joyasyasmin.com\/wp-content\/uploads\/2022\/09\/pendiente-largo-circonita-salome.jpg","width":2328,"height":2328},{"@type":"BreadcrumbList","@id":"https:\/\/joyasyasmin.com\/de\/producto\/langer-zirkonia-ohrring\/#breadcrumb","itemListElement":[{"@type":"ListItem","position":1,"name":"Portada","item":"https:\/\/joyasyasmin.com\/de\/heim\/"},{"@type":"ListItem","position":2,"name":"Shop","item":"https:\/\/joyasyasmin.com\/de\/shop\/"},{"@type":"ListItem","position":3,"name":"Langer Zirkonia Ohrring"}]},{"@type":"WebSite","@id":"https:\/\/joyasyasmin.com\/de\/#website","url":"https:\/\/joyasyasmin.com\/de\/","name":"Yasmin","description":"Joyer\u00eda de Plata 925 - Pendientes, pulseras, anillos, colgantes y m\u00e1s!","publisher":{"@id":"https:\/\/joyasyasmin.com\/de\/#organization"},"potentialAction":[{"@type":"SearchAction","target":{"@type":"EntryPoint","urlTemplate":"https:\/\/joyasyasmin.com\/de\/?s={search_term_string}"},"query-input":{"@type":"PropertyValueSpecification","valueRequired":true,"valueName":"search_term_string"}}],"inLanguage":"de"},{"@type":"Organization","@id":"https:\/\/joyasyasmin.com\/de\/#organization","name":"joyas yasmin","url":"https:\/\/joyasyasmin.com\/de\/","logo":{"@type":"ImageObject","inLanguage":"de","@id":"https:\/\/joyasyasmin.com\/de\/#\/schema\/logo\/image\/","url":"https:\/\/joyasyasmin.com\/wp-content\/uploads\/2017\/06\/IMG-20200429-WA0051.jpg","contentUrl":"https:\/\/joyasyasmin.com\/wp-content\/uploads\/2017\/06\/IMG-20200429-WA0051.jpg","width":1080,"height":545,"caption":"joyas yasmin"},"image":{"@id":"https:\/\/joyasyasmin.com\/de\/#\/schema\/logo\/image\/"},"sameAs":["https:\/\/www.facebook.com\/Joyas-Yasmin-217664058934169\/","https:\/\/www.instagram.com\/invites\/contact\/"]}]}},"_links":{"self":[{"href":"https:\/\/joyasyasmin.com\/de\/wp-json\/wp\/v2\/product\/24944","targetHints":{"allow":["GET"]}}],"collection":[{"href":"https:\/\/joyasyasmin.com\/de\/wp-json\/wp\/v2\/product"}],"about":[{"href":"https:\/\/joyasyasmin.com\/de\/wp-json\/wp\/v2\/types\/product"}],"replies":[{"embeddable":true,"href":"https:\/\/joyasyasmin.com\/de\/wp-json\/wp\/v2\/comments?post=24944"}],"version-history":[{"count":0,"href":"https:\/\/joyasyasmin.com\/de\/wp-json\/wp\/v2\/product\/24944\/revisions"}],"wp:featuredmedia":[{"embeddable":true,"href":"https:\/\/joyasyasmin.com\/de\/wp-json\/wp\/v2\/media\/24949"}],"wp:attachment":[{"href":"https:\/\/joyasyasmin.com\/de\/wp-json\/wp\/v2\/media?parent=24944"}],"wp:term":[{"taxonomy":"product_brand","embeddable":true,"href":"https:\/\/joyasyasmin.com\/de\/wp-json\/wp\/v2\/product_brand?post=24944"},{"taxonomy":"product_cat","embeddable":true,"href":"https:\/\/joyasyasmin.com\/de\/wp-json\/wp\/v2\/product_cat?post=24944"},{"taxonomy":"product_tag","embeddable":true,"href":"https:\/\/joyasyasmin.com\/de\/wp-json\/wp\/v2\/product_tag?post=24944"}],"curies":[{"name":"wp","href":"https:\/\/api.w.org\/{rel}","templated":true}]}}