{"id":24997,"date":"2022-09-30T15:47:16","date_gmt":"2022-09-30T15:47:16","guid":{"rendered":"https:\/\/joyasyasmin.com\/producto\/perlenmuschel-renata-ohrring\/"},"modified":"2026-01-02T13:38:59","modified_gmt":"2026-01-02T13:38:59","slug":"perlenmuschel-renata-ohrring","status":"publish","type":"product","link":"https:\/\/joyasyasmin.com\/de\/producto\/perlenmuschel-renata-ohrring\/","title":{"rendered":"Perlenmuschel Renata Ohrring"},"content":{"rendered":"","protected":false},"excerpt":{"rendered":"<p>Der Renata Pearl Shell Ohrring ist ein hochwertiges Accessoire aus 925er Sterlingsilber, sein geometrisches Design mit einer Zuchtmuschelperle auf der Oberseite, die 6 mm misst, der Verschluss ist ein Druckknopf. Die Gesamtl\u00e4nge des Ohrrings betr\u00e4gt 3,5 cm und die Breite der glatten silbernen Fl\u00e4che betr\u00e4gt 2cm. Sie finden dieses Design in Silber und auch in Gold, einem Drei-Mikron-Bad aus 18 Karat Gold.  <\/p>\n<p>&nbsp;<\/p>\n","protected":false},"featured_media":25005,"comment_status":"open","ping_status":"closed","template":"","meta":{"_acf_changed":false,"_joinchat":[]},"product_brand":[],"product_cat":[1770],"product_tag":[3659,3657,3660,3165],"class_list":{"0":"post-24997","1":"product","2":"type-product","3":"status-publish","4":"has-post-thumbnail","6":"product_cat-ohrringe-und-ohrringe","7":"product_tag-lange-steigung","8":"product_tag-ohrring-mit-perle","9":"product_tag-renata-ohrring-aus-perlenmuscheln","10":"product_tag-was-ist-neu-in-2022","12":"first","13":"instock","14":"shipping-taxable","15":"purchasable","16":"product-type-variable"},"acf":[],"yoast_head":"<!-- This site is optimized with the Yoast SEO plugin v27.2 - https:\/\/yoast.com\/product\/yoast-seo-wordpress\/ -->\n<title>Perlenmuschel Renata Ohrring - Yasmin<\/title>\n<meta name=\"description\" content=\"Der Renata Ohrring aus Perlenmuschel ist ein Schmuckst\u00fcck mit Eleganz und Stil aus 925er Sterlingsilber, seine L\u00e4nge betr\u00e4gt 3,5 cm. Sie werden es lieben! Kostenloser Versand.\" \/>\n<meta name=\"robots\" content=\"index, follow, max-snippet:-1, max-image-preview:large, max-video-preview:-1\" \/>\n<link rel=\"canonical\" href=\"https:\/\/joyasyasmin.com\/de\/producto\/perlenmuschel-renata-ohrring\/\" \/>\n<meta property=\"og:locale\" content=\"de_DE\" \/>\n<meta property=\"og:title\" content=\"Perlenmuschel Renata Ohrring - Yasmin\" \/>\n<meta property=\"og:description\" content=\"Der Renata Ohrring aus Perlenmuschel ist ein Schmuckst\u00fcck mit Eleganz und Stil aus 925er Sterlingsilber, seine L\u00e4nge betr\u00e4gt 3,5 cm. Sie werden es lieben! Kostenloser Versand.\" \/>\n<meta property=\"og:url\" content=\"https:\/\/joyasyasmin.com\/de\/producto\/perlenmuschel-renata-ohrring\/\" \/>\n<meta property=\"og:site_name\" content=\"Yasmin\" \/>\n<meta property=\"article:publisher\" content=\"https:\/\/www.facebook.com\/Joyas-Yasmin-217664058934169\/\" \/>\n<meta property=\"article:modified_time\" content=\"2026-01-02T13:38:59+00:00\" \/>\n<meta property=\"og:image\" content=\"https:\/\/joyasyasmin.com\/wp-content\/uploads\/2022\/09\/pendiente-perla-renata-plata-lisa-scaled.jpg\" \/>\n\t<meta property=\"og:image:width\" content=\"2560\" \/>\n\t<meta property=\"og:image:height\" content=\"2560\" \/>\n\t<meta property=\"og:image:type\" content=\"image\/jpeg\" \/>\n<meta name=\"twitter:card\" content=\"summary_large_image\" \/>\n<script type=\"application\/ld+json\" class=\"yoast-schema-graph\">{\"@context\":\"https:\/\/schema.org\",\"@graph\":[{\"@type\":[\"WebPage\",\"ItemPage\"],\"@id\":\"https:\/\/joyasyasmin.com\/de\/producto\/perlenmuschel-renata-ohrring\/\",\"url\":\"https:\/\/joyasyasmin.com\/de\/producto\/perlenmuschel-renata-ohrring\/\",\"name\":\"Perlenmuschel Renata Ohrring - Yasmin\",\"isPartOf\":{\"@id\":\"https:\/\/joyasyasmin.com\/de\/#website\"},\"primaryImageOfPage\":{\"@id\":\"https:\/\/joyasyasmin.com\/de\/producto\/perlenmuschel-renata-ohrring\/#primaryimage\"},\"image\":{\"@id\":\"https:\/\/joyasyasmin.com\/de\/producto\/perlenmuschel-renata-ohrring\/#primaryimage\"},\"thumbnailUrl\":\"https:\/\/joyasyasmin.com\/wp-content\/uploads\/2022\/09\/pendiente-perla-renata-plata-lisa-scaled.jpg\",\"datePublished\":\"2022-09-30T15:47:16+00:00\",\"dateModified\":\"2026-01-02T13:38:59+00:00\",\"description\":\"Der Renata Ohrring aus Perlenmuschel ist ein Schmuckst\u00fcck mit Eleganz und Stil aus 925er Sterlingsilber, seine L\u00e4nge betr\u00e4gt 3,5 cm. Sie werden es lieben! Kostenloser Versand.\",\"breadcrumb\":{\"@id\":\"https:\/\/joyasyasmin.com\/de\/producto\/perlenmuschel-renata-ohrring\/#breadcrumb\"},\"inLanguage\":\"de\",\"potentialAction\":[{\"@type\":\"ReadAction\",\"target\":[\"https:\/\/joyasyasmin.com\/de\/producto\/perlenmuschel-renata-ohrring\/\"]}]},{\"@type\":\"ImageObject\",\"inLanguage\":\"de\",\"@id\":\"https:\/\/joyasyasmin.com\/de\/producto\/perlenmuschel-renata-ohrring\/#primaryimage\",\"url\":\"https:\/\/joyasyasmin.com\/wp-content\/uploads\/2022\/09\/pendiente-perla-renata-plata-lisa-scaled.jpg\",\"contentUrl\":\"https:\/\/joyasyasmin.com\/wp-content\/uploads\/2022\/09\/pendiente-perla-renata-plata-lisa-scaled.jpg\",\"width\":2560,\"height\":2560,\"caption\":\"Renata Perlenohrring zu verkaufen glattes Silber 935, misst 3,5cma\"},{\"@type\":\"BreadcrumbList\",\"@id\":\"https:\/\/joyasyasmin.com\/de\/producto\/perlenmuschel-renata-ohrring\/#breadcrumb\",\"itemListElement\":[{\"@type\":\"ListItem\",\"position\":1,\"name\":\"Portada\",\"item\":\"https:\/\/joyasyasmin.com\/de\/heim\/\"},{\"@type\":\"ListItem\",\"position\":2,\"name\":\"Shop\",\"item\":\"https:\/\/joyasyasmin.com\/de\/shop\/\"},{\"@type\":\"ListItem\",\"position\":3,\"name\":\"Perlenmuschel Renata Ohrring\"}]},{\"@type\":\"WebSite\",\"@id\":\"https:\/\/joyasyasmin.com\/de\/#website\",\"url\":\"https:\/\/joyasyasmin.com\/de\/\",\"name\":\"Yasmin\",\"description\":\"Joyer\u00eda de Plata 925 - Pendientes, pulseras, anillos, colgantes y m\u00e1s!\",\"publisher\":{\"@id\":\"https:\/\/joyasyasmin.com\/de\/#organization\"},\"potentialAction\":[{\"@type\":\"SearchAction\",\"target\":{\"@type\":\"EntryPoint\",\"urlTemplate\":\"https:\/\/joyasyasmin.com\/de\/?s={search_term_string}\"},\"query-input\":{\"@type\":\"PropertyValueSpecification\",\"valueRequired\":true,\"valueName\":\"search_term_string\"}}],\"inLanguage\":\"de\"},{\"@type\":\"Organization\",\"@id\":\"https:\/\/joyasyasmin.com\/de\/#organization\",\"name\":\"joyas yasmin\",\"url\":\"https:\/\/joyasyasmin.com\/de\/\",\"logo\":{\"@type\":\"ImageObject\",\"inLanguage\":\"de\",\"@id\":\"https:\/\/joyasyasmin.com\/de\/#\/schema\/logo\/image\/\",\"url\":\"https:\/\/joyasyasmin.com\/wp-content\/uploads\/2017\/06\/IMG-20200429-WA0051.jpg\",\"contentUrl\":\"https:\/\/joyasyasmin.com\/wp-content\/uploads\/2017\/06\/IMG-20200429-WA0051.jpg\",\"width\":1080,\"height\":545,\"caption\":\"joyas yasmin\"},\"image\":{\"@id\":\"https:\/\/joyasyasmin.com\/de\/#\/schema\/logo\/image\/\"},\"sameAs\":[\"https:\/\/www.facebook.com\/Joyas-Yasmin-217664058934169\/\",\"https:\/\/www.instagram.com\/invites\/contact\/\"]}]}<\/script>\n<!-- \/ Yoast SEO plugin. -->","yoast_head_json":{"title":"Perlenmuschel Renata Ohrring - Yasmin","description":"Der Renata Ohrring aus Perlenmuschel ist ein Schmuckst\u00fcck mit Eleganz und Stil aus 925er Sterlingsilber, seine L\u00e4nge betr\u00e4gt 3,5 cm. Sie werden es lieben! Kostenloser Versand.","robots":{"index":"index","follow":"follow","max-snippet":"max-snippet:-1","max-image-preview":"max-image-preview:large","max-video-preview":"max-video-preview:-1"},"canonical":"https:\/\/joyasyasmin.com\/de\/producto\/perlenmuschel-renata-ohrring\/","og_locale":"de_DE","og_title":"Perlenmuschel Renata Ohrring - Yasmin","og_description":"Der Renata Ohrring aus Perlenmuschel ist ein Schmuckst\u00fcck mit Eleganz und Stil aus 925er Sterlingsilber, seine L\u00e4nge betr\u00e4gt 3,5 cm. Sie werden es lieben! Kostenloser Versand.","og_url":"https:\/\/joyasyasmin.com\/de\/producto\/perlenmuschel-renata-ohrring\/","og_site_name":"Yasmin","article_publisher":"https:\/\/www.facebook.com\/Joyas-Yasmin-217664058934169\/","article_modified_time":"2026-01-02T13:38:59+00:00","og_image":[{"width":2560,"height":2560,"url":"https:\/\/joyasyasmin.com\/wp-content\/uploads\/2022\/09\/pendiente-perla-renata-plata-lisa-scaled.jpg","type":"image\/jpeg"}],"twitter_card":"summary_large_image","schema":{"@context":"https:\/\/schema.org","@graph":[{"@type":["WebPage","ItemPage"],"@id":"https:\/\/joyasyasmin.com\/de\/producto\/perlenmuschel-renata-ohrring\/","url":"https:\/\/joyasyasmin.com\/de\/producto\/perlenmuschel-renata-ohrring\/","name":"Perlenmuschel Renata Ohrring - Yasmin","isPartOf":{"@id":"https:\/\/joyasyasmin.com\/de\/#website"},"primaryImageOfPage":{"@id":"https:\/\/joyasyasmin.com\/de\/producto\/perlenmuschel-renata-ohrring\/#primaryimage"},"image":{"@id":"https:\/\/joyasyasmin.com\/de\/producto\/perlenmuschel-renata-ohrring\/#primaryimage"},"thumbnailUrl":"https:\/\/joyasyasmin.com\/wp-content\/uploads\/2022\/09\/pendiente-perla-renata-plata-lisa-scaled.jpg","datePublished":"2022-09-30T15:47:16+00:00","dateModified":"2026-01-02T13:38:59+00:00","description":"Der Renata Ohrring aus Perlenmuschel ist ein Schmuckst\u00fcck mit Eleganz und Stil aus 925er Sterlingsilber, seine L\u00e4nge betr\u00e4gt 3,5 cm. Sie werden es lieben! Kostenloser Versand.","breadcrumb":{"@id":"https:\/\/joyasyasmin.com\/de\/producto\/perlenmuschel-renata-ohrring\/#breadcrumb"},"inLanguage":"de","potentialAction":[{"@type":"ReadAction","target":["https:\/\/joyasyasmin.com\/de\/producto\/perlenmuschel-renata-ohrring\/"]}]},{"@type":"ImageObject","inLanguage":"de","@id":"https:\/\/joyasyasmin.com\/de\/producto\/perlenmuschel-renata-ohrring\/#primaryimage","url":"https:\/\/joyasyasmin.com\/wp-content\/uploads\/2022\/09\/pendiente-perla-renata-plata-lisa-scaled.jpg","contentUrl":"https:\/\/joyasyasmin.com\/wp-content\/uploads\/2022\/09\/pendiente-perla-renata-plata-lisa-scaled.jpg","width":2560,"height":2560,"caption":"Renata Perlenohrring zu verkaufen glattes Silber 935, misst 3,5cma"},{"@type":"BreadcrumbList","@id":"https:\/\/joyasyasmin.com\/de\/producto\/perlenmuschel-renata-ohrring\/#breadcrumb","itemListElement":[{"@type":"ListItem","position":1,"name":"Portada","item":"https:\/\/joyasyasmin.com\/de\/heim\/"},{"@type":"ListItem","position":2,"name":"Shop","item":"https:\/\/joyasyasmin.com\/de\/shop\/"},{"@type":"ListItem","position":3,"name":"Perlenmuschel Renata Ohrring"}]},{"@type":"WebSite","@id":"https:\/\/joyasyasmin.com\/de\/#website","url":"https:\/\/joyasyasmin.com\/de\/","name":"Yasmin","description":"Joyer\u00eda de Plata 925 - Pendientes, pulseras, anillos, colgantes y m\u00e1s!","publisher":{"@id":"https:\/\/joyasyasmin.com\/de\/#organization"},"potentialAction":[{"@type":"SearchAction","target":{"@type":"EntryPoint","urlTemplate":"https:\/\/joyasyasmin.com\/de\/?s={search_term_string}"},"query-input":{"@type":"PropertyValueSpecification","valueRequired":true,"valueName":"search_term_string"}}],"inLanguage":"de"},{"@type":"Organization","@id":"https:\/\/joyasyasmin.com\/de\/#organization","name":"joyas yasmin","url":"https:\/\/joyasyasmin.com\/de\/","logo":{"@type":"ImageObject","inLanguage":"de","@id":"https:\/\/joyasyasmin.com\/de\/#\/schema\/logo\/image\/","url":"https:\/\/joyasyasmin.com\/wp-content\/uploads\/2017\/06\/IMG-20200429-WA0051.jpg","contentUrl":"https:\/\/joyasyasmin.com\/wp-content\/uploads\/2017\/06\/IMG-20200429-WA0051.jpg","width":1080,"height":545,"caption":"joyas yasmin"},"image":{"@id":"https:\/\/joyasyasmin.com\/de\/#\/schema\/logo\/image\/"},"sameAs":["https:\/\/www.facebook.com\/Joyas-Yasmin-217664058934169\/","https:\/\/www.instagram.com\/invites\/contact\/"]}]}},"_links":{"self":[{"href":"https:\/\/joyasyasmin.com\/de\/wp-json\/wp\/v2\/product\/24997","targetHints":{"allow":["GET"]}}],"collection":[{"href":"https:\/\/joyasyasmin.com\/de\/wp-json\/wp\/v2\/product"}],"about":[{"href":"https:\/\/joyasyasmin.com\/de\/wp-json\/wp\/v2\/types\/product"}],"replies":[{"embeddable":true,"href":"https:\/\/joyasyasmin.com\/de\/wp-json\/wp\/v2\/comments?post=24997"}],"version-history":[{"count":1,"href":"https:\/\/joyasyasmin.com\/de\/wp-json\/wp\/v2\/product\/24997\/revisions"}],"predecessor-version":[{"id":36878,"href":"https:\/\/joyasyasmin.com\/de\/wp-json\/wp\/v2\/product\/24997\/revisions\/36878"}],"wp:featuredmedia":[{"embeddable":true,"href":"https:\/\/joyasyasmin.com\/de\/wp-json\/wp\/v2\/media\/25005"}],"wp:attachment":[{"href":"https:\/\/joyasyasmin.com\/de\/wp-json\/wp\/v2\/media?parent=24997"}],"wp:term":[{"taxonomy":"product_brand","embeddable":true,"href":"https:\/\/joyasyasmin.com\/de\/wp-json\/wp\/v2\/product_brand?post=24997"},{"taxonomy":"product_cat","embeddable":true,"href":"https:\/\/joyasyasmin.com\/de\/wp-json\/wp\/v2\/product_cat?post=24997"},{"taxonomy":"product_tag","embeddable":true,"href":"https:\/\/joyasyasmin.com\/de\/wp-json\/wp\/v2\/product_tag?post=24997"}],"curies":[{"name":"wp","href":"https:\/\/api.w.org\/{rel}","templated":true}]}}