{"id":25211,"date":"2022-10-16T22:06:16","date_gmt":"2022-10-16T22:06:16","guid":{"rendered":"https:\/\/joyasyasmin.com\/producto\/geometrischer-perlenmuschel-ohrring\/"},"modified":"2025-11-10T11:58:51","modified_gmt":"2025-11-10T11:58:51","slug":"geometrischer-perlenmuschel-ohrring","status":"publish","type":"product","link":"https:\/\/joyasyasmin.com\/de\/producto\/geometrischer-perlenmuschel-ohrring\/","title":{"rendered":"Geometrischer Perlenmuschel-Ohrring"},"content":{"rendered":"","protected":false},"excerpt":{"rendered":"<p>Der geometrische Perlen-Muschel-Ohrring ist eines dieser sehr unterschiedlichen Designs mit zwei geometrischen K\u00f6rpern unterschiedlicher Gr\u00f6\u00dfe, die durch einen Griff verbunden sind, aus dem gr\u00f6\u00dferen Design h\u00e4ngt eine Muschelperle, ihre L\u00e4nge betr\u00e4gt 26 mm, ihr Verschluss ist eine Karabinermutter und das Material ist 925er Sterlingsilber. Das gleiche Design findet sich in Dorado, einer Drei-Mikron-Beschichtung aus 18 Karat Gold. <\/p>\n","protected":false},"featured_media":25219,"comment_status":"open","ping_status":"closed","template":"","meta":{"_acf_changed":false,"_joinchat":[]},"product_brand":[],"product_cat":[1770],"product_tag":[2222,3734,3165],"class_list":{"0":"post-25211","1":"product","2":"type-product","3":"status-publish","4":"has-post-thumbnail","6":"product_cat-ohrringe-und-ohrringe","7":"product_tag-geometrischer-perlenmuschel-ohrring","8":"product_tag-ohrringe-aus-silber-mit-perle","9":"product_tag-was-ist-neu-in-2022","11":"first","12":"instock","13":"shipping-taxable","14":"purchasable","15":"product-type-variable"},"acf":[],"yoast_head":"<!-- This site is optimized with the Yoast SEO plugin v27.3 - https:\/\/yoast.com\/product\/yoast-seo-wordpress\/ -->\n<title>Geometrischer Perlenmuschel-Ohrring - Yasmin<\/title>\n<meta name=\"description\" content=\"Der geometrische Perlenmuschel-Ohrring ist ein Schmuckst\u00fcck aus 925er Sterlingsilber, das Ihren Looks Eleganz und Stil verleiht. Tragen Sie es im Alltag und f\u00fchlen Sie sich einzigartig.\" \/>\n<meta name=\"robots\" content=\"index, follow, max-snippet:-1, max-image-preview:large, max-video-preview:-1\" \/>\n<link rel=\"canonical\" href=\"https:\/\/joyasyasmin.com\/de\/producto\/geometrischer-perlenmuschel-ohrring\/\" \/>\n<meta property=\"og:locale\" content=\"de_DE\" \/>\n<meta property=\"og:title\" content=\"Geometrischer Perlenmuschel-Ohrring - Yasmin\" \/>\n<meta property=\"og:description\" content=\"Der geometrische Perlenmuschel-Ohrring ist ein Schmuckst\u00fcck aus 925er Sterlingsilber, das Ihren Looks Eleganz und Stil verleiht. Tragen Sie es im Alltag und f\u00fchlen Sie sich einzigartig.\" \/>\n<meta property=\"og:url\" content=\"https:\/\/joyasyasmin.com\/de\/producto\/geometrischer-perlenmuschel-ohrring\/\" \/>\n<meta property=\"og:site_name\" content=\"Yasmin\" \/>\n<meta property=\"article:publisher\" content=\"https:\/\/www.facebook.com\/Joyas-Yasmin-217664058934169\/\" \/>\n<meta property=\"article:modified_time\" content=\"2025-11-10T11:58:51+00:00\" \/>\n<meta property=\"og:image\" content=\"https:\/\/joyasyasmin.com\/wp-content\/uploads\/2022\/10\/pendiente-geometrico-con-perla-scaled.jpg\" \/>\n\t<meta property=\"og:image:width\" content=\"2560\" \/>\n\t<meta property=\"og:image:height\" content=\"2560\" \/>\n\t<meta property=\"og:image:type\" content=\"image\/jpeg\" \/>\n<meta name=\"twitter:card\" content=\"summary_large_image\" \/>\n<script type=\"application\/ld+json\" class=\"yoast-schema-graph\">{\"@context\":\"https:\\\/\\\/schema.org\",\"@graph\":[{\"@type\":[\"WebPage\",\"ItemPage\"],\"@id\":\"https:\\\/\\\/joyasyasmin.com\\\/de\\\/producto\\\/geometrischer-perlenmuschel-ohrring\\\/\",\"url\":\"https:\\\/\\\/joyasyasmin.com\\\/de\\\/producto\\\/geometrischer-perlenmuschel-ohrring\\\/\",\"name\":\"Geometrischer Perlenmuschel-Ohrring - Yasmin\",\"isPartOf\":{\"@id\":\"https:\\\/\\\/joyasyasmin.com\\\/de\\\/#website\"},\"primaryImageOfPage\":{\"@id\":\"https:\\\/\\\/joyasyasmin.com\\\/de\\\/producto\\\/geometrischer-perlenmuschel-ohrring\\\/#primaryimage\"},\"image\":{\"@id\":\"https:\\\/\\\/joyasyasmin.com\\\/de\\\/producto\\\/geometrischer-perlenmuschel-ohrring\\\/#primaryimage\"},\"thumbnailUrl\":\"https:\\\/\\\/joyasyasmin.com\\\/wp-content\\\/uploads\\\/2022\\\/10\\\/pendiente-geometrico-con-perla-scaled.jpg\",\"datePublished\":\"2022-10-16T22:06:16+00:00\",\"dateModified\":\"2025-11-10T11:58:51+00:00\",\"description\":\"Der geometrische Perlenmuschel-Ohrring ist ein Schmuckst\u00fcck aus 925er Sterlingsilber, das Ihren Looks Eleganz und Stil verleiht. Tragen Sie es im Alltag und f\u00fchlen Sie sich einzigartig.\",\"breadcrumb\":{\"@id\":\"https:\\\/\\\/joyasyasmin.com\\\/de\\\/producto\\\/geometrischer-perlenmuschel-ohrring\\\/#breadcrumb\"},\"inLanguage\":\"de\",\"potentialAction\":[{\"@type\":\"ReadAction\",\"target\":[\"https:\\\/\\\/joyasyasmin.com\\\/de\\\/producto\\\/geometrischer-perlenmuschel-ohrring\\\/\"]}]},{\"@type\":\"ImageObject\",\"inLanguage\":\"de\",\"@id\":\"https:\\\/\\\/joyasyasmin.com\\\/de\\\/producto\\\/geometrischer-perlenmuschel-ohrring\\\/#primaryimage\",\"url\":\"https:\\\/\\\/joyasyasmin.com\\\/wp-content\\\/uploads\\\/2022\\\/10\\\/pendiente-geometrico-con-perla-scaled.jpg\",\"contentUrl\":\"https:\\\/\\\/joyasyasmin.com\\\/wp-content\\\/uploads\\\/2022\\\/10\\\/pendiente-geometrico-con-perla-scaled.jpg\",\"width\":2560,\"height\":2560,\"caption\":\"Geometrischer Ohrring mit Zuchtperlenmuschel Sale in 925 Sterling Silber\"},{\"@type\":\"BreadcrumbList\",\"@id\":\"https:\\\/\\\/joyasyasmin.com\\\/de\\\/producto\\\/geometrischer-perlenmuschel-ohrring\\\/#breadcrumb\",\"itemListElement\":[{\"@type\":\"ListItem\",\"position\":1,\"name\":\"Portada\",\"item\":\"https:\\\/\\\/joyasyasmin.com\\\/de\\\/heim\\\/\"},{\"@type\":\"ListItem\",\"position\":2,\"name\":\"Shop\",\"item\":\"https:\\\/\\\/joyasyasmin.com\\\/de\\\/shop\\\/\"},{\"@type\":\"ListItem\",\"position\":3,\"name\":\"Geometrischer Perlenmuschel-Ohrring\"}]},{\"@type\":\"WebSite\",\"@id\":\"https:\\\/\\\/joyasyasmin.com\\\/de\\\/#website\",\"url\":\"https:\\\/\\\/joyasyasmin.com\\\/de\\\/\",\"name\":\"Yasmin\",\"description\":\"Joyer\u00eda de Plata 925 - Pendientes, pulseras, anillos, colgantes y m\u00e1s!\",\"publisher\":{\"@id\":\"https:\\\/\\\/joyasyasmin.com\\\/de\\\/#organization\"},\"potentialAction\":[{\"@type\":\"SearchAction\",\"target\":{\"@type\":\"EntryPoint\",\"urlTemplate\":\"https:\\\/\\\/joyasyasmin.com\\\/de\\\/?s={search_term_string}\"},\"query-input\":{\"@type\":\"PropertyValueSpecification\",\"valueRequired\":true,\"valueName\":\"search_term_string\"}}],\"inLanguage\":\"de\"},{\"@type\":\"Organization\",\"@id\":\"https:\\\/\\\/joyasyasmin.com\\\/de\\\/#organization\",\"name\":\"joyas yasmin\",\"url\":\"https:\\\/\\\/joyasyasmin.com\\\/de\\\/\",\"logo\":{\"@type\":\"ImageObject\",\"inLanguage\":\"de\",\"@id\":\"https:\\\/\\\/joyasyasmin.com\\\/de\\\/#\\\/schema\\\/logo\\\/image\\\/\",\"url\":\"https:\\\/\\\/joyasyasmin.com\\\/wp-content\\\/uploads\\\/2017\\\/06\\\/IMG-20200429-WA0051.jpg\",\"contentUrl\":\"https:\\\/\\\/joyasyasmin.com\\\/wp-content\\\/uploads\\\/2017\\\/06\\\/IMG-20200429-WA0051.jpg\",\"width\":1080,\"height\":545,\"caption\":\"joyas yasmin\"},\"image\":{\"@id\":\"https:\\\/\\\/joyasyasmin.com\\\/de\\\/#\\\/schema\\\/logo\\\/image\\\/\"},\"sameAs\":[\"https:\\\/\\\/www.facebook.com\\\/Joyas-Yasmin-217664058934169\\\/\",\"https:\\\/\\\/www.instagram.com\\\/invites\\\/contact\\\/\"]}]}<\/script>\n<!-- \/ Yoast SEO plugin. -->","yoast_head_json":{"title":"Geometrischer Perlenmuschel-Ohrring - Yasmin","description":"Der geometrische Perlenmuschel-Ohrring ist ein Schmuckst\u00fcck aus 925er Sterlingsilber, das Ihren Looks Eleganz und Stil verleiht. Tragen Sie es im Alltag und f\u00fchlen Sie sich einzigartig.","robots":{"index":"index","follow":"follow","max-snippet":"max-snippet:-1","max-image-preview":"max-image-preview:large","max-video-preview":"max-video-preview:-1"},"canonical":"https:\/\/joyasyasmin.com\/de\/producto\/geometrischer-perlenmuschel-ohrring\/","og_locale":"de_DE","og_title":"Geometrischer Perlenmuschel-Ohrring - Yasmin","og_description":"Der geometrische Perlenmuschel-Ohrring ist ein Schmuckst\u00fcck aus 925er Sterlingsilber, das Ihren Looks Eleganz und Stil verleiht. Tragen Sie es im Alltag und f\u00fchlen Sie sich einzigartig.","og_url":"https:\/\/joyasyasmin.com\/de\/producto\/geometrischer-perlenmuschel-ohrring\/","og_site_name":"Yasmin","article_publisher":"https:\/\/www.facebook.com\/Joyas-Yasmin-217664058934169\/","article_modified_time":"2025-11-10T11:58:51+00:00","og_image":[{"width":2560,"height":2560,"url":"https:\/\/joyasyasmin.com\/wp-content\/uploads\/2022\/10\/pendiente-geometrico-con-perla-scaled.jpg","type":"image\/jpeg"}],"twitter_card":"summary_large_image","schema":{"@context":"https:\/\/schema.org","@graph":[{"@type":["WebPage","ItemPage"],"@id":"https:\/\/joyasyasmin.com\/de\/producto\/geometrischer-perlenmuschel-ohrring\/","url":"https:\/\/joyasyasmin.com\/de\/producto\/geometrischer-perlenmuschel-ohrring\/","name":"Geometrischer Perlenmuschel-Ohrring - Yasmin","isPartOf":{"@id":"https:\/\/joyasyasmin.com\/de\/#website"},"primaryImageOfPage":{"@id":"https:\/\/joyasyasmin.com\/de\/producto\/geometrischer-perlenmuschel-ohrring\/#primaryimage"},"image":{"@id":"https:\/\/joyasyasmin.com\/de\/producto\/geometrischer-perlenmuschel-ohrring\/#primaryimage"},"thumbnailUrl":"https:\/\/joyasyasmin.com\/wp-content\/uploads\/2022\/10\/pendiente-geometrico-con-perla-scaled.jpg","datePublished":"2022-10-16T22:06:16+00:00","dateModified":"2025-11-10T11:58:51+00:00","description":"Der geometrische Perlenmuschel-Ohrring ist ein Schmuckst\u00fcck aus 925er Sterlingsilber, das Ihren Looks Eleganz und Stil verleiht. Tragen Sie es im Alltag und f\u00fchlen Sie sich einzigartig.","breadcrumb":{"@id":"https:\/\/joyasyasmin.com\/de\/producto\/geometrischer-perlenmuschel-ohrring\/#breadcrumb"},"inLanguage":"de","potentialAction":[{"@type":"ReadAction","target":["https:\/\/joyasyasmin.com\/de\/producto\/geometrischer-perlenmuschel-ohrring\/"]}]},{"@type":"ImageObject","inLanguage":"de","@id":"https:\/\/joyasyasmin.com\/de\/producto\/geometrischer-perlenmuschel-ohrring\/#primaryimage","url":"https:\/\/joyasyasmin.com\/wp-content\/uploads\/2022\/10\/pendiente-geometrico-con-perla-scaled.jpg","contentUrl":"https:\/\/joyasyasmin.com\/wp-content\/uploads\/2022\/10\/pendiente-geometrico-con-perla-scaled.jpg","width":2560,"height":2560,"caption":"Geometrischer Ohrring mit Zuchtperlenmuschel Sale in 925 Sterling Silber"},{"@type":"BreadcrumbList","@id":"https:\/\/joyasyasmin.com\/de\/producto\/geometrischer-perlenmuschel-ohrring\/#breadcrumb","itemListElement":[{"@type":"ListItem","position":1,"name":"Portada","item":"https:\/\/joyasyasmin.com\/de\/heim\/"},{"@type":"ListItem","position":2,"name":"Shop","item":"https:\/\/joyasyasmin.com\/de\/shop\/"},{"@type":"ListItem","position":3,"name":"Geometrischer Perlenmuschel-Ohrring"}]},{"@type":"WebSite","@id":"https:\/\/joyasyasmin.com\/de\/#website","url":"https:\/\/joyasyasmin.com\/de\/","name":"Yasmin","description":"Joyer\u00eda de Plata 925 - Pendientes, pulseras, anillos, colgantes y m\u00e1s!","publisher":{"@id":"https:\/\/joyasyasmin.com\/de\/#organization"},"potentialAction":[{"@type":"SearchAction","target":{"@type":"EntryPoint","urlTemplate":"https:\/\/joyasyasmin.com\/de\/?s={search_term_string}"},"query-input":{"@type":"PropertyValueSpecification","valueRequired":true,"valueName":"search_term_string"}}],"inLanguage":"de"},{"@type":"Organization","@id":"https:\/\/joyasyasmin.com\/de\/#organization","name":"joyas yasmin","url":"https:\/\/joyasyasmin.com\/de\/","logo":{"@type":"ImageObject","inLanguage":"de","@id":"https:\/\/joyasyasmin.com\/de\/#\/schema\/logo\/image\/","url":"https:\/\/joyasyasmin.com\/wp-content\/uploads\/2017\/06\/IMG-20200429-WA0051.jpg","contentUrl":"https:\/\/joyasyasmin.com\/wp-content\/uploads\/2017\/06\/IMG-20200429-WA0051.jpg","width":1080,"height":545,"caption":"joyas yasmin"},"image":{"@id":"https:\/\/joyasyasmin.com\/de\/#\/schema\/logo\/image\/"},"sameAs":["https:\/\/www.facebook.com\/Joyas-Yasmin-217664058934169\/","https:\/\/www.instagram.com\/invites\/contact\/"]}]}},"_links":{"self":[{"href":"https:\/\/joyasyasmin.com\/de\/wp-json\/wp\/v2\/product\/25211","targetHints":{"allow":["GET"]}}],"collection":[{"href":"https:\/\/joyasyasmin.com\/de\/wp-json\/wp\/v2\/product"}],"about":[{"href":"https:\/\/joyasyasmin.com\/de\/wp-json\/wp\/v2\/types\/product"}],"replies":[{"embeddable":true,"href":"https:\/\/joyasyasmin.com\/de\/wp-json\/wp\/v2\/comments?post=25211"}],"version-history":[{"count":1,"href":"https:\/\/joyasyasmin.com\/de\/wp-json\/wp\/v2\/product\/25211\/revisions"}],"predecessor-version":[{"id":36089,"href":"https:\/\/joyasyasmin.com\/de\/wp-json\/wp\/v2\/product\/25211\/revisions\/36089"}],"wp:featuredmedia":[{"embeddable":true,"href":"https:\/\/joyasyasmin.com\/de\/wp-json\/wp\/v2\/media\/25219"}],"wp:attachment":[{"href":"https:\/\/joyasyasmin.com\/de\/wp-json\/wp\/v2\/media?parent=25211"}],"wp:term":[{"taxonomy":"product_brand","embeddable":true,"href":"https:\/\/joyasyasmin.com\/de\/wp-json\/wp\/v2\/product_brand?post=25211"},{"taxonomy":"product_cat","embeddable":true,"href":"https:\/\/joyasyasmin.com\/de\/wp-json\/wp\/v2\/product_cat?post=25211"},{"taxonomy":"product_tag","embeddable":true,"href":"https:\/\/joyasyasmin.com\/de\/wp-json\/wp\/v2\/product_tag?post=25211"}],"curies":[{"name":"wp","href":"https:\/\/api.w.org\/{rel}","templated":true}]}}