{"id":25502,"date":"2022-05-12T11:26:21","date_gmt":"2022-05-12T11:26:21","guid":{"rendered":"https:\/\/joyasyasmin.com\/producto\/spiralfoermiger-kronenring\/"},"modified":"2022-05-12T11:26:21","modified_gmt":"2022-05-12T11:26:21","slug":"spiralfoermiger-kronenring","status":"publish","type":"product","link":"https:\/\/joyasyasmin.com\/de\/producto\/spiralfoermiger-kronenring\/","title":{"rendered":"Spiralf\u00f6rmiger Kronenring"},"content":{"rendered":"","protected":false},"excerpt":{"rendered":"<p>Spiral Crown Ring, 5mm breit, dieser sch\u00f6ne Ring in Form einer Krone, die in drei Teile geteilt ist, in der Mitte geht ein Kreis mit Zirkonias und an seinen Seiten auf einem glatten Blatt und auf der anderen Seite geschnitzte Bl\u00e4tter, Sie werden es lieben, Sie k\u00f6nnen es t\u00e4glich tragen und Sie k\u00f6nnen es allein oder kombiniert tragen.<\/p>\n","protected":false},"featured_media":25512,"comment_status":"open","ping_status":"closed","template":"","meta":{"_acf_changed":false,"_joinchat":[]},"product_brand":[],"product_cat":[1850],"product_tag":[3882,3881],"class_list":{"0":"post-25502","1":"product","2":"type-product","3":"status-publish","4":"has-post-thumbnail","6":"product_cat-ringe-ringe","7":"product_tag-kronenring-aus-sterlingsilber","8":"product_tag-kronenring-mit-fischgratmuster","10":"first","11":"instock","12":"shipping-taxable","13":"purchasable","14":"product-type-variable"},"acf":[],"yoast_head":"<!-- This site is optimized with the Yoast SEO plugin v27.2 - https:\/\/yoast.com\/product\/yoast-seo-wordpress\/ -->\n<title>Spiralf\u00f6rmiger Kronenring - Yasmin<\/title>\n<meta name=\"description\" content=\"Der spiralf\u00f6rmige Kronenring (5mm) ist aus 925er Sterlingsilber gefertigt, sein Design ist super aufwendig und bildet eine Krone. Sie werden es lieben! Kostenloser Versand.\" \/>\n<meta name=\"robots\" content=\"index, follow, max-snippet:-1, max-image-preview:large, max-video-preview:-1\" \/>\n<link rel=\"canonical\" href=\"https:\/\/joyasyasmin.com\/de\/producto\/spiralfoermiger-kronenring\/\" \/>\n<meta property=\"og:locale\" content=\"de_DE\" \/>\n<meta property=\"og:title\" content=\"Spiralf\u00f6rmiger Kronenring - Yasmin\" \/>\n<meta property=\"og:description\" content=\"Der spiralf\u00f6rmige Kronenring (5mm) ist aus 925er Sterlingsilber gefertigt, sein Design ist super aufwendig und bildet eine Krone. Sie werden es lieben! Kostenloser Versand.\" \/>\n<meta property=\"og:url\" content=\"https:\/\/joyasyasmin.com\/de\/producto\/spiralfoermiger-kronenring\/\" \/>\n<meta property=\"og:site_name\" content=\"Yasmin\" \/>\n<meta property=\"article:publisher\" content=\"https:\/\/www.facebook.com\/Joyas-Yasmin-217664058934169\/\" \/>\n<meta property=\"og:image\" content=\"https:\/\/joyasyasmin.com\/wp-content\/uploads\/2022\/05\/sortija-espiral-circonita.jpg\" \/>\n\t<meta property=\"og:image:width\" content=\"1960\" \/>\n\t<meta property=\"og:image:height\" content=\"1960\" \/>\n\t<meta property=\"og:image:type\" content=\"image\/jpeg\" \/>\n<meta name=\"twitter:card\" content=\"summary_large_image\" \/>\n<script type=\"application\/ld+json\" class=\"yoast-schema-graph\">{\"@context\":\"https:\/\/schema.org\",\"@graph\":[{\"@type\":[\"WebPage\",\"ItemPage\"],\"@id\":\"https:\/\/joyasyasmin.com\/de\/producto\/spiralfoermiger-kronenring\/\",\"url\":\"https:\/\/joyasyasmin.com\/de\/producto\/spiralfoermiger-kronenring\/\",\"name\":\"Spiralf\u00f6rmiger Kronenring - Yasmin\",\"isPartOf\":{\"@id\":\"https:\/\/joyasyasmin.com\/de\/#website\"},\"primaryImageOfPage\":{\"@id\":\"https:\/\/joyasyasmin.com\/de\/producto\/spiralfoermiger-kronenring\/#primaryimage\"},\"image\":{\"@id\":\"https:\/\/joyasyasmin.com\/de\/producto\/spiralfoermiger-kronenring\/#primaryimage\"},\"thumbnailUrl\":\"https:\/\/joyasyasmin.com\/wp-content\/uploads\/2022\/05\/sortija-espiral-circonita.jpg\",\"datePublished\":\"2022-05-12T11:26:21+00:00\",\"description\":\"Der spiralf\u00f6rmige Kronenring (5mm) ist aus 925er Sterlingsilber gefertigt, sein Design ist super aufwendig und bildet eine Krone. Sie werden es lieben! Kostenloser Versand.\",\"breadcrumb\":{\"@id\":\"https:\/\/joyasyasmin.com\/de\/producto\/spiralfoermiger-kronenring\/#breadcrumb\"},\"inLanguage\":\"de\",\"potentialAction\":[{\"@type\":\"ReadAction\",\"target\":[\"https:\/\/joyasyasmin.com\/de\/producto\/spiralfoermiger-kronenring\/\"]}]},{\"@type\":\"ImageObject\",\"inLanguage\":\"de\",\"@id\":\"https:\/\/joyasyasmin.com\/de\/producto\/spiralfoermiger-kronenring\/#primaryimage\",\"url\":\"https:\/\/joyasyasmin.com\/wp-content\/uploads\/2022\/05\/sortija-espiral-circonita.jpg\",\"contentUrl\":\"https:\/\/joyasyasmin.com\/wp-content\/uploads\/2022\/05\/sortija-espiral-circonita.jpg\",\"width\":1960,\"height\":1960},{\"@type\":\"BreadcrumbList\",\"@id\":\"https:\/\/joyasyasmin.com\/de\/producto\/spiralfoermiger-kronenring\/#breadcrumb\",\"itemListElement\":[{\"@type\":\"ListItem\",\"position\":1,\"name\":\"Portada\",\"item\":\"https:\/\/joyasyasmin.com\/de\/heim\/\"},{\"@type\":\"ListItem\",\"position\":2,\"name\":\"Shop\",\"item\":\"https:\/\/joyasyasmin.com\/de\/shop\/\"},{\"@type\":\"ListItem\",\"position\":3,\"name\":\"Spiralf\u00f6rmiger Kronenring\"}]},{\"@type\":\"WebSite\",\"@id\":\"https:\/\/joyasyasmin.com\/de\/#website\",\"url\":\"https:\/\/joyasyasmin.com\/de\/\",\"name\":\"Yasmin\",\"description\":\"Joyer\u00eda de Plata 925 - Pendientes, pulseras, anillos, colgantes y m\u00e1s!\",\"publisher\":{\"@id\":\"https:\/\/joyasyasmin.com\/de\/#organization\"},\"potentialAction\":[{\"@type\":\"SearchAction\",\"target\":{\"@type\":\"EntryPoint\",\"urlTemplate\":\"https:\/\/joyasyasmin.com\/de\/?s={search_term_string}\"},\"query-input\":{\"@type\":\"PropertyValueSpecification\",\"valueRequired\":true,\"valueName\":\"search_term_string\"}}],\"inLanguage\":\"de\"},{\"@type\":\"Organization\",\"@id\":\"https:\/\/joyasyasmin.com\/de\/#organization\",\"name\":\"joyas yasmin\",\"url\":\"https:\/\/joyasyasmin.com\/de\/\",\"logo\":{\"@type\":\"ImageObject\",\"inLanguage\":\"de\",\"@id\":\"https:\/\/joyasyasmin.com\/de\/#\/schema\/logo\/image\/\",\"url\":\"https:\/\/joyasyasmin.com\/wp-content\/uploads\/2017\/06\/IMG-20200429-WA0051.jpg\",\"contentUrl\":\"https:\/\/joyasyasmin.com\/wp-content\/uploads\/2017\/06\/IMG-20200429-WA0051.jpg\",\"width\":1080,\"height\":545,\"caption\":\"joyas yasmin\"},\"image\":{\"@id\":\"https:\/\/joyasyasmin.com\/de\/#\/schema\/logo\/image\/\"},\"sameAs\":[\"https:\/\/www.facebook.com\/Joyas-Yasmin-217664058934169\/\",\"https:\/\/www.instagram.com\/invites\/contact\/\"]}]}<\/script>\n<!-- \/ Yoast SEO plugin. -->","yoast_head_json":{"title":"Spiralf\u00f6rmiger Kronenring - Yasmin","description":"Der spiralf\u00f6rmige Kronenring (5mm) ist aus 925er Sterlingsilber gefertigt, sein Design ist super aufwendig und bildet eine Krone. Sie werden es lieben! Kostenloser Versand.","robots":{"index":"index","follow":"follow","max-snippet":"max-snippet:-1","max-image-preview":"max-image-preview:large","max-video-preview":"max-video-preview:-1"},"canonical":"https:\/\/joyasyasmin.com\/de\/producto\/spiralfoermiger-kronenring\/","og_locale":"de_DE","og_title":"Spiralf\u00f6rmiger Kronenring - Yasmin","og_description":"Der spiralf\u00f6rmige Kronenring (5mm) ist aus 925er Sterlingsilber gefertigt, sein Design ist super aufwendig und bildet eine Krone. Sie werden es lieben! Kostenloser Versand.","og_url":"https:\/\/joyasyasmin.com\/de\/producto\/spiralfoermiger-kronenring\/","og_site_name":"Yasmin","article_publisher":"https:\/\/www.facebook.com\/Joyas-Yasmin-217664058934169\/","og_image":[{"width":1960,"height":1960,"url":"https:\/\/joyasyasmin.com\/wp-content\/uploads\/2022\/05\/sortija-espiral-circonita.jpg","type":"image\/jpeg"}],"twitter_card":"summary_large_image","schema":{"@context":"https:\/\/schema.org","@graph":[{"@type":["WebPage","ItemPage"],"@id":"https:\/\/joyasyasmin.com\/de\/producto\/spiralfoermiger-kronenring\/","url":"https:\/\/joyasyasmin.com\/de\/producto\/spiralfoermiger-kronenring\/","name":"Spiralf\u00f6rmiger Kronenring - Yasmin","isPartOf":{"@id":"https:\/\/joyasyasmin.com\/de\/#website"},"primaryImageOfPage":{"@id":"https:\/\/joyasyasmin.com\/de\/producto\/spiralfoermiger-kronenring\/#primaryimage"},"image":{"@id":"https:\/\/joyasyasmin.com\/de\/producto\/spiralfoermiger-kronenring\/#primaryimage"},"thumbnailUrl":"https:\/\/joyasyasmin.com\/wp-content\/uploads\/2022\/05\/sortija-espiral-circonita.jpg","datePublished":"2022-05-12T11:26:21+00:00","description":"Der spiralf\u00f6rmige Kronenring (5mm) ist aus 925er Sterlingsilber gefertigt, sein Design ist super aufwendig und bildet eine Krone. Sie werden es lieben! Kostenloser Versand.","breadcrumb":{"@id":"https:\/\/joyasyasmin.com\/de\/producto\/spiralfoermiger-kronenring\/#breadcrumb"},"inLanguage":"de","potentialAction":[{"@type":"ReadAction","target":["https:\/\/joyasyasmin.com\/de\/producto\/spiralfoermiger-kronenring\/"]}]},{"@type":"ImageObject","inLanguage":"de","@id":"https:\/\/joyasyasmin.com\/de\/producto\/spiralfoermiger-kronenring\/#primaryimage","url":"https:\/\/joyasyasmin.com\/wp-content\/uploads\/2022\/05\/sortija-espiral-circonita.jpg","contentUrl":"https:\/\/joyasyasmin.com\/wp-content\/uploads\/2022\/05\/sortija-espiral-circonita.jpg","width":1960,"height":1960},{"@type":"BreadcrumbList","@id":"https:\/\/joyasyasmin.com\/de\/producto\/spiralfoermiger-kronenring\/#breadcrumb","itemListElement":[{"@type":"ListItem","position":1,"name":"Portada","item":"https:\/\/joyasyasmin.com\/de\/heim\/"},{"@type":"ListItem","position":2,"name":"Shop","item":"https:\/\/joyasyasmin.com\/de\/shop\/"},{"@type":"ListItem","position":3,"name":"Spiralf\u00f6rmiger Kronenring"}]},{"@type":"WebSite","@id":"https:\/\/joyasyasmin.com\/de\/#website","url":"https:\/\/joyasyasmin.com\/de\/","name":"Yasmin","description":"Joyer\u00eda de Plata 925 - Pendientes, pulseras, anillos, colgantes y m\u00e1s!","publisher":{"@id":"https:\/\/joyasyasmin.com\/de\/#organization"},"potentialAction":[{"@type":"SearchAction","target":{"@type":"EntryPoint","urlTemplate":"https:\/\/joyasyasmin.com\/de\/?s={search_term_string}"},"query-input":{"@type":"PropertyValueSpecification","valueRequired":true,"valueName":"search_term_string"}}],"inLanguage":"de"},{"@type":"Organization","@id":"https:\/\/joyasyasmin.com\/de\/#organization","name":"joyas yasmin","url":"https:\/\/joyasyasmin.com\/de\/","logo":{"@type":"ImageObject","inLanguage":"de","@id":"https:\/\/joyasyasmin.com\/de\/#\/schema\/logo\/image\/","url":"https:\/\/joyasyasmin.com\/wp-content\/uploads\/2017\/06\/IMG-20200429-WA0051.jpg","contentUrl":"https:\/\/joyasyasmin.com\/wp-content\/uploads\/2017\/06\/IMG-20200429-WA0051.jpg","width":1080,"height":545,"caption":"joyas yasmin"},"image":{"@id":"https:\/\/joyasyasmin.com\/de\/#\/schema\/logo\/image\/"},"sameAs":["https:\/\/www.facebook.com\/Joyas-Yasmin-217664058934169\/","https:\/\/www.instagram.com\/invites\/contact\/"]}]}},"_links":{"self":[{"href":"https:\/\/joyasyasmin.com\/de\/wp-json\/wp\/v2\/product\/25502","targetHints":{"allow":["GET"]}}],"collection":[{"href":"https:\/\/joyasyasmin.com\/de\/wp-json\/wp\/v2\/product"}],"about":[{"href":"https:\/\/joyasyasmin.com\/de\/wp-json\/wp\/v2\/types\/product"}],"replies":[{"embeddable":true,"href":"https:\/\/joyasyasmin.com\/de\/wp-json\/wp\/v2\/comments?post=25502"}],"version-history":[{"count":0,"href":"https:\/\/joyasyasmin.com\/de\/wp-json\/wp\/v2\/product\/25502\/revisions"}],"wp:featuredmedia":[{"embeddable":true,"href":"https:\/\/joyasyasmin.com\/de\/wp-json\/wp\/v2\/media\/25512"}],"wp:attachment":[{"href":"https:\/\/joyasyasmin.com\/de\/wp-json\/wp\/v2\/media?parent=25502"}],"wp:term":[{"taxonomy":"product_brand","embeddable":true,"href":"https:\/\/joyasyasmin.com\/de\/wp-json\/wp\/v2\/product_brand?post=25502"},{"taxonomy":"product_cat","embeddable":true,"href":"https:\/\/joyasyasmin.com\/de\/wp-json\/wp\/v2\/product_cat?post=25502"},{"taxonomy":"product_tag","embeddable":true,"href":"https:\/\/joyasyasmin.com\/de\/wp-json\/wp\/v2\/product_tag?post=25502"}],"curies":[{"name":"wp","href":"https:\/\/api.w.org\/{rel}","templated":true}]}}