{"id":25815,"date":"2022-07-12T21:16:23","date_gmt":"2022-07-12T21:16:23","guid":{"rendered":"https:\/\/joyasyasmin.com\/producto\/schlichter-herz-creolen-ohrring-2\/"},"modified":"2025-05-20T09:02:08","modified_gmt":"2025-05-20T09:02:08","slug":"schlichter-herz-creolen-ohrring-2","status":"publish","type":"product","link":"https:\/\/joyasyasmin.com\/de\/producto\/schlichter-herz-creolen-ohrring-2\/","title":{"rendered":"Schlichter Herz-Creolen-Ohrring"},"content":{"rendered":"","protected":false},"excerpt":{"rendered":"<p>Der schlichte Herz-Creolen-Ohrring ist ein Juwel aus 925er Sterlingsilber, dieses Design eines Creols (10 mm) mit dem Herz (9 mm), sein Druckknopfverschluss ist super bequem und st\u00f6rt nicht, dieses Design ist auch mit drei Mikrometern 18-kar\u00e4tigem Gold \u00fcberzogen. Es ist ein hochwertiges Schmuckst\u00fcck. <\/p>\n","protected":false},"featured_media":25820,"comment_status":"open","ping_status":"closed","template":"","meta":{"_acf_changed":false,"_joinchat":[]},"product_brand":[],"product_cat":[1770],"product_tag":[4060,4062],"class_list":{"0":"post-25815","1":"product","2":"type-product","3":"status-publish","4":"has-post-thumbnail","6":"product_cat-ohrringe-und-ohrringe","7":"product_tag-schlichter-herz-creolen-ohrring","8":"product_tag-silberner-herzformiger-ohrring-mit-druckknopfverschluss","10":"first","11":"instock","12":"shipping-taxable","13":"purchasable","14":"product-type-variable"},"acf":[],"yoast_head":"<!-- This site is optimized with the Yoast SEO plugin v27.2 - https:\/\/yoast.com\/product\/yoast-seo-wordpress\/ -->\n<title>Schlichter Herz-Creolen-Ohrring - Yasmin<\/title>\n<meta name=\"description\" content=\"Der schlichte Herz-Creolen-Ohrring ist ein wundersch\u00f6nes Schmuckst\u00fcck mit Design und Eleganz f\u00fcr Sie, er ist aus 925er Sterlingsilber gefertigt. Besuchen Sie unseren Shop versandkostenfrei.\" \/>\n<meta name=\"robots\" content=\"index, follow, max-snippet:-1, max-image-preview:large, max-video-preview:-1\" \/>\n<link rel=\"canonical\" href=\"https:\/\/joyasyasmin.com\/de\/producto\/schlichter-herz-creolen-ohrring-2\/\" \/>\n<meta property=\"og:locale\" content=\"de_DE\" \/>\n<meta property=\"og:title\" content=\"Schlichter Herz-Creolen-Ohrring - Yasmin\" \/>\n<meta property=\"og:description\" content=\"Der schlichte Herz-Creolen-Ohrring ist ein wundersch\u00f6nes Schmuckst\u00fcck mit Design und Eleganz f\u00fcr Sie, er ist aus 925er Sterlingsilber gefertigt. Besuchen Sie unseren Shop versandkostenfrei.\" \/>\n<meta property=\"og:url\" content=\"https:\/\/joyasyasmin.com\/de\/producto\/schlichter-herz-creolen-ohrring-2\/\" \/>\n<meta property=\"og:site_name\" content=\"Yasmin\" \/>\n<meta property=\"article:publisher\" content=\"https:\/\/www.facebook.com\/Joyas-Yasmin-217664058934169\/\" \/>\n<meta property=\"article:modified_time\" content=\"2025-05-20T09:02:08+00:00\" \/>\n<meta property=\"og:image\" content=\"https:\/\/joyasyasmin.com\/wp-content\/uploads\/2022\/07\/pendiente-corazon-aro-plata.jpg\" \/>\n\t<meta property=\"og:image:width\" content=\"1960\" \/>\n\t<meta property=\"og:image:height\" content=\"1960\" \/>\n\t<meta property=\"og:image:type\" content=\"image\/jpeg\" \/>\n<meta name=\"twitter:card\" content=\"summary_large_image\" \/>\n<script type=\"application\/ld+json\" class=\"yoast-schema-graph\">{\"@context\":\"https:\/\/schema.org\",\"@graph\":[{\"@type\":[\"WebPage\",\"ItemPage\"],\"@id\":\"https:\/\/joyasyasmin.com\/de\/producto\/schlichter-herz-creolen-ohrring-2\/\",\"url\":\"https:\/\/joyasyasmin.com\/de\/producto\/schlichter-herz-creolen-ohrring-2\/\",\"name\":\"Schlichter Herz-Creolen-Ohrring - Yasmin\",\"isPartOf\":{\"@id\":\"https:\/\/joyasyasmin.com\/de\/#website\"},\"primaryImageOfPage\":{\"@id\":\"https:\/\/joyasyasmin.com\/de\/producto\/schlichter-herz-creolen-ohrring-2\/#primaryimage\"},\"image\":{\"@id\":\"https:\/\/joyasyasmin.com\/de\/producto\/schlichter-herz-creolen-ohrring-2\/#primaryimage\"},\"thumbnailUrl\":\"https:\/\/joyasyasmin.com\/wp-content\/uploads\/2022\/07\/pendiente-corazon-aro-plata.jpg\",\"datePublished\":\"2022-07-12T21:16:23+00:00\",\"dateModified\":\"2025-05-20T09:02:08+00:00\",\"description\":\"Der schlichte Herz-Creolen-Ohrring ist ein wundersch\u00f6nes Schmuckst\u00fcck mit Design und Eleganz f\u00fcr Sie, er ist aus 925er Sterlingsilber gefertigt. Besuchen Sie unseren Shop versandkostenfrei.\",\"breadcrumb\":{\"@id\":\"https:\/\/joyasyasmin.com\/de\/producto\/schlichter-herz-creolen-ohrring-2\/#breadcrumb\"},\"inLanguage\":\"de\",\"potentialAction\":[{\"@type\":\"ReadAction\",\"target\":[\"https:\/\/joyasyasmin.com\/de\/producto\/schlichter-herz-creolen-ohrring-2\/\"]}]},{\"@type\":\"ImageObject\",\"inLanguage\":\"de\",\"@id\":\"https:\/\/joyasyasmin.com\/de\/producto\/schlichter-herz-creolen-ohrring-2\/#primaryimage\",\"url\":\"https:\/\/joyasyasmin.com\/wp-content\/uploads\/2022\/07\/pendiente-corazon-aro-plata.jpg\",\"contentUrl\":\"https:\/\/joyasyasmin.com\/wp-content\/uploads\/2022\/07\/pendiente-corazon-aro-plata.jpg\",\"width\":1960,\"height\":1960,\"caption\":\"925 Sterling Silber Plain Heart Creolen Ohrring zum Verkauf\"},{\"@type\":\"BreadcrumbList\",\"@id\":\"https:\/\/joyasyasmin.com\/de\/producto\/schlichter-herz-creolen-ohrring-2\/#breadcrumb\",\"itemListElement\":[{\"@type\":\"ListItem\",\"position\":1,\"name\":\"Portada\",\"item\":\"https:\/\/joyasyasmin.com\/de\/heim\/\"},{\"@type\":\"ListItem\",\"position\":2,\"name\":\"Shop\",\"item\":\"https:\/\/joyasyasmin.com\/de\/shop\/\"},{\"@type\":\"ListItem\",\"position\":3,\"name\":\"Schlichter Herz-Creolen-Ohrring\"}]},{\"@type\":\"WebSite\",\"@id\":\"https:\/\/joyasyasmin.com\/de\/#website\",\"url\":\"https:\/\/joyasyasmin.com\/de\/\",\"name\":\"Yasmin\",\"description\":\"Joyer\u00eda de Plata 925 - Pendientes, pulseras, anillos, colgantes y m\u00e1s!\",\"publisher\":{\"@id\":\"https:\/\/joyasyasmin.com\/de\/#organization\"},\"potentialAction\":[{\"@type\":\"SearchAction\",\"target\":{\"@type\":\"EntryPoint\",\"urlTemplate\":\"https:\/\/joyasyasmin.com\/de\/?s={search_term_string}\"},\"query-input\":{\"@type\":\"PropertyValueSpecification\",\"valueRequired\":true,\"valueName\":\"search_term_string\"}}],\"inLanguage\":\"de\"},{\"@type\":\"Organization\",\"@id\":\"https:\/\/joyasyasmin.com\/de\/#organization\",\"name\":\"joyas yasmin\",\"url\":\"https:\/\/joyasyasmin.com\/de\/\",\"logo\":{\"@type\":\"ImageObject\",\"inLanguage\":\"de\",\"@id\":\"https:\/\/joyasyasmin.com\/de\/#\/schema\/logo\/image\/\",\"url\":\"https:\/\/joyasyasmin.com\/wp-content\/uploads\/2017\/06\/IMG-20200429-WA0051.jpg\",\"contentUrl\":\"https:\/\/joyasyasmin.com\/wp-content\/uploads\/2017\/06\/IMG-20200429-WA0051.jpg\",\"width\":1080,\"height\":545,\"caption\":\"joyas yasmin\"},\"image\":{\"@id\":\"https:\/\/joyasyasmin.com\/de\/#\/schema\/logo\/image\/\"},\"sameAs\":[\"https:\/\/www.facebook.com\/Joyas-Yasmin-217664058934169\/\",\"https:\/\/www.instagram.com\/invites\/contact\/\"]}]}<\/script>\n<!-- \/ Yoast SEO plugin. -->","yoast_head_json":{"title":"Schlichter Herz-Creolen-Ohrring - Yasmin","description":"Der schlichte Herz-Creolen-Ohrring ist ein wundersch\u00f6nes Schmuckst\u00fcck mit Design und Eleganz f\u00fcr Sie, er ist aus 925er Sterlingsilber gefertigt. Besuchen Sie unseren Shop versandkostenfrei.","robots":{"index":"index","follow":"follow","max-snippet":"max-snippet:-1","max-image-preview":"max-image-preview:large","max-video-preview":"max-video-preview:-1"},"canonical":"https:\/\/joyasyasmin.com\/de\/producto\/schlichter-herz-creolen-ohrring-2\/","og_locale":"de_DE","og_title":"Schlichter Herz-Creolen-Ohrring - Yasmin","og_description":"Der schlichte Herz-Creolen-Ohrring ist ein wundersch\u00f6nes Schmuckst\u00fcck mit Design und Eleganz f\u00fcr Sie, er ist aus 925er Sterlingsilber gefertigt. Besuchen Sie unseren Shop versandkostenfrei.","og_url":"https:\/\/joyasyasmin.com\/de\/producto\/schlichter-herz-creolen-ohrring-2\/","og_site_name":"Yasmin","article_publisher":"https:\/\/www.facebook.com\/Joyas-Yasmin-217664058934169\/","article_modified_time":"2025-05-20T09:02:08+00:00","og_image":[{"width":1960,"height":1960,"url":"https:\/\/joyasyasmin.com\/wp-content\/uploads\/2022\/07\/pendiente-corazon-aro-plata.jpg","type":"image\/jpeg"}],"twitter_card":"summary_large_image","schema":{"@context":"https:\/\/schema.org","@graph":[{"@type":["WebPage","ItemPage"],"@id":"https:\/\/joyasyasmin.com\/de\/producto\/schlichter-herz-creolen-ohrring-2\/","url":"https:\/\/joyasyasmin.com\/de\/producto\/schlichter-herz-creolen-ohrring-2\/","name":"Schlichter Herz-Creolen-Ohrring - Yasmin","isPartOf":{"@id":"https:\/\/joyasyasmin.com\/de\/#website"},"primaryImageOfPage":{"@id":"https:\/\/joyasyasmin.com\/de\/producto\/schlichter-herz-creolen-ohrring-2\/#primaryimage"},"image":{"@id":"https:\/\/joyasyasmin.com\/de\/producto\/schlichter-herz-creolen-ohrring-2\/#primaryimage"},"thumbnailUrl":"https:\/\/joyasyasmin.com\/wp-content\/uploads\/2022\/07\/pendiente-corazon-aro-plata.jpg","datePublished":"2022-07-12T21:16:23+00:00","dateModified":"2025-05-20T09:02:08+00:00","description":"Der schlichte Herz-Creolen-Ohrring ist ein wundersch\u00f6nes Schmuckst\u00fcck mit Design und Eleganz f\u00fcr Sie, er ist aus 925er Sterlingsilber gefertigt. Besuchen Sie unseren Shop versandkostenfrei.","breadcrumb":{"@id":"https:\/\/joyasyasmin.com\/de\/producto\/schlichter-herz-creolen-ohrring-2\/#breadcrumb"},"inLanguage":"de","potentialAction":[{"@type":"ReadAction","target":["https:\/\/joyasyasmin.com\/de\/producto\/schlichter-herz-creolen-ohrring-2\/"]}]},{"@type":"ImageObject","inLanguage":"de","@id":"https:\/\/joyasyasmin.com\/de\/producto\/schlichter-herz-creolen-ohrring-2\/#primaryimage","url":"https:\/\/joyasyasmin.com\/wp-content\/uploads\/2022\/07\/pendiente-corazon-aro-plata.jpg","contentUrl":"https:\/\/joyasyasmin.com\/wp-content\/uploads\/2022\/07\/pendiente-corazon-aro-plata.jpg","width":1960,"height":1960,"caption":"925 Sterling Silber Plain Heart Creolen Ohrring zum Verkauf"},{"@type":"BreadcrumbList","@id":"https:\/\/joyasyasmin.com\/de\/producto\/schlichter-herz-creolen-ohrring-2\/#breadcrumb","itemListElement":[{"@type":"ListItem","position":1,"name":"Portada","item":"https:\/\/joyasyasmin.com\/de\/heim\/"},{"@type":"ListItem","position":2,"name":"Shop","item":"https:\/\/joyasyasmin.com\/de\/shop\/"},{"@type":"ListItem","position":3,"name":"Schlichter Herz-Creolen-Ohrring"}]},{"@type":"WebSite","@id":"https:\/\/joyasyasmin.com\/de\/#website","url":"https:\/\/joyasyasmin.com\/de\/","name":"Yasmin","description":"Joyer\u00eda de Plata 925 - Pendientes, pulseras, anillos, colgantes y m\u00e1s!","publisher":{"@id":"https:\/\/joyasyasmin.com\/de\/#organization"},"potentialAction":[{"@type":"SearchAction","target":{"@type":"EntryPoint","urlTemplate":"https:\/\/joyasyasmin.com\/de\/?s={search_term_string}"},"query-input":{"@type":"PropertyValueSpecification","valueRequired":true,"valueName":"search_term_string"}}],"inLanguage":"de"},{"@type":"Organization","@id":"https:\/\/joyasyasmin.com\/de\/#organization","name":"joyas yasmin","url":"https:\/\/joyasyasmin.com\/de\/","logo":{"@type":"ImageObject","inLanguage":"de","@id":"https:\/\/joyasyasmin.com\/de\/#\/schema\/logo\/image\/","url":"https:\/\/joyasyasmin.com\/wp-content\/uploads\/2017\/06\/IMG-20200429-WA0051.jpg","contentUrl":"https:\/\/joyasyasmin.com\/wp-content\/uploads\/2017\/06\/IMG-20200429-WA0051.jpg","width":1080,"height":545,"caption":"joyas yasmin"},"image":{"@id":"https:\/\/joyasyasmin.com\/de\/#\/schema\/logo\/image\/"},"sameAs":["https:\/\/www.facebook.com\/Joyas-Yasmin-217664058934169\/","https:\/\/www.instagram.com\/invites\/contact\/"]}]}},"_links":{"self":[{"href":"https:\/\/joyasyasmin.com\/de\/wp-json\/wp\/v2\/product\/25815","targetHints":{"allow":["GET"]}}],"collection":[{"href":"https:\/\/joyasyasmin.com\/de\/wp-json\/wp\/v2\/product"}],"about":[{"href":"https:\/\/joyasyasmin.com\/de\/wp-json\/wp\/v2\/types\/product"}],"replies":[{"embeddable":true,"href":"https:\/\/joyasyasmin.com\/de\/wp-json\/wp\/v2\/comments?post=25815"}],"version-history":[{"count":1,"href":"https:\/\/joyasyasmin.com\/de\/wp-json\/wp\/v2\/product\/25815\/revisions"}],"predecessor-version":[{"id":32587,"href":"https:\/\/joyasyasmin.com\/de\/wp-json\/wp\/v2\/product\/25815\/revisions\/32587"}],"wp:featuredmedia":[{"embeddable":true,"href":"https:\/\/joyasyasmin.com\/de\/wp-json\/wp\/v2\/media\/25820"}],"wp:attachment":[{"href":"https:\/\/joyasyasmin.com\/de\/wp-json\/wp\/v2\/media?parent=25815"}],"wp:term":[{"taxonomy":"product_brand","embeddable":true,"href":"https:\/\/joyasyasmin.com\/de\/wp-json\/wp\/v2\/product_brand?post=25815"},{"taxonomy":"product_cat","embeddable":true,"href":"https:\/\/joyasyasmin.com\/de\/wp-json\/wp\/v2\/product_cat?post=25815"},{"taxonomy":"product_tag","embeddable":true,"href":"https:\/\/joyasyasmin.com\/de\/wp-json\/wp\/v2\/product_tag?post=25815"}],"curies":[{"name":"wp","href":"https:\/\/api.w.org\/{rel}","templated":true}]}}