{"id":25896,"date":"2022-08-05T15:37:08","date_gmt":"2022-08-05T15:37:08","guid":{"rendered":"https:\/\/joyasyasmin.com\/producto\/tropfenfoermiger-ohrring\/"},"modified":"2025-11-24T08:04:01","modified_gmt":"2025-11-24T08:04:01","slug":"tropfenfoermiger-ohrring","status":"publish","type":"product","link":"https:\/\/joyasyasmin.com\/de\/producto\/tropfenfoermiger-ohrring\/","title":{"rendered":"Tropfenf\u00f6rmiger Ohrring"},"content":{"rendered":"","protected":false},"excerpt":{"rendered":"<p>Der Teardrop Earring ist ein hochwertiges Schmuckst\u00fcck, das f\u00fcr Sie entworfen wurde und Eleganz und Stil in Ihren Look bringt, es besteht aus 925er Sterlingsilber, sein Design von zwei K\u00f6rpern, die eine Tr\u00e4ne bilden, ist originell und wird uns in diesen besonderen Momenten unseres Lebens begleiten. Die L\u00e4nge des ersten K\u00f6rpers betr\u00e4gt 1 m und der zweite K\u00f6rper misst 17 mm, um die L\u00e4nge des Ohrrings von 27 mm zu bilden, sein Schnappmutterverschluss, es gibt zwei Arten von Zirkonen, aber mit kleinen Zirkonia bedeckt. <\/p>\n","protected":false},"featured_media":25904,"comment_status":"open","ping_status":"closed","template":"","meta":{"_acf_changed":false,"_joinchat":[]},"product_brand":[],"product_cat":[1770],"product_tag":[4104,4103,3165],"class_list":{"0":"post-25896","1":"product","2":"type-product","3":"status-publish","4":"has-post-thumbnail","6":"product_cat-ohrringe-und-ohrringe","7":"product_tag-ohrring-fur-die-hochzeit","8":"product_tag-tropfenformiger-ohrring","9":"product_tag-was-ist-neu-in-2022","11":"first","12":"instock","13":"shipping-taxable","14":"purchasable","15":"product-type-variable"},"acf":[],"yoast_head":"<!-- This site is optimized with the Yoast SEO plugin v27.3 - https:\/\/yoast.com\/product\/yoast-seo-wordpress\/ -->\n<title>Tropfenf\u00f6rmiger Ohrring - Yasmin<\/title>\n<meta name=\"description\" content=\"Der Teardrop Earring ist ein Schmuckst\u00fcck, das f\u00fcr Sie entworfen wurde, um Ihnen Eleganz und Stil zu verleihen. Es wird Ihr idealer Begleiter f\u00fcr ein besonderes Date sein. Juwelen des Rechts.\" \/>\n<meta name=\"robots\" content=\"index, follow, max-snippet:-1, max-image-preview:large, max-video-preview:-1\" \/>\n<link rel=\"canonical\" href=\"https:\/\/joyasyasmin.com\/de\/producto\/tropfenfoermiger-ohrring\/\" \/>\n<meta property=\"og:locale\" content=\"de_DE\" \/>\n<meta property=\"og:title\" content=\"Tropfenf\u00f6rmiger Ohrring - Yasmin\" \/>\n<meta property=\"og:description\" content=\"Der Teardrop Earring ist ein Schmuckst\u00fcck, das f\u00fcr Sie entworfen wurde, um Ihnen Eleganz und Stil zu verleihen. Es wird Ihr idealer Begleiter f\u00fcr ein besonderes Date sein. Juwelen des Rechts.\" \/>\n<meta property=\"og:url\" content=\"https:\/\/joyasyasmin.com\/de\/producto\/tropfenfoermiger-ohrring\/\" \/>\n<meta property=\"og:site_name\" content=\"Yasmin\" \/>\n<meta property=\"article:publisher\" content=\"https:\/\/www.facebook.com\/Joyas-Yasmin-217664058934169\/\" \/>\n<meta property=\"article:modified_time\" content=\"2025-11-24T08:04:01+00:00\" \/>\n<meta property=\"og:image\" content=\"https:\/\/joyasyasmin.com\/wp-content\/uploads\/2022\/08\/pendiente-lagrima-plata.jpg\" \/>\n\t<meta property=\"og:image:width\" content=\"1960\" \/>\n\t<meta property=\"og:image:height\" content=\"1960\" \/>\n\t<meta property=\"og:image:type\" content=\"image\/jpeg\" \/>\n<meta name=\"twitter:card\" content=\"summary_large_image\" \/>\n<script type=\"application\/ld+json\" class=\"yoast-schema-graph\">{\"@context\":\"https:\\\/\\\/schema.org\",\"@graph\":[{\"@type\":[\"WebPage\",\"ItemPage\"],\"@id\":\"https:\\\/\\\/joyasyasmin.com\\\/de\\\/producto\\\/tropfenfoermiger-ohrring\\\/\",\"url\":\"https:\\\/\\\/joyasyasmin.com\\\/de\\\/producto\\\/tropfenfoermiger-ohrring\\\/\",\"name\":\"Tropfenf\u00f6rmiger Ohrring - Yasmin\",\"isPartOf\":{\"@id\":\"https:\\\/\\\/joyasyasmin.com\\\/de\\\/#website\"},\"primaryImageOfPage\":{\"@id\":\"https:\\\/\\\/joyasyasmin.com\\\/de\\\/producto\\\/tropfenfoermiger-ohrring\\\/#primaryimage\"},\"image\":{\"@id\":\"https:\\\/\\\/joyasyasmin.com\\\/de\\\/producto\\\/tropfenfoermiger-ohrring\\\/#primaryimage\"},\"thumbnailUrl\":\"https:\\\/\\\/joyasyasmin.com\\\/wp-content\\\/uploads\\\/2022\\\/08\\\/pendiente-lagrima-plata.jpg\",\"datePublished\":\"2022-08-05T15:37:08+00:00\",\"dateModified\":\"2025-11-24T08:04:01+00:00\",\"description\":\"Der Teardrop Earring ist ein Schmuckst\u00fcck, das f\u00fcr Sie entworfen wurde, um Ihnen Eleganz und Stil zu verleihen. Es wird Ihr idealer Begleiter f\u00fcr ein besonderes Date sein. Juwelen des Rechts.\",\"breadcrumb\":{\"@id\":\"https:\\\/\\\/joyasyasmin.com\\\/de\\\/producto\\\/tropfenfoermiger-ohrring\\\/#breadcrumb\"},\"inLanguage\":\"de\",\"potentialAction\":[{\"@type\":\"ReadAction\",\"target\":[\"https:\\\/\\\/joyasyasmin.com\\\/de\\\/producto\\\/tropfenfoermiger-ohrring\\\/\"]}]},{\"@type\":\"ImageObject\",\"inLanguage\":\"de\",\"@id\":\"https:\\\/\\\/joyasyasmin.com\\\/de\\\/producto\\\/tropfenfoermiger-ohrring\\\/#primaryimage\",\"url\":\"https:\\\/\\\/joyasyasmin.com\\\/wp-content\\\/uploads\\\/2022\\\/08\\\/pendiente-lagrima-plata.jpg\",\"contentUrl\":\"https:\\\/\\\/joyasyasmin.com\\\/wp-content\\\/uploads\\\/2022\\\/08\\\/pendiente-lagrima-plata.jpg\",\"width\":1960,\"height\":1960,\"caption\":\"Wei\u00dfer Zirkonia-Silber-Tropfenohrring zum Verkauf\"},{\"@type\":\"BreadcrumbList\",\"@id\":\"https:\\\/\\\/joyasyasmin.com\\\/de\\\/producto\\\/tropfenfoermiger-ohrring\\\/#breadcrumb\",\"itemListElement\":[{\"@type\":\"ListItem\",\"position\":1,\"name\":\"Portada\",\"item\":\"https:\\\/\\\/joyasyasmin.com\\\/de\\\/heim\\\/\"},{\"@type\":\"ListItem\",\"position\":2,\"name\":\"Shop\",\"item\":\"https:\\\/\\\/joyasyasmin.com\\\/de\\\/shop\\\/\"},{\"@type\":\"ListItem\",\"position\":3,\"name\":\"Tropfenf\u00f6rmiger Ohrring\"}]},{\"@type\":\"WebSite\",\"@id\":\"https:\\\/\\\/joyasyasmin.com\\\/de\\\/#website\",\"url\":\"https:\\\/\\\/joyasyasmin.com\\\/de\\\/\",\"name\":\"Yasmin\",\"description\":\"Joyer\u00eda de Plata 925 - Pendientes, pulseras, anillos, colgantes y m\u00e1s!\",\"publisher\":{\"@id\":\"https:\\\/\\\/joyasyasmin.com\\\/de\\\/#organization\"},\"potentialAction\":[{\"@type\":\"SearchAction\",\"target\":{\"@type\":\"EntryPoint\",\"urlTemplate\":\"https:\\\/\\\/joyasyasmin.com\\\/de\\\/?s={search_term_string}\"},\"query-input\":{\"@type\":\"PropertyValueSpecification\",\"valueRequired\":true,\"valueName\":\"search_term_string\"}}],\"inLanguage\":\"de\"},{\"@type\":\"Organization\",\"@id\":\"https:\\\/\\\/joyasyasmin.com\\\/de\\\/#organization\",\"name\":\"joyas yasmin\",\"url\":\"https:\\\/\\\/joyasyasmin.com\\\/de\\\/\",\"logo\":{\"@type\":\"ImageObject\",\"inLanguage\":\"de\",\"@id\":\"https:\\\/\\\/joyasyasmin.com\\\/de\\\/#\\\/schema\\\/logo\\\/image\\\/\",\"url\":\"https:\\\/\\\/joyasyasmin.com\\\/wp-content\\\/uploads\\\/2017\\\/06\\\/IMG-20200429-WA0051.jpg\",\"contentUrl\":\"https:\\\/\\\/joyasyasmin.com\\\/wp-content\\\/uploads\\\/2017\\\/06\\\/IMG-20200429-WA0051.jpg\",\"width\":1080,\"height\":545,\"caption\":\"joyas yasmin\"},\"image\":{\"@id\":\"https:\\\/\\\/joyasyasmin.com\\\/de\\\/#\\\/schema\\\/logo\\\/image\\\/\"},\"sameAs\":[\"https:\\\/\\\/www.facebook.com\\\/Joyas-Yasmin-217664058934169\\\/\",\"https:\\\/\\\/www.instagram.com\\\/invites\\\/contact\\\/\"]}]}<\/script>\n<!-- \/ Yoast SEO plugin. -->","yoast_head_json":{"title":"Tropfenf\u00f6rmiger Ohrring - Yasmin","description":"Der Teardrop Earring ist ein Schmuckst\u00fcck, das f\u00fcr Sie entworfen wurde, um Ihnen Eleganz und Stil zu verleihen. Es wird Ihr idealer Begleiter f\u00fcr ein besonderes Date sein. Juwelen des Rechts.","robots":{"index":"index","follow":"follow","max-snippet":"max-snippet:-1","max-image-preview":"max-image-preview:large","max-video-preview":"max-video-preview:-1"},"canonical":"https:\/\/joyasyasmin.com\/de\/producto\/tropfenfoermiger-ohrring\/","og_locale":"de_DE","og_title":"Tropfenf\u00f6rmiger Ohrring - Yasmin","og_description":"Der Teardrop Earring ist ein Schmuckst\u00fcck, das f\u00fcr Sie entworfen wurde, um Ihnen Eleganz und Stil zu verleihen. Es wird Ihr idealer Begleiter f\u00fcr ein besonderes Date sein. Juwelen des Rechts.","og_url":"https:\/\/joyasyasmin.com\/de\/producto\/tropfenfoermiger-ohrring\/","og_site_name":"Yasmin","article_publisher":"https:\/\/www.facebook.com\/Joyas-Yasmin-217664058934169\/","article_modified_time":"2025-11-24T08:04:01+00:00","og_image":[{"width":1960,"height":1960,"url":"https:\/\/joyasyasmin.com\/wp-content\/uploads\/2022\/08\/pendiente-lagrima-plata.jpg","type":"image\/jpeg"}],"twitter_card":"summary_large_image","schema":{"@context":"https:\/\/schema.org","@graph":[{"@type":["WebPage","ItemPage"],"@id":"https:\/\/joyasyasmin.com\/de\/producto\/tropfenfoermiger-ohrring\/","url":"https:\/\/joyasyasmin.com\/de\/producto\/tropfenfoermiger-ohrring\/","name":"Tropfenf\u00f6rmiger Ohrring - Yasmin","isPartOf":{"@id":"https:\/\/joyasyasmin.com\/de\/#website"},"primaryImageOfPage":{"@id":"https:\/\/joyasyasmin.com\/de\/producto\/tropfenfoermiger-ohrring\/#primaryimage"},"image":{"@id":"https:\/\/joyasyasmin.com\/de\/producto\/tropfenfoermiger-ohrring\/#primaryimage"},"thumbnailUrl":"https:\/\/joyasyasmin.com\/wp-content\/uploads\/2022\/08\/pendiente-lagrima-plata.jpg","datePublished":"2022-08-05T15:37:08+00:00","dateModified":"2025-11-24T08:04:01+00:00","description":"Der Teardrop Earring ist ein Schmuckst\u00fcck, das f\u00fcr Sie entworfen wurde, um Ihnen Eleganz und Stil zu verleihen. Es wird Ihr idealer Begleiter f\u00fcr ein besonderes Date sein. Juwelen des Rechts.","breadcrumb":{"@id":"https:\/\/joyasyasmin.com\/de\/producto\/tropfenfoermiger-ohrring\/#breadcrumb"},"inLanguage":"de","potentialAction":[{"@type":"ReadAction","target":["https:\/\/joyasyasmin.com\/de\/producto\/tropfenfoermiger-ohrring\/"]}]},{"@type":"ImageObject","inLanguage":"de","@id":"https:\/\/joyasyasmin.com\/de\/producto\/tropfenfoermiger-ohrring\/#primaryimage","url":"https:\/\/joyasyasmin.com\/wp-content\/uploads\/2022\/08\/pendiente-lagrima-plata.jpg","contentUrl":"https:\/\/joyasyasmin.com\/wp-content\/uploads\/2022\/08\/pendiente-lagrima-plata.jpg","width":1960,"height":1960,"caption":"Wei\u00dfer Zirkonia-Silber-Tropfenohrring zum Verkauf"},{"@type":"BreadcrumbList","@id":"https:\/\/joyasyasmin.com\/de\/producto\/tropfenfoermiger-ohrring\/#breadcrumb","itemListElement":[{"@type":"ListItem","position":1,"name":"Portada","item":"https:\/\/joyasyasmin.com\/de\/heim\/"},{"@type":"ListItem","position":2,"name":"Shop","item":"https:\/\/joyasyasmin.com\/de\/shop\/"},{"@type":"ListItem","position":3,"name":"Tropfenf\u00f6rmiger Ohrring"}]},{"@type":"WebSite","@id":"https:\/\/joyasyasmin.com\/de\/#website","url":"https:\/\/joyasyasmin.com\/de\/","name":"Yasmin","description":"Joyer\u00eda de Plata 925 - Pendientes, pulseras, anillos, colgantes y m\u00e1s!","publisher":{"@id":"https:\/\/joyasyasmin.com\/de\/#organization"},"potentialAction":[{"@type":"SearchAction","target":{"@type":"EntryPoint","urlTemplate":"https:\/\/joyasyasmin.com\/de\/?s={search_term_string}"},"query-input":{"@type":"PropertyValueSpecification","valueRequired":true,"valueName":"search_term_string"}}],"inLanguage":"de"},{"@type":"Organization","@id":"https:\/\/joyasyasmin.com\/de\/#organization","name":"joyas yasmin","url":"https:\/\/joyasyasmin.com\/de\/","logo":{"@type":"ImageObject","inLanguage":"de","@id":"https:\/\/joyasyasmin.com\/de\/#\/schema\/logo\/image\/","url":"https:\/\/joyasyasmin.com\/wp-content\/uploads\/2017\/06\/IMG-20200429-WA0051.jpg","contentUrl":"https:\/\/joyasyasmin.com\/wp-content\/uploads\/2017\/06\/IMG-20200429-WA0051.jpg","width":1080,"height":545,"caption":"joyas yasmin"},"image":{"@id":"https:\/\/joyasyasmin.com\/de\/#\/schema\/logo\/image\/"},"sameAs":["https:\/\/www.facebook.com\/Joyas-Yasmin-217664058934169\/","https:\/\/www.instagram.com\/invites\/contact\/"]}]}},"_links":{"self":[{"href":"https:\/\/joyasyasmin.com\/de\/wp-json\/wp\/v2\/product\/25896","targetHints":{"allow":["GET"]}}],"collection":[{"href":"https:\/\/joyasyasmin.com\/de\/wp-json\/wp\/v2\/product"}],"about":[{"href":"https:\/\/joyasyasmin.com\/de\/wp-json\/wp\/v2\/types\/product"}],"replies":[{"embeddable":true,"href":"https:\/\/joyasyasmin.com\/de\/wp-json\/wp\/v2\/comments?post=25896"}],"version-history":[{"count":1,"href":"https:\/\/joyasyasmin.com\/de\/wp-json\/wp\/v2\/product\/25896\/revisions"}],"predecessor-version":[{"id":36322,"href":"https:\/\/joyasyasmin.com\/de\/wp-json\/wp\/v2\/product\/25896\/revisions\/36322"}],"wp:featuredmedia":[{"embeddable":true,"href":"https:\/\/joyasyasmin.com\/de\/wp-json\/wp\/v2\/media\/25904"}],"wp:attachment":[{"href":"https:\/\/joyasyasmin.com\/de\/wp-json\/wp\/v2\/media?parent=25896"}],"wp:term":[{"taxonomy":"product_brand","embeddable":true,"href":"https:\/\/joyasyasmin.com\/de\/wp-json\/wp\/v2\/product_brand?post=25896"},{"taxonomy":"product_cat","embeddable":true,"href":"https:\/\/joyasyasmin.com\/de\/wp-json\/wp\/v2\/product_cat?post=25896"},{"taxonomy":"product_tag","embeddable":true,"href":"https:\/\/joyasyasmin.com\/de\/wp-json\/wp\/v2\/product_tag?post=25896"}],"curies":[{"name":"wp","href":"https:\/\/api.w.org\/{rel}","templated":true}]}}