{"id":26204,"date":"2022-07-10T20:35:26","date_gmt":"2022-07-10T20:35:26","guid":{"rendered":"https:\/\/joyasyasmin.com\/producto\/sternstein-farbe-armband\/"},"modified":"2025-11-24T08:03:47","modified_gmt":"2025-11-24T08:03:47","slug":"sternstein-farbe-armband","status":"publish","type":"product","link":"https:\/\/joyasyasmin.com\/de\/producto\/sternstein-farbe-armband\/","title":{"rendered":"Sternstein Farbe Armband"},"content":{"rendered":"","protected":false},"excerpt":{"rendered":"<p>Das Star Stone Color Armband ist ein Juwel aus 925er Sterlingsilber, dieses Accessoire eines Sterns in der Mitte (1 cm) aus glattem Silber kombiniert farbige Steine mit glatten Silberkugeln (3 mm), seine L\u00e4nge von 18 + 3 cm. Dies ist handgefertigt und wir k\u00fcmmern uns um die Umwelt. <\/p>\n","protected":false},"featured_media":26221,"comment_status":"open","ping_status":"closed","template":"","meta":{"_acf_changed":false,"_joinchat":[]},"product_brand":[],"product_cat":[1787],"product_tag":[2206,4050,4273],"class_list":{"0":"post-26204","1":"product","2":"type-product","3":"status-publish","4":"has-post-thumbnail","6":"product_cat-armbander","7":"product_tag-armband-aus-sterlingsilber","8":"product_tag-sterling-silber-schmuck","9":"product_tag-sternstein-farbe-armband","11":"first","12":"instock","13":"shipping-taxable","14":"purchasable","15":"product-type-simple"},"acf":[],"yoast_head":"<!-- This site is optimized with the Yoast SEO plugin v27.3 - https:\/\/yoast.com\/product\/yoast-seo-wordpress\/ -->\n<title>Sternstein Farbe Armband - Yasmin<\/title>\n<meta name=\"description\" content=\"Star Stone Color Armband ist ein Juwel aus 925er Sterlingsilber, erwerben Sie das ideale Schmuckst\u00fcck f\u00fcr Sie und kaufen Sie dieses sch\u00f6ne Design. Kostenloser Versand.\" \/>\n<meta name=\"robots\" content=\"index, follow, max-snippet:-1, max-image-preview:large, max-video-preview:-1\" \/>\n<link rel=\"canonical\" href=\"https:\/\/joyasyasmin.com\/de\/producto\/sternstein-farbe-armband\/\" \/>\n<meta property=\"og:locale\" content=\"de_DE\" \/>\n<meta property=\"og:title\" content=\"Sternstein Farbe Armband - Yasmin\" \/>\n<meta property=\"og:description\" content=\"Star Stone Color Armband ist ein Juwel aus 925er Sterlingsilber, erwerben Sie das ideale Schmuckst\u00fcck f\u00fcr Sie und kaufen Sie dieses sch\u00f6ne Design. Kostenloser Versand.\" \/>\n<meta property=\"og:url\" content=\"https:\/\/joyasyasmin.com\/de\/producto\/sternstein-farbe-armband\/\" \/>\n<meta property=\"og:site_name\" content=\"Yasmin\" \/>\n<meta property=\"article:publisher\" content=\"https:\/\/www.facebook.com\/Joyas-Yasmin-217664058934169\/\" \/>\n<meta property=\"article:modified_time\" content=\"2025-11-24T08:03:47+00:00\" \/>\n<meta property=\"og:image\" content=\"https:\/\/joyasyasmin.com\/wp-content\/uploads\/2022\/07\/pulsera-estrella-moda.jpg\" \/>\n\t<meta property=\"og:image:width\" content=\"1960\" \/>\n\t<meta property=\"og:image:height\" content=\"1960\" \/>\n\t<meta property=\"og:image:type\" content=\"image\/jpeg\" \/>\n<meta name=\"twitter:card\" content=\"summary_large_image\" \/>\n<script type=\"application\/ld+json\" class=\"yoast-schema-graph\">{\"@context\":\"https:\\\/\\\/schema.org\",\"@graph\":[{\"@type\":[\"WebPage\",\"ItemPage\"],\"@id\":\"https:\\\/\\\/joyasyasmin.com\\\/de\\\/producto\\\/sternstein-farbe-armband\\\/\",\"url\":\"https:\\\/\\\/joyasyasmin.com\\\/de\\\/producto\\\/sternstein-farbe-armband\\\/\",\"name\":\"Sternstein Farbe Armband - Yasmin\",\"isPartOf\":{\"@id\":\"https:\\\/\\\/joyasyasmin.com\\\/de\\\/#website\"},\"primaryImageOfPage\":{\"@id\":\"https:\\\/\\\/joyasyasmin.com\\\/de\\\/producto\\\/sternstein-farbe-armband\\\/#primaryimage\"},\"image\":{\"@id\":\"https:\\\/\\\/joyasyasmin.com\\\/de\\\/producto\\\/sternstein-farbe-armband\\\/#primaryimage\"},\"thumbnailUrl\":\"https:\\\/\\\/joyasyasmin.com\\\/wp-content\\\/uploads\\\/2022\\\/07\\\/pulsera-estrella-moda.jpg\",\"datePublished\":\"2022-07-10T20:35:26+00:00\",\"dateModified\":\"2025-11-24T08:03:47+00:00\",\"description\":\"Star Stone Color Armband ist ein Juwel aus 925er Sterlingsilber, erwerben Sie das ideale Schmuckst\u00fcck f\u00fcr Sie und kaufen Sie dieses sch\u00f6ne Design. Kostenloser Versand.\",\"breadcrumb\":{\"@id\":\"https:\\\/\\\/joyasyasmin.com\\\/de\\\/producto\\\/sternstein-farbe-armband\\\/#breadcrumb\"},\"inLanguage\":\"de\",\"potentialAction\":[{\"@type\":\"ReadAction\",\"target\":[\"https:\\\/\\\/joyasyasmin.com\\\/de\\\/producto\\\/sternstein-farbe-armband\\\/\"]}]},{\"@type\":\"ImageObject\",\"inLanguage\":\"de\",\"@id\":\"https:\\\/\\\/joyasyasmin.com\\\/de\\\/producto\\\/sternstein-farbe-armband\\\/#primaryimage\",\"url\":\"https:\\\/\\\/joyasyasmin.com\\\/wp-content\\\/uploads\\\/2022\\\/07\\\/pulsera-estrella-moda.jpg\",\"contentUrl\":\"https:\\\/\\\/joyasyasmin.com\\\/wp-content\\\/uploads\\\/2022\\\/07\\\/pulsera-estrella-moda.jpg\",\"width\":1960,\"height\":1960,\"caption\":\"Armband aus Sterlingsilber zum Verkauf mit einem Stern in der Mitte und farbigen Steinen mit Perlen\"},{\"@type\":\"BreadcrumbList\",\"@id\":\"https:\\\/\\\/joyasyasmin.com\\\/de\\\/producto\\\/sternstein-farbe-armband\\\/#breadcrumb\",\"itemListElement\":[{\"@type\":\"ListItem\",\"position\":1,\"name\":\"Portada\",\"item\":\"https:\\\/\\\/joyasyasmin.com\\\/de\\\/heim\\\/\"},{\"@type\":\"ListItem\",\"position\":2,\"name\":\"Shop\",\"item\":\"https:\\\/\\\/joyasyasmin.com\\\/de\\\/shop\\\/\"},{\"@type\":\"ListItem\",\"position\":3,\"name\":\"Sternstein Farbe Armband\"}]},{\"@type\":\"WebSite\",\"@id\":\"https:\\\/\\\/joyasyasmin.com\\\/de\\\/#website\",\"url\":\"https:\\\/\\\/joyasyasmin.com\\\/de\\\/\",\"name\":\"Yasmin\",\"description\":\"Joyer\u00eda de Plata 925 - Pendientes, pulseras, anillos, colgantes y m\u00e1s!\",\"publisher\":{\"@id\":\"https:\\\/\\\/joyasyasmin.com\\\/de\\\/#organization\"},\"potentialAction\":[{\"@type\":\"SearchAction\",\"target\":{\"@type\":\"EntryPoint\",\"urlTemplate\":\"https:\\\/\\\/joyasyasmin.com\\\/de\\\/?s={search_term_string}\"},\"query-input\":{\"@type\":\"PropertyValueSpecification\",\"valueRequired\":true,\"valueName\":\"search_term_string\"}}],\"inLanguage\":\"de\"},{\"@type\":\"Organization\",\"@id\":\"https:\\\/\\\/joyasyasmin.com\\\/de\\\/#organization\",\"name\":\"joyas yasmin\",\"url\":\"https:\\\/\\\/joyasyasmin.com\\\/de\\\/\",\"logo\":{\"@type\":\"ImageObject\",\"inLanguage\":\"de\",\"@id\":\"https:\\\/\\\/joyasyasmin.com\\\/de\\\/#\\\/schema\\\/logo\\\/image\\\/\",\"url\":\"https:\\\/\\\/joyasyasmin.com\\\/wp-content\\\/uploads\\\/2017\\\/06\\\/IMG-20200429-WA0051.jpg\",\"contentUrl\":\"https:\\\/\\\/joyasyasmin.com\\\/wp-content\\\/uploads\\\/2017\\\/06\\\/IMG-20200429-WA0051.jpg\",\"width\":1080,\"height\":545,\"caption\":\"joyas yasmin\"},\"image\":{\"@id\":\"https:\\\/\\\/joyasyasmin.com\\\/de\\\/#\\\/schema\\\/logo\\\/image\\\/\"},\"sameAs\":[\"https:\\\/\\\/www.facebook.com\\\/Joyas-Yasmin-217664058934169\\\/\",\"https:\\\/\\\/www.instagram.com\\\/invites\\\/contact\\\/\"]}]}<\/script>\n<!-- \/ Yoast SEO plugin. -->","yoast_head_json":{"title":"Sternstein Farbe Armband - Yasmin","description":"Star Stone Color Armband ist ein Juwel aus 925er Sterlingsilber, erwerben Sie das ideale Schmuckst\u00fcck f\u00fcr Sie und kaufen Sie dieses sch\u00f6ne Design. Kostenloser Versand.","robots":{"index":"index","follow":"follow","max-snippet":"max-snippet:-1","max-image-preview":"max-image-preview:large","max-video-preview":"max-video-preview:-1"},"canonical":"https:\/\/joyasyasmin.com\/de\/producto\/sternstein-farbe-armband\/","og_locale":"de_DE","og_title":"Sternstein Farbe Armband - Yasmin","og_description":"Star Stone Color Armband ist ein Juwel aus 925er Sterlingsilber, erwerben Sie das ideale Schmuckst\u00fcck f\u00fcr Sie und kaufen Sie dieses sch\u00f6ne Design. Kostenloser Versand.","og_url":"https:\/\/joyasyasmin.com\/de\/producto\/sternstein-farbe-armband\/","og_site_name":"Yasmin","article_publisher":"https:\/\/www.facebook.com\/Joyas-Yasmin-217664058934169\/","article_modified_time":"2025-11-24T08:03:47+00:00","og_image":[{"width":1960,"height":1960,"url":"https:\/\/joyasyasmin.com\/wp-content\/uploads\/2022\/07\/pulsera-estrella-moda.jpg","type":"image\/jpeg"}],"twitter_card":"summary_large_image","schema":{"@context":"https:\/\/schema.org","@graph":[{"@type":["WebPage","ItemPage"],"@id":"https:\/\/joyasyasmin.com\/de\/producto\/sternstein-farbe-armband\/","url":"https:\/\/joyasyasmin.com\/de\/producto\/sternstein-farbe-armband\/","name":"Sternstein Farbe Armband - Yasmin","isPartOf":{"@id":"https:\/\/joyasyasmin.com\/de\/#website"},"primaryImageOfPage":{"@id":"https:\/\/joyasyasmin.com\/de\/producto\/sternstein-farbe-armband\/#primaryimage"},"image":{"@id":"https:\/\/joyasyasmin.com\/de\/producto\/sternstein-farbe-armband\/#primaryimage"},"thumbnailUrl":"https:\/\/joyasyasmin.com\/wp-content\/uploads\/2022\/07\/pulsera-estrella-moda.jpg","datePublished":"2022-07-10T20:35:26+00:00","dateModified":"2025-11-24T08:03:47+00:00","description":"Star Stone Color Armband ist ein Juwel aus 925er Sterlingsilber, erwerben Sie das ideale Schmuckst\u00fcck f\u00fcr Sie und kaufen Sie dieses sch\u00f6ne Design. Kostenloser Versand.","breadcrumb":{"@id":"https:\/\/joyasyasmin.com\/de\/producto\/sternstein-farbe-armband\/#breadcrumb"},"inLanguage":"de","potentialAction":[{"@type":"ReadAction","target":["https:\/\/joyasyasmin.com\/de\/producto\/sternstein-farbe-armband\/"]}]},{"@type":"ImageObject","inLanguage":"de","@id":"https:\/\/joyasyasmin.com\/de\/producto\/sternstein-farbe-armband\/#primaryimage","url":"https:\/\/joyasyasmin.com\/wp-content\/uploads\/2022\/07\/pulsera-estrella-moda.jpg","contentUrl":"https:\/\/joyasyasmin.com\/wp-content\/uploads\/2022\/07\/pulsera-estrella-moda.jpg","width":1960,"height":1960,"caption":"Armband aus Sterlingsilber zum Verkauf mit einem Stern in der Mitte und farbigen Steinen mit Perlen"},{"@type":"BreadcrumbList","@id":"https:\/\/joyasyasmin.com\/de\/producto\/sternstein-farbe-armband\/#breadcrumb","itemListElement":[{"@type":"ListItem","position":1,"name":"Portada","item":"https:\/\/joyasyasmin.com\/de\/heim\/"},{"@type":"ListItem","position":2,"name":"Shop","item":"https:\/\/joyasyasmin.com\/de\/shop\/"},{"@type":"ListItem","position":3,"name":"Sternstein Farbe Armband"}]},{"@type":"WebSite","@id":"https:\/\/joyasyasmin.com\/de\/#website","url":"https:\/\/joyasyasmin.com\/de\/","name":"Yasmin","description":"Joyer\u00eda de Plata 925 - Pendientes, pulseras, anillos, colgantes y m\u00e1s!","publisher":{"@id":"https:\/\/joyasyasmin.com\/de\/#organization"},"potentialAction":[{"@type":"SearchAction","target":{"@type":"EntryPoint","urlTemplate":"https:\/\/joyasyasmin.com\/de\/?s={search_term_string}"},"query-input":{"@type":"PropertyValueSpecification","valueRequired":true,"valueName":"search_term_string"}}],"inLanguage":"de"},{"@type":"Organization","@id":"https:\/\/joyasyasmin.com\/de\/#organization","name":"joyas yasmin","url":"https:\/\/joyasyasmin.com\/de\/","logo":{"@type":"ImageObject","inLanguage":"de","@id":"https:\/\/joyasyasmin.com\/de\/#\/schema\/logo\/image\/","url":"https:\/\/joyasyasmin.com\/wp-content\/uploads\/2017\/06\/IMG-20200429-WA0051.jpg","contentUrl":"https:\/\/joyasyasmin.com\/wp-content\/uploads\/2017\/06\/IMG-20200429-WA0051.jpg","width":1080,"height":545,"caption":"joyas yasmin"},"image":{"@id":"https:\/\/joyasyasmin.com\/de\/#\/schema\/logo\/image\/"},"sameAs":["https:\/\/www.facebook.com\/Joyas-Yasmin-217664058934169\/","https:\/\/www.instagram.com\/invites\/contact\/"]}]}},"_links":{"self":[{"href":"https:\/\/joyasyasmin.com\/de\/wp-json\/wp\/v2\/product\/26204","targetHints":{"allow":["GET"]}}],"collection":[{"href":"https:\/\/joyasyasmin.com\/de\/wp-json\/wp\/v2\/product"}],"about":[{"href":"https:\/\/joyasyasmin.com\/de\/wp-json\/wp\/v2\/types\/product"}],"replies":[{"embeddable":true,"href":"https:\/\/joyasyasmin.com\/de\/wp-json\/wp\/v2\/comments?post=26204"}],"version-history":[{"count":1,"href":"https:\/\/joyasyasmin.com\/de\/wp-json\/wp\/v2\/product\/26204\/revisions"}],"predecessor-version":[{"id":36314,"href":"https:\/\/joyasyasmin.com\/de\/wp-json\/wp\/v2\/product\/26204\/revisions\/36314"}],"wp:featuredmedia":[{"embeddable":true,"href":"https:\/\/joyasyasmin.com\/de\/wp-json\/wp\/v2\/media\/26221"}],"wp:attachment":[{"href":"https:\/\/joyasyasmin.com\/de\/wp-json\/wp\/v2\/media?parent=26204"}],"wp:term":[{"taxonomy":"product_brand","embeddable":true,"href":"https:\/\/joyasyasmin.com\/de\/wp-json\/wp\/v2\/product_brand?post=26204"},{"taxonomy":"product_cat","embeddable":true,"href":"https:\/\/joyasyasmin.com\/de\/wp-json\/wp\/v2\/product_cat?post=26204"},{"taxonomy":"product_tag","embeddable":true,"href":"https:\/\/joyasyasmin.com\/de\/wp-json\/wp\/v2\/product_tag?post=26204"}],"curies":[{"name":"wp","href":"https:\/\/api.w.org\/{rel}","templated":true}]}}