{"id":26312,"date":"2022-06-27T22:32:26","date_gmt":"2022-06-27T22:32:26","guid":{"rendered":"https:\/\/joyasyasmin.com\/producto\/fruehling-farbe-stein-halskette\/"},"modified":"2025-11-24T08:03:34","modified_gmt":"2025-11-24T08:03:34","slug":"fruehling-farbe-stein-halskette","status":"publish","type":"product","link":"https:\/\/joyasyasmin.com\/de\/producto\/fruehling-farbe-stein-halskette\/","title":{"rendered":"Fr\u00fchling Farbe Stein Halskette"},"content":{"rendered":"","protected":false},"excerpt":{"rendered":"<p>Die Spring Color Stone Necklace ist ein Schmuckst\u00fcck mit Details aus 925er Sterlingsilber, das Edelsteine mit 3 mm Silberkugeln kombiniert, seine L\u00e4nge von 38 + 3 cm ist ideal, um sie alleine zu tragen, sie mit anderen Halsketten zu kombinieren oder Ihren Lieblingsanh\u00e4nger darauf zu setzen, diese Kollektion haben wir in den Farben Rot und Amethyst.<\/p>\n","protected":false},"featured_media":30329,"comment_status":"open","ping_status":"closed","template":"","meta":{"_acf_changed":false,"_joinchat":[]},"product_brand":[],"product_cat":[1818],"product_tag":[4318,4317],"class_list":{"0":"post-26312","1":"product","2":"type-product","3":"status-publish","4":"has-post-thumbnail","6":"product_cat-halsketten","7":"product_tag-fruhling-stein-farbe-halskette","8":"product_tag-halskette-aus-sterlingsilber-mit-farbigen-steinen","10":"first","11":"instock","12":"shipping-taxable","13":"purchasable","14":"product-type-variable"},"acf":[],"yoast_head":"<!-- This site is optimized with the Yoast SEO plugin v27.2 - https:\/\/yoast.com\/product\/yoast-seo-wordpress\/ -->\n<title>Fr\u00fchling Farbe Stein Halskette - Yasmin<\/title>\n<meta name=\"description\" content=\"Die Spring Color Stone Necklace inspiriert uns in den Farben des Meeresbodens, wo sich Farben vereinen, um dem Ozean Farbe zu verleihen. Kostenloser Versand.\" \/>\n<meta name=\"robots\" content=\"index, follow, max-snippet:-1, max-image-preview:large, max-video-preview:-1\" \/>\n<link rel=\"canonical\" href=\"https:\/\/joyasyasmin.com\/de\/producto\/fruehling-farbe-stein-halskette\/\" \/>\n<meta property=\"og:locale\" content=\"de_DE\" \/>\n<meta property=\"og:title\" content=\"Fr\u00fchling Farbe Stein Halskette - Yasmin\" \/>\n<meta property=\"og:description\" content=\"Die Spring Color Stone Necklace inspiriert uns in den Farben des Meeresbodens, wo sich Farben vereinen, um dem Ozean Farbe zu verleihen. Kostenloser Versand.\" \/>\n<meta property=\"og:url\" content=\"https:\/\/joyasyasmin.com\/de\/producto\/fruehling-farbe-stein-halskette\/\" \/>\n<meta property=\"og:site_name\" content=\"Yasmin\" \/>\n<meta property=\"article:publisher\" content=\"https:\/\/www.facebook.com\/Joyas-Yasmin-217664058934169\/\" \/>\n<meta property=\"article:modified_time\" content=\"2025-11-24T08:03:34+00:00\" \/>\n<meta property=\"og:image\" content=\"https:\/\/joyasyasmin.com\/wp-content\/uploads\/2022\/06\/collar-piedra-roja.jpg\" \/>\n\t<meta property=\"og:image:width\" content=\"2200\" \/>\n\t<meta property=\"og:image:height\" content=\"2200\" \/>\n\t<meta property=\"og:image:type\" content=\"image\/jpeg\" \/>\n<meta name=\"twitter:card\" content=\"summary_large_image\" \/>\n<script type=\"application\/ld+json\" class=\"yoast-schema-graph\">{\"@context\":\"https:\/\/schema.org\",\"@graph\":[{\"@type\":[\"WebPage\",\"ItemPage\"],\"@id\":\"https:\/\/joyasyasmin.com\/de\/producto\/fruehling-farbe-stein-halskette\/\",\"url\":\"https:\/\/joyasyasmin.com\/de\/producto\/fruehling-farbe-stein-halskette\/\",\"name\":\"Fr\u00fchling Farbe Stein Halskette - Yasmin\",\"isPartOf\":{\"@id\":\"https:\/\/joyasyasmin.com\/de\/#website\"},\"primaryImageOfPage\":{\"@id\":\"https:\/\/joyasyasmin.com\/de\/producto\/fruehling-farbe-stein-halskette\/#primaryimage\"},\"image\":{\"@id\":\"https:\/\/joyasyasmin.com\/de\/producto\/fruehling-farbe-stein-halskette\/#primaryimage\"},\"thumbnailUrl\":\"https:\/\/joyasyasmin.com\/wp-content\/uploads\/2022\/06\/collar-piedra-roja.jpg\",\"datePublished\":\"2022-06-27T22:32:26+00:00\",\"dateModified\":\"2025-11-24T08:03:34+00:00\",\"description\":\"Die Spring Color Stone Necklace inspiriert uns in den Farben des Meeresbodens, wo sich Farben vereinen, um dem Ozean Farbe zu verleihen. Kostenloser Versand.\",\"breadcrumb\":{\"@id\":\"https:\/\/joyasyasmin.com\/de\/producto\/fruehling-farbe-stein-halskette\/#breadcrumb\"},\"inLanguage\":\"de\",\"potentialAction\":[{\"@type\":\"ReadAction\",\"target\":[\"https:\/\/joyasyasmin.com\/de\/producto\/fruehling-farbe-stein-halskette\/\"]}]},{\"@type\":\"ImageObject\",\"inLanguage\":\"de\",\"@id\":\"https:\/\/joyasyasmin.com\/de\/producto\/fruehling-farbe-stein-halskette\/#primaryimage\",\"url\":\"https:\/\/joyasyasmin.com\/wp-content\/uploads\/2022\/06\/collar-piedra-roja.jpg\",\"contentUrl\":\"https:\/\/joyasyasmin.com\/wp-content\/uploads\/2022\/06\/collar-piedra-roja.jpg\",\"width\":2200,\"height\":2200},{\"@type\":\"BreadcrumbList\",\"@id\":\"https:\/\/joyasyasmin.com\/de\/producto\/fruehling-farbe-stein-halskette\/#breadcrumb\",\"itemListElement\":[{\"@type\":\"ListItem\",\"position\":1,\"name\":\"Portada\",\"item\":\"https:\/\/joyasyasmin.com\/de\/heim\/\"},{\"@type\":\"ListItem\",\"position\":2,\"name\":\"Shop\",\"item\":\"https:\/\/joyasyasmin.com\/de\/shop\/\"},{\"@type\":\"ListItem\",\"position\":3,\"name\":\"Fr\u00fchling Farbe Stein Halskette\"}]},{\"@type\":\"WebSite\",\"@id\":\"https:\/\/joyasyasmin.com\/de\/#website\",\"url\":\"https:\/\/joyasyasmin.com\/de\/\",\"name\":\"Yasmin\",\"description\":\"Joyer\u00eda de Plata 925 - Pendientes, pulseras, anillos, colgantes y m\u00e1s!\",\"publisher\":{\"@id\":\"https:\/\/joyasyasmin.com\/de\/#organization\"},\"potentialAction\":[{\"@type\":\"SearchAction\",\"target\":{\"@type\":\"EntryPoint\",\"urlTemplate\":\"https:\/\/joyasyasmin.com\/de\/?s={search_term_string}\"},\"query-input\":{\"@type\":\"PropertyValueSpecification\",\"valueRequired\":true,\"valueName\":\"search_term_string\"}}],\"inLanguage\":\"de\"},{\"@type\":\"Organization\",\"@id\":\"https:\/\/joyasyasmin.com\/de\/#organization\",\"name\":\"joyas yasmin\",\"url\":\"https:\/\/joyasyasmin.com\/de\/\",\"logo\":{\"@type\":\"ImageObject\",\"inLanguage\":\"de\",\"@id\":\"https:\/\/joyasyasmin.com\/de\/#\/schema\/logo\/image\/\",\"url\":\"https:\/\/joyasyasmin.com\/wp-content\/uploads\/2017\/06\/IMG-20200429-WA0051.jpg\",\"contentUrl\":\"https:\/\/joyasyasmin.com\/wp-content\/uploads\/2017\/06\/IMG-20200429-WA0051.jpg\",\"width\":1080,\"height\":545,\"caption\":\"joyas yasmin\"},\"image\":{\"@id\":\"https:\/\/joyasyasmin.com\/de\/#\/schema\/logo\/image\/\"},\"sameAs\":[\"https:\/\/www.facebook.com\/Joyas-Yasmin-217664058934169\/\",\"https:\/\/www.instagram.com\/invites\/contact\/\"]}]}<\/script>\n<!-- \/ Yoast SEO plugin. -->","yoast_head_json":{"title":"Fr\u00fchling Farbe Stein Halskette - Yasmin","description":"Die Spring Color Stone Necklace inspiriert uns in den Farben des Meeresbodens, wo sich Farben vereinen, um dem Ozean Farbe zu verleihen. Kostenloser Versand.","robots":{"index":"index","follow":"follow","max-snippet":"max-snippet:-1","max-image-preview":"max-image-preview:large","max-video-preview":"max-video-preview:-1"},"canonical":"https:\/\/joyasyasmin.com\/de\/producto\/fruehling-farbe-stein-halskette\/","og_locale":"de_DE","og_title":"Fr\u00fchling Farbe Stein Halskette - Yasmin","og_description":"Die Spring Color Stone Necklace inspiriert uns in den Farben des Meeresbodens, wo sich Farben vereinen, um dem Ozean Farbe zu verleihen. Kostenloser Versand.","og_url":"https:\/\/joyasyasmin.com\/de\/producto\/fruehling-farbe-stein-halskette\/","og_site_name":"Yasmin","article_publisher":"https:\/\/www.facebook.com\/Joyas-Yasmin-217664058934169\/","article_modified_time":"2025-11-24T08:03:34+00:00","og_image":[{"width":2200,"height":2200,"url":"https:\/\/joyasyasmin.com\/wp-content\/uploads\/2022\/06\/collar-piedra-roja.jpg","type":"image\/jpeg"}],"twitter_card":"summary_large_image","schema":{"@context":"https:\/\/schema.org","@graph":[{"@type":["WebPage","ItemPage"],"@id":"https:\/\/joyasyasmin.com\/de\/producto\/fruehling-farbe-stein-halskette\/","url":"https:\/\/joyasyasmin.com\/de\/producto\/fruehling-farbe-stein-halskette\/","name":"Fr\u00fchling Farbe Stein Halskette - Yasmin","isPartOf":{"@id":"https:\/\/joyasyasmin.com\/de\/#website"},"primaryImageOfPage":{"@id":"https:\/\/joyasyasmin.com\/de\/producto\/fruehling-farbe-stein-halskette\/#primaryimage"},"image":{"@id":"https:\/\/joyasyasmin.com\/de\/producto\/fruehling-farbe-stein-halskette\/#primaryimage"},"thumbnailUrl":"https:\/\/joyasyasmin.com\/wp-content\/uploads\/2022\/06\/collar-piedra-roja.jpg","datePublished":"2022-06-27T22:32:26+00:00","dateModified":"2025-11-24T08:03:34+00:00","description":"Die Spring Color Stone Necklace inspiriert uns in den Farben des Meeresbodens, wo sich Farben vereinen, um dem Ozean Farbe zu verleihen. Kostenloser Versand.","breadcrumb":{"@id":"https:\/\/joyasyasmin.com\/de\/producto\/fruehling-farbe-stein-halskette\/#breadcrumb"},"inLanguage":"de","potentialAction":[{"@type":"ReadAction","target":["https:\/\/joyasyasmin.com\/de\/producto\/fruehling-farbe-stein-halskette\/"]}]},{"@type":"ImageObject","inLanguage":"de","@id":"https:\/\/joyasyasmin.com\/de\/producto\/fruehling-farbe-stein-halskette\/#primaryimage","url":"https:\/\/joyasyasmin.com\/wp-content\/uploads\/2022\/06\/collar-piedra-roja.jpg","contentUrl":"https:\/\/joyasyasmin.com\/wp-content\/uploads\/2022\/06\/collar-piedra-roja.jpg","width":2200,"height":2200},{"@type":"BreadcrumbList","@id":"https:\/\/joyasyasmin.com\/de\/producto\/fruehling-farbe-stein-halskette\/#breadcrumb","itemListElement":[{"@type":"ListItem","position":1,"name":"Portada","item":"https:\/\/joyasyasmin.com\/de\/heim\/"},{"@type":"ListItem","position":2,"name":"Shop","item":"https:\/\/joyasyasmin.com\/de\/shop\/"},{"@type":"ListItem","position":3,"name":"Fr\u00fchling Farbe Stein Halskette"}]},{"@type":"WebSite","@id":"https:\/\/joyasyasmin.com\/de\/#website","url":"https:\/\/joyasyasmin.com\/de\/","name":"Yasmin","description":"Joyer\u00eda de Plata 925 - Pendientes, pulseras, anillos, colgantes y m\u00e1s!","publisher":{"@id":"https:\/\/joyasyasmin.com\/de\/#organization"},"potentialAction":[{"@type":"SearchAction","target":{"@type":"EntryPoint","urlTemplate":"https:\/\/joyasyasmin.com\/de\/?s={search_term_string}"},"query-input":{"@type":"PropertyValueSpecification","valueRequired":true,"valueName":"search_term_string"}}],"inLanguage":"de"},{"@type":"Organization","@id":"https:\/\/joyasyasmin.com\/de\/#organization","name":"joyas yasmin","url":"https:\/\/joyasyasmin.com\/de\/","logo":{"@type":"ImageObject","inLanguage":"de","@id":"https:\/\/joyasyasmin.com\/de\/#\/schema\/logo\/image\/","url":"https:\/\/joyasyasmin.com\/wp-content\/uploads\/2017\/06\/IMG-20200429-WA0051.jpg","contentUrl":"https:\/\/joyasyasmin.com\/wp-content\/uploads\/2017\/06\/IMG-20200429-WA0051.jpg","width":1080,"height":545,"caption":"joyas yasmin"},"image":{"@id":"https:\/\/joyasyasmin.com\/de\/#\/schema\/logo\/image\/"},"sameAs":["https:\/\/www.facebook.com\/Joyas-Yasmin-217664058934169\/","https:\/\/www.instagram.com\/invites\/contact\/"]}]}},"_links":{"self":[{"href":"https:\/\/joyasyasmin.com\/de\/wp-json\/wp\/v2\/product\/26312","targetHints":{"allow":["GET"]}}],"collection":[{"href":"https:\/\/joyasyasmin.com\/de\/wp-json\/wp\/v2\/product"}],"about":[{"href":"https:\/\/joyasyasmin.com\/de\/wp-json\/wp\/v2\/types\/product"}],"replies":[{"embeddable":true,"href":"https:\/\/joyasyasmin.com\/de\/wp-json\/wp\/v2\/comments?post=26312"}],"version-history":[{"count":1,"href":"https:\/\/joyasyasmin.com\/de\/wp-json\/wp\/v2\/product\/26312\/revisions"}],"predecessor-version":[{"id":32577,"href":"https:\/\/joyasyasmin.com\/de\/wp-json\/wp\/v2\/product\/26312\/revisions\/32577"}],"wp:featuredmedia":[{"embeddable":true,"href":"https:\/\/joyasyasmin.com\/de\/wp-json\/wp\/v2\/media\/30329"}],"wp:attachment":[{"href":"https:\/\/joyasyasmin.com\/de\/wp-json\/wp\/v2\/media?parent=26312"}],"wp:term":[{"taxonomy":"product_brand","embeddable":true,"href":"https:\/\/joyasyasmin.com\/de\/wp-json\/wp\/v2\/product_brand?post=26312"},{"taxonomy":"product_cat","embeddable":true,"href":"https:\/\/joyasyasmin.com\/de\/wp-json\/wp\/v2\/product_cat?post=26312"},{"taxonomy":"product_tag","embeddable":true,"href":"https:\/\/joyasyasmin.com\/de\/wp-json\/wp\/v2\/product_tag?post=26312"}],"curies":[{"name":"wp","href":"https:\/\/api.w.org\/{rel}","templated":true}]}}