{"id":26347,"date":"2021-12-13T21:21:02","date_gmt":"2021-12-13T21:21:02","guid":{"rendered":"https:\/\/joyasyasmin.com\/producto\/cruz-de-caravaca-kette\/"},"modified":"2026-01-02T13:38:37","modified_gmt":"2026-01-02T13:38:37","slug":"cruz-de-caravaca-kette","status":"publish","type":"product","link":"https:\/\/joyasyasmin.com\/de\/producto\/cruz-de-caravaca-kette\/","title":{"rendered":"Cruz de Caravaca Kette"},"content":{"rendered":"","protected":false},"excerpt":{"rendered":"<p>Caravaca Kreuzkette aus 925er Sterlingsilber, ihre Gr\u00f6\u00dfe von 2,5 cm ist eine mittlere Gr\u00f6\u00dfe und die L\u00e4nge der Kette betr\u00e4gt 45 cm. Ihr Design mit zwei kleinen Engeln an den Seiten.<\/p>\n","protected":false},"featured_media":26350,"comment_status":"open","ping_status":"closed","template":"","meta":{"_acf_changed":false,"_joinchat":[]},"product_brand":[],"product_cat":[1818],"product_tag":[4365,4364,4363],"class_list":{"0":"post-26347","1":"product","2":"type-product","3":"status-publish","4":"has-post-thumbnail","6":"product_cat-halsketten","7":"product_tag-amulette-anhanger","8":"product_tag-caravaca-kreuz-anhanger","9":"product_tag-caravaca-kreuzkette","11":"first","12":"instock","13":"shipping-taxable","14":"purchasable","15":"product-type-simple"},"acf":[],"yoast_head":"<!-- This site is optimized with the Yoast SEO plugin v27.2 - https:\/\/yoast.com\/product\/yoast-seo-wordpress\/ -->\n<title>Cruz de Caravaca Kette - Yasmin<\/title>\n<meta name=\"description\" content=\"Die Cruz de Carava Kette ist aus 925er Sterlingsilber, ihre mittlere Gr\u00f6\u00dfe und L\u00e4nge von 45 cm ist ideal, dieser Anh\u00e4nger dient zum Schutz.\" \/>\n<meta name=\"robots\" content=\"index, follow, max-snippet:-1, max-image-preview:large, max-video-preview:-1\" \/>\n<link rel=\"canonical\" href=\"https:\/\/joyasyasmin.com\/de\/producto\/cruz-de-caravaca-kette\/\" \/>\n<meta property=\"og:locale\" content=\"de_DE\" \/>\n<meta property=\"og:title\" content=\"Cruz de Caravaca Kette - Yasmin\" \/>\n<meta property=\"og:description\" content=\"Die Cruz de Carava Kette ist aus 925er Sterlingsilber, ihre mittlere Gr\u00f6\u00dfe und L\u00e4nge von 45 cm ist ideal, dieser Anh\u00e4nger dient zum Schutz.\" \/>\n<meta property=\"og:url\" content=\"https:\/\/joyasyasmin.com\/de\/producto\/cruz-de-caravaca-kette\/\" \/>\n<meta property=\"og:site_name\" content=\"Yasmin\" \/>\n<meta property=\"article:publisher\" content=\"https:\/\/www.facebook.com\/Joyas-Yasmin-217664058934169\/\" \/>\n<meta property=\"article:modified_time\" content=\"2026-01-02T13:38:37+00:00\" \/>\n<meta property=\"og:image\" content=\"https:\/\/joyasyasmin.com\/wp-content\/uploads\/2021\/12\/cadena-cruz-de-carabaca.jpg\" \/>\n\t<meta property=\"og:image:width\" content=\"1960\" \/>\n\t<meta property=\"og:image:height\" content=\"1960\" \/>\n\t<meta property=\"og:image:type\" content=\"image\/jpeg\" \/>\n<meta name=\"twitter:card\" content=\"summary_large_image\" \/>\n<script type=\"application\/ld+json\" class=\"yoast-schema-graph\">{\"@context\":\"https:\/\/schema.org\",\"@graph\":[{\"@type\":[\"WebPage\",\"ItemPage\"],\"@id\":\"https:\/\/joyasyasmin.com\/de\/producto\/cruz-de-caravaca-kette\/\",\"url\":\"https:\/\/joyasyasmin.com\/de\/producto\/cruz-de-caravaca-kette\/\",\"name\":\"Cruz de Caravaca Kette - Yasmin\",\"isPartOf\":{\"@id\":\"https:\/\/joyasyasmin.com\/de\/#website\"},\"primaryImageOfPage\":{\"@id\":\"https:\/\/joyasyasmin.com\/de\/producto\/cruz-de-caravaca-kette\/#primaryimage\"},\"image\":{\"@id\":\"https:\/\/joyasyasmin.com\/de\/producto\/cruz-de-caravaca-kette\/#primaryimage\"},\"thumbnailUrl\":\"https:\/\/joyasyasmin.com\/wp-content\/uploads\/2021\/12\/cadena-cruz-de-carabaca.jpg\",\"datePublished\":\"2021-12-13T21:21:02+00:00\",\"dateModified\":\"2026-01-02T13:38:37+00:00\",\"description\":\"Die Cruz de Carava Kette ist aus 925er Sterlingsilber, ihre mittlere Gr\u00f6\u00dfe und L\u00e4nge von 45 cm ist ideal, dieser Anh\u00e4nger dient zum Schutz.\",\"breadcrumb\":{\"@id\":\"https:\/\/joyasyasmin.com\/de\/producto\/cruz-de-caravaca-kette\/#breadcrumb\"},\"inLanguage\":\"de\",\"potentialAction\":[{\"@type\":\"ReadAction\",\"target\":[\"https:\/\/joyasyasmin.com\/de\/producto\/cruz-de-caravaca-kette\/\"]}]},{\"@type\":\"ImageObject\",\"inLanguage\":\"de\",\"@id\":\"https:\/\/joyasyasmin.com\/de\/producto\/cruz-de-caravaca-kette\/#primaryimage\",\"url\":\"https:\/\/joyasyasmin.com\/wp-content\/uploads\/2021\/12\/cadena-cruz-de-carabaca.jpg\",\"contentUrl\":\"https:\/\/joyasyasmin.com\/wp-content\/uploads\/2021\/12\/cadena-cruz-de-carabaca.jpg\",\"width\":1960,\"height\":1960,\"caption\":\"Caravaca Kreuzkette\"},{\"@type\":\"BreadcrumbList\",\"@id\":\"https:\/\/joyasyasmin.com\/de\/producto\/cruz-de-caravaca-kette\/#breadcrumb\",\"itemListElement\":[{\"@type\":\"ListItem\",\"position\":1,\"name\":\"Portada\",\"item\":\"https:\/\/joyasyasmin.com\/de\/heim\/\"},{\"@type\":\"ListItem\",\"position\":2,\"name\":\"Shop\",\"item\":\"https:\/\/joyasyasmin.com\/de\/shop\/\"},{\"@type\":\"ListItem\",\"position\":3,\"name\":\"Cruz de Caravaca Kette\"}]},{\"@type\":\"WebSite\",\"@id\":\"https:\/\/joyasyasmin.com\/de\/#website\",\"url\":\"https:\/\/joyasyasmin.com\/de\/\",\"name\":\"Yasmin\",\"description\":\"Joyer\u00eda de Plata 925 - Pendientes, pulseras, anillos, colgantes y m\u00e1s!\",\"publisher\":{\"@id\":\"https:\/\/joyasyasmin.com\/de\/#organization\"},\"potentialAction\":[{\"@type\":\"SearchAction\",\"target\":{\"@type\":\"EntryPoint\",\"urlTemplate\":\"https:\/\/joyasyasmin.com\/de\/?s={search_term_string}\"},\"query-input\":{\"@type\":\"PropertyValueSpecification\",\"valueRequired\":true,\"valueName\":\"search_term_string\"}}],\"inLanguage\":\"de\"},{\"@type\":\"Organization\",\"@id\":\"https:\/\/joyasyasmin.com\/de\/#organization\",\"name\":\"joyas yasmin\",\"url\":\"https:\/\/joyasyasmin.com\/de\/\",\"logo\":{\"@type\":\"ImageObject\",\"inLanguage\":\"de\",\"@id\":\"https:\/\/joyasyasmin.com\/de\/#\/schema\/logo\/image\/\",\"url\":\"https:\/\/joyasyasmin.com\/wp-content\/uploads\/2017\/06\/IMG-20200429-WA0051.jpg\",\"contentUrl\":\"https:\/\/joyasyasmin.com\/wp-content\/uploads\/2017\/06\/IMG-20200429-WA0051.jpg\",\"width\":1080,\"height\":545,\"caption\":\"joyas yasmin\"},\"image\":{\"@id\":\"https:\/\/joyasyasmin.com\/de\/#\/schema\/logo\/image\/\"},\"sameAs\":[\"https:\/\/www.facebook.com\/Joyas-Yasmin-217664058934169\/\",\"https:\/\/www.instagram.com\/invites\/contact\/\"]}]}<\/script>\n<!-- \/ Yoast SEO plugin. -->","yoast_head_json":{"title":"Cruz de Caravaca Kette - Yasmin","description":"Die Cruz de Carava Kette ist aus 925er Sterlingsilber, ihre mittlere Gr\u00f6\u00dfe und L\u00e4nge von 45 cm ist ideal, dieser Anh\u00e4nger dient zum Schutz.","robots":{"index":"index","follow":"follow","max-snippet":"max-snippet:-1","max-image-preview":"max-image-preview:large","max-video-preview":"max-video-preview:-1"},"canonical":"https:\/\/joyasyasmin.com\/de\/producto\/cruz-de-caravaca-kette\/","og_locale":"de_DE","og_title":"Cruz de Caravaca Kette - Yasmin","og_description":"Die Cruz de Carava Kette ist aus 925er Sterlingsilber, ihre mittlere Gr\u00f6\u00dfe und L\u00e4nge von 45 cm ist ideal, dieser Anh\u00e4nger dient zum Schutz.","og_url":"https:\/\/joyasyasmin.com\/de\/producto\/cruz-de-caravaca-kette\/","og_site_name":"Yasmin","article_publisher":"https:\/\/www.facebook.com\/Joyas-Yasmin-217664058934169\/","article_modified_time":"2026-01-02T13:38:37+00:00","og_image":[{"width":1960,"height":1960,"url":"https:\/\/joyasyasmin.com\/wp-content\/uploads\/2021\/12\/cadena-cruz-de-carabaca.jpg","type":"image\/jpeg"}],"twitter_card":"summary_large_image","schema":{"@context":"https:\/\/schema.org","@graph":[{"@type":["WebPage","ItemPage"],"@id":"https:\/\/joyasyasmin.com\/de\/producto\/cruz-de-caravaca-kette\/","url":"https:\/\/joyasyasmin.com\/de\/producto\/cruz-de-caravaca-kette\/","name":"Cruz de Caravaca Kette - Yasmin","isPartOf":{"@id":"https:\/\/joyasyasmin.com\/de\/#website"},"primaryImageOfPage":{"@id":"https:\/\/joyasyasmin.com\/de\/producto\/cruz-de-caravaca-kette\/#primaryimage"},"image":{"@id":"https:\/\/joyasyasmin.com\/de\/producto\/cruz-de-caravaca-kette\/#primaryimage"},"thumbnailUrl":"https:\/\/joyasyasmin.com\/wp-content\/uploads\/2021\/12\/cadena-cruz-de-carabaca.jpg","datePublished":"2021-12-13T21:21:02+00:00","dateModified":"2026-01-02T13:38:37+00:00","description":"Die Cruz de Carava Kette ist aus 925er Sterlingsilber, ihre mittlere Gr\u00f6\u00dfe und L\u00e4nge von 45 cm ist ideal, dieser Anh\u00e4nger dient zum Schutz.","breadcrumb":{"@id":"https:\/\/joyasyasmin.com\/de\/producto\/cruz-de-caravaca-kette\/#breadcrumb"},"inLanguage":"de","potentialAction":[{"@type":"ReadAction","target":["https:\/\/joyasyasmin.com\/de\/producto\/cruz-de-caravaca-kette\/"]}]},{"@type":"ImageObject","inLanguage":"de","@id":"https:\/\/joyasyasmin.com\/de\/producto\/cruz-de-caravaca-kette\/#primaryimage","url":"https:\/\/joyasyasmin.com\/wp-content\/uploads\/2021\/12\/cadena-cruz-de-carabaca.jpg","contentUrl":"https:\/\/joyasyasmin.com\/wp-content\/uploads\/2021\/12\/cadena-cruz-de-carabaca.jpg","width":1960,"height":1960,"caption":"Caravaca Kreuzkette"},{"@type":"BreadcrumbList","@id":"https:\/\/joyasyasmin.com\/de\/producto\/cruz-de-caravaca-kette\/#breadcrumb","itemListElement":[{"@type":"ListItem","position":1,"name":"Portada","item":"https:\/\/joyasyasmin.com\/de\/heim\/"},{"@type":"ListItem","position":2,"name":"Shop","item":"https:\/\/joyasyasmin.com\/de\/shop\/"},{"@type":"ListItem","position":3,"name":"Cruz de Caravaca Kette"}]},{"@type":"WebSite","@id":"https:\/\/joyasyasmin.com\/de\/#website","url":"https:\/\/joyasyasmin.com\/de\/","name":"Yasmin","description":"Joyer\u00eda de Plata 925 - Pendientes, pulseras, anillos, colgantes y m\u00e1s!","publisher":{"@id":"https:\/\/joyasyasmin.com\/de\/#organization"},"potentialAction":[{"@type":"SearchAction","target":{"@type":"EntryPoint","urlTemplate":"https:\/\/joyasyasmin.com\/de\/?s={search_term_string}"},"query-input":{"@type":"PropertyValueSpecification","valueRequired":true,"valueName":"search_term_string"}}],"inLanguage":"de"},{"@type":"Organization","@id":"https:\/\/joyasyasmin.com\/de\/#organization","name":"joyas yasmin","url":"https:\/\/joyasyasmin.com\/de\/","logo":{"@type":"ImageObject","inLanguage":"de","@id":"https:\/\/joyasyasmin.com\/de\/#\/schema\/logo\/image\/","url":"https:\/\/joyasyasmin.com\/wp-content\/uploads\/2017\/06\/IMG-20200429-WA0051.jpg","contentUrl":"https:\/\/joyasyasmin.com\/wp-content\/uploads\/2017\/06\/IMG-20200429-WA0051.jpg","width":1080,"height":545,"caption":"joyas yasmin"},"image":{"@id":"https:\/\/joyasyasmin.com\/de\/#\/schema\/logo\/image\/"},"sameAs":["https:\/\/www.facebook.com\/Joyas-Yasmin-217664058934169\/","https:\/\/www.instagram.com\/invites\/contact\/"]}]}},"_links":{"self":[{"href":"https:\/\/joyasyasmin.com\/de\/wp-json\/wp\/v2\/product\/26347","targetHints":{"allow":["GET"]}}],"collection":[{"href":"https:\/\/joyasyasmin.com\/de\/wp-json\/wp\/v2\/product"}],"about":[{"href":"https:\/\/joyasyasmin.com\/de\/wp-json\/wp\/v2\/types\/product"}],"replies":[{"embeddable":true,"href":"https:\/\/joyasyasmin.com\/de\/wp-json\/wp\/v2\/comments?post=26347"}],"version-history":[{"count":1,"href":"https:\/\/joyasyasmin.com\/de\/wp-json\/wp\/v2\/product\/26347\/revisions"}],"predecessor-version":[{"id":36861,"href":"https:\/\/joyasyasmin.com\/de\/wp-json\/wp\/v2\/product\/26347\/revisions\/36861"}],"wp:featuredmedia":[{"embeddable":true,"href":"https:\/\/joyasyasmin.com\/de\/wp-json\/wp\/v2\/media\/26350"}],"wp:attachment":[{"href":"https:\/\/joyasyasmin.com\/de\/wp-json\/wp\/v2\/media?parent=26347"}],"wp:term":[{"taxonomy":"product_brand","embeddable":true,"href":"https:\/\/joyasyasmin.com\/de\/wp-json\/wp\/v2\/product_brand?post=26347"},{"taxonomy":"product_cat","embeddable":true,"href":"https:\/\/joyasyasmin.com\/de\/wp-json\/wp\/v2\/product_cat?post=26347"},{"taxonomy":"product_tag","embeddable":true,"href":"https:\/\/joyasyasmin.com\/de\/wp-json\/wp\/v2\/product_tag?post=26347"}],"curies":[{"name":"wp","href":"https:\/\/api.w.org\/{rel}","templated":true}]}}