{"id":27137,"date":"2022-03-31T10:48:02","date_gmt":"2022-03-31T10:48:02","guid":{"rendered":"https:\/\/joyasyasmin.com\/producto\/baru-zuchtperlenkette\/"},"modified":"2022-03-31T10:48:02","modified_gmt":"2022-03-31T10:48:02","slug":"baru-zuchtperlenkette","status":"publish","type":"product","link":"https:\/\/joyasyasmin.com\/de\/producto\/baru-zuchtperlenkette\/","title":{"rendered":"Bar\u00fa Zuchtperlenkette"},"content":{"rendered":"","protected":false},"excerpt":{"rendered":"<p>Die Halskette Perla Bar\u00fa besteht aus 925er Sterlingsilber und besteht aus Kombinationen aus vielen farbigen Steinen, die mit Silberkugeln und kultivierten Pelas (7 mm) kombiniert werden, die L\u00e4nge der Halskette betr\u00e4gt 40 cm + 5 cm einer Kette, um sie auf die gew\u00fcnschte L\u00e4nge zu bringen.<\/p>\n","protected":false},"featured_media":27139,"comment_status":"open","ping_status":"closed","template":"","meta":{"_acf_changed":false,"_joinchat":[]},"product_brand":[],"product_cat":[1818],"product_tag":[4882,4884,4886],"class_list":{"0":"post-27137","1":"product","2":"type-product","3":"status-publish","4":"has-post-thumbnail","6":"product_cat-halsketten","7":"product_tag-baru-zuchtperlenkette","8":"product_tag-halskette-mit-farbigen-steinen-und-silbernen-perlen","9":"product_tag-moderne-halsketten","11":"first","12":"instock","13":"shipping-taxable","14":"purchasable","15":"product-type-simple"},"acf":[],"yoast_head":"<!-- This site is optimized with the Yoast SEO plugin v27.2 - https:\/\/yoast.com\/product\/yoast-seo-wordpress\/ -->\n<title>Bar\u00fa Zuchtperlenkette - Yasmin<\/title>\n<meta name=\"description\" content=\"Bar\u00fa Zuchtperlenkette aus 925er Sterlingsilber, dieses Design wird Sie mit seiner Kombination aus farbigen Steinen mit silbernen Kugeln und farbigen Steinen verlieben.\" \/>\n<meta name=\"robots\" content=\"index, follow, max-snippet:-1, max-image-preview:large, max-video-preview:-1\" \/>\n<link rel=\"canonical\" href=\"https:\/\/joyasyasmin.com\/de\/producto\/baru-zuchtperlenkette\/\" \/>\n<meta property=\"og:locale\" content=\"de_DE\" \/>\n<meta property=\"og:title\" content=\"Bar\u00fa Zuchtperlenkette - Yasmin\" \/>\n<meta property=\"og:description\" content=\"Bar\u00fa Zuchtperlenkette aus 925er Sterlingsilber, dieses Design wird Sie mit seiner Kombination aus farbigen Steinen mit silbernen Kugeln und farbigen Steinen verlieben.\" \/>\n<meta property=\"og:url\" content=\"https:\/\/joyasyasmin.com\/de\/producto\/baru-zuchtperlenkette\/\" \/>\n<meta property=\"og:site_name\" content=\"Yasmin\" \/>\n<meta property=\"article:publisher\" content=\"https:\/\/www.facebook.com\/Joyas-Yasmin-217664058934169\/\" \/>\n<meta property=\"og:image\" content=\"https:\/\/joyasyasmin.com\/wp-content\/uploads\/2022\/03\/collar-perla-princesa.jpg\" \/>\n\t<meta property=\"og:image:width\" content=\"2408\" \/>\n\t<meta property=\"og:image:height\" content=\"2408\" \/>\n\t<meta property=\"og:image:type\" content=\"image\/jpeg\" \/>\n<meta name=\"twitter:card\" content=\"summary_large_image\" \/>\n<script type=\"application\/ld+json\" class=\"yoast-schema-graph\">{\"@context\":\"https:\/\/schema.org\",\"@graph\":[{\"@type\":[\"WebPage\",\"ItemPage\"],\"@id\":\"https:\/\/joyasyasmin.com\/de\/producto\/baru-zuchtperlenkette\/\",\"url\":\"https:\/\/joyasyasmin.com\/de\/producto\/baru-zuchtperlenkette\/\",\"name\":\"Bar\u00fa Zuchtperlenkette - Yasmin\",\"isPartOf\":{\"@id\":\"https:\/\/joyasyasmin.com\/de\/#website\"},\"primaryImageOfPage\":{\"@id\":\"https:\/\/joyasyasmin.com\/de\/producto\/baru-zuchtperlenkette\/#primaryimage\"},\"image\":{\"@id\":\"https:\/\/joyasyasmin.com\/de\/producto\/baru-zuchtperlenkette\/#primaryimage\"},\"thumbnailUrl\":\"https:\/\/joyasyasmin.com\/wp-content\/uploads\/2022\/03\/collar-perla-princesa.jpg\",\"datePublished\":\"2022-03-31T10:48:02+00:00\",\"description\":\"Bar\u00fa Zuchtperlenkette aus 925er Sterlingsilber, dieses Design wird Sie mit seiner Kombination aus farbigen Steinen mit silbernen Kugeln und farbigen Steinen verlieben.\",\"breadcrumb\":{\"@id\":\"https:\/\/joyasyasmin.com\/de\/producto\/baru-zuchtperlenkette\/#breadcrumb\"},\"inLanguage\":\"de\",\"potentialAction\":[{\"@type\":\"ReadAction\",\"target\":[\"https:\/\/joyasyasmin.com\/de\/producto\/baru-zuchtperlenkette\/\"]}]},{\"@type\":\"ImageObject\",\"inLanguage\":\"de\",\"@id\":\"https:\/\/joyasyasmin.com\/de\/producto\/baru-zuchtperlenkette\/#primaryimage\",\"url\":\"https:\/\/joyasyasmin.com\/wp-content\/uploads\/2022\/03\/collar-perla-princesa.jpg\",\"contentUrl\":\"https:\/\/joyasyasmin.com\/wp-content\/uploads\/2022\/03\/collar-perla-princesa.jpg\",\"width\":2408,\"height\":2408},{\"@type\":\"BreadcrumbList\",\"@id\":\"https:\/\/joyasyasmin.com\/de\/producto\/baru-zuchtperlenkette\/#breadcrumb\",\"itemListElement\":[{\"@type\":\"ListItem\",\"position\":1,\"name\":\"Portada\",\"item\":\"https:\/\/joyasyasmin.com\/de\/heim\/\"},{\"@type\":\"ListItem\",\"position\":2,\"name\":\"Shop\",\"item\":\"https:\/\/joyasyasmin.com\/de\/shop\/\"},{\"@type\":\"ListItem\",\"position\":3,\"name\":\"Bar\u00fa Zuchtperlenkette\"}]},{\"@type\":\"WebSite\",\"@id\":\"https:\/\/joyasyasmin.com\/de\/#website\",\"url\":\"https:\/\/joyasyasmin.com\/de\/\",\"name\":\"Yasmin\",\"description\":\"Joyer\u00eda de Plata 925 - Pendientes, pulseras, anillos, colgantes y m\u00e1s!\",\"publisher\":{\"@id\":\"https:\/\/joyasyasmin.com\/de\/#organization\"},\"potentialAction\":[{\"@type\":\"SearchAction\",\"target\":{\"@type\":\"EntryPoint\",\"urlTemplate\":\"https:\/\/joyasyasmin.com\/de\/?s={search_term_string}\"},\"query-input\":{\"@type\":\"PropertyValueSpecification\",\"valueRequired\":true,\"valueName\":\"search_term_string\"}}],\"inLanguage\":\"de\"},{\"@type\":\"Organization\",\"@id\":\"https:\/\/joyasyasmin.com\/de\/#organization\",\"name\":\"joyas yasmin\",\"url\":\"https:\/\/joyasyasmin.com\/de\/\",\"logo\":{\"@type\":\"ImageObject\",\"inLanguage\":\"de\",\"@id\":\"https:\/\/joyasyasmin.com\/de\/#\/schema\/logo\/image\/\",\"url\":\"https:\/\/joyasyasmin.com\/wp-content\/uploads\/2017\/06\/IMG-20200429-WA0051.jpg\",\"contentUrl\":\"https:\/\/joyasyasmin.com\/wp-content\/uploads\/2017\/06\/IMG-20200429-WA0051.jpg\",\"width\":1080,\"height\":545,\"caption\":\"joyas yasmin\"},\"image\":{\"@id\":\"https:\/\/joyasyasmin.com\/de\/#\/schema\/logo\/image\/\"},\"sameAs\":[\"https:\/\/www.facebook.com\/Joyas-Yasmin-217664058934169\/\",\"https:\/\/www.instagram.com\/invites\/contact\/\"]}]}<\/script>\n<!-- \/ Yoast SEO plugin. -->","yoast_head_json":{"title":"Bar\u00fa Zuchtperlenkette - Yasmin","description":"Bar\u00fa Zuchtperlenkette aus 925er Sterlingsilber, dieses Design wird Sie mit seiner Kombination aus farbigen Steinen mit silbernen Kugeln und farbigen Steinen verlieben.","robots":{"index":"index","follow":"follow","max-snippet":"max-snippet:-1","max-image-preview":"max-image-preview:large","max-video-preview":"max-video-preview:-1"},"canonical":"https:\/\/joyasyasmin.com\/de\/producto\/baru-zuchtperlenkette\/","og_locale":"de_DE","og_title":"Bar\u00fa Zuchtperlenkette - Yasmin","og_description":"Bar\u00fa Zuchtperlenkette aus 925er Sterlingsilber, dieses Design wird Sie mit seiner Kombination aus farbigen Steinen mit silbernen Kugeln und farbigen Steinen verlieben.","og_url":"https:\/\/joyasyasmin.com\/de\/producto\/baru-zuchtperlenkette\/","og_site_name":"Yasmin","article_publisher":"https:\/\/www.facebook.com\/Joyas-Yasmin-217664058934169\/","og_image":[{"width":2408,"height":2408,"url":"https:\/\/joyasyasmin.com\/wp-content\/uploads\/2022\/03\/collar-perla-princesa.jpg","type":"image\/jpeg"}],"twitter_card":"summary_large_image","schema":{"@context":"https:\/\/schema.org","@graph":[{"@type":["WebPage","ItemPage"],"@id":"https:\/\/joyasyasmin.com\/de\/producto\/baru-zuchtperlenkette\/","url":"https:\/\/joyasyasmin.com\/de\/producto\/baru-zuchtperlenkette\/","name":"Bar\u00fa Zuchtperlenkette - Yasmin","isPartOf":{"@id":"https:\/\/joyasyasmin.com\/de\/#website"},"primaryImageOfPage":{"@id":"https:\/\/joyasyasmin.com\/de\/producto\/baru-zuchtperlenkette\/#primaryimage"},"image":{"@id":"https:\/\/joyasyasmin.com\/de\/producto\/baru-zuchtperlenkette\/#primaryimage"},"thumbnailUrl":"https:\/\/joyasyasmin.com\/wp-content\/uploads\/2022\/03\/collar-perla-princesa.jpg","datePublished":"2022-03-31T10:48:02+00:00","description":"Bar\u00fa Zuchtperlenkette aus 925er Sterlingsilber, dieses Design wird Sie mit seiner Kombination aus farbigen Steinen mit silbernen Kugeln und farbigen Steinen verlieben.","breadcrumb":{"@id":"https:\/\/joyasyasmin.com\/de\/producto\/baru-zuchtperlenkette\/#breadcrumb"},"inLanguage":"de","potentialAction":[{"@type":"ReadAction","target":["https:\/\/joyasyasmin.com\/de\/producto\/baru-zuchtperlenkette\/"]}]},{"@type":"ImageObject","inLanguage":"de","@id":"https:\/\/joyasyasmin.com\/de\/producto\/baru-zuchtperlenkette\/#primaryimage","url":"https:\/\/joyasyasmin.com\/wp-content\/uploads\/2022\/03\/collar-perla-princesa.jpg","contentUrl":"https:\/\/joyasyasmin.com\/wp-content\/uploads\/2022\/03\/collar-perla-princesa.jpg","width":2408,"height":2408},{"@type":"BreadcrumbList","@id":"https:\/\/joyasyasmin.com\/de\/producto\/baru-zuchtperlenkette\/#breadcrumb","itemListElement":[{"@type":"ListItem","position":1,"name":"Portada","item":"https:\/\/joyasyasmin.com\/de\/heim\/"},{"@type":"ListItem","position":2,"name":"Shop","item":"https:\/\/joyasyasmin.com\/de\/shop\/"},{"@type":"ListItem","position":3,"name":"Bar\u00fa Zuchtperlenkette"}]},{"@type":"WebSite","@id":"https:\/\/joyasyasmin.com\/de\/#website","url":"https:\/\/joyasyasmin.com\/de\/","name":"Yasmin","description":"Joyer\u00eda de Plata 925 - Pendientes, pulseras, anillos, colgantes y m\u00e1s!","publisher":{"@id":"https:\/\/joyasyasmin.com\/de\/#organization"},"potentialAction":[{"@type":"SearchAction","target":{"@type":"EntryPoint","urlTemplate":"https:\/\/joyasyasmin.com\/de\/?s={search_term_string}"},"query-input":{"@type":"PropertyValueSpecification","valueRequired":true,"valueName":"search_term_string"}}],"inLanguage":"de"},{"@type":"Organization","@id":"https:\/\/joyasyasmin.com\/de\/#organization","name":"joyas yasmin","url":"https:\/\/joyasyasmin.com\/de\/","logo":{"@type":"ImageObject","inLanguage":"de","@id":"https:\/\/joyasyasmin.com\/de\/#\/schema\/logo\/image\/","url":"https:\/\/joyasyasmin.com\/wp-content\/uploads\/2017\/06\/IMG-20200429-WA0051.jpg","contentUrl":"https:\/\/joyasyasmin.com\/wp-content\/uploads\/2017\/06\/IMG-20200429-WA0051.jpg","width":1080,"height":545,"caption":"joyas yasmin"},"image":{"@id":"https:\/\/joyasyasmin.com\/de\/#\/schema\/logo\/image\/"},"sameAs":["https:\/\/www.facebook.com\/Joyas-Yasmin-217664058934169\/","https:\/\/www.instagram.com\/invites\/contact\/"]}]}},"_links":{"self":[{"href":"https:\/\/joyasyasmin.com\/de\/wp-json\/wp\/v2\/product\/27137","targetHints":{"allow":["GET"]}}],"collection":[{"href":"https:\/\/joyasyasmin.com\/de\/wp-json\/wp\/v2\/product"}],"about":[{"href":"https:\/\/joyasyasmin.com\/de\/wp-json\/wp\/v2\/types\/product"}],"replies":[{"embeddable":true,"href":"https:\/\/joyasyasmin.com\/de\/wp-json\/wp\/v2\/comments?post=27137"}],"version-history":[{"count":0,"href":"https:\/\/joyasyasmin.com\/de\/wp-json\/wp\/v2\/product\/27137\/revisions"}],"wp:featuredmedia":[{"embeddable":true,"href":"https:\/\/joyasyasmin.com\/de\/wp-json\/wp\/v2\/media\/27139"}],"wp:attachment":[{"href":"https:\/\/joyasyasmin.com\/de\/wp-json\/wp\/v2\/media?parent=27137"}],"wp:term":[{"taxonomy":"product_brand","embeddable":true,"href":"https:\/\/joyasyasmin.com\/de\/wp-json\/wp\/v2\/product_brand?post=27137"},{"taxonomy":"product_cat","embeddable":true,"href":"https:\/\/joyasyasmin.com\/de\/wp-json\/wp\/v2\/product_cat?post=27137"},{"taxonomy":"product_tag","embeddable":true,"href":"https:\/\/joyasyasmin.com\/de\/wp-json\/wp\/v2\/product_tag?post=27137"}],"curies":[{"name":"wp","href":"https:\/\/api.w.org\/{rel}","templated":true}]}}