{"id":27141,"date":"2022-03-24T20:36:13","date_gmt":"2022-03-24T20:36:13","guid":{"rendered":"https:\/\/joyasyasmin.com\/producto\/wunderball-und-medaillenarmband\/"},"modified":"2025-01-16T19:18:36","modified_gmt":"2025-01-16T19:18:36","slug":"wunderball-und-medaillenarmband","status":"publish","type":"product","link":"https:\/\/joyasyasmin.com\/de\/producto\/wunderball-und-medaillenarmband\/","title":{"rendered":"Wunderball und Medaillenarmband"},"content":{"rendered":"","protected":false},"excerpt":{"rendered":"<p>Das Ballita Armband und die Wundert\u00e4tige Medaille bestehen aus 925er Sterlingsilber, sein Design besteht aus sechs Kugeln (4 mm) und einer Medaille der wundert\u00e4tigen Jungfrau (5 mm), seine L\u00e4nge betr\u00e4gt 18+3 cm. Es ist ein glattes Silberarmband. <\/p>\n","protected":false},"featured_media":27142,"comment_status":"open","ping_status":"closed","template":"","meta":{"_acf_changed":false,"_joinchat":[]},"product_brand":[],"product_cat":[1787],"product_tag":[4888,4887],"class_list":{"0":"post-27141","1":"product","2":"type-product","3":"status-publish","4":"has-post-thumbnail","6":"product_cat-armbander","7":"product_tag-schlichtes-silberarmband-mit-perlen","8":"product_tag-wunderball-und-medaillenarmband","10":"first","11":"instock","12":"shipping-taxable","13":"purchasable","14":"product-type-simple"},"acf":[],"yoast_head":"<!-- This site is optimized with the Yoast SEO plugin v27.2 - https:\/\/yoast.com\/product\/yoast-seo-wordpress\/ -->\n<title>Wunderball und Medaillenarmband - Yasmin<\/title>\n<meta name=\"description\" content=\"Das Miracle Ball and Medal Bracelet ist ein sehr sch\u00f6nes und zartes Schmuckst\u00fcck, das Sie t\u00e4glich tragen k\u00f6nnen und das leicht zu kombinieren ist. Sie werden es lieben!\" \/>\n<meta name=\"robots\" content=\"index, follow, max-snippet:-1, max-image-preview:large, max-video-preview:-1\" \/>\n<link rel=\"canonical\" href=\"https:\/\/joyasyasmin.com\/de\/producto\/wunderball-und-medaillenarmband\/\" \/>\n<meta property=\"og:locale\" content=\"de_DE\" \/>\n<meta property=\"og:title\" content=\"Wunderball und Medaillenarmband - Yasmin\" \/>\n<meta property=\"og:description\" content=\"Das Miracle Ball and Medal Bracelet ist ein sehr sch\u00f6nes und zartes Schmuckst\u00fcck, das Sie t\u00e4glich tragen k\u00f6nnen und das leicht zu kombinieren ist. Sie werden es lieben!\" \/>\n<meta property=\"og:url\" content=\"https:\/\/joyasyasmin.com\/de\/producto\/wunderball-und-medaillenarmband\/\" \/>\n<meta property=\"og:site_name\" content=\"Yasmin\" \/>\n<meta property=\"article:publisher\" content=\"https:\/\/www.facebook.com\/Joyas-Yasmin-217664058934169\/\" \/>\n<meta property=\"article:modified_time\" content=\"2025-01-16T19:18:36+00:00\" \/>\n<meta property=\"og:image\" content=\"https:\/\/joyasyasmin.com\/wp-content\/uploads\/2022\/03\/pulsera-bola-virgen.jpg\" \/>\n\t<meta property=\"og:image:width\" content=\"1960\" \/>\n\t<meta property=\"og:image:height\" content=\"1960\" \/>\n\t<meta property=\"og:image:type\" content=\"image\/jpeg\" \/>\n<meta name=\"twitter:card\" content=\"summary_large_image\" \/>\n<script type=\"application\/ld+json\" class=\"yoast-schema-graph\">{\"@context\":\"https:\/\/schema.org\",\"@graph\":[{\"@type\":[\"WebPage\",\"ItemPage\"],\"@id\":\"https:\/\/joyasyasmin.com\/de\/producto\/wunderball-und-medaillenarmband\/\",\"url\":\"https:\/\/joyasyasmin.com\/de\/producto\/wunderball-und-medaillenarmband\/\",\"name\":\"Wunderball und Medaillenarmband - Yasmin\",\"isPartOf\":{\"@id\":\"https:\/\/joyasyasmin.com\/de\/#website\"},\"primaryImageOfPage\":{\"@id\":\"https:\/\/joyasyasmin.com\/de\/producto\/wunderball-und-medaillenarmband\/#primaryimage\"},\"image\":{\"@id\":\"https:\/\/joyasyasmin.com\/de\/producto\/wunderball-und-medaillenarmband\/#primaryimage\"},\"thumbnailUrl\":\"https:\/\/joyasyasmin.com\/wp-content\/uploads\/2022\/03\/pulsera-bola-virgen.jpg\",\"datePublished\":\"2022-03-24T20:36:13+00:00\",\"dateModified\":\"2025-01-16T19:18:36+00:00\",\"description\":\"Das Miracle Ball and Medal Bracelet ist ein sehr sch\u00f6nes und zartes Schmuckst\u00fcck, das Sie t\u00e4glich tragen k\u00f6nnen und das leicht zu kombinieren ist. Sie werden es lieben!\",\"breadcrumb\":{\"@id\":\"https:\/\/joyasyasmin.com\/de\/producto\/wunderball-und-medaillenarmband\/#breadcrumb\"},\"inLanguage\":\"de\",\"potentialAction\":[{\"@type\":\"ReadAction\",\"target\":[\"https:\/\/joyasyasmin.com\/de\/producto\/wunderball-und-medaillenarmband\/\"]}]},{\"@type\":\"ImageObject\",\"inLanguage\":\"de\",\"@id\":\"https:\/\/joyasyasmin.com\/de\/producto\/wunderball-und-medaillenarmband\/#primaryimage\",\"url\":\"https:\/\/joyasyasmin.com\/wp-content\/uploads\/2022\/03\/pulsera-bola-virgen.jpg\",\"contentUrl\":\"https:\/\/joyasyasmin.com\/wp-content\/uploads\/2022\/03\/pulsera-bola-virgen.jpg\",\"width\":1960,\"height\":1960,\"caption\":\"Verkauf eines silbernen Armbands mit Kugeln und einer Medaille der wundert\u00e4tigen Jungfrau\"},{\"@type\":\"BreadcrumbList\",\"@id\":\"https:\/\/joyasyasmin.com\/de\/producto\/wunderball-und-medaillenarmband\/#breadcrumb\",\"itemListElement\":[{\"@type\":\"ListItem\",\"position\":1,\"name\":\"Portada\",\"item\":\"https:\/\/joyasyasmin.com\/de\/heim\/\"},{\"@type\":\"ListItem\",\"position\":2,\"name\":\"Shop\",\"item\":\"https:\/\/joyasyasmin.com\/de\/shop\/\"},{\"@type\":\"ListItem\",\"position\":3,\"name\":\"Wunderball und Medaillenarmband\"}]},{\"@type\":\"WebSite\",\"@id\":\"https:\/\/joyasyasmin.com\/de\/#website\",\"url\":\"https:\/\/joyasyasmin.com\/de\/\",\"name\":\"Yasmin\",\"description\":\"Joyer\u00eda de Plata 925 - Pendientes, pulseras, anillos, colgantes y m\u00e1s!\",\"publisher\":{\"@id\":\"https:\/\/joyasyasmin.com\/de\/#organization\"},\"potentialAction\":[{\"@type\":\"SearchAction\",\"target\":{\"@type\":\"EntryPoint\",\"urlTemplate\":\"https:\/\/joyasyasmin.com\/de\/?s={search_term_string}\"},\"query-input\":{\"@type\":\"PropertyValueSpecification\",\"valueRequired\":true,\"valueName\":\"search_term_string\"}}],\"inLanguage\":\"de\"},{\"@type\":\"Organization\",\"@id\":\"https:\/\/joyasyasmin.com\/de\/#organization\",\"name\":\"joyas yasmin\",\"url\":\"https:\/\/joyasyasmin.com\/de\/\",\"logo\":{\"@type\":\"ImageObject\",\"inLanguage\":\"de\",\"@id\":\"https:\/\/joyasyasmin.com\/de\/#\/schema\/logo\/image\/\",\"url\":\"https:\/\/joyasyasmin.com\/wp-content\/uploads\/2017\/06\/IMG-20200429-WA0051.jpg\",\"contentUrl\":\"https:\/\/joyasyasmin.com\/wp-content\/uploads\/2017\/06\/IMG-20200429-WA0051.jpg\",\"width\":1080,\"height\":545,\"caption\":\"joyas yasmin\"},\"image\":{\"@id\":\"https:\/\/joyasyasmin.com\/de\/#\/schema\/logo\/image\/\"},\"sameAs\":[\"https:\/\/www.facebook.com\/Joyas-Yasmin-217664058934169\/\",\"https:\/\/www.instagram.com\/invites\/contact\/\"]}]}<\/script>\n<!-- \/ Yoast SEO plugin. -->","yoast_head_json":{"title":"Wunderball und Medaillenarmband - Yasmin","description":"Das Miracle Ball and Medal Bracelet ist ein sehr sch\u00f6nes und zartes Schmuckst\u00fcck, das Sie t\u00e4glich tragen k\u00f6nnen und das leicht zu kombinieren ist. Sie werden es lieben!","robots":{"index":"index","follow":"follow","max-snippet":"max-snippet:-1","max-image-preview":"max-image-preview:large","max-video-preview":"max-video-preview:-1"},"canonical":"https:\/\/joyasyasmin.com\/de\/producto\/wunderball-und-medaillenarmband\/","og_locale":"de_DE","og_title":"Wunderball und Medaillenarmband - Yasmin","og_description":"Das Miracle Ball and Medal Bracelet ist ein sehr sch\u00f6nes und zartes Schmuckst\u00fcck, das Sie t\u00e4glich tragen k\u00f6nnen und das leicht zu kombinieren ist. Sie werden es lieben!","og_url":"https:\/\/joyasyasmin.com\/de\/producto\/wunderball-und-medaillenarmband\/","og_site_name":"Yasmin","article_publisher":"https:\/\/www.facebook.com\/Joyas-Yasmin-217664058934169\/","article_modified_time":"2025-01-16T19:18:36+00:00","og_image":[{"width":1960,"height":1960,"url":"https:\/\/joyasyasmin.com\/wp-content\/uploads\/2022\/03\/pulsera-bola-virgen.jpg","type":"image\/jpeg"}],"twitter_card":"summary_large_image","schema":{"@context":"https:\/\/schema.org","@graph":[{"@type":["WebPage","ItemPage"],"@id":"https:\/\/joyasyasmin.com\/de\/producto\/wunderball-und-medaillenarmband\/","url":"https:\/\/joyasyasmin.com\/de\/producto\/wunderball-und-medaillenarmband\/","name":"Wunderball und Medaillenarmband - Yasmin","isPartOf":{"@id":"https:\/\/joyasyasmin.com\/de\/#website"},"primaryImageOfPage":{"@id":"https:\/\/joyasyasmin.com\/de\/producto\/wunderball-und-medaillenarmband\/#primaryimage"},"image":{"@id":"https:\/\/joyasyasmin.com\/de\/producto\/wunderball-und-medaillenarmband\/#primaryimage"},"thumbnailUrl":"https:\/\/joyasyasmin.com\/wp-content\/uploads\/2022\/03\/pulsera-bola-virgen.jpg","datePublished":"2022-03-24T20:36:13+00:00","dateModified":"2025-01-16T19:18:36+00:00","description":"Das Miracle Ball and Medal Bracelet ist ein sehr sch\u00f6nes und zartes Schmuckst\u00fcck, das Sie t\u00e4glich tragen k\u00f6nnen und das leicht zu kombinieren ist. Sie werden es lieben!","breadcrumb":{"@id":"https:\/\/joyasyasmin.com\/de\/producto\/wunderball-und-medaillenarmband\/#breadcrumb"},"inLanguage":"de","potentialAction":[{"@type":"ReadAction","target":["https:\/\/joyasyasmin.com\/de\/producto\/wunderball-und-medaillenarmband\/"]}]},{"@type":"ImageObject","inLanguage":"de","@id":"https:\/\/joyasyasmin.com\/de\/producto\/wunderball-und-medaillenarmband\/#primaryimage","url":"https:\/\/joyasyasmin.com\/wp-content\/uploads\/2022\/03\/pulsera-bola-virgen.jpg","contentUrl":"https:\/\/joyasyasmin.com\/wp-content\/uploads\/2022\/03\/pulsera-bola-virgen.jpg","width":1960,"height":1960,"caption":"Verkauf eines silbernen Armbands mit Kugeln und einer Medaille der wundert\u00e4tigen Jungfrau"},{"@type":"BreadcrumbList","@id":"https:\/\/joyasyasmin.com\/de\/producto\/wunderball-und-medaillenarmband\/#breadcrumb","itemListElement":[{"@type":"ListItem","position":1,"name":"Portada","item":"https:\/\/joyasyasmin.com\/de\/heim\/"},{"@type":"ListItem","position":2,"name":"Shop","item":"https:\/\/joyasyasmin.com\/de\/shop\/"},{"@type":"ListItem","position":3,"name":"Wunderball und Medaillenarmband"}]},{"@type":"WebSite","@id":"https:\/\/joyasyasmin.com\/de\/#website","url":"https:\/\/joyasyasmin.com\/de\/","name":"Yasmin","description":"Joyer\u00eda de Plata 925 - Pendientes, pulseras, anillos, colgantes y m\u00e1s!","publisher":{"@id":"https:\/\/joyasyasmin.com\/de\/#organization"},"potentialAction":[{"@type":"SearchAction","target":{"@type":"EntryPoint","urlTemplate":"https:\/\/joyasyasmin.com\/de\/?s={search_term_string}"},"query-input":{"@type":"PropertyValueSpecification","valueRequired":true,"valueName":"search_term_string"}}],"inLanguage":"de"},{"@type":"Organization","@id":"https:\/\/joyasyasmin.com\/de\/#organization","name":"joyas yasmin","url":"https:\/\/joyasyasmin.com\/de\/","logo":{"@type":"ImageObject","inLanguage":"de","@id":"https:\/\/joyasyasmin.com\/de\/#\/schema\/logo\/image\/","url":"https:\/\/joyasyasmin.com\/wp-content\/uploads\/2017\/06\/IMG-20200429-WA0051.jpg","contentUrl":"https:\/\/joyasyasmin.com\/wp-content\/uploads\/2017\/06\/IMG-20200429-WA0051.jpg","width":1080,"height":545,"caption":"joyas yasmin"},"image":{"@id":"https:\/\/joyasyasmin.com\/de\/#\/schema\/logo\/image\/"},"sameAs":["https:\/\/www.facebook.com\/Joyas-Yasmin-217664058934169\/","https:\/\/www.instagram.com\/invites\/contact\/"]}]}},"_links":{"self":[{"href":"https:\/\/joyasyasmin.com\/de\/wp-json\/wp\/v2\/product\/27141","targetHints":{"allow":["GET"]}}],"collection":[{"href":"https:\/\/joyasyasmin.com\/de\/wp-json\/wp\/v2\/product"}],"about":[{"href":"https:\/\/joyasyasmin.com\/de\/wp-json\/wp\/v2\/types\/product"}],"replies":[{"embeddable":true,"href":"https:\/\/joyasyasmin.com\/de\/wp-json\/wp\/v2\/comments?post=27141"}],"version-history":[{"count":1,"href":"https:\/\/joyasyasmin.com\/de\/wp-json\/wp\/v2\/product\/27141\/revisions"}],"predecessor-version":[{"id":29447,"href":"https:\/\/joyasyasmin.com\/de\/wp-json\/wp\/v2\/product\/27141\/revisions\/29447"}],"wp:featuredmedia":[{"embeddable":true,"href":"https:\/\/joyasyasmin.com\/de\/wp-json\/wp\/v2\/media\/27142"}],"wp:attachment":[{"href":"https:\/\/joyasyasmin.com\/de\/wp-json\/wp\/v2\/media?parent=27141"}],"wp:term":[{"taxonomy":"product_brand","embeddable":true,"href":"https:\/\/joyasyasmin.com\/de\/wp-json\/wp\/v2\/product_brand?post=27141"},{"taxonomy":"product_cat","embeddable":true,"href":"https:\/\/joyasyasmin.com\/de\/wp-json\/wp\/v2\/product_cat?post=27141"},{"taxonomy":"product_tag","embeddable":true,"href":"https:\/\/joyasyasmin.com\/de\/wp-json\/wp\/v2\/product_tag?post=27141"}],"curies":[{"name":"wp","href":"https:\/\/api.w.org\/{rel}","templated":true}]}}