{"id":27220,"date":"2022-04-05T20:46:13","date_gmt":"2022-04-05T20:46:13","guid":{"rendered":"https:\/\/joyasyasmin.com\/producto\/prinzessin-mini-krone-ohrring\/"},"modified":"2022-04-05T20:46:13","modified_gmt":"2022-04-05T20:46:13","slug":"prinzessin-mini-krone-ohrring","status":"publish","type":"product","link":"https:\/\/joyasyasmin.com\/de\/producto\/prinzessin-mini-krone-ohrring\/","title":{"rendered":"Prinzessin Mini Krone Ohrring"},"content":{"rendered":"","protected":false},"excerpt":{"rendered":"<p>Mini Princess Crown Ohrring ist aus 925er Sterlingsilber gefertigt, sein zartes Design aus Zirkon, das durch ein durchbrochenes Design gesch\u00fctzt ist, das eine Krone imitiert, sein Schnappverschluss ist super like, die Gr\u00f6\u00dfe des Ohrrings betr\u00e4gt 4 mm, dieses Design ist auch in drei Mikrometern 18 Karat Gold vergoldet.<\/p>\n","protected":false},"featured_media":27223,"comment_status":"open","ping_status":"closed","template":"","meta":{"_acf_changed":false,"_joinchat":[]},"product_brand":[],"product_cat":[1770],"product_tag":[4927,4926],"class_list":{"0":"post-27220","1":"product","2":"type-product","3":"status-publish","4":"has-post-thumbnail","6":"product_cat-ohrringe-und-ohrringe","7":"product_tag-kronenohrring-aus-silber","8":"product_tag-mini-prinzessin-krone-ohrring","10":"first","11":"instock","12":"shipping-taxable","13":"purchasable","14":"product-type-variable"},"acf":[],"yoast_head":"<!-- This site is optimized with the Yoast SEO plugin v27.2 - https:\/\/yoast.com\/product\/yoast-seo-wordpress\/ -->\n<title>Prinzessin Mini Krone Ohrring - Yasmin<\/title>\n<meta name=\"description\" content=\"Der Mini Princess Crown Ohrring ist ein super originelles Design eines durchbrochenen Zirkons in Form einer Krone aus 925er Sterlingsilber.\" \/>\n<meta name=\"robots\" content=\"index, follow, max-snippet:-1, max-image-preview:large, max-video-preview:-1\" \/>\n<link rel=\"canonical\" href=\"https:\/\/joyasyasmin.com\/de\/producto\/prinzessin-mini-krone-ohrring\/\" \/>\n<meta property=\"og:locale\" content=\"de_DE\" \/>\n<meta property=\"og:title\" content=\"Prinzessin Mini Krone Ohrring - Yasmin\" \/>\n<meta property=\"og:description\" content=\"Der Mini Princess Crown Ohrring ist ein super originelles Design eines durchbrochenen Zirkons in Form einer Krone aus 925er Sterlingsilber.\" \/>\n<meta property=\"og:url\" content=\"https:\/\/joyasyasmin.com\/de\/producto\/prinzessin-mini-krone-ohrring\/\" \/>\n<meta property=\"og:site_name\" content=\"Yasmin\" \/>\n<meta property=\"article:publisher\" content=\"https:\/\/www.facebook.com\/Joyas-Yasmin-217664058934169\/\" \/>\n<meta property=\"og:image\" content=\"https:\/\/joyasyasmin.com\/wp-content\/uploads\/2022\/04\/pendiente-pricesa-circonita.jpg\" \/>\n\t<meta property=\"og:image:width\" content=\"1960\" \/>\n\t<meta property=\"og:image:height\" content=\"1960\" \/>\n\t<meta property=\"og:image:type\" content=\"image\/jpeg\" \/>\n<meta name=\"twitter:card\" content=\"summary_large_image\" \/>\n<script type=\"application\/ld+json\" class=\"yoast-schema-graph\">{\"@context\":\"https:\/\/schema.org\",\"@graph\":[{\"@type\":[\"WebPage\",\"ItemPage\"],\"@id\":\"https:\/\/joyasyasmin.com\/de\/producto\/prinzessin-mini-krone-ohrring\/\",\"url\":\"https:\/\/joyasyasmin.com\/de\/producto\/prinzessin-mini-krone-ohrring\/\",\"name\":\"Prinzessin Mini Krone Ohrring - Yasmin\",\"isPartOf\":{\"@id\":\"https:\/\/joyasyasmin.com\/de\/#website\"},\"primaryImageOfPage\":{\"@id\":\"https:\/\/joyasyasmin.com\/de\/producto\/prinzessin-mini-krone-ohrring\/#primaryimage\"},\"image\":{\"@id\":\"https:\/\/joyasyasmin.com\/de\/producto\/prinzessin-mini-krone-ohrring\/#primaryimage\"},\"thumbnailUrl\":\"https:\/\/joyasyasmin.com\/wp-content\/uploads\/2022\/04\/pendiente-pricesa-circonita.jpg\",\"datePublished\":\"2022-04-05T20:46:13+00:00\",\"description\":\"Der Mini Princess Crown Ohrring ist ein super originelles Design eines durchbrochenen Zirkons in Form einer Krone aus 925er Sterlingsilber.\",\"breadcrumb\":{\"@id\":\"https:\/\/joyasyasmin.com\/de\/producto\/prinzessin-mini-krone-ohrring\/#breadcrumb\"},\"inLanguage\":\"de\",\"potentialAction\":[{\"@type\":\"ReadAction\",\"target\":[\"https:\/\/joyasyasmin.com\/de\/producto\/prinzessin-mini-krone-ohrring\/\"]}]},{\"@type\":\"ImageObject\",\"inLanguage\":\"de\",\"@id\":\"https:\/\/joyasyasmin.com\/de\/producto\/prinzessin-mini-krone-ohrring\/#primaryimage\",\"url\":\"https:\/\/joyasyasmin.com\/wp-content\/uploads\/2022\/04\/pendiente-pricesa-circonita.jpg\",\"contentUrl\":\"https:\/\/joyasyasmin.com\/wp-content\/uploads\/2022\/04\/pendiente-pricesa-circonita.jpg\",\"width\":1960,\"height\":1960},{\"@type\":\"BreadcrumbList\",\"@id\":\"https:\/\/joyasyasmin.com\/de\/producto\/prinzessin-mini-krone-ohrring\/#breadcrumb\",\"itemListElement\":[{\"@type\":\"ListItem\",\"position\":1,\"name\":\"Portada\",\"item\":\"https:\/\/joyasyasmin.com\/de\/heim\/\"},{\"@type\":\"ListItem\",\"position\":2,\"name\":\"Shop\",\"item\":\"https:\/\/joyasyasmin.com\/de\/shop\/\"},{\"@type\":\"ListItem\",\"position\":3,\"name\":\"Prinzessin Mini Krone Ohrring\"}]},{\"@type\":\"WebSite\",\"@id\":\"https:\/\/joyasyasmin.com\/de\/#website\",\"url\":\"https:\/\/joyasyasmin.com\/de\/\",\"name\":\"Yasmin\",\"description\":\"Joyer\u00eda de Plata 925 - Pendientes, pulseras, anillos, colgantes y m\u00e1s!\",\"publisher\":{\"@id\":\"https:\/\/joyasyasmin.com\/de\/#organization\"},\"potentialAction\":[{\"@type\":\"SearchAction\",\"target\":{\"@type\":\"EntryPoint\",\"urlTemplate\":\"https:\/\/joyasyasmin.com\/de\/?s={search_term_string}\"},\"query-input\":{\"@type\":\"PropertyValueSpecification\",\"valueRequired\":true,\"valueName\":\"search_term_string\"}}],\"inLanguage\":\"de\"},{\"@type\":\"Organization\",\"@id\":\"https:\/\/joyasyasmin.com\/de\/#organization\",\"name\":\"joyas yasmin\",\"url\":\"https:\/\/joyasyasmin.com\/de\/\",\"logo\":{\"@type\":\"ImageObject\",\"inLanguage\":\"de\",\"@id\":\"https:\/\/joyasyasmin.com\/de\/#\/schema\/logo\/image\/\",\"url\":\"https:\/\/joyasyasmin.com\/wp-content\/uploads\/2017\/06\/IMG-20200429-WA0051.jpg\",\"contentUrl\":\"https:\/\/joyasyasmin.com\/wp-content\/uploads\/2017\/06\/IMG-20200429-WA0051.jpg\",\"width\":1080,\"height\":545,\"caption\":\"joyas yasmin\"},\"image\":{\"@id\":\"https:\/\/joyasyasmin.com\/de\/#\/schema\/logo\/image\/\"},\"sameAs\":[\"https:\/\/www.facebook.com\/Joyas-Yasmin-217664058934169\/\",\"https:\/\/www.instagram.com\/invites\/contact\/\"]}]}<\/script>\n<!-- \/ Yoast SEO plugin. -->","yoast_head_json":{"title":"Prinzessin Mini Krone Ohrring - Yasmin","description":"Der Mini Princess Crown Ohrring ist ein super originelles Design eines durchbrochenen Zirkons in Form einer Krone aus 925er Sterlingsilber.","robots":{"index":"index","follow":"follow","max-snippet":"max-snippet:-1","max-image-preview":"max-image-preview:large","max-video-preview":"max-video-preview:-1"},"canonical":"https:\/\/joyasyasmin.com\/de\/producto\/prinzessin-mini-krone-ohrring\/","og_locale":"de_DE","og_title":"Prinzessin Mini Krone Ohrring - Yasmin","og_description":"Der Mini Princess Crown Ohrring ist ein super originelles Design eines durchbrochenen Zirkons in Form einer Krone aus 925er Sterlingsilber.","og_url":"https:\/\/joyasyasmin.com\/de\/producto\/prinzessin-mini-krone-ohrring\/","og_site_name":"Yasmin","article_publisher":"https:\/\/www.facebook.com\/Joyas-Yasmin-217664058934169\/","og_image":[{"width":1960,"height":1960,"url":"https:\/\/joyasyasmin.com\/wp-content\/uploads\/2022\/04\/pendiente-pricesa-circonita.jpg","type":"image\/jpeg"}],"twitter_card":"summary_large_image","schema":{"@context":"https:\/\/schema.org","@graph":[{"@type":["WebPage","ItemPage"],"@id":"https:\/\/joyasyasmin.com\/de\/producto\/prinzessin-mini-krone-ohrring\/","url":"https:\/\/joyasyasmin.com\/de\/producto\/prinzessin-mini-krone-ohrring\/","name":"Prinzessin Mini Krone Ohrring - Yasmin","isPartOf":{"@id":"https:\/\/joyasyasmin.com\/de\/#website"},"primaryImageOfPage":{"@id":"https:\/\/joyasyasmin.com\/de\/producto\/prinzessin-mini-krone-ohrring\/#primaryimage"},"image":{"@id":"https:\/\/joyasyasmin.com\/de\/producto\/prinzessin-mini-krone-ohrring\/#primaryimage"},"thumbnailUrl":"https:\/\/joyasyasmin.com\/wp-content\/uploads\/2022\/04\/pendiente-pricesa-circonita.jpg","datePublished":"2022-04-05T20:46:13+00:00","description":"Der Mini Princess Crown Ohrring ist ein super originelles Design eines durchbrochenen Zirkons in Form einer Krone aus 925er Sterlingsilber.","breadcrumb":{"@id":"https:\/\/joyasyasmin.com\/de\/producto\/prinzessin-mini-krone-ohrring\/#breadcrumb"},"inLanguage":"de","potentialAction":[{"@type":"ReadAction","target":["https:\/\/joyasyasmin.com\/de\/producto\/prinzessin-mini-krone-ohrring\/"]}]},{"@type":"ImageObject","inLanguage":"de","@id":"https:\/\/joyasyasmin.com\/de\/producto\/prinzessin-mini-krone-ohrring\/#primaryimage","url":"https:\/\/joyasyasmin.com\/wp-content\/uploads\/2022\/04\/pendiente-pricesa-circonita.jpg","contentUrl":"https:\/\/joyasyasmin.com\/wp-content\/uploads\/2022\/04\/pendiente-pricesa-circonita.jpg","width":1960,"height":1960},{"@type":"BreadcrumbList","@id":"https:\/\/joyasyasmin.com\/de\/producto\/prinzessin-mini-krone-ohrring\/#breadcrumb","itemListElement":[{"@type":"ListItem","position":1,"name":"Portada","item":"https:\/\/joyasyasmin.com\/de\/heim\/"},{"@type":"ListItem","position":2,"name":"Shop","item":"https:\/\/joyasyasmin.com\/de\/shop\/"},{"@type":"ListItem","position":3,"name":"Prinzessin Mini Krone Ohrring"}]},{"@type":"WebSite","@id":"https:\/\/joyasyasmin.com\/de\/#website","url":"https:\/\/joyasyasmin.com\/de\/","name":"Yasmin","description":"Joyer\u00eda de Plata 925 - Pendientes, pulseras, anillos, colgantes y m\u00e1s!","publisher":{"@id":"https:\/\/joyasyasmin.com\/de\/#organization"},"potentialAction":[{"@type":"SearchAction","target":{"@type":"EntryPoint","urlTemplate":"https:\/\/joyasyasmin.com\/de\/?s={search_term_string}"},"query-input":{"@type":"PropertyValueSpecification","valueRequired":true,"valueName":"search_term_string"}}],"inLanguage":"de"},{"@type":"Organization","@id":"https:\/\/joyasyasmin.com\/de\/#organization","name":"joyas yasmin","url":"https:\/\/joyasyasmin.com\/de\/","logo":{"@type":"ImageObject","inLanguage":"de","@id":"https:\/\/joyasyasmin.com\/de\/#\/schema\/logo\/image\/","url":"https:\/\/joyasyasmin.com\/wp-content\/uploads\/2017\/06\/IMG-20200429-WA0051.jpg","contentUrl":"https:\/\/joyasyasmin.com\/wp-content\/uploads\/2017\/06\/IMG-20200429-WA0051.jpg","width":1080,"height":545,"caption":"joyas yasmin"},"image":{"@id":"https:\/\/joyasyasmin.com\/de\/#\/schema\/logo\/image\/"},"sameAs":["https:\/\/www.facebook.com\/Joyas-Yasmin-217664058934169\/","https:\/\/www.instagram.com\/invites\/contact\/"]}]}},"_links":{"self":[{"href":"https:\/\/joyasyasmin.com\/de\/wp-json\/wp\/v2\/product\/27220","targetHints":{"allow":["GET"]}}],"collection":[{"href":"https:\/\/joyasyasmin.com\/de\/wp-json\/wp\/v2\/product"}],"about":[{"href":"https:\/\/joyasyasmin.com\/de\/wp-json\/wp\/v2\/types\/product"}],"replies":[{"embeddable":true,"href":"https:\/\/joyasyasmin.com\/de\/wp-json\/wp\/v2\/comments?post=27220"}],"version-history":[{"count":0,"href":"https:\/\/joyasyasmin.com\/de\/wp-json\/wp\/v2\/product\/27220\/revisions"}],"wp:featuredmedia":[{"embeddable":true,"href":"https:\/\/joyasyasmin.com\/de\/wp-json\/wp\/v2\/media\/27223"}],"wp:attachment":[{"href":"https:\/\/joyasyasmin.com\/de\/wp-json\/wp\/v2\/media?parent=27220"}],"wp:term":[{"taxonomy":"product_brand","embeddable":true,"href":"https:\/\/joyasyasmin.com\/de\/wp-json\/wp\/v2\/product_brand?post=27220"},{"taxonomy":"product_cat","embeddable":true,"href":"https:\/\/joyasyasmin.com\/de\/wp-json\/wp\/v2\/product_cat?post=27220"},{"taxonomy":"product_tag","embeddable":true,"href":"https:\/\/joyasyasmin.com\/de\/wp-json\/wp\/v2\/product_tag?post=27220"}],"curies":[{"name":"wp","href":"https:\/\/api.w.org\/{rel}","templated":true}]}}