{"id":27926,"date":"2021-09-05T21:01:24","date_gmt":"2021-09-05T21:01:24","guid":{"rendered":"https:\/\/joyasyasmin.com\/producto\/daisy-ohrring-mit-illusionsknopf\/"},"modified":"2021-09-05T21:01:24","modified_gmt":"2021-09-05T21:01:24","slug":"daisy-ohrring-mit-illusionsknopf","status":"publish","type":"product","link":"https:\/\/joyasyasmin.com\/de\/producto\/daisy-ohrring-mit-illusionsknopf\/","title":{"rendered":"Daisy Ohrring mit Illusionsknopf"},"content":{"rendered":"","protected":false},"excerpt":{"rendered":"<p>Der G\u00e4nsebl\u00fcmchenohrring mit Illusionsknopf ist aus 925er Sterlingsilber gefertigt, seine Gr\u00f6\u00dfe von 12 cm, ist ideal f\u00fcr das Hauptloch und auch f\u00fcr das Nebenloch, mit einem Zirkonia in der Mitte und seine Bl\u00fctenbl\u00e4tter sind handemailliert in Rosa.<\/p>\n","protected":false},"featured_media":27932,"comment_status":"open","ping_status":"closed","template":"","meta":{"_acf_changed":false,"_joinchat":[]},"product_brand":[],"product_cat":[1770],"product_tag":[5210,5209,5211],"class_list":{"0":"post-27926","1":"product","2":"type-product","3":"status-publish","4":"has-post-thumbnail","6":"product_cat-ohrringe-und-ohrringe","7":"product_tag-daisy-ohrring","8":"product_tag-daisy-ohrring-illusion-knopf","9":"product_tag-silberner-natur-ohrring","11":"first","12":"instock","13":"shipping-taxable","14":"purchasable","15":"product-type-simple"},"acf":[],"yoast_head":"<!-- This site is optimized with the Yoast SEO plugin v27.2 - https:\/\/yoast.com\/product\/yoast-seo-wordpress\/ -->\n<title>Daisy Ohrring mit Illusionsknopf - Yasmin<\/title>\n<meta name=\"description\" content=\"Der G\u00e4nsebl\u00fcmchen-Ohrring mit Illusionsknopf ist aus 925er Sterlingsilber gefertigt, seine Bl\u00fctenbl\u00e4tter von Hand in rosa emailliert, die G\u00e4nsebl\u00fcmchen stehen f\u00fcr Freiheit.\" \/>\n<meta name=\"robots\" content=\"index, follow, max-snippet:-1, max-image-preview:large, max-video-preview:-1\" \/>\n<link rel=\"canonical\" href=\"https:\/\/joyasyasmin.com\/de\/producto\/daisy-ohrring-mit-illusionsknopf\/\" \/>\n<meta property=\"og:locale\" content=\"de_DE\" \/>\n<meta property=\"og:title\" content=\"Daisy Ohrring mit Illusionsknopf - Yasmin\" \/>\n<meta property=\"og:description\" content=\"Der G\u00e4nsebl\u00fcmchen-Ohrring mit Illusionsknopf ist aus 925er Sterlingsilber gefertigt, seine Bl\u00fctenbl\u00e4tter von Hand in rosa emailliert, die G\u00e4nsebl\u00fcmchen stehen f\u00fcr Freiheit.\" \/>\n<meta property=\"og:url\" content=\"https:\/\/joyasyasmin.com\/de\/producto\/daisy-ohrring-mit-illusionsknopf\/\" \/>\n<meta property=\"og:site_name\" content=\"Yasmin\" \/>\n<meta property=\"article:publisher\" content=\"https:\/\/www.facebook.com\/Joyas-Yasmin-217664058934169\/\" \/>\n<meta property=\"og:image\" content=\"https:\/\/joyasyasmin.com\/wp-content\/uploads\/2021\/09\/pendiente-margarita-roja.jpg\" \/>\n\t<meta property=\"og:image:width\" content=\"1960\" \/>\n\t<meta property=\"og:image:height\" content=\"1960\" \/>\n\t<meta property=\"og:image:type\" content=\"image\/jpeg\" \/>\n<meta name=\"twitter:card\" content=\"summary_large_image\" \/>\n<script type=\"application\/ld+json\" class=\"yoast-schema-graph\">{\"@context\":\"https:\/\/schema.org\",\"@graph\":[{\"@type\":[\"WebPage\",\"ItemPage\"],\"@id\":\"https:\/\/joyasyasmin.com\/de\/producto\/daisy-ohrring-mit-illusionsknopf\/\",\"url\":\"https:\/\/joyasyasmin.com\/de\/producto\/daisy-ohrring-mit-illusionsknopf\/\",\"name\":\"Daisy Ohrring mit Illusionsknopf - Yasmin\",\"isPartOf\":{\"@id\":\"https:\/\/joyasyasmin.com\/de\/#website\"},\"primaryImageOfPage\":{\"@id\":\"https:\/\/joyasyasmin.com\/de\/producto\/daisy-ohrring-mit-illusionsknopf\/#primaryimage\"},\"image\":{\"@id\":\"https:\/\/joyasyasmin.com\/de\/producto\/daisy-ohrring-mit-illusionsknopf\/#primaryimage\"},\"thumbnailUrl\":\"https:\/\/joyasyasmin.com\/wp-content\/uploads\/2021\/09\/pendiente-margarita-roja.jpg\",\"datePublished\":\"2021-09-05T21:01:24+00:00\",\"description\":\"Der G\u00e4nsebl\u00fcmchen-Ohrring mit Illusionsknopf ist aus 925er Sterlingsilber gefertigt, seine Bl\u00fctenbl\u00e4tter von Hand in rosa emailliert, die G\u00e4nsebl\u00fcmchen stehen f\u00fcr Freiheit.\",\"breadcrumb\":{\"@id\":\"https:\/\/joyasyasmin.com\/de\/producto\/daisy-ohrring-mit-illusionsknopf\/#breadcrumb\"},\"inLanguage\":\"de\",\"potentialAction\":[{\"@type\":\"ReadAction\",\"target\":[\"https:\/\/joyasyasmin.com\/de\/producto\/daisy-ohrring-mit-illusionsknopf\/\"]}]},{\"@type\":\"ImageObject\",\"inLanguage\":\"de\",\"@id\":\"https:\/\/joyasyasmin.com\/de\/producto\/daisy-ohrring-mit-illusionsknopf\/#primaryimage\",\"url\":\"https:\/\/joyasyasmin.com\/wp-content\/uploads\/2021\/09\/pendiente-margarita-roja.jpg\",\"contentUrl\":\"https:\/\/joyasyasmin.com\/wp-content\/uploads\/2021\/09\/pendiente-margarita-roja.jpg\",\"width\":1960,\"height\":1960},{\"@type\":\"BreadcrumbList\",\"@id\":\"https:\/\/joyasyasmin.com\/de\/producto\/daisy-ohrring-mit-illusionsknopf\/#breadcrumb\",\"itemListElement\":[{\"@type\":\"ListItem\",\"position\":1,\"name\":\"Portada\",\"item\":\"https:\/\/joyasyasmin.com\/de\/heim\/\"},{\"@type\":\"ListItem\",\"position\":2,\"name\":\"Shop\",\"item\":\"https:\/\/joyasyasmin.com\/de\/shop\/\"},{\"@type\":\"ListItem\",\"position\":3,\"name\":\"Daisy Ohrring mit Illusionsknopf\"}]},{\"@type\":\"WebSite\",\"@id\":\"https:\/\/joyasyasmin.com\/de\/#website\",\"url\":\"https:\/\/joyasyasmin.com\/de\/\",\"name\":\"Yasmin\",\"description\":\"Joyer\u00eda de Plata 925 - Pendientes, pulseras, anillos, colgantes y m\u00e1s!\",\"publisher\":{\"@id\":\"https:\/\/joyasyasmin.com\/de\/#organization\"},\"potentialAction\":[{\"@type\":\"SearchAction\",\"target\":{\"@type\":\"EntryPoint\",\"urlTemplate\":\"https:\/\/joyasyasmin.com\/de\/?s={search_term_string}\"},\"query-input\":{\"@type\":\"PropertyValueSpecification\",\"valueRequired\":true,\"valueName\":\"search_term_string\"}}],\"inLanguage\":\"de\"},{\"@type\":\"Organization\",\"@id\":\"https:\/\/joyasyasmin.com\/de\/#organization\",\"name\":\"joyas yasmin\",\"url\":\"https:\/\/joyasyasmin.com\/de\/\",\"logo\":{\"@type\":\"ImageObject\",\"inLanguage\":\"de\",\"@id\":\"https:\/\/joyasyasmin.com\/de\/#\/schema\/logo\/image\/\",\"url\":\"https:\/\/joyasyasmin.com\/wp-content\/uploads\/2017\/06\/IMG-20200429-WA0051.jpg\",\"contentUrl\":\"https:\/\/joyasyasmin.com\/wp-content\/uploads\/2017\/06\/IMG-20200429-WA0051.jpg\",\"width\":1080,\"height\":545,\"caption\":\"joyas yasmin\"},\"image\":{\"@id\":\"https:\/\/joyasyasmin.com\/de\/#\/schema\/logo\/image\/\"},\"sameAs\":[\"https:\/\/www.facebook.com\/Joyas-Yasmin-217664058934169\/\",\"https:\/\/www.instagram.com\/invites\/contact\/\"]}]}<\/script>\n<!-- \/ Yoast SEO plugin. -->","yoast_head_json":{"title":"Daisy Ohrring mit Illusionsknopf - Yasmin","description":"Der G\u00e4nsebl\u00fcmchen-Ohrring mit Illusionsknopf ist aus 925er Sterlingsilber gefertigt, seine Bl\u00fctenbl\u00e4tter von Hand in rosa emailliert, die G\u00e4nsebl\u00fcmchen stehen f\u00fcr Freiheit.","robots":{"index":"index","follow":"follow","max-snippet":"max-snippet:-1","max-image-preview":"max-image-preview:large","max-video-preview":"max-video-preview:-1"},"canonical":"https:\/\/joyasyasmin.com\/de\/producto\/daisy-ohrring-mit-illusionsknopf\/","og_locale":"de_DE","og_title":"Daisy Ohrring mit Illusionsknopf - Yasmin","og_description":"Der G\u00e4nsebl\u00fcmchen-Ohrring mit Illusionsknopf ist aus 925er Sterlingsilber gefertigt, seine Bl\u00fctenbl\u00e4tter von Hand in rosa emailliert, die G\u00e4nsebl\u00fcmchen stehen f\u00fcr Freiheit.","og_url":"https:\/\/joyasyasmin.com\/de\/producto\/daisy-ohrring-mit-illusionsknopf\/","og_site_name":"Yasmin","article_publisher":"https:\/\/www.facebook.com\/Joyas-Yasmin-217664058934169\/","og_image":[{"width":1960,"height":1960,"url":"https:\/\/joyasyasmin.com\/wp-content\/uploads\/2021\/09\/pendiente-margarita-roja.jpg","type":"image\/jpeg"}],"twitter_card":"summary_large_image","schema":{"@context":"https:\/\/schema.org","@graph":[{"@type":["WebPage","ItemPage"],"@id":"https:\/\/joyasyasmin.com\/de\/producto\/daisy-ohrring-mit-illusionsknopf\/","url":"https:\/\/joyasyasmin.com\/de\/producto\/daisy-ohrring-mit-illusionsknopf\/","name":"Daisy Ohrring mit Illusionsknopf - Yasmin","isPartOf":{"@id":"https:\/\/joyasyasmin.com\/de\/#website"},"primaryImageOfPage":{"@id":"https:\/\/joyasyasmin.com\/de\/producto\/daisy-ohrring-mit-illusionsknopf\/#primaryimage"},"image":{"@id":"https:\/\/joyasyasmin.com\/de\/producto\/daisy-ohrring-mit-illusionsknopf\/#primaryimage"},"thumbnailUrl":"https:\/\/joyasyasmin.com\/wp-content\/uploads\/2021\/09\/pendiente-margarita-roja.jpg","datePublished":"2021-09-05T21:01:24+00:00","description":"Der G\u00e4nsebl\u00fcmchen-Ohrring mit Illusionsknopf ist aus 925er Sterlingsilber gefertigt, seine Bl\u00fctenbl\u00e4tter von Hand in rosa emailliert, die G\u00e4nsebl\u00fcmchen stehen f\u00fcr Freiheit.","breadcrumb":{"@id":"https:\/\/joyasyasmin.com\/de\/producto\/daisy-ohrring-mit-illusionsknopf\/#breadcrumb"},"inLanguage":"de","potentialAction":[{"@type":"ReadAction","target":["https:\/\/joyasyasmin.com\/de\/producto\/daisy-ohrring-mit-illusionsknopf\/"]}]},{"@type":"ImageObject","inLanguage":"de","@id":"https:\/\/joyasyasmin.com\/de\/producto\/daisy-ohrring-mit-illusionsknopf\/#primaryimage","url":"https:\/\/joyasyasmin.com\/wp-content\/uploads\/2021\/09\/pendiente-margarita-roja.jpg","contentUrl":"https:\/\/joyasyasmin.com\/wp-content\/uploads\/2021\/09\/pendiente-margarita-roja.jpg","width":1960,"height":1960},{"@type":"BreadcrumbList","@id":"https:\/\/joyasyasmin.com\/de\/producto\/daisy-ohrring-mit-illusionsknopf\/#breadcrumb","itemListElement":[{"@type":"ListItem","position":1,"name":"Portada","item":"https:\/\/joyasyasmin.com\/de\/heim\/"},{"@type":"ListItem","position":2,"name":"Shop","item":"https:\/\/joyasyasmin.com\/de\/shop\/"},{"@type":"ListItem","position":3,"name":"Daisy Ohrring mit Illusionsknopf"}]},{"@type":"WebSite","@id":"https:\/\/joyasyasmin.com\/de\/#website","url":"https:\/\/joyasyasmin.com\/de\/","name":"Yasmin","description":"Joyer\u00eda de Plata 925 - Pendientes, pulseras, anillos, colgantes y m\u00e1s!","publisher":{"@id":"https:\/\/joyasyasmin.com\/de\/#organization"},"potentialAction":[{"@type":"SearchAction","target":{"@type":"EntryPoint","urlTemplate":"https:\/\/joyasyasmin.com\/de\/?s={search_term_string}"},"query-input":{"@type":"PropertyValueSpecification","valueRequired":true,"valueName":"search_term_string"}}],"inLanguage":"de"},{"@type":"Organization","@id":"https:\/\/joyasyasmin.com\/de\/#organization","name":"joyas yasmin","url":"https:\/\/joyasyasmin.com\/de\/","logo":{"@type":"ImageObject","inLanguage":"de","@id":"https:\/\/joyasyasmin.com\/de\/#\/schema\/logo\/image\/","url":"https:\/\/joyasyasmin.com\/wp-content\/uploads\/2017\/06\/IMG-20200429-WA0051.jpg","contentUrl":"https:\/\/joyasyasmin.com\/wp-content\/uploads\/2017\/06\/IMG-20200429-WA0051.jpg","width":1080,"height":545,"caption":"joyas yasmin"},"image":{"@id":"https:\/\/joyasyasmin.com\/de\/#\/schema\/logo\/image\/"},"sameAs":["https:\/\/www.facebook.com\/Joyas-Yasmin-217664058934169\/","https:\/\/www.instagram.com\/invites\/contact\/"]}]}},"_links":{"self":[{"href":"https:\/\/joyasyasmin.com\/de\/wp-json\/wp\/v2\/product\/27926","targetHints":{"allow":["GET"]}}],"collection":[{"href":"https:\/\/joyasyasmin.com\/de\/wp-json\/wp\/v2\/product"}],"about":[{"href":"https:\/\/joyasyasmin.com\/de\/wp-json\/wp\/v2\/types\/product"}],"replies":[{"embeddable":true,"href":"https:\/\/joyasyasmin.com\/de\/wp-json\/wp\/v2\/comments?post=27926"}],"version-history":[{"count":0,"href":"https:\/\/joyasyasmin.com\/de\/wp-json\/wp\/v2\/product\/27926\/revisions"}],"wp:featuredmedia":[{"embeddable":true,"href":"https:\/\/joyasyasmin.com\/de\/wp-json\/wp\/v2\/media\/27932"}],"wp:attachment":[{"href":"https:\/\/joyasyasmin.com\/de\/wp-json\/wp\/v2\/media?parent=27926"}],"wp:term":[{"taxonomy":"product_brand","embeddable":true,"href":"https:\/\/joyasyasmin.com\/de\/wp-json\/wp\/v2\/product_brand?post=27926"},{"taxonomy":"product_cat","embeddable":true,"href":"https:\/\/joyasyasmin.com\/de\/wp-json\/wp\/v2\/product_cat?post=27926"},{"taxonomy":"product_tag","embeddable":true,"href":"https:\/\/joyasyasmin.com\/de\/wp-json\/wp\/v2\/product_tag?post=27926"}],"curies":[{"name":"wp","href":"https:\/\/api.w.org\/{rel}","templated":true}]}}