{"id":27953,"date":"2021-09-23T19:17:48","date_gmt":"2021-09-23T19:17:48","guid":{"rendered":"https:\/\/joyasyasmin.com\/producto\/silberner-mini-schlangenohrring\/"},"modified":"2021-09-23T19:17:48","modified_gmt":"2021-09-23T19:17:48","slug":"silberner-mini-schlangenohrring","status":"publish","type":"product","link":"https:\/\/joyasyasmin.com\/de\/producto\/silberner-mini-schlangenohrring\/","title":{"rendered":"Silberner Mini-Schlangenohrring"},"content":{"rendered":"","protected":false},"excerpt":{"rendered":"<p>Der silberne Mini Schlangenohrring ist aus 925er Sterling Silber gefertigt, seine Gr\u00f6\u00dfe betr\u00e4gt 1cm. Inspiriert von Schlangen. Sie sind klein und eignen sich perfekt, um sie in jedem Loch im Ohrl\u00e4ppchen zu tragen.  <\/p>\n","protected":false},"featured_media":27956,"comment_status":"open","ping_status":"closed","template":"","meta":{"_acf_changed":false,"_joinchat":[]},"product_brand":[],"product_cat":[1770],"product_tag":[5234,5235,5236],"class_list":{"0":"post-27953","1":"product","2":"type-product","3":"status-publish","4":"has-post-thumbnail","6":"product_cat-ohrringe-und-ohrringe","7":"product_tag-silberne-mini-schlangenohrringe","8":"product_tag-silberne-schlangenohrringe","9":"product_tag-tierische-ohrringe-de","11":"first","12":"instock","13":"shipping-taxable","14":"purchasable","15":"product-type-simple"},"acf":[],"yoast_head":"<!-- This site is optimized with the Yoast SEO plugin v27.2 - https:\/\/yoast.com\/product\/yoast-seo-wordpress\/ -->\n<title>Silberner Mini-Schlangenohrring - Yasmin<\/title>\n<meta name=\"description\" content=\"Der silberne Mini-Schlangenohrring ist aus 925er Sterlingsilber gefertigt, sein Design in Kombination mit Zirkonia macht ihn einzigartig und elegant. Kostenloser Versand\" \/>\n<meta name=\"robots\" content=\"index, follow, max-snippet:-1, max-image-preview:large, max-video-preview:-1\" \/>\n<link rel=\"canonical\" href=\"https:\/\/joyasyasmin.com\/de\/producto\/silberner-mini-schlangenohrring\/\" \/>\n<meta property=\"og:locale\" content=\"de_DE\" \/>\n<meta property=\"og:title\" content=\"Silberner Mini-Schlangenohrring - Yasmin\" \/>\n<meta property=\"og:description\" content=\"Der silberne Mini-Schlangenohrring ist aus 925er Sterlingsilber gefertigt, sein Design in Kombination mit Zirkonia macht ihn einzigartig und elegant. Kostenloser Versand\" \/>\n<meta property=\"og:url\" content=\"https:\/\/joyasyasmin.com\/de\/producto\/silberner-mini-schlangenohrring\/\" \/>\n<meta property=\"og:site_name\" content=\"Yasmin\" \/>\n<meta property=\"article:publisher\" content=\"https:\/\/www.facebook.com\/Joyas-Yasmin-217664058934169\/\" \/>\n<meta property=\"og:image\" content=\"https:\/\/joyasyasmin.com\/wp-content\/uploads\/2021\/09\/pendiente-mini-serpiente.jpg\" \/>\n\t<meta property=\"og:image:width\" content=\"1960\" \/>\n\t<meta property=\"og:image:height\" content=\"1960\" \/>\n\t<meta property=\"og:image:type\" content=\"image\/jpeg\" \/>\n<meta name=\"twitter:card\" content=\"summary_large_image\" \/>\n<script type=\"application\/ld+json\" class=\"yoast-schema-graph\">{\"@context\":\"https:\/\/schema.org\",\"@graph\":[{\"@type\":[\"WebPage\",\"ItemPage\"],\"@id\":\"https:\/\/joyasyasmin.com\/de\/producto\/silberner-mini-schlangenohrring\/\",\"url\":\"https:\/\/joyasyasmin.com\/de\/producto\/silberner-mini-schlangenohrring\/\",\"name\":\"Silberner Mini-Schlangenohrring - Yasmin\",\"isPartOf\":{\"@id\":\"https:\/\/joyasyasmin.com\/de\/#website\"},\"primaryImageOfPage\":{\"@id\":\"https:\/\/joyasyasmin.com\/de\/producto\/silberner-mini-schlangenohrring\/#primaryimage\"},\"image\":{\"@id\":\"https:\/\/joyasyasmin.com\/de\/producto\/silberner-mini-schlangenohrring\/#primaryimage\"},\"thumbnailUrl\":\"https:\/\/joyasyasmin.com\/wp-content\/uploads\/2021\/09\/pendiente-mini-serpiente.jpg\",\"datePublished\":\"2021-09-23T19:17:48+00:00\",\"description\":\"Der silberne Mini-Schlangenohrring ist aus 925er Sterlingsilber gefertigt, sein Design in Kombination mit Zirkonia macht ihn einzigartig und elegant. Kostenloser Versand\",\"breadcrumb\":{\"@id\":\"https:\/\/joyasyasmin.com\/de\/producto\/silberner-mini-schlangenohrring\/#breadcrumb\"},\"inLanguage\":\"de\",\"potentialAction\":[{\"@type\":\"ReadAction\",\"target\":[\"https:\/\/joyasyasmin.com\/de\/producto\/silberner-mini-schlangenohrring\/\"]}]},{\"@type\":\"ImageObject\",\"inLanguage\":\"de\",\"@id\":\"https:\/\/joyasyasmin.com\/de\/producto\/silberner-mini-schlangenohrring\/#primaryimage\",\"url\":\"https:\/\/joyasyasmin.com\/wp-content\/uploads\/2021\/09\/pendiente-mini-serpiente.jpg\",\"contentUrl\":\"https:\/\/joyasyasmin.com\/wp-content\/uploads\/2021\/09\/pendiente-mini-serpiente.jpg\",\"width\":1960,\"height\":1960},{\"@type\":\"BreadcrumbList\",\"@id\":\"https:\/\/joyasyasmin.com\/de\/producto\/silberner-mini-schlangenohrring\/#breadcrumb\",\"itemListElement\":[{\"@type\":\"ListItem\",\"position\":1,\"name\":\"Portada\",\"item\":\"https:\/\/joyasyasmin.com\/de\/heim\/\"},{\"@type\":\"ListItem\",\"position\":2,\"name\":\"Shop\",\"item\":\"https:\/\/joyasyasmin.com\/de\/shop\/\"},{\"@type\":\"ListItem\",\"position\":3,\"name\":\"Silberner Mini-Schlangenohrring\"}]},{\"@type\":\"WebSite\",\"@id\":\"https:\/\/joyasyasmin.com\/de\/#website\",\"url\":\"https:\/\/joyasyasmin.com\/de\/\",\"name\":\"Yasmin\",\"description\":\"Joyer\u00eda de Plata 925 - Pendientes, pulseras, anillos, colgantes y m\u00e1s!\",\"publisher\":{\"@id\":\"https:\/\/joyasyasmin.com\/de\/#organization\"},\"potentialAction\":[{\"@type\":\"SearchAction\",\"target\":{\"@type\":\"EntryPoint\",\"urlTemplate\":\"https:\/\/joyasyasmin.com\/de\/?s={search_term_string}\"},\"query-input\":{\"@type\":\"PropertyValueSpecification\",\"valueRequired\":true,\"valueName\":\"search_term_string\"}}],\"inLanguage\":\"de\"},{\"@type\":\"Organization\",\"@id\":\"https:\/\/joyasyasmin.com\/de\/#organization\",\"name\":\"joyas yasmin\",\"url\":\"https:\/\/joyasyasmin.com\/de\/\",\"logo\":{\"@type\":\"ImageObject\",\"inLanguage\":\"de\",\"@id\":\"https:\/\/joyasyasmin.com\/de\/#\/schema\/logo\/image\/\",\"url\":\"https:\/\/joyasyasmin.com\/wp-content\/uploads\/2017\/06\/IMG-20200429-WA0051.jpg\",\"contentUrl\":\"https:\/\/joyasyasmin.com\/wp-content\/uploads\/2017\/06\/IMG-20200429-WA0051.jpg\",\"width\":1080,\"height\":545,\"caption\":\"joyas yasmin\"},\"image\":{\"@id\":\"https:\/\/joyasyasmin.com\/de\/#\/schema\/logo\/image\/\"},\"sameAs\":[\"https:\/\/www.facebook.com\/Joyas-Yasmin-217664058934169\/\",\"https:\/\/www.instagram.com\/invites\/contact\/\"]}]}<\/script>\n<!-- \/ Yoast SEO plugin. -->","yoast_head_json":{"title":"Silberner Mini-Schlangenohrring - Yasmin","description":"Der silberne Mini-Schlangenohrring ist aus 925er Sterlingsilber gefertigt, sein Design in Kombination mit Zirkonia macht ihn einzigartig und elegant. Kostenloser Versand","robots":{"index":"index","follow":"follow","max-snippet":"max-snippet:-1","max-image-preview":"max-image-preview:large","max-video-preview":"max-video-preview:-1"},"canonical":"https:\/\/joyasyasmin.com\/de\/producto\/silberner-mini-schlangenohrring\/","og_locale":"de_DE","og_title":"Silberner Mini-Schlangenohrring - Yasmin","og_description":"Der silberne Mini-Schlangenohrring ist aus 925er Sterlingsilber gefertigt, sein Design in Kombination mit Zirkonia macht ihn einzigartig und elegant. Kostenloser Versand","og_url":"https:\/\/joyasyasmin.com\/de\/producto\/silberner-mini-schlangenohrring\/","og_site_name":"Yasmin","article_publisher":"https:\/\/www.facebook.com\/Joyas-Yasmin-217664058934169\/","og_image":[{"width":1960,"height":1960,"url":"https:\/\/joyasyasmin.com\/wp-content\/uploads\/2021\/09\/pendiente-mini-serpiente.jpg","type":"image\/jpeg"}],"twitter_card":"summary_large_image","schema":{"@context":"https:\/\/schema.org","@graph":[{"@type":["WebPage","ItemPage"],"@id":"https:\/\/joyasyasmin.com\/de\/producto\/silberner-mini-schlangenohrring\/","url":"https:\/\/joyasyasmin.com\/de\/producto\/silberner-mini-schlangenohrring\/","name":"Silberner Mini-Schlangenohrring - Yasmin","isPartOf":{"@id":"https:\/\/joyasyasmin.com\/de\/#website"},"primaryImageOfPage":{"@id":"https:\/\/joyasyasmin.com\/de\/producto\/silberner-mini-schlangenohrring\/#primaryimage"},"image":{"@id":"https:\/\/joyasyasmin.com\/de\/producto\/silberner-mini-schlangenohrring\/#primaryimage"},"thumbnailUrl":"https:\/\/joyasyasmin.com\/wp-content\/uploads\/2021\/09\/pendiente-mini-serpiente.jpg","datePublished":"2021-09-23T19:17:48+00:00","description":"Der silberne Mini-Schlangenohrring ist aus 925er Sterlingsilber gefertigt, sein Design in Kombination mit Zirkonia macht ihn einzigartig und elegant. Kostenloser Versand","breadcrumb":{"@id":"https:\/\/joyasyasmin.com\/de\/producto\/silberner-mini-schlangenohrring\/#breadcrumb"},"inLanguage":"de","potentialAction":[{"@type":"ReadAction","target":["https:\/\/joyasyasmin.com\/de\/producto\/silberner-mini-schlangenohrring\/"]}]},{"@type":"ImageObject","inLanguage":"de","@id":"https:\/\/joyasyasmin.com\/de\/producto\/silberner-mini-schlangenohrring\/#primaryimage","url":"https:\/\/joyasyasmin.com\/wp-content\/uploads\/2021\/09\/pendiente-mini-serpiente.jpg","contentUrl":"https:\/\/joyasyasmin.com\/wp-content\/uploads\/2021\/09\/pendiente-mini-serpiente.jpg","width":1960,"height":1960},{"@type":"BreadcrumbList","@id":"https:\/\/joyasyasmin.com\/de\/producto\/silberner-mini-schlangenohrring\/#breadcrumb","itemListElement":[{"@type":"ListItem","position":1,"name":"Portada","item":"https:\/\/joyasyasmin.com\/de\/heim\/"},{"@type":"ListItem","position":2,"name":"Shop","item":"https:\/\/joyasyasmin.com\/de\/shop\/"},{"@type":"ListItem","position":3,"name":"Silberner Mini-Schlangenohrring"}]},{"@type":"WebSite","@id":"https:\/\/joyasyasmin.com\/de\/#website","url":"https:\/\/joyasyasmin.com\/de\/","name":"Yasmin","description":"Joyer\u00eda de Plata 925 - Pendientes, pulseras, anillos, colgantes y m\u00e1s!","publisher":{"@id":"https:\/\/joyasyasmin.com\/de\/#organization"},"potentialAction":[{"@type":"SearchAction","target":{"@type":"EntryPoint","urlTemplate":"https:\/\/joyasyasmin.com\/de\/?s={search_term_string}"},"query-input":{"@type":"PropertyValueSpecification","valueRequired":true,"valueName":"search_term_string"}}],"inLanguage":"de"},{"@type":"Organization","@id":"https:\/\/joyasyasmin.com\/de\/#organization","name":"joyas yasmin","url":"https:\/\/joyasyasmin.com\/de\/","logo":{"@type":"ImageObject","inLanguage":"de","@id":"https:\/\/joyasyasmin.com\/de\/#\/schema\/logo\/image\/","url":"https:\/\/joyasyasmin.com\/wp-content\/uploads\/2017\/06\/IMG-20200429-WA0051.jpg","contentUrl":"https:\/\/joyasyasmin.com\/wp-content\/uploads\/2017\/06\/IMG-20200429-WA0051.jpg","width":1080,"height":545,"caption":"joyas yasmin"},"image":{"@id":"https:\/\/joyasyasmin.com\/de\/#\/schema\/logo\/image\/"},"sameAs":["https:\/\/www.facebook.com\/Joyas-Yasmin-217664058934169\/","https:\/\/www.instagram.com\/invites\/contact\/"]}]}},"_links":{"self":[{"href":"https:\/\/joyasyasmin.com\/de\/wp-json\/wp\/v2\/product\/27953","targetHints":{"allow":["GET"]}}],"collection":[{"href":"https:\/\/joyasyasmin.com\/de\/wp-json\/wp\/v2\/product"}],"about":[{"href":"https:\/\/joyasyasmin.com\/de\/wp-json\/wp\/v2\/types\/product"}],"replies":[{"embeddable":true,"href":"https:\/\/joyasyasmin.com\/de\/wp-json\/wp\/v2\/comments?post=27953"}],"version-history":[{"count":0,"href":"https:\/\/joyasyasmin.com\/de\/wp-json\/wp\/v2\/product\/27953\/revisions"}],"wp:featuredmedia":[{"embeddable":true,"href":"https:\/\/joyasyasmin.com\/de\/wp-json\/wp\/v2\/media\/27956"}],"wp:attachment":[{"href":"https:\/\/joyasyasmin.com\/de\/wp-json\/wp\/v2\/media?parent=27953"}],"wp:term":[{"taxonomy":"product_brand","embeddable":true,"href":"https:\/\/joyasyasmin.com\/de\/wp-json\/wp\/v2\/product_brand?post=27953"},{"taxonomy":"product_cat","embeddable":true,"href":"https:\/\/joyasyasmin.com\/de\/wp-json\/wp\/v2\/product_cat?post=27953"},{"taxonomy":"product_tag","embeddable":true,"href":"https:\/\/joyasyasmin.com\/de\/wp-json\/wp\/v2\/product_tag?post=27953"}],"curies":[{"name":"wp","href":"https:\/\/api.w.org\/{rel}","templated":true}]}}