{"id":29382,"date":"2025-01-14T20:28:19","date_gmt":"2025-01-14T20:28:19","guid":{"rendered":"https:\/\/joyasyasmin.com\/producto\/hexenknoten-und-augen-armband\/"},"modified":"2025-08-06T07:32:06","modified_gmt":"2025-08-06T07:32:06","slug":"hexenknoten-und-augen-armband","status":"publish","type":"product","link":"https:\/\/joyasyasmin.com\/de\/producto\/hexenknoten-und-augen-armband\/","title":{"rendered":"Hexenknoten und Augen Armband"},"content":{"rendered":"","protected":false},"excerpt":{"rendered":"<p>Dieses einzigartige Hexenknoten-Armband kombiniert das m\u00e4chtige Symbol des Hexenknotens mit verschiedenfarbigen t\u00fcrkischen Augen, die jeweils daf\u00fcr bekannt sind, vor dem b\u00f6sen Blick zu sch\u00fctzen und Gl\u00fcck anzuziehen. Das Armband aus 925er Silber ist 17 cm lang und verf\u00fcgt \u00fcber eine zus\u00e4tzliche Verl\u00e4ngerung von 3 cm, die eine perfekte Passform erm\u00f6glicht. Die Knoten haben eine Breite von 15 mm, was ihr robustes und handgefertigtes Design unterstreicht. Die t\u00fcrkischen Augen, die in leuchtenden T\u00f6nen gehalten sind, verleihen dem Armband einen Hauch von Farbe und Symbolik und machen dieses Armband zu einem Charme des Schutzes und des Stils zugleich.   <\/p>\n","protected":false},"featured_media":29239,"comment_status":"open","ping_status":"closed","template":"","meta":{"_acf_changed":false,"_joinchat":[]},"product_brand":[],"product_cat":[1787],"product_tag":[],"class_list":{"0":"post-29382","1":"product","2":"type-product","3":"status-publish","4":"has-post-thumbnail","6":"product_cat-armbander","8":"first","9":"instock","10":"shipping-taxable","11":"purchasable","12":"product-type-simple"},"acf":[],"yoast_head":"<!-- This site is optimized with the Yoast SEO plugin v27.2 - https:\/\/yoast.com\/product\/yoast-seo-wordpress\/ -->\n<title>Hexenknoten und Augen Armband - Yasmin<\/title>\n<meta name=\"description\" content=\"Hexenknoten und Augen Armband, kombiniert das kraftvolle Symbol des Hexenknotens mit t\u00fcrkischen Augen, sch\u00fctzt vor dem b\u00f6sen Blick und zieht Gl\u00fcck an.\" \/>\n<meta name=\"robots\" content=\"index, follow, max-snippet:-1, max-image-preview:large, max-video-preview:-1\" \/>\n<link rel=\"canonical\" href=\"https:\/\/joyasyasmin.com\/de\/producto\/hexenknoten-und-augen-armband\/\" \/>\n<meta property=\"og:locale\" content=\"de_DE\" \/>\n<meta property=\"og:title\" content=\"Hexenknoten und Augen Armband - Yasmin\" \/>\n<meta property=\"og:description\" content=\"Hexenknoten und Augen Armband, kombiniert das kraftvolle Symbol des Hexenknotens mit t\u00fcrkischen Augen, sch\u00fctzt vor dem b\u00f6sen Blick und zieht Gl\u00fcck an.\" \/>\n<meta property=\"og:url\" content=\"https:\/\/joyasyasmin.com\/de\/producto\/hexenknoten-und-augen-armband\/\" \/>\n<meta property=\"og:site_name\" content=\"Yasmin\" \/>\n<meta property=\"article:publisher\" content=\"https:\/\/www.facebook.com\/Joyas-Yasmin-217664058934169\/\" \/>\n<meta property=\"article:modified_time\" content=\"2025-08-06T07:32:06+00:00\" \/>\n<meta property=\"og:image\" content=\"https:\/\/joyasyasmin.com\/wp-content\/uploads\/2025\/01\/pulsera-nudo-de-bruja-mix-color.jpg\" \/>\n\t<meta property=\"og:image:width\" content=\"1000\" \/>\n\t<meta property=\"og:image:height\" content=\"1000\" \/>\n\t<meta property=\"og:image:type\" content=\"image\/jpeg\" \/>\n<meta name=\"twitter:card\" content=\"summary_large_image\" \/>\n<script type=\"application\/ld+json\" class=\"yoast-schema-graph\">{\"@context\":\"https:\/\/schema.org\",\"@graph\":[{\"@type\":[\"WebPage\",\"ItemPage\"],\"@id\":\"https:\/\/joyasyasmin.com\/de\/producto\/hexenknoten-und-augen-armband\/\",\"url\":\"https:\/\/joyasyasmin.com\/de\/producto\/hexenknoten-und-augen-armband\/\",\"name\":\"Hexenknoten und Augen Armband - Yasmin\",\"isPartOf\":{\"@id\":\"https:\/\/joyasyasmin.com\/de\/#website\"},\"primaryImageOfPage\":{\"@id\":\"https:\/\/joyasyasmin.com\/de\/producto\/hexenknoten-und-augen-armband\/#primaryimage\"},\"image\":{\"@id\":\"https:\/\/joyasyasmin.com\/de\/producto\/hexenknoten-und-augen-armband\/#primaryimage\"},\"thumbnailUrl\":\"https:\/\/joyasyasmin.com\/wp-content\/uploads\/2025\/01\/pulsera-nudo-de-bruja-mix-color.jpg\",\"datePublished\":\"2025-01-14T20:28:19+00:00\",\"dateModified\":\"2025-08-06T07:32:06+00:00\",\"description\":\"Hexenknoten und Augen Armband, kombiniert das kraftvolle Symbol des Hexenknotens mit t\u00fcrkischen Augen, sch\u00fctzt vor dem b\u00f6sen Blick und zieht Gl\u00fcck an.\",\"breadcrumb\":{\"@id\":\"https:\/\/joyasyasmin.com\/de\/producto\/hexenknoten-und-augen-armband\/#breadcrumb\"},\"inLanguage\":\"de\",\"potentialAction\":[{\"@type\":\"ReadAction\",\"target\":[\"https:\/\/joyasyasmin.com\/de\/producto\/hexenknoten-und-augen-armband\/\"]}]},{\"@type\":\"ImageObject\",\"inLanguage\":\"de\",\"@id\":\"https:\/\/joyasyasmin.com\/de\/producto\/hexenknoten-und-augen-armband\/#primaryimage\",\"url\":\"https:\/\/joyasyasmin.com\/wp-content\/uploads\/2025\/01\/pulsera-nudo-de-bruja-mix-color.jpg\",\"contentUrl\":\"https:\/\/joyasyasmin.com\/wp-content\/uploads\/2025\/01\/pulsera-nudo-de-bruja-mix-color.jpg\",\"width\":1000,\"height\":1000,\"caption\":\"Hexenknoten Armband zum Verkauf Mix Farbe mit Augen aus 925 Sterling Silber\"},{\"@type\":\"BreadcrumbList\",\"@id\":\"https:\/\/joyasyasmin.com\/de\/producto\/hexenknoten-und-augen-armband\/#breadcrumb\",\"itemListElement\":[{\"@type\":\"ListItem\",\"position\":1,\"name\":\"Portada\",\"item\":\"https:\/\/joyasyasmin.com\/de\/heim\/\"},{\"@type\":\"ListItem\",\"position\":2,\"name\":\"Shop\",\"item\":\"https:\/\/joyasyasmin.com\/de\/shop\/\"},{\"@type\":\"ListItem\",\"position\":3,\"name\":\"Hexenknoten und Augen Armband\"}]},{\"@type\":\"WebSite\",\"@id\":\"https:\/\/joyasyasmin.com\/de\/#website\",\"url\":\"https:\/\/joyasyasmin.com\/de\/\",\"name\":\"Yasmin\",\"description\":\"Joyer\u00eda de Plata 925 - Pendientes, pulseras, anillos, colgantes y m\u00e1s!\",\"publisher\":{\"@id\":\"https:\/\/joyasyasmin.com\/de\/#organization\"},\"potentialAction\":[{\"@type\":\"SearchAction\",\"target\":{\"@type\":\"EntryPoint\",\"urlTemplate\":\"https:\/\/joyasyasmin.com\/de\/?s={search_term_string}\"},\"query-input\":{\"@type\":\"PropertyValueSpecification\",\"valueRequired\":true,\"valueName\":\"search_term_string\"}}],\"inLanguage\":\"de\"},{\"@type\":\"Organization\",\"@id\":\"https:\/\/joyasyasmin.com\/de\/#organization\",\"name\":\"joyas yasmin\",\"url\":\"https:\/\/joyasyasmin.com\/de\/\",\"logo\":{\"@type\":\"ImageObject\",\"inLanguage\":\"de\",\"@id\":\"https:\/\/joyasyasmin.com\/de\/#\/schema\/logo\/image\/\",\"url\":\"https:\/\/joyasyasmin.com\/wp-content\/uploads\/2017\/06\/IMG-20200429-WA0051.jpg\",\"contentUrl\":\"https:\/\/joyasyasmin.com\/wp-content\/uploads\/2017\/06\/IMG-20200429-WA0051.jpg\",\"width\":1080,\"height\":545,\"caption\":\"joyas yasmin\"},\"image\":{\"@id\":\"https:\/\/joyasyasmin.com\/de\/#\/schema\/logo\/image\/\"},\"sameAs\":[\"https:\/\/www.facebook.com\/Joyas-Yasmin-217664058934169\/\",\"https:\/\/www.instagram.com\/invites\/contact\/\"]}]}<\/script>\n<!-- \/ Yoast SEO plugin. -->","yoast_head_json":{"title":"Hexenknoten und Augen Armband - Yasmin","description":"Hexenknoten und Augen Armband, kombiniert das kraftvolle Symbol des Hexenknotens mit t\u00fcrkischen Augen, sch\u00fctzt vor dem b\u00f6sen Blick und zieht Gl\u00fcck an.","robots":{"index":"index","follow":"follow","max-snippet":"max-snippet:-1","max-image-preview":"max-image-preview:large","max-video-preview":"max-video-preview:-1"},"canonical":"https:\/\/joyasyasmin.com\/de\/producto\/hexenknoten-und-augen-armband\/","og_locale":"de_DE","og_title":"Hexenknoten und Augen Armband - Yasmin","og_description":"Hexenknoten und Augen Armband, kombiniert das kraftvolle Symbol des Hexenknotens mit t\u00fcrkischen Augen, sch\u00fctzt vor dem b\u00f6sen Blick und zieht Gl\u00fcck an.","og_url":"https:\/\/joyasyasmin.com\/de\/producto\/hexenknoten-und-augen-armband\/","og_site_name":"Yasmin","article_publisher":"https:\/\/www.facebook.com\/Joyas-Yasmin-217664058934169\/","article_modified_time":"2025-08-06T07:32:06+00:00","og_image":[{"width":1000,"height":1000,"url":"https:\/\/joyasyasmin.com\/wp-content\/uploads\/2025\/01\/pulsera-nudo-de-bruja-mix-color.jpg","type":"image\/jpeg"}],"twitter_card":"summary_large_image","schema":{"@context":"https:\/\/schema.org","@graph":[{"@type":["WebPage","ItemPage"],"@id":"https:\/\/joyasyasmin.com\/de\/producto\/hexenknoten-und-augen-armband\/","url":"https:\/\/joyasyasmin.com\/de\/producto\/hexenknoten-und-augen-armband\/","name":"Hexenknoten und Augen Armband - Yasmin","isPartOf":{"@id":"https:\/\/joyasyasmin.com\/de\/#website"},"primaryImageOfPage":{"@id":"https:\/\/joyasyasmin.com\/de\/producto\/hexenknoten-und-augen-armband\/#primaryimage"},"image":{"@id":"https:\/\/joyasyasmin.com\/de\/producto\/hexenknoten-und-augen-armband\/#primaryimage"},"thumbnailUrl":"https:\/\/joyasyasmin.com\/wp-content\/uploads\/2025\/01\/pulsera-nudo-de-bruja-mix-color.jpg","datePublished":"2025-01-14T20:28:19+00:00","dateModified":"2025-08-06T07:32:06+00:00","description":"Hexenknoten und Augen Armband, kombiniert das kraftvolle Symbol des Hexenknotens mit t\u00fcrkischen Augen, sch\u00fctzt vor dem b\u00f6sen Blick und zieht Gl\u00fcck an.","breadcrumb":{"@id":"https:\/\/joyasyasmin.com\/de\/producto\/hexenknoten-und-augen-armband\/#breadcrumb"},"inLanguage":"de","potentialAction":[{"@type":"ReadAction","target":["https:\/\/joyasyasmin.com\/de\/producto\/hexenknoten-und-augen-armband\/"]}]},{"@type":"ImageObject","inLanguage":"de","@id":"https:\/\/joyasyasmin.com\/de\/producto\/hexenknoten-und-augen-armband\/#primaryimage","url":"https:\/\/joyasyasmin.com\/wp-content\/uploads\/2025\/01\/pulsera-nudo-de-bruja-mix-color.jpg","contentUrl":"https:\/\/joyasyasmin.com\/wp-content\/uploads\/2025\/01\/pulsera-nudo-de-bruja-mix-color.jpg","width":1000,"height":1000,"caption":"Hexenknoten Armband zum Verkauf Mix Farbe mit Augen aus 925 Sterling Silber"},{"@type":"BreadcrumbList","@id":"https:\/\/joyasyasmin.com\/de\/producto\/hexenknoten-und-augen-armband\/#breadcrumb","itemListElement":[{"@type":"ListItem","position":1,"name":"Portada","item":"https:\/\/joyasyasmin.com\/de\/heim\/"},{"@type":"ListItem","position":2,"name":"Shop","item":"https:\/\/joyasyasmin.com\/de\/shop\/"},{"@type":"ListItem","position":3,"name":"Hexenknoten und Augen Armband"}]},{"@type":"WebSite","@id":"https:\/\/joyasyasmin.com\/de\/#website","url":"https:\/\/joyasyasmin.com\/de\/","name":"Yasmin","description":"Joyer\u00eda de Plata 925 - Pendientes, pulseras, anillos, colgantes y m\u00e1s!","publisher":{"@id":"https:\/\/joyasyasmin.com\/de\/#organization"},"potentialAction":[{"@type":"SearchAction","target":{"@type":"EntryPoint","urlTemplate":"https:\/\/joyasyasmin.com\/de\/?s={search_term_string}"},"query-input":{"@type":"PropertyValueSpecification","valueRequired":true,"valueName":"search_term_string"}}],"inLanguage":"de"},{"@type":"Organization","@id":"https:\/\/joyasyasmin.com\/de\/#organization","name":"joyas yasmin","url":"https:\/\/joyasyasmin.com\/de\/","logo":{"@type":"ImageObject","inLanguage":"de","@id":"https:\/\/joyasyasmin.com\/de\/#\/schema\/logo\/image\/","url":"https:\/\/joyasyasmin.com\/wp-content\/uploads\/2017\/06\/IMG-20200429-WA0051.jpg","contentUrl":"https:\/\/joyasyasmin.com\/wp-content\/uploads\/2017\/06\/IMG-20200429-WA0051.jpg","width":1080,"height":545,"caption":"joyas yasmin"},"image":{"@id":"https:\/\/joyasyasmin.com\/de\/#\/schema\/logo\/image\/"},"sameAs":["https:\/\/www.facebook.com\/Joyas-Yasmin-217664058934169\/","https:\/\/www.instagram.com\/invites\/contact\/"]}]}},"_links":{"self":[{"href":"https:\/\/joyasyasmin.com\/de\/wp-json\/wp\/v2\/product\/29382","targetHints":{"allow":["GET"]}}],"collection":[{"href":"https:\/\/joyasyasmin.com\/de\/wp-json\/wp\/v2\/product"}],"about":[{"href":"https:\/\/joyasyasmin.com\/de\/wp-json\/wp\/v2\/types\/product"}],"replies":[{"embeddable":true,"href":"https:\/\/joyasyasmin.com\/de\/wp-json\/wp\/v2\/comments?post=29382"}],"version-history":[{"count":1,"href":"https:\/\/joyasyasmin.com\/de\/wp-json\/wp\/v2\/product\/29382\/revisions"}],"predecessor-version":[{"id":29393,"href":"https:\/\/joyasyasmin.com\/de\/wp-json\/wp\/v2\/product\/29382\/revisions\/29393"}],"wp:featuredmedia":[{"embeddable":true,"href":"https:\/\/joyasyasmin.com\/de\/wp-json\/wp\/v2\/media\/29239"}],"wp:attachment":[{"href":"https:\/\/joyasyasmin.com\/de\/wp-json\/wp\/v2\/media?parent=29382"}],"wp:term":[{"taxonomy":"product_brand","embeddable":true,"href":"https:\/\/joyasyasmin.com\/de\/wp-json\/wp\/v2\/product_brand?post=29382"},{"taxonomy":"product_cat","embeddable":true,"href":"https:\/\/joyasyasmin.com\/de\/wp-json\/wp\/v2\/product_cat?post=29382"},{"taxonomy":"product_tag","embeddable":true,"href":"https:\/\/joyasyasmin.com\/de\/wp-json\/wp\/v2\/product_tag?post=29382"}],"curies":[{"name":"wp","href":"https:\/\/api.w.org\/{rel}","templated":true}]}}